{"id":226377,"date":"2026-04-22T16:20:51","date_gmt":"2026-04-22T16:20:51","guid":{"rendered":"https:\/\/citygame.com\/locations\/city-game-moldova\/"},"modified":"2026-04-22T16:20:51","modified_gmt":"2026-04-22T16:20:51","slug":"city-game-moldova","status":"publish","type":"page","link":"https:\/\/citygame.com\/it\/luoghi\/city-game-moldova\/","title":{"rendered":"City Game Moldova"},"content":{"rendered":"","protected":false},"excerpt":{"rendered":"","protected":false},"author":78,"featured_media":12101,"parent":225502,"menu_order":0,"comment_status":"closed","ping_status":"closed","template":"","meta":{"_acf_changed":false,"_yoast_wpseo_focuskw":"City Game Moldova","_yoast_wpseo_metadesc":"","_kad_blocks_custom_css":"","_kad_blocks_head_custom_js":"","_kad_blocks_body_custom_js":"","_kad_blocks_footer_custom_js":"","_kad_post_transparent":"","_kad_post_title":"","_kad_post_layout":"","_kad_post_sidebar_id":"","_kad_post_content_style":"","_kad_post_vertical_padding":"","_kad_post_feature":"","_kad_post_feature_position":"","_kad_post_header":false,"_kad_post_footer":false,"_kad_post_classname":"","footnotes":""},"cities-only-parent-location":[],"countries-only-parent-locations":[440],"seo_keyword":[],"cg_page_type":[44],"class_list":["post-226377","page","type-page","status-publish","has-post-thumbnail","hentry","countries-only-parent-locations-europe","cg_page_type-country-overview-page"],"acf":{"country_name":"Moldova","intro_text":"Gioca a City Games interattivi in Moldova e scopri le citt\u00e0 in modo divertente e coinvolgente. Risolvi enigmi, completa sfide ed esplora punti salienti insieme a gemme nascoste. Tutti i City Games sono autoguidati e giocabili sul tuo smartphone, quando vuoi.","intro_image":12102,"how_city_games_work_image":12103,"who_are_city_games_for_image":12104,"exploring_country_text":"Le citt\u00e0 della Moldova sono modellate da una combinazione di pianificazione sovietica funzionale e sviluppi pi\u00f9 tranquilli a scala umana. I centri urbani come Chi\u0219in\u0103u sono ampi e spesso sparsi, ma comunque percorribili nel loro nucleo. Il ritmo della vita cittadina tende ad essere calmo, creando un'atmosfera tranquilla nei quartieri residenziali, nei parchi e nei viali centrali.\n\nMuoversi tra le citt\u00e0 moldave spesso significa attraversare strade larghe punteggiate da piazze aperte e cluster di mercati pi\u00f9 piccoli, caff\u00e8 e blocchi di appartamenti. L'ambiente costruito riflette un contrasto tra strutture pi\u00f9 vecchie e sviluppi pi\u00f9 recenti, conferendo alle citt\u00e0 una sensazione stratificata e vissuta. Le reti di trasporto pubblico sono modeste ma forniscono accesso alla maggior parte delle aree urbane, sostenendo la mobilit\u00e0 quotidiana.\n\nLa vita in citt\u00e0 varia notevolmente tra le regioni, con Chi\u0219in\u0103u che offre un'esperienza pi\u00f9 ampia e metropolitana mentre citt\u00e0 pi\u00f9 piccole come B\u0103l\u021bi o Cahul mantengono un ritmo pi\u00f9 locale e familiare. Questa variet\u00e0 conferisce a ogni citt\u00e0 una identit\u00e0 distinta pur condividendo modelli comuni di vita pubblica rilassata, spazi verdi accessibili e un design urbano sobrio e funzionale.","exploring_country_image":12105,"faq_answer_1":"City Games sono disponibili in diverse citt\u00e0 in Moldova, offrendo esperienze sia nei grandi centri urbani sia in localit\u00e0 pi\u00f9 piccole. Ad esempio, \u00e8 possibile giocare nella capitale Chi\u0219in\u0103u, nonch\u00e9 in altre zone del paese.\n\nLa disponibilit\u00e0 non \u00e8 limitata a queste citt\u00e0 e la gamma di location continua a crescere.","select_country":525,"intro_h2_city_games_in_country":"City Games in Moldova","intro_usp_1":"1,5-2 ore di gioco","intro_usp_2":"3-4 km di camminata","intro_usp_3":"Inizia, metti in pausa e riprendi quando vuoi","intro_usp_4":"1-4 o 2-5 persone per smartphone, a seconda del tuo gioco","intro_usp_5":"Gioca in autonomia","intro_usp_6":"Connessione internet richiesta","intro_text_2":"Scegli la tua citt\u00e0 e inizia a giocare oggi!","intro_cta":"Scopri tutte le location","section_2_h2_choose_your_city_in_country":"Choose your city in Moldova","section_2_text_1":"City Games sono disponibili in citt\u00e0 in Moldova. Scegli una citt\u00e0 qui sotto per vedere quali City Games puoi giocare l\u00ec.\n","section_3_h2_all_city_game_locations_in_country":"All City Game locations in Moldova","section_4_h2_how_city_games_work_in_country":"How City Games Work in Moldova","section_4_text_1":"City Games in Moldova sono esperienze completamente autoguidate che ti permettono di esplorare una citt\u00e0 al tuo ritmo.","section_4_text_2":"Semplicemente scegli la tua citt\u00e0 e il tuo gioco, segui le istruzioni sul tuo smartphone e inizia a giocare quando ti \u00e8 comodo.","section_4_usp_1":"Gioca in squadre di amici, familiari o colleghi","section_4_usp_2":"Inizia quando vuoi, non serve una guida o personale","section_4_usp_3":"Usa il tuo smartphone o tablet","section_4_usp_4":"Attraversa la citt\u00e0 risolvendo enigmi e sfide","section_4_usp_5":"Scopri curiosit\u00e0 su storia, cultura e monumenti","section_4_usp_6":"Disponibile in multiple lingue","section_4_cta":"Scegli la tua citt\u00e0","section_4_step_1":"Book your City Game","section_4_step_1_title":"Book your City Game","section_4_step_1_text":"Scegli la tua citt\u00e0 e il tuo gioco e ricevi tutto istantaneamente dopo la prenotazione.","section_4_step_2":"Step 2","section_4_step_2_title":"Check your instructions","section_4_step_2_text":"Apri l'email delle istruzioni con il tuo punto di partenza e come iniziare a giocare.","section_4_step_3":"Step 3","section_4_step_3_title":"Go to the starting location","section_4_step_3_text":"Raggiungi il punto di partenza quando vuoi, senza orari fissi.","section_4_step_4":"Step 4","section_4_step_4_title":"Step 4","section_4_step_4_text":"Segui gli indizi, risolvi enigmi e esplora la citt\u00e0 al tuo ritmo!","section_5_h2_city_game_concepts_in_country":"City Game Concepts in Moldova","section_5_secrets_title":"Secrets of Exploration Game","section_5_secrets_text":"Scopri citt\u00e0 in modo divertente e interattivo con Secrets of Exploration City Game. Risolvi enigmi, affronta sfide creative e scopri sia luoghi famosi sia luoghi nascosti. Lungo il percorso, imparerai fatti sorprendenti sulla storia, sulla cultura e sulle storie locali mentre giochi al tuo ritmo.","section_5_syndicate_title":"The Syndicate City Escape Game","section_5_syndicate_text":"Entrate in un'entusiasmante avventura di fuga cittadina con The Syndicate. Lavorate insieme come una squadra per risolvere indovinelli, decifrare codici e recuperare formule rubate prima che scada il tempo. Questo City Game guidato dalla trama si concentra sul lavoro di squadra, sulla risoluzione di problemi e su un gameplay immersivo in un contesto urbano.","section_5_sherlock_title":"Sherlock Holmes Murder Mystery","section_5_sherlock_text":"Risolvi un mistero di omicidio interattivo nella Sherlock Holmes City Game. Segui una trama avvincente, interroga i sospetti e raccogli indizi per scoprire la verit\u00e0 dietro un caso misterioso. La citt\u00e0 funge da sfondo atmosferico per la storia, permettendoti di concentrarti pienamente su deduzione, logica e lavoro di squadra.","hours":"hours","concepts_cta":"Leggi di pi\u00f9 su questo gioco","section_5_text_2":"Ogni concetto \u00e8 disponibile in diverse citt\u00e0 della Moldova","section_5_cta":"Esplora tutti i City Games","section_6_h2_who_are_city_games_in_country_for":"Who are City Games in Moldova For?","section_6_text":"City Games in Moldova sono adatti a:","section_6_usp_1":"Giocatori singoli o piccoli gruppi in cerca di un'avventura flessibile","section_6_usp_2":"Turisti che esplorano le citt\u00e0 della Moldova","section_6_usp_3":"Amici e famiglie in cerca di un'attivit\u00e0 divertente","section_6_usp_4":"Aziende e team che pianificano un evento di teambuilding","section_6_usp_5":"Scegli la tua citt\u00e0","section_6_cta":"Scegli la tua citt\u00e0","section_7_h2_exploring_country":"Esplorando Moldavia","section_8_h2_hosted_games":"Your favourite City Games, professionally hosted by our team","section_8_text":"Goditi gli stessi City Games della versione autoguidata, ma con supporto on-site completo dai nostri host professionisti. Ci occupiamo del briefing, dei tablet, del coordinamento e del supporto tecnico, cos\u00ec il tuo gruppo pu\u00f2 concentrarsi interamente sul divertimento e sulla competizione.","section_8_text_2":"Affidato da team in tutto il mondo, dai piccoli gruppi a grandi eventi aziendali.","section_8_usp_1_title":"Same City Game, fully hosted","section_8_usp_1_text":"Puoi giocare la stessa esperienza della nostra versione autoguidata, ora guidata dai nostri host.","section_8_usp_2_title":"Live ranking & prize ceremony","section_8_usp_2_text":"Per gruppi pi\u00f9 grandi, i nostri host rivelano i punteggi finali e annunciano la squadra vincente con un momento di premio divertente.","section_8_usp_3_title":"Hosted start & finish","section_8_usp_3_text":"Le citt\u00e0 della Moldova sono plasmate da una combinazione di pianificazione sovietica funzionale e sviluppi a scala umana. I centri urbani come Chi\u0219in\u0103u sono spaziosi e spesso sparsi, ma comunque percorribili nel loro nucleo. Il ritmo della vita cittadina tende ad essere tranquillo, creando un'atmosfera serena nei quartieri residenziali, nei parchi e nei boulevards centrali.\n\nMuoversi attraverso le citt\u00e0 moldave significa spesso navigare strade ampie punteggiate da piazze aperte e cluster di mercati pi\u00f9 piccoli, caff\u00e8 e blocchi di appartamenti. L'ambiente costruito riflette un contrasto tra strutture pi\u00f9 vecchie e sviluppi pi\u00f9 recenti, conferendo alle citt\u00e0 una sensazione stratificata e vissuta. La rete di trasporto pubblico \u00e8 modesta ma fornisce accesso a gran parte delle aree urbane, sostenendo la mobilit\u00e0 quotidiana.\n\nLa vita cittadina varia notevolmente tra le regioni, con Chi\u0219in\u0103u che offre un'esperienza pi\u00f9 ampia e metropolitana, mentre citt\u00e0 pi\u00f9 piccole come B\u0103l\u021bi o Cahul mantengono un ritmo pi\u00f9 locale e familiare. Questa variet\u00e0 conferisce a ogni citt\u00e0 una identit\u00e0 distinta pur condividendo modelli comuni di vita pubblica rilassata, spazi verdi accessibili e un design urbano sobrio e funzionale.","section_8_usp_4_title":"Real-time support during the game","section_8_usp_4_text":"Il nostro team assiste con dispositivi, problemi dell'app e coordinamento durante l'esperienza.","section_8_usp_5_title":"Tablets included (optional)","section_8_usp_5_text":"Disponibile per gruppi che preferiscono usare i nostri dispositivi anzich\u00e9 i propri.","section_8_cta":"Pianifica il tuo evento di gruppo","section_9_h2_reviews":"What others think of our City Games","section_9_cta_1":"Tutte le recensioni","section_9_cta_2":"Scrivi una recensione","section_10_h2_faq":"Do you have questions? We have answers!","section_10_text":"Dai un'occhiata alle nostre domande frequenti e scopri tutto ci\u00f2 che vuoi sapere. La tua domanda non \u00e8 tra queste? Non esitare a contattarci.","section_10_cta_1":"Visualizza tutte le domande frequenti","section_10_cta_2":"Ottieni supporto","section_10_question_1":"In quali citt\u00e0 della Moldova posso giocare a un City Game?","section_10_question_2":"Ho bisogno di una guida per giocare a un City Game?","section_10_answer_2":"No, tutti i City Games sono <strong>fully self-guided<\/strong>! Non serve una guida o personale per giocare. Dopo la prenotazione, riceverai istruzioni chiare sul tuo smartphone cos\u00ec potrai iniziare non appena ti \u00e8 comodo!\r\n\r\nPer gruppi pi\u00f9 numerosi o eventi aziendali, \u00e8 disponibile anche una versione completamente hosted dei City Games, inclusa guida in loco, tablet e supporto live.\r\n\r\nHai in programma un gruppo pi\u00f9 grande o un evento corporate?","section_10_answer_2_cta":"Esplora l'esperienza City Game ospitata per gruppi","section_10_question_3":"Quanto tempo richiede un City Game?","section_10_answer_3":"La maggior parte dei City Games richiede <strong>circa 1,5-2 ore per completarli<\/strong>. Ci\u00f2 include camminare per la citt\u00e0, risolvere enigmi e completare sfide lungo il percorso. Puoi giocare completamente al tuo ritmo: non c'\u00e8 fretta n\u00e9 orari rigidi.\r\n\r\nSentiti libero di fare pause, mettere in pausa il gioco per un drink o pranzo, e continuare quando vuoi. Questa flessibilit\u00e0 rende facile combinare un City Game con le visite turistiche o altre attivit\u00e0.","section_10_question_4":"I City Games sono disponibili in pi\u00f9 lingue?","section_10_answer_4":"S\u00ec, i City Games sono <strong>disponibili in pi\u00f9 lingue<\/strong>. La maggior parte dei giochi pu\u00f2 essere giocata in diverse lingue comunemente usate, rendendoli adatti a visitatori internazionali e gruppi multilingue.\r\n\r\nLe lingue disponibili possono variare leggermente da gioco a gioco, ma la selezione della lingua \u00e8 sempre chiaramente mostrata prima di iniziare a giocare. Questo permette a ogni squadra di scegliere la lingua che le \u00e8 pi\u00f9 congeniale, garantendo un'esperienza fluida e piacevole per tutti.","section_10_question_5":"Possiamo giocare con un grande gruppo?","section_10_answer_5":"S\u00ec, i City Games sono <strong adatti sia per piccoli gruppi che per team pi\u00f9 grandi<\/strong>. Grandi gruppi possono facilmente suddividersi in squadre pi\u00f9 piccole e giocare al City Game contemporaneamente, usando pi\u00f9 smartphone. Ogni squadra gioca in modo indipendente, seguendo lo stesso concetto di gioco e la stessa trama.\r\n\r\nQuesto setup funziona bene per gruppi di amici, famiglie e aziende, e rende i City Games una scelta popolare per uscite di gruppo, eventi e attivit\u00e0 di teambuilding.\r\n\r\nPer gruppi numerosi o eventi aziendali, \u00e8 disponibile anche una versione completamente ospitata dei City Games, inclusa guida in loco, tablet e supporto live.\r\n\r\nStai pianificando un gruppo pi\u00f9 grande o un evento aziendale?","section_10_answer_5_cta":"Esplora l'esperienza City Game ospitata per gruppi","section_10_question_6":"Quando possiamo iniziare a giocare a un City Game?","section_10_answer_6":"Puoi iniziare a giocare <strong>quando ti \u00e8 comodo<\/strong>! I City Games non hanno un orario di inizio fisso, quindi sei libero di iniziare in un momento che si adatta al tuo programma.\r\n\r\nDopo la prenotazione, ricevi istruzioni chiare via email, permettendoti di iniziare il gioco in modo indipendente senza prenotazioni o coordinazioni con lo staff.\r\n\r\nQuesta flessibilit\u00e0 rende i City Games ideali da combinare con i piani di viaggio, visite turistiche, pranzo o altre attivit\u00e0 durante la giornata.","section_11_h2_instagram":"See more on Instagram","section_11_text":"Pronto per un'indimenticabile avventura in Moldova","section_11_cta":"Seguici su Instagram","section_12_h2_page_ending":"Ready for an unforgettable adventure in Moldova","section_12_text":"Esplora le citt\u00e0 della Moldova in modo unico e interattivo con i nostri City Games. Gioca oggi e crea ricordi duraturi!","section_12_cta":"Prenota ora il tuo City Game!"},"yoast_head":"<!-- This site is optimized with the Yoast SEO Premium plugin v26.2 (Yoast SEO v27.4) - https:\/\/yoast.com\/product\/yoast-seo-premium-wordpress\/ -->\n<title>City Game Moldova - City Game<\/title>\n<meta name=\"robots\" content=\"index, follow, max-snippet:-1, max-image-preview:large, max-video-preview:-1\" \/>\n<link rel=\"canonical\" href=\"https:\/\/citygame.com\/it\/luoghi\/city-game-moldova\/\" \/>\n<meta property=\"og:locale\" content=\"it_IT\" \/>\n<meta property=\"og:type\" content=\"article\" \/>\n<meta property=\"og:title\" content=\"City Game Moldova\" \/>\n<meta property=\"og:url\" content=\"https:\/\/citygame.com\/it\/luoghi\/city-game-moldova\/\" \/>\n<meta property=\"og:site_name\" content=\"City Game\" \/>\n<meta property=\"article:publisher\" content=\"https:\/\/www.facebook.com\/profile.php?id=100086426226253\" \/>\n<meta property=\"og:image\" content=\"https:\/\/citygame.com\/wp-content\/blogs.dir\/1\/files\/2026\/02\/moldova-orheiul-vechi-river-valley-sunset.jpg\" \/>\n\t<meta property=\"og:image:width\" content=\"1376\" \/>\n\t<meta property=\"og:image:height\" content=\"768\" \/>\n\t<meta property=\"og:image:type\" content=\"image\/jpeg\" \/>\n<meta name=\"twitter:card\" content=\"summary_large_image\" \/>\n<script type=\"application\/ld+json\" class=\"yoast-schema-graph\">{\"@context\":\"https:\\\/\\\/schema.org\",\"@graph\":[{\"@type\":\"WebPage\",\"@id\":\"https:\\\/\\\/citygame.com\\\/it\\\/luoghi\\\/city-game-moldova\\\/\",\"url\":\"https:\\\/\\\/citygame.com\\\/it\\\/luoghi\\\/city-game-moldova\\\/\",\"name\":\"City Game Moldova - City Game\",\"isPartOf\":{\"@id\":\"https:\\\/\\\/citygame.com\\\/it\\\/#website\"},\"primaryImageOfPage\":{\"@id\":\"https:\\\/\\\/citygame.com\\\/it\\\/luoghi\\\/city-game-moldova\\\/#primaryimage\"},\"image\":{\"@id\":\"https:\\\/\\\/citygame.com\\\/it\\\/luoghi\\\/city-game-moldova\\\/#primaryimage\"},\"thumbnailUrl\":\"https:\\\/\\\/citygame.com\\\/wp-content\\\/blogs.dir\\\/1\\\/files\\\/2026\\\/02\\\/moldova-orheiul-vechi-river-valley-sunset.jpg\",\"datePublished\":\"2026-04-22T16:20:51+00:00\",\"breadcrumb\":{\"@id\":\"https:\\\/\\\/citygame.com\\\/it\\\/luoghi\\\/city-game-moldova\\\/#breadcrumb\"},\"inLanguage\":\"it-IT\",\"potentialAction\":[{\"@type\":\"ReadAction\",\"target\":[\"https:\\\/\\\/citygame.com\\\/it\\\/luoghi\\\/city-game-moldova\\\/\"]}]},{\"@type\":\"ImageObject\",\"inLanguage\":\"it-IT\",\"@id\":\"https:\\\/\\\/citygame.com\\\/it\\\/luoghi\\\/city-game-moldova\\\/#primaryimage\",\"url\":\"https:\\\/\\\/citygame.com\\\/wp-content\\\/blogs.dir\\\/1\\\/files\\\/2026\\\/02\\\/moldova-orheiul-vechi-river-valley-sunset.jpg\",\"contentUrl\":\"https:\\\/\\\/citygame.com\\\/wp-content\\\/blogs.dir\\\/1\\\/files\\\/2026\\\/02\\\/moldova-orheiul-vechi-river-valley-sunset.jpg\",\"width\":1376,\"height\":768,\"caption\":\"The sun sets over the historic Orheiul Vechi cave monastery and the R\u0103ut river valley.\"},{\"@type\":\"BreadcrumbList\",\"@id\":\"https:\\\/\\\/citygame.com\\\/it\\\/luoghi\\\/city-game-moldova\\\/#breadcrumb\",\"itemListElement\":[{\"@type\":\"ListItem\",\"position\":1,\"name\":\"Home\",\"item\":\"https:\\\/\\\/citygame.com\\\/it\\\/\"},{\"@type\":\"ListItem\",\"position\":2,\"name\":\"Luoghi\",\"item\":\"https:\\\/\\\/citygame.com\\\/it\\\/luoghi\\\/\"},{\"@type\":\"ListItem\",\"position\":3,\"name\":\"City Game Moldova\"}]},{\"@type\":\"WebSite\",\"@id\":\"https:\\\/\\\/citygame.com\\\/it\\\/#website\",\"url\":\"https:\\\/\\\/citygame.com\\\/it\\\/\",\"name\":\"City Game\",\"description\":\"\",\"publisher\":{\"@id\":\"https:\\\/\\\/citygame.com\\\/it\\\/#organization\"},\"alternateName\":\"citygame.com\",\"potentialAction\":[{\"@type\":\"SearchAction\",\"target\":{\"@type\":\"EntryPoint\",\"urlTemplate\":\"https:\\\/\\\/citygame.com\\\/it\\\/?s={search_term_string}\"},\"query-input\":{\"@type\":\"PropertyValueSpecification\",\"valueRequired\":true,\"valueName\":\"search_term_string\"}}],\"inLanguage\":\"it-IT\"},{\"@type\":\"Organization\",\"@id\":\"https:\\\/\\\/citygame.com\\\/it\\\/#organization\",\"name\":\"City Game\",\"alternateName\":\"citygame.com\",\"url\":\"https:\\\/\\\/citygame.com\\\/it\\\/\",\"logo\":{\"@type\":\"ImageObject\",\"inLanguage\":\"it-IT\",\"@id\":\"https:\\\/\\\/citygame.com\\\/it\\\/#\\\/schema\\\/logo\\\/image\\\/\",\"url\":\"https:\\\/\\\/citygame.com\\\/wp-content\\\/blogs.dir\\\/1\\\/files\\\/2025\\\/10\\\/CG_LOGO-City-Game.png\",\"contentUrl\":\"https:\\\/\\\/citygame.com\\\/wp-content\\\/blogs.dir\\\/1\\\/files\\\/2025\\\/10\\\/CG_LOGO-City-Game.png\",\"width\":351,\"height\":377,\"caption\":\"City Game\"},\"image\":{\"@id\":\"https:\\\/\\\/citygame.com\\\/it\\\/#\\\/schema\\\/logo\\\/image\\\/\"},\"sameAs\":[\"https:\\\/\\\/www.facebook.com\\\/profile.php?id=100086426226253\",\"https:\\\/\\\/www.instagram.com\\\/citygame_com\",\"https:\\\/\\\/www.tiktok.com\\\/@citygamecom\\\/\",\"https:\\\/\\\/www.linkedin.com\\\/company\\\/citygame-com\"],\"description\":\"Turn any city into a playground with our interactive City Games and self-guided tours. Fun, flexible, and ideal for groups and team building.\"}]}<\/script>\n<!-- \/ Yoast SEO Premium plugin. -->","yoast_head_json":{"title":"City Game Moldova - City Game","robots":{"index":"index","follow":"follow","max-snippet":"max-snippet:-1","max-image-preview":"max-image-preview:large","max-video-preview":"max-video-preview:-1"},"canonical":"https:\/\/citygame.com\/it\/luoghi\/city-game-moldova\/","og_locale":"it_IT","og_type":"article","og_title":"City Game Moldova","og_url":"https:\/\/citygame.com\/it\/luoghi\/city-game-moldova\/","og_site_name":"City Game","article_publisher":"https:\/\/www.facebook.com\/profile.php?id=100086426226253","og_image":[{"width":1376,"height":768,"url":"https:\/\/citygame.com\/wp-content\/blogs.dir\/1\/files\/2026\/02\/moldova-orheiul-vechi-river-valley-sunset.jpg","type":"image\/jpeg"}],"twitter_card":"summary_large_image","schema":{"@context":"https:\/\/schema.org","@graph":[{"@type":"WebPage","@id":"https:\/\/citygame.com\/it\/luoghi\/city-game-moldova\/","url":"https:\/\/citygame.com\/it\/luoghi\/city-game-moldova\/","name":"City Game Moldova - City Game","isPartOf":{"@id":"https:\/\/citygame.com\/it\/#website"},"primaryImageOfPage":{"@id":"https:\/\/citygame.com\/it\/luoghi\/city-game-moldova\/#primaryimage"},"image":{"@id":"https:\/\/citygame.com\/it\/luoghi\/city-game-moldova\/#primaryimage"},"thumbnailUrl":"https:\/\/citygame.com\/wp-content\/blogs.dir\/1\/files\/2026\/02\/moldova-orheiul-vechi-river-valley-sunset.jpg","datePublished":"2026-04-22T16:20:51+00:00","breadcrumb":{"@id":"https:\/\/citygame.com\/it\/luoghi\/city-game-moldova\/#breadcrumb"},"inLanguage":"it-IT","potentialAction":[{"@type":"ReadAction","target":["https:\/\/citygame.com\/it\/luoghi\/city-game-moldova\/"]}]},{"@type":"ImageObject","inLanguage":"it-IT","@id":"https:\/\/citygame.com\/it\/luoghi\/city-game-moldova\/#primaryimage","url":"https:\/\/citygame.com\/wp-content\/blogs.dir\/1\/files\/2026\/02\/moldova-orheiul-vechi-river-valley-sunset.jpg","contentUrl":"https:\/\/citygame.com\/wp-content\/blogs.dir\/1\/files\/2026\/02\/moldova-orheiul-vechi-river-valley-sunset.jpg","width":1376,"height":768,"caption":"The sun sets over the historic Orheiul Vechi cave monastery and the R\u0103ut river valley."},{"@type":"BreadcrumbList","@id":"https:\/\/citygame.com\/it\/luoghi\/city-game-moldova\/#breadcrumb","itemListElement":[{"@type":"ListItem","position":1,"name":"Home","item":"https:\/\/citygame.com\/it\/"},{"@type":"ListItem","position":2,"name":"Luoghi","item":"https:\/\/citygame.com\/it\/luoghi\/"},{"@type":"ListItem","position":3,"name":"City Game Moldova"}]},{"@type":"WebSite","@id":"https:\/\/citygame.com\/it\/#website","url":"https:\/\/citygame.com\/it\/","name":"City Game","description":"","publisher":{"@id":"https:\/\/citygame.com\/it\/#organization"},"alternateName":"citygame.com","potentialAction":[{"@type":"SearchAction","target":{"@type":"EntryPoint","urlTemplate":"https:\/\/citygame.com\/it\/?s={search_term_string}"},"query-input":{"@type":"PropertyValueSpecification","valueRequired":true,"valueName":"search_term_string"}}],"inLanguage":"it-IT"},{"@type":"Organization","@id":"https:\/\/citygame.com\/it\/#organization","name":"City Game","alternateName":"citygame.com","url":"https:\/\/citygame.com\/it\/","logo":{"@type":"ImageObject","inLanguage":"it-IT","@id":"https:\/\/citygame.com\/it\/#\/schema\/logo\/image\/","url":"https:\/\/citygame.com\/wp-content\/blogs.dir\/1\/files\/2025\/10\/CG_LOGO-City-Game.png","contentUrl":"https:\/\/citygame.com\/wp-content\/blogs.dir\/1\/files\/2025\/10\/CG_LOGO-City-Game.png","width":351,"height":377,"caption":"City Game"},"image":{"@id":"https:\/\/citygame.com\/it\/#\/schema\/logo\/image\/"},"sameAs":["https:\/\/www.facebook.com\/profile.php?id=100086426226253","https:\/\/www.instagram.com\/citygame_com","https:\/\/www.tiktok.com\/@citygamecom\/","https:\/\/www.linkedin.com\/company\/citygame-com"],"description":"Turn any city into a playground with our interactive City Games and self-guided tours. Fun, flexible, and ideal for groups and team building."}]}},"taxonomy_info":{"countries-only-parent-locations":[{"value":440,"label":"Europe"}],"cg_page_type":[{"value":44,"label":"Country overview page"}]},"featured_image_src_large":["https:\/\/citygame.com\/wp-content\/blogs.dir\/1\/files\/2026\/02\/moldova-orheiul-vechi-river-valley-sunset-1024x572.jpg",1024,572,true],"author_info":{"display_name":"Philip","author_link":"https:\/\/citygame.com\/it\/blog\/author\/sophi2\/"},"comment_info":0,"wpml_current_locale":"it_IT","wpml_translations":{"nl_NL":{"locale":"nl_NL","id":226344,"slug":"city-game-moldova","post_title":"City Game Moldova","href":"https:\/\/citygame.com\/nl\/locaties\/city-game-moldova\/"},"en_US":{"locale":"en_US","id":12106,"slug":"moldova","post_title":"City Game Moldova","href":"https:\/\/citygame.com\/locations\/moldova\/"},"fr_FR":{"locale":"fr_FR","id":226370,"slug":"city-game-moldavie","post_title":"City Game Moldavie","href":"https:\/\/citygame.com\/fr\/emplacements\/city-game-moldavie\/"},"de_DE":{"locale":"de_DE","id":226354,"slug":"city-game-moldova","post_title":"City Game Moldova","href":"https:\/\/citygame.com\/de\/standorte\/city-game-moldova\/"},"it_IT":{"locale":"it_IT","translation":"current"},"es_ES":{"locale":"es_ES","id":226362,"slug":"city-game-moldova","post_title":"City Game Moldova","href":"https:\/\/citygame.com\/es\/localizaciones\/city-game-moldova\/"}},"_links":{"self":[{"href":"https:\/\/citygame.com\/it\/wp-json\/wp\/v2\/pages\/226377","targetHints":{"allow":["GET"]}}],"collection":[{"href":"https:\/\/citygame.com\/it\/wp-json\/wp\/v2\/pages"}],"about":[{"href":"https:\/\/citygame.com\/it\/wp-json\/wp\/v2\/types\/page"}],"author":[{"embeddable":true,"href":"https:\/\/citygame.com\/it\/wp-json\/wp\/v2\/users\/78"}],"replies":[{"embeddable":true,"href":"https:\/\/citygame.com\/it\/wp-json\/wp\/v2\/comments?post=226377"}],"version-history":[{"count":0,"href":"https:\/\/citygame.com\/it\/wp-json\/wp\/v2\/pages\/226377\/revisions"}],"up":[{"embeddable":true,"href":"https:\/\/citygame.com\/it\/wp-json\/wp\/v2\/pages\/225502"}],"acf:term":[{"embeddable":true,"taxonomy":"cities-only-parent-location","href":"https:\/\/citygame.com\/it\/wp-json\/wp\/v2\/cities-only-parent-location\/525"}],"wp:featuredmedia":[{"embeddable":true,"href":"https:\/\/citygame.com\/it\/wp-json\/wp\/v2\/media\/12101"}],"wp:attachment":[{"href":"https:\/\/citygame.com\/it\/wp-json\/wp\/v2\/media?parent=226377"}],"wp:term":[{"taxonomy":"cities-only-parent-location","embeddable":true,"href":"https:\/\/citygame.com\/it\/wp-json\/wp\/v2\/cities-only-parent-location?post=226377"},{"taxonomy":"countries-only-parent-locations","embeddable":true,"href":"https:\/\/citygame.com\/it\/wp-json\/wp\/v2\/countries-only-parent-locations?post=226377"},{"taxonomy":"seo_keyword","embeddable":true,"href":"https:\/\/citygame.com\/it\/wp-json\/wp\/v2\/seo_keyword?post=226377"},{"taxonomy":"cg_page_type","embeddable":true,"href":"https:\/\/citygame.com\/it\/wp-json\/wp\/v2\/cg_page_type?post=226377"}],"curies":[{"name":"wp","href":"https:\/\/api.w.org\/{rel}","templated":true}]}}