{"id":226493,"date":"2026-04-22T16:56:22","date_gmt":"2026-04-22T16:56:22","guid":{"rendered":"https:\/\/citygame.com\/locations\/city-game-marocco\/"},"modified":"2026-04-22T16:56:22","modified_gmt":"2026-04-22T16:56:22","slug":"city-game-marocco","status":"publish","type":"page","link":"https:\/\/citygame.com\/it\/luoghi\/city-game-marocco\/","title":{"rendered":"City Game Marocco"},"content":{"rendered":"","protected":false},"excerpt":{"rendered":"","protected":false},"author":78,"featured_media":9328,"parent":225502,"menu_order":0,"comment_status":"closed","ping_status":"closed","template":"","meta":{"_acf_changed":false,"_yoast_wpseo_focuskw":"City Game Marocco","_yoast_wpseo_metadesc":"","_kad_blocks_custom_css":"","_kad_blocks_head_custom_js":"","_kad_blocks_body_custom_js":"","_kad_blocks_footer_custom_js":"","_kad_post_transparent":"","_kad_post_title":"","_kad_post_layout":"","_kad_post_sidebar_id":"","_kad_post_content_style":"","_kad_post_vertical_padding":"","_kad_post_feature":"","_kad_post_feature_position":"","_kad_post_header":false,"_kad_post_footer":false,"_kad_post_classname":"","footnotes":""},"cities-only-parent-location":[],"countries-only-parent-locations":[442],"seo_keyword":[],"cg_page_type":[44],"class_list":["post-226493","page","type-page","status-publish","has-post-thumbnail","hentry","countries-only-parent-locations-africa","cg_page_type-country-overview-page"],"acf":{"country_name":"Marocco","intro_text":"Gioca a City Games interattive in Marocco e scopri le citt\u00e0 in modo divertente e coinvolgente. Risolvi enigmi, affronta sfide e scopri punti salienti cos\u00ec come gemme nascoste. Tutti City Games sono autoguidati e giocabili sul tuo smartphone, quando vuoi.","intro_image":9335,"how_city_games_work_image":9337,"who_are_city_games_for_image":9342,"exploring_country_text":"Le citt\u00e0 marocchine sono definite dalle loro texture stratificate, layout densi e un forte senso del ritmo nella vita quotidiana. Medine murate, vicoli stretti e piazze aperte creano ambienti urbani compatti che incoraggiano gli spostamenti a piedi. La vicinanza di mercati, case e spazi pubblici rende la vita cittadina immediata e dinamica. \n\nLa percorribilit\u00e0 delle citt\u00e0 marocchine varia: i quartieri tradizionali offrono percorsi pedonali, mentre i nuovi sviluppi introducono layout pi\u00f9 orientati all\u2019auto. Eppure il contrasto tra vecchio e nuovo spesso coesiste, permettendo esperienze simultanee di profondit\u00e0 storica e flusso moderno. La vita urbana si svolge in spazi pubblici, dai caff\u00e8 locali ai cortili comunitari, dove il movimento \u00e8 costante e l\u2019interazione sociale fa parte dell\u2019esperienza.\n\nCitt\u00e0 diverse in Marocco offrono atmosfere urbane distinte. Fez e Marrakech vantano medine dense e labirintiche, mentre citt\u00e0 come Rabat e Casablanca presentano viali pi\u00f9 ampi e infrastrutture moderne. Questa diversit\u00e0 modella la percezione di ogni citt\u00e0 durante l\u2019esplorazione, offrendo prospettive diverse sulla vita marocchina attraverso la sua forma urbanistica.","exploring_country_image":9346,"faq_answer_1":"I City Games sono disponibili in diverse citt\u00e0 del Marocco, offrendo esperienze sia in centri urbani famosi sia in localit\u00e0 pi\u00f9 piccole. Citt\u00e0 popolari come Casablanca e Marrakech sono incluse, cos\u00ec come destinazioni meno ovvie come Al Hoceima.\n\nQuesta variet\u00e0 significa che i City Games possono essere goduti in una vasta gamma di contesti nel paese, ma la disponibilit\u00e0 non \u00e8 limitata a sole queste citt\u00e0.","select_country":507,"intro_h2_city_games_in_country":"City Games in Marocco","intro_usp_1":"1,5-2 ore di gioco","intro_usp_2":"3-4 km di camminata","intro_usp_3":"Inizia, metti in pausa e riprendi quando vuoi","intro_usp_4":"1-4 o 2-5 persone per smartphone, a seconda del tuo gioco","intro_usp_5":"Gioca in autonomia","intro_usp_6":"Connessione Internet richiesta","intro_text_2":"Scegli la tua citt\u00e0 e inizia a giocare oggi!","intro_cta":"Controlla tutte le localit\u00e0","section_2_h2_choose_your_city_in_country":"Scegli la tua citt\u00e0 in Marocco","section_2_text_1":"I City Games sono disponibili in citt\u00e0 in tutto il Marocco. Scegli una citt\u00e0 qui sotto per vedere quali City Games puoi giocare l\u00ec.\n","section_3_h2_all_city_game_locations_in_country":"Tutte le localit\u00e0 di City Game in Marocco","section_4_h2_how_city_games_work_in_country":"Come funzionano City Games in Marocco","section_4_text_1":"I City Games in Marocco sono esperienze completamente autoguidate che ti permettono di esplorare una citt\u00e0 al tuo ritmo.","section_4_text_2":"Semplicemente scegli la tua citt\u00e0 e il tuo gioco, segui le istruzioni sul tuo smartphone e inizia a giocare quando ti \u00e8 comodo.","section_4_usp_1":"Gioca in squadre di amici, familiari o colleghi","section_4_usp_2":"Inizia quando vuoi, nessuna guida o staff necessaria","section_4_usp_3":"Usa il tuo smartphone o tablet","section_4_usp_4":"Cammina per la citt\u00e0 risolvendo enigmi e sfide","section_4_usp_5":"Scopri curiosit\u00e0 su storia, cultura e monumenti","section_4_usp_6":"Disponibile in pi\u00f9 lingue","section_4_cta":"Scegli la tua citt\u00e0","section_4_step_1":"Prenota il tuo City Game","section_4_step_1_title":"Prenota il tuo City Game","section_4_step_1_text":"Scegli la tua citt\u00e0 e il tuo gioco e ricevi tutto immediatamente dopo la prenotazione.","section_4_step_2":"Fase 2","section_4_step_2_title":"Controlla le istruzioni","section_4_step_2_text":"Apri l\u2019email delle istruzioni con il punto di partenza e come iniziare a giocare.","section_4_step_3":"Fase 3","section_4_step_3_title":"Vai al punto di partenza","section_4_step_3_text":"Raggiungi il punto di partenza quando vuoi, senza orari fissi.","section_4_step_4":"<strong>4. Esplora & Divertiti<\/strong>","section_4_step_4_title":"Fase 4","section_4_step_4_text":"Segui gli indizi, risolvi enigmi ed esplora la citt\u00e0 al tuo ritmo!","section_5_h2_city_game_concepts_in_country":"City Game Concepts in Marocco","section_5_secrets_title":"Secrets of Esplorazione Game","section_5_secrets_text":"Scopri citt\u00e0 in modo divertente e interattivo con Secrets of Esplorazione City Game. Risolvi enigmi, completa sfide creative e scopri sia punti salienti famosi sia luoghi nascosti. Lungo il percorso, imparerai fatti sorprendenti su storia, cultura e racconti locali mentre giochi al tuo ritmo.","section_5_syndicate_title":"The Syndicate City Escape Game","section_5_syndicate_text":"Entra in una emozionante avventura di fuga cittadina con The Syndicate. Lavora come squadra per risolvere indovinelli, decifrare codici e recuperare formule rubate prima che scada il tempo. Questo City Game guidato dalla storia si concentra sul lavoro di squadra, sulla risoluzione di problemi e su un gameplay coinvolgente in un contesto urbano.","section_5_sherlock_title":"Sherlock Holmes Murder Mystery","section_5_sherlock_text":"Risolvi un mistero di omicidio interattivo nel Sherlock Holmes City Game. Segui una trama avvincente, interroga i sospetti e raccogli indizi per scoprire la verit\u00e0 dietro un caso misterioso. La citt\u00e0 crea uno sfondo atmosferico per la storia, permettendoti di concentrarti sulla deduzione, sulla logica e sul lavoro di squadra.","hours":"ore","concepts_cta":"Leggi di pi\u00f9 su questo gioco","section_5_text_2":"Ogni concetto \u00e8 disponibile in diverse citt\u00e0 del Marocco","section_5_cta":"Esplora tutti i City Games","section_6_h2_who_are_city_games_in_country_for":"Per chi sono i City Games in Marocco?","section_6_text":"I City Games in Marocco sono adatti a:","section_6_usp_1":"Giocatori singoli o piccoli gruppi in cerca di un'avventura flessibile","section_6_usp_2":"Turisti che esplorano le citt\u00e0 del Marocco","section_6_usp_3":"Amici e famiglie in cerca di un'attivit\u00e0 divertente","section_6_usp_4":"Aziende e team che pianificano un evento di teambuilding","section_6_usp_5":"Scegli la tua citt\u00e0","section_6_cta":"Scegli la tua citt\u00e0","section_7_h2_exploring_country":"Esplorando il Marocco","section_8_h2_hosted_games":"I tuoi City Games preferiti, ospitati professionalmente dal nostro team","section_8_text":"Goditi gli stessi City Games della versione autoguidata, ma con pieno supporto on-site dai nostri host professionisti. Ci occupiamo di briefing, tablet, coordinazione e supporto tecnico, cos\u00ec il tuo gruppo pu\u00f2 concentrarsi interamente sul divertimento e sulla competizione.","section_8_text_2":"Affidabili per team in tutto il mondo, dai piccoli gruppi a grandi eventi aziendali.","section_8_usp_1_title":"Stesso City Game, completamente ospitato","section_8_usp_1_text":"Giochi la stessa esperienza della nostra versione autoguidata, ora guidata dai nostri host.","section_8_usp_2_title":"Classifica in tempo reale & cerimonia dei premi","section_8_usp_2_text":"Per gruppi pi\u00f9 grandi, i nostri host rivelano i punteggi finali e annunciano la squadra vincente con un momento di premio divertente.","section_8_usp_3_title":"Inizio & fine ospitati","section_8_usp_3_text":"Le citt\u00e0 marocchine sono definite dalle loro texture stratificate, layout densi e un forte senso del ritmo nella vita quotidiana. Medine murate, vicoli stretti e piazze aperte creano ambienti urbani compatti che incoraggiano gli spostamenti a piedi. La vicinanza di mercati, case e spazi pubblici rende la vita cittadina immediata e dinamica.\n\nLa percorribilit\u00e0 delle citt\u00e0 marocchine varia, con quartieri tradizionali che offrono percorsi pedonali, mentre i nuovi sviluppi introducono layout pi\u00f9 orientati all\u2019auto. Eppure il contrasto tra vecchio e nuovo spesso coesiste, permettendo esperienze simultanee di profondit\u00e0 storica e flusso moderno. La vita urbana si svolge in spazi pubblici, dai caff\u00e8 locali ai cortili comunitari, dove il movimento \u00e8 costante e l\u2019interazione sociale fa parte dell\u2019esperienza.\n\nCitt\u00e0 diverse in Marocco offrono atmosfere urbane distinte. Fez e Marrakech vantano medine dense e labirintiche, mentre citt\u00e0 come Rabat e Casablanca presentano viali pi\u00f9 ampi e infrastrutture moderne. Questa diversit\u00e0 modella la percezione di ogni citt\u00e0 durante l\u2019esplorazione, offrendo prospettive diverse sulla vita marocchina attraverso la sua forma urbanistica.","section_8_usp_4_title":"Supporto in tempo reale durante il gioco","section_8_usp_4_text":"Il nostro team assiste con dispositivi, problemi dell\u2019app e coordinamento durante l\u2019esperienza.","section_8_usp_5_title":"Tablet inclusi (opzionali)","section_8_usp_5_text":"Disponibile per gruppi che preferiscono utilizzare i nostri dispositivi invece dei propri.","section_8_cta":"Pianifica il tuo evento di gruppo","section_9_h2_reviews":"Cosa ne pensano gli altri dei nostri City Games","section_9_cta_1":"Tutte le recensioni","section_9_cta_2":"Scrivi una recensione","section_10_h2_faq":"Hai domande? Abbiamo risposte!","section_10_text":" Dai un\u2019occhiata alle nostre domande frequenti e scopri tutto ci\u00f2 che vuoi sapere. La tua domanda non \u00e8 tra queste? Sentiti libero di contattarci.","section_10_cta_1":"Visualizza tutte le domande frequenti","section_10_cta_2":"Ottieni supporto","section_10_question_1":"In quali citt\u00e0 del Marocco posso giocare a City Game?","section_10_question_2":"Ho bisogno di una guida per giocare a City Game?","section_10_answer_2":"No, tutti i City Games sono <strong>autoguidati<\/strong>! Non serve una guida o uno staff per giocare. Dopo la prenotazione, riceverai istruzioni chiare sul tuo smartphone in modo da poter iniziare non appena ti \u00e8 comodo!\r\n\r\nPer gruppi pi\u00f9 grandi o eventi aziendali \u00e8 disponibile anche una versione completamente ospitata dei nostri City Games, inclusa guida sul posto, tablet e supporto live.\r\n\r\nStai pianificando un gruppo pi\u00f9 numeroso o un evento aziendale?","section_10_answer_2_cta":"Esplora l\u2019esperienza City Game ospitata per gruppi","section_10_question_3":"Quanto tempo richiede un City Game?","section_10_answer_3":"La maggior parte dei City Games richiede <strong>circa 1,5-2 ore per completarlo<\/strong>. Questo include camminare per la citt\u00e0, risolvere enigmi e completare sfide lungo il percorso. Puoi giocare completamente al tuo ritmo: non c'\u00e8 fretta di tempo e nessun orario rigido.\r\n\r\nSentiti libero di fare pause, mettere in pausa il gioco per una bevanda o pranzo, e continuare quando vuoi. Questa flessibilit\u00e0 rende i City Games ideali da abbinare a sightseeing o ad altre attivit\u00e0.","section_10_question_4":"I City Games sono disponibili in pi\u00f9 lingue?","section_10_answer_4":"S\u00ec, i City Games sono <strong>disponibili in pi\u00f9 lingue<\/strong>. La maggior parte dei giochi pu\u00f2 essere giocata in diverse lingue comunemente usate, rendendoli adatti a visitatori internazionali e gruppi multilingue.\r\n\r\nLe lingue disponibili possono variare leggermente da gioco a gioco, ma la selezione della lingua \u00e8 sempre chiaramente visibile prima di iniziare a giocare. Questo permette a ogni squadra di scegliere la lingua che le si addice di pi\u00f9, garantendo un\u2019esperienza fluida e piacevole per tutti.","section_10_question_5":"Possiamo giocare con un grande gruppo?","section_10_answer_5":"S\u00ec, i City Games sono <strong>adatti sia per piccoli gruppi che per team pi\u00f9 grandi<\/strong>. I gruppi numerosi possono facilmente suddividersi in squadre pi\u00f9 piccole e giocare al City Game contemporaneamente, usando pi\u00f9 smartphone. Ogni squadra gioca in modo indipendente, seguendo lo stesso concetto di gioco e la stessa storia.\r\n\r\nQuesto allestimento funziona bene per gruppi di amici, famiglie e aziende, e rende i City Games una scelta popolare per uscite di gruppo, eventi e attivit\u00e0 di teambuilding.\r\n\r\nPer gruppi pi\u00f9 grandi o eventi aziendali, \u00e8 disponibile anche una versione completamente ospitata dei nostri City Games, inclusa guida sul posto, tablet e supporto live.\r\n\r\nStai pianificando un gruppo pi\u00f9 numeroso o un evento aziendale?","section_10_answer_5_cta":"Esplora l\u2019esperienza City Game ospitata per gruppi","section_10_question_6":"Quando possiamo iniziare a giocare a City Game?","section_10_answer_6":"Puoi iniziare a giocare <strong>quando ti \u00e8 comodo<\/strong>! I City Games non hanno un orario di inizio fisso, quindi puoi iniziare nel momento pi\u00f9 adatto al tuo programma.\r\n\r\nDopo la prenotazione, ricevi istruzioni chiare via email, permettendoti di iniziare il gioco in modo indipendente senza alcuna prenotazione o coordinazione con lo staff.\r\n\r\nQuesta flessibilit\u00e0 rende i City Games ideali da combinare con piani di viaggio, visite turistiche, pranzo o altre attivit\u00e0 durante la giornata.","section_11_h2_instagram":"Vedi di pi\u00f9 su Instagram","section_11_text":"Pronto per una indimenticabile avventura in Marocco","section_11_cta":"Seguici su Instagram","section_12_h2_page_ending":"Pronto per una indimenticabile avventura in Marocco","section_12_text":"Esplora le citt\u00e0 del Marocco in modo unico e interattivo con i nostri City Games. Gioca oggi e crea ricordi duraturi!","section_12_cta":"Prenota ora il tuo City Game!"},"yoast_head":"<!-- This site is optimized with the Yoast SEO Premium plugin v26.2 (Yoast SEO v27.4) - https:\/\/yoast.com\/product\/yoast-seo-premium-wordpress\/ -->\n<title>City Game Marocco - City Game<\/title>\n<meta name=\"robots\" content=\"index, follow, max-snippet:-1, max-image-preview:large, max-video-preview:-1\" \/>\n<link rel=\"canonical\" href=\"https:\/\/citygame.com\/it\/luoghi\/city-game-marocco\/\" \/>\n<meta property=\"og:locale\" content=\"it_IT\" \/>\n<meta property=\"og:type\" content=\"article\" \/>\n<meta property=\"og:title\" content=\"City Game Marocco\" \/>\n<meta property=\"og:url\" content=\"https:\/\/citygame.com\/it\/luoghi\/city-game-marocco\/\" \/>\n<meta property=\"og:site_name\" content=\"City Game\" \/>\n<meta property=\"article:publisher\" content=\"https:\/\/www.facebook.com\/profile.php?id=100086426226253\" \/>\n<meta property=\"og:image\" content=\"https:\/\/citygame.com\/wp-content\/blogs.dir\/1\/files\/2026\/01\/morocco-marrakech-koutoubia-mosque-sunset.jpg\" \/>\n\t<meta property=\"og:image:width\" content=\"1376\" \/>\n\t<meta property=\"og:image:height\" content=\"768\" \/>\n\t<meta property=\"og:image:type\" content=\"image\/jpeg\" \/>\n<meta name=\"twitter:card\" content=\"summary_large_image\" \/>\n<script type=\"application\/ld+json\" class=\"yoast-schema-graph\">{\"@context\":\"https:\\\/\\\/schema.org\",\"@graph\":[{\"@type\":\"WebPage\",\"@id\":\"https:\\\/\\\/citygame.com\\\/it\\\/luoghi\\\/city-game-marocco\\\/\",\"url\":\"https:\\\/\\\/citygame.com\\\/it\\\/luoghi\\\/city-game-marocco\\\/\",\"name\":\"City Game Marocco - City Game\",\"isPartOf\":{\"@id\":\"https:\\\/\\\/citygame.com\\\/it\\\/#website\"},\"primaryImageOfPage\":{\"@id\":\"https:\\\/\\\/citygame.com\\\/it\\\/luoghi\\\/city-game-marocco\\\/#primaryimage\"},\"image\":{\"@id\":\"https:\\\/\\\/citygame.com\\\/it\\\/luoghi\\\/city-game-marocco\\\/#primaryimage\"},\"thumbnailUrl\":\"https:\\\/\\\/citygame.com\\\/wp-content\\\/blogs.dir\\\/1\\\/files\\\/2026\\\/01\\\/morocco-marrakech-koutoubia-mosque-sunset.jpg\",\"datePublished\":\"2026-04-22T16:56:22+00:00\",\"breadcrumb\":{\"@id\":\"https:\\\/\\\/citygame.com\\\/it\\\/luoghi\\\/city-game-marocco\\\/#breadcrumb\"},\"inLanguage\":\"it-IT\",\"potentialAction\":[{\"@type\":\"ReadAction\",\"target\":[\"https:\\\/\\\/citygame.com\\\/it\\\/luoghi\\\/city-game-marocco\\\/\"]}]},{\"@type\":\"ImageObject\",\"inLanguage\":\"it-IT\",\"@id\":\"https:\\\/\\\/citygame.com\\\/it\\\/luoghi\\\/city-game-marocco\\\/#primaryimage\",\"url\":\"https:\\\/\\\/citygame.com\\\/wp-content\\\/blogs.dir\\\/1\\\/files\\\/2026\\\/01\\\/morocco-marrakech-koutoubia-mosque-sunset.jpg\",\"contentUrl\":\"https:\\\/\\\/citygame.com\\\/wp-content\\\/blogs.dir\\\/1\\\/files\\\/2026\\\/01\\\/morocco-marrakech-koutoubia-mosque-sunset.jpg\",\"width\":1376,\"height\":768,\"caption\":\"The famous Koutoubia Mosque minaret towers over the bustling cityscape of Marrakech at sunset.\"},{\"@type\":\"BreadcrumbList\",\"@id\":\"https:\\\/\\\/citygame.com\\\/it\\\/luoghi\\\/city-game-marocco\\\/#breadcrumb\",\"itemListElement\":[{\"@type\":\"ListItem\",\"position\":1,\"name\":\"Home\",\"item\":\"https:\\\/\\\/citygame.com\\\/it\\\/\"},{\"@type\":\"ListItem\",\"position\":2,\"name\":\"Luoghi\",\"item\":\"https:\\\/\\\/citygame.com\\\/it\\\/luoghi\\\/\"},{\"@type\":\"ListItem\",\"position\":3,\"name\":\"City Game Marocco\"}]},{\"@type\":\"WebSite\",\"@id\":\"https:\\\/\\\/citygame.com\\\/it\\\/#website\",\"url\":\"https:\\\/\\\/citygame.com\\\/it\\\/\",\"name\":\"City Game\",\"description\":\"\",\"publisher\":{\"@id\":\"https:\\\/\\\/citygame.com\\\/it\\\/#organization\"},\"alternateName\":\"citygame.com\",\"potentialAction\":[{\"@type\":\"SearchAction\",\"target\":{\"@type\":\"EntryPoint\",\"urlTemplate\":\"https:\\\/\\\/citygame.com\\\/it\\\/?s={search_term_string}\"},\"query-input\":{\"@type\":\"PropertyValueSpecification\",\"valueRequired\":true,\"valueName\":\"search_term_string\"}}],\"inLanguage\":\"it-IT\"},{\"@type\":\"Organization\",\"@id\":\"https:\\\/\\\/citygame.com\\\/it\\\/#organization\",\"name\":\"City Game\",\"alternateName\":\"citygame.com\",\"url\":\"https:\\\/\\\/citygame.com\\\/it\\\/\",\"logo\":{\"@type\":\"ImageObject\",\"inLanguage\":\"it-IT\",\"@id\":\"https:\\\/\\\/citygame.com\\\/it\\\/#\\\/schema\\\/logo\\\/image\\\/\",\"url\":\"https:\\\/\\\/citygame.com\\\/wp-content\\\/blogs.dir\\\/1\\\/files\\\/2025\\\/10\\\/CG_LOGO-City-Game.png\",\"contentUrl\":\"https:\\\/\\\/citygame.com\\\/wp-content\\\/blogs.dir\\\/1\\\/files\\\/2025\\\/10\\\/CG_LOGO-City-Game.png\",\"width\":351,\"height\":377,\"caption\":\"City Game\"},\"image\":{\"@id\":\"https:\\\/\\\/citygame.com\\\/it\\\/#\\\/schema\\\/logo\\\/image\\\/\"},\"sameAs\":[\"https:\\\/\\\/www.facebook.com\\\/profile.php?id=100086426226253\",\"https:\\\/\\\/www.instagram.com\\\/citygame_com\",\"https:\\\/\\\/www.tiktok.com\\\/@citygamecom\\\/\",\"https:\\\/\\\/www.linkedin.com\\\/company\\\/citygame-com\"],\"description\":\"Turn any city into a playground with our interactive City Games and self-guided tours. Fun, flexible, and ideal for groups and team building.\"}]}<\/script>\n<!-- \/ Yoast SEO Premium plugin. -->","yoast_head_json":{"title":"City Game Marocco - City Game","robots":{"index":"index","follow":"follow","max-snippet":"max-snippet:-1","max-image-preview":"max-image-preview:large","max-video-preview":"max-video-preview:-1"},"canonical":"https:\/\/citygame.com\/it\/luoghi\/city-game-marocco\/","og_locale":"it_IT","og_type":"article","og_title":"City Game Marocco","og_url":"https:\/\/citygame.com\/it\/luoghi\/city-game-marocco\/","og_site_name":"City Game","article_publisher":"https:\/\/www.facebook.com\/profile.php?id=100086426226253","og_image":[{"width":1376,"height":768,"url":"https:\/\/citygame.com\/wp-content\/blogs.dir\/1\/files\/2026\/01\/morocco-marrakech-koutoubia-mosque-sunset.jpg","type":"image\/jpeg"}],"twitter_card":"summary_large_image","schema":{"@context":"https:\/\/schema.org","@graph":[{"@type":"WebPage","@id":"https:\/\/citygame.com\/it\/luoghi\/city-game-marocco\/","url":"https:\/\/citygame.com\/it\/luoghi\/city-game-marocco\/","name":"City Game Marocco - City Game","isPartOf":{"@id":"https:\/\/citygame.com\/it\/#website"},"primaryImageOfPage":{"@id":"https:\/\/citygame.com\/it\/luoghi\/city-game-marocco\/#primaryimage"},"image":{"@id":"https:\/\/citygame.com\/it\/luoghi\/city-game-marocco\/#primaryimage"},"thumbnailUrl":"https:\/\/citygame.com\/wp-content\/blogs.dir\/1\/files\/2026\/01\/morocco-marrakech-koutoubia-mosque-sunset.jpg","datePublished":"2026-04-22T16:56:22+00:00","breadcrumb":{"@id":"https:\/\/citygame.com\/it\/luoghi\/city-game-marocco\/#breadcrumb"},"inLanguage":"it-IT","potentialAction":[{"@type":"ReadAction","target":["https:\/\/citygame.com\/it\/luoghi\/city-game-marocco\/"]}]},{"@type":"ImageObject","inLanguage":"it-IT","@id":"https:\/\/citygame.com\/it\/luoghi\/city-game-marocco\/#primaryimage","url":"https:\/\/citygame.com\/wp-content\/blogs.dir\/1\/files\/2026\/01\/morocco-marrakech-koutoubia-mosque-sunset.jpg","contentUrl":"https:\/\/citygame.com\/wp-content\/blogs.dir\/1\/files\/2026\/01\/morocco-marrakech-koutoubia-mosque-sunset.jpg","width":1376,"height":768,"caption":"The famous Koutoubia Mosque minaret towers over the bustling cityscape of Marrakech at sunset."},{"@type":"BreadcrumbList","@id":"https:\/\/citygame.com\/it\/luoghi\/city-game-marocco\/#breadcrumb","itemListElement":[{"@type":"ListItem","position":1,"name":"Home","item":"https:\/\/citygame.com\/it\/"},{"@type":"ListItem","position":2,"name":"Luoghi","item":"https:\/\/citygame.com\/it\/luoghi\/"},{"@type":"ListItem","position":3,"name":"City Game Marocco"}]},{"@type":"WebSite","@id":"https:\/\/citygame.com\/it\/#website","url":"https:\/\/citygame.com\/it\/","name":"City Game","description":"","publisher":{"@id":"https:\/\/citygame.com\/it\/#organization"},"alternateName":"citygame.com","potentialAction":[{"@type":"SearchAction","target":{"@type":"EntryPoint","urlTemplate":"https:\/\/citygame.com\/it\/?s={search_term_string}"},"query-input":{"@type":"PropertyValueSpecification","valueRequired":true,"valueName":"search_term_string"}}],"inLanguage":"it-IT"},{"@type":"Organization","@id":"https:\/\/citygame.com\/it\/#organization","name":"City Game","alternateName":"citygame.com","url":"https:\/\/citygame.com\/it\/","logo":{"@type":"ImageObject","inLanguage":"it-IT","@id":"https:\/\/citygame.com\/it\/#\/schema\/logo\/image\/","url":"https:\/\/citygame.com\/wp-content\/blogs.dir\/1\/files\/2025\/10\/CG_LOGO-City-Game.png","contentUrl":"https:\/\/citygame.com\/wp-content\/blogs.dir\/1\/files\/2025\/10\/CG_LOGO-City-Game.png","width":351,"height":377,"caption":"City Game"},"image":{"@id":"https:\/\/citygame.com\/it\/#\/schema\/logo\/image\/"},"sameAs":["https:\/\/www.facebook.com\/profile.php?id=100086426226253","https:\/\/www.instagram.com\/citygame_com","https:\/\/www.tiktok.com\/@citygamecom\/","https:\/\/www.linkedin.com\/company\/citygame-com"],"description":"Turn any city into a playground with our interactive City Games and self-guided tours. Fun, flexible, and ideal for groups and team building."}]}},"taxonomy_info":{"countries-only-parent-locations":[{"value":442,"label":"Africa"}],"cg_page_type":[{"value":44,"label":"Country overview page"}]},"featured_image_src_large":["https:\/\/citygame.com\/wp-content\/blogs.dir\/1\/files\/2026\/01\/morocco-marrakech-koutoubia-mosque-sunset-1024x572.jpg",1024,572,true],"author_info":{"display_name":"Philip","author_link":"https:\/\/citygame.com\/it\/blog\/author\/sophi2\/"},"comment_info":0,"wpml_current_locale":"it_IT","wpml_translations":{"nl_NL":{"locale":"nl_NL","id":226462,"slug":"city-game-morocco","post_title":"City Game Morocco","href":"https:\/\/citygame.com\/nl\/locaties\/city-game-morocco\/"},"en_US":{"locale":"en_US","id":9348,"slug":"morocco","post_title":"City Game Morocco","href":"https:\/\/citygame.com\/locations\/morocco\/"},"fr_FR":{"locale":"fr_FR","id":226486,"slug":"city-game-maroc","post_title":"City Game Maroc","href":"https:\/\/citygame.com\/fr\/emplacements\/city-game-maroc\/"},"de_DE":{"locale":"de_DE","id":226469,"slug":"city-game-marokko","post_title":"City Game Marokko","href":"https:\/\/citygame.com\/de\/standorte\/city-game-marokko\/"},"it_IT":{"locale":"it_IT","translation":"current"},"es_ES":{"locale":"es_ES","id":226477,"slug":"city-game-morocco","post_title":"City Game Morocco","href":"https:\/\/citygame.com\/es\/localizaciones\/city-game-morocco\/"}},"_links":{"self":[{"href":"https:\/\/citygame.com\/it\/wp-json\/wp\/v2\/pages\/226493","targetHints":{"allow":["GET"]}}],"collection":[{"href":"https:\/\/citygame.com\/it\/wp-json\/wp\/v2\/pages"}],"about":[{"href":"https:\/\/citygame.com\/it\/wp-json\/wp\/v2\/types\/page"}],"author":[{"embeddable":true,"href":"https:\/\/citygame.com\/it\/wp-json\/wp\/v2\/users\/78"}],"replies":[{"embeddable":true,"href":"https:\/\/citygame.com\/it\/wp-json\/wp\/v2\/comments?post=226493"}],"version-history":[{"count":0,"href":"https:\/\/citygame.com\/it\/wp-json\/wp\/v2\/pages\/226493\/revisions"}],"up":[{"embeddable":true,"href":"https:\/\/citygame.com\/it\/wp-json\/wp\/v2\/pages\/225502"}],"acf:term":[{"embeddable":true,"taxonomy":"cities-only-parent-location","href":"https:\/\/citygame.com\/it\/wp-json\/wp\/v2\/cities-only-parent-location\/507"}],"wp:featuredmedia":[{"embeddable":true,"href":"https:\/\/citygame.com\/it\/wp-json\/wp\/v2\/media\/9328"}],"wp:attachment":[{"href":"https:\/\/citygame.com\/it\/wp-json\/wp\/v2\/media?parent=226493"}],"wp:term":[{"taxonomy":"cities-only-parent-location","embeddable":true,"href":"https:\/\/citygame.com\/it\/wp-json\/wp\/v2\/cities-only-parent-location?post=226493"},{"taxonomy":"countries-only-parent-locations","embeddable":true,"href":"https:\/\/citygame.com\/it\/wp-json\/wp\/v2\/countries-only-parent-locations?post=226493"},{"taxonomy":"seo_keyword","embeddable":true,"href":"https:\/\/citygame.com\/it\/wp-json\/wp\/v2\/seo_keyword?post=226493"},{"taxonomy":"cg_page_type","embeddable":true,"href":"https:\/\/citygame.com\/it\/wp-json\/wp\/v2\/cg_page_type?post=226493"}],"curies":[{"name":"wp","href":"https:\/\/api.w.org\/{rel}","templated":true}]}}