{"id":226632,"date":"2026-04-22T19:30:11","date_gmt":"2026-04-22T19:30:11","guid":{"rendered":"https:\/\/citygame.com\/locations\/united-kingdom\/city-game-belfast-2\/"},"modified":"2026-04-22T19:30:11","modified_gmt":"2026-04-22T19:30:11","slug":"city-game-belfast-2","status":"publish","type":"page","link":"https:\/\/citygame.com\/it\/luoghi\/city-game-regno-unito\/city-game-belfast-2\/","title":{"rendered":"City Game Belfast"},"content":{"rendered":"","protected":false},"excerpt":{"rendered":"","protected":false},"author":78,"featured_media":13212,"parent":227202,"menu_order":0,"comment_status":"closed","ping_status":"closed","template":"","meta":{"_acf_changed":false,"_yoast_wpseo_focuskw":"City Game Belfast","_yoast_wpseo_metadesc":"","_kad_blocks_custom_css":"","_kad_blocks_head_custom_js":"","_kad_blocks_body_custom_js":"","_kad_blocks_footer_custom_js":"","_kad_post_transparent":"","_kad_post_title":"","_kad_post_layout":"","_kad_post_sidebar_id":"","_kad_post_content_style":"","_kad_post_vertical_padding":"","_kad_post_feature":"","_kad_post_feature_position":"","_kad_post_header":false,"_kad_post_footer":false,"_kad_post_classname":"","footnotes":""},"cities-only-parent-location":[492],"countries-only-parent-locations":[],"seo_keyword":[],"cg_page_type":[45],"class_list":["post-226632","page","type-page","status-publish","has-post-thumbnail","hentry","cities-only-parent-location-united-kingdom","cg_page_type-city-overview-page"],"acf":{"city_name":"Belfast","select_city":81,"section_1_h2_city_games_in_city":"City Games in Belfast","intro_text":"City Games sono disponibili a Belfast, offrendo un modo interattivo per vivere la citt\u00e0 tramite enigmi e sfide coinvolgenti. Utilizzando il tuo smartphone, puoi esplorare diverse parti di Belfast al tuo ritmo mentre completi compiti che guidano il gioco. Questa attivit\u00e0 autoguidata combina l'esplorazione della citt\u00e0 con avventure immersive basate sull'app.","section_1_usp_1":"Inizia, metti in pausa e prosegui quando vuoi","section_1_usp_2":"Gioca in modo indipendente","section_1_usp_3":"1-4 o 2-5 persone per smartphone, a seconda del tuo gioco","section_1_usp_4":"1,5-2 ore di gioco","section_1_usp_5":"3-4 km di camminata","section_1_usp_6":"Richiesta connessione internet","section_1_text_2":"Scegli il tuo City Game e inizia a giocare oggi!","section_1_cta":"Visualizza tutti i City Games","intro_image":13213,"section_2_h2_all_city_games_in_city":"All City Games in Belfast","section_3_h2_how_city_games_work_in_city":"Come funziona City Games a Belfast","section_3_text":"City Games in Belfast sono esperienze completamente autoguidate che ti permettono di esplorare la citt\u00e0 al tuo ritmo. Utilizzando il tuo smartphone, camminerai per il centro della citt\u00e0 risolvendo enigmi, affrontando sfide e seguendo la narrazione del tuo City Game scelto.\r\n\r\nDecidi tu quando iniziare, dove fare pause e quanto velocemente giocare. Nessuna guida, orario o prenotazione \u00e8 richiesta.","section_3_usp_1":"Gioca in squadre di amici, familiari o colleghi","section_3_usp_2":"Inizia quando vuoi, non serve una guida o personale","section_3_usp_3":"Usa il tuo smartphone o tablet","section_3_usp_4":"Percorri la citt\u00e0 risolvendo enigmi e sfide","section_3_usp_5":"Impara curiosit\u00e0 su storia, cultura e luoghi di interesse","section_3_usp_6":"Disponibile in pi\u00f9 lingue","section_3_cta":"Scegli il tuo City Game","section_3_step_1":"Fase 1","section_3_step_1_title":"Prenota il tuo City Game","section_3_step_1_text":"Scegli la tua citt\u00e0 e il tuo gioco e ricevi tutto istantaneamente dopo la prenotazione.","section_3_step_2":"Fase 2","section_3_step_2_title":"Controlla le istruzioni","section_3_step_2_text":"Apri l'email di conferma con il punto di partenza e come iniziare a giocare.","section_3_step_3":"Fase 3","section_3_step_3_title":"Vai al punto di partenza","section_3_step_3_text":"Raggiungi il punto di partenza quando vuoi, senza orario fisso.","section_3_step_4":"Fase 4","section_3_step_4_title":"Inizia a giocare","section_3_step_4_text":"Segui gli indizi, risolvi enigmi ed esplora la citt\u00e0 al tuo ritmo!","how_city_games_work_image":13214,"section_4_h2_who_are_city_games_in_city_for":"Per chi sono pensati i City Games a Belfast?","section_4_text":"I City Games a Belfast sono pensati per chiunque voglia vivere la citt\u00e0 in modo interattivo e flessibile. Che tu sia a Belfast per la prima volta o che conosca gi\u00e0 bene la citt\u00e0, City Games offrono un'attivit\u00e0 divertente che si integra facilmente nella tua giornata.","section_4_text_2":"I City Games a Belfast sono adatti a:","section_4_usp_1":"Giocatori singoli o piccoli gruppi in cerca di un'avventura flessibile","section_4_usp_2":"Turisti che esplorano Belfast","section_4_usp_3":"Amici e famiglie in cerca di un'attivit\u00e0 divertente","section_4_usp_4":"Aziende e team che pianificano un evento di teambuilding","section_4_usp_5":"Nativi che vogliono riscoprire la propria citt\u00e0","section_4_cta":"Scegli il tuo City Game","who_are_city_games_for_image":13215,"section_5_h2_exploring_city":"Esplorare Belfast","exploring_city_text":"Il carattere di Belfast si rivela attraverso un mix di eredit\u00e0 industriale e fascino urbano in evoluzione. Passeggiando nel Cathedral Quarter, noterai una fusione di strade acciottolate, street art e magazzini vittoriani riconvertiti in gallerie e pub, tutti aggiungono tessitura al nucleo creativo della citt\u00e0. Il fiume Lagan taglia il centro, offrendo calma accanto al movimento della vita quotidiana e collegando il moderno Waterfront Hall ai cantieri storici.\r\n\r\nPi\u00f9 fuori, il Titanic Quarter riflette il passato cantieristico di Belfast, dominato dalla silhouette delle gru Harland & Wolff. Nelle vicinanze, la combinazione di vecchi porti e architettura contemporanea crea uno spazio in cui la storia e l'innovazione coesistono visibilmente. Spostarsi per Belfast significa passare da moli tranquilli a quartieri storici vivaci, ogni strato con una identit\u00e0 locale distinta.","exploring_city_image":13216,"section_6_h2_hosted_game":"I tuoi City Games preferiti, ospitati professionalmente dal nostro team","section_6_text":"Goditi gli stessi City Games della versione autoguidata, ma con pieno supporto in loco da parte dei nostri host professionisti. Ci occupiamo del briefing, dei tablet, della coordinazione e del supporto tecnico, in modo che il tuo gruppo possa concentrarsi interamente sul divertimento e sulla competizione.","section_6_text_2":"Cosa \u00e8 incluso:","section_6_usp_1_title":"Lo stesso City Game, completamente ospitato","section_6_usp_1_text":"Giocate la stessa esperienza della versione autoguidata, ora guidata dai nostri host.","section_6_usp_2_title":"Classifica in tempo reale e cerimonia dei premi","section_6_usp_2_text":"Per gruppi pi\u00f9 grandi, i nostri host rivelano i punteggi finali e annunciano la squadra vincente con un momento di premio divertente.","section_6_usp_3_title":"Inizio e fine ospitati","section_6_usp_3_text":"Accogliamo il tuo gruppo, spieghiamo chiaramente il gioco e concludiamo con un entusiasmante wrap-up.","section_6_usp_4_title":"Supporto in tempo reale durante il gioco","section_6_usp_4_text":"Il nostro team assiste con dispositivi, problemi dell'app e coordinamento durante l'esperienza.","section_6_usp_5_title":"Tablet inclusi (opzionali)","section_6_usp_5_text":"Disponibili per gruppi che preferiscono utilizzare i nostri dispositivi invece dei propri.","section_6_text_3":"Affidato da team di tutto il mondo, dai piccoli gruppi ai grandi eventi aziendali.","section_6_cta":"Pianifica il tuo evento di gruppo","section_7_h2_reviews":"Cosa pensano gli altri dei nostri City Games","section_7_cta_1":"Tutte le recensioni","section_7_cta_2":"Scrivi una recensione","section_8_h2_faq":"Hai domande? Abbiamo risposte!","section_8_text":"Consulta le nostre domande frequenti e scopri tutto ci\u00f2 che vuoi sapere. La tua domanda non \u00e8 tra queste? Non esitare a contattarci.","section_8_cta_1":"Visualizza tutte le domande frequenti","section_8_cta_2":"Ottieni supporto","section_8_question_1":"Cosa sono City Games a Belfast?","section_8_answer_1":"City Games in Belfast sono <strong>esperienze interattive e autoguidate<\/strong> che ti permettono di esplorare la citt\u00e0 giocando!\r\n\r\nUsando il tuo smartphone, risolvi enigmi, completi sfide e segui la storia del tuo City Game scelto mentre attraversi la citt\u00e0.\r\n\r\nCity Games combinano lavoro di squadra, risoluzione di problemi e esplorazione all'aperto, rendendole un'attivit\u00e0 divertente per visitatori, locali e gruppi.","section_8_question_2":"Ho bisogno di una guida per giocare a un City Game a Belfast?","section_8_answer_2":"<p class=\"kt-adv-heading2034_2420ea-ca wp-block-kadence-advancedheading\" data-kb-block=\"kb-adv-heading2034_2420ea-ca\">No, City Games in Belfast sono <strong>completamente autoguidate<\/strong>. Non hai bisogno di una guida, di un host o di personale in loco per giocare. Tutte le istruzioni e il gameplay sono forniti digitalmente, permettendoti di iniziare e giocare in modo indipendente usando il tuo smartphone.<\/p>\r\nQuesto dinamismo rende i City Games facili da inserire nel tuo programma.\r\n<p class=\"kt-adv-heading2034_cd3db2-33 wp-block-kadence-advancedheading hls-none\" data-kb-block=\"kb-adv-heading2034_cd3db2-33\">Per gruppi pi\u00f9 grandi o eventi aziendali, \u00e8 disponibile anche una versione completamente ospitata dei nostri City Games, inclusa guida in loco, tablet e supporto live.<\/p>\r\nPianificare un gruppo pi\u00f9 grande o un evento aziendale?","section_8_answer_2_cta":"Esplora l'esperienza City Game ospitata per gruppi","section_8_question_3":"Quando possiamo iniziare a giocare a un City Game a Belfast?","section_8_answer_3":"Puoi iniziare a giocare <strong>quando ti \u00e8 utile<\/strong>! I City Games a Belfast non hanno orari di inizio fissi, quindi puoi iniziare in un momento che si adatti ai tuoi piani.\r\n\r\nDopo la prenotazione, ricevi istruzioni chiare che spiegano come e quando puoi iniziare il tuo City Game!","section_8_question_4":"Quanto tempo ci vuole per un City Game a Belfast?","section_8_answer_4":"Le City Games a Belfast richiedono circa <strong>1,5-2 ore<\/strong> per completarsi! La durata esatta dipende dal tuo ritmo, dal numero di pause che fai e dalla rapidit\u00e0 con cui risolvi enigmi e sfide.\r\n\r\nPuoi giocare al tuo ritmo e mettere in pausa il gioco quando vuoi!","section_8_question_5":"Possiamo giocare a un City Game a Belfast con un grande gruppo?","section_8_answer_5":"<p class=\"kt-adv-heading2034_97743b-76 wp-block-kadence-advancedheading\" data-kb-block=\"kb-adv-heading2034_97743b-76\">S\u00ec, City Games sono adatti sia per piccoli gruppi sia per team pi\u00f9 numerosi. I grandi gruppi possono facilmente suddividersi in team pi\u00f9 piccoli e giocare al City Game contemporaneamente, utilizzando pi\u00f9 smartphone. Ogni team gioca in modo indipendente, seguendo lo stesso concetto di gioco e la stessa storia.<\/p>\r\nQuesto allestimento funziona bene per gruppi di amici, famiglie e aziende, e rende i City Games una scelta popolare per uscite di gruppo, eventi e attivit\u00e0 di teambuilding.\r\n<p class=\"kt-adv-heading2034_7442e3-e3 wp-block-kadence-advancedheading hls-none\" data-kb-block=\"kb-adv-heading2034_7442e3-e3\">Per gruppi pi\u00f9 grandi o eventi aziendali, \u00e8 disponibile anche una versione completamente ospitata dei nostri City Games, inclusa guida in loco, tablet e supporto live.<\/p>\r\nPianificare un gruppo pi\u00f9 grande o un evento aziendale?","section_8_answer_5_cta":"Esplora l'esperienza City Game ospitata per gruppi","section_8_question_6":"I City Games a Belfast sono adatti a turisti e residenti?","section_8_answer_6":"S\u00ec, i City Games a Belfast sono <strong>adatti sia a turisti che residenti<\/strong>. I visitatori possono vivere la citt\u00e0 in modo interattivo, mentre i residenti possono godere delle strade familiari come sfondo per un City Game.\r\n\r\nPoich\u00e9 ogni City Game si concentra sul gameplay e sulla narrazione, l'esperienza risulta fresca indipendentemente da quanto tu conosca gi\u00e0 la citt\u00e0.","section_8_question_7":"I City Games a Belfast sono disponibili in pi\u00f9 lingue?","section_8_answer_7":"S\u00ec, i City Games a Belfast sono <strong>disponibili in pi\u00f9 lingue<\/strong>. Puoi scegliere la lingua preferita prima o durante il gioco, rendendo i City Games accessibili a visitatori internazionali e gruppi multilingue.","section_8_question_8":"Cosa serve per giocare a un City Game a Belfast?","section_8_answer_8":"Per giocare a un City Game a Belfast, hai bisogno di:","section_8_answer_8_usp_1":"Uno smartphone con connessione a Internet","section_8_answer_8_usp_2":"Una batteria carica","section_8_answer_8_usp_3":"Scarpe comode","section_8_answer_8_2":"Tutti i contenuti di gioco e le istruzioni sono forniti digitalmente dopo la prenotazione.","section_9_h2_instagram":"Scopri di pi\u00f9 su Instagram","section_9_text":"Ispirazioni di viaggio, puzzle, tesori nascosti e momenti di City Game, direttamente dalla nostra community","section_9_cta":"Seguici su Instagram","section_10_h2_page_ending":"Pronto per un'avventura indimenticabile a Belfast?","section_10_text":"Esplora Belfast in modo unico e interattivo con i nostri City Games. Gioca oggi e crea ricordi indelebili!","section_10_cta":"Prenota il tuo City Game ora","latitude":54.5982051,"longitude":-5.9303042,"country":492,"map_enabled":true},"yoast_head":"<!-- This site is optimized with the Yoast SEO Premium plugin v26.2 (Yoast SEO v27.4) - https:\/\/yoast.com\/product\/yoast-seo-premium-wordpress\/ -->\n<title>City Game Belfast - City Game<\/title>\n<meta name=\"robots\" content=\"index, follow, max-snippet:-1, max-image-preview:large, max-video-preview:-1\" \/>\n<link rel=\"canonical\" href=\"https:\/\/citygame.com\/it\/luoghi\/city-game-regno-unito\/city-game-belfast-2\/\" \/>\n<meta property=\"og:locale\" content=\"it_IT\" \/>\n<meta property=\"og:type\" content=\"article\" \/>\n<meta property=\"og:title\" content=\"City Game Belfast\" \/>\n<meta property=\"og:url\" content=\"https:\/\/citygame.com\/it\/luoghi\/city-game-regno-unito\/city-game-belfast-2\/\" \/>\n<meta property=\"og:site_name\" content=\"City Game\" \/>\n<meta property=\"article:publisher\" content=\"https:\/\/www.facebook.com\/profile.php?id=100086426226253\" \/>\n<meta property=\"og:image\" content=\"https:\/\/citygame.com\/wp-content\/blogs.dir\/1\/files\/2026\/02\/belfast-titanic-museum-waterfront-sunset.jpg\" \/>\n\t<meta property=\"og:image:width\" content=\"1376\" \/>\n\t<meta property=\"og:image:height\" content=\"768\" \/>\n\t<meta property=\"og:image:type\" content=\"image\/jpeg\" \/>\n<meta name=\"twitter:card\" content=\"summary_large_image\" \/>\n<script type=\"application\/ld+json\" class=\"yoast-schema-graph\">{\"@context\":\"https:\\\/\\\/schema.org\",\"@graph\":[{\"@type\":\"WebPage\",\"@id\":\"https:\\\/\\\/citygame.com\\\/it\\\/luoghi\\\/city-game-regno-unito\\\/city-game-belfast-2\\\/\",\"url\":\"https:\\\/\\\/citygame.com\\\/it\\\/luoghi\\\/city-game-regno-unito\\\/city-game-belfast-2\\\/\",\"name\":\"City Game Belfast - City Game\",\"isPartOf\":{\"@id\":\"https:\\\/\\\/citygame.com\\\/it\\\/#website\"},\"primaryImageOfPage\":{\"@id\":\"https:\\\/\\\/citygame.com\\\/it\\\/luoghi\\\/city-game-regno-unito\\\/city-game-belfast-2\\\/#primaryimage\"},\"image\":{\"@id\":\"https:\\\/\\\/citygame.com\\\/it\\\/luoghi\\\/city-game-regno-unito\\\/city-game-belfast-2\\\/#primaryimage\"},\"thumbnailUrl\":\"https:\\\/\\\/citygame.com\\\/wp-content\\\/blogs.dir\\\/1\\\/files\\\/2026\\\/02\\\/belfast-titanic-museum-waterfront-sunset.jpg\",\"datePublished\":\"2026-04-22T19:30:11+00:00\",\"breadcrumb\":{\"@id\":\"https:\\\/\\\/citygame.com\\\/it\\\/luoghi\\\/city-game-regno-unito\\\/city-game-belfast-2\\\/#breadcrumb\"},\"inLanguage\":\"it-IT\",\"potentialAction\":[{\"@type\":\"ReadAction\",\"target\":[\"https:\\\/\\\/citygame.com\\\/it\\\/luoghi\\\/city-game-regno-unito\\\/city-game-belfast-2\\\/\"]}]},{\"@type\":\"ImageObject\",\"inLanguage\":\"it-IT\",\"@id\":\"https:\\\/\\\/citygame.com\\\/it\\\/luoghi\\\/city-game-regno-unito\\\/city-game-belfast-2\\\/#primaryimage\",\"url\":\"https:\\\/\\\/citygame.com\\\/wp-content\\\/blogs.dir\\\/1\\\/files\\\/2026\\\/02\\\/belfast-titanic-museum-waterfront-sunset.jpg\",\"contentUrl\":\"https:\\\/\\\/citygame.com\\\/wp-content\\\/blogs.dir\\\/1\\\/files\\\/2026\\\/02\\\/belfast-titanic-museum-waterfront-sunset.jpg\",\"width\":1376,\"height\":768,\"caption\":\"The Titanic Belfast museum and iconic Harland and Wolff cranes seen from the riverside promenade.\"},{\"@type\":\"BreadcrumbList\",\"@id\":\"https:\\\/\\\/citygame.com\\\/it\\\/luoghi\\\/city-game-regno-unito\\\/city-game-belfast-2\\\/#breadcrumb\",\"itemListElement\":[{\"@type\":\"ListItem\",\"position\":1,\"name\":\"Home\",\"item\":\"https:\\\/\\\/citygame.com\\\/it\\\/\"},{\"@type\":\"ListItem\",\"position\":2,\"name\":\"Luoghi\",\"item\":\"https:\\\/\\\/citygame.com\\\/it\\\/luoghi\\\/\"},{\"@type\":\"ListItem\",\"position\":3,\"name\":\"City Game Regno Unito\",\"item\":\"https:\\\/\\\/citygame.com\\\/it\\\/luoghi\\\/city-game-regno-unito\\\/\"},{\"@type\":\"ListItem\",\"position\":4,\"name\":\"City Game Belfast\"}]},{\"@type\":\"WebSite\",\"@id\":\"https:\\\/\\\/citygame.com\\\/it\\\/#website\",\"url\":\"https:\\\/\\\/citygame.com\\\/it\\\/\",\"name\":\"City Game\",\"description\":\"\",\"publisher\":{\"@id\":\"https:\\\/\\\/citygame.com\\\/it\\\/#organization\"},\"alternateName\":\"citygame.com\",\"potentialAction\":[{\"@type\":\"SearchAction\",\"target\":{\"@type\":\"EntryPoint\",\"urlTemplate\":\"https:\\\/\\\/citygame.com\\\/it\\\/?s={search_term_string}\"},\"query-input\":{\"@type\":\"PropertyValueSpecification\",\"valueRequired\":true,\"valueName\":\"search_term_string\"}}],\"inLanguage\":\"it-IT\"},{\"@type\":\"Organization\",\"@id\":\"https:\\\/\\\/citygame.com\\\/it\\\/#organization\",\"name\":\"City Game\",\"alternateName\":\"citygame.com\",\"url\":\"https:\\\/\\\/citygame.com\\\/it\\\/\",\"logo\":{\"@type\":\"ImageObject\",\"inLanguage\":\"it-IT\",\"@id\":\"https:\\\/\\\/citygame.com\\\/it\\\/#\\\/schema\\\/logo\\\/image\\\/\",\"url\":\"https:\\\/\\\/citygame.com\\\/wp-content\\\/blogs.dir\\\/1\\\/files\\\/2025\\\/10\\\/CG_LOGO-City-Game.png\",\"contentUrl\":\"https:\\\/\\\/citygame.com\\\/wp-content\\\/blogs.dir\\\/1\\\/files\\\/2025\\\/10\\\/CG_LOGO-City-Game.png\",\"width\":351,\"height\":377,\"caption\":\"City Game\"},\"image\":{\"@id\":\"https:\\\/\\\/citygame.com\\\/it\\\/#\\\/schema\\\/logo\\\/image\\\/\"},\"sameAs\":[\"https:\\\/\\\/www.facebook.com\\\/profile.php?id=100086426226253\",\"https:\\\/\\\/www.instagram.com\\\/citygame_com\",\"https:\\\/\\\/www.tiktok.com\\\/@citygamecom\\\/\",\"https:\\\/\\\/www.linkedin.com\\\/company\\\/citygame-com\"],\"description\":\"Turn any city into a playground with our interactive City Games and self-guided tours. Fun, flexible, and ideal for groups and team building.\"}]}<\/script>\n<!-- \/ Yoast SEO Premium plugin. -->","yoast_head_json":{"title":"City Game Belfast - City Game","robots":{"index":"index","follow":"follow","max-snippet":"max-snippet:-1","max-image-preview":"max-image-preview:large","max-video-preview":"max-video-preview:-1"},"canonical":"https:\/\/citygame.com\/it\/luoghi\/city-game-regno-unito\/city-game-belfast-2\/","og_locale":"it_IT","og_type":"article","og_title":"City Game Belfast","og_url":"https:\/\/citygame.com\/it\/luoghi\/city-game-regno-unito\/city-game-belfast-2\/","og_site_name":"City Game","article_publisher":"https:\/\/www.facebook.com\/profile.php?id=100086426226253","og_image":[{"width":1376,"height":768,"url":"https:\/\/citygame.com\/wp-content\/blogs.dir\/1\/files\/2026\/02\/belfast-titanic-museum-waterfront-sunset.jpg","type":"image\/jpeg"}],"twitter_card":"summary_large_image","schema":{"@context":"https:\/\/schema.org","@graph":[{"@type":"WebPage","@id":"https:\/\/citygame.com\/it\/luoghi\/city-game-regno-unito\/city-game-belfast-2\/","url":"https:\/\/citygame.com\/it\/luoghi\/city-game-regno-unito\/city-game-belfast-2\/","name":"City Game Belfast - City Game","isPartOf":{"@id":"https:\/\/citygame.com\/it\/#website"},"primaryImageOfPage":{"@id":"https:\/\/citygame.com\/it\/luoghi\/city-game-regno-unito\/city-game-belfast-2\/#primaryimage"},"image":{"@id":"https:\/\/citygame.com\/it\/luoghi\/city-game-regno-unito\/city-game-belfast-2\/#primaryimage"},"thumbnailUrl":"https:\/\/citygame.com\/wp-content\/blogs.dir\/1\/files\/2026\/02\/belfast-titanic-museum-waterfront-sunset.jpg","datePublished":"2026-04-22T19:30:11+00:00","breadcrumb":{"@id":"https:\/\/citygame.com\/it\/luoghi\/city-game-regno-unito\/city-game-belfast-2\/#breadcrumb"},"inLanguage":"it-IT","potentialAction":[{"@type":"ReadAction","target":["https:\/\/citygame.com\/it\/luoghi\/city-game-regno-unito\/city-game-belfast-2\/"]}]},{"@type":"ImageObject","inLanguage":"it-IT","@id":"https:\/\/citygame.com\/it\/luoghi\/city-game-regno-unito\/city-game-belfast-2\/#primaryimage","url":"https:\/\/citygame.com\/wp-content\/blogs.dir\/1\/files\/2026\/02\/belfast-titanic-museum-waterfront-sunset.jpg","contentUrl":"https:\/\/citygame.com\/wp-content\/blogs.dir\/1\/files\/2026\/02\/belfast-titanic-museum-waterfront-sunset.jpg","width":1376,"height":768,"caption":"The Titanic Belfast museum and iconic Harland and Wolff cranes seen from the riverside promenade."},{"@type":"BreadcrumbList","@id":"https:\/\/citygame.com\/it\/luoghi\/city-game-regno-unito\/city-game-belfast-2\/#breadcrumb","itemListElement":[{"@type":"ListItem","position":1,"name":"Home","item":"https:\/\/citygame.com\/it\/"},{"@type":"ListItem","position":2,"name":"Luoghi","item":"https:\/\/citygame.com\/it\/luoghi\/"},{"@type":"ListItem","position":3,"name":"City Game Regno Unito","item":"https:\/\/citygame.com\/it\/luoghi\/city-game-regno-unito\/"},{"@type":"ListItem","position":4,"name":"City Game Belfast"}]},{"@type":"WebSite","@id":"https:\/\/citygame.com\/it\/#website","url":"https:\/\/citygame.com\/it\/","name":"City Game","description":"","publisher":{"@id":"https:\/\/citygame.com\/it\/#organization"},"alternateName":"citygame.com","potentialAction":[{"@type":"SearchAction","target":{"@type":"EntryPoint","urlTemplate":"https:\/\/citygame.com\/it\/?s={search_term_string}"},"query-input":{"@type":"PropertyValueSpecification","valueRequired":true,"valueName":"search_term_string"}}],"inLanguage":"it-IT"},{"@type":"Organization","@id":"https:\/\/citygame.com\/it\/#organization","name":"City Game","alternateName":"citygame.com","url":"https:\/\/citygame.com\/it\/","logo":{"@type":"ImageObject","inLanguage":"it-IT","@id":"https:\/\/citygame.com\/it\/#\/schema\/logo\/image\/","url":"https:\/\/citygame.com\/wp-content\/blogs.dir\/1\/files\/2025\/10\/CG_LOGO-City-Game.png","contentUrl":"https:\/\/citygame.com\/wp-content\/blogs.dir\/1\/files\/2025\/10\/CG_LOGO-City-Game.png","width":351,"height":377,"caption":"City Game"},"image":{"@id":"https:\/\/citygame.com\/it\/#\/schema\/logo\/image\/"},"sameAs":["https:\/\/www.facebook.com\/profile.php?id=100086426226253","https:\/\/www.instagram.com\/citygame_com","https:\/\/www.tiktok.com\/@citygamecom\/","https:\/\/www.linkedin.com\/company\/citygame-com"],"description":"Turn any city into a playground with our interactive City Games and self-guided tours. Fun, flexible, and ideal for groups and team building."}]}},"taxonomy_info":{"cities-only-parent-location":[{"value":492,"label":"United-kingdom"}],"cg_page_type":[{"value":45,"label":"City overview page"}]},"featured_image_src_large":["https:\/\/citygame.com\/wp-content\/blogs.dir\/1\/files\/2026\/02\/belfast-titanic-museum-waterfront-sunset-1024x572.jpg",1024,572,true],"author_info":{"display_name":"Philip","author_link":"https:\/\/citygame.com\/it\/blog\/author\/sophi2\/"},"comment_info":0,"wpml_current_locale":"it_IT","wpml_translations":{"nl_NL":{"locale":"nl_NL","id":226607,"slug":"city-game-belfast-2","post_title":"City Game Belfast","href":"https:\/\/citygame.com\/nl\/locaties\/city-game-verenigd-koninkrijk\/city-game-belfast-2\/"},"en_US":{"locale":"en_US","id":13217,"slug":"city-game-belfast","post_title":"City Game Belfast","href":"https:\/\/citygame.com\/locations\/united-kingdom\/city-game-belfast\/"},"fr_FR":{"locale":"fr_FR","id":226628,"slug":"city-game-belfast-2","post_title":"City Game Belfast","href":"https:\/\/citygame.com\/fr\/emplacements\/city-game-royaume-uni\/city-game-belfast-2\/"},"de_DE":{"locale":"de_DE","id":226614,"slug":"city-game-belfast-2","post_title":"City Game Belfast","href":"https:\/\/citygame.com\/de\/standorte\/city-game-vereinigtes-konigreich\/city-game-belfast-2\/"},"it_IT":{"locale":"it_IT","translation":"current"},"es_ES":{"locale":"es_ES","id":226619,"slug":"city-game-belfast-2","post_title":"City Game Belfast","href":"https:\/\/citygame.com\/es\/localizaciones\/city-game-reino-unido\/city-game-belfast-2\/"}},"_links":{"self":[{"href":"https:\/\/citygame.com\/it\/wp-json\/wp\/v2\/pages\/226632","targetHints":{"allow":["GET"]}}],"collection":[{"href":"https:\/\/citygame.com\/it\/wp-json\/wp\/v2\/pages"}],"about":[{"href":"https:\/\/citygame.com\/it\/wp-json\/wp\/v2\/types\/page"}],"author":[{"embeddable":true,"href":"https:\/\/citygame.com\/it\/wp-json\/wp\/v2\/users\/78"}],"replies":[{"embeddable":true,"href":"https:\/\/citygame.com\/it\/wp-json\/wp\/v2\/comments?post=226632"}],"version-history":[{"count":0,"href":"https:\/\/citygame.com\/it\/wp-json\/wp\/v2\/pages\/226632\/revisions"}],"up":[{"embeddable":true,"href":"https:\/\/citygame.com\/it\/wp-json\/wp\/v2\/pages\/227202"}],"acf:term":[{"embeddable":true,"taxonomy":"cities-only-parent-location","href":"https:\/\/citygame.com\/it\/wp-json\/wp\/v2\/cities-only-parent-location\/492"},{"embeddable":true,"taxonomy":"location","href":"https:\/\/citygame.com\/it\/wp-json\/wp\/v2\/location\/81"}],"wp:featuredmedia":[{"embeddable":true,"href":"https:\/\/citygame.com\/it\/wp-json\/wp\/v2\/media\/13212"}],"wp:attachment":[{"href":"https:\/\/citygame.com\/it\/wp-json\/wp\/v2\/media?parent=226632"}],"wp:term":[{"taxonomy":"cities-only-parent-location","embeddable":true,"href":"https:\/\/citygame.com\/it\/wp-json\/wp\/v2\/cities-only-parent-location?post=226632"},{"taxonomy":"countries-only-parent-locations","embeddable":true,"href":"https:\/\/citygame.com\/it\/wp-json\/wp\/v2\/countries-only-parent-locations?post=226632"},{"taxonomy":"seo_keyword","embeddable":true,"href":"https:\/\/citygame.com\/it\/wp-json\/wp\/v2\/seo_keyword?post=226632"},{"taxonomy":"cg_page_type","embeddable":true,"href":"https:\/\/citygame.com\/it\/wp-json\/wp\/v2\/cg_page_type?post=226632"}],"curies":[{"name":"wp","href":"https:\/\/api.w.org\/{rel}","templated":true}]}}