{"id":226660,"date":"2026-04-22T20:01:05","date_gmt":"2026-04-22T20:01:05","guid":{"rendered":"https:\/\/citygame.com\/locations\/new-zealand\/city-game-auckland-2\/"},"modified":"2026-04-22T20:01:05","modified_gmt":"2026-04-22T20:01:05","slug":"city-game-auckland-2","status":"publish","type":"page","link":"https:\/\/citygame.com\/it\/luoghi\/city-game-new-zealand\/city-game-auckland-2\/","title":{"rendered":"City Game Auckland"},"content":{"rendered":"","protected":false},"excerpt":{"rendered":"","protected":false},"author":78,"featured_media":16352,"parent":226530,"menu_order":0,"comment_status":"closed","ping_status":"closed","template":"","meta":{"_acf_changed":false,"_yoast_wpseo_focuskw":"City Game Auckland","_yoast_wpseo_metadesc":"","_kad_blocks_custom_css":"","_kad_blocks_head_custom_js":"","_kad_blocks_body_custom_js":"","_kad_blocks_footer_custom_js":"","_kad_post_transparent":"","_kad_post_title":"","_kad_post_layout":"","_kad_post_sidebar_id":"","_kad_post_content_style":"","_kad_post_vertical_padding":"","_kad_post_feature":"","_kad_post_feature_position":"","_kad_post_header":false,"_kad_post_footer":false,"_kad_post_classname":"","footnotes":""},"cities-only-parent-location":[542],"countries-only-parent-locations":[],"seo_keyword":[],"cg_page_type":[45],"class_list":["post-226660","page","type-page","status-publish","has-post-thumbnail","hentry","cities-only-parent-location-new-zealand","cg_page_type-city-overview-page"],"acf":{"city_name":"Auckland","select_city":73,"section_1_h2_city_games_in_city":"City Games ad Auckland","intro_text":"City Games sono disponibili ad Auckland, offrendo un modo interattivo per vivere la citt\u00e0 attraverso enigmi e sfide coinvolgenti. Queste esperienze autoguidate si giocano sul tuo smartphone, permettendoti di esplorare al tuo ritmo mentre completi compiti e scopri indizi. Che tu sia familiare con Auckland o in visita, il gameplay si adatta all'ambiente man mano che ti sposti per la citt\u00e0.","section_1_usp_1":"Avvia, metti in pausa e continua quando vuoi","section_1_usp_2":"Gioca in modo indipendente","section_1_usp_3":"1-4 o 2-5 persone per smartphone, a seconda del tuo gioco","section_1_usp_4":"1,5-2 ore di gioco","section_1_usp_5":"3-4 km di camminata","section_1_usp_6":"\u00c8 necessaria una connessione Internet","section_1_text_2":"Scegli il tuo City Game e inizia a giocare oggi!","section_1_cta":"Controlla tutti i City Games","intro_image":16353,"section_2_h2_all_city_games_in_city":"Tutti i City Games ad Auckland","section_3_h2_how_city_games_work_in_city":"Come funzionano City Games ad Auckland","section_3_text":"City Games ad Auckland sono esperienze completamente autoguidate che ti permettono di esplorare la citt\u00e0 al tuo ritmo. Usando il tuo smartphone, percorrerai il centro citt\u00e0 risolvendo enigmi, affrontando sfide e seguendo la trama del City Game scelto mentre cammini per la citt\u00e0.\r\n\r\nDecidi tu quando iniziare, dove fare una pausa e quanto velocemente giocare. Non serve una guida, un programma o una prenotazione.","section_3_usp_1":"Gioca in squadre di amici, familiari o colleghi","section_3_usp_2":"Inizia quando vuoi, non serve una guida o personale","section_3_usp_3":"Usa il tuo smartphone o tablet","section_3_usp_4":"Cammina per la citt\u00e0 risolvendo enigmi e sfide","section_3_usp_5":"Scopri curiosit\u00e0 su storia, cultura e luoghi di interesse","section_3_usp_6":"Disponibile in pi\u00f9 lingue","section_3_cta":"Scegli il tuo City Game","section_3_step_1":"Passo 1","section_3_step_1_title":"Prenota il tuo City Game","section_3_step_1_text":"Scegli la tua citt\u00e0 e il tuo gioco e ricevi tutto immediatamente dopo la prenotazione.","section_3_step_2":"Passo 2","section_3_step_2_title":"Controlla le tue istruzioni","section_3_step_2_text":"Apri l'email di conferma con il punto di partenza e come iniziare a giocare.","section_3_step_3":"Passo 3","section_3_step_3_title":"Vai al punto di partenza","section_3_step_3_text":"Raggiungi il punto di partenza quando vuoi, senza orario fisso.","section_3_step_4":"Passo 4","section_3_step_4_title":"Inizia a giocare","section_3_step_4_text":"Segui gli indizi, risolvi enigmi ed esplora la citt\u00e0 al tuo ritmo!","how_city_games_work_image":16354,"section_4_h2_who_are_city_games_in_city_for":"Per chi sono i City Games ad Auckland?","section_4_text":"I City Games ad Auckland sono pensati per chiunque voglia vivere la citt\u00e0 in modo interattivo e flessibile. Che tu sia qui per la prima volta ad Auckland o conosca gi\u00e0 bene la citt\u00e0, City Games offre un'attivit\u00e0 divertente che si integra facilmente nella tua giornata.","section_4_text_2":"I City Games ad Auckland sono adatti a:","section_4_usp_1":"Giocatori singoli o piccoli gruppi in cerca di un'avventura flessibile","section_4_usp_2":"Turisti che esplorano Auckland","section_4_usp_3":"Amici e famiglie in cerca di un'attivit\u00e0 divertente","section_4_usp_4":"Aziende e team che pianificano un'attivit\u00e0 di team building","section_4_usp_5":"Locali che vogliono riscoprire la propria citt\u00e0","section_4_cta":"Scegli il tuo City Game","who_are_city_games_for_image":16355,"section_5_h2_exploring_city":"Esplorare Auckland","exploring_city_text":"Esplorare Auckland rivela una citt\u00e0 in cui natura e vita urbana sono strettamente intrecciate. L'area di Viaduct Harbour offre un'atmosfera distintiva sul lungomare, dove le barche a vela costeggiano la marina e i passeggi connettono ristoranti moderni con viste sul Waitemat\u0101 Harbour. Questo scenario marittimo aggiunge una sensazione di apertura e movimento, plasmando il modo in cui le persone si muovono tra terra e mare.\n\nPi\u00f9 a nord, il carattere della citt\u00e0 cambia intorno a Karangahape Road, conosciuta localmente come K Road. Questa strada storica fonde energia creativa con un passato stratificato, segnato da architetture eclettiche e da una scena di strada in continuo cambiamento. Muoversi attraverso Auckland significa vivere questi contrasti\u2014dove la luce costiera incontra la grinta del centro\u2014creando un ritmo unico nella geografia e nel paesaggio culturale della citt\u00e0.","exploring_city_image":16356,"section_6_h2_hosted_game":"I tuoi City Games preferiti, ospitati professionalmente dal nostro team","section_6_text":"Goditi gli stessi City Games della nostra versione autoguidata, ma con pieno supporto in loco da parte dei nostri host professionisti. Ci occupiamo del briefing, dei tablet, della coordinazione e del supporto tecnico, in modo che il tuo gruppo possa concentrarsi interamente sul divertimento e sulla competizione.","section_6_text_2":"Cosa \u00e8 incluso:","section_6_usp_1_title":"Lo stesso City Game, completamente ospitato","section_6_usp_1_text":"Giocate la stessa esperienza della versione autoguidata, ora guidata dai nostri host.","section_6_usp_2_title":"Classifica in tempo reale e cerimonia di premiazione","section_6_usp_2_text":"Per gruppi pi\u00f9 grandi, i nostri host svelano i punteggi finali e annunciano la squadra vincente con un momento di premio divertente.","section_6_usp_3_title":"Avvio e chiusura ospitati","section_6_usp_3_text":"Accogliamo il tuo gruppo, spieghiamo chiaramente il gioco e concludiamo con una finale entusiasmante.","section_6_usp_4_title":"Assistenza in tempo reale durante il gioco","section_6_usp_4_text":"Il nostro team assiste con dispositivi, problemi dell'app e coordinazione durante l'esperienza.","section_6_usp_5_title":"Tablet inclusi (opzionali)","section_6_usp_5_text":"Disponibili per gruppi che preferiscono utilizzare i nostri dispositivi invece dei loro.","section_6_text_3":"Affidato da team di tutto il mondo, dai piccoli gruppi ai grandi eventi aziendali.","section_6_cta":"Pianifica il tuo evento di gruppo","section_7_h2_reviews":"Cosa pensano gli altri dei nostri City Games","section_7_cta_1":"Tutte le recensioni","section_7_cta_2":"Scrivi una recensione","section_8_h2_faq":"Hai domande? Abbiamo risposte!","section_8_text":"Dai un'occhiata alle nostre domande frequenti e scopri tutto ci\u00f2 che vuoi sapere. La tua domanda non \u00e8 tra queste? Non esitare a contattarci.","section_8_cta_1":"Vedi tutte le domande frequenti","section_8_cta_2":"Ottieni supporto","section_8_question_1":"Cosa sono City Games ad Auckland?","section_8_answer_1":"City Games ad Auckland sono <strong>esperienze interattive e auto-guidate<\/strong> che ti permettono di esplorare la citt\u00e0 giocando!\r\n\r\nUsando lo smartphone, risolvi enigmi, affronti sfide e segui la trama del City Game scelto mentre cammini per la citt\u00e0.\r\n\r\nCity Games combinano lavoro di squadra, risoluzione dei problemi e esplorazione all'aperto, rendendole un'attivit\u00e0 divertente per visitatori, residenti e gruppi.","section_8_question_2":"Hai bisogno di una guida per giocare a un City Game ad Auckland?","section_8_answer_2":"<p class=\"kt-adv-heading2034_2420ea-ca wp-block-kadence-advancedheading\" data-kb-block=\"kb-adv-heading2034_2420ea-ca\">No, City Games ad Auckland sono <strong>completamente autoguidate<\/strong>. Non hai bisogno di una guida, di un host o di personale on-site per giocare. Tutte le istruzioni e la modalit\u00e0 di gioco sono fornite digitalmente, permettendoti di iniziare e giocare in autonomia usando il tuo smartphone.<\/p>rnQuesta flessibilit\u00e0 rende City Games facili da inserire nel tuo programma.rn<p class=\"kt-adv-heading2034_cd3db2-33 wp-block-kadence-advancedheading hls-none\" data-kb-block=\"kb-adv-heading2034_cd3db2-33\">Per gruppi pi\u00f9 numerosi o eventi aziendali, \u00e8 disponibile anche una versione completamente ospitata dei nostri City Games, che include guida in loco, tablet e supporto live.<\/p>rnPianificare un gruppo pi\u00f9 grande o un evento aziendale?<\/p>","section_8_answer_2_cta":"Esplora l'esperienza City Game ospitata per gruppi","section_8_question_3":"Quando possiamo iniziare a giocare a un City Game ad Auckland?","section_8_answer_3":"Puoi iniziare a giocare <strong>quando ti \u00e8 pi\u00f9 comodo<\/strong>! City Games ad Auckland non hanno orari di inizio fissi, quindi puoi iniziare in un momento che si adatti ai tuoi piani.rnrnDopo la prenotazione, ricevi istruzioni chiare che spiegano come e quando puoi iniziare il City Game!","section_8_question_4":"Quanto tempo richiede un City Game ad Auckland?","section_8_answer_4":"I City Games ad Auckland richiedono <strong>circa 1,5-2 ore<\/strong> per essere completati! La durata esatta dipende dal tuo ritmo, da quante pause prendi e da quanto velocemente risolvi enigmi e sfide.rnrnPuoi giocare al tuo ritmo e mettere in pausa il gioco ogni volta che vuoi!","section_8_question_5":"Possiamo giocare a un City Game ad Auckland con un gruppo numeroso?","section_8_answer_5":"<p class=\"kt-adv-heading2034_97743b-76 wp-block-kadence-advancedheading\" data-kb-block=\"kb-adv-heading2034_97743b-76\">S\u00ec, City Games sono adatti sia per <strong>gruppi piccoli che per team pi\u00f9 grandi<\/strong>. I gruppi numerosi possono facilmente suddividerSi in squadre pi\u00f9 piccole e giocare il City Game contemporaneamente, utilizzando pi\u00f9 smartphone. Ogni squadra gioca in modo indipendente, seguendo lo stesso concetto di gioco e la stessa storyline.<\/p>rnQuesto allestimento \u00e8 ideale per gruppi di amici, famiglie e aziende, e rende City Games una scelta popolare per uscite di gruppo, eventi e attivit\u00e0 di teambuilding.rn<p class=\"kt-adv-heading2034_7442e3-e3 wp-block-kadence-advancedheading hls-none\" data-kb-block=\"kb-adv-heading2034_7442e3-e3\">Per gruppi pi\u00f9 grandi o eventi aziendali, \u00e8 disponibile anche una versione completamente ospitata dei nostri City Games, che include guida in loco, tablet e supporto live.<\/p>rnPianificare un gruppo pi\u00f9 grande o un evento aziendale?<\/p>","section_8_answer_5_cta":"Esplora l'esperienza City Game ospitata per gruppi","section_8_question_6":"I City Games ad Auckland sono adatti a turisti e residenti?","section_8_answer_6":"S\u00ec, City Games ad Auckland sono adatti sia a <strong>turisti che residenti<\/strong>. I visitatori possono vivere la citt\u00e0 in modo interattivo, mentre i residenti possono godere delle strade familiari come sfondo per un City Game.\r\n\r\nPoich\u00e9 ogni City Game si concentra sul gameplay e sulla narrazione, l'esperienza risulta fresca indipendentemente da quanto conosci bene la citt\u00e0.","section_8_question_7":"I City Games ad Auckland sono disponibili in pi\u00f9 lingue?","section_8_answer_7":"S\u00ec, i City Games ad Auckland sono <strong>disponibili in pi\u00f9 lingue<\/strong>. Puoi selezionare la lingua preferita prima o durante il gioco, rendendo City Games accessibili per visitatori internazionali e gruppi multilingue.","section_8_question_8":"Cosa serve per giocare a un City Game ad Auckland?","section_8_answer_8":"Per giocare a un City Game ad Auckland, hai bisogno di:","section_8_answer_8_usp_1":"Uno smartphone con connessione a Internet","section_8_answer_8_usp_2":"Una batteria carica","section_8_answer_8_usp_3":"Scarpe comode da cammino","section_8_answer_8_2":"Tutto il contenuto di gioco e le istruzioni sono forniti digitalmente dopo la prenotazione.","section_9_h2_instagram":"Vedi di pi\u00f9 su Instagram","section_9_text":"Ispirazioni di viaggio, enigmi, gemme nascoste e momenti City Game, direttamente dalla nostra community","section_9_cta":"Seguici su Instagram","section_10_h2_page_ending":"Pronto per un'avventura indimenticabile ad Auckland?","section_10_text":"Esplora Auckland in un modo unico e interattivo con i nostri City Games. Gioca oggi e crea ricordi indelebili!","section_10_cta":"Prenota subito il tuo City Game","latitude":-36.8535634,"longitude":174.7630772,"country":542,"map_enabled":true},"yoast_head":"<!-- This site is optimized with the Yoast SEO Premium plugin v26.2 (Yoast SEO v27.4) - https:\/\/yoast.com\/product\/yoast-seo-premium-wordpress\/ -->\n<title>City Game Auckland - City Game<\/title>\n<meta name=\"robots\" content=\"index, follow, max-snippet:-1, max-image-preview:large, max-video-preview:-1\" \/>\n<link rel=\"canonical\" href=\"https:\/\/citygame.com\/it\/luoghi\/city-game-new-zealand\/city-game-auckland-2\/\" \/>\n<meta property=\"og:locale\" content=\"it_IT\" \/>\n<meta property=\"og:type\" content=\"article\" \/>\n<meta property=\"og:title\" content=\"City Game Auckland\" \/>\n<meta property=\"og:url\" content=\"https:\/\/citygame.com\/it\/luoghi\/city-game-new-zealand\/city-game-auckland-2\/\" \/>\n<meta property=\"og:site_name\" content=\"City Game\" \/>\n<meta property=\"article:publisher\" content=\"https:\/\/www.facebook.com\/profile.php?id=100086426226253\" \/>\n<meta property=\"og:image\" content=\"https:\/\/citygame.com\/wp-content\/blogs.dir\/1\/files\/2026\/03\/auckland-harbour-bridge-skyline-sunset.jpeg\" \/>\n\t<meta property=\"og:image:width\" content=\"1920\" \/>\n\t<meta property=\"og:image:height\" content=\"1079\" \/>\n\t<meta property=\"og:image:type\" content=\"image\/jpeg\" \/>\n<meta name=\"twitter:card\" content=\"summary_large_image\" \/>\n<script type=\"application\/ld+json\" class=\"yoast-schema-graph\">{\"@context\":\"https:\\\/\\\/schema.org\",\"@graph\":[{\"@type\":\"WebPage\",\"@id\":\"https:\\\/\\\/citygame.com\\\/it\\\/luoghi\\\/city-game-new-zealand\\\/city-game-auckland-2\\\/\",\"url\":\"https:\\\/\\\/citygame.com\\\/it\\\/luoghi\\\/city-game-new-zealand\\\/city-game-auckland-2\\\/\",\"name\":\"City Game Auckland - City Game\",\"isPartOf\":{\"@id\":\"https:\\\/\\\/citygame.com\\\/it\\\/#website\"},\"primaryImageOfPage\":{\"@id\":\"https:\\\/\\\/citygame.com\\\/it\\\/luoghi\\\/city-game-new-zealand\\\/city-game-auckland-2\\\/#primaryimage\"},\"image\":{\"@id\":\"https:\\\/\\\/citygame.com\\\/it\\\/luoghi\\\/city-game-new-zealand\\\/city-game-auckland-2\\\/#primaryimage\"},\"thumbnailUrl\":\"https:\\\/\\\/citygame.com\\\/wp-content\\\/blogs.dir\\\/1\\\/files\\\/2026\\\/03\\\/auckland-harbour-bridge-skyline-sunset.jpeg\",\"datePublished\":\"2026-04-22T20:01:05+00:00\",\"breadcrumb\":{\"@id\":\"https:\\\/\\\/citygame.com\\\/it\\\/luoghi\\\/city-game-new-zealand\\\/city-game-auckland-2\\\/#breadcrumb\"},\"inLanguage\":\"it-IT\",\"potentialAction\":[{\"@type\":\"ReadAction\",\"target\":[\"https:\\\/\\\/citygame.com\\\/it\\\/luoghi\\\/city-game-new-zealand\\\/city-game-auckland-2\\\/\"]}]},{\"@type\":\"ImageObject\",\"inLanguage\":\"it-IT\",\"@id\":\"https:\\\/\\\/citygame.com\\\/it\\\/luoghi\\\/city-game-new-zealand\\\/city-game-auckland-2\\\/#primaryimage\",\"url\":\"https:\\\/\\\/citygame.com\\\/wp-content\\\/blogs.dir\\\/1\\\/files\\\/2026\\\/03\\\/auckland-harbour-bridge-skyline-sunset.jpeg\",\"contentUrl\":\"https:\\\/\\\/citygame.com\\\/wp-content\\\/blogs.dir\\\/1\\\/files\\\/2026\\\/03\\\/auckland-harbour-bridge-skyline-sunset.jpeg\",\"width\":1920,\"height\":1079,\"caption\":\"An aerial view of Auckland's Harbour Bridge and central business district at sunset. Photo: photonz (Unsplash)\"},{\"@type\":\"BreadcrumbList\",\"@id\":\"https:\\\/\\\/citygame.com\\\/it\\\/luoghi\\\/city-game-new-zealand\\\/city-game-auckland-2\\\/#breadcrumb\",\"itemListElement\":[{\"@type\":\"ListItem\",\"position\":1,\"name\":\"Home\",\"item\":\"https:\\\/\\\/citygame.com\\\/it\\\/\"},{\"@type\":\"ListItem\",\"position\":2,\"name\":\"Luoghi\",\"item\":\"https:\\\/\\\/citygame.com\\\/it\\\/luoghi\\\/\"},{\"@type\":\"ListItem\",\"position\":3,\"name\":\"City Game New Zealand\",\"item\":\"https:\\\/\\\/citygame.com\\\/it\\\/luoghi\\\/city-game-new-zealand\\\/\"},{\"@type\":\"ListItem\",\"position\":4,\"name\":\"City Game Auckland\"}]},{\"@type\":\"WebSite\",\"@id\":\"https:\\\/\\\/citygame.com\\\/it\\\/#website\",\"url\":\"https:\\\/\\\/citygame.com\\\/it\\\/\",\"name\":\"City Game\",\"description\":\"\",\"publisher\":{\"@id\":\"https:\\\/\\\/citygame.com\\\/it\\\/#organization\"},\"alternateName\":\"citygame.com\",\"potentialAction\":[{\"@type\":\"SearchAction\",\"target\":{\"@type\":\"EntryPoint\",\"urlTemplate\":\"https:\\\/\\\/citygame.com\\\/it\\\/?s={search_term_string}\"},\"query-input\":{\"@type\":\"PropertyValueSpecification\",\"valueRequired\":true,\"valueName\":\"search_term_string\"}}],\"inLanguage\":\"it-IT\"},{\"@type\":\"Organization\",\"@id\":\"https:\\\/\\\/citygame.com\\\/it\\\/#organization\",\"name\":\"City Game\",\"alternateName\":\"citygame.com\",\"url\":\"https:\\\/\\\/citygame.com\\\/it\\\/\",\"logo\":{\"@type\":\"ImageObject\",\"inLanguage\":\"it-IT\",\"@id\":\"https:\\\/\\\/citygame.com\\\/it\\\/#\\\/schema\\\/logo\\\/image\\\/\",\"url\":\"https:\\\/\\\/citygame.com\\\/wp-content\\\/blogs.dir\\\/1\\\/files\\\/2025\\\/10\\\/CG_LOGO-City-Game.png\",\"contentUrl\":\"https:\\\/\\\/citygame.com\\\/wp-content\\\/blogs.dir\\\/1\\\/files\\\/2025\\\/10\\\/CG_LOGO-City-Game.png\",\"width\":351,\"height\":377,\"caption\":\"City Game\"},\"image\":{\"@id\":\"https:\\\/\\\/citygame.com\\\/it\\\/#\\\/schema\\\/logo\\\/image\\\/\"},\"sameAs\":[\"https:\\\/\\\/www.facebook.com\\\/profile.php?id=100086426226253\",\"https:\\\/\\\/www.instagram.com\\\/citygame_com\",\"https:\\\/\\\/www.tiktok.com\\\/@citygamecom\\\/\",\"https:\\\/\\\/www.linkedin.com\\\/company\\\/citygame-com\"],\"description\":\"Turn any city into a playground with our interactive City Games and self-guided tours. Fun, flexible, and ideal for groups and team building.\"}]}<\/script>\n<!-- \/ Yoast SEO Premium plugin. -->","yoast_head_json":{"title":"City Game Auckland - City Game","robots":{"index":"index","follow":"follow","max-snippet":"max-snippet:-1","max-image-preview":"max-image-preview:large","max-video-preview":"max-video-preview:-1"},"canonical":"https:\/\/citygame.com\/it\/luoghi\/city-game-new-zealand\/city-game-auckland-2\/","og_locale":"it_IT","og_type":"article","og_title":"City Game Auckland","og_url":"https:\/\/citygame.com\/it\/luoghi\/city-game-new-zealand\/city-game-auckland-2\/","og_site_name":"City Game","article_publisher":"https:\/\/www.facebook.com\/profile.php?id=100086426226253","og_image":[{"width":1920,"height":1079,"url":"https:\/\/citygame.com\/wp-content\/blogs.dir\/1\/files\/2026\/03\/auckland-harbour-bridge-skyline-sunset.jpeg","type":"image\/jpeg"}],"twitter_card":"summary_large_image","schema":{"@context":"https:\/\/schema.org","@graph":[{"@type":"WebPage","@id":"https:\/\/citygame.com\/it\/luoghi\/city-game-new-zealand\/city-game-auckland-2\/","url":"https:\/\/citygame.com\/it\/luoghi\/city-game-new-zealand\/city-game-auckland-2\/","name":"City Game Auckland - City Game","isPartOf":{"@id":"https:\/\/citygame.com\/it\/#website"},"primaryImageOfPage":{"@id":"https:\/\/citygame.com\/it\/luoghi\/city-game-new-zealand\/city-game-auckland-2\/#primaryimage"},"image":{"@id":"https:\/\/citygame.com\/it\/luoghi\/city-game-new-zealand\/city-game-auckland-2\/#primaryimage"},"thumbnailUrl":"https:\/\/citygame.com\/wp-content\/blogs.dir\/1\/files\/2026\/03\/auckland-harbour-bridge-skyline-sunset.jpeg","datePublished":"2026-04-22T20:01:05+00:00","breadcrumb":{"@id":"https:\/\/citygame.com\/it\/luoghi\/city-game-new-zealand\/city-game-auckland-2\/#breadcrumb"},"inLanguage":"it-IT","potentialAction":[{"@type":"ReadAction","target":["https:\/\/citygame.com\/it\/luoghi\/city-game-new-zealand\/city-game-auckland-2\/"]}]},{"@type":"ImageObject","inLanguage":"it-IT","@id":"https:\/\/citygame.com\/it\/luoghi\/city-game-new-zealand\/city-game-auckland-2\/#primaryimage","url":"https:\/\/citygame.com\/wp-content\/blogs.dir\/1\/files\/2026\/03\/auckland-harbour-bridge-skyline-sunset.jpeg","contentUrl":"https:\/\/citygame.com\/wp-content\/blogs.dir\/1\/files\/2026\/03\/auckland-harbour-bridge-skyline-sunset.jpeg","width":1920,"height":1079,"caption":"An aerial view of Auckland's Harbour Bridge and central business district at sunset. Photo: photonz (Unsplash)"},{"@type":"BreadcrumbList","@id":"https:\/\/citygame.com\/it\/luoghi\/city-game-new-zealand\/city-game-auckland-2\/#breadcrumb","itemListElement":[{"@type":"ListItem","position":1,"name":"Home","item":"https:\/\/citygame.com\/it\/"},{"@type":"ListItem","position":2,"name":"Luoghi","item":"https:\/\/citygame.com\/it\/luoghi\/"},{"@type":"ListItem","position":3,"name":"City Game New Zealand","item":"https:\/\/citygame.com\/it\/luoghi\/city-game-new-zealand\/"},{"@type":"ListItem","position":4,"name":"City Game Auckland"}]},{"@type":"WebSite","@id":"https:\/\/citygame.com\/it\/#website","url":"https:\/\/citygame.com\/it\/","name":"City Game","description":"","publisher":{"@id":"https:\/\/citygame.com\/it\/#organization"},"alternateName":"citygame.com","potentialAction":[{"@type":"SearchAction","target":{"@type":"EntryPoint","urlTemplate":"https:\/\/citygame.com\/it\/?s={search_term_string}"},"query-input":{"@type":"PropertyValueSpecification","valueRequired":true,"valueName":"search_term_string"}}],"inLanguage":"it-IT"},{"@type":"Organization","@id":"https:\/\/citygame.com\/it\/#organization","name":"City Game","alternateName":"citygame.com","url":"https:\/\/citygame.com\/it\/","logo":{"@type":"ImageObject","inLanguage":"it-IT","@id":"https:\/\/citygame.com\/it\/#\/schema\/logo\/image\/","url":"https:\/\/citygame.com\/wp-content\/blogs.dir\/1\/files\/2025\/10\/CG_LOGO-City-Game.png","contentUrl":"https:\/\/citygame.com\/wp-content\/blogs.dir\/1\/files\/2025\/10\/CG_LOGO-City-Game.png","width":351,"height":377,"caption":"City Game"},"image":{"@id":"https:\/\/citygame.com\/it\/#\/schema\/logo\/image\/"},"sameAs":["https:\/\/www.facebook.com\/profile.php?id=100086426226253","https:\/\/www.instagram.com\/citygame_com","https:\/\/www.tiktok.com\/@citygamecom\/","https:\/\/www.linkedin.com\/company\/citygame-com"],"description":"Turn any city into a playground with our interactive City Games and self-guided tours. Fun, flexible, and ideal for groups and team building."}]}},"taxonomy_info":{"cities-only-parent-location":[{"value":542,"label":"New-zealand"}],"cg_page_type":[{"value":45,"label":"City overview page"}]},"featured_image_src_large":["https:\/\/citygame.com\/wp-content\/blogs.dir\/1\/files\/2026\/03\/auckland-harbour-bridge-skyline-sunset-1024x575.jpeg",1024,575,true],"author_info":{"display_name":"Philip","author_link":"https:\/\/citygame.com\/it\/blog\/author\/sophi2\/"},"comment_info":0,"wpml_current_locale":"it_IT","wpml_translations":{"nl_NL":{"locale":"nl_NL","id":226647,"slug":"city-game-auckland-2","post_title":"City Game Auckland","href":"https:\/\/citygame.com\/nl\/locaties\/city-game-new-zealand\/city-game-auckland-2\/"},"en_US":{"locale":"en_US","id":13138,"slug":"city-game-auckland","post_title":"City Game Auckland","href":"https:\/\/citygame.com\/locations\/new-zealand\/city-game-auckland\/"},"fr_FR":{"locale":"fr_FR","id":226657,"slug":"city-game-auckland-2","post_title":"City Game Auckland","href":"https:\/\/citygame.com\/fr\/emplacements\/city-game-nouvelle-zelande\/city-game-auckland-2\/"},"de_DE":{"locale":"de_DE","id":226650,"slug":"city-game-auckland-2","post_title":"City Game Auckland","href":"https:\/\/citygame.com\/de\/standorte\/city-game-neuseeland\/city-game-auckland-2\/"},"it_IT":{"locale":"it_IT","translation":"current"},"es_ES":{"locale":"es_ES","id":226654,"slug":"city-game-auckland-2","post_title":"City Game Auckland","href":"https:\/\/citygame.com\/es\/localizaciones\/city-game-new-zealand\/city-game-auckland-2\/"}},"_links":{"self":[{"href":"https:\/\/citygame.com\/it\/wp-json\/wp\/v2\/pages\/226660","targetHints":{"allow":["GET"]}}],"collection":[{"href":"https:\/\/citygame.com\/it\/wp-json\/wp\/v2\/pages"}],"about":[{"href":"https:\/\/citygame.com\/it\/wp-json\/wp\/v2\/types\/page"}],"author":[{"embeddable":true,"href":"https:\/\/citygame.com\/it\/wp-json\/wp\/v2\/users\/78"}],"replies":[{"embeddable":true,"href":"https:\/\/citygame.com\/it\/wp-json\/wp\/v2\/comments?post=226660"}],"version-history":[{"count":0,"href":"https:\/\/citygame.com\/it\/wp-json\/wp\/v2\/pages\/226660\/revisions"}],"up":[{"embeddable":true,"href":"https:\/\/citygame.com\/it\/wp-json\/wp\/v2\/pages\/226530"}],"acf:term":[{"embeddable":true,"taxonomy":"cities-only-parent-location","href":"https:\/\/citygame.com\/it\/wp-json\/wp\/v2\/cities-only-parent-location\/542"},{"embeddable":true,"taxonomy":"location","href":"https:\/\/citygame.com\/it\/wp-json\/wp\/v2\/location\/73"}],"wp:featuredmedia":[{"embeddable":true,"href":"https:\/\/citygame.com\/it\/wp-json\/wp\/v2\/media\/16352"}],"wp:attachment":[{"href":"https:\/\/citygame.com\/it\/wp-json\/wp\/v2\/media?parent=226660"}],"wp:term":[{"taxonomy":"cities-only-parent-location","embeddable":true,"href":"https:\/\/citygame.com\/it\/wp-json\/wp\/v2\/cities-only-parent-location?post=226660"},{"taxonomy":"countries-only-parent-locations","embeddable":true,"href":"https:\/\/citygame.com\/it\/wp-json\/wp\/v2\/countries-only-parent-locations?post=226660"},{"taxonomy":"seo_keyword","embeddable":true,"href":"https:\/\/citygame.com\/it\/wp-json\/wp\/v2\/seo_keyword?post=226660"},{"taxonomy":"cg_page_type","embeddable":true,"href":"https:\/\/citygame.com\/it\/wp-json\/wp\/v2\/cg_page_type?post=226660"}],"curies":[{"name":"wp","href":"https:\/\/api.w.org\/{rel}","templated":true}]}}