{"id":226767,"date":"2026-04-23T07:56:19","date_gmt":"2026-04-23T07:56:19","guid":{"rendered":"https:\/\/citygame.com\/locations\/singapore\/city-game-singapore\/"},"modified":"2026-04-23T07:56:19","modified_gmt":"2026-04-23T07:56:19","slug":"city-game-singapore","status":"publish","type":"page","link":"https:\/\/citygame.com\/it\/luoghi\/city-game-singapore\/city-game-singapore\/","title":{"rendered":"City Game Singapore"},"content":{"rendered":"","protected":false},"excerpt":{"rendered":"","protected":false},"author":78,"featured_media":13150,"parent":226783,"menu_order":0,"comment_status":"closed","ping_status":"closed","template":"","meta":{"_acf_changed":false,"_yoast_wpseo_focuskw":"City Game Singapore","_yoast_wpseo_metadesc":"","_kad_blocks_custom_css":"","_kad_blocks_head_custom_js":"","_kad_blocks_body_custom_js":"","_kad_blocks_footer_custom_js":"","_kad_post_transparent":"","_kad_post_title":"","_kad_post_layout":"","_kad_post_sidebar_id":"","_kad_post_content_style":"","_kad_post_vertical_padding":"","_kad_post_feature":"","_kad_post_feature_position":"","_kad_post_header":false,"_kad_post_footer":false,"_kad_post_classname":"","footnotes":""},"cities-only-parent-location":[545],"countries-only-parent-locations":[],"seo_keyword":[],"cg_page_type":[45],"class_list":["post-226767","page","type-page","status-publish","has-post-thumbnail","hentry","cities-only-parent-location-singapore","cg_page_type-city-overview-page"],"acf":{"city_name":"Singapore","select_city":588,"section_1_h2_city_games_in_city":"City Games in Singapore","intro_text":"City Games sono disponibili a Singapore, offrendo un modo interattivo per esplorare la citt\u00e0 tramite il tuo smartphone. Man mano che ti muovi in diverse zone, risolverai enigmi e affronterai sfide al tuo ritmo in un'esperienza autonoma. I giochi combinano navigazione digitale con compiti sul posto per creare un'avventura urbana coinvolgente.","section_1_usp_1":"Avvia, metti in pausa e riprendi quando vuoi","section_1_usp_2":"Gioca in modo indipendente","section_1_usp_3":"1-4 o 2-5 persone per smartphone, a seconda del tuo gioco","section_1_usp_4":"1,5-2 ore di tempo di gioco","section_1_usp_5":"3-4 km di percorso a piedi","section_1_usp_6":"Connessione Internet necessaria","section_1_text_2":"Scegli il tuo City Game e inizia a giocare oggi!","section_1_cta":"Controlla tutti i City Games","intro_image":13151,"section_2_h2_all_city_games_in_city":"All City Games in Singapore","section_3_h2_how_city_games_work_in_city":"Come funzionano City Games a Singapore","section_3_text":"City Games in Singapore sono esperienze completamente auto-guidate che ti permettono di esplorare la citt\u00e0 al tuo ritmo. Utilizzando il tuo smartphone, attraverserai il centro della citt\u00e0 risolvendo enigmi, affrontando sfide e seguendo la trama del tuo City Game scelto.\r\n\r\nDecidi tu quando iniziare, dove fare pause e quanto velocemente giocare. Non \u00e8 necessaria una guida, n\u00e9 orari o prenotazioni.","section_3_usp_1":"Gioca in squadre di amici, famiglia o colleghi","section_3_usp_2":"Inizia quando vuoi, nessuna guida o personale necessario","section_3_usp_3":"Usa il tuo smartphone o tablet","section_3_usp_4":"Cammina per la citt\u00e0 risolvendo enigmi e sfide","section_3_usp_5":"Scopri curiosit\u00e0 sulla storia, cultura e luoghi di interesse","section_3_usp_6":"Disponibile in pi\u00f9 lingue","section_3_cta":"Scegli il tuo City Game","section_3_step_1":"Passo 1","section_3_step_1_title":"Prenota il tuo City Game","section_3_step_1_text":"Scegli la tua citt\u00e0 e il tuo gioco e ricevi tutto immediatamente dopo la prenotazione.","section_3_step_2":"Passo 2","section_3_step_2_title":"Controlla le istruzioni","section_3_step_2_text":"Apri l'email di conferma con il punto di partenza e come iniziare a giocare.","section_3_step_3":"Passo 3","section_3_step_3_title":"Vai al punto di partenza","section_3_step_3_text":"Dirigiti verso il punto di partenza quando vuoi, senza orario fisso.","section_3_step_4":"Passo 4","section_3_step_4_title":"Inizia a giocare","section_3_step_4_text":"Segui gli indizi, risolvi enigmi e esplora la citt\u00e0 al tuo ritmo!","how_city_games_work_image":13152,"section_4_h2_who_are_city_games_in_city_for":"Per chi sono City Games in Singapore?","section_4_text":"City Games in Singapore sono pensati per chiunque voglia vivere la citt\u00e0 in modo interattivo e flessibile. Che tu stia visitando Singapore per la prima volta o conosca gi\u00e0 bene la citt\u00e0, City Games offrono un'attivit\u00e0 divertente che si inserisce facilmente nella tua giornata.","section_4_text_2":"City Games in Singapore sono adatti a:","section_4_usp_1":"Giocatori singoli o piccoli gruppi in cerca di un'avventura flessibile","section_4_usp_2":"Turisti che esplorano Singapore","section_4_usp_3":"Amici e famiglie in cerca di un'attivit\u00e0 divertente","section_4_usp_4":"Aziende e team che pianificano un evento di team building","section_4_usp_5":"Residenti locali che vogliono riscoprire la loro citt\u00e0","section_4_cta":"Scegli il tuo City Game","who_are_city_games_for_image":13153,"section_5_h2_exploring_city":"Esplorare Singapore","exploring_city_text":"Esplorare Singapore rivela una citt\u00e0 modellata dal contrasto e dall'armonia, dove la modernit\u00e0 snella incontra la ricca tradizione. Il fascino dell'era coloniale del Civic District, con i suoi edifici neoclassici e le passeggiate lungo il fiume, offre un ritmo pi\u00f9 tranquillo e una prospettiva pi\u00f9 profonda sulla storia stratificata della citt\u00e0. Non lontano, i giardini verticali e le strutture futuristiche di Marina Bay cambiano tono, creando un forte senso di movimento attraverso l'innovazione e il design.\r\n\r\nGli enclave etnici di Little India, Kampong Glam e Chinatown offrono ritmi e texture distinti, riflettendo le radici multiculturali di Singapore nei modelli della vita quotidiana. Passeggiare in questi quartieri porta sottili cambiamenti nell'architettura, nell'aroma e nel suono che segnano transizioni nel tempo e nella cultura in soli pochi isolati. Questo intreccio di patrimonio preservato e sviluppo contemporaneo rende l'organizzazione della citt\u00e0 sia compatta che in continua evoluzione.","exploring_city_image":13154,"section_6_h2_hosted_game":"Your favourite City Games, professionally hosted by our team","section_6_text":"Goditi gli stessi City Games della nostra versione auto-guidata, ma con pieno supporto in loco da parte dei nostri host professionisti. Ci occupiamo del briefing, dei tablet, della coordinazione e del supporto tecnico, cos\u00ec il tuo gruppo pu\u00f2 concentrarsi interamente sul divertimento e sulla competizione.","section_6_text_2":"Cosa \u00e8 incluso:","section_6_usp_1_title":"Same City Game, fully hosted","section_6_usp_1_text":"You play the exact same experience as our self-guided version, now with our hosts guiding your group.","section_6_usp_2_title":"Live ranking & prize ceremony","section_6_usp_2_text":"For larger groups, our hosts reveal the final scores and announce the winning team with a fun award moment.","section_6_usp_3_title":"Hosted start & finish","section_6_usp_3_text":"We welcome your group, explain the game clearly and end with an exciting wrap-up.","section_6_usp_4_title":"Real-time support during the game","section_6_usp_4_text":"Our team assists with devices, app issues and coordination throughout the experience.","section_6_usp_5_title":"Tablets included (optional)","section_6_usp_5_text":"Available for groups who prefer using our devices instead of their own.","section_6_text_3":"Trusted by teams worldwide, from small groups to large corporate events.","section_6_cta":"Pianifica il tuo evento di gruppo","section_7_h2_reviews":"Cosa ne pensano gli altri dei nostri City Games","section_7_cta_1":"Tutte le recensioni","section_7_cta_2":"Scrivi una recensione","section_8_h2_faq":"Hai domande? Abbiamo risposte!","section_8_text":"Consulta le nostre domande frequenti e scopri tutto ci\u00f2 che vuoi sapere. La tua domanda non \u00e8 tra queste? Sentiti libero di contattarci.","section_8_cta_1":"Visualizza tutte le domande frequenti","section_8_cta_2":"Richiedi supporto","section_8_question_1":"Cosa sono City Games in Singapore?","section_8_answer_1":"City Games in Singapore sono <strong>esperienze interattive e autoguidate<\/strong> che ti permettono di esplorare la citt\u00e0 mentre giochi!rnrnUsando il tuo smartphone, risolvi enigmi, affronti sfide e segui la trama del tuo City Game scelto mentre cammini per la citt\u00e0.rnrnCity Games combinano lavoro di squadra, problem solving e esplorazione all'aperto, rendendole un'attivit\u00e0 divertente per visitatori, residenti e gruppi.","section_8_question_2":"Ho bisogno di una guida per giocare a un City Game a Singapore?","section_8_answer_2":"<p class=\"kt-adv-heading2034_2420ea-ca wp-block-kadence-advancedheading\" data-kb-block=\"kb-adv-heading2034_2420ea-ca\">No, City Games in Singapore sono <strong>completamente auto-guidate<\/strong>. Non hai bisogno di una guida, di un host o dello staff in loco per giocare. Tutte le istruzioni e il gameplay sono forniti digitalmente, permettendoti di iniziare e giocare in modo indipendente usando il tuo smartphone.<\/p>rnQuesta flessibilit\u00e0 rende City Games facili da inserire nel tuo calendario.rn<p class=\"kt-adv-heading2034_cd3db2-33 wp-block-kadence-advancedheading hls-none\" data-kb-block=\"kb-adv-heading2034_cd3db2-33\">Per gruppi pi\u00f9 grandi o eventi aziendali, \u00e8 disponibile anche una versione completamente ospitata dei nostri City Games, inclusa guida in loco, tablet e supporto live.<\/p>rnStai pianificando un gruppo pi\u00f9 grande o un evento aziendale?","section_8_answer_2_cta":"Esplora l'esperienza City Game ospitata per gruppi","section_8_question_3":"Quando possiamo iniziare a giocare a un City Game a Singapore?","section_8_answer_3":"Puoi iniziare a giocare <strong>quando ti \u00e8 pi\u00f9 comodo<\/strong>! City Games in Singapore non hanno orari di inizio fissi, quindi sei libero di iniziare in un momento che si adatta ai tuoi piani.rnrnDopo la prenotazione, riceverai istruzioni chiare che spiegano come e quando puoi iniziare il tuo City Game!","section_8_question_4":"Quanto tempo richiede un City Game a Singapore?","section_8_answer_4":"Le City Games in Singapore richiedono <strong>circa 1,5-2 ore<\/strong> per essere completate! La durata esatta dipende dal tuo ritmo, dal numero di pause che fai e da quanto velocemente risolvi enigmi e sfide.rnrnPuoi giocare al tuo ritmo e mettere in pausa il gioco ogni volta che vuoi!","section_8_question_5":"Possiamo giocare a City Game in Singapore con un gruppo numeroso?","section_8_answer_5":"<p class=\"kt-adv-heading2034_97743b-76 wp-block-kadence-advancedheading\" data-kb-block=\"kb-adv-heading2034_97743b-76\">S\u00ec, City Games sono adatti sia a <strong>piccoli gruppi sia a team pi\u00f9 grandi<\/strong>. Gruppi numerosi possono facilmente dividersi in team pi\u00f9 piccoli e giocare al City Game contemporaneamente, usando pi\u00f9 smartphone. Ogni team gioca in modo indipendente, seguendo lo stesso concetto di gioco e la stessa storia.<\/p>rnQuesto allestimento funziona bene per gruppi di amici, famiglie e aziende, e rende City Games una scelta popolare per uscite di gruppo, eventi e attivit\u00e0 di teambuilding.rn<p class=\"kt-adv-heading2034_7442e3-e3 wp-block-kadence-advancedheading hls-none\" data-kb-block=\"kb-adv-heading2034_7442e3-e3\">Per gruppi pi\u00f9 grandi o eventi aziendali, \u00e8 disponibile anche una versione completamente ospitata dei nostri City Games, inclusa guida in loco, tablet e supporto live.<\/p>rnPianificare una gruppo pi\u00f9 grande o un evento aziendale?","section_8_answer_5_cta":"Esplora l'esperienza City Game ospitata per gruppi","section_8_question_6":"Are City Games in Singapore suitable for tourists and locals?","section_8_answer_6":"S\u00ec, City Games in Singapore sono adatti sia a <strong>turisti che residenti<\/strong>. I visitatori possono vivere la citt\u00e0 in modo interattivo, mentre i residenti possono godere delle strade familiari come sfondo per un City Game.rnrnPoich\u00e9 ogni City Game si concentra sul gameplay e sulla narrazione, l'esperienza risulta fresca indipendentemente da quanto conosci bene la citt\u00e0.","section_8_question_7":"Are City Games in Singapore available in multiple languages?","section_8_answer_7":"S\u00ec, City Games in Singapore sono <strong>disponibili in pi\u00f9 lingue<\/strong>. Puoi selezionare la tua lingua preferita prima o durante il gioco, rendendo City Games accessibili per visitatori internazionali e gruppi multilingue.","section_8_question_8":"What do we need to play a City Game in Singapore?","section_8_answer_8":"Per giocare a City Game a Singapore, hai bisogno di:","section_8_answer_8_usp_1":"Uno smartphone con connessione a Internet","section_8_answer_8_usp_2":"Una batteria carica","section_8_answer_8_usp_3":"Scarpe comode per camminare","section_8_answer_8_2":"Tutti i contenuti del gioco e le istruzioni sono forniti digitalmente dopo la prenotazione.","section_9_h2_instagram":"Vedi di pi\u00f9 su Instagram","section_9_text":"Ispirazioni di viaggio, enigmi, tesori nascosti e momenti City Game, direttamente dalla nostra community","section_9_cta":"Seguici su Instagram","section_10_h2_page_ending":"Pronto per un'avventura indimenticabile a Singapore?","section_10_text":"Esplora Singapore in modo unico e interattivo con i nostri City Games. Gioca oggi e crea ricordi indelebili!","section_10_cta":"Prenota il tuo City Game ora","latitude":1.2846129,"longitude":103.8466747,"country":545,"map_enabled":true},"yoast_head":"<!-- This site is optimized with the Yoast SEO Premium plugin v26.2 (Yoast SEO v27.4) - https:\/\/yoast.com\/product\/yoast-seo-premium-wordpress\/ -->\n<title>City Game Singapore - City Game<\/title>\n<meta name=\"robots\" content=\"index, follow, max-snippet:-1, max-image-preview:large, max-video-preview:-1\" \/>\n<link rel=\"canonical\" href=\"https:\/\/citygame.com\/it\/luoghi\/city-game-singapore\/city-game-singapore\/\" \/>\n<meta property=\"og:locale\" content=\"it_IT\" \/>\n<meta property=\"og:type\" content=\"article\" \/>\n<meta property=\"og:title\" content=\"City Game Singapore\" \/>\n<meta property=\"og:url\" content=\"https:\/\/citygame.com\/it\/luoghi\/city-game-singapore\/city-game-singapore\/\" \/>\n<meta property=\"og:site_name\" content=\"City Game\" \/>\n<meta property=\"article:publisher\" content=\"https:\/\/www.facebook.com\/profile.php?id=100086426226253\" \/>\n<meta property=\"og:image\" content=\"https:\/\/citygame.com\/wp-content\/blogs.dir\/1\/files\/2026\/02\/singapore-marina-bay-sands-sunset.jpg\" \/>\n\t<meta property=\"og:image:width\" content=\"1376\" \/>\n\t<meta property=\"og:image:height\" content=\"768\" \/>\n\t<meta property=\"og:image:type\" content=\"image\/jpeg\" \/>\n<meta name=\"twitter:card\" content=\"summary_large_image\" \/>\n<script type=\"application\/ld+json\" class=\"yoast-schema-graph\">{\"@context\":\"https:\\\/\\\/schema.org\",\"@graph\":[{\"@type\":\"WebPage\",\"@id\":\"https:\\\/\\\/citygame.com\\\/it\\\/luoghi\\\/city-game-singapore\\\/city-game-singapore\\\/\",\"url\":\"https:\\\/\\\/citygame.com\\\/it\\\/luoghi\\\/city-game-singapore\\\/city-game-singapore\\\/\",\"name\":\"City Game Singapore - City Game\",\"isPartOf\":{\"@id\":\"https:\\\/\\\/citygame.com\\\/it\\\/#website\"},\"primaryImageOfPage\":{\"@id\":\"https:\\\/\\\/citygame.com\\\/it\\\/luoghi\\\/city-game-singapore\\\/city-game-singapore\\\/#primaryimage\"},\"image\":{\"@id\":\"https:\\\/\\\/citygame.com\\\/it\\\/luoghi\\\/city-game-singapore\\\/city-game-singapore\\\/#primaryimage\"},\"thumbnailUrl\":\"https:\\\/\\\/citygame.com\\\/wp-content\\\/blogs.dir\\\/1\\\/files\\\/2026\\\/02\\\/singapore-marina-bay-sands-sunset.jpg\",\"datePublished\":\"2026-04-23T07:56:19+00:00\",\"breadcrumb\":{\"@id\":\"https:\\\/\\\/citygame.com\\\/it\\\/luoghi\\\/city-game-singapore\\\/city-game-singapore\\\/#breadcrumb\"},\"inLanguage\":\"it-IT\",\"potentialAction\":[{\"@type\":\"ReadAction\",\"target\":[\"https:\\\/\\\/citygame.com\\\/it\\\/luoghi\\\/city-game-singapore\\\/city-game-singapore\\\/\"]}]},{\"@type\":\"ImageObject\",\"inLanguage\":\"it-IT\",\"@id\":\"https:\\\/\\\/citygame.com\\\/it\\\/luoghi\\\/city-game-singapore\\\/city-game-singapore\\\/#primaryimage\",\"url\":\"https:\\\/\\\/citygame.com\\\/wp-content\\\/blogs.dir\\\/1\\\/files\\\/2026\\\/02\\\/singapore-marina-bay-sands-sunset.jpg\",\"contentUrl\":\"https:\\\/\\\/citygame.com\\\/wp-content\\\/blogs.dir\\\/1\\\/files\\\/2026\\\/02\\\/singapore-marina-bay-sands-sunset.jpg\",\"width\":1376,\"height\":768,\"caption\":\"The iconic Marina Bay Sands hotel and the modern Singapore skyline viewed across the water at sunset.\"},{\"@type\":\"BreadcrumbList\",\"@id\":\"https:\\\/\\\/citygame.com\\\/it\\\/luoghi\\\/city-game-singapore\\\/city-game-singapore\\\/#breadcrumb\",\"itemListElement\":[{\"@type\":\"ListItem\",\"position\":1,\"name\":\"Home\",\"item\":\"https:\\\/\\\/citygame.com\\\/it\\\/\"},{\"@type\":\"ListItem\",\"position\":2,\"name\":\"Luoghi\",\"item\":\"https:\\\/\\\/citygame.com\\\/it\\\/luoghi\\\/\"},{\"@type\":\"ListItem\",\"position\":3,\"name\":\"City Game Singapore\",\"item\":\"https:\\\/\\\/citygame.com\\\/it\\\/luoghi\\\/city-game-singapore\\\/\"},{\"@type\":\"ListItem\",\"position\":4,\"name\":\"City Game Singapore\"}]},{\"@type\":\"WebSite\",\"@id\":\"https:\\\/\\\/citygame.com\\\/it\\\/#website\",\"url\":\"https:\\\/\\\/citygame.com\\\/it\\\/\",\"name\":\"City Game\",\"description\":\"\",\"publisher\":{\"@id\":\"https:\\\/\\\/citygame.com\\\/it\\\/#organization\"},\"alternateName\":\"citygame.com\",\"potentialAction\":[{\"@type\":\"SearchAction\",\"target\":{\"@type\":\"EntryPoint\",\"urlTemplate\":\"https:\\\/\\\/citygame.com\\\/it\\\/?s={search_term_string}\"},\"query-input\":{\"@type\":\"PropertyValueSpecification\",\"valueRequired\":true,\"valueName\":\"search_term_string\"}}],\"inLanguage\":\"it-IT\"},{\"@type\":\"Organization\",\"@id\":\"https:\\\/\\\/citygame.com\\\/it\\\/#organization\",\"name\":\"City Game\",\"alternateName\":\"citygame.com\",\"url\":\"https:\\\/\\\/citygame.com\\\/it\\\/\",\"logo\":{\"@type\":\"ImageObject\",\"inLanguage\":\"it-IT\",\"@id\":\"https:\\\/\\\/citygame.com\\\/it\\\/#\\\/schema\\\/logo\\\/image\\\/\",\"url\":\"https:\\\/\\\/citygame.com\\\/wp-content\\\/blogs.dir\\\/1\\\/files\\\/2025\\\/10\\\/CG_LOGO-City-Game.png\",\"contentUrl\":\"https:\\\/\\\/citygame.com\\\/wp-content\\\/blogs.dir\\\/1\\\/files\\\/2025\\\/10\\\/CG_LOGO-City-Game.png\",\"width\":351,\"height\":377,\"caption\":\"City Game\"},\"image\":{\"@id\":\"https:\\\/\\\/citygame.com\\\/it\\\/#\\\/schema\\\/logo\\\/image\\\/\"},\"sameAs\":[\"https:\\\/\\\/www.facebook.com\\\/profile.php?id=100086426226253\",\"https:\\\/\\\/www.instagram.com\\\/citygame_com\",\"https:\\\/\\\/www.tiktok.com\\\/@citygamecom\\\/\",\"https:\\\/\\\/www.linkedin.com\\\/company\\\/citygame-com\"],\"description\":\"Turn any city into a playground with our interactive City Games and self-guided tours. Fun, flexible, and ideal for groups and team building.\"}]}<\/script>\n<!-- \/ Yoast SEO Premium plugin. -->","yoast_head_json":{"title":"City Game Singapore - City Game","robots":{"index":"index","follow":"follow","max-snippet":"max-snippet:-1","max-image-preview":"max-image-preview:large","max-video-preview":"max-video-preview:-1"},"canonical":"https:\/\/citygame.com\/it\/luoghi\/city-game-singapore\/city-game-singapore\/","og_locale":"it_IT","og_type":"article","og_title":"City Game Singapore","og_url":"https:\/\/citygame.com\/it\/luoghi\/city-game-singapore\/city-game-singapore\/","og_site_name":"City Game","article_publisher":"https:\/\/www.facebook.com\/profile.php?id=100086426226253","og_image":[{"width":1376,"height":768,"url":"https:\/\/citygame.com\/wp-content\/blogs.dir\/1\/files\/2026\/02\/singapore-marina-bay-sands-sunset.jpg","type":"image\/jpeg"}],"twitter_card":"summary_large_image","schema":{"@context":"https:\/\/schema.org","@graph":[{"@type":"WebPage","@id":"https:\/\/citygame.com\/it\/luoghi\/city-game-singapore\/city-game-singapore\/","url":"https:\/\/citygame.com\/it\/luoghi\/city-game-singapore\/city-game-singapore\/","name":"City Game Singapore - City Game","isPartOf":{"@id":"https:\/\/citygame.com\/it\/#website"},"primaryImageOfPage":{"@id":"https:\/\/citygame.com\/it\/luoghi\/city-game-singapore\/city-game-singapore\/#primaryimage"},"image":{"@id":"https:\/\/citygame.com\/it\/luoghi\/city-game-singapore\/city-game-singapore\/#primaryimage"},"thumbnailUrl":"https:\/\/citygame.com\/wp-content\/blogs.dir\/1\/files\/2026\/02\/singapore-marina-bay-sands-sunset.jpg","datePublished":"2026-04-23T07:56:19+00:00","breadcrumb":{"@id":"https:\/\/citygame.com\/it\/luoghi\/city-game-singapore\/city-game-singapore\/#breadcrumb"},"inLanguage":"it-IT","potentialAction":[{"@type":"ReadAction","target":["https:\/\/citygame.com\/it\/luoghi\/city-game-singapore\/city-game-singapore\/"]}]},{"@type":"ImageObject","inLanguage":"it-IT","@id":"https:\/\/citygame.com\/it\/luoghi\/city-game-singapore\/city-game-singapore\/#primaryimage","url":"https:\/\/citygame.com\/wp-content\/blogs.dir\/1\/files\/2026\/02\/singapore-marina-bay-sands-sunset.jpg","contentUrl":"https:\/\/citygame.com\/wp-content\/blogs.dir\/1\/files\/2026\/02\/singapore-marina-bay-sands-sunset.jpg","width":1376,"height":768,"caption":"The iconic Marina Bay Sands hotel and the modern Singapore skyline viewed across the water at sunset."},{"@type":"BreadcrumbList","@id":"https:\/\/citygame.com\/it\/luoghi\/city-game-singapore\/city-game-singapore\/#breadcrumb","itemListElement":[{"@type":"ListItem","position":1,"name":"Home","item":"https:\/\/citygame.com\/it\/"},{"@type":"ListItem","position":2,"name":"Luoghi","item":"https:\/\/citygame.com\/it\/luoghi\/"},{"@type":"ListItem","position":3,"name":"City Game Singapore","item":"https:\/\/citygame.com\/it\/luoghi\/city-game-singapore\/"},{"@type":"ListItem","position":4,"name":"City Game Singapore"}]},{"@type":"WebSite","@id":"https:\/\/citygame.com\/it\/#website","url":"https:\/\/citygame.com\/it\/","name":"City Game","description":"","publisher":{"@id":"https:\/\/citygame.com\/it\/#organization"},"alternateName":"citygame.com","potentialAction":[{"@type":"SearchAction","target":{"@type":"EntryPoint","urlTemplate":"https:\/\/citygame.com\/it\/?s={search_term_string}"},"query-input":{"@type":"PropertyValueSpecification","valueRequired":true,"valueName":"search_term_string"}}],"inLanguage":"it-IT"},{"@type":"Organization","@id":"https:\/\/citygame.com\/it\/#organization","name":"City Game","alternateName":"citygame.com","url":"https:\/\/citygame.com\/it\/","logo":{"@type":"ImageObject","inLanguage":"it-IT","@id":"https:\/\/citygame.com\/it\/#\/schema\/logo\/image\/","url":"https:\/\/citygame.com\/wp-content\/blogs.dir\/1\/files\/2025\/10\/CG_LOGO-City-Game.png","contentUrl":"https:\/\/citygame.com\/wp-content\/blogs.dir\/1\/files\/2025\/10\/CG_LOGO-City-Game.png","width":351,"height":377,"caption":"City Game"},"image":{"@id":"https:\/\/citygame.com\/it\/#\/schema\/logo\/image\/"},"sameAs":["https:\/\/www.facebook.com\/profile.php?id=100086426226253","https:\/\/www.instagram.com\/citygame_com","https:\/\/www.tiktok.com\/@citygamecom\/","https:\/\/www.linkedin.com\/company\/citygame-com"],"description":"Turn any city into a playground with our interactive City Games and self-guided tours. Fun, flexible, and ideal for groups and team building."}]}},"taxonomy_info":{"cities-only-parent-location":[{"value":545,"label":"Singapore"}],"cg_page_type":[{"value":45,"label":"City overview page"}]},"featured_image_src_large":["https:\/\/citygame.com\/wp-content\/blogs.dir\/1\/files\/2026\/02\/singapore-marina-bay-sands-sunset-1024x572.jpg",1024,572,true],"author_info":{"display_name":"Philip","author_link":"https:\/\/citygame.com\/it\/blog\/author\/sophi2\/"},"comment_info":0,"wpml_current_locale":"it_IT","wpml_translations":{"nl_NL":{"locale":"nl_NL","id":226737,"slug":"city-game-singapore","post_title":"City Game Singapore","href":"https:\/\/citygame.com\/nl\/locaties\/city-game-singapore\/city-game-singapore\/"},"en_US":{"locale":"en_US","id":13161,"slug":"city-game-singapore-singapore","post_title":"City Game Singapore","href":"https:\/\/citygame.com\/locations\/singapore\/city-game-singapore-singapore\/"},"fr_FR":{"locale":"fr_FR","id":226757,"slug":"city-game-singapour","post_title":"City Game Singapour","href":"https:\/\/citygame.com\/fr\/emplacements\/city-game-singapour\/city-game-singapour\/"},"de_DE":{"locale":"de_DE","id":226742,"slug":"city-game-singapur","post_title":"City Game Singapur","href":"https:\/\/citygame.com\/de\/standorte\/city-game-singapore\/city-game-singapur\/"},"it_IT":{"locale":"it_IT","translation":"current"},"es_ES":{"locale":"es_ES","id":226750,"slug":"city-game-singapur","post_title":"City Game Singapur","href":"https:\/\/citygame.com\/es\/localizaciones\/city-game-singapur\/city-game-singapur\/"}},"_links":{"self":[{"href":"https:\/\/citygame.com\/it\/wp-json\/wp\/v2\/pages\/226767","targetHints":{"allow":["GET"]}}],"collection":[{"href":"https:\/\/citygame.com\/it\/wp-json\/wp\/v2\/pages"}],"about":[{"href":"https:\/\/citygame.com\/it\/wp-json\/wp\/v2\/types\/page"}],"author":[{"embeddable":true,"href":"https:\/\/citygame.com\/it\/wp-json\/wp\/v2\/users\/78"}],"replies":[{"embeddable":true,"href":"https:\/\/citygame.com\/it\/wp-json\/wp\/v2\/comments?post=226767"}],"version-history":[{"count":0,"href":"https:\/\/citygame.com\/it\/wp-json\/wp\/v2\/pages\/226767\/revisions"}],"up":[{"embeddable":true,"href":"https:\/\/citygame.com\/it\/wp-json\/wp\/v2\/pages\/226783"}],"acf:term":[{"embeddable":true,"taxonomy":"cities-only-parent-location","href":"https:\/\/citygame.com\/it\/wp-json\/wp\/v2\/cities-only-parent-location\/545"},{"embeddable":true,"taxonomy":"location","href":"https:\/\/citygame.com\/it\/wp-json\/wp\/v2\/location\/588"}],"wp:featuredmedia":[{"embeddable":true,"href":"https:\/\/citygame.com\/it\/wp-json\/wp\/v2\/media\/13150"}],"wp:attachment":[{"href":"https:\/\/citygame.com\/it\/wp-json\/wp\/v2\/media?parent=226767"}],"wp:term":[{"taxonomy":"cities-only-parent-location","embeddable":true,"href":"https:\/\/citygame.com\/it\/wp-json\/wp\/v2\/cities-only-parent-location?post=226767"},{"taxonomy":"countries-only-parent-locations","embeddable":true,"href":"https:\/\/citygame.com\/it\/wp-json\/wp\/v2\/countries-only-parent-locations?post=226767"},{"taxonomy":"seo_keyword","embeddable":true,"href":"https:\/\/citygame.com\/it\/wp-json\/wp\/v2\/seo_keyword?post=226767"},{"taxonomy":"cg_page_type","embeddable":true,"href":"https:\/\/citygame.com\/it\/wp-json\/wp\/v2\/cg_page_type?post=226767"}],"curies":[{"name":"wp","href":"https:\/\/api.w.org\/{rel}","templated":true}]}}