{"id":226869,"date":"2026-04-23T08:31:55","date_gmt":"2026-04-23T08:31:55","guid":{"rendered":"https:\/\/citygame.com\/locations\/city-game-slovenia\/"},"modified":"2026-04-23T08:31:55","modified_gmt":"2026-04-23T08:31:55","slug":"city-game-slovenia","status":"publish","type":"page","link":"https:\/\/citygame.com\/it\/luoghi\/city-game-slovenia\/","title":{"rendered":"City Game Slovenia"},"content":{"rendered":"","protected":false},"excerpt":{"rendered":"","protected":false},"author":78,"featured_media":11501,"parent":225502,"menu_order":0,"comment_status":"closed","ping_status":"closed","template":"","meta":{"_acf_changed":false,"_yoast_wpseo_focuskw":"City Game Slovenia","_yoast_wpseo_metadesc":"","_kad_blocks_custom_css":"","_kad_blocks_head_custom_js":"","_kad_blocks_body_custom_js":"","_kad_blocks_footer_custom_js":"","_kad_post_transparent":"","_kad_post_title":"","_kad_post_layout":"","_kad_post_sidebar_id":"","_kad_post_content_style":"","_kad_post_vertical_padding":"","_kad_post_feature":"","_kad_post_feature_position":"","_kad_post_header":false,"_kad_post_footer":false,"_kad_post_classname":"","footnotes":""},"cities-only-parent-location":[],"countries-only-parent-locations":[440],"seo_keyword":[],"cg_page_type":[44],"class_list":["post-226869","page","type-page","status-publish","has-post-thumbnail","hentry","countries-only-parent-locations-europe","cg_page_type-country-overview-page"],"acf":{"country_name":"Slovenia","intro_text":"Gioca interattivi City Games in Slovenia e scopri le citt\u00e0 in modo divertente e coinvolgente. Risolvi enigmi, completa sfide ed esplora punti salienti cos\u00ec come gemme nascoste. Tutti i City Games sono autoguidati e giocabili sul tuo smartphone, quando vuoi.","intro_image":11502,"how_city_games_work_image":11503,"who_are_city_games_for_image":11504,"exploring_country_text":"Le citt\u00e0 della Slovenia sono definite dalle loro dimensioni gestibili, centri compatti e dal legame stretto con la natura circostante. Le aree urbane tendono a essere percorribili a piedi, con strade che permettono un facile movimento a piedi e spazi pubblici accoglienti che invitano a soffermarsi. Molti centri cittadini combinano vita residenziale con negozi, caff\u00e8 e luoghi di ritrovo, plasmati da un ritmo che sembra equilibrato e a misura d'uomo.\n\nMuoversi attraverso le citt\u00e0 della Slovenia spesso d\u00e0 una sensazione di calma e non fretta, con gran parte della vita quotidiana che si svolge in spazi all'aperto, mercati e zone pedonali. Il trasporto pubblico \u00e8 affidabile e si integra con l'organizzazione pedonale, rendendo semplice passare da un quartiere all'altro. Il mix di architettura pi\u00f9 antica e design moderno contribuisce a una sensazione urbana stratificata che bilancia passato e presente.\n\nEsiste una notevole variet\u00e0 tra le citt\u00e0, dalla quiete strutturata delle cittadine pi\u00f9 piccole all'atmosfera pi\u00f9 dinamica e influenzata dagli studenti di luoghi come Ljubljana e Maribor. Ogni area urbana mantiene la propria personalit\u00e0, plasmata dalla geografia, dalla cultura locale e dal ritmo di vita. In tutto il paese, gli ambienti urbani tendono a favorire un'esperienza radicata e personale del luogo.","exploring_country_image":11505,"faq_answer_1":"City Games sono disponibili in diverse localit\u00e0 in tutta la Slovenia, offrendo esperienze sia in grandi centri urbani che in destinazioni meno conosciute. Puoi trovare i giochi in centri urbani principali come Ljubljana, nonch\u00e9 in destinazioni meno note.\n\nQuesta variet\u00e0 garantisce che City Games siano accessibili in diverse parti del paese, anche se la disponibilit\u00e0 non \u00e8 limitata a queste citt\u00e0.","select_country":516,"intro_h2_city_games_in_country":"City Games in Slovenia","intro_usp_1":"1,5-2 ore di gioco","intro_usp_2":"3-4 km di camminata","intro_usp_3":"Inizia, metti in pausa e continua quando vuoi","intro_usp_4":"1-4 o 2-5 persone per smartphone, a seconda del tuo gioco","intro_usp_5":"Gioca in autonomia","intro_usp_6":"\u00c8 richiesta una connessione Internet","intro_text_2":"Scegli la tua citt\u00e0 e inizia a giocare oggi!","intro_cta":"Vedi tutte le localit\u00e0","section_2_h2_choose_your_city_in_country":"Scegli la tua citt\u00e0 in Slovenia","section_2_text_1":"I City Games sono disponibili nelle citt\u00e0 di tutta la Slovenia. Scegli una citt\u00e0 qui sotto per vedere quali City Games puoi giocare l\u00ec.\n","section_3_h2_all_city_game_locations_in_country":"Tutte le sedi dei City Games in Slovenia","section_4_h2_how_city_games_work_in_country":"Come funzionano i City Games in Slovenia","section_4_text_1":"I City Games in Slovenia sono esperienze completamente autoguidate che ti permettono di esplorare una citt\u00e0 al tuo ritmo.","section_4_text_2":"Semplicemente scegli la tua citt\u00e0 e il tuo gioco, segui le istruzioni sul tuo smartphone e inizia a giocare quando ti \u00e8 comodo.","section_4_usp_1":"Gioca in squadre di amici, familiari o colleghi","section_4_usp_2":"Inizia quando vuoi, senza guida n\u00e9 personale","section_4_usp_3":"Usa il tuo smartphone o tablet","section_4_usp_4":"Attraversa la citt\u00e0 risolvendo enigmi e affrontando sfide","section_4_usp_5":"Scopri curiosit\u00e0 su storia, cultura e luoghi di interesse","section_4_usp_6":"Disponibile in pi\u00f9 lingue","section_4_cta":"Scegli la tua citt\u00e0","section_4_step_1":"Prenota il tuo City Game","section_4_step_1_title":"Prenota il tuo City Game","section_4_step_1_text":"Scegli la tua citt\u00e0 e il tuo gioco e ricevi tutto immediatamente dopo la prenotazione.","section_4_step_2":"Step 2","section_4_step_2_title":"Controlla le tue istruzioni","section_4_step_2_text":"Apri l'email con le istruzioni contenente il punto di partenza e come iniziare a giocare.","section_4_step_3":"Step 3","section_4_step_3_title":"Raggiungi il punto di partenza","section_4_step_3_text":"Dirigiti al punto di partenza quando vuoi, senza orari fissi.","section_4_step_4":"Step 4: Finish & Celebrate","section_4_step_4_title":"Passo 4","section_4_step_4_text":"Segui gli indizi, risolvi enigmi e esplora la citt\u00e0 al tuo ritmo!","section_5_h2_city_game_concepts_in_country":"Concetti di City Game in Slovenia","section_5_secrets_title":"Secrets of Esplorazione Gioco","section_5_secrets_text":"Discover cities in a fun and interactive way with the Secrets of Exploration City Game. Solve puzzles, complete creative challenges and uncover both famous highlights and hidden places. Along the way, you\u2019ll learn surprising facts about history, culture and local stories while playing at your own pace.","section_5_syndicate_title":"The Syndicate City Escape Game","section_5_syndicate_text":"Entrate in un'avventura emozionante di fuga in citt\u00e0 con The Syndicate. Lavorate insieme come una squadra per risolvere indovinelli, decifrare codici e recuperare formule rubate prima che scada il tempo. Questo City Game guidato dalla storia si concentra sul lavoro di squadra, sulla risoluzione di problemi e su un gameplay coinvolgente in un contesto urbano.","section_5_sherlock_title":"Sherlock Holmes Murder Mystery","section_5_sherlock_text":"Risolvi un mistero di omicidio interattivo nel Sherlock Holmes City Game. Segui una trama appassionante, indaga sui sospetti e raccogli indizi per scoprire la verit\u00e0 dietro un caso misterioso. La citt\u00e0 funge da sfondo atmosferico per la storia, permettendoti di concentrarti appieno su deduzione, logica e lavoro di squadra.","hours":"ore","concepts_cta":"Leggi di pi\u00f9 su questo gioco","section_5_text_2":"Ogni concetto \u00e8 disponibile in diverse citt\u00e0 della Slovenia","section_5_cta":"Esplora tutti i City Games","section_6_h2_who_are_city_games_in_country_for":"Per chi sono i City Games in Slovenia?","section_6_text":"I City Games in Slovenia sono adatti a:","section_6_usp_1":"Giocatori singoli o piccoli gruppi in cerca di un'avventura flessibile","section_6_usp_2":"Turisti che esplorano le citt\u00e0 della Slovenia","section_6_usp_3":"Amici e famiglie in cerca di un'attivit\u00e0 divertente","section_6_usp_4":"Aziende e team che pianificano un evento di teambuilding","section_6_usp_5":"Scegli la tua citt\u00e0","section_6_cta":"Scegli la tua citt\u00e0","section_7_h2_exploring_country":"Esplorare la Slovenia","section_8_h2_hosted_games":"I tuoi City Games preferiti, ospitati professionalmente dal nostro team","section_8_text":"Goditi gli stessi City Games della versione autoguidata, ma con supporto completo in loco da parte dei nostri host professionisti. Ci occupiamo del briefing, dei tablet, del coordinamento e del supporto tecnico, in modo che il tuo gruppo possa concentrarsi interamente sul divertimento e sulla competizione.","section_8_text_2":"Affidati da team di tutto il mondo, dai piccoli gruppi ai grandi eventi aziendali.","section_8_usp_1_title":"Stesso City Game, completamente ospitato","section_8_usp_1_text":"Giochi la stessa esperienza della nostra versione autoguidata, ora guidata dai nostri accompagnatori.","section_8_usp_2_title":"Classifica in tempo reale & cerimonia dei premi","section_8_usp_2_text":"Per gruppi pi\u00f9 numerosi, i nostri accompagnatori mostrano i punteggi finali e annunciano la squadra vincente con un momento di premiazione divertente.","section_8_usp_3_title":"Inizio e fine guidati","section_8_usp_3_text":"Le citt\u00e0 della Slovenia sono definite dal loro sviluppo gestibile, centri compatti e dal legame stretto con la natura circostante. Le aree urbane tendono a essere percorribili a piedi, con strade che permettono un facile movimento a piedi e spazi pubblici accoglienti che invitano a soffermarsi.\n\nMuoversi attraverso le citt\u00e0 slovene spesso d\u00e0 una sensazione di calma e non fretta, con gran parte della vita quotidiana che si svolge in spazi all'aperto, mercati e zone pedonali. Il trasporto pubblico \u00e8 affidabile e si integra con l'organizzazione pedonale, rendendo semplice passare da un quartiere all'altro. Il mix di architettura pi\u00f9 antica e design moderno contribuisce a una sensazione urbana stratificata che bilancia passato e presente.\n\nEsiste una notevole variet\u00e0 tra le citt\u00e0, dalla quiete strutturata delle cittadine pi\u00f9 piccole all'atmosfera pi\u00f9 dinamica e influenzata dagli studenti di luoghi come Ljubljana e Maribor. Ogni area urbana mantiene la propria personalit\u00e0, plasmata dalla geografia, dalla cultura locale e dal ritmo di vita. In tutto il paese, gli ambienti urbani tendono a favorire un'esperienza radicata e personale del luogo.","section_8_usp_4_title":"Supporto in tempo reale durante il gioco","section_8_usp_4_text":"Il nostro team assiste con dispositivi, problemi dell'app e coordinamento durante l'esperienza.","section_8_usp_5_title":"Tablet inclusi (facoltativi)","section_8_usp_5_text":"Disponibile per gruppi che preferiscono utilizzare i nostri dispositivi invece dei propri.","section_8_cta":"Pianifica il tuo evento di gruppo","section_9_h2_reviews":"Cosa pensano gli altri dei nostri City Games","section_9_cta_1":"Tutte le recensioni","section_9_cta_2":"Scrivi una recensione","section_10_h2_faq":"Hai domande? Abbiamo risposte!","section_10_text":"Consulta le nostre domande frequenti e scopri tutto ci\u00f2 che vuoi sapere. La tua domanda non \u00e8 tra queste? Non esitare a contattarci.","section_10_cta_1":"Visualizza tutte le domande frequenti","section_10_cta_2":"Ottieni supporto","section_10_question_1":"In quali citt\u00e0 della Slovenia posso giocare a un City Game?","section_10_question_2":"Mi serve una guida per giocare a un City Game?","section_10_answer_2":"No, tutti i City Games sono <strong>completamente autoguidati<\/strong>! Non serve una guida o uno staff per giocare. Dopo la prenotazione, riceverai istruzioni chiare sul tuo smartphone in modo da iniziare il gioco quando ti \u00e8 comodo!\r\n\r\nPer gruppi pi\u00f9 numerosi o eventi aziendali, \u00e8 disponibile anche una versione completamente ospitata dei nostri City Games, che include guida in loco, tablet e supporto in tempo reale.\r\n\r\nPianifichi un gruppo pi\u00f9 grande o un event o aziendale?","section_10_answer_2_cta":"Esplora l'esperienza City Game ospitata per gruppi","section_10_question_3":"Quanto tempo richiede un City Game?","section_10_answer_3":"La maggior parte dei City Games richiede <strong>circa 1,5-2 ore per completar lo<\/strong>. Questo include camminare per la citt\u00e0, risolvere enigmi e affrontare sfide lungo il percorso. Puoi giocare completamente al tuo ritmo: non c'\u00e8 pressione di tempo n\u00e9 orari rigidi.\r\n\r\nSentiti libero di fare pause, mettere in pausa il gioco per bere qualcosa o pranzare, e continuare quando vuoi. Questa flessibilit\u00e0 rende facile combinare un City Game con visite turistiche o altre attivit\u00e0.","section_10_question_4":"I City Games sono disponibili in pi\u00f9 lingue?","section_10_answer_4":"S\u00ec, i City Games sono <strong>disponibili in pi\u00f9 lingue<\/strong>. La maggior parte dei giochi pu\u00f2 essere giocata in diverse lingue comunemente usate, rendendoli adatti a visitatori internazionali e a gruppi multilingue.\r\n\r\nLe lingue disponibili possono variare leggermente da gioco a gioco, ma la selezione della lingua \u00e8 sempre chiaramente mostrata prima di iniziare a giocare. Questo permette a ogni squadra di scegliere la lingua che le si addice di pi\u00f9, garantendo un'esperienza fluida e piacevole per tutti.","section_10_question_5":"Possiamo giocare in un gruppo numeroso?","section_10_answer_5":"S\u00ec, i City Games sono <strong>adatti sia per piccoli gruppi sia per team pi\u00f9 grandi<\/strong>. Gruppi numerosi possono facilmente dividersi in squadre pi\u00f9 piccole e giocare al City Game contemporaneamente, usando pi\u00f9 smartphone. Ogni squadra gioca in modo indipendente, seguendo lo stesso concetto di gioco e la stessa storia.\r\n\r\nQuesto setup \u00e8 ideale per gruppi di amici, famiglie e aziende, e rende i City Games una scelta popolare per uscite di gruppo, eventi e attivit\u00e0 di teambuilding.\r\n\r\nPer gruppi pi\u00f9 numerosi o eventi aziendali, \u00e8 disponibile anche una versione completamente ospitata dei nostri City Games, inclusa guida in loco, tablet e supporto in tempo reale.\r\n\r\nPianifichi un gruppo pi\u00f9 grande o un evento aziendale?","section_10_answer_5_cta":"Esplora l'esperienza City Game ospitata per gruppi","section_10_question_6":"Quando possiamo iniziare a giocare a un City Game?","section_10_answer_6":"Puoi iniziare a giocare <strong>quando ti \u00e8 comodo<\/strong>! I City Games non hanno un orario di inizio fisso, quindi puoi iniziare in un momento che si adatta al tuo programma.\r\n\r\nDopo la prenotazione, riceverai istruzioni chiare via email, permettendoti di iniziare il gioco in modo indipendente senza alcuna prenotazione o coordinazione con lo staff.\r\n\r\nQuesta flessibilit\u00e0 rende i City Games ideali da combinare con i piani di viaggio, visite turistiche, pranzo o altre attivit\u00e0 durante la giornata.","section_11_h2_instagram":"Vedi di pi\u00f9 su Instagram","section_11_text":"Pronto per un'avventura indimenticabile in Slovenia","section_11_cta":"Seguici su Instagram","section_12_h2_page_ending":"Pronto per un'avventura indimenticabile in Slovenia","section_12_text":"Esplora le citt\u00e0 della Slovenia in modo unico e interattivo con i nostri City Games. Gioca oggi e crea ricordi duraturi!","section_12_cta":"Prenota subito il tuo City Game!"},"yoast_head":"<!-- This site is optimized with the Yoast SEO Premium plugin v26.2 (Yoast SEO v27.4) - https:\/\/yoast.com\/product\/yoast-seo-premium-wordpress\/ -->\n<title>City Game Slovenia - City Game<\/title>\n<meta name=\"robots\" content=\"index, follow, max-snippet:-1, max-image-preview:large, max-video-preview:-1\" \/>\n<link rel=\"canonical\" href=\"https:\/\/citygame.com\/it\/luoghi\/city-game-slovenia\/\" \/>\n<meta property=\"og:locale\" content=\"it_IT\" \/>\n<meta property=\"og:type\" content=\"article\" \/>\n<meta property=\"og:title\" content=\"City Game Slovenia\" \/>\n<meta property=\"og:url\" content=\"https:\/\/citygame.com\/it\/luoghi\/city-game-slovenia\/\" \/>\n<meta property=\"og:site_name\" content=\"City Game\" \/>\n<meta property=\"article:publisher\" content=\"https:\/\/www.facebook.com\/profile.php?id=100086426226253\" \/>\n<meta property=\"og:image\" content=\"https:\/\/citygame.com\/wp-content\/blogs.dir\/1\/files\/2026\/02\/slovenia-lake-bled-island-autumn-sunset.jpg\" \/>\n\t<meta property=\"og:image:width\" content=\"1376\" \/>\n\t<meta property=\"og:image:height\" content=\"768\" \/>\n\t<meta property=\"og:image:type\" content=\"image\/jpeg\" \/>\n<meta name=\"twitter:card\" content=\"summary_large_image\" \/>\n<script type=\"application\/ld+json\" class=\"yoast-schema-graph\">{\"@context\":\"https:\\\/\\\/schema.org\",\"@graph\":[{\"@type\":\"WebPage\",\"@id\":\"https:\\\/\\\/citygame.com\\\/it\\\/luoghi\\\/city-game-slovenia\\\/\",\"url\":\"https:\\\/\\\/citygame.com\\\/it\\\/luoghi\\\/city-game-slovenia\\\/\",\"name\":\"City Game Slovenia - City Game\",\"isPartOf\":{\"@id\":\"https:\\\/\\\/citygame.com\\\/it\\\/#website\"},\"primaryImageOfPage\":{\"@id\":\"https:\\\/\\\/citygame.com\\\/it\\\/luoghi\\\/city-game-slovenia\\\/#primaryimage\"},\"image\":{\"@id\":\"https:\\\/\\\/citygame.com\\\/it\\\/luoghi\\\/city-game-slovenia\\\/#primaryimage\"},\"thumbnailUrl\":\"https:\\\/\\\/citygame.com\\\/wp-content\\\/blogs.dir\\\/1\\\/files\\\/2026\\\/02\\\/slovenia-lake-bled-island-autumn-sunset.jpg\",\"datePublished\":\"2026-04-23T08:31:55+00:00\",\"breadcrumb\":{\"@id\":\"https:\\\/\\\/citygame.com\\\/it\\\/luoghi\\\/city-game-slovenia\\\/#breadcrumb\"},\"inLanguage\":\"it-IT\",\"potentialAction\":[{\"@type\":\"ReadAction\",\"target\":[\"https:\\\/\\\/citygame.com\\\/it\\\/luoghi\\\/city-game-slovenia\\\/\"]}]},{\"@type\":\"ImageObject\",\"inLanguage\":\"it-IT\",\"@id\":\"https:\\\/\\\/citygame.com\\\/it\\\/luoghi\\\/city-game-slovenia\\\/#primaryimage\",\"url\":\"https:\\\/\\\/citygame.com\\\/wp-content\\\/blogs.dir\\\/1\\\/files\\\/2026\\\/02\\\/slovenia-lake-bled-island-autumn-sunset.jpg\",\"contentUrl\":\"https:\\\/\\\/citygame.com\\\/wp-content\\\/blogs.dir\\\/1\\\/files\\\/2026\\\/02\\\/slovenia-lake-bled-island-autumn-sunset.jpg\",\"width\":1376,\"height\":768,\"caption\":\"The iconic island church in the middle of Lake Bled, Slovenia, is surrounded by autumn colors at sunset.\"},{\"@type\":\"BreadcrumbList\",\"@id\":\"https:\\\/\\\/citygame.com\\\/it\\\/luoghi\\\/city-game-slovenia\\\/#breadcrumb\",\"itemListElement\":[{\"@type\":\"ListItem\",\"position\":1,\"name\":\"Home\",\"item\":\"https:\\\/\\\/citygame.com\\\/it\\\/\"},{\"@type\":\"ListItem\",\"position\":2,\"name\":\"Luoghi\",\"item\":\"https:\\\/\\\/citygame.com\\\/it\\\/luoghi\\\/\"},{\"@type\":\"ListItem\",\"position\":3,\"name\":\"City Game Slovenia\"}]},{\"@type\":\"WebSite\",\"@id\":\"https:\\\/\\\/citygame.com\\\/it\\\/#website\",\"url\":\"https:\\\/\\\/citygame.com\\\/it\\\/\",\"name\":\"City Game\",\"description\":\"\",\"publisher\":{\"@id\":\"https:\\\/\\\/citygame.com\\\/it\\\/#organization\"},\"alternateName\":\"citygame.com\",\"potentialAction\":[{\"@type\":\"SearchAction\",\"target\":{\"@type\":\"EntryPoint\",\"urlTemplate\":\"https:\\\/\\\/citygame.com\\\/it\\\/?s={search_term_string}\"},\"query-input\":{\"@type\":\"PropertyValueSpecification\",\"valueRequired\":true,\"valueName\":\"search_term_string\"}}],\"inLanguage\":\"it-IT\"},{\"@type\":\"Organization\",\"@id\":\"https:\\\/\\\/citygame.com\\\/it\\\/#organization\",\"name\":\"City Game\",\"alternateName\":\"citygame.com\",\"url\":\"https:\\\/\\\/citygame.com\\\/it\\\/\",\"logo\":{\"@type\":\"ImageObject\",\"inLanguage\":\"it-IT\",\"@id\":\"https:\\\/\\\/citygame.com\\\/it\\\/#\\\/schema\\\/logo\\\/image\\\/\",\"url\":\"https:\\\/\\\/citygame.com\\\/wp-content\\\/blogs.dir\\\/1\\\/files\\\/2025\\\/10\\\/CG_LOGO-City-Game.png\",\"contentUrl\":\"https:\\\/\\\/citygame.com\\\/wp-content\\\/blogs.dir\\\/1\\\/files\\\/2025\\\/10\\\/CG_LOGO-City-Game.png\",\"width\":351,\"height\":377,\"caption\":\"City Game\"},\"image\":{\"@id\":\"https:\\\/\\\/citygame.com\\\/it\\\/#\\\/schema\\\/logo\\\/image\\\/\"},\"sameAs\":[\"https:\\\/\\\/www.facebook.com\\\/profile.php?id=100086426226253\",\"https:\\\/\\\/www.instagram.com\\\/citygame_com\",\"https:\\\/\\\/www.tiktok.com\\\/@citygamecom\\\/\",\"https:\\\/\\\/www.linkedin.com\\\/company\\\/citygame-com\"],\"description\":\"Turn any city into a playground with our interactive City Games and self-guided tours. Fun, flexible, and ideal for groups and team building.\"}]}<\/script>\n<!-- \/ Yoast SEO Premium plugin. -->","yoast_head_json":{"title":"City Game Slovenia - City Game","robots":{"index":"index","follow":"follow","max-snippet":"max-snippet:-1","max-image-preview":"max-image-preview:large","max-video-preview":"max-video-preview:-1"},"canonical":"https:\/\/citygame.com\/it\/luoghi\/city-game-slovenia\/","og_locale":"it_IT","og_type":"article","og_title":"City Game Slovenia","og_url":"https:\/\/citygame.com\/it\/luoghi\/city-game-slovenia\/","og_site_name":"City Game","article_publisher":"https:\/\/www.facebook.com\/profile.php?id=100086426226253","og_image":[{"width":1376,"height":768,"url":"https:\/\/citygame.com\/wp-content\/blogs.dir\/1\/files\/2026\/02\/slovenia-lake-bled-island-autumn-sunset.jpg","type":"image\/jpeg"}],"twitter_card":"summary_large_image","schema":{"@context":"https:\/\/schema.org","@graph":[{"@type":"WebPage","@id":"https:\/\/citygame.com\/it\/luoghi\/city-game-slovenia\/","url":"https:\/\/citygame.com\/it\/luoghi\/city-game-slovenia\/","name":"City Game Slovenia - City Game","isPartOf":{"@id":"https:\/\/citygame.com\/it\/#website"},"primaryImageOfPage":{"@id":"https:\/\/citygame.com\/it\/luoghi\/city-game-slovenia\/#primaryimage"},"image":{"@id":"https:\/\/citygame.com\/it\/luoghi\/city-game-slovenia\/#primaryimage"},"thumbnailUrl":"https:\/\/citygame.com\/wp-content\/blogs.dir\/1\/files\/2026\/02\/slovenia-lake-bled-island-autumn-sunset.jpg","datePublished":"2026-04-23T08:31:55+00:00","breadcrumb":{"@id":"https:\/\/citygame.com\/it\/luoghi\/city-game-slovenia\/#breadcrumb"},"inLanguage":"it-IT","potentialAction":[{"@type":"ReadAction","target":["https:\/\/citygame.com\/it\/luoghi\/city-game-slovenia\/"]}]},{"@type":"ImageObject","inLanguage":"it-IT","@id":"https:\/\/citygame.com\/it\/luoghi\/city-game-slovenia\/#primaryimage","url":"https:\/\/citygame.com\/wp-content\/blogs.dir\/1\/files\/2026\/02\/slovenia-lake-bled-island-autumn-sunset.jpg","contentUrl":"https:\/\/citygame.com\/wp-content\/blogs.dir\/1\/files\/2026\/02\/slovenia-lake-bled-island-autumn-sunset.jpg","width":1376,"height":768,"caption":"The iconic island church in the middle of Lake Bled, Slovenia, is surrounded by autumn colors at sunset."},{"@type":"BreadcrumbList","@id":"https:\/\/citygame.com\/it\/luoghi\/city-game-slovenia\/#breadcrumb","itemListElement":[{"@type":"ListItem","position":1,"name":"Home","item":"https:\/\/citygame.com\/it\/"},{"@type":"ListItem","position":2,"name":"Luoghi","item":"https:\/\/citygame.com\/it\/luoghi\/"},{"@type":"ListItem","position":3,"name":"City Game Slovenia"}]},{"@type":"WebSite","@id":"https:\/\/citygame.com\/it\/#website","url":"https:\/\/citygame.com\/it\/","name":"City Game","description":"","publisher":{"@id":"https:\/\/citygame.com\/it\/#organization"},"alternateName":"citygame.com","potentialAction":[{"@type":"SearchAction","target":{"@type":"EntryPoint","urlTemplate":"https:\/\/citygame.com\/it\/?s={search_term_string}"},"query-input":{"@type":"PropertyValueSpecification","valueRequired":true,"valueName":"search_term_string"}}],"inLanguage":"it-IT"},{"@type":"Organization","@id":"https:\/\/citygame.com\/it\/#organization","name":"City Game","alternateName":"citygame.com","url":"https:\/\/citygame.com\/it\/","logo":{"@type":"ImageObject","inLanguage":"it-IT","@id":"https:\/\/citygame.com\/it\/#\/schema\/logo\/image\/","url":"https:\/\/citygame.com\/wp-content\/blogs.dir\/1\/files\/2025\/10\/CG_LOGO-City-Game.png","contentUrl":"https:\/\/citygame.com\/wp-content\/blogs.dir\/1\/files\/2025\/10\/CG_LOGO-City-Game.png","width":351,"height":377,"caption":"City Game"},"image":{"@id":"https:\/\/citygame.com\/it\/#\/schema\/logo\/image\/"},"sameAs":["https:\/\/www.facebook.com\/profile.php?id=100086426226253","https:\/\/www.instagram.com\/citygame_com","https:\/\/www.tiktok.com\/@citygamecom\/","https:\/\/www.linkedin.com\/company\/citygame-com"],"description":"Turn any city into a playground with our interactive City Games and self-guided tours. Fun, flexible, and ideal for groups and team building."}]}},"taxonomy_info":{"countries-only-parent-locations":[{"value":440,"label":"Europe"}],"cg_page_type":[{"value":44,"label":"Country overview page"}]},"featured_image_src_large":["https:\/\/citygame.com\/wp-content\/blogs.dir\/1\/files\/2026\/02\/slovenia-lake-bled-island-autumn-sunset-1024x572.jpg",1024,572,true],"author_info":{"display_name":"Philip","author_link":"https:\/\/citygame.com\/it\/blog\/author\/sophi2\/"},"comment_info":0,"wpml_current_locale":"it_IT","wpml_translations":{"nl_NL":{"locale":"nl_NL","id":226831,"slug":"city-game-slovenia","post_title":"City Game Slovenia","href":"https:\/\/citygame.com\/nl\/locaties\/city-game-slovenia\/"},"en_US":{"locale":"en_US","id":11506,"slug":"slovenia","post_title":"City Game Slovenia","href":"https:\/\/citygame.com\/locations\/slovenia\/"},"fr_FR":{"locale":"fr_FR","id":226861,"slug":"city-game-slovenie","post_title":"City Game Slov\u00e9nie","href":"https:\/\/citygame.com\/fr\/emplacements\/city-game-slovenie\/"},"de_DE":{"locale":"de_DE","id":226839,"slug":"city-game-slowenien","post_title":"City Game Slowenien","href":"https:\/\/citygame.com\/de\/standorte\/city-game-slowenien\/"},"it_IT":{"locale":"it_IT","translation":"current"},"es_ES":{"locale":"es_ES","id":226847,"slug":"city-game-slovenia","post_title":"City Game Slovenia","href":"https:\/\/citygame.com\/es\/localizaciones\/city-game-slovenia\/"}},"_links":{"self":[{"href":"https:\/\/citygame.com\/it\/wp-json\/wp\/v2\/pages\/226869","targetHints":{"allow":["GET"]}}],"collection":[{"href":"https:\/\/citygame.com\/it\/wp-json\/wp\/v2\/pages"}],"about":[{"href":"https:\/\/citygame.com\/it\/wp-json\/wp\/v2\/types\/page"}],"author":[{"embeddable":true,"href":"https:\/\/citygame.com\/it\/wp-json\/wp\/v2\/users\/78"}],"replies":[{"embeddable":true,"href":"https:\/\/citygame.com\/it\/wp-json\/wp\/v2\/comments?post=226869"}],"version-history":[{"count":0,"href":"https:\/\/citygame.com\/it\/wp-json\/wp\/v2\/pages\/226869\/revisions"}],"up":[{"embeddable":true,"href":"https:\/\/citygame.com\/it\/wp-json\/wp\/v2\/pages\/225502"}],"acf:term":[{"embeddable":true,"taxonomy":"cities-only-parent-location","href":"https:\/\/citygame.com\/it\/wp-json\/wp\/v2\/cities-only-parent-location\/516"}],"wp:featuredmedia":[{"embeddable":true,"href":"https:\/\/citygame.com\/it\/wp-json\/wp\/v2\/media\/11501"}],"wp:attachment":[{"href":"https:\/\/citygame.com\/it\/wp-json\/wp\/v2\/media?parent=226869"}],"wp:term":[{"taxonomy":"cities-only-parent-location","embeddable":true,"href":"https:\/\/citygame.com\/it\/wp-json\/wp\/v2\/cities-only-parent-location?post=226869"},{"taxonomy":"countries-only-parent-locations","embeddable":true,"href":"https:\/\/citygame.com\/it\/wp-json\/wp\/v2\/countries-only-parent-locations?post=226869"},{"taxonomy":"seo_keyword","embeddable":true,"href":"https:\/\/citygame.com\/it\/wp-json\/wp\/v2\/seo_keyword?post=226869"},{"taxonomy":"cg_page_type","embeddable":true,"href":"https:\/\/citygame.com\/it\/wp-json\/wp\/v2\/cg_page_type?post=226869"}],"curies":[{"name":"wp","href":"https:\/\/api.w.org\/{rel}","templated":true}]}}