{"id":227015,"date":"2026-04-23T10:18:26","date_gmt":"2026-04-23T10:18:26","guid":{"rendered":"https:\/\/citygame.com\/locations\/germany\/city-game-lubeck-2\/"},"modified":"2026-04-23T10:18:26","modified_gmt":"2026-04-23T10:18:26","slug":"city-game-lubeck-2","status":"publish","type":"page","link":"https:\/\/citygame.com\/it\/luoghi\/city-game-germany\/city-game-lubeck-2\/","title":{"rendered":"City Game L\u00fcbeck"},"content":{"rendered":"","protected":false},"excerpt":{"rendered":"","protected":false},"author":78,"featured_media":12912,"parent":225793,"menu_order":0,"comment_status":"closed","ping_status":"closed","template":"","meta":{"_acf_changed":false,"_yoast_wpseo_focuskw":"City Game L\u00fcbeck","_yoast_wpseo_metadesc":"","_kad_blocks_custom_css":"","_kad_blocks_head_custom_js":"","_kad_blocks_body_custom_js":"","_kad_blocks_footer_custom_js":"","_kad_post_transparent":"","_kad_post_title":"","_kad_post_layout":"","_kad_post_sidebar_id":"","_kad_post_content_style":"","_kad_post_vertical_padding":"","_kad_post_feature":"","_kad_post_feature_position":"","_kad_post_header":false,"_kad_post_footer":false,"_kad_post_classname":"","footnotes":""},"cities-only-parent-location":[468],"countries-only-parent-locations":[],"seo_keyword":[],"cg_page_type":[45],"class_list":["post-227015","page","type-page","status-publish","has-post-thumbnail","hentry","cities-only-parent-location-germany","cg_page_type-city-overview-page"],"acf":{"city_name":"L\u00fcbeck","select_city":252,"section_1_h2_city_games_in_city":"City Games in L\u00fcbeck","intro_text":"City Games sono disponibili a L\u00fcbeck, offrendo un'esperienza autoguidata attraverso sfide interattive e enigmi. Usando uno smartphone, esplori la citt\u00e0 al tuo ritmo mentre interagisci con un gameplay basato sulla posizione. I giochi combinano movimento e problem solving per un'esperienza coinvolgente nell'ambiente urbano di L\u00fcbeck.","section_1_usp_1":"Inizia, metti in pausa e riprendi quando vuoi","section_1_usp_2":"Gioca in autonomia","section_1_usp_3":"1-4 o 2-5 persone per smartphone, a seconda del tuo gioco","section_1_usp_4":"1.5-2 ore di tempo di gioco","section_1_usp_5":"Percorso a piedi di 3-4 km","section_1_usp_6":"Richiesta connessione Internet","section_1_text_2":"Scegli il tuo City Game e inizia a giocare oggi!","section_1_cta":"Controlla tutti i City Games","intro_image":12913,"section_2_h2_all_city_games_in_city":"Tutti i City Games in L\u00fcbeck","section_3_h2_how_city_games_work_in_city":"Come funzionano i City Games a L\u00fcbeck","section_3_text":"I City Games a L\u00fcbeck sono esperienze completamente autoguidate che ti permettono di esplorare la citt\u00e0 al tuo ritmo. Utilizzando il tuo smartphone, camminerai nel centro della citt\u00e0 risolvendo enigmi, completando sfide e seguendo la storia del gioco scelto.\r\n\r\nDecidi quando iniziare, dove fare una pausa e quanto velocemente giocare. Nessuna guida, programma o prenotazione richiesta.","section_3_usp_1":"Gioca in squadre di amici, familiari o colleghi","section_3_usp_2":"Inizia quando vuoi, nessuna guida o personale necessario","section_3_usp_3":"Usa il tuo smartphone o tablet","section_3_usp_4":"Passeggia per la citt\u00e0 risolvendo enigmi e sfide","section_3_usp_5":"Scopri curiosit\u00e0 su storia, cultura e luoghi","section_3_usp_6":"Disponibile in diverse lingue","section_3_cta":"Scegli il tuo City Game","section_3_step_1":"Step 1","section_3_step_1_title":"Prenota il tuo City Game","section_3_step_1_text":"Scegli la tua citt\u00e0 e il gioco e ricevi tutto istantaneamente dopo la prenotazione.","section_3_step_2":"Step 2","section_3_step_2_title":"Controlla le istruzioni","section_3_step_2_text":"Apri l'email di conferma con il punto di partenza e come iniziare a giocare.","section_3_step_3":"Step 3","section_3_step_3_title":"Vai al punto di partenza","section_3_step_3_text":"Dirigiti al punto di partenza quando vuoi, senza orario fisso.","section_3_step_4":"Step 4","section_3_step_4_title":"Inizia a giocare","section_3_step_4_text":"Segui gli indizi, risolvi enigmi ed esplora la citt\u00e0 al tuo ritmo!","how_city_games_work_image":12914,"section_4_h2_who_are_city_games_in_city_for":"Per chi sono i City Games a L\u00fcbeck?","section_4_text":"I City Games a L\u00fcbeck sono pensati per chiunque voglia vivere la citt\u00e0 in modo interattivo e flessibile. Che tu sia a L\u00fcbeck per la prima volta o conosca gi\u00e0 bene la citt\u00e0, i City Games offrono un'attivit\u00e0 divertente che si integra facilmente nella tua giornata.","section_4_text_2":"I City Games a L\u00fcbeck sono adatti a:","section_4_usp_1":"Giocatori singoli o piccoli gruppi in cerca di un'avventura flessibile","section_4_usp_2":"Turisti che esplorano L\u00fcbeck","section_4_usp_3":"Amici e famiglie in cerca di un'attivit\u00e0 divertente","section_4_usp_4":"Aziende e team che pianificano un evento di team building","section_4_usp_5":"Abitanti che vogliono riscoprire la propria citt\u00e0","section_4_cta":"Scegli il tuo City Game","who_are_city_games_for_image":12915,"section_5_h2_exploring_city":"Esplorare L\u00fcbeck","exploring_city_text":"Esplorare L\u00fcbeck rivela una citt\u00e0 in cui le guglie gotiche svettano tra vicoli tortuosi e cortili tranquilli. La Citt\u00e0 Vecchia, circondata dal fiume Trave, forma un nucleo medievale compatto contrassegnato dall'architettura in mattoni rossi e da stretti passaggi. Camminare in questa area Patrimonio dell'Umanit\u00e0 dell'UNESCO offre una sensazione di storia strettamente intrecciata plasmata dalla Lega Anseatica.\r\n\r\nLa porta Holstentor, con le sue torri inclinate e la facciata rossa profonda, segnala l'ingresso in una citt\u00e0 plasmata dal commercio e dal tempo. Poco oltre, i passi lastricati della passeggiata Obertrave seguono il bordo dell'acqua, offrendo viste mutevoli della citt\u00e0 vecchia dall'altra sponda del fiume. Ogni passo collega passato e presente in un ritmo definito da cortili, torri delle chiese e canali tranquilli.","exploring_city_image":12916,"section_6_h2_hosted_game":"I tuoi City Games preferiti, ospitati professionalmente dal nostro team","section_6_text":"Goditi gli stessi City Games della versione autoguidata, ma con pieno supporto in loco da parte dei nostri host professionisti. Ci occupiamo del briefing, dei tablet, del coordinamento e del supporto tecnico, in modo che il tuo gruppo possa concentrarsi interamente sul divertimento e sulla competizione.","section_6_text_2":"Cosa \u00e8 incluso:","section_6_usp_1_title":"Stesso City Game, completamente ospitato","section_6_usp_1_text":"Gioci l'esperienza esatta della nostra versione autoguidata, ora con i nostri host che guidano il tuo gruppo.","section_6_usp_2_title":"Classifica in tempo reale e cerimonia dei premi","section_6_usp_2_text":"Per gruppi pi\u00f9 grandi, i nostri host rivelano i punteggi finali e annunciano la squadra vincente con un momento di premiazione divertente.","section_6_usp_3_title":"Inizio e fine ospitati","section_6_usp_3_text":"Accogliamo il tuo gruppo, spieghiamo chiaramente il gioco e concludiamo con un entusiasmante wrap-up.","section_6_usp_4_title":"Supporto in tempo reale durante il gioco","section_6_usp_4_text":"Il nostro team assiste con dispositivi, problemi dell'app e coordinamento durante l'intera esperienza.","section_6_usp_5_title":"Tablet inclusi (opzionale)","section_6_usp_5_text":"Disponibili per gruppi che preferiscono usare i nostri dispositivi al posto dei propri.","section_6_text_3":"Fidato da team in tutto il mondo, dai piccoli gruppi ai grandi eventi aziendali.","section_6_cta":"Pianifica il tuo evento di gruppo","section_7_h2_reviews":"Cosa pensano gli altri dei nostri City Games","section_7_cta_1":"Tutte le recensioni","section_7_cta_2":"Scrivi una recensione","section_8_h2_faq":"Hai domande? Abbiamo risposte!","section_8_text":"Consulta le nostre domande frequenti e scopri tutto ci\u00f2 che vuoi sapere. La tua domanda non \u00e8 tra queste? Contattaci liberamente.","section_8_cta_1":"Vedi tutte le domande frequenti","section_8_cta_2":"Richiedi supporto","section_8_question_1":"Cosa sono i City Games a L\u00fcbeck?","section_8_answer_1":"I City Games a L\u00fcbeck sono <strong>esperienze interattive autoguidate<\/strong> che ti permettono di esplorare la citt\u00e0 mentre giochi!rnrnUsando il tuo smartphone, risolvi enigmi, completi sfide e segui la storia del City Game scelto mentre cammini per la citt\u00e0.rnrnI City Games combinano lavoro di squadra, problem solving e esplorazione all'aperto, rendendoli un'attivit\u00e0 divertente per visitatori, residenti e gruppi.","section_8_question_2":"Devo avere una guida per giocare a un City Game a L\u00fcbeck?","section_8_answer_2":"<p class=\"kt-adv-heading2034_2420ea-ca wp-block-kadence-advancedheading\" data-kb-block=\"kb-adv-heading2034_2420ea-ca\">No, i City Games a L\u00fcbeck sono <strong>completamente autoguidati<\/strong>. Non serve una guida, un host o personale in loco per giocare. Tutte le istruzioni e il gameplay sono forniti digitalmente, permettendoti di iniziare e giocare in autonomia usando il tuo smartphone.<\/p>rnQuesta flessibilit\u00e0 rende i City Games facili da inserire nel tuo programma.rn<p class=\"kt-adv-heading2034_cd3db2-33 wp-block-kadence-advancedheading hls-none\" data-kb-block=\"kb-adv-heading2034_cd3db2-33\">Per gruppi pi\u00f9 grandi o eventi aziendali, \u00e8 disponibile anche una versione completamente ospitata dei nostri City Games, inclusa guida sul posto, tablet e supporto in tempo reale.<\/p>rnPianificando un gruppo pi\u00f9 grande o un evento aziendale?","section_8_answer_2_cta":"Esplora l'esperienza City Game ospitata per gruppi","section_8_question_3":"Quando possiamo iniziare a giocare a un City Game a L\u00fcbeck?","section_8_answer_3":"Puoi iniziare a giocare <strong>ogni volta che ti conviene<\/strong>! I City Games a L\u00fcbeck non hanno orari di inizio fissi, quindi sei libero di iniziare in un momento che si adatti ai tuoi piani.rnrnDopo la prenotazione, ricevi istruzioni chiare che spiegano come e quando puoi iniziare il City Game!","section_8_question_4":"Quanto tempo richiede un City Game a L\u00fcbeck?","section_8_answer_4":"I City Games a L\u00fcbeck richiedono <strong>circa 1,5-2 ore<\/strong> per essere completati! La durata esatta dipende dal tuo ritmo, da quante pause prendi e da quanto velocemente risolvi gli enigmi e le sfide.rnrnPuoi giocare al tuo ritmo e mettere in pausa il gioco quando vuoi!","section_8_question_5":"Possiamo giocare a un City Game a L\u00fcbeck con un grande gruppo?","section_8_answer_5":"<p class=\"kt-adv-heading2034_97743b-76 wp-block-kadence-advancedheading\" data-kb-block=\"kb-adv-heading2034_97743b-76\">S\u00ec, i City Games sono adatti sia a <strong>piccoli gruppi sia a gruppi pi\u00f9 grandi<\/strong>. I gruppi grandi possono facilmente suddividersi in squadre pi\u00f9 piccole e giocare al City Game contemporaneamente, usando pi\u00f9 smartphone. Ogni squadra gioca indipendentemente, seguendo lo stesso concetto di gioco e la stessa storia.<\/p>rnQuesto allestimento funziona bene per gruppi di amici, famiglie e aziende, e rende i City Games una scelta popolare per uscite di gruppo, eventi e attivit\u00e0 di team building.rn<p class=\"kt-adv-heading2034_7442e3-e3 wp-block-kadence-advancedheading hls-none\" data-kb-block=\"kb-adv-heading2034_7442e3-e3\">Per gruppi grandi o eventi aziendali, \u00e8 disponibile anche una versione completamente ospitata dei nostri City Games, inclusa guida sul posto, tablet e supporto in tempo reale.<\/p>rnPianificando un gruppo pi\u00f9 grande o un evento aziendale?","section_8_answer_5_cta":"Esplora l'esperienza City Game ospitata per gruppi","section_8_question_6":"I City Games a L\u00fcbeck sono adatti ai turisti e ai residenti?","section_8_answer_6":"S\u00ec, i City Games a L\u00fcbeck sono adatti sia <strong>ai turisti sia ai residenti<\/strong>. I visitatori possono vivere la citt\u00e0 in modo interattivo, mentre i residenti possono godere delle strade familiari come sfondo per un City Game.\r\n\r\nPoich\u00e9 ogni City Game si concentra sul gameplay e sul racconto, l'esperienza risulta fresca indipendentemente da quanto tu conosca bene la citt\u00e0.","section_8_question_7":"I City Games a L\u00fcbeck sono disponibili in pi\u00f9 lingue?","section_8_answer_7":"S\u00ec, i City Games a L\u00fcbeck sono <strong>disponibili in pi\u00f9 lingue<\/strong>. Puoi selezionare la lingua preferita prima o durante il gioco, rendendo i City Games accessibili per visitatori internazionali e gruppi multilingue.","section_8_question_8":"Cosa serve per giocare a un City Game a L\u00fcbeck?","section_8_answer_8":"Per giocare a un City Game a L\u00fcbeck, serve:","section_8_answer_8_usp_1":"Uno smartphone con connessione a Internet","section_8_answer_8_usp_2":"Una batteria carica","section_8_answer_8_usp_3":"Scarpe comode","section_8_answer_8_2":"Tutti i contenuti di gioco e le istruzioni sono forniti digitalmente dopo la prenotazione.","section_9_h2_instagram":"Vedi di pi\u00f9 su Instagram","section_9_text":"Ispirazione di viaggio, enigmi, gemme nascoste e momenti City Game, direttamente dalla nostra comunit\u00e0","section_9_cta":"Seguici su Instagram","section_10_h2_page_ending":"Pronto per un'avventura indimenticabile a L\u00fcbeck?","section_10_text":"Esplora L\u00fcbeck in modo unico e interattivo con i nostri City Games. Gioca oggi e crea ricordi duraturi!","section_10_cta":"Prenota ora il tuo City Game","latitude":53.8664936,"longitude":10.6851979,"country":468,"map_enabled":true},"yoast_head":"<!-- This site is optimized with the Yoast SEO Premium plugin v26.2 (Yoast SEO v27.4) - https:\/\/yoast.com\/product\/yoast-seo-premium-wordpress\/ -->\n<title>City Game L\u00fcbeck - City Game<\/title>\n<meta name=\"robots\" content=\"index, follow, max-snippet:-1, max-image-preview:large, max-video-preview:-1\" \/>\n<link rel=\"canonical\" href=\"https:\/\/citygame.com\/it\/luoghi\/city-game-germany\/city-game-lubeck-2\/\" \/>\n<meta property=\"og:locale\" content=\"it_IT\" \/>\n<meta property=\"og:type\" content=\"article\" \/>\n<meta property=\"og:title\" content=\"City Game L\u00fcbeck\" \/>\n<meta property=\"og:url\" content=\"https:\/\/citygame.com\/it\/luoghi\/city-game-germany\/city-game-lubeck-2\/\" \/>\n<meta property=\"og:site_name\" content=\"City Game\" \/>\n<meta property=\"article:publisher\" content=\"https:\/\/www.facebook.com\/profile.php?id=100086426226253\" \/>\n<meta property=\"og:image\" content=\"https:\/\/citygame.com\/wp-content\/blogs.dir\/1\/files\/2026\/02\/lubeck-holstentor-gate-and-trave-river.jpg\" \/>\n\t<meta property=\"og:image:width\" content=\"1376\" \/>\n\t<meta property=\"og:image:height\" content=\"768\" \/>\n\t<meta property=\"og:image:type\" content=\"image\/jpeg\" \/>\n<meta name=\"twitter:card\" content=\"summary_large_image\" \/>\n<script type=\"application\/ld+json\" class=\"yoast-schema-graph\">{\"@context\":\"https:\\\/\\\/schema.org\",\"@graph\":[{\"@type\":\"WebPage\",\"@id\":\"https:\\\/\\\/citygame.com\\\/it\\\/luoghi\\\/city-game-germany\\\/city-game-lubeck-2\\\/\",\"url\":\"https:\\\/\\\/citygame.com\\\/it\\\/luoghi\\\/city-game-germany\\\/city-game-lubeck-2\\\/\",\"name\":\"City Game L\u00fcbeck - City Game\",\"isPartOf\":{\"@id\":\"https:\\\/\\\/citygame.com\\\/it\\\/#website\"},\"primaryImageOfPage\":{\"@id\":\"https:\\\/\\\/citygame.com\\\/it\\\/luoghi\\\/city-game-germany\\\/city-game-lubeck-2\\\/#primaryimage\"},\"image\":{\"@id\":\"https:\\\/\\\/citygame.com\\\/it\\\/luoghi\\\/city-game-germany\\\/city-game-lubeck-2\\\/#primaryimage\"},\"thumbnailUrl\":\"https:\\\/\\\/citygame.com\\\/wp-content\\\/blogs.dir\\\/1\\\/files\\\/2026\\\/02\\\/lubeck-holstentor-gate-and-trave-river.jpg\",\"datePublished\":\"2026-04-23T10:18:26+00:00\",\"breadcrumb\":{\"@id\":\"https:\\\/\\\/citygame.com\\\/it\\\/luoghi\\\/city-game-germany\\\/city-game-lubeck-2\\\/#breadcrumb\"},\"inLanguage\":\"it-IT\",\"potentialAction\":[{\"@type\":\"ReadAction\",\"target\":[\"https:\\\/\\\/citygame.com\\\/it\\\/luoghi\\\/city-game-germany\\\/city-game-lubeck-2\\\/\"]}]},{\"@type\":\"ImageObject\",\"inLanguage\":\"it-IT\",\"@id\":\"https:\\\/\\\/citygame.com\\\/it\\\/luoghi\\\/city-game-germany\\\/city-game-lubeck-2\\\/#primaryimage\",\"url\":\"https:\\\/\\\/citygame.com\\\/wp-content\\\/blogs.dir\\\/1\\\/files\\\/2026\\\/02\\\/lubeck-holstentor-gate-and-trave-river.jpg\",\"contentUrl\":\"https:\\\/\\\/citygame.com\\\/wp-content\\\/blogs.dir\\\/1\\\/files\\\/2026\\\/02\\\/lubeck-holstentor-gate-and-trave-river.jpg\",\"width\":1376,\"height\":768,\"caption\":\"A view of L\u00fcbeck's historic Holstentor and Old Town from across the Trave River at dusk.\"},{\"@type\":\"BreadcrumbList\",\"@id\":\"https:\\\/\\\/citygame.com\\\/it\\\/luoghi\\\/city-game-germany\\\/city-game-lubeck-2\\\/#breadcrumb\",\"itemListElement\":[{\"@type\":\"ListItem\",\"position\":1,\"name\":\"Home\",\"item\":\"https:\\\/\\\/citygame.com\\\/it\\\/\"},{\"@type\":\"ListItem\",\"position\":2,\"name\":\"Luoghi\",\"item\":\"https:\\\/\\\/citygame.com\\\/it\\\/luoghi\\\/\"},{\"@type\":\"ListItem\",\"position\":3,\"name\":\"City Game Germany\",\"item\":\"https:\\\/\\\/citygame.com\\\/it\\\/luoghi\\\/city-game-germany\\\/\"},{\"@type\":\"ListItem\",\"position\":4,\"name\":\"City Game L\u00fcbeck\"}]},{\"@type\":\"WebSite\",\"@id\":\"https:\\\/\\\/citygame.com\\\/it\\\/#website\",\"url\":\"https:\\\/\\\/citygame.com\\\/it\\\/\",\"name\":\"City Game\",\"description\":\"\",\"publisher\":{\"@id\":\"https:\\\/\\\/citygame.com\\\/it\\\/#organization\"},\"alternateName\":\"citygame.com\",\"potentialAction\":[{\"@type\":\"SearchAction\",\"target\":{\"@type\":\"EntryPoint\",\"urlTemplate\":\"https:\\\/\\\/citygame.com\\\/it\\\/?s={search_term_string}\"},\"query-input\":{\"@type\":\"PropertyValueSpecification\",\"valueRequired\":true,\"valueName\":\"search_term_string\"}}],\"inLanguage\":\"it-IT\"},{\"@type\":\"Organization\",\"@id\":\"https:\\\/\\\/citygame.com\\\/it\\\/#organization\",\"name\":\"City Game\",\"alternateName\":\"citygame.com\",\"url\":\"https:\\\/\\\/citygame.com\\\/it\\\/\",\"logo\":{\"@type\":\"ImageObject\",\"inLanguage\":\"it-IT\",\"@id\":\"https:\\\/\\\/citygame.com\\\/it\\\/#\\\/schema\\\/logo\\\/image\\\/\",\"url\":\"https:\\\/\\\/citygame.com\\\/wp-content\\\/blogs.dir\\\/1\\\/files\\\/2025\\\/10\\\/CG_LOGO-City-Game.png\",\"contentUrl\":\"https:\\\/\\\/citygame.com\\\/wp-content\\\/blogs.dir\\\/1\\\/files\\\/2025\\\/10\\\/CG_LOGO-City-Game.png\",\"width\":351,\"height\":377,\"caption\":\"City Game\"},\"image\":{\"@id\":\"https:\\\/\\\/citygame.com\\\/it\\\/#\\\/schema\\\/logo\\\/image\\\/\"},\"sameAs\":[\"https:\\\/\\\/www.facebook.com\\\/profile.php?id=100086426226253\",\"https:\\\/\\\/www.instagram.com\\\/citygame_com\",\"https:\\\/\\\/www.tiktok.com\\\/@citygamecom\\\/\",\"https:\\\/\\\/www.linkedin.com\\\/company\\\/citygame-com\"],\"description\":\"Turn any city into a playground with our interactive City Games and self-guided tours. Fun, flexible, and ideal for groups and team building.\"}]}<\/script>\n<!-- \/ Yoast SEO Premium plugin. -->","yoast_head_json":{"title":"City Game L\u00fcbeck - City Game","robots":{"index":"index","follow":"follow","max-snippet":"max-snippet:-1","max-image-preview":"max-image-preview:large","max-video-preview":"max-video-preview:-1"},"canonical":"https:\/\/citygame.com\/it\/luoghi\/city-game-germany\/city-game-lubeck-2\/","og_locale":"it_IT","og_type":"article","og_title":"City Game L\u00fcbeck","og_url":"https:\/\/citygame.com\/it\/luoghi\/city-game-germany\/city-game-lubeck-2\/","og_site_name":"City Game","article_publisher":"https:\/\/www.facebook.com\/profile.php?id=100086426226253","og_image":[{"width":1376,"height":768,"url":"https:\/\/citygame.com\/wp-content\/blogs.dir\/1\/files\/2026\/02\/lubeck-holstentor-gate-and-trave-river.jpg","type":"image\/jpeg"}],"twitter_card":"summary_large_image","schema":{"@context":"https:\/\/schema.org","@graph":[{"@type":"WebPage","@id":"https:\/\/citygame.com\/it\/luoghi\/city-game-germany\/city-game-lubeck-2\/","url":"https:\/\/citygame.com\/it\/luoghi\/city-game-germany\/city-game-lubeck-2\/","name":"City Game L\u00fcbeck - City Game","isPartOf":{"@id":"https:\/\/citygame.com\/it\/#website"},"primaryImageOfPage":{"@id":"https:\/\/citygame.com\/it\/luoghi\/city-game-germany\/city-game-lubeck-2\/#primaryimage"},"image":{"@id":"https:\/\/citygame.com\/it\/luoghi\/city-game-germany\/city-game-lubeck-2\/#primaryimage"},"thumbnailUrl":"https:\/\/citygame.com\/wp-content\/blogs.dir\/1\/files\/2026\/02\/lubeck-holstentor-gate-and-trave-river.jpg","datePublished":"2026-04-23T10:18:26+00:00","breadcrumb":{"@id":"https:\/\/citygame.com\/it\/luoghi\/city-game-germany\/city-game-lubeck-2\/#breadcrumb"},"inLanguage":"it-IT","potentialAction":[{"@type":"ReadAction","target":["https:\/\/citygame.com\/it\/luoghi\/city-game-germany\/city-game-lubeck-2\/"]}]},{"@type":"ImageObject","inLanguage":"it-IT","@id":"https:\/\/citygame.com\/it\/luoghi\/city-game-germany\/city-game-lubeck-2\/#primaryimage","url":"https:\/\/citygame.com\/wp-content\/blogs.dir\/1\/files\/2026\/02\/lubeck-holstentor-gate-and-trave-river.jpg","contentUrl":"https:\/\/citygame.com\/wp-content\/blogs.dir\/1\/files\/2026\/02\/lubeck-holstentor-gate-and-trave-river.jpg","width":1376,"height":768,"caption":"A view of L\u00fcbeck's historic Holstentor and Old Town from across the Trave River at dusk."},{"@type":"BreadcrumbList","@id":"https:\/\/citygame.com\/it\/luoghi\/city-game-germany\/city-game-lubeck-2\/#breadcrumb","itemListElement":[{"@type":"ListItem","position":1,"name":"Home","item":"https:\/\/citygame.com\/it\/"},{"@type":"ListItem","position":2,"name":"Luoghi","item":"https:\/\/citygame.com\/it\/luoghi\/"},{"@type":"ListItem","position":3,"name":"City Game Germany","item":"https:\/\/citygame.com\/it\/luoghi\/city-game-germany\/"},{"@type":"ListItem","position":4,"name":"City Game L\u00fcbeck"}]},{"@type":"WebSite","@id":"https:\/\/citygame.com\/it\/#website","url":"https:\/\/citygame.com\/it\/","name":"City Game","description":"","publisher":{"@id":"https:\/\/citygame.com\/it\/#organization"},"alternateName":"citygame.com","potentialAction":[{"@type":"SearchAction","target":{"@type":"EntryPoint","urlTemplate":"https:\/\/citygame.com\/it\/?s={search_term_string}"},"query-input":{"@type":"PropertyValueSpecification","valueRequired":true,"valueName":"search_term_string"}}],"inLanguage":"it-IT"},{"@type":"Organization","@id":"https:\/\/citygame.com\/it\/#organization","name":"City Game","alternateName":"citygame.com","url":"https:\/\/citygame.com\/it\/","logo":{"@type":"ImageObject","inLanguage":"it-IT","@id":"https:\/\/citygame.com\/it\/#\/schema\/logo\/image\/","url":"https:\/\/citygame.com\/wp-content\/blogs.dir\/1\/files\/2025\/10\/CG_LOGO-City-Game.png","contentUrl":"https:\/\/citygame.com\/wp-content\/blogs.dir\/1\/files\/2025\/10\/CG_LOGO-City-Game.png","width":351,"height":377,"caption":"City Game"},"image":{"@id":"https:\/\/citygame.com\/it\/#\/schema\/logo\/image\/"},"sameAs":["https:\/\/www.facebook.com\/profile.php?id=100086426226253","https:\/\/www.instagram.com\/citygame_com","https:\/\/www.tiktok.com\/@citygamecom\/","https:\/\/www.linkedin.com\/company\/citygame-com"],"description":"Turn any city into a playground with our interactive City Games and self-guided tours. Fun, flexible, and ideal for groups and team building."}]}},"taxonomy_info":{"cities-only-parent-location":[{"value":468,"label":"Germany"}],"cg_page_type":[{"value":45,"label":"City overview page"}]},"featured_image_src_large":["https:\/\/citygame.com\/wp-content\/blogs.dir\/1\/files\/2026\/02\/lubeck-holstentor-gate-and-trave-river-1024x572.jpg",1024,572,true],"author_info":{"display_name":"Philip","author_link":"https:\/\/citygame.com\/it\/blog\/author\/sophi2\/"},"comment_info":0,"wpml_current_locale":"it_IT","wpml_translations":{"nl_NL":{"locale":"nl_NL","id":226992,"slug":"city-game-lubeck-2","post_title":"City Game L\u00fcbeck","href":"https:\/\/citygame.com\/nl\/locaties\/city-game-duitsland\/city-game-lubeck-2\/"},"en_US":{"locale":"en_US","id":12917,"slug":"city-game-lubeck","post_title":"City Game L\u00fcbeck","href":"https:\/\/citygame.com\/locations\/germany\/city-game-lubeck\/"},"fr_FR":{"locale":"fr_FR","id":227009,"slug":"city-game-lubeck-2","post_title":"City Game L\u00fcbeck","href":"https:\/\/citygame.com\/fr\/emplacements\/city-game-germany\/city-game-lubeck-2\/"},"de_DE":{"locale":"de_DE","id":226997,"slug":"city-game-lubeck-2","post_title":"City Game L\u00fcbeck","href":"https:\/\/citygame.com\/de\/standorte\/city-game-deutschland\/city-game-lubeck-2\/"},"it_IT":{"locale":"it_IT","translation":"current"},"es_ES":{"locale":"es_ES","id":227004,"slug":"city-game-lubeck-2","post_title":"City Game L\u00fcbeck","href":"https:\/\/citygame.com\/es\/localizaciones\/city-game-alemania\/city-game-lubeck-2\/"}},"_links":{"self":[{"href":"https:\/\/citygame.com\/it\/wp-json\/wp\/v2\/pages\/227015","targetHints":{"allow":["GET"]}}],"collection":[{"href":"https:\/\/citygame.com\/it\/wp-json\/wp\/v2\/pages"}],"about":[{"href":"https:\/\/citygame.com\/it\/wp-json\/wp\/v2\/types\/page"}],"author":[{"embeddable":true,"href":"https:\/\/citygame.com\/it\/wp-json\/wp\/v2\/users\/78"}],"replies":[{"embeddable":true,"href":"https:\/\/citygame.com\/it\/wp-json\/wp\/v2\/comments?post=227015"}],"version-history":[{"count":0,"href":"https:\/\/citygame.com\/it\/wp-json\/wp\/v2\/pages\/227015\/revisions"}],"up":[{"embeddable":true,"href":"https:\/\/citygame.com\/it\/wp-json\/wp\/v2\/pages\/225793"}],"acf:term":[{"embeddable":true,"taxonomy":"cities-only-parent-location","href":"https:\/\/citygame.com\/it\/wp-json\/wp\/v2\/cities-only-parent-location\/468"},{"embeddable":true,"taxonomy":"location","href":"https:\/\/citygame.com\/it\/wp-json\/wp\/v2\/location\/252"}],"wp:featuredmedia":[{"embeddable":true,"href":"https:\/\/citygame.com\/it\/wp-json\/wp\/v2\/media\/12912"}],"wp:attachment":[{"href":"https:\/\/citygame.com\/it\/wp-json\/wp\/v2\/media?parent=227015"}],"wp:term":[{"taxonomy":"cities-only-parent-location","embeddable":true,"href":"https:\/\/citygame.com\/it\/wp-json\/wp\/v2\/cities-only-parent-location?post=227015"},{"taxonomy":"countries-only-parent-locations","embeddable":true,"href":"https:\/\/citygame.com\/it\/wp-json\/wp\/v2\/countries-only-parent-locations?post=227015"},{"taxonomy":"seo_keyword","embeddable":true,"href":"https:\/\/citygame.com\/it\/wp-json\/wp\/v2\/seo_keyword?post=227015"},{"taxonomy":"cg_page_type","embeddable":true,"href":"https:\/\/citygame.com\/it\/wp-json\/wp\/v2\/cg_page_type?post=227015"}],"curies":[{"name":"wp","href":"https:\/\/api.w.org\/{rel}","templated":true}]}}