{"id":227050,"date":"2026-04-23T10:29:34","date_gmt":"2026-04-23T10:29:34","guid":{"rendered":"https:\/\/citygame.com\/locations\/germany\/city-game-freiburg-im-breisgau\/"},"modified":"2026-04-23T10:29:34","modified_gmt":"2026-04-23T10:29:34","slug":"city-game-freiburg-im-breisgau","status":"publish","type":"page","link":"https:\/\/citygame.com\/it\/luoghi\/city-game-germany\/city-game-freiburg-im-breisgau\/","title":{"rendered":"City Game Freiburg im Breisgau"},"content":{"rendered":"","protected":false},"excerpt":{"rendered":"","protected":false},"author":78,"featured_media":12895,"parent":225793,"menu_order":0,"comment_status":"closed","ping_status":"closed","template":"","meta":{"_acf_changed":false,"_yoast_wpseo_focuskw":"City Game Freiburg im Breisgau","_yoast_wpseo_metadesc":"","_kad_blocks_custom_css":"","_kad_blocks_head_custom_js":"","_kad_blocks_body_custom_js":"","_kad_blocks_footer_custom_js":"","_kad_post_transparent":"","_kad_post_title":"","_kad_post_layout":"","_kad_post_sidebar_id":"","_kad_post_content_style":"","_kad_post_vertical_padding":"","_kad_post_feature":"","_kad_post_feature_position":"","_kad_post_header":false,"_kad_post_footer":false,"_kad_post_classname":"","footnotes":""},"cities-only-parent-location":[468],"countries-only-parent-locations":[],"seo_keyword":[],"cg_page_type":[45],"class_list":["post-227050","page","type-page","status-publish","has-post-thumbnail","hentry","cities-only-parent-location-germany","cg_page_type-city-overview-page"],"acf":{"city_name":"Freiburg im Breisgau","select_city":539,"section_1_h2_city_games_in_city":"City Games in Freiburg im Breisgau","intro_text":"City Games sono disponibili in Freiburg im Breisgau, offrendo un'esperienza autoguidata tramite gameplay interattivo. Utilizzando un telefono, i giocatori risolvono enigmi e affrontano sfide mentre si spostano in diverse parti della citt\u00e0. Ogni gioco offre un modo flessibile per esplorare Freiburg im Breisgau al proprio ritmo.","section_1_usp_1":"Avvia, metti in pausa e riprendi quando vuoi","section_1_usp_2":"Gioca in modo indipendente","section_1_usp_3":"1-4 o 2-5 persone per smartphone, a seconda del tuo gioco","section_1_usp_4":"1,5-2 ore di gioco","section_1_usp_5":"Distanza a piedi di 3-4 km","section_1_usp_6":"\u00c8 richiesta una connessione Internet","section_1_text_2":"Scegli il tuo City Game e inizia a giocare oggi!","section_1_cta":"Controlla tutti i City Games","intro_image":12896,"section_2_h2_all_city_games_in_city":"Tutti i City Games a Freiburg im Breisgau","section_3_h2_how_city_games_work_in_city":"Come funzionano City Games a Freiburg im Breisgau","section_3_text":"City Games in Freiburg im Breisgau sono esperienze completamente autoguidate che ti permettono di esplorare la citt\u00e0 al tuo ritmo. Utilizzando il tuo smartphone, percorrerai il centro della citt\u00e0 risolvendo enigmi, affrontando sfide e seguendo la trama del tuo City Game scelto.\r\n\r\nDecidi tu quando iniziare, dove fare pause e con quale rapidit\u00e0 giocare. Non \u00e8 necessaria una guida, un programma o una prenotazione.","section_3_usp_1":"Gioca in squadre di amici, familiari o colleghi","section_3_usp_2":"Inizia quando vuoi, nessuna guida o personale necessaria","section_3_usp_3":"Usa il tuo smartphone o tablet","section_3_usp_4":"Cammina per la citt\u00e0 risolvendo enigmi e sfide","section_3_usp_5":"Scopri curiosit\u00e0 su storia, cultura e monumenti","section_3_usp_6":"Disponibile in pi\u00f9 lingue","section_3_cta":"Scegli il tuo City Game","section_3_step_1":"Fase 1","section_3_step_1_title":"Prenota il tuo City Game","section_3_step_1_text":"Scegli la tua citt\u00e0 e il tuo gioco e ricevi tutto immediatamente dopo la prenotazione.","section_3_step_2":"Fase 2","section_3_step_2_title":"Controlla le tue istruzioni","section_3_step_2_text":"Apri l'email di conferma con il punto di partenza e come iniziare a giocare.","section_3_step_3":"Fase 3","section_3_step_3_title":" Vai al punto di partenza","section_3_step_3_text":"Dirigiti al punto di partenza quando vuoi, senza orario fisso.","section_3_step_4":"Fase 4","section_3_step_4_title":"Inizia a giocare","section_3_step_4_text":"Segui gli indizi, risolvi enigmi e esplora la citt\u00e0 al tuo ritmo!","how_city_games_work_image":12897,"section_4_h2_who_are_city_games_in_city_for":"Per chi sono i City Games a Freiburg im Breisgau?","section_4_text":"I City Games a Freiburg im Breisgau sono pensati per chiunque voglia vivere la citt\u00e0 in modo interattivo e flessibile. Che tu venga a Freiburg im Breisgau per la prima volta o conosca gi\u00e0 bene la citt\u00e0, City Games offre un'attivit\u00e0 divertente che si adatta facilmente alla tua giornata.","section_4_text_2":"I City Games a Freiburg im Breisgau sono adatti a:","section_4_usp_1":"Giocatori singoli o piccoli gruppi in cerca di un'avventura flessibile","section_4_usp_2":"Turisti che esplorano Freiburg im Breisgau","section_4_usp_3":"Amici e famiglie in cerca di un'attivit\u00e0 divertente","section_4_usp_4":"Aziende e team che pianificano un evento di teambuilding","section_4_usp_5":"Residenti che vogliono riscoprire la propria citt\u00e0","section_4_cta":"Scegli il tuo City Game","who_are_city_games_for_image":12898,"section_5_h2_exploring_city":"Esplorare Freiburg im Breisgau","exploring_city_text":"Esplorare Freiburg im Breisgau offre un senso di luogo distinto, plasmato dalle sue radici medievali e dallo spirito ecoconsapevole. Il centro storico, con i suoi vicoli lastricati e i B\u00e4chle che scorrono\u2014canali d'acqua stretti tipici della citt\u00e0\u2014crea un ritmo di movimento che fonde storia e quotidianit\u00e0. I monumenti gotici come Freiburg Minster si ergono tra piazze ombreggiate, dove i residenti si fermano alle bancarelle del mercato sotto le guglie di arenaria.\n\nIl carattere della citt\u00e0 si approfondisce man mano che ci si inoltra nel quartiere Vauban, un ex sito militare trasformato in modello di vita urbana sostenibile. Sentieri alberati e cortili tranquilli invitano a un ritmo pi\u00f9 lento, contrastando con l'energia pi\u00f9 vivace di luoghi come Augustinerplatz. Che ci si trovi sotto la chioma delle colline della Foresta Nera o si attraversino boulevard fiancheggiati dai tram, Freiburg rivela i suoi strati sia nella forma costruita sia nell'ambiente naturale.","exploring_city_image":12899,"section_6_h2_hosted_game":"I tuoi City Games preferiti, ospitati professionalmente dal nostro team","section_6_text":"Goditi gli stessi City Games della versione autoguidata, ma con supporto completo sul posto da parte dei nostri host professionisti. Ci occupiamo del briefing, dei tablet, del coordinamento e del supporto tecnico, in modo che il tuo gruppo possa concentrarsi interamente sul divertimento e sulla competizione.","section_6_text_2":"Cosa \u00e8 incluso:","section_6_usp_1_title":"Stesso City Game, completamente ospitato","section_6_usp_1_text":"Giocate la stessa identica esperienza della versione autoguidata, ora guidata dai nostri host.","section_6_usp_2_title":"Classifica in tempo reale e cerimonia di premiazione","section_6_usp_2_text":"Per gruppi numerosi, i nostri host svelano i punteggi finali e annunciano la squadra vincitrice con un momento di premiazione divertente.","section_6_usp_3_title":"Inizio e chiusura guidati","section_6_usp_3_text":"Accogliamo il vostro gruppo, spieghiamo chiaramente il gioco e concludiamo con un entusiasmante finale.","section_6_usp_4_title":"Supporto in tempo reale durante il gioco","section_6_usp_4_text":"Il nostro team assiste con dispositivi, problemi dell'app e coordinamento durante l'esperienza.","section_6_usp_5_title":"Tablets inclusi (opzionale)","section_6_usp_5_text":"Disponibile per gruppi che preferiscono usare i nostri dispositivi invece dei propri.","section_6_text_3":"Affidato da team in tutto il mondo, dai piccoli gruppi ai grandi eventi aziendali.","section_6_cta":"Pianifica il tuo evento di gruppo","section_7_h2_reviews":"Cosa ne pensano gli altri dei nostri City Games","section_7_cta_1":"Tutte le recensioni","section_7_cta_2":"Scrivi una recensione","section_8_h2_faq":"Hai domande? Abbiamo risposte!","section_8_text":"Consulta le nostre domande frequenti e scopri tutto ci\u00f2 che vuoi sapere. La tua domanda non \u00e8 tra queste? Non esitare a contattarci.","section_8_cta_1":"Visualizza tutte le domande frequenti","section_8_cta_2":"","section_8_question_1":"Cosa sono i City Games a Freiburg im Breisgau?","section_8_answer_1":"City Games in Freiburg im Breisgau sono <strong>esperienze interattive e autoguidate<\/strong> che ti permettono di esplorare la citt\u00e0 giocando!\r\n\r\nUsando il tuo smartphone, risolvi enigmi, superi sfide e segui la trama del tuo City Game scelto mentre attraversi la citt\u00e0.\r\n\r\nCity Games combinano lavoro di squadra, risoluzione di problemi e esplorazione all'aperto, rendendole un'attivit\u00e0 divertente per visitatori, locali e gruppi.","section_8_question_2":"Ho bisogno di una guida per giocare a un City Game a Freiburg im Breisgau?","section_8_answer_2":"<p class=\"kt-adv-heading2034_2420ea-ca wp-block-kadence-advancedheading\" data-kb-block=\"kb-adv-heading2034_2420ea-ca\">No, City Games in Freiburg im Breisgau sono <strong>completamente autoguidate<\/strong>. Non serve una guida, un host o personale sul posto per giocare. Tutte le istruzioni e le modalit\u00e0 di gioco sono fornite digitalmente, permettendoti di iniziare e giocare in autonomia usando il tuo smartphone.<\/p>\r\nQuesta flessibilit\u00e0 rende le City Games facili da inserire nel tuo programma.\r\n<p class=\"kt-adv-heading2034_cd3db2-33 wp-block-kadence-advancedheading hls-none\" data-kb-block=\"kb-adv-heading2034_cd3db2-33\">Per gruppi pi\u00f9 grandi o eventi aziendali, \u00e8 disponibile anche una versione completamente ospitata delle nostre City Games, con guida sul posto, tablet e supporto in tempo reale.<\/p>\r\nHai in programma un gruppo o evento aziendale?","section_8_answer_2_cta":"Esplora l'esperienza City Game ospitata per gruppi","section_8_question_3":"Quando possiamo iniziare a giocare a un City Game a Freiburg im Breisgau?","section_8_answer_3":"Puoi iniziare a giocare <strong>quando ti \u00e8 pi\u00f9 comodo<\/strong>! Le City Games a Freiburg im Breisgau non hanno orari di inizio fissi, quindi sei libero di iniziare in un momento che si adatti ai tuoi piani.\r\n\r\nDopo la prenotazione, ricevi istruzioni chiare che spiegano come e quando puoi iniziare il tuo City Game!","section_8_question_4":"Quanto tempo richiede un City Game a Freiburg im Breisgau?","section_8_answer_4":"Le City Games a Freiburg im Breisgau richiedono <strong>circa 1,5-2 ore<\/strong> per essere completate! La durata esatta dipende dal tuo ritmo, da quante pause fai e da quanto velocemente risolvi gli enigmi e le sfide.\r\n\r\nPuoi giocare al tuo ritmo e mettere in pausa il gioco quando vuoi!","section_8_question_5":"Possiamo giocare a un City Game a Freiburg im Breisgau con un grande gruppo?","section_8_answer_5":"<p class=\"kt-adv-heading2034_97743b-76 wp-block-kadence-advancedheading\" data-kb-block=\"kb-adv-heading2034_97743b-76\">S\u00ec, City Games sono adatti sia a <strong>piccoli gruppi che a team pi\u00f9 grandi<\/strong>. I gruppi numerosi possono facilmente suddividersi in squadre pi\u00f9 piccole e giocare al City Game contemporaneamente, usando pi\u00f9 smartphone. Ogni squadra gioca in modo indipendente, seguendo lo stesso concetto di gioco e la stessa storia.<\/p>\r\nQuesta configurazione funziona bene per gruppi di amici, famiglie e aziende, e rende City Games una scelta popolare per uscite di gruppo, eventi e attivit\u00e0 di teambuilding.\r\n<p class=\"kt-adv-heading2034_7442e3-e3 wp-block-kadence-advancedheading hls-none\" data-kb-block=\"kb-adv-heading2034_7442e3-e3\">Per gruppi pi\u00f9 grandi o eventi aziendali, \u00e8 disponibile anche una versione completamente ospitata dei nostri City Games, con guida sul posto, tablet e supporto in tempo reale.<\/p>\r\nHai in programma un gruppo o evento aziendale?","section_8_answer_5_cta":"Esplora l'esperienza City Game ospitata per gruppi","section_8_question_6":"Le City Games a Freiburg im Breisgau sono adatte sia ai turisti sia ai residenti?","section_8_answer_6":"S\u00ec, City Games a Freiburg im Breisgau sono adatti sia a <strong>turisti sia residenti<\/strong>. I visitatori possono vivere la citt\u00e0 in modo interattivo, mentre i residenti possono godersi le strade familiari come sfondo per un City Game.\r\n\r\nPoich\u00e9 ogni City Game si concentra sul gameplay e sullo storytelling, l'esperienza risulta fresca indipendentemente da quanto conosci gi\u00e0 la citt\u00e0.","section_8_question_7":"Le City Games a Freiburg im Breisgau sono disponibili in diverse lingue?","section_8_answer_7":"S\u00ec, le City Games a Freiburg im Breisgau sono <strong>disponibili in diverse lingue<\/strong>. Puoi scegliere la lingua preferita prima o durante il gioco, rendendo le City Games accessibili per visitatori internazionali e gruppi multilingue.","section_8_question_8":"Di cosa abbiamo bisogno per giocare a un City Game a Freiburg im Breisgau?","section_8_answer_8":"Per giocare a un City Game a Freiburg im Breisgau, hai bisogno di:","section_8_answer_8_usp_1":"Uno smartphone con connessione Internet","section_8_answer_8_usp_2":"Una batteria carica","section_8_answer_8_usp_3":"Scarpe comode per camminare","section_8_answer_8_2":"Tutto il contenuto del gioco e le istruzioni sono forniti digitalmente dopo la prenotazione.","section_9_h2_instagram":"Vedi di pi\u00f9 su Instagram","section_9_text":"Ispirazioni di viaggio, enigmi, tesori nascosti e momenti di City Game, direttamente dalla nostra community","section_9_cta":"Seguici su Instagram","section_10_h2_page_ending":"Pronto per un'avventura indimenticabile a Freiburg im Breisgau?","section_10_text":"Esplora Freiburg im Breisgau in modo unico e interattivo con i nostri City Games. Gioca subito e crea ricordi che durano nel tempo!","section_10_cta":"Prenota ora il tuo City Game","latitude":47.9959259,"longitude":7.8529823,"country":468,"map_enabled":true},"yoast_head":"<!-- This site is optimized with the Yoast SEO Premium plugin v26.2 (Yoast SEO v27.4) - https:\/\/yoast.com\/product\/yoast-seo-premium-wordpress\/ -->\n<title>City Game Freiburg im Breisgau - City Game<\/title>\n<meta name=\"robots\" content=\"index, follow, max-snippet:-1, max-image-preview:large, max-video-preview:-1\" \/>\n<link rel=\"canonical\" href=\"https:\/\/citygame.com\/it\/luoghi\/city-game-germany\/city-game-freiburg-im-breisgau\/\" \/>\n<meta property=\"og:locale\" content=\"it_IT\" \/>\n<meta property=\"og:type\" content=\"article\" \/>\n<meta property=\"og:title\" content=\"City Game Freiburg im Breisgau\" \/>\n<meta property=\"og:url\" content=\"https:\/\/citygame.com\/it\/luoghi\/city-game-germany\/city-game-freiburg-im-breisgau\/\" \/>\n<meta property=\"og:site_name\" content=\"City Game\" \/>\n<meta property=\"article:publisher\" content=\"https:\/\/www.facebook.com\/profile.php?id=100086426226253\" \/>\n<meta property=\"og:image\" content=\"https:\/\/citygame.com\/wp-content\/blogs.dir\/1\/files\/2026\/02\/freiburg-im-breisgau-minster-cityscape-view.jpg\" \/>\n\t<meta property=\"og:image:width\" content=\"1376\" \/>\n\t<meta property=\"og:image:height\" content=\"768\" \/>\n\t<meta property=\"og:image:type\" content=\"image\/jpeg\" \/>\n<meta name=\"twitter:card\" content=\"summary_large_image\" \/>\n<script type=\"application\/ld+json\" class=\"yoast-schema-graph\">{\"@context\":\"https:\\\/\\\/schema.org\",\"@graph\":[{\"@type\":\"WebPage\",\"@id\":\"https:\\\/\\\/citygame.com\\\/it\\\/luoghi\\\/city-game-germany\\\/city-game-freiburg-im-breisgau\\\/\",\"url\":\"https:\\\/\\\/citygame.com\\\/it\\\/luoghi\\\/city-game-germany\\\/city-game-freiburg-im-breisgau\\\/\",\"name\":\"City Game Freiburg im Breisgau - City Game\",\"isPartOf\":{\"@id\":\"https:\\\/\\\/citygame.com\\\/it\\\/#website\"},\"primaryImageOfPage\":{\"@id\":\"https:\\\/\\\/citygame.com\\\/it\\\/luoghi\\\/city-game-germany\\\/city-game-freiburg-im-breisgau\\\/#primaryimage\"},\"image\":{\"@id\":\"https:\\\/\\\/citygame.com\\\/it\\\/luoghi\\\/city-game-germany\\\/city-game-freiburg-im-breisgau\\\/#primaryimage\"},\"thumbnailUrl\":\"https:\\\/\\\/citygame.com\\\/wp-content\\\/blogs.dir\\\/1\\\/files\\\/2026\\\/02\\\/freiburg-im-breisgau-minster-cityscape-view.jpg\",\"datePublished\":\"2026-04-23T10:29:34+00:00\",\"breadcrumb\":{\"@id\":\"https:\\\/\\\/citygame.com\\\/it\\\/luoghi\\\/city-game-germany\\\/city-game-freiburg-im-breisgau\\\/#breadcrumb\"},\"inLanguage\":\"it-IT\",\"potentialAction\":[{\"@type\":\"ReadAction\",\"target\":[\"https:\\\/\\\/citygame.com\\\/it\\\/luoghi\\\/city-game-germany\\\/city-game-freiburg-im-breisgau\\\/\"]}]},{\"@type\":\"ImageObject\",\"inLanguage\":\"it-IT\",\"@id\":\"https:\\\/\\\/citygame.com\\\/it\\\/luoghi\\\/city-game-germany\\\/city-game-freiburg-im-breisgau\\\/#primaryimage\",\"url\":\"https:\\\/\\\/citygame.com\\\/wp-content\\\/blogs.dir\\\/1\\\/files\\\/2026\\\/02\\\/freiburg-im-breisgau-minster-cityscape-view.jpg\",\"contentUrl\":\"https:\\\/\\\/citygame.com\\\/wp-content\\\/blogs.dir\\\/1\\\/files\\\/2026\\\/02\\\/freiburg-im-breisgau-minster-cityscape-view.jpg\",\"width\":1376,\"height\":768,\"caption\":\"An elevated view over the rooftops of Freiburg's old town toward the iconic spire of the Freiburg Minster.\"},{\"@type\":\"BreadcrumbList\",\"@id\":\"https:\\\/\\\/citygame.com\\\/it\\\/luoghi\\\/city-game-germany\\\/city-game-freiburg-im-breisgau\\\/#breadcrumb\",\"itemListElement\":[{\"@type\":\"ListItem\",\"position\":1,\"name\":\"Home\",\"item\":\"https:\\\/\\\/citygame.com\\\/it\\\/\"},{\"@type\":\"ListItem\",\"position\":2,\"name\":\"Luoghi\",\"item\":\"https:\\\/\\\/citygame.com\\\/it\\\/luoghi\\\/\"},{\"@type\":\"ListItem\",\"position\":3,\"name\":\"City Game Germany\",\"item\":\"https:\\\/\\\/citygame.com\\\/it\\\/luoghi\\\/city-game-germany\\\/\"},{\"@type\":\"ListItem\",\"position\":4,\"name\":\"City Game Freiburg im Breisgau\"}]},{\"@type\":\"WebSite\",\"@id\":\"https:\\\/\\\/citygame.com\\\/it\\\/#website\",\"url\":\"https:\\\/\\\/citygame.com\\\/it\\\/\",\"name\":\"City Game\",\"description\":\"\",\"publisher\":{\"@id\":\"https:\\\/\\\/citygame.com\\\/it\\\/#organization\"},\"alternateName\":\"citygame.com\",\"potentialAction\":[{\"@type\":\"SearchAction\",\"target\":{\"@type\":\"EntryPoint\",\"urlTemplate\":\"https:\\\/\\\/citygame.com\\\/it\\\/?s={search_term_string}\"},\"query-input\":{\"@type\":\"PropertyValueSpecification\",\"valueRequired\":true,\"valueName\":\"search_term_string\"}}],\"inLanguage\":\"it-IT\"},{\"@type\":\"Organization\",\"@id\":\"https:\\\/\\\/citygame.com\\\/it\\\/#organization\",\"name\":\"City Game\",\"alternateName\":\"citygame.com\",\"url\":\"https:\\\/\\\/citygame.com\\\/it\\\/\",\"logo\":{\"@type\":\"ImageObject\",\"inLanguage\":\"it-IT\",\"@id\":\"https:\\\/\\\/citygame.com\\\/it\\\/#\\\/schema\\\/logo\\\/image\\\/\",\"url\":\"https:\\\/\\\/citygame.com\\\/wp-content\\\/blogs.dir\\\/1\\\/files\\\/2025\\\/10\\\/CG_LOGO-City-Game.png\",\"contentUrl\":\"https:\\\/\\\/citygame.com\\\/wp-content\\\/blogs.dir\\\/1\\\/files\\\/2025\\\/10\\\/CG_LOGO-City-Game.png\",\"width\":351,\"height\":377,\"caption\":\"City Game\"},\"image\":{\"@id\":\"https:\\\/\\\/citygame.com\\\/it\\\/#\\\/schema\\\/logo\\\/image\\\/\"},\"sameAs\":[\"https:\\\/\\\/www.facebook.com\\\/profile.php?id=100086426226253\",\"https:\\\/\\\/www.instagram.com\\\/citygame_com\",\"https:\\\/\\\/www.tiktok.com\\\/@citygamecom\\\/\",\"https:\\\/\\\/www.linkedin.com\\\/company\\\/citygame-com\"],\"description\":\"Turn any city into a playground with our interactive City Games and self-guided tours. Fun, flexible, and ideal for groups and team building.\"}]}<\/script>\n<!-- \/ Yoast SEO Premium plugin. -->","yoast_head_json":{"title":"City Game Freiburg im Breisgau - City Game","robots":{"index":"index","follow":"follow","max-snippet":"max-snippet:-1","max-image-preview":"max-image-preview:large","max-video-preview":"max-video-preview:-1"},"canonical":"https:\/\/citygame.com\/it\/luoghi\/city-game-germany\/city-game-freiburg-im-breisgau\/","og_locale":"it_IT","og_type":"article","og_title":"City Game Freiburg im Breisgau","og_url":"https:\/\/citygame.com\/it\/luoghi\/city-game-germany\/city-game-freiburg-im-breisgau\/","og_site_name":"City Game","article_publisher":"https:\/\/www.facebook.com\/profile.php?id=100086426226253","og_image":[{"width":1376,"height":768,"url":"https:\/\/citygame.com\/wp-content\/blogs.dir\/1\/files\/2026\/02\/freiburg-im-breisgau-minster-cityscape-view.jpg","type":"image\/jpeg"}],"twitter_card":"summary_large_image","schema":{"@context":"https:\/\/schema.org","@graph":[{"@type":"WebPage","@id":"https:\/\/citygame.com\/it\/luoghi\/city-game-germany\/city-game-freiburg-im-breisgau\/","url":"https:\/\/citygame.com\/it\/luoghi\/city-game-germany\/city-game-freiburg-im-breisgau\/","name":"City Game Freiburg im Breisgau - City Game","isPartOf":{"@id":"https:\/\/citygame.com\/it\/#website"},"primaryImageOfPage":{"@id":"https:\/\/citygame.com\/it\/luoghi\/city-game-germany\/city-game-freiburg-im-breisgau\/#primaryimage"},"image":{"@id":"https:\/\/citygame.com\/it\/luoghi\/city-game-germany\/city-game-freiburg-im-breisgau\/#primaryimage"},"thumbnailUrl":"https:\/\/citygame.com\/wp-content\/blogs.dir\/1\/files\/2026\/02\/freiburg-im-breisgau-minster-cityscape-view.jpg","datePublished":"2026-04-23T10:29:34+00:00","breadcrumb":{"@id":"https:\/\/citygame.com\/it\/luoghi\/city-game-germany\/city-game-freiburg-im-breisgau\/#breadcrumb"},"inLanguage":"it-IT","potentialAction":[{"@type":"ReadAction","target":["https:\/\/citygame.com\/it\/luoghi\/city-game-germany\/city-game-freiburg-im-breisgau\/"]}]},{"@type":"ImageObject","inLanguage":"it-IT","@id":"https:\/\/citygame.com\/it\/luoghi\/city-game-germany\/city-game-freiburg-im-breisgau\/#primaryimage","url":"https:\/\/citygame.com\/wp-content\/blogs.dir\/1\/files\/2026\/02\/freiburg-im-breisgau-minster-cityscape-view.jpg","contentUrl":"https:\/\/citygame.com\/wp-content\/blogs.dir\/1\/files\/2026\/02\/freiburg-im-breisgau-minster-cityscape-view.jpg","width":1376,"height":768,"caption":"An elevated view over the rooftops of Freiburg's old town toward the iconic spire of the Freiburg Minster."},{"@type":"BreadcrumbList","@id":"https:\/\/citygame.com\/it\/luoghi\/city-game-germany\/city-game-freiburg-im-breisgau\/#breadcrumb","itemListElement":[{"@type":"ListItem","position":1,"name":"Home","item":"https:\/\/citygame.com\/it\/"},{"@type":"ListItem","position":2,"name":"Luoghi","item":"https:\/\/citygame.com\/it\/luoghi\/"},{"@type":"ListItem","position":3,"name":"City Game Germany","item":"https:\/\/citygame.com\/it\/luoghi\/city-game-germany\/"},{"@type":"ListItem","position":4,"name":"City Game Freiburg im Breisgau"}]},{"@type":"WebSite","@id":"https:\/\/citygame.com\/it\/#website","url":"https:\/\/citygame.com\/it\/","name":"City Game","description":"","publisher":{"@id":"https:\/\/citygame.com\/it\/#organization"},"alternateName":"citygame.com","potentialAction":[{"@type":"SearchAction","target":{"@type":"EntryPoint","urlTemplate":"https:\/\/citygame.com\/it\/?s={search_term_string}"},"query-input":{"@type":"PropertyValueSpecification","valueRequired":true,"valueName":"search_term_string"}}],"inLanguage":"it-IT"},{"@type":"Organization","@id":"https:\/\/citygame.com\/it\/#organization","name":"City Game","alternateName":"citygame.com","url":"https:\/\/citygame.com\/it\/","logo":{"@type":"ImageObject","inLanguage":"it-IT","@id":"https:\/\/citygame.com\/it\/#\/schema\/logo\/image\/","url":"https:\/\/citygame.com\/wp-content\/blogs.dir\/1\/files\/2025\/10\/CG_LOGO-City-Game.png","contentUrl":"https:\/\/citygame.com\/wp-content\/blogs.dir\/1\/files\/2025\/10\/CG_LOGO-City-Game.png","width":351,"height":377,"caption":"City Game"},"image":{"@id":"https:\/\/citygame.com\/it\/#\/schema\/logo\/image\/"},"sameAs":["https:\/\/www.facebook.com\/profile.php?id=100086426226253","https:\/\/www.instagram.com\/citygame_com","https:\/\/www.tiktok.com\/@citygamecom\/","https:\/\/www.linkedin.com\/company\/citygame-com"],"description":"Turn any city into a playground with our interactive City Games and self-guided tours. Fun, flexible, and ideal for groups and team building."}]}},"taxonomy_info":{"cities-only-parent-location":[{"value":468,"label":"Germany"}],"cg_page_type":[{"value":45,"label":"City overview page"}]},"featured_image_src_large":["https:\/\/citygame.com\/wp-content\/blogs.dir\/1\/files\/2026\/02\/freiburg-im-breisgau-minster-cityscape-view-1024x572.jpg",1024,572,true],"author_info":{"display_name":"Philip","author_link":"https:\/\/citygame.com\/it\/blog\/author\/sophi2\/"},"comment_info":0,"wpml_current_locale":"it_IT","wpml_translations":{"nl_NL":{"locale":"nl_NL","id":227020,"slug":"city-game-freiburg-im-breisgau","post_title":"City Game Freiburg im Breisgau","href":"https:\/\/citygame.com\/nl\/locaties\/city-game-duitsland\/city-game-freiburg-im-breisgau\/"},"en_US":{"locale":"en_US","id":12900,"slug":"city-game-freiburg","post_title":"City Game Freiburg im Breisgau","href":"https:\/\/citygame.com\/locations\/germany\/city-game-freiburg\/"},"fr_FR":{"locale":"fr_FR","id":227043,"slug":"city-game-fribourg-en-brisgau","post_title":"City Game Fribourg-en-Brisgau","href":"https:\/\/citygame.com\/fr\/emplacements\/city-game-germany\/city-game-fribourg-en-brisgau\/"},"de_DE":{"locale":"de_DE","id":227028,"slug":"city-game-freiburg-im-breisgau","post_title":"City Game Freiburg im Breisgau","href":"https:\/\/citygame.com\/de\/standorte\/city-game-deutschland\/city-game-freiburg-im-breisgau\/"},"it_IT":{"locale":"it_IT","translation":"current"},"es_ES":{"locale":"es_ES","id":227036,"slug":"city-game-freiburg-im-breisgau","post_title":"City Game Freiburg im Breisgau","href":"https:\/\/citygame.com\/es\/localizaciones\/city-game-alemania\/city-game-freiburg-im-breisgau\/"}},"_links":{"self":[{"href":"https:\/\/citygame.com\/it\/wp-json\/wp\/v2\/pages\/227050","targetHints":{"allow":["GET"]}}],"collection":[{"href":"https:\/\/citygame.com\/it\/wp-json\/wp\/v2\/pages"}],"about":[{"href":"https:\/\/citygame.com\/it\/wp-json\/wp\/v2\/types\/page"}],"author":[{"embeddable":true,"href":"https:\/\/citygame.com\/it\/wp-json\/wp\/v2\/users\/78"}],"replies":[{"embeddable":true,"href":"https:\/\/citygame.com\/it\/wp-json\/wp\/v2\/comments?post=227050"}],"version-history":[{"count":0,"href":"https:\/\/citygame.com\/it\/wp-json\/wp\/v2\/pages\/227050\/revisions"}],"up":[{"embeddable":true,"href":"https:\/\/citygame.com\/it\/wp-json\/wp\/v2\/pages\/225793"}],"acf:term":[{"embeddable":true,"taxonomy":"cities-only-parent-location","href":"https:\/\/citygame.com\/it\/wp-json\/wp\/v2\/cities-only-parent-location\/468"},{"embeddable":true,"taxonomy":"location","href":"https:\/\/citygame.com\/it\/wp-json\/wp\/v2\/location\/539"}],"wp:featuredmedia":[{"embeddable":true,"href":"https:\/\/citygame.com\/it\/wp-json\/wp\/v2\/media\/12895"}],"wp:attachment":[{"href":"https:\/\/citygame.com\/it\/wp-json\/wp\/v2\/media?parent=227050"}],"wp:term":[{"taxonomy":"cities-only-parent-location","embeddable":true,"href":"https:\/\/citygame.com\/it\/wp-json\/wp\/v2\/cities-only-parent-location?post=227050"},{"taxonomy":"countries-only-parent-locations","embeddable":true,"href":"https:\/\/citygame.com\/it\/wp-json\/wp\/v2\/countries-only-parent-locations?post=227050"},{"taxonomy":"seo_keyword","embeddable":true,"href":"https:\/\/citygame.com\/it\/wp-json\/wp\/v2\/seo_keyword?post=227050"},{"taxonomy":"cg_page_type","embeddable":true,"href":"https:\/\/citygame.com\/it\/wp-json\/wp\/v2\/cg_page_type?post=227050"}],"curies":[{"name":"wp","href":"https:\/\/api.w.org\/{rel}","templated":true}]}}