{"id":227222,"date":"2026-04-23T11:54:50","date_gmt":"2026-04-23T11:54:50","guid":{"rendered":"https:\/\/citygame.com\/book\/prenota-city-games-in-norvegia\/"},"modified":"2026-04-23T11:54:50","modified_gmt":"2026-04-23T11:54:50","slug":"prenota-city-games-in-norvegia","status":"publish","type":"page","link":"https:\/\/citygame.com\/it\/prenota-il-tuo-city-game\/prenota-city-games-in-norvegia\/","title":{"rendered":"Prenota City Games in Norvegia"},"content":{"rendered":"","protected":false},"excerpt":{"rendered":"","protected":false},"author":78,"featured_media":8972,"parent":225823,"menu_order":0,"comment_status":"closed","ping_status":"closed","template":"","meta":{"_acf_changed":false,"_yoast_wpseo_focuskw":"Prenota City Games in Norvegia","_yoast_wpseo_metadesc":"","_kad_blocks_custom_css":"","_kad_blocks_head_custom_js":"","_kad_blocks_body_custom_js":"","_kad_blocks_footer_custom_js":"","_kad_post_transparent":"","_kad_post_title":"","_kad_post_layout":"","_kad_post_sidebar_id":"","_kad_post_content_style":"","_kad_post_vertical_padding":"","_kad_post_feature":"","_kad_post_feature_position":"","_kad_post_header":false,"_kad_post_footer":false,"_kad_post_classname":"","footnotes":""},"cities-only-parent-location":[],"countries-only-parent-locations":[],"seo_keyword":[],"cg_page_type":[636],"class_list":["post-227222","page","type-page","status-publish","has-post-thumbnail","hentry","cg_page_type-book-in-country-page"],"acf":{"country_name":"Norvegia","select_country":504,"hero_h2":"Prenota un City Game in Norvegia","hero_text":"Gioca a un City Game in citt\u00e0 di tutta la Norvegia e esplora ogni destinazione in modo divertente e interattivo. Risolvi enigmi, completa le sfide e scopri la citt\u00e0 passeggiando tra le sue strade e i suoi monumenti. Scegli la tua citt\u00e0 qui sotto e inizia la tua avventura.","hero_cta":"Tutte le destinazioni in Norvegia","section_2_h2_all_locations_in_country":"Tutte le localit\u00e0 in Norvegia","section_3_h2_book_your_city_game_in_country":"Prenota il tuo City Game in Norvegia in pochi passi","section_3_text":"Iniziare \u00e8 facile. Scegli il tuo City Game in Norvegia, prenota la tua avventura e inizia a giocare quando vuoi. Tutto ci\u00f2 di cui hai bisogno ti sar\u00e0 inviato immediatamente dopo la prenotazione: nessuna guida, nessun orario di inizio rigido, solo il tuo team e la citt\u00e0.","section_3_usp_1":"1,5\u20132 ore di gioco","section_3_usp_2":"3\u20134 km di camminata attraverso la citt\u00e0","section_3_usp_3":"Avvia, metti in pausa e riprendi quando vuoi","section_3_usp_4":"1\u20134 o 2\u20135 persone per smartphone, a seconda del tuo gioco","section_3_usp_5":"Gioca in autonomia con il tuo dispositivo","section_3_usp_6":"Connessione Internet richiesta durante il gioco","section_3_cta":"Scegli la tua citt\u00e0","section_3_step_1":"Fase 1","section_3_step_1_title":"Scegli la tua citt\u00e0 e il gioco","section_3_step_1_text":"Seleziona la citt\u00e0 in cui vuoi giocare e prenota online il tuo City Game in pochi clic.","section_3_step_2":"Fase 2","section_3_step_2_title":"Ricevi le istruzioni del gioco","section_3_step_2_text":"Dopo la prenotazione riceverai immediatamente un'email con tutte le istruzioni e l'accesso al gioco.","section_3_step_3":"Fase 3","section_3_step_3_title":"Vai al punto di inizio","section_3_step_3_text":"Dirigiti al punto di inizio nella citt\u00e0 non appena ti \u00e8 comodo. Non ci sono orari di inizio fissi.","section_3_step_4":"Fase 4","section_3_step_4_title":"Avvia il tuo City Game","section_3_step_4_text":"Segui gli indizi, risolvi gli enigmi e scopri la citt\u00e0 mentre completi divertenti sfide lungo il percorso.","section_4_h2_why_players_love":"Perch\u00e9 i giocatori amano City Games in Norvegia","section_4_usp_1_title":"Esplora le citt\u00e0 in modo unico","section_4_usp_1_text":"Scopri monumenti famosi, vie nascoste e luoghi sorprendenti mentre risolvi enigmi e completi sfide.","section_4_usp_2_title":"Gioca quando ti \u00e8 comodo","section_4_usp_2_text":"Non ci sono orari di inizio fissi. Avvia, metti in pausa e riprendi il gioco quando vuoi durante la tua giornata in citt\u00e0.","section_4_usp_3_title":"Divertente per amici, famiglie e gruppi","section_4_usp_3_text":"City Games sono perfetti per coppie, gruppi di amici, famiglie o colleghi in cerca di un'attivit\u00e0 divertente e interattiva.","section_4_usp_4_title":"Una miscela di enigmi e scoperta","section_4_usp_4_text":"Risolvi indovinelli, completa missioni e scopri indizi esplorando la citt\u00e0 passo dopo passo.","section_4_usp_5_title":"Gioca al tuo ritmo","section_4_usp_5_text":"Fai pause per una bevanda, esplora negozi o goditi il paesaggio. Il gioco si adatta al tuo ritmo.","section_4_usp_6_title":"Disponibile in citt\u00e0 in tutto il mondo","section_4_usp_6_text":"City Games sono disponibili in centinaia di citt\u00e0 in tutto il mondo, rendendoli un'attivit\u00e0 perfetta sia per i viaggiatori sia per i locali.","section_4_cta":"Trova un City Game nella tua citt\u00e0","section_5_h2_reviews":"Cosa pensano gli altri dei nostri City Games","section_5_cta_1":"Tutte le recensioni","section_5_cta_2":"Scrivi una recensione","section_6_h2_hosted_game":"I tuoi City Games preferiti, ospitati professionalmente dal nostro team","section_6_text":"Goditi gli stessi City Games della versione autonoma, ma con pieno supporto sul posto dai nostri ospiti professionisti. Ci occupiamo del briefing, dei tablet, della coordinazione e del supporto tecnico, in modo che il tuo gruppo possa concentrarsi interamente sul divertimento e sulla competizione.","section_6_text_2":"Cosa \u00e8 incluso:","section_6_usp_1_title":"Stesso City Game, completamente ospitato","section_6_usp_1_text":"Vivi la stessa esperienza del nostro City Game auto-guidato, ora guidata dai nostri accompagnatori.","section_6_usp_2_title":"Classifica in tempo reale e cerimonia di premiazione","section_6_usp_2_text":"Per gruppi numerosi, i nostri accompagnatori rivelano i punteggi finali e annunciano la squadra vincente con un momento di premio divertente.","section_6_usp_3_title":"Inizio e fine guidati","section_6_usp_3_text":"Accogliamo il tuo gruppo, spieghiamo chiaramente il gioco e terminiamo con una chiusura entusiasmante.","section_6_usp_4_title":"Supporto in tempo reale durante il gioco","section_6_usp_4_text":"Il nostro team assiste con i dispositivi, problemi dell'app e la coordinazione durante l'intera esperienza.","section_6_usp_5_text":"Disponibile per gruppi che preferiscono utilizzare i nostri dispositivi invece dei propri.","section_6_usp_5_title":"Tablet inclusi (opzionale)","section_6_text_3":"Affidato da team di tutto il mondo, dai piccoli gruppi ai grandi eventi aziendali.","section_6_cta":"Pianifica il tuo evento di gruppo","section_7_h2_faq":"Hai domande? Abbiamo risposte!","section_7_text":"Dai un'occhiata alle nostre domande frequenti e scopri tutto ci\u00f2 che vuoi sapere. Se la tua domanda non \u00e8 tra queste, contattaci.","section_7_cta_1":"Vedi tutte le domande frequenti","section_7_cta_2":"Ottieni supporto","section_7_question_1":"Come funziona la prenotazione di un City Game?","section_7_answer_1":"Prenotare un City Game in Norvegia \u00e8 rapido e semplice. Scegli la citt\u00e0 in cui vuoi giocare, seleziona il tuo gioco preferito e completa la prenotazione online. Dopo il pagamento riceverai immediatamente un'email con le istruzioni del gioco. Una volta arrivato al punto di inizio, puoi iniziare il gioco sul tuo smartphone non appena ti \u00e8 comodo.","section_7_question_2":"Posso iniziare il City Game in Norvegia immediatamente dopo la prenotazione?","section_7_answer_2":"S\u00ec. Dopo aver completato la prenotazione riceverai <strong>immediatamente le istruzioni tramite email<\/strong>. Nella maggior parte dei casi puoi iniziare a giocare entro pochi minuti, non appena arrivi al punto di inizio in Norvegia e apri il gioco sul tuo smartphone.","section_7_question_3":"Devo riservare un orario di inizio specifico?","section_7_answer_3":"No, <strong>City Games non hanno orari di inizio fissi<\/strong>. Durante la prenotazione scegli una data per motivi amministrativi, ma puoi iniziare il gioco quando vuoi entro la validit\u00e0 della tua prenotazione.","section_7_question_4":"Quanto tempo richiede un City Game in Norvegia?","section_7_answer_4":"La maggior parte dei City Games in Norvegia richiede <strong>circa 1,5\u20132 ore<\/strong> per essere completata. Il percorso di solito <strong>copre 3\u20134 chilometri<\/strong> attraverso la citt\u00e0. Puoi sempre mettere in pausa il gioco durante la tua avventura e riprendere pi\u00f9 tardi se vuoi fare una pausa.","section_7_question_5":"Quante persone possono partecipare a un City Game in Norvegia?","section_7_answer_5":"Puoi giocare <strong>da solo o in gruppo<\/strong>. Per la migliore esperienza consigliamo 1\u20134 o 2\u20135 giocatori (a seconda del tuo gioco) per smartphone. Gruppi pi\u00f9 grandi possono suddividersi in pi\u00f9 squadre e competere tra loro!","section_7_question_6":"Tutti i giocatori hanno bisogno del proprio smartphone?","section_7_answer_6":"No. Un City Game si gioca <strong>su un solo smartphone per squadra<\/strong>. Se giochi con un gruppo pi\u00f9 grande, puoi semplicemente creare pi\u00f9 squadre usando pi\u00f9 smartphone.","section_7_question_7":"Di cosa ho bisogno per giocare il City Game in Norvegia?","section_7_answer_7":"Hai bisogno di:","section_7_answer_7_usp_1":"Uno smartphone","section_7_answer_7_usp_2":"Una connessione Internet","section_7_answer_7_usp_3":"Una batteria completamente carica","section_7_answer_7_2":"Dopo la prenotazione riceverai le istruzioni che spiegano come accedere al gioco sul tuo telefono.","section_7_question_8":"Posso giocare al City Game all'improvviso?","section_7_answer_8":"S\u00ec. Sebbene sia necessario completare la prenotazione prima, riceverai le istruzioni immediatamente dopo il pagamento. Ci\u00f2 significa che puoi decidere di giocare spontaneamente e iniziare entro pochi minuti.","section_7_question_9":"Quanto tempo \u00e8 valido la mia prenotazione?","section_7_answer_9":"Dopo l'acquisto, il tuo City Game rimane <strong>valido per 365 giorni<\/strong>. Questo ti d\u00e0 molta flessibilit\u00e0 su quando vuoi giocare.","section_7_question_10":"Posso regalare un City Game in Norvegia?","section_7_answer_10":"S\u00ec. Un City Game \u00e8 un regalo fantastico per amici, familiari o colleghi. Puoi acquistare un buono regalo City Game, che permette al destinatario di scegliere la propria citt\u00e0 e il proprio gioco.","section_7_answer_10_cta":"Acquista un buono regalo","section_7_question_11":"E se ho prenotato per errore la citt\u00e0 o il gioco sbagliati?","section_7_answer_11":"Se hai commesso un errore durante la prenotazione, contattaci <strong>il prima possibile<\/strong>. In molti casi possiamo modificare la prenotazione alla citt\u00e0, alla lingua o al gioco corretti.","section_7_answer_11_cta":"Contattaci","section_7_question_12":"Ci sono costi aggiuntivi quando si prenota un City Game in Norvegia?","section_7_answer_12":"No. Il prezzo mostrato al checkout \u00e8 il prezzo totale. Non ci sono costi nascosti n\u00e9 costi di prenotazione.","section_7_question_13":"Quali metodi di pagamento posso utilizzare?","section_7_answer_13":"Supportiamo <strong>una vasta gamma di metodi di pagamento a seconda della tua posizione<\/strong>, tra cui carte di credito e varie opzioni di pagamento internazionali. Durante il checkout vedrai automaticamente i metodi di pagamento disponibili nella tua regione.","section_7_question_14":"Possono aziende o gruppi numerosi prenotare un City Game?","section_7_answer_14":"S\u00ec. Aziende e gruppi numerosi possono prenotare un City Game ospitato con la guida dei nostri host. Questa opzione \u00e8 perfetta per eventi di team building, uscite aziendali o grandi attivit\u00e0 di gruppo.","section_7_answer_14_cta":"Esplora l'esperienza City Game ospitata per gruppi","section_8_h2_page_ending":"Pronto per un'avventura indimenticabile?","section_8_text":"Esplora le citt\u00e0 in modo divertente e interattivo con i nostri City Games. Risolvi enigmi, scopri luoghi nascosti e scopri la citt\u00e0 mentre giochi con amici, familiari o colleghi, quando ti \u00e8 pi\u00f9 comodo.","section_8_cta":"Trova un City Game vicino a te"},"yoast_head":"<!-- This site is optimized with the Yoast SEO Premium plugin v26.2 (Yoast SEO v27.4) - https:\/\/yoast.com\/product\/yoast-seo-premium-wordpress\/ -->\n<title>Prenota City Games in Norvegia - City Game<\/title>\n<meta name=\"robots\" content=\"index, follow, max-snippet:-1, max-image-preview:large, max-video-preview:-1\" \/>\n<link rel=\"canonical\" href=\"https:\/\/citygame.com\/it\/prenota-il-tuo-city-game\/prenota-city-games-in-norvegia\/\" \/>\n<meta property=\"og:locale\" content=\"it_IT\" \/>\n<meta property=\"og:type\" content=\"article\" \/>\n<meta property=\"og:title\" content=\"Prenota City Games in Norvegia\" \/>\n<meta property=\"og:url\" content=\"https:\/\/citygame.com\/it\/prenota-il-tuo-city-game\/prenota-city-games-in-norvegia\/\" \/>\n<meta property=\"og:site_name\" content=\"City Game\" \/>\n<meta property=\"article:publisher\" content=\"https:\/\/www.facebook.com\/profile.php?id=100086426226253\" \/>\n<meta property=\"og:image\" content=\"https:\/\/citygame.com\/wp-content\/blogs.dir\/1\/files\/2026\/01\/norway-geirangerfjord-seven-sisters-sunset.jpg\" \/>\n\t<meta property=\"og:image:width\" content=\"1376\" \/>\n\t<meta property=\"og:image:height\" content=\"768\" \/>\n\t<meta property=\"og:image:type\" content=\"image\/jpeg\" \/>\n<meta name=\"twitter:card\" content=\"summary_large_image\" \/>\n<script type=\"application\/ld+json\" class=\"yoast-schema-graph\">{\"@context\":\"https:\\\/\\\/schema.org\",\"@graph\":[{\"@type\":\"WebPage\",\"@id\":\"https:\\\/\\\/citygame.com\\\/it\\\/prenota-il-tuo-city-game\\\/prenota-city-games-in-norvegia\\\/\",\"url\":\"https:\\\/\\\/citygame.com\\\/it\\\/prenota-il-tuo-city-game\\\/prenota-city-games-in-norvegia\\\/\",\"name\":\"Prenota City Games in Norvegia - City Game\",\"isPartOf\":{\"@id\":\"https:\\\/\\\/citygame.com\\\/it\\\/#website\"},\"primaryImageOfPage\":{\"@id\":\"https:\\\/\\\/citygame.com\\\/it\\\/prenota-il-tuo-city-game\\\/prenota-city-games-in-norvegia\\\/#primaryimage\"},\"image\":{\"@id\":\"https:\\\/\\\/citygame.com\\\/it\\\/prenota-il-tuo-city-game\\\/prenota-city-games-in-norvegia\\\/#primaryimage\"},\"thumbnailUrl\":\"https:\\\/\\\/citygame.com\\\/wp-content\\\/blogs.dir\\\/1\\\/files\\\/2026\\\/01\\\/norway-geirangerfjord-seven-sisters-sunset.jpg\",\"datePublished\":\"2026-04-23T11:54:50+00:00\",\"breadcrumb\":{\"@id\":\"https:\\\/\\\/citygame.com\\\/it\\\/prenota-il-tuo-city-game\\\/prenota-city-games-in-norvegia\\\/#breadcrumb\"},\"inLanguage\":\"it-IT\",\"potentialAction\":[{\"@type\":\"ReadAction\",\"target\":[\"https:\\\/\\\/citygame.com\\\/it\\\/prenota-il-tuo-city-game\\\/prenota-city-games-in-norvegia\\\/\"]}]},{\"@type\":\"ImageObject\",\"inLanguage\":\"it-IT\",\"@id\":\"https:\\\/\\\/citygame.com\\\/it\\\/prenota-il-tuo-city-game\\\/prenota-city-games-in-norvegia\\\/#primaryimage\",\"url\":\"https:\\\/\\\/citygame.com\\\/wp-content\\\/blogs.dir\\\/1\\\/files\\\/2026\\\/01\\\/norway-geirangerfjord-seven-sisters-sunset.jpg\",\"contentUrl\":\"https:\\\/\\\/citygame.com\\\/wp-content\\\/blogs.dir\\\/1\\\/files\\\/2026\\\/01\\\/norway-geirangerfjord-seven-sisters-sunset.jpg\",\"width\":1376,\"height\":768,\"caption\":\"A cruise ship navigates the deep blue waters of the Geirangerfjord at sunset.\"},{\"@type\":\"BreadcrumbList\",\"@id\":\"https:\\\/\\\/citygame.com\\\/it\\\/prenota-il-tuo-city-game\\\/prenota-city-games-in-norvegia\\\/#breadcrumb\",\"itemListElement\":[{\"@type\":\"ListItem\",\"position\":1,\"name\":\"Home\",\"item\":\"https:\\\/\\\/citygame.com\\\/it\\\/\"},{\"@type\":\"ListItem\",\"position\":2,\"name\":\"Prenota il tuo City Game\",\"item\":\"https:\\\/\\\/citygame.com\\\/it\\\/book\\\/\"},{\"@type\":\"ListItem\",\"position\":3,\"name\":\"Prenota City Games in Norvegia\"}]},{\"@type\":\"WebSite\",\"@id\":\"https:\\\/\\\/citygame.com\\\/it\\\/#website\",\"url\":\"https:\\\/\\\/citygame.com\\\/it\\\/\",\"name\":\"City Game\",\"description\":\"\",\"publisher\":{\"@id\":\"https:\\\/\\\/citygame.com\\\/it\\\/#organization\"},\"alternateName\":\"citygame.com\",\"potentialAction\":[{\"@type\":\"SearchAction\",\"target\":{\"@type\":\"EntryPoint\",\"urlTemplate\":\"https:\\\/\\\/citygame.com\\\/it\\\/?s={search_term_string}\"},\"query-input\":{\"@type\":\"PropertyValueSpecification\",\"valueRequired\":true,\"valueName\":\"search_term_string\"}}],\"inLanguage\":\"it-IT\"},{\"@type\":\"Organization\",\"@id\":\"https:\\\/\\\/citygame.com\\\/it\\\/#organization\",\"name\":\"City Game\",\"alternateName\":\"citygame.com\",\"url\":\"https:\\\/\\\/citygame.com\\\/it\\\/\",\"logo\":{\"@type\":\"ImageObject\",\"inLanguage\":\"it-IT\",\"@id\":\"https:\\\/\\\/citygame.com\\\/it\\\/#\\\/schema\\\/logo\\\/image\\\/\",\"url\":\"https:\\\/\\\/citygame.com\\\/wp-content\\\/blogs.dir\\\/1\\\/files\\\/2025\\\/10\\\/CG_LOGO-City-Game.png\",\"contentUrl\":\"https:\\\/\\\/citygame.com\\\/wp-content\\\/blogs.dir\\\/1\\\/files\\\/2025\\\/10\\\/CG_LOGO-City-Game.png\",\"width\":351,\"height\":377,\"caption\":\"City Game\"},\"image\":{\"@id\":\"https:\\\/\\\/citygame.com\\\/it\\\/#\\\/schema\\\/logo\\\/image\\\/\"},\"sameAs\":[\"https:\\\/\\\/www.facebook.com\\\/profile.php?id=100086426226253\",\"https:\\\/\\\/www.instagram.com\\\/citygame_com\",\"https:\\\/\\\/www.tiktok.com\\\/@citygamecom\\\/\",\"https:\\\/\\\/www.linkedin.com\\\/company\\\/citygame-com\"],\"description\":\"Turn any city into a playground with our interactive City Games and self-guided tours. Fun, flexible, and ideal for groups and team building.\"}]}<\/script>\n<!-- \/ Yoast SEO Premium plugin. -->","yoast_head_json":{"title":"Prenota City Games in Norvegia - City Game","robots":{"index":"index","follow":"follow","max-snippet":"max-snippet:-1","max-image-preview":"max-image-preview:large","max-video-preview":"max-video-preview:-1"},"canonical":"https:\/\/citygame.com\/it\/prenota-il-tuo-city-game\/prenota-city-games-in-norvegia\/","og_locale":"it_IT","og_type":"article","og_title":"Prenota City Games in Norvegia","og_url":"https:\/\/citygame.com\/it\/prenota-il-tuo-city-game\/prenota-city-games-in-norvegia\/","og_site_name":"City Game","article_publisher":"https:\/\/www.facebook.com\/profile.php?id=100086426226253","og_image":[{"width":1376,"height":768,"url":"https:\/\/citygame.com\/wp-content\/blogs.dir\/1\/files\/2026\/01\/norway-geirangerfjord-seven-sisters-sunset.jpg","type":"image\/jpeg"}],"twitter_card":"summary_large_image","schema":{"@context":"https:\/\/schema.org","@graph":[{"@type":"WebPage","@id":"https:\/\/citygame.com\/it\/prenota-il-tuo-city-game\/prenota-city-games-in-norvegia\/","url":"https:\/\/citygame.com\/it\/prenota-il-tuo-city-game\/prenota-city-games-in-norvegia\/","name":"Prenota City Games in Norvegia - City Game","isPartOf":{"@id":"https:\/\/citygame.com\/it\/#website"},"primaryImageOfPage":{"@id":"https:\/\/citygame.com\/it\/prenota-il-tuo-city-game\/prenota-city-games-in-norvegia\/#primaryimage"},"image":{"@id":"https:\/\/citygame.com\/it\/prenota-il-tuo-city-game\/prenota-city-games-in-norvegia\/#primaryimage"},"thumbnailUrl":"https:\/\/citygame.com\/wp-content\/blogs.dir\/1\/files\/2026\/01\/norway-geirangerfjord-seven-sisters-sunset.jpg","datePublished":"2026-04-23T11:54:50+00:00","breadcrumb":{"@id":"https:\/\/citygame.com\/it\/prenota-il-tuo-city-game\/prenota-city-games-in-norvegia\/#breadcrumb"},"inLanguage":"it-IT","potentialAction":[{"@type":"ReadAction","target":["https:\/\/citygame.com\/it\/prenota-il-tuo-city-game\/prenota-city-games-in-norvegia\/"]}]},{"@type":"ImageObject","inLanguage":"it-IT","@id":"https:\/\/citygame.com\/it\/prenota-il-tuo-city-game\/prenota-city-games-in-norvegia\/#primaryimage","url":"https:\/\/citygame.com\/wp-content\/blogs.dir\/1\/files\/2026\/01\/norway-geirangerfjord-seven-sisters-sunset.jpg","contentUrl":"https:\/\/citygame.com\/wp-content\/blogs.dir\/1\/files\/2026\/01\/norway-geirangerfjord-seven-sisters-sunset.jpg","width":1376,"height":768,"caption":"A cruise ship navigates the deep blue waters of the Geirangerfjord at sunset."},{"@type":"BreadcrumbList","@id":"https:\/\/citygame.com\/it\/prenota-il-tuo-city-game\/prenota-city-games-in-norvegia\/#breadcrumb","itemListElement":[{"@type":"ListItem","position":1,"name":"Home","item":"https:\/\/citygame.com\/it\/"},{"@type":"ListItem","position":2,"name":"Prenota il tuo City Game","item":"https:\/\/citygame.com\/it\/book\/"},{"@type":"ListItem","position":3,"name":"Prenota City Games in Norvegia"}]},{"@type":"WebSite","@id":"https:\/\/citygame.com\/it\/#website","url":"https:\/\/citygame.com\/it\/","name":"City Game","description":"","publisher":{"@id":"https:\/\/citygame.com\/it\/#organization"},"alternateName":"citygame.com","potentialAction":[{"@type":"SearchAction","target":{"@type":"EntryPoint","urlTemplate":"https:\/\/citygame.com\/it\/?s={search_term_string}"},"query-input":{"@type":"PropertyValueSpecification","valueRequired":true,"valueName":"search_term_string"}}],"inLanguage":"it-IT"},{"@type":"Organization","@id":"https:\/\/citygame.com\/it\/#organization","name":"City Game","alternateName":"citygame.com","url":"https:\/\/citygame.com\/it\/","logo":{"@type":"ImageObject","inLanguage":"it-IT","@id":"https:\/\/citygame.com\/it\/#\/schema\/logo\/image\/","url":"https:\/\/citygame.com\/wp-content\/blogs.dir\/1\/files\/2025\/10\/CG_LOGO-City-Game.png","contentUrl":"https:\/\/citygame.com\/wp-content\/blogs.dir\/1\/files\/2025\/10\/CG_LOGO-City-Game.png","width":351,"height":377,"caption":"City Game"},"image":{"@id":"https:\/\/citygame.com\/it\/#\/schema\/logo\/image\/"},"sameAs":["https:\/\/www.facebook.com\/profile.php?id=100086426226253","https:\/\/www.instagram.com\/citygame_com","https:\/\/www.tiktok.com\/@citygamecom\/","https:\/\/www.linkedin.com\/company\/citygame-com"],"description":"Turn any city into a playground with our interactive City Games and self-guided tours. Fun, flexible, and ideal for groups and team building."}]}},"taxonomy_info":{"cg_page_type":[{"value":636,"label":"Book in COUNTRY page"}]},"featured_image_src_large":["https:\/\/citygame.com\/wp-content\/blogs.dir\/1\/files\/2026\/01\/norway-geirangerfjord-seven-sisters-sunset-1024x572.jpg",1024,572,true],"author_info":{"display_name":"Philip","author_link":"https:\/\/citygame.com\/it\/blog\/author\/sophi2\/"},"comment_info":0,"wpml_current_locale":"it_IT","wpml_translations":{"nl_NL":{"locale":"nl_NL","id":227212,"slug":"boek-city-games-in-noorwegen","post_title":"Boek City Games in Noorwegen","href":"https:\/\/citygame.com\/nl\/book-your-city-game\/boek-city-games-in-noorwegen\/"},"en_US":{"locale":"en_US","id":19209,"slug":"in-norway","post_title":"Book City Games in Norway","href":"https:\/\/citygame.com\/book\/in-norway\/"},"fr_FR":{"locale":"fr_FR","id":227218,"slug":"reservez-city-games-en-norvege","post_title":"R\u00e9servez City Games en Norv\u00e8ge","href":"https:\/\/citygame.com\/fr\/reservez-votre-city-game\/reservez-city-games-en-norvege\/"},"de_DE":{"locale":"de_DE","id":227215,"slug":"city-games-in-norwegen-buchen","post_title":"City Games in Norwegen buchen","href":"https:\/\/citygame.com\/de\/buchen-sie-ihr-city-game\/city-games-in-norwegen-buchen\/"},"it_IT":{"locale":"it_IT","translation":"current"},"es_ES":{"locale":"es_ES","id":227217,"slug":"reserva-city-games-en-noruega","post_title":"Reserva City Games en Noruega","href":"https:\/\/citygame.com\/es\/prenota-il-tuo-city-game\/reserva-city-games-en-noruega\/"}},"_links":{"self":[{"href":"https:\/\/citygame.com\/it\/wp-json\/wp\/v2\/pages\/227222","targetHints":{"allow":["GET"]}}],"collection":[{"href":"https:\/\/citygame.com\/it\/wp-json\/wp\/v2\/pages"}],"about":[{"href":"https:\/\/citygame.com\/it\/wp-json\/wp\/v2\/types\/page"}],"author":[{"embeddable":true,"href":"https:\/\/citygame.com\/it\/wp-json\/wp\/v2\/users\/78"}],"replies":[{"embeddable":true,"href":"https:\/\/citygame.com\/it\/wp-json\/wp\/v2\/comments?post=227222"}],"version-history":[{"count":0,"href":"https:\/\/citygame.com\/it\/wp-json\/wp\/v2\/pages\/227222\/revisions"}],"up":[{"embeddable":true,"href":"https:\/\/citygame.com\/it\/wp-json\/wp\/v2\/pages\/225823"}],"acf:term":[{"embeddable":true,"taxonomy":"cities-only-parent-location","href":"https:\/\/citygame.com\/it\/wp-json\/wp\/v2\/cities-only-parent-location\/504"}],"wp:featuredmedia":[{"embeddable":true,"href":"https:\/\/citygame.com\/it\/wp-json\/wp\/v2\/media\/8972"}],"wp:attachment":[{"href":"https:\/\/citygame.com\/it\/wp-json\/wp\/v2\/media?parent=227222"}],"wp:term":[{"taxonomy":"cities-only-parent-location","embeddable":true,"href":"https:\/\/citygame.com\/it\/wp-json\/wp\/v2\/cities-only-parent-location?post=227222"},{"taxonomy":"countries-only-parent-locations","embeddable":true,"href":"https:\/\/citygame.com\/it\/wp-json\/wp\/v2\/countries-only-parent-locations?post=227222"},{"taxonomy":"seo_keyword","embeddable":true,"href":"https:\/\/citygame.com\/it\/wp-json\/wp\/v2\/seo_keyword?post=227222"},{"taxonomy":"cg_page_type","embeddable":true,"href":"https:\/\/citygame.com\/it\/wp-json\/wp\/v2\/cg_page_type?post=227222"}],"curies":[{"name":"wp","href":"https:\/\/api.w.org\/{rel}","templated":true}]}}