{"id":227259,"date":"2026-04-23T13:00:18","date_gmt":"2026-04-23T13:00:18","guid":{"rendered":"https:\/\/citygame.com\/book\/prenota-city-games-a-monaco\/"},"modified":"2026-04-23T13:00:18","modified_gmt":"2026-04-23T13:00:18","slug":"prenota-city-games-a-monaco","status":"publish","type":"page","link":"https:\/\/citygame.com\/it\/prenota-il-tuo-city-game\/prenota-city-games-a-monaco\/","title":{"rendered":"Prenota City Games a Monaco"},"content":{"rendered":"","protected":false},"excerpt":{"rendered":"","protected":false},"author":78,"featured_media":12225,"parent":225823,"menu_order":0,"comment_status":"closed","ping_status":"closed","template":"","meta":{"_acf_changed":false,"_yoast_wpseo_focuskw":"Prenota City Games in Monaco","_yoast_wpseo_metadesc":"","_kad_blocks_custom_css":"","_kad_blocks_head_custom_js":"","_kad_blocks_body_custom_js":"","_kad_blocks_footer_custom_js":"","_kad_post_transparent":"","_kad_post_title":"","_kad_post_layout":"","_kad_post_sidebar_id":"","_kad_post_content_style":"","_kad_post_vertical_padding":"","_kad_post_feature":"","_kad_post_feature_position":"","_kad_post_header":false,"_kad_post_footer":false,"_kad_post_classname":"","footnotes":""},"cities-only-parent-location":[],"countries-only-parent-locations":[],"seo_keyword":[],"cg_page_type":[636],"class_list":["post-227259","page","type-page","status-publish","has-post-thumbnail","hentry","cg_page_type-book-in-country-page"],"acf":{"country_name":"Monaco","select_country":529,"hero_h2":"Prenota a City Game a Monaco","hero_text":"Gioca a un City Game in citt\u00e0 di tutto Monaco e esplora ogni destinazione in modo divertente e interattivo. Risolvi enigmi, completa sfide e scopri la citt\u00e0 passeggiando tra le sue strade e i suoi monumenti. Scegli la tua citt\u00e0 qui sotto e inizia la tua avventura.","hero_cta":"Tutte le destinazioni in Monaco","section_2_h2_all_locations_in_country":"Tutte le localit\u00e0 in Monaco","section_3_h2_book_your_city_game_in_country":"Prenota il tuo City Game a Monaco in pochi semplici passaggi","section_3_text":"Iniziare \u00e8 facile. Scegli il tuo City Game a Monaco, prenota la tua avventura e inizia a giocare quando ti \u00e8 pi\u00f9 comodo. Tutto ci\u00f2 di cui hai bisogno ti sar\u00e0 inviato immediatamente dopo la prenotazione: nessuna guida, nessun orario di inizio fisso, solo il tuo team e la citt\u00e0.","section_3_usp_1":"1.5\u20132 ore di gameplay","section_3_usp_2":"3\u20134 km di passeggiata attraverso la citt\u00e0","section_3_usp_3":"Inizia, metti in pausa e riprendi quando vuoi","section_3_usp_4":"1\u20134 o 2\u20135 persone per smartphone, a seconda del tuo gioco","section_3_usp_5":"Gioca in autonomia con il tuo dispositivo","section_3_usp_6":"Connessione Internet richiesta durante il gioco","section_3_cta":"Scegli la tua citt\u00e0","section_3_step_1":"Passo 1","section_3_step_1_title":"Scegli la tua citt\u00e0 e il City Game","section_3_step_1_text":"Seleziona la citt\u00e0 in cui vuoi giocare e prenota online il tuo City Game in pochi clic.","section_3_step_2":"Passo 2","section_3_step_2_title":"Ricevi le istruzioni del gioco","section_3_step_2_text":"Dopo la prenotazione riceverai immediatamente un'email con tutte le istruzioni e l'accesso al gioco.","section_3_step_3":"Passo 3","section_3_step_3_title":"Vai al punto di partenza","section_3_step_3_text":"Raggiungi il punto di partenza in citt\u00e0 quando ti \u00e8 comodo. Non ci sono orari di inizio fissi.","section_3_step_4":"Passo 4","section_3_step_4_title":"Inizia il tuo City Game","section_3_step_4_text":"Segui gli indizi, risolvi enigmi e scopri la citt\u00e0 mentre completi divertenti sfide lungo il percorso.","section_4_h2_why_players_love":"Perch\u00e9 City Games piacciono ai giocatori a Monaco","section_4_usp_1_title":"Esplora le citt\u00e0 in un modo unico","section_4_usp_1_text":"Scopri luoghi famosi, vicoli nascosti e luoghi sorprendenti risolvendo enigmi e completando sfide.","section_4_usp_2_title":"Gioca quando vuoi","section_4_usp_2_text":"Non ci sono orari di inizio fissi. Inizia, metti in pausa e riprendi il gioco ogni volta che vuoi durante la tua giornata in citt\u00e0.","section_4_usp_3_title":"Divertimento per amici, famiglie e team","section_4_usp_3_text":"City Games sono perfetti per coppie, gruppi di amici, famiglie o colleghi in cerca di un'attivit\u00e0 divertente e interattiva.","section_4_usp_4_title":"Una combinazione di enigmi e scoperta","section_4_usp_4_text":"Risolvi indovinelli, completa missioni e scopri indizi mentre esplori la citt\u00e0 passo dopo passo.","section_4_usp_5_title":"Gioca al tuo ritmo","section_4_usp_5_text":"Prenditi una pausa per un drink, esplora negozi o goditi il paesaggio. Il gioco si adatta al tuo ritmo.","section_4_usp_6_title":"Disponibile in citt\u00e0 in tutto il mondo","section_4_usp_6_text":"City Games sono disponibili in centinaia di citt\u00e0 in tutto il mondo, rendendole un'attivit\u00e0 perfetta sia per i viaggiatori sia per i locali.","section_4_cta":"Trova un City Game nella tua citt\u00e0","section_5_h2_reviews":"Cosa pensano gli altri dei nostri City Games","section_5_cta_1":"Tutte le recensioni","section_5_cta_2":"Scrivi una recensione","section_6_h2_hosted_game":"I tuoi City Games preferiti, ospitati professionalmente dal nostro team","section_6_text":"Goditi gli stessi City Games della nostra versione autoguidata, ma con supporto completo sul posto dai nostri accompagnatori professionisti. Ci occupiamo del briefing, dei tablet, del coordinamento e del supporto tecnico, in modo che il tuo gruppo possa concentrarsi interamente sul divertimento e sulla competizione.","section_6_text_2":"Cosa \u00e8 incluso:","section_6_usp_1_title":"Lo stesso City Game, completamente ospitato","section_6_usp_1_text":"Vivi la stessa esperienza della nostra versione autoguidata, ora guidata dai nostri accompagnatori.","section_6_usp_2_title":"Classifica in tempo reale e cerimonia di premiazione","section_6_usp_2_text":"Per gruppi numerosi, i nostri accompagnatori rivelano i punteggi finali e annunciano la squadra vincente con un momento premio divertente.","section_6_usp_3_title":"Inizio e fine guidati","section_6_usp_3_text":"Accogliamo il tuo gruppo, spieghiamo chiaramente il gioco e concludiamo con un entusiasmante riassunto.","section_6_usp_4_title":"Assistenza in tempo reale durante il gioco","section_6_usp_4_text":"Il nostro team assiste con i dispositivi, problemi dell'app e coordinamento durante l'esperienza.","section_6_usp_5_text":"Disponibile per gruppi che preferiscono utilizzare i nostri dispositivi invece dei propri.","section_6_usp_5_title":"Tablet inclusi (opzionale)","section_6_text_3":"Affidato a team in tutto il mondo, dai piccoli gruppi ai grandi eventi aziendali.","section_6_cta":"Pianifica il tuo evento di gruppo","section_7_h2_faq":"Hai domande? Abbiamo risposte!","section_7_text":"Consulta le nostre domande frequenti e scopri tutto quello che vuoi sapere. La tua domanda non \u00e8 presente? Contattaci pure.","section_7_cta_1":"Vedi tutte le domande frequenti","section_7_cta_2":"Ottieni assistenza","section_7_question_1":"Come funziona la prenotazione di un City Game?","section_7_answer_1":"Prenotare un City Game a Monaco \u00e8 rapido e semplice. Scegli la citt\u00e0 in cui vuoi giocare, seleziona il tuo City Game preferito e completa la prenotazione online. Dopo il pagamento riceverai immediatamente un'email con le istruzioni del gioco. Una volta arrivato al punto di partenza, puoi iniziare il gioco sul tuo smartphone non appena ti \u00e8 comodo.","section_7_question_2":"Posso iniziare il City Game a Monaco subito dopo la prenotazione?","section_7_answer_2":"S\u00ec. Dopo aver completato la prenotazione, <strong>riceverai immediatamente le istruzioni via email<\/strong>. Nella maggior parte dei casi puoi iniziare a giocare entro pochi minuti, non appena arrivi al punto di partenza a Monaco e apri il gioco sul tuo smartphone.","section_7_question_3":"Devo prenotare un orario di inizio specifico?","section_7_answer_3":"No, <strong>City Games non hanno orari di inizio fissi<\/strong>. Durante la prenotazione scegli una data per scopi amministrativi, ma puoi iniziare il gioco quando vuoi entro la validit\u00e0 della tua prenotazione.","section_7_question_4":"Quanto tempo richiede un City Game a Monaco?","section_7_answer_4":"La maggior parte dei City Games a Monaco richiede <strong>circa 1,5\u20132 ore<\/strong> per essere completata. Il percorso di solito <strong>copre 3\u20134 chilometri<\/strong> attraverso la citt\u00e0. Puoi sempre mettere in pausa il gioco durante la tua avventura e riprendere pi\u00f9 tardi se vuoi fare una pausa.","section_7_question_5":"Quante persone possono giocare a un City Game a Monaco?","section_7_answer_5":"Puoi giocare <strong da solo o in gruppo<\/strong>. Per la migliore esperienza consigliamo 1\u20134 o 2\u20135 giocatori (a seconda del tuo gioco) per smartphone. Gruppi pi\u00f9 grandi possono dividersi in pi\u00f9 squadre e sfidarsi tra loro!","section_7_question_6":"Tutti i giocatori hanno bisogno del proprio smartphone?","section_7_answer_6":"No. Un City Game si gioca su <strong>uno smartphone per team<\/strong>. Se giochi con un gruppo pi\u00f9 numeroso, puoi semplicemente creare pi\u00f9 squadre utilizzando pi\u00f9 smartphone.","section_7_question_7":"Di cosa ho bisogno per giocare al City Game a Monaco?","section_7_answer_7":"Ti serve solo:","section_7_answer_7_usp_1":"Uno smartphone","section_7_answer_7_usp_2":"Una connessione Internet","section_7_answer_7_usp_3":"Una batteria completamente carica","section_7_answer_7_2":"Dopo la prenotazione riceverai istruzioni che spiegano come accedere al gioco sul tuo telefono.","section_7_question_8":"Posso giocare al gioco in modo spontaneo?","section_7_answer_8":"S\u00ec. Anche se \u00e8 necessario completare la prenotazione prima, riceverai le istruzioni immediatamente dopo il pagamento. Questo significa che puoi decidere di giocare in modo spontaneo e iniziare entro pochi minuti.","section_7_question_9":"Quanto tempo \u00e8 valida la mia prenotazione?","section_7_answer_9":"Dopo l'acquisto, il tuo City Game resta <strong>valido per 365 giorni<\/strong>. Ci\u00f2 ti offre molta flessibilit\u00e0 per decidere quando vuoi giocare.","section_7_question_10":"\u00c8 possibile regalare un City Game a Monaco?","section_7_answer_10":"S\u00ec. Un City Game \u00e8 un regalo fantastico per amici, familiari o colleghi. Puoi acquistare una gift card City Game, che consente al destinatario di scegliere la propria citt\u00e0 e il proprio gioco.","section_7_answer_10_cta":"Acquista una gift card","section_7_question_11":"Cosa succede se ho accidentalmente prenotato la citt\u00e0 o il City Game sbagliati?","section_7_answer_11":"Se hai commesso un errore durante la prenotazione, ti preghiamo di contattarci <strong>il prima possibile<\/strong>. In molti casi possiamo adeguare la prenotazione alla citt\u00e0 corretta, alla lingua o al gioco.","section_7_answer_11_cta":"Contattaci","section_7_question_12":"Ci sono costi aggiuntivi quando si prenota un City Game a Monaco?","section_7_answer_12":"No. Il prezzo mostrato al checkout \u00e8 il prezzo totale. Non ci sono costi nascosti o tasse di prenotazione.","section_7_question_13":"Quali metodi di pagamento posso utilizzare?","section_7_answer_13":"Supportiamo <strong>un'ampia gamma di metodi di pagamento a seconda della tua posizione<\/strong>, tra cui carte di credito e diverse opzioni di pagamento internazionali. Durante il checkout vedrai automaticamente i metodi di pagamento disponibili nella tua regione.","section_7_question_14":"Possono aziende o grandi gruppi prenotare un City Game?","section_7_answer_14":"S\u00ec. Aziende e grandi gruppi possono prenotare un City Game ospitato con l'assistenza dei nostri accompagnatori. Questa opzione \u00e8 perfetta per eventi di team building, uscite aziendali o attivit\u00e0 di grandi gruppi.","section_7_answer_14_cta":"Esplora l'esperienza City Game ospitata per gruppi","section_8_h2_page_ending":"Pronto per un'avventura indimenticabile?","section_8_text":"Esplora le citt\u00e0 in modo divertente e interattivo con i nostri City Games. Risolvi enigmi, scopri luoghi nascosti e scopri la citt\u00e0 mentre giochi con amici, familiari o colleghi, quando vuoi.","section_8_cta":"Trova un City Game vicino a te"},"yoast_head":"<!-- This site is optimized with the Yoast SEO Premium plugin v26.2 (Yoast SEO v27.4) - https:\/\/yoast.com\/product\/yoast-seo-premium-wordpress\/ -->\n<title>Prenota City Games a Monaco - City Game<\/title>\n<meta name=\"robots\" content=\"index, follow, max-snippet:-1, max-image-preview:large, max-video-preview:-1\" \/>\n<link rel=\"canonical\" href=\"https:\/\/citygame.com\/it\/prenota-il-tuo-city-game\/prenota-city-games-a-monaco\/\" \/>\n<meta property=\"og:locale\" content=\"it_IT\" \/>\n<meta property=\"og:type\" content=\"article\" \/>\n<meta property=\"og:title\" content=\"Prenota City Games a Monaco\" \/>\n<meta property=\"og:url\" content=\"https:\/\/citygame.com\/it\/prenota-il-tuo-city-game\/prenota-city-games-a-monaco\/\" \/>\n<meta property=\"og:site_name\" content=\"City Game\" \/>\n<meta property=\"article:publisher\" content=\"https:\/\/www.facebook.com\/profile.php?id=100086426226253\" \/>\n<meta property=\"og:image\" content=\"https:\/\/citygame.com\/wp-content\/blogs.dir\/1\/files\/2026\/02\/monaco-monte-carlo-casino-harbor-sunset.jpg\" \/>\n\t<meta property=\"og:image:width\" content=\"1376\" \/>\n\t<meta property=\"og:image:height\" content=\"768\" \/>\n\t<meta property=\"og:image:type\" content=\"image\/jpeg\" \/>\n<meta name=\"twitter:card\" content=\"summary_large_image\" \/>\n<script type=\"application\/ld+json\" class=\"yoast-schema-graph\">{\"@context\":\"https:\\\/\\\/schema.org\",\"@graph\":[{\"@type\":\"WebPage\",\"@id\":\"https:\\\/\\\/citygame.com\\\/it\\\/prenota-il-tuo-city-game\\\/prenota-city-games-a-monaco\\\/\",\"url\":\"https:\\\/\\\/citygame.com\\\/it\\\/prenota-il-tuo-city-game\\\/prenota-city-games-a-monaco\\\/\",\"name\":\"Prenota City Games a Monaco - City Game\",\"isPartOf\":{\"@id\":\"https:\\\/\\\/citygame.com\\\/it\\\/#website\"},\"primaryImageOfPage\":{\"@id\":\"https:\\\/\\\/citygame.com\\\/it\\\/prenota-il-tuo-city-game\\\/prenota-city-games-a-monaco\\\/#primaryimage\"},\"image\":{\"@id\":\"https:\\\/\\\/citygame.com\\\/it\\\/prenota-il-tuo-city-game\\\/prenota-city-games-a-monaco\\\/#primaryimage\"},\"thumbnailUrl\":\"https:\\\/\\\/citygame.com\\\/wp-content\\\/blogs.dir\\\/1\\\/files\\\/2026\\\/02\\\/monaco-monte-carlo-casino-harbor-sunset.jpg\",\"datePublished\":\"2026-04-23T13:00:18+00:00\",\"breadcrumb\":{\"@id\":\"https:\\\/\\\/citygame.com\\\/it\\\/prenota-il-tuo-city-game\\\/prenota-city-games-a-monaco\\\/#breadcrumb\"},\"inLanguage\":\"it-IT\",\"potentialAction\":[{\"@type\":\"ReadAction\",\"target\":[\"https:\\\/\\\/citygame.com\\\/it\\\/prenota-il-tuo-city-game\\\/prenota-city-games-a-monaco\\\/\"]}]},{\"@type\":\"ImageObject\",\"inLanguage\":\"it-IT\",\"@id\":\"https:\\\/\\\/citygame.com\\\/it\\\/prenota-il-tuo-city-game\\\/prenota-city-games-a-monaco\\\/#primaryimage\",\"url\":\"https:\\\/\\\/citygame.com\\\/wp-content\\\/blogs.dir\\\/1\\\/files\\\/2026\\\/02\\\/monaco-monte-carlo-casino-harbor-sunset.jpg\",\"contentUrl\":\"https:\\\/\\\/citygame.com\\\/wp-content\\\/blogs.dir\\\/1\\\/files\\\/2026\\\/02\\\/monaco-monte-carlo-casino-harbor-sunset.jpg\",\"width\":1376,\"height\":768,\"caption\":\"An evening view over the luxurious Port Hercules and the city of Monte Carlo in Monaco.\"},{\"@type\":\"BreadcrumbList\",\"@id\":\"https:\\\/\\\/citygame.com\\\/it\\\/prenota-il-tuo-city-game\\\/prenota-city-games-a-monaco\\\/#breadcrumb\",\"itemListElement\":[{\"@type\":\"ListItem\",\"position\":1,\"name\":\"Home\",\"item\":\"https:\\\/\\\/citygame.com\\\/it\\\/\"},{\"@type\":\"ListItem\",\"position\":2,\"name\":\"Prenota il tuo City Game\",\"item\":\"https:\\\/\\\/citygame.com\\\/it\\\/book\\\/\"},{\"@type\":\"ListItem\",\"position\":3,\"name\":\"Prenota City Games a Monaco\"}]},{\"@type\":\"WebSite\",\"@id\":\"https:\\\/\\\/citygame.com\\\/it\\\/#website\",\"url\":\"https:\\\/\\\/citygame.com\\\/it\\\/\",\"name\":\"City Game\",\"description\":\"\",\"publisher\":{\"@id\":\"https:\\\/\\\/citygame.com\\\/it\\\/#organization\"},\"alternateName\":\"citygame.com\",\"potentialAction\":[{\"@type\":\"SearchAction\",\"target\":{\"@type\":\"EntryPoint\",\"urlTemplate\":\"https:\\\/\\\/citygame.com\\\/it\\\/?s={search_term_string}\"},\"query-input\":{\"@type\":\"PropertyValueSpecification\",\"valueRequired\":true,\"valueName\":\"search_term_string\"}}],\"inLanguage\":\"it-IT\"},{\"@type\":\"Organization\",\"@id\":\"https:\\\/\\\/citygame.com\\\/it\\\/#organization\",\"name\":\"City Game\",\"alternateName\":\"citygame.com\",\"url\":\"https:\\\/\\\/citygame.com\\\/it\\\/\",\"logo\":{\"@type\":\"ImageObject\",\"inLanguage\":\"it-IT\",\"@id\":\"https:\\\/\\\/citygame.com\\\/it\\\/#\\\/schema\\\/logo\\\/image\\\/\",\"url\":\"https:\\\/\\\/citygame.com\\\/wp-content\\\/blogs.dir\\\/1\\\/files\\\/2025\\\/10\\\/CG_LOGO-City-Game.png\",\"contentUrl\":\"https:\\\/\\\/citygame.com\\\/wp-content\\\/blogs.dir\\\/1\\\/files\\\/2025\\\/10\\\/CG_LOGO-City-Game.png\",\"width\":351,\"height\":377,\"caption\":\"City Game\"},\"image\":{\"@id\":\"https:\\\/\\\/citygame.com\\\/it\\\/#\\\/schema\\\/logo\\\/image\\\/\"},\"sameAs\":[\"https:\\\/\\\/www.facebook.com\\\/profile.php?id=100086426226253\",\"https:\\\/\\\/www.instagram.com\\\/citygame_com\",\"https:\\\/\\\/www.tiktok.com\\\/@citygamecom\\\/\",\"https:\\\/\\\/www.linkedin.com\\\/company\\\/citygame-com\"],\"description\":\"Turn any city into a playground with our interactive City Games and self-guided tours. Fun, flexible, and ideal for groups and team building.\"}]}<\/script>\n<!-- \/ Yoast SEO Premium plugin. -->","yoast_head_json":{"title":"Prenota City Games a Monaco - City Game","robots":{"index":"index","follow":"follow","max-snippet":"max-snippet:-1","max-image-preview":"max-image-preview:large","max-video-preview":"max-video-preview:-1"},"canonical":"https:\/\/citygame.com\/it\/prenota-il-tuo-city-game\/prenota-city-games-a-monaco\/","og_locale":"it_IT","og_type":"article","og_title":"Prenota City Games a Monaco","og_url":"https:\/\/citygame.com\/it\/prenota-il-tuo-city-game\/prenota-city-games-a-monaco\/","og_site_name":"City Game","article_publisher":"https:\/\/www.facebook.com\/profile.php?id=100086426226253","og_image":[{"width":1376,"height":768,"url":"https:\/\/citygame.com\/wp-content\/blogs.dir\/1\/files\/2026\/02\/monaco-monte-carlo-casino-harbor-sunset.jpg","type":"image\/jpeg"}],"twitter_card":"summary_large_image","schema":{"@context":"https:\/\/schema.org","@graph":[{"@type":"WebPage","@id":"https:\/\/citygame.com\/it\/prenota-il-tuo-city-game\/prenota-city-games-a-monaco\/","url":"https:\/\/citygame.com\/it\/prenota-il-tuo-city-game\/prenota-city-games-a-monaco\/","name":"Prenota City Games a Monaco - City Game","isPartOf":{"@id":"https:\/\/citygame.com\/it\/#website"},"primaryImageOfPage":{"@id":"https:\/\/citygame.com\/it\/prenota-il-tuo-city-game\/prenota-city-games-a-monaco\/#primaryimage"},"image":{"@id":"https:\/\/citygame.com\/it\/prenota-il-tuo-city-game\/prenota-city-games-a-monaco\/#primaryimage"},"thumbnailUrl":"https:\/\/citygame.com\/wp-content\/blogs.dir\/1\/files\/2026\/02\/monaco-monte-carlo-casino-harbor-sunset.jpg","datePublished":"2026-04-23T13:00:18+00:00","breadcrumb":{"@id":"https:\/\/citygame.com\/it\/prenota-il-tuo-city-game\/prenota-city-games-a-monaco\/#breadcrumb"},"inLanguage":"it-IT","potentialAction":[{"@type":"ReadAction","target":["https:\/\/citygame.com\/it\/prenota-il-tuo-city-game\/prenota-city-games-a-monaco\/"]}]},{"@type":"ImageObject","inLanguage":"it-IT","@id":"https:\/\/citygame.com\/it\/prenota-il-tuo-city-game\/prenota-city-games-a-monaco\/#primaryimage","url":"https:\/\/citygame.com\/wp-content\/blogs.dir\/1\/files\/2026\/02\/monaco-monte-carlo-casino-harbor-sunset.jpg","contentUrl":"https:\/\/citygame.com\/wp-content\/blogs.dir\/1\/files\/2026\/02\/monaco-monte-carlo-casino-harbor-sunset.jpg","width":1376,"height":768,"caption":"An evening view over the luxurious Port Hercules and the city of Monte Carlo in Monaco."},{"@type":"BreadcrumbList","@id":"https:\/\/citygame.com\/it\/prenota-il-tuo-city-game\/prenota-city-games-a-monaco\/#breadcrumb","itemListElement":[{"@type":"ListItem","position":1,"name":"Home","item":"https:\/\/citygame.com\/it\/"},{"@type":"ListItem","position":2,"name":"Prenota il tuo City Game","item":"https:\/\/citygame.com\/it\/book\/"},{"@type":"ListItem","position":3,"name":"Prenota City Games a Monaco"}]},{"@type":"WebSite","@id":"https:\/\/citygame.com\/it\/#website","url":"https:\/\/citygame.com\/it\/","name":"City Game","description":"","publisher":{"@id":"https:\/\/citygame.com\/it\/#organization"},"alternateName":"citygame.com","potentialAction":[{"@type":"SearchAction","target":{"@type":"EntryPoint","urlTemplate":"https:\/\/citygame.com\/it\/?s={search_term_string}"},"query-input":{"@type":"PropertyValueSpecification","valueRequired":true,"valueName":"search_term_string"}}],"inLanguage":"it-IT"},{"@type":"Organization","@id":"https:\/\/citygame.com\/it\/#organization","name":"City Game","alternateName":"citygame.com","url":"https:\/\/citygame.com\/it\/","logo":{"@type":"ImageObject","inLanguage":"it-IT","@id":"https:\/\/citygame.com\/it\/#\/schema\/logo\/image\/","url":"https:\/\/citygame.com\/wp-content\/blogs.dir\/1\/files\/2025\/10\/CG_LOGO-City-Game.png","contentUrl":"https:\/\/citygame.com\/wp-content\/blogs.dir\/1\/files\/2025\/10\/CG_LOGO-City-Game.png","width":351,"height":377,"caption":"City Game"},"image":{"@id":"https:\/\/citygame.com\/it\/#\/schema\/logo\/image\/"},"sameAs":["https:\/\/www.facebook.com\/profile.php?id=100086426226253","https:\/\/www.instagram.com\/citygame_com","https:\/\/www.tiktok.com\/@citygamecom\/","https:\/\/www.linkedin.com\/company\/citygame-com"],"description":"Turn any city into a playground with our interactive City Games and self-guided tours. Fun, flexible, and ideal for groups and team building."}]}},"taxonomy_info":{"cg_page_type":[{"value":636,"label":"Book in COUNTRY page"}]},"featured_image_src_large":["https:\/\/citygame.com\/wp-content\/blogs.dir\/1\/files\/2026\/02\/monaco-monte-carlo-casino-harbor-sunset-1024x572.jpg",1024,572,true],"author_info":{"display_name":"Philip","author_link":"https:\/\/citygame.com\/it\/blog\/author\/sophi2\/"},"comment_info":0,"wpml_current_locale":"it_IT","wpml_translations":{"nl_NL":{"locale":"nl_NL","id":227166,"slug":"boek-city-games-in-monaco","post_title":"Boek City Games in Monaco","href":"https:\/\/citygame.com\/nl\/book-your-city-game\/boek-city-games-in-monaco\/"},"en_US":{"locale":"en_US","id":19204,"slug":"in-monaco","post_title":"Book City Games in Monaco","href":"https:\/\/citygame.com\/book\/in-monaco\/"},"fr_FR":{"locale":"fr_FR","id":227255,"slug":"reservez-city-games-a-monaco","post_title":"R\u00e9servez City Games \u00e0 Monaco","href":"https:\/\/citygame.com\/fr\/reservez-votre-city-game\/reservez-city-games-a-monaco\/"},"de_DE":{"locale":"de_DE","id":227241,"slug":"buche-city-games-in-monaco","post_title":"Buche City Games in Monaco","href":"https:\/\/citygame.com\/de\/buchen-sie-ihr-city-game\/buche-city-games-in-monaco\/"},"it_IT":{"locale":"it_IT","translation":"current"},"es_ES":{"locale":"es_ES","id":227247,"slug":"book-city-games-in-monaco","post_title":"Book City Games in Monaco","href":"https:\/\/citygame.com\/es\/prenota-il-tuo-city-game\/book-city-games-in-monaco\/"}},"_links":{"self":[{"href":"https:\/\/citygame.com\/it\/wp-json\/wp\/v2\/pages\/227259","targetHints":{"allow":["GET"]}}],"collection":[{"href":"https:\/\/citygame.com\/it\/wp-json\/wp\/v2\/pages"}],"about":[{"href":"https:\/\/citygame.com\/it\/wp-json\/wp\/v2\/types\/page"}],"author":[{"embeddable":true,"href":"https:\/\/citygame.com\/it\/wp-json\/wp\/v2\/users\/78"}],"replies":[{"embeddable":true,"href":"https:\/\/citygame.com\/it\/wp-json\/wp\/v2\/comments?post=227259"}],"version-history":[{"count":0,"href":"https:\/\/citygame.com\/it\/wp-json\/wp\/v2\/pages\/227259\/revisions"}],"up":[{"embeddable":true,"href":"https:\/\/citygame.com\/it\/wp-json\/wp\/v2\/pages\/225823"}],"acf:term":[{"embeddable":true,"taxonomy":"cities-only-parent-location","href":"https:\/\/citygame.com\/it\/wp-json\/wp\/v2\/cities-only-parent-location\/529"}],"wp:featuredmedia":[{"embeddable":true,"href":"https:\/\/citygame.com\/it\/wp-json\/wp\/v2\/media\/12225"}],"wp:attachment":[{"href":"https:\/\/citygame.com\/it\/wp-json\/wp\/v2\/media?parent=227259"}],"wp:term":[{"taxonomy":"cities-only-parent-location","embeddable":true,"href":"https:\/\/citygame.com\/it\/wp-json\/wp\/v2\/cities-only-parent-location?post=227259"},{"taxonomy":"countries-only-parent-locations","embeddable":true,"href":"https:\/\/citygame.com\/it\/wp-json\/wp\/v2\/countries-only-parent-locations?post=227259"},{"taxonomy":"seo_keyword","embeddable":true,"href":"https:\/\/citygame.com\/it\/wp-json\/wp\/v2\/seo_keyword?post=227259"},{"taxonomy":"cg_page_type","embeddable":true,"href":"https:\/\/citygame.com\/it\/wp-json\/wp\/v2\/cg_page_type?post=227259"}],"curies":[{"name":"wp","href":"https:\/\/api.w.org\/{rel}","templated":true}]}}