{"id":227326,"date":"2026-04-23T13:19:01","date_gmt":"2026-04-23T13:19:01","guid":{"rendered":"https:\/\/citygame.com\/locations\/city-game-colombia\/"},"modified":"2026-04-23T13:19:01","modified_gmt":"2026-04-23T13:19:01","slug":"city-game-colombia","status":"publish","type":"page","link":"https:\/\/citygame.com\/it\/luoghi\/city-game-colombia\/","title":{"rendered":"City Game Colombia"},"content":{"rendered":"","protected":false},"excerpt":{"rendered":"","protected":false},"author":78,"featured_media":15661,"parent":225502,"menu_order":0,"comment_status":"closed","ping_status":"closed","template":"","meta":{"_acf_changed":false,"_yoast_wpseo_focuskw":"City Game Colombia","_yoast_wpseo_metadesc":"","_kad_blocks_custom_css":"","_kad_blocks_head_custom_js":"","_kad_blocks_body_custom_js":"","_kad_blocks_footer_custom_js":"","_kad_post_transparent":"","_kad_post_title":"","_kad_post_layout":"","_kad_post_sidebar_id":"","_kad_post_content_style":"","_kad_post_vertical_padding":"","_kad_post_feature":"","_kad_post_feature_position":"","_kad_post_header":false,"_kad_post_footer":false,"_kad_post_classname":"","footnotes":""},"cities-only-parent-location":[],"countries-only-parent-locations":[441],"seo_keyword":[],"cg_page_type":[44],"class_list":["post-227326","page","type-page","status-publish","has-post-thumbnail","hentry","countries-only-parent-locations-asia","cg_page_type-country-overview-page"],"acf":{"country_name":"Colombia","intro_text":"Partecipa a City Games interattivi in tutta la Colombia e scopri le citt\u00e0 in modo divertente e coinvolgente. Risolvi enigmi, completa sfide ed esplora i luoghi principali cos\u00ec come gemme nascoste. Tutti i City Games sono autoguidati e giocabili sul tuo smartphone, quando vuoi.","intro_image":15662,"how_city_games_work_image":15663,"who_are_city_games_for_image":15664,"exploring_country_text":"La Colombia, con le sue citt\u00e0 pulsanti e l'atmosfera locale distintiva, offre un paesaggio urbano dinamico e coinvolgente. Le citt\u00e0 colombiane abbracciano una fusione di sviluppo moderno e fascino storico, collegate da ampi viali dove i grattacieli si ergono accanto agli edifici coloniali. La scala delle citt\u00e0 varia, con metropoli dilatate come Bogot\u00e0 che offrono una vivace vibrazione urbana, mentre citt\u00e0 pi\u00f9 piccole come Manizales mantengono un'atmosfera pi\u00f9 rilassata.\n\nPasseggiare per le citt\u00e0 colombiane \u00e8 un viaggio che rivela l'anima del paese. Le strade sono fiancheggiate da negozi locali, arte di strada e mercati, e spesso si possono udire le melodie della salsa e della cumbia che si diffondono nell'aria. Queste sono citt\u00e0 fatte per camminare; sia lungo vicoli acciottolati nei quartieri antichi sia lungo parchi cittadini verdi, l'esplorazione urbana in Colombia \u00e8 sia accattivante sia accessibile.\n\nOgni citt\u00e0 in Colombia racconta la propria storia, con umori e ritmi unici da scoprire. L'agitazione diurna e la serenit\u00e0 notturna di Cartagena, il verdeggiante verde che avvolge Medell\u00edn, l'energia ad alto tasso di ottano di Cali - la Colombia racchiude esperienze urbane diverse entro i suoi confini. Questa ricca variante di esperienze cittadine arricchisce il viaggio esperienziale, rendendo l'esplorazione della Colombia un vibrante godimento di cultura e vita.","exploring_country_image":15665,"faq_answer_1":"City Games are available in multiple cities across Colombia. This includes, but is not limited to, major cities like Bogota and lesser-known locales that aren't as widely recognized.\n\nThis selection reflects the broad appeal of City Games, which showcases not just major urban centres but smaller cities as well. Keep in mind that this isn't the full list of locations where you'll find City Games in Colombia.","select_country":606,"intro_h2_city_games_in_country":"City Games in Colombia","intro_usp_1":"1,5-2 ore di gioco","intro_usp_2":"3-4 km a piedi","intro_usp_3":"Inizia, metti in pausa e riprendi quando vuoi","intro_usp_4":"1-4 o 2-5 persone per smartphone, a seconda del tuo gioco","intro_usp_5":"Gioca in autonomia","intro_usp_6":"Connessione Internet necessaria","intro_text_2":"Scegli la tua citt\u00e0 e inizia a giocare oggi!","intro_cta":"Controlla tutte le localit\u00e0","section_2_h2_choose_your_city_in_country":"Scegli la tua citt\u00e0 in Colombia","section_2_text_1":"City Games sono disponibili nelle citt\u00e0 della Colombia. Scegli una citt\u00e0 qui sotto per vedere quali City Games puoi giocare l\u00ec.\n","section_3_h2_all_city_game_locations_in_country":"Tutte le localit\u00e0 City Game in Colombia","section_4_h2_how_city_games_work_in_country":"Come funzionano City Games in Colombia","section_4_text_1":"City Games in Colombia sono esperienze completamente autoguidate che ti permettono di esplorare una citt\u00e0 al tuo ritmo.","section_4_text_2":"Scegli semplicemente la tua citt\u00e0 e il tuo gioco, segui le istruzioni sul tuo smartphone e inizia a giocare non appena ti \u00e8 possibile.","section_4_usp_1":"Gioca in team di amici, familiari o colleghi","section_4_usp_2":"Inizia quando vuoi, non serve una guida n\u00e9 personale","section_4_usp_3":"Usa il tuo smartphone o tablet","section_4_usp_4":"Passeggia per la citt\u00e0 risolvendo enigmi e sfide","section_4_usp_5":"Scopri curiosit\u00e0 su storia, cultura e luoghi d'interesse","section_4_usp_6":"Disponibile in pi\u00f9 lingue","section_4_cta":"Scegli la tua citt\u00e0","section_4_step_1":"Prenota il tuo City Game","section_4_step_1_title":"Prenota il tuo City Game","section_4_step_1_text":"Scegli la tua citt\u00e0 e il tuo gioco e ricevi tutto subito dopo la prenotazione.","section_4_step_2":"Passo 2","section_4_step_2_title":"Controlla le tue istruzioni","section_4_step_2_text":"Apri l'email delle istruzioni con il punto di partenza e come iniziare a giocare.","section_4_step_3":"Passo 3","section_4_step_3_title":"Vai al punto di partenza","section_4_step_3_text":"Dirigiti al punto di partenza quando vuoi, senza orari fissi.","section_4_step_4":"4","section_4_step_4_title":"Passo 4","section_4_step_4_text":"Segui gli indizi, risolvi enigmi e esplora la citt\u00e0 al tuo ritmo!","section_5_h2_city_game_concepts_in_country":"City Game Concepts in Colombia","section_5_secrets_title":"Secrets of Exploration Game","section_5_secrets_text":"Discover cities in a fun and interactive way with the Secrets of Exploration City Game. Solve puzzles, complete creative challenges and uncover both famous highlights and hidden places. Along the way, you\u2019ll learn surprising facts about history, culture and local stories while playing at your own pace.","section_5_syndicate_title":"The Syndicate City Escape Game","section_5_syndicate_text":"Step into a thrilling city escape adventure with The Syndicate. Work together as a team to solve riddles, crack codes and recover stolen formulas before time runs out. This story-driven City Game focuses on teamwork, problem-solving and immersive gameplay in an urban setting.","section_5_sherlock_title":"Sherlock Holmes Murder Mystery","section_5_sherlock_text":"Solve an interactive murder mystery in the Sherlock Holmes City Game. Follow a gripping storyline, investigate suspects and collect clues to uncover the truth behind a mysterious case. The city forms an atmospheric backdrop for the story, allowing you to fully focus on deduction, logic and teamwork.","hours":"ore","concepts_cta":"Read more about this game","section_5_text_2":"Each concept is available in multiple cities in Colombia","section_5_cta":"Explore all City Games","section_6_h2_who_are_city_games_in_country_for":"Per chi sono i City Games in Colombia?","section_6_text":"City Games in Colombia sono adatti a:","section_6_usp_1":"Giocatori singoli o piccoli gruppi in cerca di un'avventura flessibile","section_6_usp_2":"Turisti che esplorano le citt\u00e0 della Colombia","section_6_usp_3":"Amici e famiglie in cerca di un'attivit\u00e0 divertente","section_6_usp_4":"Aziende e team che pianificano un evento di teambuilding","section_6_usp_5":"Scegli la tua citt\u00e0","section_6_cta":"Scegli la tua citt\u00e0","section_7_h2_exploring_country":"Esplorando la Colombia","section_8_h2_hosted_games":"I tuoi City Games preferiti, ospitati professionalmente dal nostro team","section_8_text":"Goditi gli stessi City Games della versione autoguidata, ma con un supporto sul posto completo da parte dei nostri host professionisti. Ci occupiamo di briefing, tablet, coordinazione e supporto tecnico, cos\u00ec il tuo gruppo pu\u00f2 concentrarsi interamente sul divertimento e sulla competizione.","section_8_text_2":"Affidato da team in tutto il mondo, dai piccoli gruppi ai grandi eventi aziendali.","section_8_usp_1_title":"Same City Game, fully hosted","section_8_usp_1_text":"You play the exact same experience as our self-guided version, now with our hosts guiding your group.","section_8_usp_2_title":"Live ranking & prize ceremony","section_8_usp_2_text":"Per gruppi numerosi, i nostri host rivelano i punteggi finali e annunciano la squadra vincente con un momento di premio divertente.","section_8_usp_3_title":"Hosted start & finish","section_8_usp_3_text":"Inizio e fine guidati","section_8_usp_4_title":"Real-time support during the game","section_8_usp_4_text":"Our team assists with devices, app issues and coordination throughout the experience.","section_8_usp_5_title":"Tablets included (optional)","section_8_usp_5_text":"Available for groups who prefer using our devices instead of their own.","section_8_cta":"Plan your group event","section_9_h2_reviews":"What others think of our City Games","section_9_cta_1":"All Reviews","section_9_cta_2":"Write a Review","section_10_h2_faq":"Hai domande? Abbiamo risposte!","section_10_text":"Dai un'occhiata alle nostre domande frequenti e scopri tutto ci\u00f2 che vuoi sapere. La tua domanda non \u00e8 tra queste? Non esitare a contattarci.","section_10_cta_1":"Visualizza tutte le domande frequenti","section_10_cta_2":"Richiedi supporto","section_10_question_1":"In quali citt\u00e0 della Colombia posso giocare a City Game?","section_10_question_2":"Ho bisogno di una guida per giocare a City Game?","section_10_answer_2":"No, tutti City Games sono <strong>fully self-guided<\/strong>! Non hai bisogno di una guida o di personale per giocare. Dopo la prenotazione, riceverai istruzioni chiare sul tuo smartphone cos\u00ec potrai iniziare quando ti \u00e8 possibile!\r\n\r\nPer gruppi pi\u00f9 grandi o eventi aziendali, \u00e8 disponibile anche una versione completamente ospitata dei nostri City Games, che include guida sul posto, tablet e supporto in diretta.\r\n\r\nPianificare un gruppo pi\u00f9 grande o un evento aziendale?","section_10_answer_2_cta":"Esplora l'esperienza City Game ospitata per gruppi","section_10_question_3":"Quanto tempo richiede un City Game?","section_10_answer_3":"La maggior parte dei City Games richiede <strong>circa 1,5-2 ore per completarlo<\/strong>. Questo include camminare per la citt\u00e0, risolvere enigmi e superare sfide lungo il percorso. Puoi giocare completamente al tuo ritmo: non c'\u00e8 fretta di tempo e non c'\u00e8 un orario rigido.\r\n\r\nSentiti libero di fare pause, mettere in pausa il gioco per bere o pranzare, e continuare quando vuoi. Questa flessibilit\u00e0 rende i City Games ideali da combinare con le visite turistiche o altre attivit\u00e0.","section_10_question_4":"I City Games sono disponibili in diverse lingue?","section_10_answer_4":"S\u00ec, i City Games sono <strong>disponibili in diverse lingue<\/strong>. La maggior parte dei giochi pu\u00f2 essere giocata in diverse lingue comunemente usate, rendendoli adatti a visitatori internazionali e gruppi multilingue.\r\n\r\nLe lingue disponibili possono variare leggermente da gioco a gioco, ma la selezione della lingua \u00e8 sempre chiaramente mostrata prima di iniziare a giocare. Questo permette a ogni squadra di scegliere la lingua che le si addice di pi\u00f9, garantendo un'esperienza fluida e piacevole per tutti.","section_10_question_5":"Possiamo giocare con un grande gruppo?","section_10_answer_5":"S\u00ec, i City Games sono <strong>adatti sia per piccoli gruppi che per team pi\u00f9 grandi<\/strong>. Grandi gruppi possono facilmente dividersi in team pi\u00f9 piccoli e giocare contemporaneamente al City Game, usando pi\u00f9 smartphone. Ogni squadra gioca in modo indipendente, seguendo lo stesso concetto di gioco e la stessa storia.\r\n\r\nQuesta configurazione funziona bene per gruppi di amici, famiglie e aziende, e rende i City Games una scelta popolare per uscite di gruppo, eventi e attivit\u00e0 di teambuilding.\r\n\r\nPer gruppi pi\u00f9 grandi o eventi aziendali, \u00e8 disponibile anche una versione completamente ospitata dei nostri City Games, inclusi guida sul posto, tablet e supporto in diretta.\r\n\r\nPianificare un gruppo pi\u00f9 grande o un evento aziendale?","section_10_answer_5_cta":"Esplora l'esperienza City Game ospitata per gruppi","section_10_question_6":"Quando possiamo iniziare a giocare a City Game?","section_10_answer_6":"Puoi iniziare a giocare <strong>quando vuoi<\/strong>! I City Games non hanno un orario di inizio fisso, quindi sei libero di iniziare non appena ti \u00e8 comodo.\r\n\r\nDopo la prenotazione, riceverai istruzioni chiare via email, permettendoti di iniziare il gioco in modo indipendente senza prenotazioni o coordinamenti con lo staff.\r\n\r\nQuesta flessibilit\u00e0 rende i City Games ideali da combinare con i piani di viaggio, le visite turistiche, il pranzo o altre attivit\u00e0 durante la giornata.","section_11_h2_instagram":"Vedi di pi\u00f9 su Instagram","section_11_text":"Pronto per un'avventura indimenticabile in Colombia","section_11_cta":"Seguici su Instagram","section_12_h2_page_ending":"Pronto per un'avventura indimenticabile in Colombia","section_12_text":"Esplora le citt\u00e0 della Colombia in modo unico e interattivo con i nostri City Games. Gioca oggi e crea ricordi indelebili!","section_12_cta":" Prenota ora il tuo City Game!"},"yoast_head":"<!-- This site is optimized with the Yoast SEO Premium plugin v26.2 (Yoast SEO v27.4) - https:\/\/yoast.com\/product\/yoast-seo-premium-wordpress\/ -->\n<title>City Game Colombia - City Game<\/title>\n<meta name=\"robots\" content=\"index, follow, max-snippet:-1, max-image-preview:large, max-video-preview:-1\" \/>\n<link rel=\"canonical\" href=\"https:\/\/citygame.com\/it\/luoghi\/city-game-colombia\/\" \/>\n<meta property=\"og:locale\" content=\"it_IT\" \/>\n<meta property=\"og:type\" content=\"article\" \/>\n<meta property=\"og:title\" content=\"City Game Colombia\" \/>\n<meta property=\"og:url\" content=\"https:\/\/citygame.com\/it\/luoghi\/city-game-colombia\/\" \/>\n<meta property=\"og:site_name\" content=\"City Game\" \/>\n<meta property=\"article:publisher\" content=\"https:\/\/www.facebook.com\/profile.php?id=100086426226253\" \/>\n<meta property=\"og:image\" content=\"https:\/\/citygame.com\/wp-content\/blogs.dir\/1\/files\/2026\/02\/colombia-cocora-valley-wax-palms-jeep.jpg\" \/>\n\t<meta property=\"og:image:width\" content=\"1376\" \/>\n\t<meta property=\"og:image:height\" content=\"768\" \/>\n\t<meta property=\"og:image:type\" content=\"image\/jpeg\" \/>\n<meta name=\"twitter:card\" content=\"summary_large_image\" \/>\n<script type=\"application\/ld+json\" class=\"yoast-schema-graph\">{\"@context\":\"https:\\\/\\\/schema.org\",\"@graph\":[{\"@type\":\"WebPage\",\"@id\":\"https:\\\/\\\/citygame.com\\\/it\\\/luoghi\\\/city-game-colombia\\\/\",\"url\":\"https:\\\/\\\/citygame.com\\\/it\\\/luoghi\\\/city-game-colombia\\\/\",\"name\":\"City Game Colombia - City Game\",\"isPartOf\":{\"@id\":\"https:\\\/\\\/citygame.com\\\/it\\\/#website\"},\"primaryImageOfPage\":{\"@id\":\"https:\\\/\\\/citygame.com\\\/it\\\/luoghi\\\/city-game-colombia\\\/#primaryimage\"},\"image\":{\"@id\":\"https:\\\/\\\/citygame.com\\\/it\\\/luoghi\\\/city-game-colombia\\\/#primaryimage\"},\"thumbnailUrl\":\"https:\\\/\\\/citygame.com\\\/wp-content\\\/blogs.dir\\\/1\\\/files\\\/2026\\\/02\\\/colombia-cocora-valley-wax-palms-jeep.jpg\",\"datePublished\":\"2026-04-23T13:19:01+00:00\",\"breadcrumb\":{\"@id\":\"https:\\\/\\\/citygame.com\\\/it\\\/luoghi\\\/city-game-colombia\\\/#breadcrumb\"},\"inLanguage\":\"it-IT\",\"potentialAction\":[{\"@type\":\"ReadAction\",\"target\":[\"https:\\\/\\\/citygame.com\\\/it\\\/luoghi\\\/city-game-colombia\\\/\"]}]},{\"@type\":\"ImageObject\",\"inLanguage\":\"it-IT\",\"@id\":\"https:\\\/\\\/citygame.com\\\/it\\\/luoghi\\\/city-game-colombia\\\/#primaryimage\",\"url\":\"https:\\\/\\\/citygame.com\\\/wp-content\\\/blogs.dir\\\/1\\\/files\\\/2026\\\/02\\\/colombia-cocora-valley-wax-palms-jeep.jpg\",\"contentUrl\":\"https:\\\/\\\/citygame.com\\\/wp-content\\\/blogs.dir\\\/1\\\/files\\\/2026\\\/02\\\/colombia-cocora-valley-wax-palms-jeep.jpg\",\"width\":1376,\"height\":768,\"caption\":\"A dirt road winds through the lush Cocora Valley, famous for its towering wax palm trees.\"},{\"@type\":\"BreadcrumbList\",\"@id\":\"https:\\\/\\\/citygame.com\\\/it\\\/luoghi\\\/city-game-colombia\\\/#breadcrumb\",\"itemListElement\":[{\"@type\":\"ListItem\",\"position\":1,\"name\":\"Home\",\"item\":\"https:\\\/\\\/citygame.com\\\/it\\\/\"},{\"@type\":\"ListItem\",\"position\":2,\"name\":\"Luoghi\",\"item\":\"https:\\\/\\\/citygame.com\\\/it\\\/luoghi\\\/\"},{\"@type\":\"ListItem\",\"position\":3,\"name\":\"City Game Colombia\"}]},{\"@type\":\"WebSite\",\"@id\":\"https:\\\/\\\/citygame.com\\\/it\\\/#website\",\"url\":\"https:\\\/\\\/citygame.com\\\/it\\\/\",\"name\":\"City Game\",\"description\":\"\",\"publisher\":{\"@id\":\"https:\\\/\\\/citygame.com\\\/it\\\/#organization\"},\"alternateName\":\"citygame.com\",\"potentialAction\":[{\"@type\":\"SearchAction\",\"target\":{\"@type\":\"EntryPoint\",\"urlTemplate\":\"https:\\\/\\\/citygame.com\\\/it\\\/?s={search_term_string}\"},\"query-input\":{\"@type\":\"PropertyValueSpecification\",\"valueRequired\":true,\"valueName\":\"search_term_string\"}}],\"inLanguage\":\"it-IT\"},{\"@type\":\"Organization\",\"@id\":\"https:\\\/\\\/citygame.com\\\/it\\\/#organization\",\"name\":\"City Game\",\"alternateName\":\"citygame.com\",\"url\":\"https:\\\/\\\/citygame.com\\\/it\\\/\",\"logo\":{\"@type\":\"ImageObject\",\"inLanguage\":\"it-IT\",\"@id\":\"https:\\\/\\\/citygame.com\\\/it\\\/#\\\/schema\\\/logo\\\/image\\\/\",\"url\":\"https:\\\/\\\/citygame.com\\\/wp-content\\\/blogs.dir\\\/1\\\/files\\\/2025\\\/10\\\/CG_LOGO-City-Game.png\",\"contentUrl\":\"https:\\\/\\\/citygame.com\\\/wp-content\\\/blogs.dir\\\/1\\\/files\\\/2025\\\/10\\\/CG_LOGO-City-Game.png\",\"width\":351,\"height\":377,\"caption\":\"City Game\"},\"image\":{\"@id\":\"https:\\\/\\\/citygame.com\\\/it\\\/#\\\/schema\\\/logo\\\/image\\\/\"},\"sameAs\":[\"https:\\\/\\\/www.facebook.com\\\/profile.php?id=100086426226253\",\"https:\\\/\\\/www.instagram.com\\\/citygame_com\",\"https:\\\/\\\/www.tiktok.com\\\/@citygamecom\\\/\",\"https:\\\/\\\/www.linkedin.com\\\/company\\\/citygame-com\"],\"description\":\"Turn any city into a playground with our interactive City Games and self-guided tours. Fun, flexible, and ideal for groups and team building.\"}]}<\/script>\n<!-- \/ Yoast SEO Premium plugin. -->","yoast_head_json":{"title":"City Game Colombia - City Game","robots":{"index":"index","follow":"follow","max-snippet":"max-snippet:-1","max-image-preview":"max-image-preview:large","max-video-preview":"max-video-preview:-1"},"canonical":"https:\/\/citygame.com\/it\/luoghi\/city-game-colombia\/","og_locale":"it_IT","og_type":"article","og_title":"City Game Colombia","og_url":"https:\/\/citygame.com\/it\/luoghi\/city-game-colombia\/","og_site_name":"City Game","article_publisher":"https:\/\/www.facebook.com\/profile.php?id=100086426226253","og_image":[{"width":1376,"height":768,"url":"https:\/\/citygame.com\/wp-content\/blogs.dir\/1\/files\/2026\/02\/colombia-cocora-valley-wax-palms-jeep.jpg","type":"image\/jpeg"}],"twitter_card":"summary_large_image","schema":{"@context":"https:\/\/schema.org","@graph":[{"@type":"WebPage","@id":"https:\/\/citygame.com\/it\/luoghi\/city-game-colombia\/","url":"https:\/\/citygame.com\/it\/luoghi\/city-game-colombia\/","name":"City Game Colombia - City Game","isPartOf":{"@id":"https:\/\/citygame.com\/it\/#website"},"primaryImageOfPage":{"@id":"https:\/\/citygame.com\/it\/luoghi\/city-game-colombia\/#primaryimage"},"image":{"@id":"https:\/\/citygame.com\/it\/luoghi\/city-game-colombia\/#primaryimage"},"thumbnailUrl":"https:\/\/citygame.com\/wp-content\/blogs.dir\/1\/files\/2026\/02\/colombia-cocora-valley-wax-palms-jeep.jpg","datePublished":"2026-04-23T13:19:01+00:00","breadcrumb":{"@id":"https:\/\/citygame.com\/it\/luoghi\/city-game-colombia\/#breadcrumb"},"inLanguage":"it-IT","potentialAction":[{"@type":"ReadAction","target":["https:\/\/citygame.com\/it\/luoghi\/city-game-colombia\/"]}]},{"@type":"ImageObject","inLanguage":"it-IT","@id":"https:\/\/citygame.com\/it\/luoghi\/city-game-colombia\/#primaryimage","url":"https:\/\/citygame.com\/wp-content\/blogs.dir\/1\/files\/2026\/02\/colombia-cocora-valley-wax-palms-jeep.jpg","contentUrl":"https:\/\/citygame.com\/wp-content\/blogs.dir\/1\/files\/2026\/02\/colombia-cocora-valley-wax-palms-jeep.jpg","width":1376,"height":768,"caption":"A dirt road winds through the lush Cocora Valley, famous for its towering wax palm trees."},{"@type":"BreadcrumbList","@id":"https:\/\/citygame.com\/it\/luoghi\/city-game-colombia\/#breadcrumb","itemListElement":[{"@type":"ListItem","position":1,"name":"Home","item":"https:\/\/citygame.com\/it\/"},{"@type":"ListItem","position":2,"name":"Luoghi","item":"https:\/\/citygame.com\/it\/luoghi\/"},{"@type":"ListItem","position":3,"name":"City Game Colombia"}]},{"@type":"WebSite","@id":"https:\/\/citygame.com\/it\/#website","url":"https:\/\/citygame.com\/it\/","name":"City Game","description":"","publisher":{"@id":"https:\/\/citygame.com\/it\/#organization"},"alternateName":"citygame.com","potentialAction":[{"@type":"SearchAction","target":{"@type":"EntryPoint","urlTemplate":"https:\/\/citygame.com\/it\/?s={search_term_string}"},"query-input":{"@type":"PropertyValueSpecification","valueRequired":true,"valueName":"search_term_string"}}],"inLanguage":"it-IT"},{"@type":"Organization","@id":"https:\/\/citygame.com\/it\/#organization","name":"City Game","alternateName":"citygame.com","url":"https:\/\/citygame.com\/it\/","logo":{"@type":"ImageObject","inLanguage":"it-IT","@id":"https:\/\/citygame.com\/it\/#\/schema\/logo\/image\/","url":"https:\/\/citygame.com\/wp-content\/blogs.dir\/1\/files\/2025\/10\/CG_LOGO-City-Game.png","contentUrl":"https:\/\/citygame.com\/wp-content\/blogs.dir\/1\/files\/2025\/10\/CG_LOGO-City-Game.png","width":351,"height":377,"caption":"City Game"},"image":{"@id":"https:\/\/citygame.com\/it\/#\/schema\/logo\/image\/"},"sameAs":["https:\/\/www.facebook.com\/profile.php?id=100086426226253","https:\/\/www.instagram.com\/citygame_com","https:\/\/www.tiktok.com\/@citygamecom\/","https:\/\/www.linkedin.com\/company\/citygame-com"],"description":"Turn any city into a playground with our interactive City Games and self-guided tours. Fun, flexible, and ideal for groups and team building."}]}},"taxonomy_info":{"countries-only-parent-locations":[{"value":441,"label":"Asia"}],"cg_page_type":[{"value":44,"label":"Country overview page"}]},"featured_image_src_large":["https:\/\/citygame.com\/wp-content\/blogs.dir\/1\/files\/2026\/02\/colombia-cocora-valley-wax-palms-jeep-1024x572.jpg",1024,572,true],"author_info":{"display_name":"Philip","author_link":"https:\/\/citygame.com\/it\/blog\/author\/sophi2\/"},"comment_info":0,"wpml_current_locale":"it_IT","wpml_translations":{"nl_NL":{"locale":"nl_NL","id":227287,"slug":"city-game-colombia","post_title":"City Game Colombia","href":"https:\/\/citygame.com\/nl\/locaties\/city-game-colombia\/"},"en_US":{"locale":"en_US","id":15666,"slug":"colombia","post_title":"City Game Colombia","href":"https:\/\/citygame.com\/locations\/colombia\/"},"fr_FR":{"locale":"fr_FR","id":227315,"slug":"city-game-colombia","post_title":"City Game Colombia","href":"https:\/\/citygame.com\/fr\/emplacements\/city-game-colombia\/"},"de_DE":{"locale":"de_DE","id":227296,"slug":"city-game-kolumbien","post_title":"City Game Kolumbien","href":"https:\/\/citygame.com\/de\/standorte\/city-game-kolumbien\/"},"it_IT":{"locale":"it_IT","translation":"current"},"es_ES":{"locale":"es_ES","id":227305,"slug":"city-game-colombia","post_title":"City Game Colombia","href":"https:\/\/citygame.com\/es\/localizaciones\/city-game-colombia\/"}},"_links":{"self":[{"href":"https:\/\/citygame.com\/it\/wp-json\/wp\/v2\/pages\/227326","targetHints":{"allow":["GET"]}}],"collection":[{"href":"https:\/\/citygame.com\/it\/wp-json\/wp\/v2\/pages"}],"about":[{"href":"https:\/\/citygame.com\/it\/wp-json\/wp\/v2\/types\/page"}],"author":[{"embeddable":true,"href":"https:\/\/citygame.com\/it\/wp-json\/wp\/v2\/users\/78"}],"replies":[{"embeddable":true,"href":"https:\/\/citygame.com\/it\/wp-json\/wp\/v2\/comments?post=227326"}],"version-history":[{"count":0,"href":"https:\/\/citygame.com\/it\/wp-json\/wp\/v2\/pages\/227326\/revisions"}],"up":[{"embeddable":true,"href":"https:\/\/citygame.com\/it\/wp-json\/wp\/v2\/pages\/225502"}],"acf:term":[{"embeddable":true,"taxonomy":"cities-only-parent-location","href":"https:\/\/citygame.com\/it\/wp-json\/wp\/v2\/cities-only-parent-location\/606"}],"wp:featuredmedia":[{"embeddable":true,"href":"https:\/\/citygame.com\/it\/wp-json\/wp\/v2\/media\/15661"}],"wp:attachment":[{"href":"https:\/\/citygame.com\/it\/wp-json\/wp\/v2\/media?parent=227326"}],"wp:term":[{"taxonomy":"cities-only-parent-location","embeddable":true,"href":"https:\/\/citygame.com\/it\/wp-json\/wp\/v2\/cities-only-parent-location?post=227326"},{"taxonomy":"countries-only-parent-locations","embeddable":true,"href":"https:\/\/citygame.com\/it\/wp-json\/wp\/v2\/countries-only-parent-locations?post=227326"},{"taxonomy":"seo_keyword","embeddable":true,"href":"https:\/\/citygame.com\/it\/wp-json\/wp\/v2\/seo_keyword?post=227326"},{"taxonomy":"cg_page_type","embeddable":true,"href":"https:\/\/citygame.com\/it\/wp-json\/wp\/v2\/cg_page_type?post=227326"}],"curies":[{"name":"wp","href":"https:\/\/api.w.org\/{rel}","templated":true}]}}