{"id":227403,"date":"2026-04-23T13:40:46","date_gmt":"2026-04-23T13:40:46","guid":{"rendered":"https:\/\/citygame.com\/book\/prenota-city-games-in-romania\/"},"modified":"2026-04-23T13:40:46","modified_gmt":"2026-04-23T13:40:46","slug":"prenota-city-games-in-romania","status":"publish","type":"page","link":"https:\/\/citygame.com\/it\/prenota-il-tuo-city-game\/prenota-city-games-in-romania\/","title":{"rendered":"Prenota City Games in Romania"},"content":{"rendered":"","protected":false},"excerpt":{"rendered":"","protected":false},"author":78,"featured_media":12055,"parent":225823,"menu_order":0,"comment_status":"closed","ping_status":"closed","template":"","meta":{"_acf_changed":false,"_yoast_wpseo_focuskw":"Prenota City Games in Romania","_yoast_wpseo_metadesc":"","_kad_blocks_custom_css":"","_kad_blocks_head_custom_js":"","_kad_blocks_body_custom_js":"","_kad_blocks_footer_custom_js":"","_kad_post_transparent":"","_kad_post_title":"","_kad_post_layout":"","_kad_post_sidebar_id":"","_kad_post_content_style":"","_kad_post_vertical_padding":"","_kad_post_feature":"","_kad_post_feature_position":"","_kad_post_header":false,"_kad_post_footer":false,"_kad_post_classname":"","footnotes":""},"cities-only-parent-location":[],"countries-only-parent-locations":[],"seo_keyword":[],"cg_page_type":[636],"class_list":["post-227403","page","type-page","status-publish","has-post-thumbnail","hentry","cg_page_type-book-in-country-page"],"acf":{"country_name":"Romania","select_country":523,"hero_h2":"Prenota un City Game in Romania","hero_text":"Fai giocare un City Game in citt\u00e0 in tutta la Romania e esplora ogni destinazione in modo divertente e interattivo. Risolvi enigmi, completa le sfide e scopri la citt\u00e0 mentre cammini tra le sue strade e i suoi monumenti. Scegli la tua citt\u00e0 qui sotto e inizia la tua avventura.","hero_cta":"Tutte le destinazioni in Romania","section_2_h2_all_locations_in_country":"Tutte le localit\u00e0 in Romania","section_3_h2_book_your_city_game_in_country":"Prenota il tuo City Game in Romania in pochi semplici passi","section_3_text":"Iniziare \u00e8 facile. Scegli il tuo City Game in Romania, prenota la tua avventura e inizia a giocare quando vuoi. Tutto ci\u00f2 di cui hai bisogno ti sar\u00e0 inviato subito dopo la prenotazione: niente guida, niente orari di inizio rigidi, solo il tuo team e la citt\u00e0.","section_3_usp_1":"1,5\u20132 ore di gioco","section_3_usp_2":"3\u20134 km di camminata attraverso la citt\u00e0","section_3_usp_3":"Inizia, metti in pausa e riprendi quando vuoi","section_3_usp_4":"1\u20134 o 2\u20135 persone per smartphone, a seconda del tuo gioco","section_3_usp_5":"Gioca in modo indipendente con il tuo dispositivo","section_3_usp_6":"Connessione Internet richiesta durante il gioco","section_3_cta":"Scegli la tua citt\u00e0","section_3_step_1":"Passo 1","section_3_step_1_title":"Scegli la tua citt\u00e0 e il tuo City Game","section_3_step_1_text":"Seleziona la citt\u00e0 in cui vuoi giocare e prenota online il tuo City Game in pochi clic.","section_3_step_2":"Passo 2","section_3_step_2_title":"Ricevi le istruzioni del gioco","section_3_step_2_text":"Dopo la prenotazione riceverai immediatamente un'email con tutte le istruzioni e l'accesso al gioco.","section_3_step_3":"Passo 3","section_3_step_3_title":"Vai al punto di partenza","section_3_step_3_text":"Dirigiti verso il punto di partenza nella citt\u00e0 quando preferisci. Non ci sono orari di inizio fissi.","section_3_step_4":"Passo 4","section_3_step_4_title":"Inizia il tuo City Game","section_3_step_4_text":"Segui gli indizi, risolvi enigmi e scopri la citt\u00e0 mentre completi divertenti sfide lungo il percorso.","section_4_h2_why_players_love":"Perch\u00e9 City Games in Romania piacciono ai giocatori","section_4_usp_1_title":"Esplora le citt\u00e0 in modo unico","section_4_usp_1_text":"Scopri monumenti famosi, vicoli nascosti e luoghi sorprendenti mentre risolvi enigmi e completi sfide.","section_4_usp_2_title":"Gioca quando vuoi","section_4_usp_2_text":"Non ci sono orari di inizio fissi. Inizia, metti in pausa e riprendi il gioco quando vuoi durante la tua giornata in citt\u00e0.","section_4_usp_3_title":"Divertimento per amici, famiglie e team","section_4_usp_3_text":"City Games sono perfetti per coppie, gruppi di amici, famiglie o colleghi in cerca di un'attivit\u00e0 divertente e interattiva.","section_4_usp_4_title":"Una combinazione di enigmi e scoperta","section_4_usp_4_text":"Risolvi indovinelli, porta a termine missioni e scopri indizi mentre esplori la citt\u00e0 passo dopo passo.","section_4_usp_5_title":"Gioca al tuo ritmo","section_4_usp_5_text":"Fai pause per un drink, esplora negozi o goditi i paesaggi. Il gioco si adatta al tuo ritmo.","section_4_usp_6_title":"Disponibile in citt\u00e0 in tutto il mondo","section_4_usp_6_text":"City Games sono disponibili in centinaia di citt\u00e0 in tutto il mondo, rendendole un'attivit\u00e0 perfetta sia per i viaggiatori sia per i residenti.","section_4_cta":"Trova un City Game nella tua citt\u00e0","section_5_h2_reviews":"Cosa pensano gli altri dei nostri City Games","section_5_cta_1":"Tutte le recensioni","section_5_cta_2":"Scrivi una recensione","section_6_h2_hosted_game":"I tuoi City Games preferiti, ospitati professionalmente dal nostro team","section_6_text":"Goditi gli stessi City Games della versione autoguidata, ma con completo supporto in loco da parte dei nostri host professionisti. Ci occupiamo del briefing, dei tablet, del coordinamento e dell'assistenza tecnica, cos\u00ec il tuo gruppo pu\u00f2 concentrarsi interamente sul divertimento e sulla competizione.","section_6_text_2":"Cosa \u00e8 incluso:","section_6_usp_1_title":"Stesso City Game, completamente ospitato","section_6_usp_1_text":"Giocate la stessa esperienza esatta della nostra versione autoguidata, ora guidata dai nostri host.","section_6_usp_2_title":"Classifica dal vivo e cerimonia di premiazione","section_6_usp_2_text":"Per gruppi numerosi, i nostri host rivelano i punteggi finali e annunciano la squadra vincente con un momento di premio divertente.","section_6_usp_3_title":"Partenza e arrivo ospitati","section_6_usp_3_text":"Accogliamo il tuo gruppo, spieghiamo chiaramente il gioco e concludiamo con un entusiasmante riepilogo.","section_6_usp_4_title":"Supporto in tempo reale durante il gioco","section_6_usp_4_text":"Il nostro team assiste con dispositivi, problemi dell'app e coordinamento durante l'esperienza.","section_6_usp_5_text":"Disponibile per gruppi che preferiscono utilizzare i nostri dispositivi anzich\u00e9 i propri.","section_6_usp_5_title":"Tablet inclusi (facoltativi)","section_6_text_3":"Affidato a team in tutto il mondo, dai piccoli gruppi ai grandi eventi aziendali.","section_6_cta":"Pianifica il tuo evento di gruppo","section_7_h2_faq":"Hai domande? Abbiamo risposte!","section_7_text":"Consulta le nostre domande frequenti e scopri tutto ci\u00f2 che vuoi sapere. La tua domanda non \u00e8 tra queste? Sentiti libero di contattarci.","section_7_cta_1":"Visualizza tutte le domande frequenti","section_7_cta_2":"Ottieni supporto","section_7_question_1":"Come funziona la prenotazione di un City Game?","section_7_answer_1":"Prenotare un City Game in Romania \u00e8 rapido e facile. Scegli la citt\u00e0 in cui vuoi giocare, seleziona il tuo gioco preferito e completa la prenotazione online. Dopo il pagamento riceverai immediatamente un'email con le istruzioni del gioco. Una volta arrivato al punto di partenza, puoi iniziare il gioco sul tuo smartphone quando ti \u00e8 comodo.","section_7_question_2":"Posso iniziare il City Game in Romania subito dopo la prenotazione?","section_7_answer_2":"S\u00ec. Dopo aver completato la tua prenotazione riceverai <strong>immediatamente le istruzioni via email<\/strong>. Nella maggior parte dei casi puoi iniziare a giocare entro pochi minuti, non appena arrivi al punto di partenza in Romania e apri il gioco sul tuo smartphone.","section_7_question_3":"\u00c8 necessario prenotare un orario di inizio specifico?","section_7_answer_3":"No, <strong>City Games non hanno orari di inizio fissi<\/strong>. Durante la prenotazione selezioni una data a scopo amministrativo, ma puoi iniziare il gioco quando vuoi entro la validit\u00e0 della tua prenotazione.","section_7_question_4":"Quanto tempo richiede un City Game in Romania?","section_7_answer_4":"La maggior parte dei City Games in Romania richiede <strong>circa 1,5\u20132 ore<\/strong> per completarlo. L'itinerario di solito <strong>copre 3\u20134 chilometri<\/strong> attraverso la citt\u00e0. Puoi sempre mettere in pausa il gioco durante l'avventura e riprendere in seguito se vuoi fare una pausa.","section_7_question_5":"Quante persone possono partecipare a un City Game in Romania?","section_7_answer_5":"Puoi giocare <strong>da solo o in gruppo<\/strong>. Per la migliore esperienza consigliamo 1\u20134 o 2\u20135 giocatori (a seconda del tuo gioco) per smartphone. Gruppi pi\u00f9 numerosi possono dividersi in pi\u00f9 squadre e sfidarsi tra loro!","section_7_question_6":"Tutti i giocatori hanno bisogno del proprio smartphone?","section_7_answer_6":"No. Un City Game si gioca su <strong>uno smartphone per squadra<\/strong>. Se giochi con un gruppo pi\u00f9 grande, puoi semplicemente creare pi\u00f9 squadre utilizzando pi\u00f9 smartphone.","section_7_question_7":"Di cosa ho bisogno per giocare il City Game in Romania?","section_7_answer_7":"Hai bisogno solo di:","section_7_answer_7_usp_1":"Uno smartphone","section_7_answer_7_usp_2":"Una connessione Internet","section_7_answer_7_usp_3":"Una batteria completamente carica","section_7_answer_7_2":"Dopo aver prenotato riceverai istruzioni che spiegano come accedere al gioco sul tuo telefono.","section_7_question_8":"Posso giocare al gioco in modo spontaneo?","section_7_answer_8":"S\u00ec. Sebbene sia necessario completare prima la prenotazione, riceverai le istruzioni immediatamente dopo il pagamento. Ci\u00f2 significa che puoi decidere di giocare in modo spontaneo e iniziare nel giro di pochi minuti.","section_7_question_9":"Per quanto tempo \u00e8 valida la mia prenotazione?","section_7_answer_9":"Dopo l'acquisto, il tuo City Game rimane <strong>valido per 365 giorni<\/strong>. Questo ti offre molta flessibilit\u00e0 per decidere quando vuoi giocare.","section_7_question_10":"Posso regalare un City Game in Romania?","section_7_answer_10":"S\u00ec. Un City Game \u00e8 un ottimo regalo per amici, famiglia o colleghi. Puoi acquistare una gift card City Game, che permette al destinatario di scegliere la citt\u00e0 e il gioco preferiti.","section_7_answer_10_cta":"Acquista una gift card","section_7_question_11":"Cosa succede se ho accidentalmente prenotato la citt\u00e0 o il gioco sbagliato?","section_7_answer_11":"Se hai commesso un errore durante la prenotazione, contattaci <strong>il prima possibile<\/strong>. In molti casi possiamo modificare la prenotazione per la citt\u00e0 corretta, la lingua o il gioco.","section_7_answer_11_cta":"Contattaci","section_7_question_12":"Ci sono costi aggiuntivi quando si prenota un City Game in Romania?","section_7_answer_12":"No. Il prezzo mostrato al checkout \u00e8 il prezzo totale. Non ci sono costi nascosti o di prenotazione.","section_7_question_13":"Quali metodi di pagamento posso usare?","section_7_answer_13":"Supportiamo <strong>un'ampia gamma di metodi di pagamento a seconda della tua posizione<\/strong>, tra cui carte di credito e diverse opzioni di pagamento internazionali. Durante il checkout vedrai automaticamente i metodi di pagamento disponibili nella tua regione.","section_7_question_14":"Le aziende o i gruppi numerosi possono prenotare un City Game?","section_7_answer_14":"S\u00ec. Le aziende e grandi gruppi possono prenotare un City Game ospitato con l'assistenza dei nostri host. Questa opzione \u00e8 perfetta per eventi di team building, uscite aziendali o grandi attivit\u00e0 di gruppo.","section_7_answer_14_cta":"Esplora l'esperienza di City Game ospita per gruppi","section_8_h2_page_ending":"Pronto per un'avventura indimenticabile?","section_8_text":"Esplora le citt\u00e0 in modo divertente e interattivo con i nostri City Games. Risolvi enigmi, scopri luoghi nascosti e scopri la citt\u00e0 mentre giochi con amici, familiari o colleghi, quando vuoi.","section_8_cta":"Trova un City Game vicino a te"},"yoast_head":"<!-- This site is optimized with the Yoast SEO Premium plugin v26.2 (Yoast SEO v27.4) - https:\/\/yoast.com\/product\/yoast-seo-premium-wordpress\/ -->\n<title>Prenota City Games in Romania - City Game<\/title>\n<meta name=\"robots\" content=\"index, follow, max-snippet:-1, max-image-preview:large, max-video-preview:-1\" \/>\n<link rel=\"canonical\" href=\"https:\/\/citygame.com\/it\/prenota-il-tuo-city-game\/prenota-city-games-in-romania\/\" \/>\n<meta property=\"og:locale\" content=\"it_IT\" \/>\n<meta property=\"og:type\" content=\"article\" \/>\n<meta property=\"og:title\" content=\"Prenota City Games in Romania\" \/>\n<meta property=\"og:url\" content=\"https:\/\/citygame.com\/it\/prenota-il-tuo-city-game\/prenota-city-games-in-romania\/\" \/>\n<meta property=\"og:site_name\" content=\"City Game\" \/>\n<meta property=\"article:publisher\" content=\"https:\/\/www.facebook.com\/profile.php?id=100086426226253\" \/>\n<meta property=\"og:image\" content=\"https:\/\/citygame.com\/wp-content\/blogs.dir\/1\/files\/2026\/02\/romania-bran-castle-transylvania-sunset.jpg\" \/>\n\t<meta property=\"og:image:width\" content=\"1376\" \/>\n\t<meta property=\"og:image:height\" content=\"768\" \/>\n\t<meta property=\"og:image:type\" content=\"image\/jpeg\" \/>\n<meta name=\"twitter:card\" content=\"summary_large_image\" \/>\n<script type=\"application\/ld+json\" class=\"yoast-schema-graph\">{\"@context\":\"https:\\\/\\\/schema.org\",\"@graph\":[{\"@type\":\"WebPage\",\"@id\":\"https:\\\/\\\/citygame.com\\\/it\\\/prenota-il-tuo-city-game\\\/prenota-city-games-in-romania\\\/\",\"url\":\"https:\\\/\\\/citygame.com\\\/it\\\/prenota-il-tuo-city-game\\\/prenota-city-games-in-romania\\\/\",\"name\":\"Prenota City Games in Romania - City Game\",\"isPartOf\":{\"@id\":\"https:\\\/\\\/citygame.com\\\/it\\\/#website\"},\"primaryImageOfPage\":{\"@id\":\"https:\\\/\\\/citygame.com\\\/it\\\/prenota-il-tuo-city-game\\\/prenota-city-games-in-romania\\\/#primaryimage\"},\"image\":{\"@id\":\"https:\\\/\\\/citygame.com\\\/it\\\/prenota-il-tuo-city-game\\\/prenota-city-games-in-romania\\\/#primaryimage\"},\"thumbnailUrl\":\"https:\\\/\\\/citygame.com\\\/wp-content\\\/blogs.dir\\\/1\\\/files\\\/2026\\\/02\\\/romania-bran-castle-transylvania-sunset.jpg\",\"datePublished\":\"2026-04-23T13:40:46+00:00\",\"breadcrumb\":{\"@id\":\"https:\\\/\\\/citygame.com\\\/it\\\/prenota-il-tuo-city-game\\\/prenota-city-games-in-romania\\\/#breadcrumb\"},\"inLanguage\":\"it-IT\",\"potentialAction\":[{\"@type\":\"ReadAction\",\"target\":[\"https:\\\/\\\/citygame.com\\\/it\\\/prenota-il-tuo-city-game\\\/prenota-city-games-in-romania\\\/\"]}]},{\"@type\":\"ImageObject\",\"inLanguage\":\"it-IT\",\"@id\":\"https:\\\/\\\/citygame.com\\\/it\\\/prenota-il-tuo-city-game\\\/prenota-city-games-in-romania\\\/#primaryimage\",\"url\":\"https:\\\/\\\/citygame.com\\\/wp-content\\\/blogs.dir\\\/1\\\/files\\\/2026\\\/02\\\/romania-bran-castle-transylvania-sunset.jpg\",\"contentUrl\":\"https:\\\/\\\/citygame.com\\\/wp-content\\\/blogs.dir\\\/1\\\/files\\\/2026\\\/02\\\/romania-bran-castle-transylvania-sunset.jpg\",\"width\":1376,\"height\":768,\"caption\":\"The iconic Bran Castle in Romania, viewed from a nearby hillside during a dramatic sunset.\"},{\"@type\":\"BreadcrumbList\",\"@id\":\"https:\\\/\\\/citygame.com\\\/it\\\/prenota-il-tuo-city-game\\\/prenota-city-games-in-romania\\\/#breadcrumb\",\"itemListElement\":[{\"@type\":\"ListItem\",\"position\":1,\"name\":\"Home\",\"item\":\"https:\\\/\\\/citygame.com\\\/it\\\/\"},{\"@type\":\"ListItem\",\"position\":2,\"name\":\"Prenota il tuo City Game\",\"item\":\"https:\\\/\\\/citygame.com\\\/it\\\/book\\\/\"},{\"@type\":\"ListItem\",\"position\":3,\"name\":\"Prenota City Games in Romania\"}]},{\"@type\":\"WebSite\",\"@id\":\"https:\\\/\\\/citygame.com\\\/it\\\/#website\",\"url\":\"https:\\\/\\\/citygame.com\\\/it\\\/\",\"name\":\"City Game\",\"description\":\"\",\"publisher\":{\"@id\":\"https:\\\/\\\/citygame.com\\\/it\\\/#organization\"},\"alternateName\":\"citygame.com\",\"potentialAction\":[{\"@type\":\"SearchAction\",\"target\":{\"@type\":\"EntryPoint\",\"urlTemplate\":\"https:\\\/\\\/citygame.com\\\/it\\\/?s={search_term_string}\"},\"query-input\":{\"@type\":\"PropertyValueSpecification\",\"valueRequired\":true,\"valueName\":\"search_term_string\"}}],\"inLanguage\":\"it-IT\"},{\"@type\":\"Organization\",\"@id\":\"https:\\\/\\\/citygame.com\\\/it\\\/#organization\",\"name\":\"City Game\",\"alternateName\":\"citygame.com\",\"url\":\"https:\\\/\\\/citygame.com\\\/it\\\/\",\"logo\":{\"@type\":\"ImageObject\",\"inLanguage\":\"it-IT\",\"@id\":\"https:\\\/\\\/citygame.com\\\/it\\\/#\\\/schema\\\/logo\\\/image\\\/\",\"url\":\"https:\\\/\\\/citygame.com\\\/wp-content\\\/blogs.dir\\\/1\\\/files\\\/2025\\\/10\\\/CG_LOGO-City-Game.png\",\"contentUrl\":\"https:\\\/\\\/citygame.com\\\/wp-content\\\/blogs.dir\\\/1\\\/files\\\/2025\\\/10\\\/CG_LOGO-City-Game.png\",\"width\":351,\"height\":377,\"caption\":\"City Game\"},\"image\":{\"@id\":\"https:\\\/\\\/citygame.com\\\/it\\\/#\\\/schema\\\/logo\\\/image\\\/\"},\"sameAs\":[\"https:\\\/\\\/www.facebook.com\\\/profile.php?id=100086426226253\",\"https:\\\/\\\/www.instagram.com\\\/citygame_com\",\"https:\\\/\\\/www.tiktok.com\\\/@citygamecom\\\/\",\"https:\\\/\\\/www.linkedin.com\\\/company\\\/citygame-com\"],\"description\":\"Turn any city into a playground with our interactive City Games and self-guided tours. Fun, flexible, and ideal for groups and team building.\"}]}<\/script>\n<!-- \/ Yoast SEO Premium plugin. -->","yoast_head_json":{"title":"Prenota City Games in Romania - City Game","robots":{"index":"index","follow":"follow","max-snippet":"max-snippet:-1","max-image-preview":"max-image-preview:large","max-video-preview":"max-video-preview:-1"},"canonical":"https:\/\/citygame.com\/it\/prenota-il-tuo-city-game\/prenota-city-games-in-romania\/","og_locale":"it_IT","og_type":"article","og_title":"Prenota City Games in Romania","og_url":"https:\/\/citygame.com\/it\/prenota-il-tuo-city-game\/prenota-city-games-in-romania\/","og_site_name":"City Game","article_publisher":"https:\/\/www.facebook.com\/profile.php?id=100086426226253","og_image":[{"width":1376,"height":768,"url":"https:\/\/citygame.com\/wp-content\/blogs.dir\/1\/files\/2026\/02\/romania-bran-castle-transylvania-sunset.jpg","type":"image\/jpeg"}],"twitter_card":"summary_large_image","schema":{"@context":"https:\/\/schema.org","@graph":[{"@type":"WebPage","@id":"https:\/\/citygame.com\/it\/prenota-il-tuo-city-game\/prenota-city-games-in-romania\/","url":"https:\/\/citygame.com\/it\/prenota-il-tuo-city-game\/prenota-city-games-in-romania\/","name":"Prenota City Games in Romania - City Game","isPartOf":{"@id":"https:\/\/citygame.com\/it\/#website"},"primaryImageOfPage":{"@id":"https:\/\/citygame.com\/it\/prenota-il-tuo-city-game\/prenota-city-games-in-romania\/#primaryimage"},"image":{"@id":"https:\/\/citygame.com\/it\/prenota-il-tuo-city-game\/prenota-city-games-in-romania\/#primaryimage"},"thumbnailUrl":"https:\/\/citygame.com\/wp-content\/blogs.dir\/1\/files\/2026\/02\/romania-bran-castle-transylvania-sunset.jpg","datePublished":"2026-04-23T13:40:46+00:00","breadcrumb":{"@id":"https:\/\/citygame.com\/it\/prenota-il-tuo-city-game\/prenota-city-games-in-romania\/#breadcrumb"},"inLanguage":"it-IT","potentialAction":[{"@type":"ReadAction","target":["https:\/\/citygame.com\/it\/prenota-il-tuo-city-game\/prenota-city-games-in-romania\/"]}]},{"@type":"ImageObject","inLanguage":"it-IT","@id":"https:\/\/citygame.com\/it\/prenota-il-tuo-city-game\/prenota-city-games-in-romania\/#primaryimage","url":"https:\/\/citygame.com\/wp-content\/blogs.dir\/1\/files\/2026\/02\/romania-bran-castle-transylvania-sunset.jpg","contentUrl":"https:\/\/citygame.com\/wp-content\/blogs.dir\/1\/files\/2026\/02\/romania-bran-castle-transylvania-sunset.jpg","width":1376,"height":768,"caption":"The iconic Bran Castle in Romania, viewed from a nearby hillside during a dramatic sunset."},{"@type":"BreadcrumbList","@id":"https:\/\/citygame.com\/it\/prenota-il-tuo-city-game\/prenota-city-games-in-romania\/#breadcrumb","itemListElement":[{"@type":"ListItem","position":1,"name":"Home","item":"https:\/\/citygame.com\/it\/"},{"@type":"ListItem","position":2,"name":"Prenota il tuo City Game","item":"https:\/\/citygame.com\/it\/book\/"},{"@type":"ListItem","position":3,"name":"Prenota City Games in Romania"}]},{"@type":"WebSite","@id":"https:\/\/citygame.com\/it\/#website","url":"https:\/\/citygame.com\/it\/","name":"City Game","description":"","publisher":{"@id":"https:\/\/citygame.com\/it\/#organization"},"alternateName":"citygame.com","potentialAction":[{"@type":"SearchAction","target":{"@type":"EntryPoint","urlTemplate":"https:\/\/citygame.com\/it\/?s={search_term_string}"},"query-input":{"@type":"PropertyValueSpecification","valueRequired":true,"valueName":"search_term_string"}}],"inLanguage":"it-IT"},{"@type":"Organization","@id":"https:\/\/citygame.com\/it\/#organization","name":"City Game","alternateName":"citygame.com","url":"https:\/\/citygame.com\/it\/","logo":{"@type":"ImageObject","inLanguage":"it-IT","@id":"https:\/\/citygame.com\/it\/#\/schema\/logo\/image\/","url":"https:\/\/citygame.com\/wp-content\/blogs.dir\/1\/files\/2025\/10\/CG_LOGO-City-Game.png","contentUrl":"https:\/\/citygame.com\/wp-content\/blogs.dir\/1\/files\/2025\/10\/CG_LOGO-City-Game.png","width":351,"height":377,"caption":"City Game"},"image":{"@id":"https:\/\/citygame.com\/it\/#\/schema\/logo\/image\/"},"sameAs":["https:\/\/www.facebook.com\/profile.php?id=100086426226253","https:\/\/www.instagram.com\/citygame_com","https:\/\/www.tiktok.com\/@citygamecom\/","https:\/\/www.linkedin.com\/company\/citygame-com"],"description":"Turn any city into a playground with our interactive City Games and self-guided tours. Fun, flexible, and ideal for groups and team building."}]}},"taxonomy_info":{"cg_page_type":[{"value":636,"label":"Book in COUNTRY page"}]},"featured_image_src_large":["https:\/\/citygame.com\/wp-content\/blogs.dir\/1\/files\/2026\/02\/romania-bran-castle-transylvania-sunset-1024x572.jpg",1024,572,true],"author_info":{"display_name":"Philip","author_link":"https:\/\/citygame.com\/it\/blog\/author\/sophi2\/"},"comment_info":0,"wpml_current_locale":"it_IT","wpml_translations":{"nl_NL":{"locale":"nl_NL","id":227373,"slug":"boek-city-games-in-roemenie","post_title":"Boek City Games in Roemeni\u00eb","href":"https:\/\/citygame.com\/nl\/book-your-city-game\/boek-city-games-in-roemenie\/"},"en_US":{"locale":"en_US","id":19214,"slug":"in-romania","post_title":"Book City Games in Romania","href":"https:\/\/citygame.com\/book\/in-romania\/"},"fr_FR":{"locale":"fr_FR","id":227396,"slug":"reservez-city-games-en-roumanie","post_title":"R\u00e9servez City Games en Roumanie","href":"https:\/\/citygame.com\/fr\/reservez-votre-city-game\/reservez-city-games-en-roumanie\/"},"de_DE":{"locale":"de_DE","id":227380,"slug":"city-games-in-rumanien-buchen","post_title":"City Games in Rum\u00e4nien buchen","href":"https:\/\/citygame.com\/de\/buchen-sie-ihr-city-game\/city-games-in-rumanien-buchen\/"},"it_IT":{"locale":"it_IT","translation":"current"},"es_ES":{"locale":"es_ES","id":227388,"slug":"reserva-city-games-en-rumania","post_title":"Reserva City Games en Ruman\u00eda","href":"https:\/\/citygame.com\/es\/prenota-il-tuo-city-game\/reserva-city-games-en-rumania\/"}},"_links":{"self":[{"href":"https:\/\/citygame.com\/it\/wp-json\/wp\/v2\/pages\/227403","targetHints":{"allow":["GET"]}}],"collection":[{"href":"https:\/\/citygame.com\/it\/wp-json\/wp\/v2\/pages"}],"about":[{"href":"https:\/\/citygame.com\/it\/wp-json\/wp\/v2\/types\/page"}],"author":[{"embeddable":true,"href":"https:\/\/citygame.com\/it\/wp-json\/wp\/v2\/users\/78"}],"replies":[{"embeddable":true,"href":"https:\/\/citygame.com\/it\/wp-json\/wp\/v2\/comments?post=227403"}],"version-history":[{"count":0,"href":"https:\/\/citygame.com\/it\/wp-json\/wp\/v2\/pages\/227403\/revisions"}],"up":[{"embeddable":true,"href":"https:\/\/citygame.com\/it\/wp-json\/wp\/v2\/pages\/225823"}],"acf:term":[{"embeddable":true,"taxonomy":"cities-only-parent-location","href":"https:\/\/citygame.com\/it\/wp-json\/wp\/v2\/cities-only-parent-location\/523"}],"wp:featuredmedia":[{"embeddable":true,"href":"https:\/\/citygame.com\/it\/wp-json\/wp\/v2\/media\/12055"}],"wp:attachment":[{"href":"https:\/\/citygame.com\/it\/wp-json\/wp\/v2\/media?parent=227403"}],"wp:term":[{"taxonomy":"cities-only-parent-location","embeddable":true,"href":"https:\/\/citygame.com\/it\/wp-json\/wp\/v2\/cities-only-parent-location?post=227403"},{"taxonomy":"countries-only-parent-locations","embeddable":true,"href":"https:\/\/citygame.com\/it\/wp-json\/wp\/v2\/countries-only-parent-locations?post=227403"},{"taxonomy":"seo_keyword","embeddable":true,"href":"https:\/\/citygame.com\/it\/wp-json\/wp\/v2\/seo_keyword?post=227403"},{"taxonomy":"cg_page_type","embeddable":true,"href":"https:\/\/citygame.com\/it\/wp-json\/wp\/v2\/cg_page_type?post=227403"}],"curies":[{"name":"wp","href":"https:\/\/api.w.org\/{rel}","templated":true}]}}