{"id":227496,"date":"2026-04-23T14:04:09","date_gmt":"2026-04-23T14:04:09","guid":{"rendered":"https:\/\/citygame.com\/locations\/montenegro\/city-game-podgorica-2\/"},"modified":"2026-04-23T14:04:09","modified_gmt":"2026-04-23T14:04:09","slug":"city-game-podgorica-2","status":"publish","type":"page","link":"https:\/\/citygame.com\/it\/luoghi\/city-game-montenegro\/city-game-podgorica-2\/","title":{"rendered":"City Game Podgorica"},"content":{"rendered":"","protected":false},"excerpt":{"rendered":"","protected":false},"author":78,"featured_media":12641,"parent":226454,"menu_order":0,"comment_status":"closed","ping_status":"closed","template":"","meta":{"_acf_changed":false,"_yoast_wpseo_focuskw":"City Game Podgorica","_yoast_wpseo_metadesc":"","_kad_blocks_custom_css":"","_kad_blocks_head_custom_js":"","_kad_blocks_body_custom_js":"","_kad_blocks_footer_custom_js":"","_kad_post_transparent":"","_kad_post_title":"","_kad_post_layout":"","_kad_post_sidebar_id":"","_kad_post_content_style":"","_kad_post_vertical_padding":"","_kad_post_feature":"","_kad_post_feature_position":"","_kad_post_header":false,"_kad_post_footer":false,"_kad_post_classname":"","footnotes":""},"cities-only-parent-location":[533],"countries-only-parent-locations":[],"seo_keyword":[],"cg_page_type":[45],"class_list":["post-227496","page","type-page","status-publish","has-post-thumbnail","hentry","cities-only-parent-location-montenegro","cg_page_type-city-overview-page"],"acf":{"city_name":"Podgorica","select_city":324,"section_1_h2_city_games_in_city":"City Games a Podgorica","intro_text":"City Games sono disponibili a Podgorica, offrendo un modo interattivo per vivere la citt\u00e0. Utilizzando il tuo smartphone, risolverai enigmi e affronterai sfide mentre esplori strade e luoghi di interesse al tuo ritmo. Questa attivit\u00e0 autoguidata combina gameplay digitale con navigazione nel mondo reale per creare un'avventura urbana coinvolgente.","section_1_usp_1":"Inizia, metti in pausa e riprendi ogni volta che vuoi","section_1_usp_2":"Gioca in modo indipendente","section_1_usp_3":"1-4 o 2-5 persone per smartphone, a seconda del tuo gioco","section_1_usp_4":"1,5-2 ore di gioco","section_1_usp_5":"3-4 km di camminata","section_1_usp_6":"\u00c8 richiesta una connessione a Internet","section_1_text_2":"Scegli il tuo City Game e inizia a giocare oggi!","section_1_cta":"Visualizza tutti i City Games","intro_image":12642,"section_2_h2_all_city_games_in_city":"Tutti i City Games a Podgorica","section_3_h2_how_city_games_work_in_city":"Come City Games funzionano a Podgorica","section_3_text":"City Games a Podgorica sono esperienze completamente autoguidate che ti permettono di esplorare la citt\u00e0 al tuo ritmo. Utilizzando il tuo smartphone, attraverserai il centro della citt\u00e0 risolvendo enigmi, affrontando sfide e seguendo la trama del tuo City Game scelto.\r\n\r\nDecidi tu quando iniziare, dove fare pause e quanto velocemente giocare. Non \u00e8 necessaria alcuna guida, alcun orario o alcuna prenotazione.","section_3_usp_1":"Gioca in team di amici, familiari o colleghi","section_3_usp_2":"Inizia quando vuoi, non serve una guida o personale","section_3_usp_3":"Usa il tuo smartphone o tablet","section_3_usp_4":"Percorri la citt\u00e0 risolvendo enigmi e affrontando sfide","section_3_usp_5":"Scopri curiosit\u00e0 su storia, cultura e luoghi di interesse","section_3_usp_6":"Disponibile in pi\u00f9 lingue","section_3_cta":"Scegli il tuo City Game","section_3_step_1":"Passo 1","section_3_step_1_title":"Prenota il tuo City Game","section_3_step_1_text":"Scegli la tua citt\u00e0 e il tuo gioco e ricevi tutto subito dopo la prenotazione.","section_3_step_2":"Passo 2","section_3_step_2_title":"Controlla le istruzioni","section_3_step_2_text":"Apri l'email di conferma con il punto di partenza e come iniziare a giocare.","section_3_step_3":"Passo 3","section_3_step_3_title":"Vai al punto di partenza","section_3_step_3_text":"Raggiungi il punto di partenza quando vuoi, senza orario fisso.","section_3_step_4":"Passo 4","section_3_step_4_title":"Inizia a giocare","section_3_step_4_text":"Segui gli indizi, risolvi enigmi e esplora la citt\u00e0 al tuo ritmo!","how_city_games_work_image":12643,"section_4_h2_who_are_city_games_in_city_for":"Per chi sono i City Games a Podgorica?","section_4_text":"I City Games a Podgorica sono progettati per chiunque voglia vivere la citt\u00e0 in modo interattivo e flessibile. Che tu sia a Podgorica per la prima volta o che conosca gi\u00e0 bene la citt\u00e0, i City Games offrono un'attivit\u00e0 divertente che si inserisce facilmente nella tua giornata.","section_4_text_2":"City Games a Podgorica sono adatti a:","section_4_usp_1":"Giocatori singoli o piccoli gruppi in cerca di un'avventura flessibile","section_4_usp_2":"Turisti che esplorano Podgorica","section_4_usp_3":"Amici e famiglie in cerca di un'attivit\u00e0 divertente","section_4_usp_4":"Aziende e team che pianificano un evento di teambuilding","section_4_usp_5":"Residenti che vogliono riscoprire la propria citt\u00e0","section_4_cta":"Scegli il tuo City Game","who_are_city_games_for_image":12644,"section_5_h2_exploring_city":"Esplorare Podgorica","exploring_city_text":"Esplorare Podgorica rivela una citt\u00e0 plasmata dal contrasto, dove edifici moderni coesistono con influenze dell'epoca ottomana. Passeggiando nel quartiere Stara Varo\u0161, una delle zone pi\u00f9 antiche della citt\u00e0, incontrerai viuzze strette, case in pietra e moschee secolari che offrono uno sguardo al passato stratificato di Podgorica. Questo quartiere storico propone un ritmo pi\u00f9 tranquillo che contrasta con gli spazi contemporanei della citt\u00e0.\r\n\r\nLe ampie passeggiate lungo il fiume Mora\u010da offrono viste aperte e una sensazione di flusso nel centro, collegando aree verdi come Gorica Hill a zone pi\u00f9 urbanizzate. Il Millennium Bridge, un notevole punto di riferimento moderno, segna l'identit\u00e0 in evoluzione della citt\u00e0 mentre collega i quartieri chiave. Insieme, questi spazi plasmano un'esperienza che va dal passato tranquillo e vissuto alla vita contemporanea pi\u00f9 elegante.","exploring_city_image":12645,"section_6_h2_hosted_game":"I tuoi City Games preferiti, ospitati professionalmente dal nostro team","section_6_text":"Goditi gli stessi City Games della nostra versione autoguidata, ma con un supporto completo in loco dai nostri host professionisti. Ci occupiamo di briefing, tablet, coordinamento e supporto tecnico, cos\u00ec il tuo gruppo pu\u00f2 concentrarsi completamente sul divertimento e sulla competizione.","section_6_text_2":"Cosa \u00e8 incluso:","section_6_usp_1_title":"Lo stesso City Game, completamente ospitato","section_6_usp_1_text":"Giocate la stessa esperienza della versione autoguidata, ora guidata dai nostri host.","section_6_usp_2_title":"Classifica in tempo reale e cerimonia di premiazione","section_6_usp_2_text":"Per gruppi pi\u00f9 grandi, i nostri host rivelano i punteggi finali e annunciano la squadra vincente con un momento di premio divertente.","section_6_usp_3_title":"Inizio e fine guidati","section_6_usp_3_text":"Accogliamo il tuo gruppo, spieghiamo chiaramente il gioco e concludiamo con un momento finale entusiasmante.","section_6_usp_4_title":"Supporto in tempo reale durante il gioco","section_6_usp_4_text":"Il nostro team assiste con i dispositivi, i problemi dell'app e il coordinamento durante l'esperienza.","section_6_usp_5_title":"Tablets inclusi (facoltativi)","section_6_usp_5_text":"Disponibili per gruppi che preferiscono utilizzare i nostri dispositivi invece dei propri.","section_6_text_3":"Affidato a team in tutto il mondo, dai piccoli gruppi a grandi eventi aziendali.","section_6_cta":"Pianifica il tuo evento di gruppo","section_7_h2_reviews":"Cosa ne pensano gli altri dei nostri City Games","section_7_cta_1":"Tutte le recensioni","section_7_cta_2":"Scrivi una recensione","section_8_h2_faq":"Hai domande? Abbiamo risposte!","section_8_text":"Consulta le nostre domande frequenti e scopri tutto ci\u00f2 che vuoi sapere. La tua domanda non \u00e8 tra these? Non esitare a contattarci.","section_8_cta_1":"Visualizza tutte le domande frequenti","section_8_cta_2":"Richiedi supporto","section_8_question_1":"Cosa sono City Games a Podgorica?","section_8_answer_1":"City Games a Podgorica sono <strong>esperienze interattive e autoguidate<\/strong> che ti permettono di esplorare la citt\u00e0 giocando!rnrnUsando il tuo smartphone, risolvi enigmi, completi sfide e segui la trama del tuo City Game mentre attraversi la citt\u00e0.rnrnCity Games combinano lavoro di squadra, problem solving e esplorazione all'aperto, rendendoli un'attivit\u00e0 divertente sia per visitatori, residenti e gruppi.","section_8_question_2":"Ho bisogno di una guida per giocare a City Game a Podgorica?","section_8_answer_2":"<p class='kt-adv-heading2034_2420ea-ca wp-block-kadence-advancedheading' data-kb-block='kb-adv-heading2034_2420ea-ca'>No, City Games a Podgorica sono <strong>completamente autoguidate<\/strong>. Non hai bisogno di una guida, di un host o del personale on-site per giocare. Tutte le istruzioni e il gameplay sono forniti digitalmente, permettendoti di iniziare e giocare in modo indipendente usando il tuo smartphone.<\/p>rnQuesto tipo di flessibilit\u00e0 rende City Games facili da inserire nel tuo programma.rn<p class='kt-adv-heading2034_cd3db2-33 wp-block-kadence-advancedheading hls-none' data-kb-block='kb-adv-heading2034_cd3db2-33'>Per gruppi pi\u00f9 grandi o eventi aziendali, \u00e8 disponibile anche una versione completamente ospitata dei nostri City Games, inclusa la guida sul posto, tablet e supporto live.<\/p>rnHai in programma un gruppo pi\u00f9 numeroso o un evento aziendale?","section_8_answer_2_cta":"Esplora l'esperienza City Game ospitata per gruppi","section_8_question_3":"Quando possiamo iniziare a giocare a City Game a Podgorica?","section_8_answer_3":"Puoi iniziare a giocare <strong>quando vuoi<\/strong>! City Games a Podgorica non hanno orari di inizio fissi, quindi sei libero di iniziare in un momento che si adatti ai tuoi piani.rnrnDopo la prenotazione, ricevi istruzioni chiare che spiegano come e quando puoi iniziare il tuo City Game!","section_8_question_4":"Quanto tempo richiede un City Game a Podgorica?","section_8_answer_4":"I City Games a Podgorica richiedono <strong>circa 1,5-2 ore<\/strong> per essere completati! La durata esatta dipende dal tuo ritmo, da quante pause prendi e da quanto rapidamente risolvi gli enigmi e le sfide.rnrnPuoi giocare al tuo ritmo e mettere in pausa il gioco ogni volta che vuoi!","section_8_question_5":"Possiamo giocare a City Game a Podgorica con un grande gruppo?","section_8_answer_5":"<p class='kt-adv-heading2034_97743b-76 wp-block-kadence-advancedheading' data-kb-block='kb-adv-heading2034_97743b-76'>S\u00ec, City Games sono adatti sia a <strong>piccoli gruppi che a team pi\u00f9 grandi<\/strong>. I gruppi numerosi possono facilmente suddividersi in team pi\u00f9 piccoli e giocare al City Game contemporaneamente, utilizzando pi\u00f9 smartphone. Ogni team gioca in modo indipendente, seguendo lo stesso concetto di gioco e la stessa trama.<\/p>rnQuesto tipo di configurazione funziona bene per gruppi di amici, famiglie e aziende, e rende City Games una scelta popolare per uscite di gruppo, eventi e attivit\u00e0 di teambuilding.rn<p class='kt-adv-heading2034_7442e3-e3 wp-block-kadence-advancedheading hls-none' data-kb-block='kb-adv-heading2034_7442e3-e3'>Per gruppi pi\u00f9 grandi o eventi aziendali, \u00e8 disponibile anche una versione completamente ospitata dei nostri City Games, inclusa la guida sul posto, tablet e supporto live.<\/p>rnHai in programma un gruppo pi\u00f9 numeroso o un evento aziendale?","section_8_answer_5_cta":"Esplora l'esperienza City Game ospitata per gruppi","section_8_question_6":"I City Games a Podgorica sono adatti sia per turisti che per residenti?","section_8_answer_6":"S\u00ec, i City Games a Podgorica sono <strong>s\u00ec adatti sia per turisti che per residenti<\/strong>. I visitatori possono vivere la citt\u00e0 in modo interattivo, mentre i residenti possono godere delle strade familiari come scenario di un City Game.rnrnPoich\u00e9 ogni City Game si concentra sul gameplay e sullo storytelling, l'esperienza risulta fresca indipendentemente da quanto bene conosci gi\u00e0 la citt\u00e0.","section_8_question_7":"I City Games a Podgorica sono disponibili in pi\u00f9 lingue?","section_8_answer_7":"S\u00ec, i City Games a Podgorica sono <strong>disponibili in pi\u00f9 lingue<\/strong>. Puoi scegliere la lingua preferita prima o durante il gioco, rendendo City Games accessibili per visitatori internazionali e gruppi multilingue.","section_8_question_8":"Di cosa abbiamo bisogno per giocare a City Game a Podgorica?","section_8_answer_8":"Per giocare a City Game a Podgorica, hai bisogno di:","section_8_answer_8_usp_1":"Uno smartphone con connessione a Internet","section_8_answer_8_usp_2":"Una batteria carica","section_8_answer_8_usp_3":"Scarpe comode da passeggio","section_8_answer_8_2":"Tutti i contenuti di gioco e le istruzioni sono forniti digitalmente dopo la prenotazione.","section_9_h2_instagram":"Vedi di pi\u00f9 su Instagram","section_9_text":"Ispirazioni di viaggio, enigmi, tesori nascosti e momenti City Game, direttamente dalla nostra community","section_9_cta":"Seguici su Instagram","section_10_h2_page_ending":"Pronto per un'avventura indimenticabile a Podgorica?","section_10_text":"Esplora Podgorica in modo unico e interattivo con i nostri City Games. Gioca oggi e crea ricordi duraturi!","section_10_cta":"Prenota il tuo City Game ora","latitude":42.4402949,"longitude":19.2665389,"country":533,"map_enabled":true},"yoast_head":"<!-- This site is optimized with the Yoast SEO Premium plugin v26.2 (Yoast SEO v27.4) - https:\/\/yoast.com\/product\/yoast-seo-premium-wordpress\/ -->\n<title>City Game Podgorica - City Game<\/title>\n<meta name=\"robots\" content=\"index, follow, max-snippet:-1, max-image-preview:large, max-video-preview:-1\" \/>\n<link rel=\"canonical\" href=\"https:\/\/citygame.com\/it\/luoghi\/city-game-montenegro\/city-game-podgorica-2\/\" \/>\n<meta property=\"og:locale\" content=\"it_IT\" \/>\n<meta property=\"og:type\" content=\"article\" \/>\n<meta property=\"og:title\" content=\"City Game Podgorica\" \/>\n<meta property=\"og:url\" content=\"https:\/\/citygame.com\/it\/luoghi\/city-game-montenegro\/city-game-podgorica-2\/\" \/>\n<meta property=\"og:site_name\" content=\"City Game\" \/>\n<meta property=\"article:publisher\" content=\"https:\/\/www.facebook.com\/profile.php?id=100086426226253\" \/>\n<meta property=\"og:image\" content=\"https:\/\/citygame.com\/wp-content\/blogs.dir\/1\/files\/2026\/02\/podgorica-millennium-bridge-moraca-river.jpg\" \/>\n\t<meta property=\"og:image:width\" content=\"1376\" \/>\n\t<meta property=\"og:image:height\" content=\"768\" \/>\n\t<meta property=\"og:image:type\" content=\"image\/jpeg\" \/>\n<meta name=\"twitter:card\" content=\"summary_large_image\" \/>\n<script type=\"application\/ld+json\" class=\"yoast-schema-graph\">{\"@context\":\"https:\\\/\\\/schema.org\",\"@graph\":[{\"@type\":\"WebPage\",\"@id\":\"https:\\\/\\\/citygame.com\\\/it\\\/luoghi\\\/city-game-montenegro\\\/city-game-podgorica-2\\\/\",\"url\":\"https:\\\/\\\/citygame.com\\\/it\\\/luoghi\\\/city-game-montenegro\\\/city-game-podgorica-2\\\/\",\"name\":\"City Game Podgorica - City Game\",\"isPartOf\":{\"@id\":\"https:\\\/\\\/citygame.com\\\/it\\\/#website\"},\"primaryImageOfPage\":{\"@id\":\"https:\\\/\\\/citygame.com\\\/it\\\/luoghi\\\/city-game-montenegro\\\/city-game-podgorica-2\\\/#primaryimage\"},\"image\":{\"@id\":\"https:\\\/\\\/citygame.com\\\/it\\\/luoghi\\\/city-game-montenegro\\\/city-game-podgorica-2\\\/#primaryimage\"},\"thumbnailUrl\":\"https:\\\/\\\/citygame.com\\\/wp-content\\\/blogs.dir\\\/1\\\/files\\\/2026\\\/02\\\/podgorica-millennium-bridge-moraca-river.jpg\",\"datePublished\":\"2026-04-23T14:04:09+00:00\",\"breadcrumb\":{\"@id\":\"https:\\\/\\\/citygame.com\\\/it\\\/luoghi\\\/city-game-montenegro\\\/city-game-podgorica-2\\\/#breadcrumb\"},\"inLanguage\":\"it-IT\",\"potentialAction\":[{\"@type\":\"ReadAction\",\"target\":[\"https:\\\/\\\/citygame.com\\\/it\\\/luoghi\\\/city-game-montenegro\\\/city-game-podgorica-2\\\/\"]}]},{\"@type\":\"ImageObject\",\"inLanguage\":\"it-IT\",\"@id\":\"https:\\\/\\\/citygame.com\\\/it\\\/luoghi\\\/city-game-montenegro\\\/city-game-podgorica-2\\\/#primaryimage\",\"url\":\"https:\\\/\\\/citygame.com\\\/wp-content\\\/blogs.dir\\\/1\\\/files\\\/2026\\\/02\\\/podgorica-millennium-bridge-moraca-river.jpg\",\"contentUrl\":\"https:\\\/\\\/citygame.com\\\/wp-content\\\/blogs.dir\\\/1\\\/files\\\/2026\\\/02\\\/podgorica-millennium-bridge-moraca-river.jpg\",\"width\":1376,\"height\":768,\"caption\":\"The modern Millennium Bridge spans the Mora\u010da River in Podgorica, with mountains visible in the distance.\"},{\"@type\":\"BreadcrumbList\",\"@id\":\"https:\\\/\\\/citygame.com\\\/it\\\/luoghi\\\/city-game-montenegro\\\/city-game-podgorica-2\\\/#breadcrumb\",\"itemListElement\":[{\"@type\":\"ListItem\",\"position\":1,\"name\":\"Home\",\"item\":\"https:\\\/\\\/citygame.com\\\/it\\\/\"},{\"@type\":\"ListItem\",\"position\":2,\"name\":\"Luoghi\",\"item\":\"https:\\\/\\\/citygame.com\\\/it\\\/luoghi\\\/\"},{\"@type\":\"ListItem\",\"position\":3,\"name\":\"City Game Montenegro\",\"item\":\"https:\\\/\\\/citygame.com\\\/it\\\/luoghi\\\/city-game-montenegro\\\/\"},{\"@type\":\"ListItem\",\"position\":4,\"name\":\"City Game Podgorica\"}]},{\"@type\":\"WebSite\",\"@id\":\"https:\\\/\\\/citygame.com\\\/it\\\/#website\",\"url\":\"https:\\\/\\\/citygame.com\\\/it\\\/\",\"name\":\"City Game\",\"description\":\"\",\"publisher\":{\"@id\":\"https:\\\/\\\/citygame.com\\\/it\\\/#organization\"},\"alternateName\":\"citygame.com\",\"potentialAction\":[{\"@type\":\"SearchAction\",\"target\":{\"@type\":\"EntryPoint\",\"urlTemplate\":\"https:\\\/\\\/citygame.com\\\/it\\\/?s={search_term_string}\"},\"query-input\":{\"@type\":\"PropertyValueSpecification\",\"valueRequired\":true,\"valueName\":\"search_term_string\"}}],\"inLanguage\":\"it-IT\"},{\"@type\":\"Organization\",\"@id\":\"https:\\\/\\\/citygame.com\\\/it\\\/#organization\",\"name\":\"City Game\",\"alternateName\":\"citygame.com\",\"url\":\"https:\\\/\\\/citygame.com\\\/it\\\/\",\"logo\":{\"@type\":\"ImageObject\",\"inLanguage\":\"it-IT\",\"@id\":\"https:\\\/\\\/citygame.com\\\/it\\\/#\\\/schema\\\/logo\\\/image\\\/\",\"url\":\"https:\\\/\\\/citygame.com\\\/wp-content\\\/blogs.dir\\\/1\\\/files\\\/2025\\\/10\\\/CG_LOGO-City-Game.png\",\"contentUrl\":\"https:\\\/\\\/citygame.com\\\/wp-content\\\/blogs.dir\\\/1\\\/files\\\/2025\\\/10\\\/CG_LOGO-City-Game.png\",\"width\":351,\"height\":377,\"caption\":\"City Game\"},\"image\":{\"@id\":\"https:\\\/\\\/citygame.com\\\/it\\\/#\\\/schema\\\/logo\\\/image\\\/\"},\"sameAs\":[\"https:\\\/\\\/www.facebook.com\\\/profile.php?id=100086426226253\",\"https:\\\/\\\/www.instagram.com\\\/citygame_com\",\"https:\\\/\\\/www.tiktok.com\\\/@citygamecom\\\/\",\"https:\\\/\\\/www.linkedin.com\\\/company\\\/citygame-com\"],\"description\":\"Turn any city into a playground with our interactive City Games and self-guided tours. Fun, flexible, and ideal for groups and team building.\"}]}<\/script>\n<!-- \/ Yoast SEO Premium plugin. -->","yoast_head_json":{"title":"City Game Podgorica - City Game","robots":{"index":"index","follow":"follow","max-snippet":"max-snippet:-1","max-image-preview":"max-image-preview:large","max-video-preview":"max-video-preview:-1"},"canonical":"https:\/\/citygame.com\/it\/luoghi\/city-game-montenegro\/city-game-podgorica-2\/","og_locale":"it_IT","og_type":"article","og_title":"City Game Podgorica","og_url":"https:\/\/citygame.com\/it\/luoghi\/city-game-montenegro\/city-game-podgorica-2\/","og_site_name":"City Game","article_publisher":"https:\/\/www.facebook.com\/profile.php?id=100086426226253","og_image":[{"width":1376,"height":768,"url":"https:\/\/citygame.com\/wp-content\/blogs.dir\/1\/files\/2026\/02\/podgorica-millennium-bridge-moraca-river.jpg","type":"image\/jpeg"}],"twitter_card":"summary_large_image","schema":{"@context":"https:\/\/schema.org","@graph":[{"@type":"WebPage","@id":"https:\/\/citygame.com\/it\/luoghi\/city-game-montenegro\/city-game-podgorica-2\/","url":"https:\/\/citygame.com\/it\/luoghi\/city-game-montenegro\/city-game-podgorica-2\/","name":"City Game Podgorica - City Game","isPartOf":{"@id":"https:\/\/citygame.com\/it\/#website"},"primaryImageOfPage":{"@id":"https:\/\/citygame.com\/it\/luoghi\/city-game-montenegro\/city-game-podgorica-2\/#primaryimage"},"image":{"@id":"https:\/\/citygame.com\/it\/luoghi\/city-game-montenegro\/city-game-podgorica-2\/#primaryimage"},"thumbnailUrl":"https:\/\/citygame.com\/wp-content\/blogs.dir\/1\/files\/2026\/02\/podgorica-millennium-bridge-moraca-river.jpg","datePublished":"2026-04-23T14:04:09+00:00","breadcrumb":{"@id":"https:\/\/citygame.com\/it\/luoghi\/city-game-montenegro\/city-game-podgorica-2\/#breadcrumb"},"inLanguage":"it-IT","potentialAction":[{"@type":"ReadAction","target":["https:\/\/citygame.com\/it\/luoghi\/city-game-montenegro\/city-game-podgorica-2\/"]}]},{"@type":"ImageObject","inLanguage":"it-IT","@id":"https:\/\/citygame.com\/it\/luoghi\/city-game-montenegro\/city-game-podgorica-2\/#primaryimage","url":"https:\/\/citygame.com\/wp-content\/blogs.dir\/1\/files\/2026\/02\/podgorica-millennium-bridge-moraca-river.jpg","contentUrl":"https:\/\/citygame.com\/wp-content\/blogs.dir\/1\/files\/2026\/02\/podgorica-millennium-bridge-moraca-river.jpg","width":1376,"height":768,"caption":"The modern Millennium Bridge spans the Mora\u010da River in Podgorica, with mountains visible in the distance."},{"@type":"BreadcrumbList","@id":"https:\/\/citygame.com\/it\/luoghi\/city-game-montenegro\/city-game-podgorica-2\/#breadcrumb","itemListElement":[{"@type":"ListItem","position":1,"name":"Home","item":"https:\/\/citygame.com\/it\/"},{"@type":"ListItem","position":2,"name":"Luoghi","item":"https:\/\/citygame.com\/it\/luoghi\/"},{"@type":"ListItem","position":3,"name":"City Game Montenegro","item":"https:\/\/citygame.com\/it\/luoghi\/city-game-montenegro\/"},{"@type":"ListItem","position":4,"name":"City Game Podgorica"}]},{"@type":"WebSite","@id":"https:\/\/citygame.com\/it\/#website","url":"https:\/\/citygame.com\/it\/","name":"City Game","description":"","publisher":{"@id":"https:\/\/citygame.com\/it\/#organization"},"alternateName":"citygame.com","potentialAction":[{"@type":"SearchAction","target":{"@type":"EntryPoint","urlTemplate":"https:\/\/citygame.com\/it\/?s={search_term_string}"},"query-input":{"@type":"PropertyValueSpecification","valueRequired":true,"valueName":"search_term_string"}}],"inLanguage":"it-IT"},{"@type":"Organization","@id":"https:\/\/citygame.com\/it\/#organization","name":"City Game","alternateName":"citygame.com","url":"https:\/\/citygame.com\/it\/","logo":{"@type":"ImageObject","inLanguage":"it-IT","@id":"https:\/\/citygame.com\/it\/#\/schema\/logo\/image\/","url":"https:\/\/citygame.com\/wp-content\/blogs.dir\/1\/files\/2025\/10\/CG_LOGO-City-Game.png","contentUrl":"https:\/\/citygame.com\/wp-content\/blogs.dir\/1\/files\/2025\/10\/CG_LOGO-City-Game.png","width":351,"height":377,"caption":"City Game"},"image":{"@id":"https:\/\/citygame.com\/it\/#\/schema\/logo\/image\/"},"sameAs":["https:\/\/www.facebook.com\/profile.php?id=100086426226253","https:\/\/www.instagram.com\/citygame_com","https:\/\/www.tiktok.com\/@citygamecom\/","https:\/\/www.linkedin.com\/company\/citygame-com"],"description":"Turn any city into a playground with our interactive City Games and self-guided tours. Fun, flexible, and ideal for groups and team building."}]}},"taxonomy_info":{"cities-only-parent-location":[{"value":533,"label":"Montenegro"}],"cg_page_type":[{"value":45,"label":"City overview page"}]},"featured_image_src_large":["https:\/\/citygame.com\/wp-content\/blogs.dir\/1\/files\/2026\/02\/podgorica-millennium-bridge-moraca-river-1024x572.jpg",1024,572,true],"author_info":{"display_name":"Philip","author_link":"https:\/\/citygame.com\/it\/blog\/author\/sophi2\/"},"comment_info":0,"wpml_current_locale":"it_IT","wpml_translations":{"nl_NL":{"locale":"nl_NL","id":227456,"slug":"city-game-podgorica-2","post_title":"City Game Podgorica","href":"https:\/\/citygame.com\/nl\/locaties\/city-game-montenegro\/city-game-podgorica-2\/"},"en_US":{"locale":"en_US","id":12652,"slug":"city-game-podgorica","post_title":"City Game Podgorica","href":"https:\/\/citygame.com\/locations\/montenegro\/city-game-podgorica\/"},"fr_FR":{"locale":"fr_FR","id":227485,"slug":"city-game-podgorica-2","post_title":"City Game Podgorica","href":"https:\/\/citygame.com\/fr\/emplacements\/city-game-montenegro\/city-game-podgorica-2\/"},"de_DE":{"locale":"de_DE","id":227462,"slug":"city-game-podgorica-2","post_title":"City Game Podgorica","href":"https:\/\/citygame.com\/de\/standorte\/city-game-montenegro\/city-game-podgorica-2\/"},"it_IT":{"locale":"it_IT","translation":"current"},"es_ES":{"locale":"es_ES","id":227475,"slug":"city-game-podgorica-2","post_title":"City Game Podgorica","href":"https:\/\/citygame.com\/es\/localizaciones\/city-game-montenegro\/city-game-podgorica-2\/"}},"_links":{"self":[{"href":"https:\/\/citygame.com\/it\/wp-json\/wp\/v2\/pages\/227496","targetHints":{"allow":["GET"]}}],"collection":[{"href":"https:\/\/citygame.com\/it\/wp-json\/wp\/v2\/pages"}],"about":[{"href":"https:\/\/citygame.com\/it\/wp-json\/wp\/v2\/types\/page"}],"author":[{"embeddable":true,"href":"https:\/\/citygame.com\/it\/wp-json\/wp\/v2\/users\/78"}],"replies":[{"embeddable":true,"href":"https:\/\/citygame.com\/it\/wp-json\/wp\/v2\/comments?post=227496"}],"version-history":[{"count":0,"href":"https:\/\/citygame.com\/it\/wp-json\/wp\/v2\/pages\/227496\/revisions"}],"up":[{"embeddable":true,"href":"https:\/\/citygame.com\/it\/wp-json\/wp\/v2\/pages\/226454"}],"acf:term":[{"embeddable":true,"taxonomy":"cities-only-parent-location","href":"https:\/\/citygame.com\/it\/wp-json\/wp\/v2\/cities-only-parent-location\/533"},{"embeddable":true,"taxonomy":"location","href":"https:\/\/citygame.com\/it\/wp-json\/wp\/v2\/location\/324"}],"wp:featuredmedia":[{"embeddable":true,"href":"https:\/\/citygame.com\/it\/wp-json\/wp\/v2\/media\/12641"}],"wp:attachment":[{"href":"https:\/\/citygame.com\/it\/wp-json\/wp\/v2\/media?parent=227496"}],"wp:term":[{"taxonomy":"cities-only-parent-location","embeddable":true,"href":"https:\/\/citygame.com\/it\/wp-json\/wp\/v2\/cities-only-parent-location?post=227496"},{"taxonomy":"countries-only-parent-locations","embeddable":true,"href":"https:\/\/citygame.com\/it\/wp-json\/wp\/v2\/countries-only-parent-locations?post=227496"},{"taxonomy":"seo_keyword","embeddable":true,"href":"https:\/\/citygame.com\/it\/wp-json\/wp\/v2\/seo_keyword?post=227496"},{"taxonomy":"cg_page_type","embeddable":true,"href":"https:\/\/citygame.com\/it\/wp-json\/wp\/v2\/cg_page_type?post=227496"}],"curies":[{"name":"wp","href":"https:\/\/api.w.org\/{rel}","templated":true}]}}