{"id":227522,"date":"2026-04-23T14:11:09","date_gmt":"2026-04-23T14:11:09","guid":{"rendered":"https:\/\/citygame.com\/locations\/city-game-corea-del-sud\/"},"modified":"2026-04-23T14:11:09","modified_gmt":"2026-04-23T14:11:09","slug":"city-game-corea-del-sud","status":"publish","type":"page","link":"https:\/\/citygame.com\/it\/luoghi\/city-game-corea-del-sud\/","title":{"rendered":"City Game Corea del Sud"},"content":{"rendered":"","protected":false},"excerpt":{"rendered":"","protected":false},"author":78,"featured_media":8137,"parent":225502,"menu_order":0,"comment_status":"closed","ping_status":"closed","template":"","meta":{"_acf_changed":false,"_yoast_wpseo_focuskw":"City Game Corea del Sud","_yoast_wpseo_metadesc":"","_kad_blocks_custom_css":"","_kad_blocks_head_custom_js":"","_kad_blocks_body_custom_js":"","_kad_blocks_footer_custom_js":"","_kad_post_transparent":"","_kad_post_title":"","_kad_post_layout":"","_kad_post_sidebar_id":"","_kad_post_content_style":"","_kad_post_vertical_padding":"","_kad_post_feature":"","_kad_post_feature_position":"","_kad_post_header":false,"_kad_post_footer":false,"_kad_post_classname":"","footnotes":""},"cities-only-parent-location":[],"countries-only-parent-locations":[441],"seo_keyword":[],"cg_page_type":[44],"class_list":["post-227522","page","type-page","status-publish","has-post-thumbnail","hentry","countries-only-parent-locations-asia","cg_page_type-country-overview-page"],"acf":{"country_name":"Corea del Sud","intro_text":"Gioca a City Games interattivi in Corea del Sud e scopri le citt\u00e0 in modo divertente e coinvolgente. Risolvi enigmi, completa sfide ed esplora punti salienti insieme a gemme nascoste. Tutti City Games sono autoguidati e giocabili sul tuo smartphone, quando vuoi.","intro_image":8142,"how_city_games_work_image":8144,"who_are_city_games_for_image":8148,"exploring_country_text":"Le citt\u00e0 della Corea del Sud bilanciano uno sviluppo denso con una pianificazione strutturata, producendo spazi urbani che sembrano sia vivaci sia navigabili. Le grandi citt\u00e0 spesso hanno layout ben organizzati con distretti definiti, trasporto pubblico efficiente e strade chiaramente segnalate che rendono l'esplorazione semplice. Camminare per queste citt\u00e0 offre continui cambi di scenari, da vicoli tranquilli a viali energetici.rnrnLa vita cittadina in Corea del Sud \u00e8 dinamica ma ordinata, modellata da una forte cultura di impegno pubblico e comodit\u00e0. Le strade sono comunemente piene di caff\u00e8, negozi e servizi di quartiere, mentre i marciapiedi e i sistemi di trasporto supportano spostamenti senza ostacoli sia nelle grandi metropoli sia nei centri urbani pi\u00f9 piccoli. Il ritmo della vita quotidiana varia a seconda dell'area, offrendo tutto, dai centri vivaci alle tranquille zone residenziali.rnrnIl carattere urbano differisce notevolmente nel paese. Seul offre un paesaggio cittadino rapido e stratificato, mentre citt\u00e0 come Busan o Jeonju presentano atmosfere contrastanti modellate dalla geografia e dalle tradizioni locali. Nonostante queste differenze, le citt\u00e0 della Corea del Sud condividono un senso di ritmo e accessibilit\u00e0 che definisce l'esperienza di muoversi tra esse.","exploring_country_image":8151,"faq_answer_1":"City Games sono disponibili in diverse citt\u00e0 della Corea del Sud, offrendo una gamma di location sia in grandi centri urbani sia in citt\u00e0 pi\u00f9 piccole. Opzioni popolari includono citt\u00e0 note come Seoul, cos\u00ec come destinazioni meno ovvie.rnrnLa selezione permette un'esperienza varia in tutto il paese, e la disponibilit\u00e0 non \u00e8 limitata a queste localit\u00e0.","select_country":493,"intro_h2_city_games_in_country":"City Games in Corea del Sud","intro_usp_1":"1,5-2 ore di gioco","intro_usp_2":"Distanza a piedi di 3-4 km","intro_usp_3":"Inizia, metti in pausa e riprendi quando vuoi","intro_usp_4":"1-4 o 2-5 persone per smartphone, a seconda del tuo gioco","intro_usp_5":"Gioca in autonomia","intro_usp_6":"Richiede connessione Internet","intro_text_2":"Scegli la tua citt\u00e0 e inizia a giocare oggi!","intro_cta":"Verifica tutte le sedi","section_2_h2_choose_your_city_in_country":"Scegli la tua citt\u00e0 in Corea del Sud","section_2_text_1":"City Games sono disponibili nelle citt\u00e0 della Corea del Sud. Scegli una citt\u00e0 qui sotto per vedere quali City Games puoi giocare l\u00ec.n","section_3_h2_all_city_game_locations_in_country":"Tutte le sedi di City Game in Corea del Sud","section_4_h2_how_city_games_work_in_country":"Come funzionano City Games in Corea del Sud","section_4_text_1":"City Games in Corea del Sud sono esperienze completamente autoguidate che ti permettono di esplorare una citt\u00e0 al tuo ritmo.","section_4_text_2":"Semplicemente scegli la tua citt\u00e0 e il gioco, segui le istruzioni sul tuo smartphone e inizia a giocare quando ti \u00e8 comodo.","section_4_usp_1":"Gioca in squadre di amici, familiari o colleghi","section_4_usp_2":"Inizia quando vuoi, nessuna guida o personale necessario","section_4_usp_3":"Usa il tuo smartphone o tablet","section_4_usp_4":"Cammina per la citt\u00e0 risolvendo enigmi e sfide","section_4_usp_5":"Scopri curiosit\u00e0 su storia, cultura e monumenti","section_4_usp_6":"Disponibile in pi\u00f9 lingue","section_4_cta":"Scegli la tua citt\u00e0","section_4_step_1":"Prenota il tuo City Game","section_4_step_1_title":"Prenota il tuo City Game","section_4_step_1_text":"Scegli la tua citt\u00e0 e il gioco e ricevi tutto immediatamente dopo la prenotazione.","section_4_step_2":"Passo 2","section_4_step_2_title":"Controlla le istruzioni","section_4_step_2_text":"Apri l'email delle istruzioni con il punto di partenza e come iniziare a giocare.","section_4_step_3":"Passo 3","section_4_step_3_title":"Vai al punto di partenza","section_4_step_3_text":"Dirigiti al punto di partenza quando vuoi, senza orario fisso.","section_4_step_4":"<strong>4. Completa la tua missione<\/strong>","section_4_step_4_title":"Fase 4","section_4_step_4_text":"Segui gli indizi, risolvi enigmi ed esplora la citt\u00e0 al tuo ritmo!","section_5_h2_city_game_concepts_in_country":"Concetti di City Game in Corea del Sud","section_5_secrets_title":"Secrets of Exploration Game","section_5_secrets_text":"Scopri le citt\u00e0 in modo divertente e interattivo con il Secrets of Exploration City Game. Risolvi enigmi, completa sfide creative e scopri sia punti salienti famosi sia luoghi nascosti. Lungo il percorso, imparerai fatti sorprendenti su storia, cultura e racconti locali mentre giochi al tuo ritmo.","section_5_syndicate_title":"The Syndicate City Escape Game","section_5_syndicate_text":"Fatti coinvolgere in un'emozionante avventura di fuga in citt\u00e0 con The Syndicate. Lavora insieme come una squadra per risolvere indovinelli, decifrare codici e recuperare formule rubate prima che scada il tempo. Questo City Game guidato dalla storia si concentra sul lavoro di squadra, la risoluzione di problemi e un gameplay coinvolgente in un contesto urbano.","section_5_sherlock_title":"Sherlock Holmes Murder Mystery","section_5_sherlock_text":"Risolvi un mistero di omicidio interattivo nel Sherlock Holmes City Game. Segui una trama avvincente, interroga i sospetti e raccogli indizi per scoprire la verit\u00e0 dietro un caso misterioso. La citt\u00e0 funge da sfondo atmosferico per la storia, permettendoti di concentrarti completamente su deduzione, logica e lavoro di squadra.","hours":"ore","concepts_cta":"Leggi di pi\u00f9 su questo gioco","section_5_text_2":"Ogni concetto \u00e8 disponibile in diverse citt\u00e0 della Corea del Sud","section_5_cta":"Esplora tutti i City Games","section_6_h2_who_are_city_games_in_country_for":"Per chi sono i City Games in Corea del Sud?","section_6_text":"I City Games in Corea del Sud sono adatti a:","section_6_usp_1":"Giocatori in solitaria o piccoli gruppi in cerca di un'avventura flessibile","section_6_usp_2":"turisti che esplorano le citt\u00e0 della Corea del Sud","section_6_usp_3":"Amici e famiglie in cerca di un'attivit\u00e0 divertente","section_6_usp_4":"Aziende e team che pianificano un evento di teambuilding","section_6_usp_5":"Scegli la tua citt\u00e0","section_6_cta":"Scegli la tua citt\u00e0","section_7_h2_exploring_country":"Esplorare la Corea del Sud","section_8_h2_hosted_games":"I tuoi City Games preferiti, ospitati professionalmente dal nostro team","section_8_text":"Goditi gli stessi City Games della versione autoguidata, ma con supporto completo on-site dai nostri host professionisti. Ci occupiamo di briefing, tablet, coordinamento e supporto tecnico, in modo che il tuo gruppo possa concentrarsi interamente sul divertimento e sulla competizione.","section_8_text_2":"Fidati da team in tutto il mondo, da piccoli gruppi a grandi eventi aziendali.","section_8_usp_1_title":"Stesso City Game, completamente ospitato","section_8_usp_1_text":"Gioca la stessa esperienza della nostra versione autoguidata, ora guidata dai nostri host.","section_8_usp_2_title":"Classifica in tempo reale e cerimonia dei premi","section_8_usp_2_text":"Per gruppi di grandi dimensioni, i nostri host rivelano i punteggi finali e annunciano la squadra vincente con un momento di premiazione divertente.","section_8_usp_3_title":"Avvio e fine ospitati","section_8_usp_3_text":"Le citt\u00e0 della Corea del Sud offrono uno sviluppo denso e una pianificazione strutturata, con spazi urbani vivaci e facilmente navigabili. Le metropoli hanno spesso layout ben organizzati con quartieri definiti, trasporto pubblico efficiente e strade chiaramente segnalate che rendono l'esplorazione agevole. La vita cittadina \u00e8 dinamica ma ordinata, plasmata da una forte cultura di coinvolgimento pubblico e comodit\u00e0. Le strade sono piene di caff\u00e8, negozi e servizi di quartiere, mentre marciapiedi e sistemi di trasporto consentono spostamenti senza soluzione di continuit\u00e0 tra grandi metropoli e centri urbani minori. Il ritmo della vita quotidiana varia a seconda della zona, offrendo tutto, dai quartieri centrali ad alta energia alle tranquille zone residenziali.rnrIl carattere urbano differisce notevolmente nel paese. Seul offre un paesaggio urbano rapido e stratificato, mentre citt\u00e0 come Busan o Jeonju presentano atmosfere contrastanti modellate dalla geografia e dalle tradizioni locali. Nonostante queste differenze, le citt\u00e0 della Corea del Sud condividono un senso di ritmo e accessibilit\u00e0 che definisce l'esperienza di muoversi tra di esse.","section_8_usp_4_title":"Supporto in tempo reale durante il gioco","section_8_usp_4_text":"Il nostro team assiste con dispositivi, problemi dell'app e coordinamento durante l'intera esperienza.","section_8_usp_5_title":"Tablet inclusi (opzionale)","section_8_usp_5_text":"Disponibili per gruppi che preferiscono usare i nostri dispositivi invece dei propri.","section_8_cta":"Pianifica l'evento di gruppo","section_9_h2_reviews":"Cosa ne pensano gli altri dei nostri City Games","section_9_cta_1":"Tutte le recensioni","section_9_cta_2":"Scrivi una recensione","section_10_h2_faq":"Hai domande? Abbiamo risposto!","section_10_text":"Dai un'occhiata alle nostre domande frequenti e scopri tutto ci\u00f2 che vuoi sapere. La tua domanda non \u00e8 tra queste? Contattaci pure.","section_10_cta_1":"Visualizza tutte le domande frequenti","section_10_cta_2":"Richiedi supporto","section_10_question_1":"In quali citt\u00e0 della Corea del Sud posso giocare a City Game?","section_10_question_2":"Ho bisogno di una guida per giocare a City Game?","section_10_answer_2":"No, tutti i City Games sono <strong>completamente autoguidati<\/strong>! Non hai bisogno di una guida o di personale per giocare. Dopo la prenotazione riceverai istruzioni chiare sul tuo smartphone, cos\u00ec potrai iniziare quando ti \u00e8 comodo!rnrnPer gruppi pi\u00f9 grandi o eventi aziendali, \u00e8 disponibile anche una versione completamente ospitata dei nostri City Games, inclusa guida in loco, tablet e supporto live.rnrnPianifichi un gruppo pi\u00f9 numeroso o un evento aziendale?","section_10_answer_2_cta":"Esplora l'esperienza City Game ospitata per gruppi","section_10_question_3":"Quanto tempo dura un City Game?","section_10_answer_3":"La maggior parte dei City Games dura <strong>circa 1,5-2 ore per essere completata<\/strong>. Questo include camminare per la citt\u00e0, risolvere enigmi e affrontare sfide lungo il percorso. Puoi giocare al tuo ritmo: non c'\u00e8 fretta e non c'\u00e8 un orario rigido.rnrnSentiti libero di fare pause, mettere in pausa il gioco per bere o pranzare, e riprendere quando vuoi. Questa flessibilit\u00e0 rende semplice combinare un City Game con visite turistiche o altre attivit\u00e0.","section_10_question_4":"I City Games sono disponibili in pi\u00f9 lingue?","section_10_answer_4":"S\u00ec, i City Games sono <strong>disponibili in pi\u00f9 lingue<\/strong>. La maggior parte dei giochi pu\u00f2 essere giocata in diverse lingue comunemente utilizzate, rendendoli adatti a visitatori internazionali e gruppi multilingue.rnrnLe lingue disponibili possono variare leggermente per gioco, ma la selezione della lingua \u00e8 sempre chiaramente mostrata prima di iniziare a giocare. Questo permette ad ogni squadra di scegliere la lingua che le si addice meglio, assicurando un'esperienza fluida e piacevole per tutti.","section_10_question_5":"Possiamo giocare con un grande gruppo?","section_10_answer_5":"S\u00ec, i City Games sono <strong>adatti sia per piccoli gruppi sia per team pi\u00f9 grandi<\/strong>. Grandi gruppi possono facilmente dividersi in squadre pi\u00f9 piccole e giocare al City Game contemporaneamente, usando pi\u00f9 smartphone. Ogni squadra gioca in modo indipendente, seguendo lo stesso concept e la stessa storia.rnrQuesta configurazione \u00e8 ideale per gruppi di amici, famiglie e aziende, e rende i City Games una scelta popolare per gite di gruppo, eventi e attivit\u00e0 di teambuilding.rnrPer gruppi pi\u00f9 numerosi o eventi aziendali, \u00e8 disponibile anche una versione completamente ospitata dei nostri City Games, inclusa guida in loco, tablet e supporto live.rnrPianifichi un gruppo pi\u00f9 numeroso o un evento aziendale?","section_10_answer_5_cta":"Esplora l'esperienza City Game ospitata per gruppi","section_10_question_6":"Quando possiamo iniziare a giocare a City Game?","section_10_answer_6":"Puoi iniziare a giocare <strong>quando ti \u00e8 pi\u00f9 comodo<\/strong>! I City Games non hanno un orario di inizio fisso, quindi sei libero di iniziare in un momento che si adatta al tuo programma.rnrDopo la prenotazione, ricevi istruzioni chiare via email, permettendoti di iniziare il gioco in modo indipendente senza prenotazioni o coordinamento con lo staff.rnrQuesto rende i City Games ideali da combinare con piani di viaggio, visite turistiche, pranzo o altre attivit\u00e0 durante la giornata.","section_11_h2_instagram":"Scopri di pi\u00f9 su Instagram","section_11_text":"Pronto per un'avventura indimenticabile in Corea del Sud","section_11_cta":"Seguici su Instagram","section_12_h2_page_ending":"Pronto per un'avventura indimenticabile in Corea del Sud","section_12_text":"Esplora le citt\u00e0 della Corea del Sud in modo unico e interattivo con i nostri City Games. Gioca oggi e crea ricordi duraturi!","section_12_cta":"Prenota ora il tuo City Game!"},"yoast_head":"<!-- This site is optimized with the Yoast SEO Premium plugin v26.2 (Yoast SEO v27.4) - https:\/\/yoast.com\/product\/yoast-seo-premium-wordpress\/ -->\n<title>City Game Corea del Sud - City Game<\/title>\n<meta name=\"robots\" content=\"index, follow, max-snippet:-1, max-image-preview:large, max-video-preview:-1\" \/>\n<link rel=\"canonical\" href=\"https:\/\/citygame.com\/it\/luoghi\/city-game-corea-del-sud\/\" \/>\n<meta property=\"og:locale\" content=\"it_IT\" \/>\n<meta property=\"og:type\" content=\"article\" \/>\n<meta property=\"og:title\" content=\"City Game Corea del Sud\" \/>\n<meta property=\"og:url\" content=\"https:\/\/citygame.com\/it\/luoghi\/city-game-corea-del-sud\/\" \/>\n<meta property=\"og:site_name\" content=\"City Game\" \/>\n<meta property=\"article:publisher\" content=\"https:\/\/www.facebook.com\/profile.php?id=100086426226253\" \/>\n<meta property=\"og:image\" content=\"https:\/\/citygame.com\/wp-content\/blogs.dir\/1\/files\/2026\/01\/south-korea-seoul-gyeongbokgung-palace-sunset.jpg\" \/>\n\t<meta property=\"og:image:width\" content=\"1376\" \/>\n\t<meta property=\"og:image:height\" content=\"768\" \/>\n\t<meta property=\"og:image:type\" content=\"image\/jpeg\" \/>\n<meta name=\"twitter:card\" content=\"summary_large_image\" \/>\n<script type=\"application\/ld+json\" class=\"yoast-schema-graph\">{\"@context\":\"https:\\\/\\\/schema.org\",\"@graph\":[{\"@type\":\"WebPage\",\"@id\":\"https:\\\/\\\/citygame.com\\\/it\\\/luoghi\\\/city-game-corea-del-sud\\\/\",\"url\":\"https:\\\/\\\/citygame.com\\\/it\\\/luoghi\\\/city-game-corea-del-sud\\\/\",\"name\":\"City Game Corea del Sud - City Game\",\"isPartOf\":{\"@id\":\"https:\\\/\\\/citygame.com\\\/it\\\/#website\"},\"primaryImageOfPage\":{\"@id\":\"https:\\\/\\\/citygame.com\\\/it\\\/luoghi\\\/city-game-corea-del-sud\\\/#primaryimage\"},\"image\":{\"@id\":\"https:\\\/\\\/citygame.com\\\/it\\\/luoghi\\\/city-game-corea-del-sud\\\/#primaryimage\"},\"thumbnailUrl\":\"https:\\\/\\\/citygame.com\\\/wp-content\\\/blogs.dir\\\/1\\\/files\\\/2026\\\/01\\\/south-korea-seoul-gyeongbokgung-palace-sunset.jpg\",\"datePublished\":\"2026-04-23T14:11:09+00:00\",\"breadcrumb\":{\"@id\":\"https:\\\/\\\/citygame.com\\\/it\\\/luoghi\\\/city-game-corea-del-sud\\\/#breadcrumb\"},\"inLanguage\":\"it-IT\",\"potentialAction\":[{\"@type\":\"ReadAction\",\"target\":[\"https:\\\/\\\/citygame.com\\\/it\\\/luoghi\\\/city-game-corea-del-sud\\\/\"]}]},{\"@type\":\"ImageObject\",\"inLanguage\":\"it-IT\",\"@id\":\"https:\\\/\\\/citygame.com\\\/it\\\/luoghi\\\/city-game-corea-del-sud\\\/#primaryimage\",\"url\":\"https:\\\/\\\/citygame.com\\\/wp-content\\\/blogs.dir\\\/1\\\/files\\\/2026\\\/01\\\/south-korea-seoul-gyeongbokgung-palace-sunset.jpg\",\"contentUrl\":\"https:\\\/\\\/citygame.com\\\/wp-content\\\/blogs.dir\\\/1\\\/files\\\/2026\\\/01\\\/south-korea-seoul-gyeongbokgung-palace-sunset.jpg\",\"width\":1376,\"height\":768,\"caption\":\"The historic Gyeongbokgung Palace contrasts with the modern skyline of Seoul, South Korea, during a colourful sunset.\"},{\"@type\":\"BreadcrumbList\",\"@id\":\"https:\\\/\\\/citygame.com\\\/it\\\/luoghi\\\/city-game-corea-del-sud\\\/#breadcrumb\",\"itemListElement\":[{\"@type\":\"ListItem\",\"position\":1,\"name\":\"Home\",\"item\":\"https:\\\/\\\/citygame.com\\\/it\\\/\"},{\"@type\":\"ListItem\",\"position\":2,\"name\":\"Luoghi\",\"item\":\"https:\\\/\\\/citygame.com\\\/it\\\/luoghi\\\/\"},{\"@type\":\"ListItem\",\"position\":3,\"name\":\"City Game Corea del Sud\"}]},{\"@type\":\"WebSite\",\"@id\":\"https:\\\/\\\/citygame.com\\\/it\\\/#website\",\"url\":\"https:\\\/\\\/citygame.com\\\/it\\\/\",\"name\":\"City Game\",\"description\":\"\",\"publisher\":{\"@id\":\"https:\\\/\\\/citygame.com\\\/it\\\/#organization\"},\"alternateName\":\"citygame.com\",\"potentialAction\":[{\"@type\":\"SearchAction\",\"target\":{\"@type\":\"EntryPoint\",\"urlTemplate\":\"https:\\\/\\\/citygame.com\\\/it\\\/?s={search_term_string}\"},\"query-input\":{\"@type\":\"PropertyValueSpecification\",\"valueRequired\":true,\"valueName\":\"search_term_string\"}}],\"inLanguage\":\"it-IT\"},{\"@type\":\"Organization\",\"@id\":\"https:\\\/\\\/citygame.com\\\/it\\\/#organization\",\"name\":\"City Game\",\"alternateName\":\"citygame.com\",\"url\":\"https:\\\/\\\/citygame.com\\\/it\\\/\",\"logo\":{\"@type\":\"ImageObject\",\"inLanguage\":\"it-IT\",\"@id\":\"https:\\\/\\\/citygame.com\\\/it\\\/#\\\/schema\\\/logo\\\/image\\\/\",\"url\":\"https:\\\/\\\/citygame.com\\\/wp-content\\\/blogs.dir\\\/1\\\/files\\\/2025\\\/10\\\/CG_LOGO-City-Game.png\",\"contentUrl\":\"https:\\\/\\\/citygame.com\\\/wp-content\\\/blogs.dir\\\/1\\\/files\\\/2025\\\/10\\\/CG_LOGO-City-Game.png\",\"width\":351,\"height\":377,\"caption\":\"City Game\"},\"image\":{\"@id\":\"https:\\\/\\\/citygame.com\\\/it\\\/#\\\/schema\\\/logo\\\/image\\\/\"},\"sameAs\":[\"https:\\\/\\\/www.facebook.com\\\/profile.php?id=100086426226253\",\"https:\\\/\\\/www.instagram.com\\\/citygame_com\",\"https:\\\/\\\/www.tiktok.com\\\/@citygamecom\\\/\",\"https:\\\/\\\/www.linkedin.com\\\/company\\\/citygame-com\"],\"description\":\"Turn any city into a playground with our interactive City Games and self-guided tours. Fun, flexible, and ideal for groups and team building.\"}]}<\/script>\n<!-- \/ Yoast SEO Premium plugin. -->","yoast_head_json":{"title":"City Game Corea del Sud - City Game","robots":{"index":"index","follow":"follow","max-snippet":"max-snippet:-1","max-image-preview":"max-image-preview:large","max-video-preview":"max-video-preview:-1"},"canonical":"https:\/\/citygame.com\/it\/luoghi\/city-game-corea-del-sud\/","og_locale":"it_IT","og_type":"article","og_title":"City Game Corea del Sud","og_url":"https:\/\/citygame.com\/it\/luoghi\/city-game-corea-del-sud\/","og_site_name":"City Game","article_publisher":"https:\/\/www.facebook.com\/profile.php?id=100086426226253","og_image":[{"width":1376,"height":768,"url":"https:\/\/citygame.com\/wp-content\/blogs.dir\/1\/files\/2026\/01\/south-korea-seoul-gyeongbokgung-palace-sunset.jpg","type":"image\/jpeg"}],"twitter_card":"summary_large_image","schema":{"@context":"https:\/\/schema.org","@graph":[{"@type":"WebPage","@id":"https:\/\/citygame.com\/it\/luoghi\/city-game-corea-del-sud\/","url":"https:\/\/citygame.com\/it\/luoghi\/city-game-corea-del-sud\/","name":"City Game Corea del Sud - City Game","isPartOf":{"@id":"https:\/\/citygame.com\/it\/#website"},"primaryImageOfPage":{"@id":"https:\/\/citygame.com\/it\/luoghi\/city-game-corea-del-sud\/#primaryimage"},"image":{"@id":"https:\/\/citygame.com\/it\/luoghi\/city-game-corea-del-sud\/#primaryimage"},"thumbnailUrl":"https:\/\/citygame.com\/wp-content\/blogs.dir\/1\/files\/2026\/01\/south-korea-seoul-gyeongbokgung-palace-sunset.jpg","datePublished":"2026-04-23T14:11:09+00:00","breadcrumb":{"@id":"https:\/\/citygame.com\/it\/luoghi\/city-game-corea-del-sud\/#breadcrumb"},"inLanguage":"it-IT","potentialAction":[{"@type":"ReadAction","target":["https:\/\/citygame.com\/it\/luoghi\/city-game-corea-del-sud\/"]}]},{"@type":"ImageObject","inLanguage":"it-IT","@id":"https:\/\/citygame.com\/it\/luoghi\/city-game-corea-del-sud\/#primaryimage","url":"https:\/\/citygame.com\/wp-content\/blogs.dir\/1\/files\/2026\/01\/south-korea-seoul-gyeongbokgung-palace-sunset.jpg","contentUrl":"https:\/\/citygame.com\/wp-content\/blogs.dir\/1\/files\/2026\/01\/south-korea-seoul-gyeongbokgung-palace-sunset.jpg","width":1376,"height":768,"caption":"The historic Gyeongbokgung Palace contrasts with the modern skyline of Seoul, South Korea, during a colourful sunset."},{"@type":"BreadcrumbList","@id":"https:\/\/citygame.com\/it\/luoghi\/city-game-corea-del-sud\/#breadcrumb","itemListElement":[{"@type":"ListItem","position":1,"name":"Home","item":"https:\/\/citygame.com\/it\/"},{"@type":"ListItem","position":2,"name":"Luoghi","item":"https:\/\/citygame.com\/it\/luoghi\/"},{"@type":"ListItem","position":3,"name":"City Game Corea del Sud"}]},{"@type":"WebSite","@id":"https:\/\/citygame.com\/it\/#website","url":"https:\/\/citygame.com\/it\/","name":"City Game","description":"","publisher":{"@id":"https:\/\/citygame.com\/it\/#organization"},"alternateName":"citygame.com","potentialAction":[{"@type":"SearchAction","target":{"@type":"EntryPoint","urlTemplate":"https:\/\/citygame.com\/it\/?s={search_term_string}"},"query-input":{"@type":"PropertyValueSpecification","valueRequired":true,"valueName":"search_term_string"}}],"inLanguage":"it-IT"},{"@type":"Organization","@id":"https:\/\/citygame.com\/it\/#organization","name":"City Game","alternateName":"citygame.com","url":"https:\/\/citygame.com\/it\/","logo":{"@type":"ImageObject","inLanguage":"it-IT","@id":"https:\/\/citygame.com\/it\/#\/schema\/logo\/image\/","url":"https:\/\/citygame.com\/wp-content\/blogs.dir\/1\/files\/2025\/10\/CG_LOGO-City-Game.png","contentUrl":"https:\/\/citygame.com\/wp-content\/blogs.dir\/1\/files\/2025\/10\/CG_LOGO-City-Game.png","width":351,"height":377,"caption":"City Game"},"image":{"@id":"https:\/\/citygame.com\/it\/#\/schema\/logo\/image\/"},"sameAs":["https:\/\/www.facebook.com\/profile.php?id=100086426226253","https:\/\/www.instagram.com\/citygame_com","https:\/\/www.tiktok.com\/@citygamecom\/","https:\/\/www.linkedin.com\/company\/citygame-com"],"description":"Turn any city into a playground with our interactive City Games and self-guided tours. Fun, flexible, and ideal for groups and team building."}]}},"taxonomy_info":{"countries-only-parent-locations":[{"value":441,"label":"Asia"}],"cg_page_type":[{"value":44,"label":"Country overview page"}]},"featured_image_src_large":["https:\/\/citygame.com\/wp-content\/blogs.dir\/1\/files\/2026\/01\/south-korea-seoul-gyeongbokgung-palace-sunset-1024x572.jpg",1024,572,true],"author_info":{"display_name":"Philip","author_link":"https:\/\/citygame.com\/it\/blog\/author\/sophi2\/"},"comment_info":0,"wpml_current_locale":"it_IT","wpml_translations":{"nl_NL":{"locale":"nl_NL","id":226877,"slug":"city-game-zuid-korea","post_title":"City Game Zuid-Korea","href":"https:\/\/citygame.com\/nl\/locaties\/city-game-zuid-korea\/"},"en_US":{"locale":"en_US","id":8153,"slug":"south-korea","post_title":"City Game South Korea","href":"https:\/\/citygame.com\/locations\/south-korea\/"},"fr_FR":{"locale":"fr_FR","id":227511,"slug":"city-game-coree-du-sud","post_title":"City Game Cor\u00e9e du Sud","href":"https:\/\/citygame.com\/fr\/emplacements\/city-game-coree-du-sud\/"},"de_DE":{"locale":"de_DE","id":226888,"slug":"city-game-sudkorea","post_title":"City Game S\u00fcdkorea","href":"https:\/\/citygame.com\/de\/standorte\/city-game-sudkorea\/"},"it_IT":{"locale":"it_IT","translation":"current"},"es_ES":{"locale":"es_ES","id":227501,"slug":"city-game-corea-del-sur","post_title":"City Game Corea del Sur","href":"https:\/\/citygame.com\/es\/localizaciones\/city-game-corea-del-sur\/"}},"_links":{"self":[{"href":"https:\/\/citygame.com\/it\/wp-json\/wp\/v2\/pages\/227522","targetHints":{"allow":["GET"]}}],"collection":[{"href":"https:\/\/citygame.com\/it\/wp-json\/wp\/v2\/pages"}],"about":[{"href":"https:\/\/citygame.com\/it\/wp-json\/wp\/v2\/types\/page"}],"author":[{"embeddable":true,"href":"https:\/\/citygame.com\/it\/wp-json\/wp\/v2\/users\/78"}],"replies":[{"embeddable":true,"href":"https:\/\/citygame.com\/it\/wp-json\/wp\/v2\/comments?post=227522"}],"version-history":[{"count":0,"href":"https:\/\/citygame.com\/it\/wp-json\/wp\/v2\/pages\/227522\/revisions"}],"up":[{"embeddable":true,"href":"https:\/\/citygame.com\/it\/wp-json\/wp\/v2\/pages\/225502"}],"acf:term":[{"embeddable":true,"taxonomy":"cities-only-parent-location","href":"https:\/\/citygame.com\/it\/wp-json\/wp\/v2\/cities-only-parent-location\/493"}],"wp:featuredmedia":[{"embeddable":true,"href":"https:\/\/citygame.com\/it\/wp-json\/wp\/v2\/media\/8137"}],"wp:attachment":[{"href":"https:\/\/citygame.com\/it\/wp-json\/wp\/v2\/media?parent=227522"}],"wp:term":[{"taxonomy":"cities-only-parent-location","embeddable":true,"href":"https:\/\/citygame.com\/it\/wp-json\/wp\/v2\/cities-only-parent-location?post=227522"},{"taxonomy":"countries-only-parent-locations","embeddable":true,"href":"https:\/\/citygame.com\/it\/wp-json\/wp\/v2\/countries-only-parent-locations?post=227522"},{"taxonomy":"seo_keyword","embeddable":true,"href":"https:\/\/citygame.com\/it\/wp-json\/wp\/v2\/seo_keyword?post=227522"},{"taxonomy":"cg_page_type","embeddable":true,"href":"https:\/\/citygame.com\/it\/wp-json\/wp\/v2\/cg_page_type?post=227522"}],"curies":[{"name":"wp","href":"https:\/\/api.w.org\/{rel}","templated":true}]}}