{"id":227565,"date":"2026-04-23T14:38:31","date_gmt":"2026-04-23T14:38:31","guid":{"rendered":"https:\/\/citygame.com\/locations\/city-game-vietnam\/"},"modified":"2026-04-23T14:38:31","modified_gmt":"2026-04-23T14:38:31","slug":"city-game-vietnam","status":"publish","type":"page","link":"https:\/\/citygame.com\/it\/luoghi\/city-game-vietnam\/","title":{"rendered":"City Game Vietnam"},"content":{"rendered":"","protected":false},"excerpt":{"rendered":"","protected":false},"author":78,"featured_media":5281,"parent":225502,"menu_order":0,"comment_status":"closed","ping_status":"closed","template":"","meta":{"_acf_changed":false,"_yoast_wpseo_focuskw":"City Game Vietnam","_yoast_wpseo_metadesc":"","_kad_blocks_custom_css":"","_kad_blocks_head_custom_js":"","_kad_blocks_body_custom_js":"","_kad_blocks_footer_custom_js":"","_kad_post_transparent":"","_kad_post_title":"","_kad_post_layout":"","_kad_post_sidebar_id":"","_kad_post_content_style":"","_kad_post_vertical_padding":"","_kad_post_feature":"","_kad_post_feature_position":"","_kad_post_header":false,"_kad_post_footer":false,"_kad_post_classname":"","footnotes":""},"cities-only-parent-location":[],"countries-only-parent-locations":[441],"seo_keyword":[],"cg_page_type":[44],"class_list":["post-227565","page","type-page","status-publish","has-post-thumbnail","hentry","countries-only-parent-locations-asia","cg_page_type-country-overview-page"],"acf":{"country_name":"Vietnam","intro_text":"Gioca City Games interattivi in tutto il Vietnam e scopri le citt\u00e0 in modo divertente e coinvolgente. Risolvi enigmi, completa sfide e esplora le attrazioni insieme alle gemme nascoste. Tutti City Games sono autoguidati e giocabili sul tuo smartphone, quando vuoi.","intro_image":5284,"how_city_games_work_image":5288,"who_are_city_games_for_image":5296,"exploring_country_text":"Le citt\u00e0 del Vietnam offrono un'esperienza urbana stratificata e dinamica, plasmata da un mix di schemi tradizionali e rapida modernizzazione. Molti centri cittadini, soprattutto nei quartieri pi\u00f9 antichi, sono densamente costruiti e percorribili a piedi, dove vie strette e vicoli formano quartieri autosufficienti. Queste aree spesso mescolano la vita residenziale quotidiana con piccole imprese, venditori ambulanti e mercati locali.\n\nIl ritmo e la disposizione variano notevolmente tra le citt\u00e0. In luoghi come la Citt\u00e0 di Ho Chi Minh e Hanoi, il ritmo urbano \u00e8 veloce ma radicato in routine abitudinarie, con scooter che dominano il flusso mentre spazi pedonali sostengono gli spostamenti locali e l'attivit\u00e0 sociale. Citt\u00e0 di medie dimensioni e localit\u00e0 costiere tendono ad avere un'atmosfera pi\u00f9 calma, dove la vita di strada si svolge a un tempo pi\u00f9 lento e gli spazi pubblici diventano punti di ritrovo durante tutto il giorno.\n\nIl carattere urbano differisce tra regioni, plasmato dalla geografia, dalla storia e dal clima. Le citt\u00e0 del nord spesso riflettono una struttura pi\u00f9 compatta e stratificata, con stagioni pi\u00f9 fredde che influenzano il modo in cui le persone si muovono negli spazi pubblici. Le citt\u00e0 del sud appaiono pi\u00f9 expansive e informali nel loro layout, con una forte cultura di strada e architettura all'aperto che plasmano le routine quotidiane.","exploring_country_image":5306,"faq_answer_1":"City Games sono disponibili in diverse citt\u00e0 in tutto il Vietnam, offrendo opzioni sia nei principali centri urbani sia in citt\u00e0 pi\u00f9 piccole. Puoi vivere un City Game in luoghi come Hanoi, Ho Chi Minh City e Da Nang.\n\nLa disponibilit\u00e0 non \u00e8 limitata a queste localit\u00e0, con una variet\u00e0 di altre citt\u00e0 in tutto il paese che offrono anche City Games.","select_country":474,"intro_h2_city_games_in_country":"City Games in Vietnam","intro_usp_1":"1,5-2 ore di gioco","intro_usp_2":"3-4 km di camminata","intro_usp_3":"Inizia, metti in pausa e continua quando vuoi","intro_usp_4":"1-4 o 2-5 persone per smartphone, a seconda del tuo gioco","intro_usp_5":"Gioca in autonomia","intro_usp_6":"Connessione Internet richiesta","intro_text_2":"Scegli la tua citt\u00e0 e inizia a giocare oggi!","intro_cta":"Controlla tutte le localit\u00e0","section_2_h2_choose_your_city_in_country":"Scegli la tua citt\u00e0 in Vietnam","section_2_text_1":"City Games sono disponibili nelle citt\u00e0 in tutto il Vietnam. Scegli una citt\u00e0 qui sotto per vedere quali City Games puoi giocare l\u00ec.\n","section_3_h2_all_city_game_locations_in_country":"Tutte le localit\u00e0 di City Game in Vietnam","section_4_h2_how_city_games_work_in_country":"Come funzionano City Games in Vietnam","section_4_text_1":"City Games in Vietnam sono esperienze completamente autoguidate che ti permettono di esplorare una citt\u00e0 al tuo ritmo.","section_4_text_2":"Scegli semplicemente la tua citt\u00e0 e il gioco, segui le istruzioni sul tuo smartphone e inizia a giocare non appena ti \u00e8 comodo.","section_4_usp_1":"Gioca in squadre di amici, familiari o colleghi","section_4_usp_2":"Inizia quando vuoi, non serve una guida o personale","section_4_usp_3":"Usa il tuo smartphone o tablet","section_4_usp_4":"Cammina per la citt\u00e0 risolvendo enigmi e sfide","section_4_usp_5":"Impara curiosit\u00e0 sulla storia, cultura e monumenti","section_4_usp_6":"Disponibile in pi\u00f9 lingue","section_4_cta":"Scegli la tua citt\u00e0","section_4_step_1":"Prenota il tuo City Game","section_4_step_1_title":"Prenota il tuo City Game","section_4_step_1_text":"Scegli la tua citt\u00e0 e il tuo gioco e ricevi tutto immediatamente dopo la prenotazione.","section_4_step_2":"Step 2","section_4_step_2_title":"Controlla le istruzioni","section_4_step_2_text":"Apri l'email delle istruzioni con il punto di partenza e come iniziare a giocare.","section_4_step_3":"Step 3","section_4_step_3_title":"Vai alla posizione di partenza","section_4_step_3_text":"Raggiungi il punto di partenza quando vuoi, senza orari fissi.","section_4_step_4":"4.","section_4_step_4_title":"Step 4","section_4_step_4_text":"Segui gli indizi, risolvi enigmi ed esplora la citt\u00e0 al tuo ritmo!","section_5_h2_city_game_concepts_in_country":"City Game Concepts in Vietnam","section_5_secrets_title":"Secrets of Exploration City Game","section_5_secrets_text":"Scopri citt\u00e0 in modo divertente e interattivo con Secrets of Exploration City Game. Risolvi enigmi, completa sfide creative e scopri sia i punti salienti famosi sia luoghi nascosti. Lungo il percorso, imparerai fatti sorprendenti su storia, cultura e racconti locali mentre giochi al tuo ritmo.","section_5_syndicate_title":"The Syndicate City Escape Game","section_5_syndicate_text":"Entra in una emozionante avventura di fuga cittadina con The Syndicate. Lavorate insieme come una squadra per risolvere indovinelli, decifrare codici e recuperare formule rubate prima che il tempo scada. Questo City Game guidato dalla storia si concentra sul lavoro di squadra, sulla risoluzione dei problemi e su un gameplay coinvolgente in un contesto urbano.","section_5_sherlock_title":"Sherlock Holmes Murder Mystery","section_5_sherlock_text":"Risolvi un mistero di omicidio interattivo nel Sherlock Holmes City Game. Segui una trama avvincente, indaga sui sospetti e raccogli indizi per svelare la verit\u00e0 dietro un caso misterioso. La citt\u00e0 forma uno sfondo atmosferico per la storia, permettendoti di concentrarti pienamente su deduzione, logica e lavoro di squadra.","hours":"ore","concepts_cta":"Leggi di pi\u00f9 su questo gioco","section_5_text_2":"Ogni concetto \u00e8 disponibile in diverse citt\u00e0 del Vietnam","section_5_cta":"Esplora tutti i City Games","section_6_h2_who_are_city_games_in_country_for":"Per chi sono i City Games in Vietnam?","section_6_text":"I City Games in Vietnam sono adatti a:","section_6_usp_1":"Giocatori singoli o piccoli gruppi in cerca di un'avventura flessibile","section_6_usp_2":"Turisti che esplorano le citt\u00e0 del Vietnam","section_6_usp_3":"Amici e famiglie in cerca di un'attivit\u00e0 divertente","section_6_usp_4":"Aziende e team che pianificano un evento di team building","section_6_usp_5":"Scegli la tua citt\u00e0","section_6_cta":"Scegli la tua citt\u00e0","section_7_h2_exploring_country":"Esplorando il Vietnam","section_8_h2_hosted_games":"I tuoi City Games preferiti, ospitati professionalmente dal nostro team","section_8_text":"Goditi gli stessi City Games della versione autoguidata, ma con supporto in loco completo dai nostri presentatori professionisti. Ci occupiamo del briefing, dei tablet, della coordinazione e del supporto tecnico, in modo che il tuo gruppo possa concentrarsi interamente sul divertimento e sulla competizione.","section_8_text_2":"Affidato a team in tutto il mondo, dai piccoli gruppi ai grandi eventi aziendali.","section_8_usp_1_title":"Stesso City Game, completamente ospitato","section_8_usp_1_text":"Giochi la stessa esperienza esatta della nostra versione autoguidata, ora guidata dai nostri host.","section_8_usp_2_title":"Classifica in tempo reale & cerimonia di premiazione","section_8_usp_2_text":"Per gruppi pi\u00f9 grandi, i nostri host rivelano i punteggi finali e annunciano la squadra vincente con un momento di premio divertente.","section_8_usp_3_title":"Avvio e arrivo ospitati","section_8_usp_3_text":"Le citt\u00e0 del Vietnam offrono un'esperienza urbana stratificata e dinamica, plasmata da un mix di schemi tradizionali e rapida modernizzazione. Molti centri cittadini, soprattutto nei quartieri pi\u00f9 antichi, sono densamente costruiti e percorribili a piedi, dove vie strette e vicoli formano quartieri autosufficienti. Queste aree spesso mescolano la vita residenziale quotidiana con piccole imprese, venditori ambulanti e mercati locali.\n\nIl ritmo e la disposizione variano notevolmente tra le citt\u00e0. In luoghi come la Citt\u00e0 di Ho Chi Minh e Hanoi, il ritmo urbano \u00e8 veloce ma radicato in routine abitudinarie, con scooter che dominano il flusso mentre spazi pedonali sostengono gli spostamenti locali e l'attivit\u00e0 sociale. Citt\u00e0 di medie dimensioni e localit\u00e0 costiere tendono ad avere un atterraggio pi\u00f9 calmo, dove la vita di strada si svolge a un tempo pi\u00f9 lento e gli spazi pubblici diventano punti di ritrovo durante tutto il giorno.\n\nIl carattere urbano differisce tra regioni, plasmato dalla geografia, dalla storia e dal clima. Le citt\u00e0 del nord spesso riflettono una struttura pi\u00f9 compatta e stratificata, con stagioni pi\u00f9 fredde che influenzano il modo in cui le persone si muovono negli spazi pubblici. Le citt\u00e0 del sud appaiono pi\u00f9 expansive e informali nel loro layout, con una forte cultura di strada e architettura all'aperto che plasmano le routine quotidiane.","section_8_usp_4_title":"Supporto in tempo reale durante il gioco","section_8_usp_4_text":"Il nostro team aiuta con dispositivi, problemi dell'app e coordinazione durante l'intera esperienza.","section_8_usp_5_title":"Tablet inclusi (opzionali)","section_8_usp_5_text":"Disponibili per gruppi che preferiscono utilizzare i nostri dispositivi invece dei propri.","section_8_cta":"Pianifica il tuo evento di gruppo","section_9_h2_reviews":"Cosa pensano gli altri dei nostri City Games","section_9_cta_1":"Tutte le recensioni","section_9_cta_2":"Scrivi una recensione","section_10_h2_faq":"Hai domande? Abbiamo risposte!","section_10_text":" Dai un'occhiata alle nostre domande frequenti e scopri tutto quello che vuoi sapere. La tua domanda non \u00e8 tra queste? Sentiti libero di contattarci.","section_10_cta_1":"Visualizza tutte le domande frequenti","section_10_cta_2":"Richiedi supporto","section_10_question_1":"In quali citt\u00e0 del Vietnam posso giocare a City Game?","section_10_question_2":"Ho bisogno di una guida per giocare a un City Game?","section_10_answer_2":"No, tutti i City Games sono <strong>autoguidati completamente<\/strong>! Non serve una guida o un addetto per giocare. Dopo la prenotazione, riceverai istruzioni chiare sul tuo smartphone in modo da poter iniziare quando ti \u00e8 comodo!\r\n\r\nPer gruppi pi\u00f9 grandi o eventi aziendali, \u00e8 disponibile anche una versione completamente ospitata dei nostri City Games, inclusa guida sul posto, tablet e supporto live.\r\n\r\nPianificare un gruppo pi\u00f9 grande o un evento aziendale?","section_10_answer_2_cta":"Esplora l'esperienza City Game ospitata per gruppi","section_10_question_3":"Quanto tempo richiede un City Game?","section_10_answer_3":"La maggior parte dei City Games richiede circa 1,5-2 ore per essere completata. Questo include camminare per la citt\u00e0, risolvere enigmi e affrontare sfide lungo il percorso. Puoi giocare interamente al tuo ritmo: non c'\u00e8 pressione di tempo n\u00e9 un orario rigido.\r\n\r\nSentiti libero di fare pause, mettere in pausa il gioco per una bevanda o pranzo, e continuare quando vuoi. Questa flessibilit\u00e0 rende i City Games ideali da combinare con viaggi, visite turistiche o altre attivit\u00e0.","section_10_question_4":"I City Games sono disponibili in pi\u00f9 lingue?","section_10_answer_4":"S\u00ec, i City Games sono <strong>disponibili in pi\u00f9 lingue<\/strong>. La maggior parte dei giochi pu\u00f2 essere giocata in diverse lingue comunemente usate, rendendoli adatti a visitatori internazionali e gruppi multilingua.\r\n\r\nLe lingue disponibili possono variare leggermente da gioco a gioco, ma la selezione della lingua \u00e8 sempre chiaramente indicata prima di iniziare a giocare. Questo permette a ogni squadra di scegliere la lingua che le si addice meglio, garantendo un'esperienza fluida e piacevole per tutti.","section_10_question_5":"Possiamo giocare con un grande gruppo?","section_10_answer_5":"S\u00ec, i City Games sono <strong>adatti sia per piccoli gruppi sia per team numerosi<\/strong>. I grandi gruppi possono facilmente suddividersi in squadre pi\u00f9 piccole e giocare al City Game contemporaneamente, utilizzando pi\u00f9 smartphone. Ogni squadra gioca in modo indipendente, seguendo lo stesso concetto di gioco e la stessa trama.\r\n\r\nQuesto allestimento \u00e8 ideale per gruppi di amici, famiglie e aziende, e rende i City Games una scelta popolare per uscite di gruppo, eventi e attivit\u00e0 di team building.\r\n\r\nPer gruppi pi\u00f9 grandi o eventi aziendali, \u00e8 disponibile anche una versione completamente ospitata dei nostri City Games, inclusa guida sul posto, tablet e supporto in tempo reale.\r\n\r\nHai in programma un gruppo pi\u00f9 grande o un evento aziendale?","section_10_answer_5_cta":"Esplora l'esperienza City Game ospitata per gruppi","section_10_question_6":"Quando possiamo iniziare a giocare a City Game?","section_10_answer_6":"Puoi iniziare a giocare <strong>quando ti \u00e8 pi\u00f9 comodo<\/strong>! I City Games non hanno un orario di inizio fisso, quindi sei libero di iniziare in un momento che si adatti al tuo programma.\r\n\r\nDopo la prenotazione, ricevi istruzioni chiare tramite email, permettendoti di iniziare il gioco in modo indipendente senza necessit\u00e0 di prenotazioni o coordinamento con lo staff.\r\n\r\nQuesta flessibilit\u00e0 rende i City Games ideali da combinare con i piani di viaggio, le visite, il pranzo o altre attivit\u00e0 durante la giornata.","section_11_h2_instagram":"Scopri di pi\u00f9 su Instagram","section_11_text":"Pronto per un'avventura indimenticabile in Vietnam","section_11_cta":"Seguici su Instagram","section_12_h2_page_ending":"Pronto per un'avventura indimenticabile in Vietnam","section_12_text":"Esplora le citt\u00e0 del Vietnam in modo unico e interattivo con i nostri City Games. Gioca oggi e crea ricordi duraturi!","section_12_cta":"Prenota ora il tuo City Game!"},"yoast_head":"<!-- This site is optimized with the Yoast SEO Premium plugin v26.2 (Yoast SEO v27.4) - https:\/\/yoast.com\/product\/yoast-seo-premium-wordpress\/ -->\n<title>City Game Vietnam - City Game<\/title>\n<meta name=\"robots\" content=\"index, follow, max-snippet:-1, max-image-preview:large, max-video-preview:-1\" \/>\n<link rel=\"canonical\" href=\"https:\/\/citygame.com\/it\/luoghi\/city-game-vietnam\/\" \/>\n<meta property=\"og:locale\" content=\"it_IT\" \/>\n<meta property=\"og:type\" content=\"article\" \/>\n<meta property=\"og:title\" content=\"City Game Vietnam\" \/>\n<meta property=\"og:url\" content=\"https:\/\/citygame.com\/it\/luoghi\/city-game-vietnam\/\" \/>\n<meta property=\"og:site_name\" content=\"City Game\" \/>\n<meta property=\"article:publisher\" content=\"https:\/\/www.facebook.com\/profile.php?id=100086426226253\" \/>\n<meta property=\"og:image\" content=\"https:\/\/citygame.com\/wp-content\/blogs.dir\/1\/files\/2026\/01\/vietnam-ha-long-bay-junk-boats.jpg\" \/>\n\t<meta property=\"og:image:width\" content=\"1376\" \/>\n\t<meta property=\"og:image:height\" content=\"768\" \/>\n\t<meta property=\"og:image:type\" content=\"image\/jpeg\" \/>\n<meta name=\"twitter:card\" content=\"summary_large_image\" \/>\n<script type=\"application\/ld+json\" class=\"yoast-schema-graph\">{\"@context\":\"https:\\\/\\\/schema.org\",\"@graph\":[{\"@type\":\"WebPage\",\"@id\":\"https:\\\/\\\/citygame.com\\\/it\\\/luoghi\\\/city-game-vietnam\\\/\",\"url\":\"https:\\\/\\\/citygame.com\\\/it\\\/luoghi\\\/city-game-vietnam\\\/\",\"name\":\"City Game Vietnam - City Game\",\"isPartOf\":{\"@id\":\"https:\\\/\\\/citygame.com\\\/it\\\/#website\"},\"primaryImageOfPage\":{\"@id\":\"https:\\\/\\\/citygame.com\\\/it\\\/luoghi\\\/city-game-vietnam\\\/#primaryimage\"},\"image\":{\"@id\":\"https:\\\/\\\/citygame.com\\\/it\\\/luoghi\\\/city-game-vietnam\\\/#primaryimage\"},\"thumbnailUrl\":\"https:\\\/\\\/citygame.com\\\/wp-content\\\/blogs.dir\\\/1\\\/files\\\/2026\\\/01\\\/vietnam-ha-long-bay-junk-boats.jpg\",\"datePublished\":\"2026-04-23T14:38:31+00:00\",\"breadcrumb\":{\"@id\":\"https:\\\/\\\/citygame.com\\\/it\\\/luoghi\\\/city-game-vietnam\\\/#breadcrumb\"},\"inLanguage\":\"it-IT\",\"potentialAction\":[{\"@type\":\"ReadAction\",\"target\":[\"https:\\\/\\\/citygame.com\\\/it\\\/luoghi\\\/city-game-vietnam\\\/\"]}]},{\"@type\":\"ImageObject\",\"inLanguage\":\"it-IT\",\"@id\":\"https:\\\/\\\/citygame.com\\\/it\\\/luoghi\\\/city-game-vietnam\\\/#primaryimage\",\"url\":\"https:\\\/\\\/citygame.com\\\/wp-content\\\/blogs.dir\\\/1\\\/files\\\/2026\\\/01\\\/vietnam-ha-long-bay-junk-boats.jpg\",\"contentUrl\":\"https:\\\/\\\/citygame.com\\\/wp-content\\\/blogs.dir\\\/1\\\/files\\\/2026\\\/01\\\/vietnam-ha-long-bay-junk-boats.jpg\",\"width\":1376,\"height\":768,\"caption\":\"Traditional junk boats sail through the emerald waters of Ha Long Bay during a golden sunset.\"},{\"@type\":\"BreadcrumbList\",\"@id\":\"https:\\\/\\\/citygame.com\\\/it\\\/luoghi\\\/city-game-vietnam\\\/#breadcrumb\",\"itemListElement\":[{\"@type\":\"ListItem\",\"position\":1,\"name\":\"Home\",\"item\":\"https:\\\/\\\/citygame.com\\\/it\\\/\"},{\"@type\":\"ListItem\",\"position\":2,\"name\":\"Luoghi\",\"item\":\"https:\\\/\\\/citygame.com\\\/it\\\/luoghi\\\/\"},{\"@type\":\"ListItem\",\"position\":3,\"name\":\"City Game Vietnam\"}]},{\"@type\":\"WebSite\",\"@id\":\"https:\\\/\\\/citygame.com\\\/it\\\/#website\",\"url\":\"https:\\\/\\\/citygame.com\\\/it\\\/\",\"name\":\"City Game\",\"description\":\"\",\"publisher\":{\"@id\":\"https:\\\/\\\/citygame.com\\\/it\\\/#organization\"},\"alternateName\":\"citygame.com\",\"potentialAction\":[{\"@type\":\"SearchAction\",\"target\":{\"@type\":\"EntryPoint\",\"urlTemplate\":\"https:\\\/\\\/citygame.com\\\/it\\\/?s={search_term_string}\"},\"query-input\":{\"@type\":\"PropertyValueSpecification\",\"valueRequired\":true,\"valueName\":\"search_term_string\"}}],\"inLanguage\":\"it-IT\"},{\"@type\":\"Organization\",\"@id\":\"https:\\\/\\\/citygame.com\\\/it\\\/#organization\",\"name\":\"City Game\",\"alternateName\":\"citygame.com\",\"url\":\"https:\\\/\\\/citygame.com\\\/it\\\/\",\"logo\":{\"@type\":\"ImageObject\",\"inLanguage\":\"it-IT\",\"@id\":\"https:\\\/\\\/citygame.com\\\/it\\\/#\\\/schema\\\/logo\\\/image\\\/\",\"url\":\"https:\\\/\\\/citygame.com\\\/wp-content\\\/blogs.dir\\\/1\\\/files\\\/2025\\\/10\\\/CG_LOGO-City-Game.png\",\"contentUrl\":\"https:\\\/\\\/citygame.com\\\/wp-content\\\/blogs.dir\\\/1\\\/files\\\/2025\\\/10\\\/CG_LOGO-City-Game.png\",\"width\":351,\"height\":377,\"caption\":\"City Game\"},\"image\":{\"@id\":\"https:\\\/\\\/citygame.com\\\/it\\\/#\\\/schema\\\/logo\\\/image\\\/\"},\"sameAs\":[\"https:\\\/\\\/www.facebook.com\\\/profile.php?id=100086426226253\",\"https:\\\/\\\/www.instagram.com\\\/citygame_com\",\"https:\\\/\\\/www.tiktok.com\\\/@citygamecom\\\/\",\"https:\\\/\\\/www.linkedin.com\\\/company\\\/citygame-com\"],\"description\":\"Turn any city into a playground with our interactive City Games and self-guided tours. Fun, flexible, and ideal for groups and team building.\"}]}<\/script>\n<!-- \/ Yoast SEO Premium plugin. -->","yoast_head_json":{"title":"City Game Vietnam - City Game","robots":{"index":"index","follow":"follow","max-snippet":"max-snippet:-1","max-image-preview":"max-image-preview:large","max-video-preview":"max-video-preview:-1"},"canonical":"https:\/\/citygame.com\/it\/luoghi\/city-game-vietnam\/","og_locale":"it_IT","og_type":"article","og_title":"City Game Vietnam","og_url":"https:\/\/citygame.com\/it\/luoghi\/city-game-vietnam\/","og_site_name":"City Game","article_publisher":"https:\/\/www.facebook.com\/profile.php?id=100086426226253","og_image":[{"width":1376,"height":768,"url":"https:\/\/citygame.com\/wp-content\/blogs.dir\/1\/files\/2026\/01\/vietnam-ha-long-bay-junk-boats.jpg","type":"image\/jpeg"}],"twitter_card":"summary_large_image","schema":{"@context":"https:\/\/schema.org","@graph":[{"@type":"WebPage","@id":"https:\/\/citygame.com\/it\/luoghi\/city-game-vietnam\/","url":"https:\/\/citygame.com\/it\/luoghi\/city-game-vietnam\/","name":"City Game Vietnam - City Game","isPartOf":{"@id":"https:\/\/citygame.com\/it\/#website"},"primaryImageOfPage":{"@id":"https:\/\/citygame.com\/it\/luoghi\/city-game-vietnam\/#primaryimage"},"image":{"@id":"https:\/\/citygame.com\/it\/luoghi\/city-game-vietnam\/#primaryimage"},"thumbnailUrl":"https:\/\/citygame.com\/wp-content\/blogs.dir\/1\/files\/2026\/01\/vietnam-ha-long-bay-junk-boats.jpg","datePublished":"2026-04-23T14:38:31+00:00","breadcrumb":{"@id":"https:\/\/citygame.com\/it\/luoghi\/city-game-vietnam\/#breadcrumb"},"inLanguage":"it-IT","potentialAction":[{"@type":"ReadAction","target":["https:\/\/citygame.com\/it\/luoghi\/city-game-vietnam\/"]}]},{"@type":"ImageObject","inLanguage":"it-IT","@id":"https:\/\/citygame.com\/it\/luoghi\/city-game-vietnam\/#primaryimage","url":"https:\/\/citygame.com\/wp-content\/blogs.dir\/1\/files\/2026\/01\/vietnam-ha-long-bay-junk-boats.jpg","contentUrl":"https:\/\/citygame.com\/wp-content\/blogs.dir\/1\/files\/2026\/01\/vietnam-ha-long-bay-junk-boats.jpg","width":1376,"height":768,"caption":"Traditional junk boats sail through the emerald waters of Ha Long Bay during a golden sunset."},{"@type":"BreadcrumbList","@id":"https:\/\/citygame.com\/it\/luoghi\/city-game-vietnam\/#breadcrumb","itemListElement":[{"@type":"ListItem","position":1,"name":"Home","item":"https:\/\/citygame.com\/it\/"},{"@type":"ListItem","position":2,"name":"Luoghi","item":"https:\/\/citygame.com\/it\/luoghi\/"},{"@type":"ListItem","position":3,"name":"City Game Vietnam"}]},{"@type":"WebSite","@id":"https:\/\/citygame.com\/it\/#website","url":"https:\/\/citygame.com\/it\/","name":"City Game","description":"","publisher":{"@id":"https:\/\/citygame.com\/it\/#organization"},"alternateName":"citygame.com","potentialAction":[{"@type":"SearchAction","target":{"@type":"EntryPoint","urlTemplate":"https:\/\/citygame.com\/it\/?s={search_term_string}"},"query-input":{"@type":"PropertyValueSpecification","valueRequired":true,"valueName":"search_term_string"}}],"inLanguage":"it-IT"},{"@type":"Organization","@id":"https:\/\/citygame.com\/it\/#organization","name":"City Game","alternateName":"citygame.com","url":"https:\/\/citygame.com\/it\/","logo":{"@type":"ImageObject","inLanguage":"it-IT","@id":"https:\/\/citygame.com\/it\/#\/schema\/logo\/image\/","url":"https:\/\/citygame.com\/wp-content\/blogs.dir\/1\/files\/2025\/10\/CG_LOGO-City-Game.png","contentUrl":"https:\/\/citygame.com\/wp-content\/blogs.dir\/1\/files\/2025\/10\/CG_LOGO-City-Game.png","width":351,"height":377,"caption":"City Game"},"image":{"@id":"https:\/\/citygame.com\/it\/#\/schema\/logo\/image\/"},"sameAs":["https:\/\/www.facebook.com\/profile.php?id=100086426226253","https:\/\/www.instagram.com\/citygame_com","https:\/\/www.tiktok.com\/@citygamecom\/","https:\/\/www.linkedin.com\/company\/citygame-com"],"description":"Turn any city into a playground with our interactive City Games and self-guided tours. Fun, flexible, and ideal for groups and team building."}]}},"taxonomy_info":{"countries-only-parent-locations":[{"value":441,"label":"Asia"}],"cg_page_type":[{"value":44,"label":"Country overview page"}]},"featured_image_src_large":["https:\/\/citygame.com\/wp-content\/blogs.dir\/1\/files\/2026\/01\/vietnam-ha-long-bay-junk-boats-1024x572.jpg",1024,572,true],"author_info":{"display_name":"Philip","author_link":"https:\/\/citygame.com\/it\/blog\/author\/sophi2\/"},"comment_info":0,"wpml_current_locale":"it_IT","wpml_translations":{"nl_NL":{"locale":"nl_NL","id":227221,"slug":"city-game-vietnam","post_title":"City Game Vietnam","href":"https:\/\/citygame.com\/nl\/locaties\/city-game-vietnam\/"},"en_US":{"locale":"en_US","id":5307,"slug":"vietnam","post_title":"City Game Vietnam","href":"https:\/\/citygame.com\/locations\/vietnam\/"},"fr_FR":{"locale":"fr_FR","id":227558,"slug":"city-game-vietnam","post_title":"City Game Vietnam","href":"https:\/\/citygame.com\/fr\/emplacements\/city-game-vietnam\/"},"de_DE":{"locale":"de_DE","id":227225,"slug":"city-game-vietnam","post_title":"City Game Vietnam","href":"https:\/\/citygame.com\/de\/standorte\/city-game-vietnam\/"},"it_IT":{"locale":"it_IT","translation":"current"},"es_ES":{"locale":"es_ES","id":227228,"slug":"city-game-vietnam","post_title":"City Game Vietnam","href":"https:\/\/citygame.com\/es\/localizaciones\/city-game-vietnam\/"}},"_links":{"self":[{"href":"https:\/\/citygame.com\/it\/wp-json\/wp\/v2\/pages\/227565","targetHints":{"allow":["GET"]}}],"collection":[{"href":"https:\/\/citygame.com\/it\/wp-json\/wp\/v2\/pages"}],"about":[{"href":"https:\/\/citygame.com\/it\/wp-json\/wp\/v2\/types\/page"}],"author":[{"embeddable":true,"href":"https:\/\/citygame.com\/it\/wp-json\/wp\/v2\/users\/78"}],"replies":[{"embeddable":true,"href":"https:\/\/citygame.com\/it\/wp-json\/wp\/v2\/comments?post=227565"}],"version-history":[{"count":0,"href":"https:\/\/citygame.com\/it\/wp-json\/wp\/v2\/pages\/227565\/revisions"}],"up":[{"embeddable":true,"href":"https:\/\/citygame.com\/it\/wp-json\/wp\/v2\/pages\/225502"}],"acf:term":[{"embeddable":true,"taxonomy":"cities-only-parent-location","href":"https:\/\/citygame.com\/it\/wp-json\/wp\/v2\/cities-only-parent-location\/474"}],"wp:featuredmedia":[{"embeddable":true,"href":"https:\/\/citygame.com\/it\/wp-json\/wp\/v2\/media\/5281"}],"wp:attachment":[{"href":"https:\/\/citygame.com\/it\/wp-json\/wp\/v2\/media?parent=227565"}],"wp:term":[{"taxonomy":"cities-only-parent-location","embeddable":true,"href":"https:\/\/citygame.com\/it\/wp-json\/wp\/v2\/cities-only-parent-location?post=227565"},{"taxonomy":"countries-only-parent-locations","embeddable":true,"href":"https:\/\/citygame.com\/it\/wp-json\/wp\/v2\/countries-only-parent-locations?post=227565"},{"taxonomy":"seo_keyword","embeddable":true,"href":"https:\/\/citygame.com\/it\/wp-json\/wp\/v2\/seo_keyword?post=227565"},{"taxonomy":"cg_page_type","embeddable":true,"href":"https:\/\/citygame.com\/it\/wp-json\/wp\/v2\/cg_page_type?post=227565"}],"curies":[{"name":"wp","href":"https:\/\/api.w.org\/{rel}","templated":true}]}}