{"id":227621,"date":"2026-04-23T14:53:55","date_gmt":"2026-04-23T14:53:55","guid":{"rendered":"https:\/\/citygame.com\/locations\/morocco\/city-game-tangier-2\/"},"modified":"2026-04-23T14:53:55","modified_gmt":"2026-04-23T14:53:55","slug":"city-game-tangier-2","status":"publish","type":"page","link":"https:\/\/citygame.com\/it\/luoghi\/city-game-marocco\/city-game-tangier-2\/","title":{"rendered":"City Game Tangier"},"content":{"rendered":"","protected":false},"excerpt":{"rendered":"","protected":false},"author":78,"featured_media":12535,"parent":226493,"menu_order":0,"comment_status":"closed","ping_status":"closed","template":"","meta":{"_acf_changed":false,"_yoast_wpseo_focuskw":"City Game Tangier","_yoast_wpseo_metadesc":"","_kad_blocks_custom_css":"","_kad_blocks_head_custom_js":"","_kad_blocks_body_custom_js":"","_kad_blocks_footer_custom_js":"","_kad_post_transparent":"","_kad_post_title":"","_kad_post_layout":"","_kad_post_sidebar_id":"","_kad_post_content_style":"","_kad_post_vertical_padding":"","_kad_post_feature":"","_kad_post_feature_position":"","_kad_post_header":false,"_kad_post_footer":false,"_kad_post_classname":"","footnotes":""},"cities-only-parent-location":[507],"countries-only-parent-locations":[],"seo_keyword":[],"cg_page_type":[45],"class_list":["post-227621","page","type-page","status-publish","has-post-thumbnail","hentry","cities-only-parent-location-morocco","cg_page_type-city-overview-page"],"acf":{"city_name":"Tangier","select_city":532,"section_1_h2_city_games_in_city":"City Games in Tangier","intro_text":"City Games sono ora disponibili a Tangier, Marocco. Queste esperienze autoguidate combinano gameplay interattivo con enigmi e sfide, permettendoti di esplorare la citt\u00e0 al tuo ritmo. Giocate interamente sul tuo smartphone, ogni gioco ti permette di navigare Tangier tramite compiti coinvolgenti progettati per una scoperta indipendente.","section_1_usp_1":"Inizia, metti in pausa e continua quando vuoi","section_1_usp_2":"Gioca in autonomia","section_1_usp_3":"1-4 o 2-5 persone per smartphone, a seconda del tuo gioco","section_1_usp_4":"1,5-2 ore di gioco","section_1_usp_5":"Distanza a piedi di 3-4 km","section_1_usp_6":"\u00c8 richiesta una connessione Internet","section_1_text_2":"Scegli il tuo City Game e inizia a giocare oggi!","section_1_cta":"Controlla tutti i City Games","intro_image":12536,"section_2_h2_all_city_games_in_city":"Tutti i City Games a Tangier","section_3_h2_how_city_games_work_in_city":"Come funzionano i City Games a Tangier","section_3_text":"City Games a Tangier sono esperienze completamente autoguidate che ti permettono di esplorare la citt\u00e0 al tuo ritmo. Usando il tuo smartphone, attraverserai il centro della citt\u00e0 risolvendo enigmi, affrontando sfide e seguendo la trama del gioco scelto.rnrnDecidi tu quando iniziare, dove fare pause e quanto velocemente giocare. Non \u00e8 richiesta alcuna guida, orario o prenotazione.","section_3_usp_1":"Gioca in squadre di amici, familiari o colleghi","section_3_usp_2":"Inizia quando vuoi, non serve una guida o personale","section_3_usp_3":"Usa il tuo smartphone o tablet","section_3_usp_4":"Cammina per la citt\u00e0 risolvendo enigmi e sfide","section_3_usp_5":"Scopri curiosit\u00e0 su storia, cultura e luoghi","section_3_usp_6":"Disponibile in pi\u00f9 lingue","section_3_cta":"Scegli il tuo City Game","section_3_step_1":"Passo 1","section_3_step_1_title":"Prenota il tuo City Game","section_3_step_1_text":"Scegli la tua citt\u00e0 e il tuo gioco e ricevi tutto all\u2019istante dopo la prenotazione.","section_3_step_2":"Passo 2","section_3_step_2_title":"Controlla le istruzioni","section_3_step_2_text":"Apri l'email di conferma con il punto di partenza e come iniziare a giocare.","section_3_step_3":"Passo 3","section_3_step_3_title":"Vai al punto di partenza","section_3_step_3_text":"Raggiungi il punto di partenza quando vuoi, senza orario fissato.","section_3_step_4":"Passo 4","section_3_step_4_title":"Inizia a giocare","section_3_step_4_text":"Segui gli indizi, risolvi enigmi ed esplora la citt\u00e0 al tuo ritmo!","how_city_games_work_image":12537,"section_4_h2_who_are_city_games_in_city_for":"Per chi sono pensati City Games a Tangier?","section_4_text":"City Games a Tangier sono pensati per chiunque voglia vivere la citt\u00e0 in modo interattivo e flessibile. Che tu stia visitando Tangier per la prima volta o gi\u00e0 conosca bene la citt\u00e0, City Games offrono un'attivit\u00e0 divertente che si adatta facilmente alla tua giornata.","section_4_text_2":"City Games a Tangier sono adatti a:","section_4_usp_1":"Giocatori singoli o piccoli gruppi in cerca di un'avventura flessibile","section_4_usp_2":"Turisti alla scoperta di Tangier","section_4_usp_3":"Amici e famiglie in cerca di un'attivit\u00e0 divertente","section_4_usp_4":"Aziende e team che pianificano un evento di teambuilding","section_4_usp_5":"Residenti che vogliono riscoprire la loro citt\u00e0","section_4_cta":"Scegli il tuo City Game","who_are_city_games_for_image":12538,"section_5_h2_exploring_city":"Esplorare Tangier","exploring_city_text":"Esplorare Tangier si sviluppa a strati, dai vicoletti della medina alle passeggiate lungo la Baia di Tangier. Il disegno delle colline della citt\u00e0 offre prospettive mutevoli, soprattutto dalla Kasbah, dove le strade strette si aprono su ampie viste sullo Stretto di Gibilterra. La storia \u00e8 presente a ogni curva, con edifici imbiancati e portali ornati che riflettono secoli di scambi culturali.rnrnIl Grand Socco \u2014 una vivace piazza che collega la parte vecchia a quella nuova della citt\u00e0 \u2014 funge da vivace punto di incontro per locali e viaggiatori. Sotto, l'Avenue Mohammed VI corre parallela al mare, collegando il porto agli sviluppi moderni mentre offre scorci di pescherecci e lidi lontani. Il mix di apertura atlantica e intimit\u00e0 della medina crea un ritmo costiero distintamente condizionato che invita a una scoperta lenta.","exploring_city_image":12539,"section_6_h2_hosted_game":"Il tuo City Games preferito, ospitato professionalmente dal nostro team","section_6_text":"Goditi gli stessi City Games della versione autoguidata, ma con supporto completo sul posto da parte dei nostri host professionisti. Ci occupiamo del briefing, dei tablet, del coordinamento e del supporto tecnico, cos\u00ec il tuo gruppo pu\u00f2 concentrarsi interamente sul divertimento e sulla competizione.","section_6_text_2":"Ci\u00f2 che \u00e8 incluso:","section_6_usp_1_title":"Stesso City Game, completamente ospitato","section_6_usp_1_text":"Vivi la stessa esperienza della nostra versione autoguidata, ora guidata dai nostri host.","section_6_usp_2_title":"Classifica in tempo reale & cerimonia di premiazione","section_6_usp_2_text":"Per gruppi pi\u00f9 numerosi, i nostri host rivelano i punteggi finali e annunciano la squadra vincente con un momento di premio divertente.","section_6_usp_3_title":"Inizio & fine ospitati","section_6_usp_3_text":"Accogliamo il tuo gruppo, spieghiamo chiaramente il gioco e concludiamo con un finale entusiasmante.","section_6_usp_4_title":"Supporto in tempo reale durante il gioco","section_6_usp_4_text":"Il nostro team assiste con dispositivi, problemi dell'app e coordinazione durante l'esperienza.","section_6_usp_5_title":"Tablet inclusi (opzionali)","section_6_usp_5_text":"Disponibile per gruppi che preferiscono utilizzare i nostri dispositivi invece dei propri.","section_6_text_3":"Fidato da team di tutto il mondo, da piccoli gruppi a grandi eventi corporate.","section_6_cta":"Pianifica il tuo evento di gruppo","section_7_h2_reviews":"Cosa pensano gli altri dei nostri City Games","section_7_cta_1":"Tutte le recensioni","section_7_cta_2":"Scrivi una recensione","section_8_h2_faq":"Hai domande? Abbiamo risposte!","section_8_text":"Consulta le nostre domande frequenti e scopri tutto ci\u00f2 che vuoi sapere. La tua domanda non \u00e8 tra queste? Non esitare a contattarci.","section_8_cta_1":"Visualizza tutte le domande frequenti","section_8_cta_2":"Ottieni supporto","section_8_question_1":"Cosa sono i City Games a Tangier?","section_8_answer_1":"I City Games a Tangier sono <strong>esperienze interattive e autoguidate<\/strong> che ti permettono di esplorare la citt\u00e0 mentre giochi!rnrnUsando il tuo smartphone, risolvi enigmi, completi sfide e segui la trama del City Game scelto mentre percorri la citt\u00e0.rnrnI City Games uniscono lavoro di squadra, risoluzione dei problemi e esplorazione all'aperto, rendendoli un'attivit\u00e0 divertente per visitatori, residenti e gruppi.","section_8_question_2":"Hai bisogno di una guida per giocare a un City Game a Tangier?","section_8_answer_2":"<p class=\"kt-adv-heading2034_2420ea-ca wp-block-kadence-advancedheading\" data-kb-block=\"kb-adv-heading2034_2420ea-ca\">No, City Games a Tangier sono <strong>completamente autoguidate<\/strong>. Non serve una guida, un host o personale sul posto per giocare. Tutte le istruzioni e il gameplay sono forniti digitalmente, permettendoti di iniziare e giocare in autonomia usando il tuo smartphone.<\/p>rnQuesta flessibilit\u00e0 rende i City Games facili da inserire nel tuo programma.rn<p class=\"kt-adv-heading2034_cd3db2-33 wp-block-kadence-advancedheading hls-none\" data-kb-block=\"kb-adv-heading2034_cd3db2-33\">Per gruppi pi\u00f9 grandi o eventi aziendali, \u00e8 disponibile anche una versione completamente ospitata dei nostri City Games, inclusa guida sul posto, tablet e supporto in tempo reale.<\/p>rnPianificare un gruppo pi\u00f9 grande o un evento aziendale?<\/span>","section_8_answer_2_cta":"Esplora l'esperienza City Game ospitata per gruppi","section_8_question_3":"Quando possiamo iniziare a giocare a un City Game a Tangier?","section_8_answer_3":"Puoi iniziare a giocare <strong>quando vuoi<\/strong>! I City Games a Tangier non hanno orari di inizio fissi, quindi puoi iniziare nel momento che si adatta ai tuoi piani.rnrnDopo la prenotazione, ricevi istruzioni chiare che spiegano come e quando puoi iniziare il tuo City Game!","section_8_question_4":"Quanto tempo richiede un City Game a Tangier?","section_8_answer_4":"Le City Games a Tangier richiedono <strong>circa 1,5-2 ore<\/strong> per essere completate! La durata esatta dipende dal tuo ritmo, da quante pause fai e da quanto rapidamente risolvi enigmi e sfide.rnrnPuoi giocare al tuo ritmo e mettere in pausa il gioco ogni volta che vuoi!","section_8_question_5":"Possiamo giocare a un City Game a Tangier con un grande gruppo?","section_8_answer_5":"<p class=\"kt-adv-heading2034_97743b-76 wp-block-kadence-advancedheading\" data-kb-block=\"kb-adv-heading2034_97743b-76\">S\u00ec, City Games sono adatti sia a <strong>piccoli gruppi sia a team pi\u00f9 grandi<\/strong>. Grandi gruppi possono facilmente dividersi in squadre pi\u00f9 piccole e giocare al City Game contemporaneamente, usando pi\u00f9 smartphone. Ogni squadra gioca in modo indipendente, seguendo lo stesso concetto di gioco e la stessa trama.<\/p>rnQuesto allestimento funziona bene per gruppi di amici, famiglie e aziende, e rende i City Games una scelta popolare per uscite di squadra, eventi e attivit\u00e0 di teambuilding.rn<p class=\"kt-adv-heading2034_7442e3-e3 wp-block-kadence-advancedheading hls-none\" data-kb-block=\"kb-adv-heading2034_7442e3-e3\">Per gruppi pi\u00f9 grandi o eventi aziendali, \u00e8 disponibile anche una versione completamente ospitata dei nostri City Games, che include guida sul posto, tablet e supporto in tempo reale.<\/p>rnPianificare un gruppo pi\u00f9 grande o un evento aziendale?<\/span>","section_8_answer_5_cta":"Esplora l'esperienza City Game ospitata per gruppi","section_8_question_6":"I City Games a Tangier sono adatti sia ai turisti che ai residenti?","section_8_answer_6":"S\u00ec, i City Games a Tangier sono adatti sia a <strong>turisti che a residenti<\/strong>. I visitatori possono esperire la citt\u00e0 in modo interattivo, mentre i residenti possono godere delle strade familiari come scenario per un City Game.rnrnPoich\u00e9 ogni City Game si concentra sul gameplay e sulla narrazione, l'esperienza risulta fresca indipendentemente da quanto conosciate gi\u00e0 la citt\u00e0.","section_8_question_7":"I City Games a Tangier sono disponibili in pi\u00f9 lingue?","section_8_answer_7":"S\u00ec, i City Games a Tangier sono <strong>disponibili in pi\u00f9 lingue<\/strong>. Puoi selezionare la lingua preferita prima o durante il gioco, rendendo i City Games accessibili per visitatori internazionali e gruppi multilingue.","section_8_question_8":"Di cosa abbiamo bisogno per giocare a un City Game a Tangier?","section_8_answer_8":"Per giocare a un City Game a Tangier, hai bisogno di:","section_8_answer_8_usp_1":"Uno smartphone con connessione Internet","section_8_answer_8_usp_2":"Una batteria carica","section_8_answer_8_usp_3":"Scarpe comode per camminare","section_8_answer_8_2":"Tutto il contenuto del gioco e le istruzioni sono forniti digitalmente dopo la prenotazione.","section_9_h2_instagram":"Vedi di pi\u00f9 su Instagram","section_9_text":"Ispirazione di viaggio, enigmi, gemme nascoste e momenti City Game, direttamente dalla nostra community","section_9_cta":"Seguici su Instagram","section_10_h2_page_ending":"Pronto per un'avventura indimenticabile a Tangier?","section_10_text":"Esplora Tangier in modo unico e interattivo con i nostri City Games. Gioca oggi e crea ricordi duraturi!","section_10_cta":"Prenota subito il tuo City Game","latitude":35.7889949,"longitude":-5.8130211,"country":507,"map_enabled":true},"yoast_head":"<!-- This site is optimized with the Yoast SEO Premium plugin v26.2 (Yoast SEO v27.4) - https:\/\/yoast.com\/product\/yoast-seo-premium-wordpress\/ -->\n<title>City Game Tangier - City Game<\/title>\n<meta name=\"robots\" content=\"index, follow, max-snippet:-1, max-image-preview:large, max-video-preview:-1\" \/>\n<link rel=\"canonical\" href=\"https:\/\/citygame.com\/it\/luoghi\/city-game-marocco\/city-game-tangier-2\/\" \/>\n<meta property=\"og:locale\" content=\"it_IT\" \/>\n<meta property=\"og:type\" content=\"article\" \/>\n<meta property=\"og:title\" content=\"City Game Tangier\" \/>\n<meta property=\"og:url\" content=\"https:\/\/citygame.com\/it\/luoghi\/city-game-marocco\/city-game-tangier-2\/\" \/>\n<meta property=\"og:site_name\" content=\"City Game\" \/>\n<meta property=\"article:publisher\" content=\"https:\/\/www.facebook.com\/profile.php?id=100086426226253\" \/>\n<meta property=\"og:image\" content=\"https:\/\/citygame.com\/wp-content\/blogs.dir\/1\/files\/2026\/02\/tanger-kasbah-overlooking-the-port.jpg\" \/>\n\t<meta property=\"og:image:width\" content=\"1376\" \/>\n\t<meta property=\"og:image:height\" content=\"768\" \/>\n\t<meta property=\"og:image:type\" content=\"image\/jpeg\" \/>\n<meta name=\"twitter:card\" content=\"summary_large_image\" \/>\n<script type=\"application\/ld+json\" class=\"yoast-schema-graph\">{\"@context\":\"https:\\\/\\\/schema.org\",\"@graph\":[{\"@type\":\"WebPage\",\"@id\":\"https:\\\/\\\/citygame.com\\\/it\\\/luoghi\\\/city-game-marocco\\\/city-game-tangier-2\\\/\",\"url\":\"https:\\\/\\\/citygame.com\\\/it\\\/luoghi\\\/city-game-marocco\\\/city-game-tangier-2\\\/\",\"name\":\"City Game Tangier - City Game\",\"isPartOf\":{\"@id\":\"https:\\\/\\\/citygame.com\\\/it\\\/#website\"},\"primaryImageOfPage\":{\"@id\":\"https:\\\/\\\/citygame.com\\\/it\\\/luoghi\\\/city-game-marocco\\\/city-game-tangier-2\\\/#primaryimage\"},\"image\":{\"@id\":\"https:\\\/\\\/citygame.com\\\/it\\\/luoghi\\\/city-game-marocco\\\/city-game-tangier-2\\\/#primaryimage\"},\"thumbnailUrl\":\"https:\\\/\\\/citygame.com\\\/wp-content\\\/blogs.dir\\\/1\\\/files\\\/2026\\\/02\\\/tanger-kasbah-overlooking-the-port.jpg\",\"datePublished\":\"2026-04-23T14:53:55+00:00\",\"breadcrumb\":{\"@id\":\"https:\\\/\\\/citygame.com\\\/it\\\/luoghi\\\/city-game-marocco\\\/city-game-tangier-2\\\/#breadcrumb\"},\"inLanguage\":\"it-IT\",\"potentialAction\":[{\"@type\":\"ReadAction\",\"target\":[\"https:\\\/\\\/citygame.com\\\/it\\\/luoghi\\\/city-game-marocco\\\/city-game-tangier-2\\\/\"]}]},{\"@type\":\"ImageObject\",\"inLanguage\":\"it-IT\",\"@id\":\"https:\\\/\\\/citygame.com\\\/it\\\/luoghi\\\/city-game-marocco\\\/city-game-tangier-2\\\/#primaryimage\",\"url\":\"https:\\\/\\\/citygame.com\\\/wp-content\\\/blogs.dir\\\/1\\\/files\\\/2026\\\/02\\\/tanger-kasbah-overlooking-the-port.jpg\",\"contentUrl\":\"https:\\\/\\\/citygame.com\\\/wp-content\\\/blogs.dir\\\/1\\\/files\\\/2026\\\/02\\\/tanger-kasbah-overlooking-the-port.jpg\",\"width\":1376,\"height\":768,\"caption\":\"A scenic viewpoint offers a stunning panorama of Tanger's historic Kasbah and bustling seaport at sunset.\"},{\"@type\":\"BreadcrumbList\",\"@id\":\"https:\\\/\\\/citygame.com\\\/it\\\/luoghi\\\/city-game-marocco\\\/city-game-tangier-2\\\/#breadcrumb\",\"itemListElement\":[{\"@type\":\"ListItem\",\"position\":1,\"name\":\"Home\",\"item\":\"https:\\\/\\\/citygame.com\\\/it\\\/\"},{\"@type\":\"ListItem\",\"position\":2,\"name\":\"Luoghi\",\"item\":\"https:\\\/\\\/citygame.com\\\/it\\\/luoghi\\\/\"},{\"@type\":\"ListItem\",\"position\":3,\"name\":\"City Game Marocco\",\"item\":\"https:\\\/\\\/citygame.com\\\/it\\\/luoghi\\\/city-game-marocco\\\/\"},{\"@type\":\"ListItem\",\"position\":4,\"name\":\"City Game Tangier\"}]},{\"@type\":\"WebSite\",\"@id\":\"https:\\\/\\\/citygame.com\\\/it\\\/#website\",\"url\":\"https:\\\/\\\/citygame.com\\\/it\\\/\",\"name\":\"City Game\",\"description\":\"\",\"publisher\":{\"@id\":\"https:\\\/\\\/citygame.com\\\/it\\\/#organization\"},\"alternateName\":\"citygame.com\",\"potentialAction\":[{\"@type\":\"SearchAction\",\"target\":{\"@type\":\"EntryPoint\",\"urlTemplate\":\"https:\\\/\\\/citygame.com\\\/it\\\/?s={search_term_string}\"},\"query-input\":{\"@type\":\"PropertyValueSpecification\",\"valueRequired\":true,\"valueName\":\"search_term_string\"}}],\"inLanguage\":\"it-IT\"},{\"@type\":\"Organization\",\"@id\":\"https:\\\/\\\/citygame.com\\\/it\\\/#organization\",\"name\":\"City Game\",\"alternateName\":\"citygame.com\",\"url\":\"https:\\\/\\\/citygame.com\\\/it\\\/\",\"logo\":{\"@type\":\"ImageObject\",\"inLanguage\":\"it-IT\",\"@id\":\"https:\\\/\\\/citygame.com\\\/it\\\/#\\\/schema\\\/logo\\\/image\\\/\",\"url\":\"https:\\\/\\\/citygame.com\\\/wp-content\\\/blogs.dir\\\/1\\\/files\\\/2025\\\/10\\\/CG_LOGO-City-Game.png\",\"contentUrl\":\"https:\\\/\\\/citygame.com\\\/wp-content\\\/blogs.dir\\\/1\\\/files\\\/2025\\\/10\\\/CG_LOGO-City-Game.png\",\"width\":351,\"height\":377,\"caption\":\"City Game\"},\"image\":{\"@id\":\"https:\\\/\\\/citygame.com\\\/it\\\/#\\\/schema\\\/logo\\\/image\\\/\"},\"sameAs\":[\"https:\\\/\\\/www.facebook.com\\\/profile.php?id=100086426226253\",\"https:\\\/\\\/www.instagram.com\\\/citygame_com\",\"https:\\\/\\\/www.tiktok.com\\\/@citygamecom\\\/\",\"https:\\\/\\\/www.linkedin.com\\\/company\\\/citygame-com\"],\"description\":\"Turn any city into a playground with our interactive City Games and self-guided tours. Fun, flexible, and ideal for groups and team building.\"}]}<\/script>\n<!-- \/ Yoast SEO Premium plugin. -->","yoast_head_json":{"title":"City Game Tangier - City Game","robots":{"index":"index","follow":"follow","max-snippet":"max-snippet:-1","max-image-preview":"max-image-preview:large","max-video-preview":"max-video-preview:-1"},"canonical":"https:\/\/citygame.com\/it\/luoghi\/city-game-marocco\/city-game-tangier-2\/","og_locale":"it_IT","og_type":"article","og_title":"City Game Tangier","og_url":"https:\/\/citygame.com\/it\/luoghi\/city-game-marocco\/city-game-tangier-2\/","og_site_name":"City Game","article_publisher":"https:\/\/www.facebook.com\/profile.php?id=100086426226253","og_image":[{"width":1376,"height":768,"url":"https:\/\/citygame.com\/wp-content\/blogs.dir\/1\/files\/2026\/02\/tanger-kasbah-overlooking-the-port.jpg","type":"image\/jpeg"}],"twitter_card":"summary_large_image","schema":{"@context":"https:\/\/schema.org","@graph":[{"@type":"WebPage","@id":"https:\/\/citygame.com\/it\/luoghi\/city-game-marocco\/city-game-tangier-2\/","url":"https:\/\/citygame.com\/it\/luoghi\/city-game-marocco\/city-game-tangier-2\/","name":"City Game Tangier - City Game","isPartOf":{"@id":"https:\/\/citygame.com\/it\/#website"},"primaryImageOfPage":{"@id":"https:\/\/citygame.com\/it\/luoghi\/city-game-marocco\/city-game-tangier-2\/#primaryimage"},"image":{"@id":"https:\/\/citygame.com\/it\/luoghi\/city-game-marocco\/city-game-tangier-2\/#primaryimage"},"thumbnailUrl":"https:\/\/citygame.com\/wp-content\/blogs.dir\/1\/files\/2026\/02\/tanger-kasbah-overlooking-the-port.jpg","datePublished":"2026-04-23T14:53:55+00:00","breadcrumb":{"@id":"https:\/\/citygame.com\/it\/luoghi\/city-game-marocco\/city-game-tangier-2\/#breadcrumb"},"inLanguage":"it-IT","potentialAction":[{"@type":"ReadAction","target":["https:\/\/citygame.com\/it\/luoghi\/city-game-marocco\/city-game-tangier-2\/"]}]},{"@type":"ImageObject","inLanguage":"it-IT","@id":"https:\/\/citygame.com\/it\/luoghi\/city-game-marocco\/city-game-tangier-2\/#primaryimage","url":"https:\/\/citygame.com\/wp-content\/blogs.dir\/1\/files\/2026\/02\/tanger-kasbah-overlooking-the-port.jpg","contentUrl":"https:\/\/citygame.com\/wp-content\/blogs.dir\/1\/files\/2026\/02\/tanger-kasbah-overlooking-the-port.jpg","width":1376,"height":768,"caption":"A scenic viewpoint offers a stunning panorama of Tanger's historic Kasbah and bustling seaport at sunset."},{"@type":"BreadcrumbList","@id":"https:\/\/citygame.com\/it\/luoghi\/city-game-marocco\/city-game-tangier-2\/#breadcrumb","itemListElement":[{"@type":"ListItem","position":1,"name":"Home","item":"https:\/\/citygame.com\/it\/"},{"@type":"ListItem","position":2,"name":"Luoghi","item":"https:\/\/citygame.com\/it\/luoghi\/"},{"@type":"ListItem","position":3,"name":"City Game Marocco","item":"https:\/\/citygame.com\/it\/luoghi\/city-game-marocco\/"},{"@type":"ListItem","position":4,"name":"City Game Tangier"}]},{"@type":"WebSite","@id":"https:\/\/citygame.com\/it\/#website","url":"https:\/\/citygame.com\/it\/","name":"City Game","description":"","publisher":{"@id":"https:\/\/citygame.com\/it\/#organization"},"alternateName":"citygame.com","potentialAction":[{"@type":"SearchAction","target":{"@type":"EntryPoint","urlTemplate":"https:\/\/citygame.com\/it\/?s={search_term_string}"},"query-input":{"@type":"PropertyValueSpecification","valueRequired":true,"valueName":"search_term_string"}}],"inLanguage":"it-IT"},{"@type":"Organization","@id":"https:\/\/citygame.com\/it\/#organization","name":"City Game","alternateName":"citygame.com","url":"https:\/\/citygame.com\/it\/","logo":{"@type":"ImageObject","inLanguage":"it-IT","@id":"https:\/\/citygame.com\/it\/#\/schema\/logo\/image\/","url":"https:\/\/citygame.com\/wp-content\/blogs.dir\/1\/files\/2025\/10\/CG_LOGO-City-Game.png","contentUrl":"https:\/\/citygame.com\/wp-content\/blogs.dir\/1\/files\/2025\/10\/CG_LOGO-City-Game.png","width":351,"height":377,"caption":"City Game"},"image":{"@id":"https:\/\/citygame.com\/it\/#\/schema\/logo\/image\/"},"sameAs":["https:\/\/www.facebook.com\/profile.php?id=100086426226253","https:\/\/www.instagram.com\/citygame_com","https:\/\/www.tiktok.com\/@citygamecom\/","https:\/\/www.linkedin.com\/company\/citygame-com"],"description":"Turn any city into a playground with our interactive City Games and self-guided tours. Fun, flexible, and ideal for groups and team building."}]}},"taxonomy_info":{"cities-only-parent-location":[{"value":507,"label":"Morocco"}],"cg_page_type":[{"value":45,"label":"City overview page"}]},"featured_image_src_large":["https:\/\/citygame.com\/wp-content\/blogs.dir\/1\/files\/2026\/02\/tanger-kasbah-overlooking-the-port-1024x572.jpg",1024,572,true],"author_info":{"display_name":"Philip","author_link":"https:\/\/citygame.com\/it\/blog\/author\/sophi2\/"},"comment_info":0,"wpml_current_locale":"it_IT","wpml_translations":{"nl_NL":{"locale":"nl_NL","id":227591,"slug":"city-game-tangier-2","post_title":"City Game Tangier","href":"https:\/\/citygame.com\/nl\/locaties\/city-game-morocco\/city-game-tangier-2\/"},"en_US":{"locale":"en_US","id":12540,"slug":"city-game-tangier","post_title":"City Game Tangier","href":"https:\/\/citygame.com\/locations\/morocco\/city-game-tangier\/"},"fr_FR":{"locale":"fr_FR","id":227613,"slug":"city-game-tangier-2","post_title":"City Game Tangier","href":"https:\/\/citygame.com\/fr\/emplacements\/city-game-maroc\/city-game-tangier-2\/"},"de_DE":{"locale":"de_DE","id":227600,"slug":"city-game-tanger","post_title":"City Game Tanger","href":"https:\/\/citygame.com\/de\/standorte\/city-game-marokko\/city-game-tanger\/"},"it_IT":{"locale":"it_IT","translation":"current"},"es_ES":{"locale":"es_ES","id":227608,"slug":"city-game-tangier-2","post_title":"City Game Tangier","href":"https:\/\/citygame.com\/es\/localizaciones\/city-game-morocco\/city-game-tangier-2\/"}},"_links":{"self":[{"href":"https:\/\/citygame.com\/it\/wp-json\/wp\/v2\/pages\/227621","targetHints":{"allow":["GET"]}}],"collection":[{"href":"https:\/\/citygame.com\/it\/wp-json\/wp\/v2\/pages"}],"about":[{"href":"https:\/\/citygame.com\/it\/wp-json\/wp\/v2\/types\/page"}],"author":[{"embeddable":true,"href":"https:\/\/citygame.com\/it\/wp-json\/wp\/v2\/users\/78"}],"replies":[{"embeddable":true,"href":"https:\/\/citygame.com\/it\/wp-json\/wp\/v2\/comments?post=227621"}],"version-history":[{"count":0,"href":"https:\/\/citygame.com\/it\/wp-json\/wp\/v2\/pages\/227621\/revisions"}],"up":[{"embeddable":true,"href":"https:\/\/citygame.com\/it\/wp-json\/wp\/v2\/pages\/226493"}],"acf:term":[{"embeddable":true,"taxonomy":"cities-only-parent-location","href":"https:\/\/citygame.com\/it\/wp-json\/wp\/v2\/cities-only-parent-location\/507"},{"embeddable":true,"taxonomy":"location","href":"https:\/\/citygame.com\/it\/wp-json\/wp\/v2\/location\/532"}],"wp:featuredmedia":[{"embeddable":true,"href":"https:\/\/citygame.com\/it\/wp-json\/wp\/v2\/media\/12535"}],"wp:attachment":[{"href":"https:\/\/citygame.com\/it\/wp-json\/wp\/v2\/media?parent=227621"}],"wp:term":[{"taxonomy":"cities-only-parent-location","embeddable":true,"href":"https:\/\/citygame.com\/it\/wp-json\/wp\/v2\/cities-only-parent-location?post=227621"},{"taxonomy":"countries-only-parent-locations","embeddable":true,"href":"https:\/\/citygame.com\/it\/wp-json\/wp\/v2\/countries-only-parent-locations?post=227621"},{"taxonomy":"seo_keyword","embeddable":true,"href":"https:\/\/citygame.com\/it\/wp-json\/wp\/v2\/seo_keyword?post=227621"},{"taxonomy":"cg_page_type","embeddable":true,"href":"https:\/\/citygame.com\/it\/wp-json\/wp\/v2\/cg_page_type?post=227621"}],"curies":[{"name":"wp","href":"https:\/\/api.w.org\/{rel}","templated":true}]}}