{"id":227744,"date":"2026-04-23T15:31:35","date_gmt":"2026-04-23T15:31:35","guid":{"rendered":"https:\/\/citygame.com\/locations\/croatia\/city-game-pola\/"},"modified":"2026-04-23T15:31:35","modified_gmt":"2026-04-23T15:31:35","slug":"city-game-pola","status":"publish","type":"page","link":"https:\/\/citygame.com\/it\/luoghi\/city-game-croazia\/city-game-pola\/","title":{"rendered":"City Game Pola"},"content":{"rendered":"","protected":false},"excerpt":{"rendered":"","protected":false},"author":78,"featured_media":12428,"parent":227580,"menu_order":0,"comment_status":"closed","ping_status":"closed","template":"","meta":{"_acf_changed":false,"_yoast_wpseo_focuskw":"City Game Pola","_yoast_wpseo_metadesc":"","_kad_blocks_custom_css":"","_kad_blocks_head_custom_js":"","_kad_blocks_body_custom_js":"","_kad_blocks_footer_custom_js":"","_kad_post_transparent":"","_kad_post_title":"","_kad_post_layout":"","_kad_post_sidebar_id":"","_kad_post_content_style":"","_kad_post_vertical_padding":"","_kad_post_feature":"","_kad_post_feature_position":"","_kad_post_header":false,"_kad_post_footer":false,"_kad_post_classname":"","footnotes":""},"cities-only-parent-location":[491],"countries-only-parent-locations":[],"seo_keyword":[],"cg_page_type":[45],"class_list":["post-227744","page","type-page","status-publish","has-post-thumbnail","hentry","cities-only-parent-location-croatia","cg_page_type-city-overview-page"],"acf":{"city_name":"Pola","select_city":336,"section_1_h2_city_games_in_city":"City Games in Pola","intro_text":"City Games sono disponibili a Pola, Croazia. Queste esperienze autoguidate combinano gameplay interattivo con enigmi e sfide, tutte giocate sul tuo smartphone. Mentre ti muovi attraverso le diverse zone della citt\u00e0, esplori al tuo ritmo interagendo con i compiti e gli obiettivi del gioco.","section_1_usp_1":"Inizia, metti in pausa e riprendi ogni volta che vuoi","section_1_usp_2":"Gioca in autonomia","section_1_usp_3":"1-4 o 2-5 persone per smartphone, a seconda del gioco","section_1_usp_4":"1,5-2 ore di tempo di gioco","section_1_usp_5":"Distanza a piedi di 3-4 km","section_1_usp_6":"\u00c8 richiesta una connessione Internet","section_1_text_2":"Scegli il tuo City Game e inizia a giocare oggi!","section_1_cta":"Controlla tutti i City Games","intro_image":12429,"section_2_h2_all_city_games_in_city":"Tutti i City Games a Pola","section_3_h2_how_city_games_work_in_city":"Come funzionano City Games a Pola","section_3_text":"City Games a Pola sono esperienze completamente autoguidate che ti permettono di esplorare la citt\u00e0 al tuo ritmo. Utilizzando il tuo smartphone, attraverserai il centro della citt\u00e0 risolvendo enigmi, completando sfide e seguendo la trama del City Game scelto.\r\n\r\nDecidi tu quando iniziare, dove fare una pausa e quanto velocemente giocare. Non \u00e8 richiesta n\u00e9 una guida, n\u00e9 un programma o una prenotazione.","section_3_usp_1":"gioca in squadre di amici, familiari o colleghi","section_3_usp_2":"Inizia quando vuoi, non serve una guida o personale sul posto","section_3_usp_3":"Usa il tuo smartphone o tablet","section_3_usp_4":"Attraversa la citt\u00e0 risolvendo enigmi e sfide","section_3_usp_5":"Scopri curiosit\u00e0 su storia, cultura e monumenti","section_3_usp_6":"Disponibile in pi\u00f9 lingue","section_3_cta":"Scegli il tuo City Game","section_3_step_1":"Fase 1","section_3_step_1_title":"Prenota il tuo City Game","section_3_step_1_text":"Scegli la tua citt\u00e0 e il tuo gioco e ricevi tutto istantaneamente dopo la prenotazione.","section_3_step_2":"Fase 2","section_3_step_2_title":"Controlla le istruzioni","section_3_step_2_text":"Apri l'email di conferma con il punto di partenza e come iniziare a giocare.","section_3_step_3":"Fase 3","section_3_step_3_title":"Vai al punto di partenza","section_3_step_3_text":"Dirigiti al punto di partenza quando vuoi, senza orari fissi.","section_3_step_4":"Fase 4","section_3_step_4_title":"Inizia a giocare","section_3_step_4_text":"Segui gli indizi, risolvi enigmi e esplora la citt\u00e0 al tuo ritmo!","how_city_games_work_image":12430,"section_4_h2_who_are_city_games_in_city_for":"Per chi sono i City Games a Pola?","section_4_text":"I City Games a Pola sono progettati per chiunque voglia vivere la citt\u00e0 in modo interattivo e flessibile. Che tu venga a Pola per la prima volta o conosca gi\u00e0 bene la citt\u00e0, City Games offre un'attivit\u00e0 divertente che si integra facilmente nella tua giornata.","section_4_text_2":"I City Games a Pola sono adatti a:","section_4_usp_1":"Giocatori solitari o piccoli gruppi in cerca di un'avventura flessibile","section_4_usp_2":"Visitatori che esplorano Pola","section_4_usp_3":"Amici e famiglie in cerca di un'attivit\u00e0 divertente","section_4_usp_4":"Aziende e team che pianificano un evento di teambuilding","section_4_usp_5":"Residenti che vogliono riscoprire la loro citt\u00e0","section_4_cta":"Scegli il tuo City Game","who_are_city_games_for_image":12431,"section_5_h2_exploring_city":"Esplorare Pola","exploring_city_text":"Esplorare Pola rivela una citt\u00e0 plasmata da strati di storia e da una forte connessione con il mare. L'anfiteatro romano domina il porto, ancorando la Citt\u00e0 Vecchia con i suoi archi di pietra ben conservati e le ampie piazze. Camminando per questo quartiere centrale, le strade strette si aprono su cortili tranquilli, dove edifici secolari riflettono le tradizioni istriane e le influenze mediterranee.\r\n\r\nA sud del centro, la costa diventa una caratteristica definente, con insenature rocciose e sentieri tra pini che offrono un contrasto con il cuore urbano. Lungo la passeggiata sul lungomare, il porto funzionante si fonde con la vita quotidiana, sottolineando l'importanza marittima di Pola. Il ritmo della citt\u00e0 cambia tra la storia interna e la calma costiera, offrendo un'esperienza tattile modellata da terra e mare.","exploring_city_image":12432,"section_6_h2_hosted_game":"I tuoi City Games preferiti, ospitati professionalmente dal nostro team","section_6_text":"Goditi gli stessi City Games della versione autoguidata, ma con supporto on-site completo da parte dei nostri host professionisti. Ci occupiamo di briefing, tablet, coordinamento e supporto tecnico, cos\u00ec che il tuo gruppo possa concentrarsi interamente sul divertimento e sulla competizione.","section_6_text_2":"Cosa \u00e8 incluso:","section_6_usp_1_title":"Stesso City Game, completamente ospitato","section_6_usp_1_text":"Giocate la stessa esperienza identica alla versione autoguidata, ora guidata dai nostri host.","section_6_usp_2_title":"Classifica in tempo reale e cerimonia di premiazione","section_6_usp_2_text":"Per gruppi pi\u00f9 numerosi, i nostri host rivelano i punteggi finali e annunciano la squadra vincente con un momento di premio divertente.","section_6_usp_3_title":"Inizio e fine guidati","section_6_usp_3_text":"Accogliamo il tuo gruppo, spieghiamo chiaramente il gioco e concludiamo con un finale entusiasmante.","section_6_usp_4_title":"Supporto in tempo reale durante il gioco","section_6_usp_4_text":"Il nostro team aiuta con dispositivi, problemi dell'app e coordinamento durante l'esperienza.","section_6_usp_5_title":"Tablet inclusi (opzionale)","section_6_usp_5_text":"Disponibili per gruppi che preferiscono utilizzare i nostri dispositivi invece dei propri.","section_6_text_3":"Fidato da team di tutto il mondo, dai piccoli gruppi a grandi eventi aziendali.","section_6_cta":"Pianifica il tuo evento di gruppo","section_7_h2_reviews":"Cosa ne pensano gli altri dei nostri City Games","section_7_cta_1":"Tutte le recensioni","section_7_cta_2":"Scrivi una recensione","section_8_h2_faq":"Hai domande? Abbiamo risposte!","section_8_text":"Consulta le nostre domande frequenti e scopri tutto ci\u00f2 che vuoi sapere. Se la tua domanda non \u00e8 tra queste, non esitare a contattarci.","section_8_cta_1":"Visualizza tutte le domande frequenti","section_8_cta_2":"Richiedi supporto","section_8_question_1":"Cosa sono City Games a Pola?","section_8_answer_1":"I City Games a Pola sono <strong>esperienze interattive e autoguidate<\/strong> che ti permettono di esplorare la citt\u00e0 mentre giochi!\r\n\r\nUsando il tuo smartphone, risolvi enigmi, completi sfide e segui la trama del City Game scelto mentre percorri la citt\u00e0.\r\n\r\nI City Games combinano lavoro di squadra, risoluzione dei problemi e esplorazione all'aperto, rendendoli un'attivit\u00e0 divertente per visitatori, locali e gruppi.","section_8_question_2":"Ci vuole una guida per giocare a un City Game a Pola?","section_8_answer_2":"<p class=\"kt-adv-heading2034_2420ea-ca wp-block-kadence-advancedheading\" data-kb-block=\"kb-adv-heading2034_2420ea-ca\">No, i City Games a Pola sono <strong>completamente autoguidati<\/strong>. Non serve una guida, un host o personale sul posto per giocare. Tutte le istruzioni e il gameplay sono forniti digitalmente, permettendoti di iniziare e giocare in modo indipendente usando il tuo smartphone.<\/p>\r\nQuesta flessibilit\u00e0 rende i City Games facili da inserire nel tuo programma.\r\n<p class=\"kt-adv-heading2034_cd3db2-33 wp-block-kadence-advancedheading hls-none\" data-kb-block=\"kb-adv-heading2034_cd3db2-33\">Per gruppi pi\u00f9 grandi o eventi aziendali, \u00e8 disponibile anche una versione completamente ospitata dei nostri City Games, inclusa guida sul posto, tablet e supporto live.<\/p>\r\nPianificare un gruppo pi\u00f9 grande o un evento aziendale?","section_8_answer_2_cta":"Esplora l'esperienza City Game ospitata per gruppi","section_8_question_3":"Quando possiamo iniziare a giocare a City Game a Pola?","section_8_answer_3":"Puoi iniziare a giocare <strong>quando ti \u00e8 pi\u00f9 comodo<\/strong>! I City Games a Pola non hanno orari di inizio fissi, quindi sei libero di iniziare in un momento che si adatti ai tuoi piani.\r\n\r\nDopo la prenotazione, ricevi istruzioni chiare che spiegano come e quando iniziare il tuo City Game!","section_8_question_4":"Quanto tempo richiede un City Game a Pola?","section_8_answer_4":"I City Games a Pola richiedono <strong>circa 1,5-2 ore<\/strong> per completarsi! La durata esatta dipende dal tuo ritmo, da quante pause prendi e da quanto velocemente risolvi enigmi e sfide.\r\n\r\nPuoi giocare al tuo ritmo e mettere in pausa il gioco ogni volta che vuoi!","section_8_question_5":"Possiamo giocare a City Game a Pola con un grande gruppo?","section_8_answer_5":"<p class=\"kt-adv-heading2034_97743b-76 wp-block-kadence-advancedheading\" data-kb-block=\"kb-adv-heading2034_97743b-76\">S\u00ec, i City Games sono adatti sia a <strong>piccoli gruppi che a grandi team<\/strong>. Gruppi numerosi possono facilmente suddividersi in squadre pi\u00f9 piccole e giocare contemporaneamente al City Game, utilizzando pi\u00f9 smartphone. Ogni squadra gioca in modo indipendente, seguendo lo stesso concetto di gioco e la stessa storia.<\/p>\r\nQuesto setup funziona bene per gruppi di amici, famiglie e aziende e rende i City Games una scelta popolare per attivit\u00e0 di team building, eventi e uscite di gruppo.\r\n<p class=\"kt-adv-heading2034_7442e3-e3 wp-block-kadence-advancedheading hls-none\" data-kb-block=\"kb-adv-heading2034_7442e3-e3\">Per gruppi pi\u00f9 grandi o eventi aziendali, \u00e8 disponibile anche una versione completamente ospitata dei nostri City Games, inclusa guida sul posto, tablet e supporto live.<\/p>\r\nPianificare un gruppo pi\u00f9 grande o un evento aziendale?","section_8_answer_5_cta":"Esplora l'esperienza City Game ospitata per gruppi","section_8_question_6":"I City Games a Pola sono adatti a turisti e residenti?","section_8_answer_6":"S\u00ec, i City Games a Pola sono adatti sia a <strong>turisti che residenti<\/strong>. I visitatori possono vivere la citt\u00e0 in modo interattivo, mentre i residenti possono godere delle strade familiari come sfondo per un City Game.\r\n\r\nPoich\u00e9 ogni City Game si concentra su gameplay e narrazione, l'esperienza risulta fresca indipendentemente dal grado di conoscenza della citt\u00e0.","section_8_question_7":"I City Games a Pola sono disponibili in pi\u00f9 lingue?","section_8_answer_7":"S\u00ec, i City Games a Pola sono <strong>disponibili in pi\u00f9 lingue<\/strong>. Puoi scegliere la lingua preferita prima o durante il gioco, rendendo i City Games accessibili a visitatori internazionali e gruppi multilingue.","section_8_question_8":"Cosa serve per giocare a un City Game a Pola?","section_8_answer_8":"Per giocare a un City Game a Pola, serve:","section_8_answer_8_usp_1":"Uno smartphone con connessione a Internet","section_8_answer_8_usp_2":"Una batteria carica","section_8_answer_8_usp_3":"Scarpe comode per camminare","section_8_answer_8_2":"Tutti i contenuti di gioco e le istruzioni sono forniti digitalmente dopo la prenotazione.","section_9_h2_instagram":"Vedi di pi\u00f9 su Instagram","section_9_text":"Ispirazioni di viaggio, enigmi, tesori nascosti e momenti di City Game, direttamente dalla nostra comunit\u00e0","section_9_cta":"Seguici su Instagram","section_10_h2_page_ending":"Pronto per un'avventura indimenticabile a Pola?","section_10_text":"Esplora Pola in modo unico e interattivo con i nostri City Games. Gioca oggi e crea ricordi indelebili!","section_10_cta":"Prenota ora il tuo City Game","latitude":44.8699941,"longitude":13.8425051,"country":491,"map_enabled":true},"yoast_head":"<!-- This site is optimized with the Yoast SEO Premium plugin v26.2 (Yoast SEO v27.4) - https:\/\/yoast.com\/product\/yoast-seo-premium-wordpress\/ -->\n<title>City Game Pola - City Game<\/title>\n<meta name=\"robots\" content=\"index, follow, max-snippet:-1, max-image-preview:large, max-video-preview:-1\" \/>\n<link rel=\"canonical\" href=\"https:\/\/citygame.com\/it\/luoghi\/city-game-croazia\/city-game-pola\/\" \/>\n<meta property=\"og:locale\" content=\"it_IT\" \/>\n<meta property=\"og:type\" content=\"article\" \/>\n<meta property=\"og:title\" content=\"City Game Pola\" \/>\n<meta property=\"og:url\" content=\"https:\/\/citygame.com\/it\/luoghi\/city-game-croazia\/city-game-pola\/\" \/>\n<meta property=\"og:site_name\" content=\"City Game\" \/>\n<meta property=\"article:publisher\" content=\"https:\/\/www.facebook.com\/profile.php?id=100086426226253\" \/>\n<meta property=\"og:image\" content=\"https:\/\/citygame.com\/wp-content\/blogs.dir\/1\/files\/2026\/02\/pula-arena-cobblestone-street-view.jpg\" \/>\n\t<meta property=\"og:image:width\" content=\"1376\" \/>\n\t<meta property=\"og:image:height\" content=\"768\" \/>\n\t<meta property=\"og:image:type\" content=\"image\/jpeg\" \/>\n<meta name=\"twitter:card\" content=\"summary_large_image\" \/>\n<script type=\"application\/ld+json\" class=\"yoast-schema-graph\">{\"@context\":\"https:\\\/\\\/schema.org\",\"@graph\":[{\"@type\":\"WebPage\",\"@id\":\"https:\\\/\\\/citygame.com\\\/it\\\/luoghi\\\/city-game-croazia\\\/city-game-pola\\\/\",\"url\":\"https:\\\/\\\/citygame.com\\\/it\\\/luoghi\\\/city-game-croazia\\\/city-game-pola\\\/\",\"name\":\"City Game Pola - City Game\",\"isPartOf\":{\"@id\":\"https:\\\/\\\/citygame.com\\\/it\\\/#website\"},\"primaryImageOfPage\":{\"@id\":\"https:\\\/\\\/citygame.com\\\/it\\\/luoghi\\\/city-game-croazia\\\/city-game-pola\\\/#primaryimage\"},\"image\":{\"@id\":\"https:\\\/\\\/citygame.com\\\/it\\\/luoghi\\\/city-game-croazia\\\/city-game-pola\\\/#primaryimage\"},\"thumbnailUrl\":\"https:\\\/\\\/citygame.com\\\/wp-content\\\/blogs.dir\\\/1\\\/files\\\/2026\\\/02\\\/pula-arena-cobblestone-street-view.jpg\",\"datePublished\":\"2026-04-23T15:31:35+00:00\",\"breadcrumb\":{\"@id\":\"https:\\\/\\\/citygame.com\\\/it\\\/luoghi\\\/city-game-croazia\\\/city-game-pola\\\/#breadcrumb\"},\"inLanguage\":\"it-IT\",\"potentialAction\":[{\"@type\":\"ReadAction\",\"target\":[\"https:\\\/\\\/citygame.com\\\/it\\\/luoghi\\\/city-game-croazia\\\/city-game-pola\\\/\"]}]},{\"@type\":\"ImageObject\",\"inLanguage\":\"it-IT\",\"@id\":\"https:\\\/\\\/citygame.com\\\/it\\\/luoghi\\\/city-game-croazia\\\/city-game-pola\\\/#primaryimage\",\"url\":\"https:\\\/\\\/citygame.com\\\/wp-content\\\/blogs.dir\\\/1\\\/files\\\/2026\\\/02\\\/pula-arena-cobblestone-street-view.jpg\",\"contentUrl\":\"https:\\\/\\\/citygame.com\\\/wp-content\\\/blogs.dir\\\/1\\\/files\\\/2026\\\/02\\\/pula-arena-cobblestone-street-view.jpg\",\"width\":1376,\"height\":768,\"caption\":\"A scenic view of the Pula Arena and the Adriatic Sea from a nearby cobblestone street.\"},{\"@type\":\"BreadcrumbList\",\"@id\":\"https:\\\/\\\/citygame.com\\\/it\\\/luoghi\\\/city-game-croazia\\\/city-game-pola\\\/#breadcrumb\",\"itemListElement\":[{\"@type\":\"ListItem\",\"position\":1,\"name\":\"Home\",\"item\":\"https:\\\/\\\/citygame.com\\\/it\\\/\"},{\"@type\":\"ListItem\",\"position\":2,\"name\":\"Luoghi\",\"item\":\"https:\\\/\\\/citygame.com\\\/it\\\/luoghi\\\/\"},{\"@type\":\"ListItem\",\"position\":3,\"name\":\"City Game Croazia\",\"item\":\"https:\\\/\\\/citygame.com\\\/it\\\/luoghi\\\/city-game-croazia\\\/\"},{\"@type\":\"ListItem\",\"position\":4,\"name\":\"City Game Pola\"}]},{\"@type\":\"WebSite\",\"@id\":\"https:\\\/\\\/citygame.com\\\/it\\\/#website\",\"url\":\"https:\\\/\\\/citygame.com\\\/it\\\/\",\"name\":\"City Game\",\"description\":\"\",\"publisher\":{\"@id\":\"https:\\\/\\\/citygame.com\\\/it\\\/#organization\"},\"alternateName\":\"citygame.com\",\"potentialAction\":[{\"@type\":\"SearchAction\",\"target\":{\"@type\":\"EntryPoint\",\"urlTemplate\":\"https:\\\/\\\/citygame.com\\\/it\\\/?s={search_term_string}\"},\"query-input\":{\"@type\":\"PropertyValueSpecification\",\"valueRequired\":true,\"valueName\":\"search_term_string\"}}],\"inLanguage\":\"it-IT\"},{\"@type\":\"Organization\",\"@id\":\"https:\\\/\\\/citygame.com\\\/it\\\/#organization\",\"name\":\"City Game\",\"alternateName\":\"citygame.com\",\"url\":\"https:\\\/\\\/citygame.com\\\/it\\\/\",\"logo\":{\"@type\":\"ImageObject\",\"inLanguage\":\"it-IT\",\"@id\":\"https:\\\/\\\/citygame.com\\\/it\\\/#\\\/schema\\\/logo\\\/image\\\/\",\"url\":\"https:\\\/\\\/citygame.com\\\/wp-content\\\/blogs.dir\\\/1\\\/files\\\/2025\\\/10\\\/CG_LOGO-City-Game.png\",\"contentUrl\":\"https:\\\/\\\/citygame.com\\\/wp-content\\\/blogs.dir\\\/1\\\/files\\\/2025\\\/10\\\/CG_LOGO-City-Game.png\",\"width\":351,\"height\":377,\"caption\":\"City Game\"},\"image\":{\"@id\":\"https:\\\/\\\/citygame.com\\\/it\\\/#\\\/schema\\\/logo\\\/image\\\/\"},\"sameAs\":[\"https:\\\/\\\/www.facebook.com\\\/profile.php?id=100086426226253\",\"https:\\\/\\\/www.instagram.com\\\/citygame_com\",\"https:\\\/\\\/www.tiktok.com\\\/@citygamecom\\\/\",\"https:\\\/\\\/www.linkedin.com\\\/company\\\/citygame-com\"],\"description\":\"Turn any city into a playground with our interactive City Games and self-guided tours. Fun, flexible, and ideal for groups and team building.\"}]}<\/script>\n<!-- \/ Yoast SEO Premium plugin. -->","yoast_head_json":{"title":"City Game Pola - City Game","robots":{"index":"index","follow":"follow","max-snippet":"max-snippet:-1","max-image-preview":"max-image-preview:large","max-video-preview":"max-video-preview:-1"},"canonical":"https:\/\/citygame.com\/it\/luoghi\/city-game-croazia\/city-game-pola\/","og_locale":"it_IT","og_type":"article","og_title":"City Game Pola","og_url":"https:\/\/citygame.com\/it\/luoghi\/city-game-croazia\/city-game-pola\/","og_site_name":"City Game","article_publisher":"https:\/\/www.facebook.com\/profile.php?id=100086426226253","og_image":[{"width":1376,"height":768,"url":"https:\/\/citygame.com\/wp-content\/blogs.dir\/1\/files\/2026\/02\/pula-arena-cobblestone-street-view.jpg","type":"image\/jpeg"}],"twitter_card":"summary_large_image","schema":{"@context":"https:\/\/schema.org","@graph":[{"@type":"WebPage","@id":"https:\/\/citygame.com\/it\/luoghi\/city-game-croazia\/city-game-pola\/","url":"https:\/\/citygame.com\/it\/luoghi\/city-game-croazia\/city-game-pola\/","name":"City Game Pola - City Game","isPartOf":{"@id":"https:\/\/citygame.com\/it\/#website"},"primaryImageOfPage":{"@id":"https:\/\/citygame.com\/it\/luoghi\/city-game-croazia\/city-game-pola\/#primaryimage"},"image":{"@id":"https:\/\/citygame.com\/it\/luoghi\/city-game-croazia\/city-game-pola\/#primaryimage"},"thumbnailUrl":"https:\/\/citygame.com\/wp-content\/blogs.dir\/1\/files\/2026\/02\/pula-arena-cobblestone-street-view.jpg","datePublished":"2026-04-23T15:31:35+00:00","breadcrumb":{"@id":"https:\/\/citygame.com\/it\/luoghi\/city-game-croazia\/city-game-pola\/#breadcrumb"},"inLanguage":"it-IT","potentialAction":[{"@type":"ReadAction","target":["https:\/\/citygame.com\/it\/luoghi\/city-game-croazia\/city-game-pola\/"]}]},{"@type":"ImageObject","inLanguage":"it-IT","@id":"https:\/\/citygame.com\/it\/luoghi\/city-game-croazia\/city-game-pola\/#primaryimage","url":"https:\/\/citygame.com\/wp-content\/blogs.dir\/1\/files\/2026\/02\/pula-arena-cobblestone-street-view.jpg","contentUrl":"https:\/\/citygame.com\/wp-content\/blogs.dir\/1\/files\/2026\/02\/pula-arena-cobblestone-street-view.jpg","width":1376,"height":768,"caption":"A scenic view of the Pula Arena and the Adriatic Sea from a nearby cobblestone street."},{"@type":"BreadcrumbList","@id":"https:\/\/citygame.com\/it\/luoghi\/city-game-croazia\/city-game-pola\/#breadcrumb","itemListElement":[{"@type":"ListItem","position":1,"name":"Home","item":"https:\/\/citygame.com\/it\/"},{"@type":"ListItem","position":2,"name":"Luoghi","item":"https:\/\/citygame.com\/it\/luoghi\/"},{"@type":"ListItem","position":3,"name":"City Game Croazia","item":"https:\/\/citygame.com\/it\/luoghi\/city-game-croazia\/"},{"@type":"ListItem","position":4,"name":"City Game Pola"}]},{"@type":"WebSite","@id":"https:\/\/citygame.com\/it\/#website","url":"https:\/\/citygame.com\/it\/","name":"City Game","description":"","publisher":{"@id":"https:\/\/citygame.com\/it\/#organization"},"alternateName":"citygame.com","potentialAction":[{"@type":"SearchAction","target":{"@type":"EntryPoint","urlTemplate":"https:\/\/citygame.com\/it\/?s={search_term_string}"},"query-input":{"@type":"PropertyValueSpecification","valueRequired":true,"valueName":"search_term_string"}}],"inLanguage":"it-IT"},{"@type":"Organization","@id":"https:\/\/citygame.com\/it\/#organization","name":"City Game","alternateName":"citygame.com","url":"https:\/\/citygame.com\/it\/","logo":{"@type":"ImageObject","inLanguage":"it-IT","@id":"https:\/\/citygame.com\/it\/#\/schema\/logo\/image\/","url":"https:\/\/citygame.com\/wp-content\/blogs.dir\/1\/files\/2025\/10\/CG_LOGO-City-Game.png","contentUrl":"https:\/\/citygame.com\/wp-content\/blogs.dir\/1\/files\/2025\/10\/CG_LOGO-City-Game.png","width":351,"height":377,"caption":"City Game"},"image":{"@id":"https:\/\/citygame.com\/it\/#\/schema\/logo\/image\/"},"sameAs":["https:\/\/www.facebook.com\/profile.php?id=100086426226253","https:\/\/www.instagram.com\/citygame_com","https:\/\/www.tiktok.com\/@citygamecom\/","https:\/\/www.linkedin.com\/company\/citygame-com"],"description":"Turn any city into a playground with our interactive City Games and self-guided tours. Fun, flexible, and ideal for groups and team building."}]}},"taxonomy_info":{"cities-only-parent-location":[{"value":491,"label":"Croatia"}],"cg_page_type":[{"value":45,"label":"City overview page"}]},"featured_image_src_large":["https:\/\/citygame.com\/wp-content\/blogs.dir\/1\/files\/2026\/02\/pula-arena-cobblestone-street-view-1024x572.jpg",1024,572,true],"author_info":{"display_name":"Philip","author_link":"https:\/\/citygame.com\/it\/blog\/author\/sophi2\/"},"comment_info":0,"wpml_current_locale":"it_IT","wpml_translations":{"nl_NL":{"locale":"nl_NL","id":227712,"slug":"city-game-pula-2","post_title":"City Game Pula","href":"https:\/\/citygame.com\/nl\/locaties\/city-game-kroatie\/city-game-pula-2\/"},"en_US":{"locale":"en_US","id":12433,"slug":"city-game-pula","post_title":"City Game Pula","href":"https:\/\/citygame.com\/locations\/croatia\/city-game-pula\/"},"fr_FR":{"locale":"fr_FR","id":227736,"slug":"city-game-pula-2","post_title":"City Game Pula","href":"https:\/\/citygame.com\/fr\/emplacements\/city-game-croatie\/city-game-pula-2\/"},"de_DE":{"locale":"de_DE","id":227719,"slug":"city-game-pula-2","post_title":"City Game Pula","href":"https:\/\/citygame.com\/de\/standorte\/city-game-kroatien\/city-game-pula-2\/"},"it_IT":{"locale":"it_IT","translation":"current"},"es_ES":{"locale":"es_ES","id":227726,"slug":"city-game-pula-2","post_title":"City Game Pula","href":"https:\/\/citygame.com\/es\/localizaciones\/city-game-croacia\/city-game-pula-2\/"}},"_links":{"self":[{"href":"https:\/\/citygame.com\/it\/wp-json\/wp\/v2\/pages\/227744","targetHints":{"allow":["GET"]}}],"collection":[{"href":"https:\/\/citygame.com\/it\/wp-json\/wp\/v2\/pages"}],"about":[{"href":"https:\/\/citygame.com\/it\/wp-json\/wp\/v2\/types\/page"}],"author":[{"embeddable":true,"href":"https:\/\/citygame.com\/it\/wp-json\/wp\/v2\/users\/78"}],"replies":[{"embeddable":true,"href":"https:\/\/citygame.com\/it\/wp-json\/wp\/v2\/comments?post=227744"}],"version-history":[{"count":0,"href":"https:\/\/citygame.com\/it\/wp-json\/wp\/v2\/pages\/227744\/revisions"}],"up":[{"embeddable":true,"href":"https:\/\/citygame.com\/it\/wp-json\/wp\/v2\/pages\/227580"}],"acf:term":[{"embeddable":true,"taxonomy":"cities-only-parent-location","href":"https:\/\/citygame.com\/it\/wp-json\/wp\/v2\/cities-only-parent-location\/491"},{"embeddable":true,"taxonomy":"location","href":"https:\/\/citygame.com\/it\/wp-json\/wp\/v2\/location\/336"}],"wp:featuredmedia":[{"embeddable":true,"href":"https:\/\/citygame.com\/it\/wp-json\/wp\/v2\/media\/12428"}],"wp:attachment":[{"href":"https:\/\/citygame.com\/it\/wp-json\/wp\/v2\/media?parent=227744"}],"wp:term":[{"taxonomy":"cities-only-parent-location","embeddable":true,"href":"https:\/\/citygame.com\/it\/wp-json\/wp\/v2\/cities-only-parent-location?post=227744"},{"taxonomy":"countries-only-parent-locations","embeddable":true,"href":"https:\/\/citygame.com\/it\/wp-json\/wp\/v2\/countries-only-parent-locations?post=227744"},{"taxonomy":"seo_keyword","embeddable":true,"href":"https:\/\/citygame.com\/it\/wp-json\/wp\/v2\/seo_keyword?post=227744"},{"taxonomy":"cg_page_type","embeddable":true,"href":"https:\/\/citygame.com\/it\/wp-json\/wp\/v2\/cg_page_type?post=227744"}],"curies":[{"name":"wp","href":"https:\/\/api.w.org\/{rel}","templated":true}]}}