{"id":228009,"date":"2026-04-23T18:05:12","date_gmt":"2026-04-23T18:05:12","guid":{"rendered":"https:\/\/citygame.com\/book\/prenota-city-games-in-kosovo\/"},"modified":"2026-04-23T18:05:12","modified_gmt":"2026-04-23T18:05:12","slug":"prenota-city-games-in-kosovo","status":"publish","type":"page","link":"https:\/\/citygame.com\/it\/prenota-il-tuo-city-game\/prenota-city-games-in-kosovo\/","title":{"rendered":"Prenota City Games in Kosovo"},"content":{"rendered":"","protected":false},"excerpt":{"rendered":"","protected":false},"author":78,"featured_media":15746,"parent":225823,"menu_order":0,"comment_status":"closed","ping_status":"closed","template":"","meta":{"_acf_changed":false,"_yoast_wpseo_focuskw":"Prenota City Games in Kosovo","_yoast_wpseo_metadesc":"","_kad_blocks_custom_css":"","_kad_blocks_head_custom_js":"","_kad_blocks_body_custom_js":"","_kad_blocks_footer_custom_js":"","_kad_post_transparent":"","_kad_post_title":"","_kad_post_layout":"","_kad_post_sidebar_id":"","_kad_post_content_style":"","_kad_post_vertical_padding":"","_kad_post_feature":"","_kad_post_feature_position":"","_kad_post_header":false,"_kad_post_footer":false,"_kad_post_classname":"","footnotes":""},"cities-only-parent-location":[],"countries-only-parent-locations":[],"seo_keyword":[],"cg_page_type":[636],"class_list":["post-228009","page","type-page","status-publish","has-post-thumbnail","hentry","cg_page_type-book-in-country-page"],"acf":{"country_name":"Kosovo","select_country":612,"hero_h2":"Prenota un City Game in Kosovo","hero_text":"Gioca a un City Game nelle citt\u00e0 del Kosovo e esplora ogni destinazione in modo divertente e interattivo. Risolvi enigmi, completa sfide e scopri la citt\u00e0 passeggiando per le sue strade e monumenti. Scegli la tua citt\u00e0 qui sotto e inizia la tua avventura.","hero_cta":"Tutte le destinazioni in Kosovo","section_2_h2_all_locations_in_country":"Tutte le localit\u00e0 in Kosovo","section_3_h2_book_your_city_game_in_country":"Prenota il tuo City Game in Kosovo in pochi semplici passaggi","section_3_text":"Cominciare \u00e8 facile. Scegli il tuo City Game in Kosovo, prenota la tua avventura e inizia a giocare quando ti \u00e8 possibile. Tutto ci\u00f2 di cui hai bisogno ti sar\u00e0 inviato immediatamente dopo la prenotazione: niente guida, niente orari di inizio rigidi, solo il tuo team e la citt\u00e0.","section_3_usp_1":"1,5\u20132 ore di gioco","section_3_usp_2":"Percorso a piedi di 3\u20134 km attraverso la citt\u00e0","section_3_usp_3":"Inizia, metti in pausa e riprendi quando vuoi","section_3_usp_4":"1\u20134 o 2\u20135 persone per smartphone, a seconda del tuo gioco","section_3_usp_5":"Gioca in autonomia con il tuo dispositivo","section_3_usp_6":"Connessione Internet richiesta durante il gioco","section_3_cta":"Scegli la tua citt\u00e0","section_3_step_1":"Passo 1","section_3_step_1_title":"Scegli la tua citt\u00e0 e City Game","section_3_step_1_text":"Seleziona la citt\u00e0 in cui vuoi giocare e prenota online il tuo City Game in pochi clic.","section_3_step_2":"Passo 2","section_3_step_2_title":"Ricevi le istruzioni del gioco","section_3_step_2_text":"Dopo la prenotazione riceverai immediatamente un'email con tutte le istruzioni e l'accesso al gioco.","section_3_step_3":"Passo 3","section_3_step_3_title":"Vai al punto di partenza","section_3_step_3_text":"Raggiungi il punto di partenza in citt\u00e0 quando ti \u00e8 comodo. Non ci sono orari di inizio fissi.","section_3_step_4":"Passo 4","section_3_step_4_title":"Avvia il tuo City Game","section_3_step_4_text":"Segui gli indizi, risolvi enigmi e scopri la citt\u00e0 completando sfide divertenti lungo il percorso.","section_4_h2_why_players_love":"Perch\u00e9 i giocatori amano City Games in Kosovo","section_4_usp_1_title":"Esplora le citt\u00e0 in modo unico","section_4_usp_1_text":"Scopri monumenti famosi, strade nascoste e luoghi sorprendenti mentre risolvi enigmi e completi sfide.","section_4_usp_2_title":"Gioca quando vuoi","section_4_usp_2_text":"Non ci sono orari di inizio fissi. Inizia, metti in pausa e riprendi il gioco quando vuoi durante la tua giornata in citt\u00e0.","section_4_usp_3_title":"Divertimento per amici, famiglie e team","section_4_usp_3_text":"City Games sono perfetti per coppie, gruppi di amici, famiglie o colleghi in cerca di un'attivit\u00e0 divertente e interattiva.","section_4_usp_4_title":"Un mix di enigmi e scoperta","section_4_usp_4_text":"Risolvi enigmi, completa missioni e scopri indizi esplorando la citt\u00e0 passo dopo passo.","section_4_usp_5_title":"Gioca al tuo ritmo","section_4_usp_5_text":"Fai delle pause per un drink, esplora i negozi o gusta il paesaggio. Il gioco si adatta al tuo ritmo.","section_4_usp_6_title":"Disponibile nelle citt\u00e0 di tutto il mondo","section_4_usp_6_text":"City Games sono disponibili in centinaia di citt\u00e0 in tutto il mondo, rendendole un'attivit\u00e0 perfetta sia per i viaggiatori sia per i locali.","section_4_cta":"Trova un City Game nella tua citt\u00e0","section_5_h2_reviews":"Cosa pensano gli altri dei nostri City Games","section_5_cta_1":"Tutte le recensioni","section_5_cta_2":"Scrivi una recensione","section_6_h2_hosted_game":"I tuoi City Games preferiti, ospitati professionalmente dal nostro team","section_6_text":"Goditi gli stessi City Games della versione autoguidata, ma con un supporto completo in loco da parte dei nostri host professionisti. Ci occupiamo del briefing, dei tablet, del coordinamento e del supporto tecnico, cos\u00ec il tuo gruppo pu\u00f2 concentrarsi completamente sul divertimento e sulla competizione.","section_6_text_2":"Cosa INCLUDE:","section_6_usp_1_title":"Lo stesso City Game, completamente ospitato","section_6_usp_1_text":"Vivi la stessa esperienza della versione autoguidata, ora guidata dai nostri host.","section_6_usp_2_title":"Classifica in tempo reale e cerimonia di premi","section_6_usp_2_text":"Per gruppi numerosi, i nostri host svelano i punteggi finali e annunciano la squadra vincente con un momento di premio divertente.","section_6_usp_3_title":"Partenza e arrivo ospitati","section_6_usp_3_text":"Accogliamo il tuo gruppo, spieghiamo chiaramente il gioco e concludiamo con un finale entusiasmante.","section_6_usp_4_title":"Supporto in tempo reale durante il gioco","section_6_usp_4_text":"Il nostro team aiuta con dispositivi, problemi dell'app e coordinamento durante l'intera esperienza.","section_6_usp_5_text":"Disponibile per gruppi che preferiscono utilizzare i nostri dispositivi invece dei propri.","section_6_usp_5_title":"Tablet inclusi (opzionale)","section_6_text_3":"Affidato da team in tutto il mondo, dai piccoli gruppi ai grandi eventi aziendali.","section_6_cta":"Pianifica il tuo evento di gruppo","section_7_h2_faq":"Hai domande? Abbiamo risposte!","section_7_text":"Dai un'occhiata alle nostre domande frequenti e scopri tutto ci\u00f2 che vuoi sapere. La tua domanda non \u00e8 tra queste? Non esitare a contattarci.","section_7_cta_1":"Visualizza tutte le domande frequenti","section_7_cta_2":"Ricevi supporto","section_7_question_1":"Come funziona la prenotazione di un City Game?","section_7_answer_1":"Prenotare un City Game in Kosovo \u00e8 rapido e facile. Scegli la citt\u00e0 in cui vuoi giocare, seleziona il tuo City Game preferito e completa la prenotazione online. Dopo il pagamento riceverai immediatamente un'email con le istruzioni del gioco. Una volta arrivato al punto di partenza, potrai iniziare il gioco sul tuo smartphone quando ti \u00e8 comodo.","section_7_question_2":"Posso iniziare il City Game in Kosovo subito dopo la prenotazione?","section_7_answer_2":"S\u00ec. Dopo aver completato la prenotazione riceverai <strong>immediatamente le istruzioni via email<\/strong>. Nella maggior parte dei casi \u00e8 possibile iniziare a giocare entro pochi minuti, non appena arrivi al punto di partenza in Kosovo e apri il gioco sul tuo smartphone.","section_7_question_3":"Devo riservare un orario di inizio specifico?","section_7_answer_3":"No, <strong>City Games non hanno orari di inizio fissi<\/strong>. Durante la prenotazione scegli una data per scopi amministrativi, ma puoi iniziare il gioco quando vuoi entro la validit\u00e0 della tua prenotazione.","section_7_question_4":"Quanto tempo richiede un City Game in Kosovo?","section_7_answer_4":"La maggior parte dei City Games in Kosovo richiede <strong>circa 1,5\u20132 ore<\/strong> per completarli. Il percorso di solito <strong>cove 3\u20134 chilometri<\/strong> attraverso la citt\u00e0. Puoi sempre mettere in pausa il gioco durante la tua avventura e riprendere pi\u00f9 tardi se vuoi fare una pausa.","section_7_question_5":"Quante persone possono partecipare a un City Game in Kosovo?","section_7_answer_5":"Puoi giocare <strong>da solo o in gruppo<\/strong>. Per la migliore esperienza consigliamo 1\u20134 o 2\u20135 giocatori (a seconda del tuo City Game) per smartphone. Gruppi pi\u00f9 numerosi possono suddividersi in pi\u00f9 squadre e sfidarsi tra loro!","section_7_question_6":"Ogni giocatore ha bisogno del proprio smartphone?","section_7_answer_6":"No. Un City Game si gioca su <strong>un solo smartphone per squadra<\/strong>. Se giochi con un gruppo pi\u00f9 numeroso, puoi semplicemente creare pi\u00f9 squadre utilizzando pi\u00f9 smartphone.","section_7_question_7":"Di cosa ho bisogno per giocare al City Game in Kosovo?","section_7_answer_7":"Tutto ci\u00f2 di cui hai bisogno \u00e8:","section_7_answer_7_usp_1":"Uno smartphone","section_7_answer_7_usp_2":"Una connessione Internet","section_7_answer_7_usp_3":"Una batteria completamente carica","section_7_answer_7_2":"Dopo aver prenotato riceverai istruzioni su come accedere al gioco sul tuo telefono.","section_7_question_8":"Posso giocare al gioco spontaneamente?","section_7_answer_8":"S\u00ec. Anche se \u00e8 necessario completare la prenotazione prima, riceverai le istruzioni immediatamente dopo il pagamento. Ci\u00f2 significa che puoi decidere di giocare spontaneamente e iniziare in pochi minuti.","section_7_question_9":"Quanto tempo \u00e8 valida la mia prenotazione?","section_7_answer_9":"Dopo l'acquisto, il tuo City Game resta <strong>valido per 365 giorni<\/strong>. Questo ti offre ampie possibilit\u00e0 per decidere quando vuoi giocare.","section_7_question_10":"Posso regalare un City Game in Kosovo?","section_7_answer_10":"S\u00ec. Un City Game \u00e8 un regalo fantastico per amici, familiari o colleghi. Puoi acquistare una gift card City Game, che permette al destinatario di scegliere la citt\u00e0 e il gioco preferiti.","section_7_answer_10_cta":"Acquista una gift card","section_7_question_11":"Cosa succede se per errore hai prenotato la citt\u00e0 o il City Game sbagliato?","section_7_answer_11":"Se hai commesso un errore durante la prenotazione, contattaci <strong>il prima possibile<\/strong>. In molti casi possiamo modificare la prenotazione alla citt\u00e0 corretta, alla lingua o al gioco corretti.","section_7_answer_11_cta":"Contattaci","section_7_question_12":"Ci sono costi aggiuntivi quando si prenota un City Game in Kosovo?","section_7_answer_12":"No. Il prezzo mostrato al checkout \u00e8 il prezzo totale. Non ci sono costi nascosti o di prenotazione.","section_7_question_13":"Quali metodi di pagamento posso utilizzare?","section_7_answer_13":"Supportiamo <strong>un'ampia gamma di metodi di pagamento a seconda della tua posizione<\/strong>, tra cui carte di credito e diverse opzioni di pagamento internazionali. Durante il checkout vedrai automaticamente i metodi di pagamento disponibili nella tua regione.","section_7_question_14":"Le aziende o i gruppi numerosi possono prenotare un City Game?","section_7_answer_14":"S\u00ec. Le aziende e gruppi numerosi possono prenotare un City Game ospitato con l'assistenza dei nostri host. Questa opzione \u00e8 perfetta per eventi di team building, uscite aziendali o attivit\u00e0 di grandi gruppi.","section_7_answer_14_cta":"Esplora l'esperienza City Game ospitata per gruppi","section_8_h2_page_ending":"Pronto per un'avventura indimenticabile?","section_8_text":"Esplora le citt\u00e0 in modo divertente e interattivo con i nostri City Games. Risolvi enigmi, scopri posti nascosti e scopri la citt\u00e0 giocando con amici, familiari o colleghi, quando ti \u00e8 pi\u00f9 comodo.","section_8_cta":"Trova un City Game vicino a te"},"yoast_head":"<!-- This site is optimized with the Yoast SEO Premium plugin v26.2 (Yoast SEO v27.4) - https:\/\/yoast.com\/product\/yoast-seo-premium-wordpress\/ -->\n<title>Prenota City Games in Kosovo - City Game<\/title>\n<meta name=\"robots\" content=\"index, follow, max-snippet:-1, max-image-preview:large, max-video-preview:-1\" \/>\n<link rel=\"canonical\" href=\"https:\/\/citygame.com\/it\/prenota-il-tuo-city-game\/prenota-city-games-in-kosovo\/\" \/>\n<meta property=\"og:locale\" content=\"it_IT\" \/>\n<meta property=\"og:type\" content=\"article\" \/>\n<meta property=\"og:title\" content=\"Prenota City Games in Kosovo\" \/>\n<meta property=\"og:url\" content=\"https:\/\/citygame.com\/it\/prenota-il-tuo-city-game\/prenota-city-games-in-kosovo\/\" \/>\n<meta property=\"og:site_name\" content=\"City Game\" \/>\n<meta property=\"article:publisher\" content=\"https:\/\/www.facebook.com\/profile.php?id=100086426226253\" \/>\n<meta property=\"og:image\" content=\"https:\/\/citygame.com\/wp-content\/blogs.dir\/1\/files\/2026\/02\/kosovo-gazimestan-monument-at-sunset.jpg\" \/>\n\t<meta property=\"og:image:width\" content=\"1376\" \/>\n\t<meta property=\"og:image:height\" content=\"768\" \/>\n\t<meta property=\"og:image:type\" content=\"image\/jpeg\" \/>\n<meta name=\"twitter:card\" content=\"summary_large_image\" \/>\n<script type=\"application\/ld+json\" class=\"yoast-schema-graph\">{\"@context\":\"https:\\\/\\\/schema.org\",\"@graph\":[{\"@type\":\"WebPage\",\"@id\":\"https:\\\/\\\/citygame.com\\\/it\\\/prenota-il-tuo-city-game\\\/prenota-city-games-in-kosovo\\\/\",\"url\":\"https:\\\/\\\/citygame.com\\\/it\\\/prenota-il-tuo-city-game\\\/prenota-city-games-in-kosovo\\\/\",\"name\":\"Prenota City Games in Kosovo - City Game\",\"isPartOf\":{\"@id\":\"https:\\\/\\\/citygame.com\\\/it\\\/#website\"},\"primaryImageOfPage\":{\"@id\":\"https:\\\/\\\/citygame.com\\\/it\\\/prenota-il-tuo-city-game\\\/prenota-city-games-in-kosovo\\\/#primaryimage\"},\"image\":{\"@id\":\"https:\\\/\\\/citygame.com\\\/it\\\/prenota-il-tuo-city-game\\\/prenota-city-games-in-kosovo\\\/#primaryimage\"},\"thumbnailUrl\":\"https:\\\/\\\/citygame.com\\\/wp-content\\\/blogs.dir\\\/1\\\/files\\\/2026\\\/02\\\/kosovo-gazimestan-monument-at-sunset.jpg\",\"datePublished\":\"2026-04-23T18:05:12+00:00\",\"breadcrumb\":{\"@id\":\"https:\\\/\\\/citygame.com\\\/it\\\/prenota-il-tuo-city-game\\\/prenota-city-games-in-kosovo\\\/#breadcrumb\"},\"inLanguage\":\"it-IT\",\"potentialAction\":[{\"@type\":\"ReadAction\",\"target\":[\"https:\\\/\\\/citygame.com\\\/it\\\/prenota-il-tuo-city-game\\\/prenota-city-games-in-kosovo\\\/\"]}]},{\"@type\":\"ImageObject\",\"inLanguage\":\"it-IT\",\"@id\":\"https:\\\/\\\/citygame.com\\\/it\\\/prenota-il-tuo-city-game\\\/prenota-city-games-in-kosovo\\\/#primaryimage\",\"url\":\"https:\\\/\\\/citygame.com\\\/wp-content\\\/blogs.dir\\\/1\\\/files\\\/2026\\\/02\\\/kosovo-gazimestan-monument-at-sunset.jpg\",\"contentUrl\":\"https:\\\/\\\/citygame.com\\\/wp-content\\\/blogs.dir\\\/1\\\/files\\\/2026\\\/02\\\/kosovo-gazimestan-monument-at-sunset.jpg\",\"width\":1376,\"height\":768,\"caption\":\"An aerial view of the Gazimestan monument tower standing atop a hill during a golden sunset.\"},{\"@type\":\"BreadcrumbList\",\"@id\":\"https:\\\/\\\/citygame.com\\\/it\\\/prenota-il-tuo-city-game\\\/prenota-city-games-in-kosovo\\\/#breadcrumb\",\"itemListElement\":[{\"@type\":\"ListItem\",\"position\":1,\"name\":\"Home\",\"item\":\"https:\\\/\\\/citygame.com\\\/it\\\/\"},{\"@type\":\"ListItem\",\"position\":2,\"name\":\"Prenota il tuo City Game\",\"item\":\"https:\\\/\\\/citygame.com\\\/it\\\/book\\\/\"},{\"@type\":\"ListItem\",\"position\":3,\"name\":\"Prenota City Games in Kosovo\"}]},{\"@type\":\"WebSite\",\"@id\":\"https:\\\/\\\/citygame.com\\\/it\\\/#website\",\"url\":\"https:\\\/\\\/citygame.com\\\/it\\\/\",\"name\":\"City Game\",\"description\":\"\",\"publisher\":{\"@id\":\"https:\\\/\\\/citygame.com\\\/it\\\/#organization\"},\"alternateName\":\"citygame.com\",\"potentialAction\":[{\"@type\":\"SearchAction\",\"target\":{\"@type\":\"EntryPoint\",\"urlTemplate\":\"https:\\\/\\\/citygame.com\\\/it\\\/?s={search_term_string}\"},\"query-input\":{\"@type\":\"PropertyValueSpecification\",\"valueRequired\":true,\"valueName\":\"search_term_string\"}}],\"inLanguage\":\"it-IT\"},{\"@type\":\"Organization\",\"@id\":\"https:\\\/\\\/citygame.com\\\/it\\\/#organization\",\"name\":\"City Game\",\"alternateName\":\"citygame.com\",\"url\":\"https:\\\/\\\/citygame.com\\\/it\\\/\",\"logo\":{\"@type\":\"ImageObject\",\"inLanguage\":\"it-IT\",\"@id\":\"https:\\\/\\\/citygame.com\\\/it\\\/#\\\/schema\\\/logo\\\/image\\\/\",\"url\":\"https:\\\/\\\/citygame.com\\\/wp-content\\\/blogs.dir\\\/1\\\/files\\\/2025\\\/10\\\/CG_LOGO-City-Game.png\",\"contentUrl\":\"https:\\\/\\\/citygame.com\\\/wp-content\\\/blogs.dir\\\/1\\\/files\\\/2025\\\/10\\\/CG_LOGO-City-Game.png\",\"width\":351,\"height\":377,\"caption\":\"City Game\"},\"image\":{\"@id\":\"https:\\\/\\\/citygame.com\\\/it\\\/#\\\/schema\\\/logo\\\/image\\\/\"},\"sameAs\":[\"https:\\\/\\\/www.facebook.com\\\/profile.php?id=100086426226253\",\"https:\\\/\\\/www.instagram.com\\\/citygame_com\",\"https:\\\/\\\/www.tiktok.com\\\/@citygamecom\\\/\",\"https:\\\/\\\/www.linkedin.com\\\/company\\\/citygame-com\"],\"description\":\"Turn any city into a playground with our interactive City Games and self-guided tours. Fun, flexible, and ideal for groups and team building.\"}]}<\/script>\n<!-- \/ Yoast SEO Premium plugin. -->","yoast_head_json":{"title":"Prenota City Games in Kosovo - City Game","robots":{"index":"index","follow":"follow","max-snippet":"max-snippet:-1","max-image-preview":"max-image-preview:large","max-video-preview":"max-video-preview:-1"},"canonical":"https:\/\/citygame.com\/it\/prenota-il-tuo-city-game\/prenota-city-games-in-kosovo\/","og_locale":"it_IT","og_type":"article","og_title":"Prenota City Games in Kosovo","og_url":"https:\/\/citygame.com\/it\/prenota-il-tuo-city-game\/prenota-city-games-in-kosovo\/","og_site_name":"City Game","article_publisher":"https:\/\/www.facebook.com\/profile.php?id=100086426226253","og_image":[{"width":1376,"height":768,"url":"https:\/\/citygame.com\/wp-content\/blogs.dir\/1\/files\/2026\/02\/kosovo-gazimestan-monument-at-sunset.jpg","type":"image\/jpeg"}],"twitter_card":"summary_large_image","schema":{"@context":"https:\/\/schema.org","@graph":[{"@type":"WebPage","@id":"https:\/\/citygame.com\/it\/prenota-il-tuo-city-game\/prenota-city-games-in-kosovo\/","url":"https:\/\/citygame.com\/it\/prenota-il-tuo-city-game\/prenota-city-games-in-kosovo\/","name":"Prenota City Games in Kosovo - City Game","isPartOf":{"@id":"https:\/\/citygame.com\/it\/#website"},"primaryImageOfPage":{"@id":"https:\/\/citygame.com\/it\/prenota-il-tuo-city-game\/prenota-city-games-in-kosovo\/#primaryimage"},"image":{"@id":"https:\/\/citygame.com\/it\/prenota-il-tuo-city-game\/prenota-city-games-in-kosovo\/#primaryimage"},"thumbnailUrl":"https:\/\/citygame.com\/wp-content\/blogs.dir\/1\/files\/2026\/02\/kosovo-gazimestan-monument-at-sunset.jpg","datePublished":"2026-04-23T18:05:12+00:00","breadcrumb":{"@id":"https:\/\/citygame.com\/it\/prenota-il-tuo-city-game\/prenota-city-games-in-kosovo\/#breadcrumb"},"inLanguage":"it-IT","potentialAction":[{"@type":"ReadAction","target":["https:\/\/citygame.com\/it\/prenota-il-tuo-city-game\/prenota-city-games-in-kosovo\/"]}]},{"@type":"ImageObject","inLanguage":"it-IT","@id":"https:\/\/citygame.com\/it\/prenota-il-tuo-city-game\/prenota-city-games-in-kosovo\/#primaryimage","url":"https:\/\/citygame.com\/wp-content\/blogs.dir\/1\/files\/2026\/02\/kosovo-gazimestan-monument-at-sunset.jpg","contentUrl":"https:\/\/citygame.com\/wp-content\/blogs.dir\/1\/files\/2026\/02\/kosovo-gazimestan-monument-at-sunset.jpg","width":1376,"height":768,"caption":"An aerial view of the Gazimestan monument tower standing atop a hill during a golden sunset."},{"@type":"BreadcrumbList","@id":"https:\/\/citygame.com\/it\/prenota-il-tuo-city-game\/prenota-city-games-in-kosovo\/#breadcrumb","itemListElement":[{"@type":"ListItem","position":1,"name":"Home","item":"https:\/\/citygame.com\/it\/"},{"@type":"ListItem","position":2,"name":"Prenota il tuo City Game","item":"https:\/\/citygame.com\/it\/book\/"},{"@type":"ListItem","position":3,"name":"Prenota City Games in Kosovo"}]},{"@type":"WebSite","@id":"https:\/\/citygame.com\/it\/#website","url":"https:\/\/citygame.com\/it\/","name":"City Game","description":"","publisher":{"@id":"https:\/\/citygame.com\/it\/#organization"},"alternateName":"citygame.com","potentialAction":[{"@type":"SearchAction","target":{"@type":"EntryPoint","urlTemplate":"https:\/\/citygame.com\/it\/?s={search_term_string}"},"query-input":{"@type":"PropertyValueSpecification","valueRequired":true,"valueName":"search_term_string"}}],"inLanguage":"it-IT"},{"@type":"Organization","@id":"https:\/\/citygame.com\/it\/#organization","name":"City Game","alternateName":"citygame.com","url":"https:\/\/citygame.com\/it\/","logo":{"@type":"ImageObject","inLanguage":"it-IT","@id":"https:\/\/citygame.com\/it\/#\/schema\/logo\/image\/","url":"https:\/\/citygame.com\/wp-content\/blogs.dir\/1\/files\/2025\/10\/CG_LOGO-City-Game.png","contentUrl":"https:\/\/citygame.com\/wp-content\/blogs.dir\/1\/files\/2025\/10\/CG_LOGO-City-Game.png","width":351,"height":377,"caption":"City Game"},"image":{"@id":"https:\/\/citygame.com\/it\/#\/schema\/logo\/image\/"},"sameAs":["https:\/\/www.facebook.com\/profile.php?id=100086426226253","https:\/\/www.instagram.com\/citygame_com","https:\/\/www.tiktok.com\/@citygamecom\/","https:\/\/www.linkedin.com\/company\/citygame-com"],"description":"Turn any city into a playground with our interactive City Games and self-guided tours. Fun, flexible, and ideal for groups and team building."}]}},"taxonomy_info":{"cg_page_type":[{"value":636,"label":"Book in COUNTRY page"}]},"featured_image_src_large":["https:\/\/citygame.com\/wp-content\/blogs.dir\/1\/files\/2026\/02\/kosovo-gazimestan-monument-at-sunset-1024x572.jpg",1024,572,true],"author_info":{"display_name":"Philip","author_link":"https:\/\/citygame.com\/it\/blog\/author\/sophi2\/"},"comment_info":0,"wpml_current_locale":"it_IT","wpml_translations":{"nl_NL":{"locale":"nl_NL","id":227980,"slug":"boek-city-games-in-kosovo","post_title":"Boek City Games in Kosovo","href":"https:\/\/citygame.com\/nl\/book-your-city-game\/boek-city-games-in-kosovo\/"},"en_US":{"locale":"en_US","id":19233,"slug":"in-kosovo","post_title":"Book City Games in Kosovo","href":"https:\/\/citygame.com\/book\/in-kosovo\/"},"fr_FR":{"locale":"fr_FR","id":228004,"slug":"reservez-city-games-au-kosovo","post_title":"R\u00e9servez City Games au Kosovo","href":"https:\/\/citygame.com\/fr\/reservez-votre-city-game\/reservez-city-games-au-kosovo\/"},"de_DE":{"locale":"de_DE","id":227991,"slug":"buchen-sie-city-game-in-kosovo","post_title":"Buchen Sie City Game in Kosovo","href":"https:\/\/citygame.com\/de\/buchen-sie-ihr-city-game\/buchen-sie-city-game-in-kosovo\/"},"it_IT":{"locale":"it_IT","translation":"current"},"es_ES":{"locale":"es_ES","id":227996,"slug":"reserva-city-games-en-kosovo","post_title":"Reserva City Games en Kosovo","href":"https:\/\/citygame.com\/es\/prenota-il-tuo-city-game\/reserva-city-games-en-kosovo\/"}},"_links":{"self":[{"href":"https:\/\/citygame.com\/it\/wp-json\/wp\/v2\/pages\/228009","targetHints":{"allow":["GET"]}}],"collection":[{"href":"https:\/\/citygame.com\/it\/wp-json\/wp\/v2\/pages"}],"about":[{"href":"https:\/\/citygame.com\/it\/wp-json\/wp\/v2\/types\/page"}],"author":[{"embeddable":true,"href":"https:\/\/citygame.com\/it\/wp-json\/wp\/v2\/users\/78"}],"replies":[{"embeddable":true,"href":"https:\/\/citygame.com\/it\/wp-json\/wp\/v2\/comments?post=228009"}],"version-history":[{"count":0,"href":"https:\/\/citygame.com\/it\/wp-json\/wp\/v2\/pages\/228009\/revisions"}],"up":[{"embeddable":true,"href":"https:\/\/citygame.com\/it\/wp-json\/wp\/v2\/pages\/225823"}],"acf:term":[{"embeddable":true,"taxonomy":"cities-only-parent-location","href":"https:\/\/citygame.com\/it\/wp-json\/wp\/v2\/cities-only-parent-location\/612"}],"wp:featuredmedia":[{"embeddable":true,"href":"https:\/\/citygame.com\/it\/wp-json\/wp\/v2\/media\/15746"}],"wp:attachment":[{"href":"https:\/\/citygame.com\/it\/wp-json\/wp\/v2\/media?parent=228009"}],"wp:term":[{"taxonomy":"cities-only-parent-location","embeddable":true,"href":"https:\/\/citygame.com\/it\/wp-json\/wp\/v2\/cities-only-parent-location?post=228009"},{"taxonomy":"countries-only-parent-locations","embeddable":true,"href":"https:\/\/citygame.com\/it\/wp-json\/wp\/v2\/countries-only-parent-locations?post=228009"},{"taxonomy":"seo_keyword","embeddable":true,"href":"https:\/\/citygame.com\/it\/wp-json\/wp\/v2\/seo_keyword?post=228009"},{"taxonomy":"cg_page_type","embeddable":true,"href":"https:\/\/citygame.com\/it\/wp-json\/wp\/v2\/cg_page_type?post=228009"}],"curies":[{"name":"wp","href":"https:\/\/api.w.org\/{rel}","templated":true}]}}