{"id":228257,"date":"2026-04-24T16:19:49","date_gmt":"2026-04-24T16:19:49","guid":{"rendered":"https:\/\/citygame.com\/locations\/egypt\/city-game-sharm-el-sheikh-2\/"},"modified":"2026-04-24T16:19:49","modified_gmt":"2026-04-24T16:19:49","slug":"city-game-sharm-el-sheikh-2","status":"publish","type":"page","link":"https:\/\/citygame.com\/it\/luoghi\/city-game-egitto\/city-game-sharm-el-sheikh-2\/","title":{"rendered":"City Game Sharm el Sheikh"},"content":{"rendered":"","protected":false},"excerpt":{"rendered":"","protected":false},"author":78,"featured_media":11953,"parent":225773,"menu_order":0,"comment_status":"closed","ping_status":"closed","template":"","meta":{"_acf_changed":false,"_yoast_wpseo_focuskw":"City Game Sharm el Sheikh","_yoast_wpseo_metadesc":"","_kad_blocks_custom_css":"","_kad_blocks_head_custom_js":"","_kad_blocks_body_custom_js":"","_kad_blocks_footer_custom_js":"","_kad_post_transparent":"","_kad_post_title":"","_kad_post_layout":"","_kad_post_sidebar_id":"","_kad_post_content_style":"","_kad_post_vertical_padding":"","_kad_post_feature":"","_kad_post_feature_position":"","_kad_post_header":false,"_kad_post_footer":false,"_kad_post_classname":"","footnotes":""},"cities-only-parent-location":[519],"countries-only-parent-locations":[],"seo_keyword":[],"cg_page_type":[45],"class_list":["post-228257","page","type-page","status-publish","has-post-thumbnail","hentry","cities-only-parent-location-egypt","cg_page_type-city-overview-page"],"acf":{"city_name":"Sharm el Sheikh","select_city":369,"section_1_h2_city_games_in_city":"City Games in Sharm el Sheikh","intro_text":"City Games sono disponibili a Sharm el Sheikh, offrendo un modo interattivo per vivere la citt\u00e0 attraverso enigmi e sfide coinvolgenti. Giocati sul tuo smartphone, ogni gioco \u00e8 progettato come un'avventura autoguidata che ti permette di esplorare l'area al tuo ritmo. Naviga tra diverse localit\u00e0 mentre completi compiti che si sviluppano lungo la citt\u00e0.","section_1_usp_1":"Avvia, metti in pausa e continua quando vuoi","section_1_usp_2":"Gioca in modo indipendente","section_1_usp_3":"1-4 o 2-5 persone per smartphone, a seconda del tuo gioco","section_1_usp_4":"1,5\u20132 ore di gioco","section_1_usp_5":"Distanza a piedi di 3-4 km","section_1_usp_6":"\u00c8 richiesta una connessione Internet","section_1_text_2":"Scegli City Game e inizia a giocare oggi!","section_1_cta":"Controlla tutti i City Games","intro_image":11954,"section_2_h2_all_city_games_in_city":"Tutti i City Games a Sharm el Sheikh","section_3_h2_how_city_games_work_in_city":"Come funzionano City Games a Sharm el Sheikh","section_3_text":"Iniziare \u00e8 facile. Scegli City Game a Sharm el Sheikh, prenota la tua avventura e inizia a giocare quando vuoi. Tutto ci\u00f2 di cui hai bisogno ti verr\u00e0 inviato immediatamente dopo la prenotazione: niente guida, nessun orario di inizio rigido, solo il tuo team e la citt\u00e0.","section_3_usp_1":"1,5\u20132 ore di gioco","section_3_usp_2":"Distanza a piedi di 3-4 km attraverso la citt\u00e0","section_3_usp_3":"Avvia, metti in pausa e continua quando vuoi","section_3_usp_4":"1-4 o 2-5 persone per smartphone, a seconda del tuo gioco","section_3_usp_5":"Gioca in modo indipendente con il tuo dispositivo","section_3_usp_6":"\u00c8 richiesta una connessione Internet durante il gioco","section_3_cta":"Scegli la tua citt\u00e0","section_3_step_1":"Fase 1","section_3_step_1_title":"Scegli la tua citt\u00e0 e il gioco","section_3_step_1_text":"Seleziona la citt\u00e0 in cui vuoi giocare e prenota online il tuo City Game in pochi click.","section_3_step_2":"Fase 2","section_3_step_2_title":"Ricevi le istruzioni del gioco","section_3_step_2_text":"Dopo la prenotazione riceverai immediatamente un'email con tutte le istruzioni e l'accesso al gioco.","section_3_step_3":"Fase 3","section_3_step_3_title":"Vai al punto di partenza","section_3_step_3_text":"Dirigiti al punto di partenza in citt\u00e0 quando ti \u00e8 comodo. Non ci sono orari di inizio fissi.","section_3_step_4":"Fase 4","section_3_step_4_title":"Avvia il tuo City Game","section_3_step_4_text":"Segui gli indizi, risolvi enigmi e scopri la citt\u00e0 mentre completi divertenti sfide lungo il percorso.","how_city_games_work_image":11955,"section_4_h2_who_are_city_games_in_city_for":"Per chi sono i City Games a Sharm el Sheikh?","section_4_text":"I City Games a Sharm el Sheikh sono progettati per chiunque voglia vivere la citt\u00e0 in modo interattivo e flessibile. Che tu stia visitando Sharm el Sheikh per la prima volta o gi\u00e0 conosca bene la citt\u00e0, i City Games offrono un'attivit\u00e0 divertente che si inserisce facilmente nella tua giornata.","section_4_text_2":"City Games a Sharm el Sheikh sono adatti a:","section_4_usp_1":"Giocatori in solitaria o piccoli gruppi in cerca di un'avventura flessibile","section_4_usp_2":"Turisti che esplorano Sharm el Sheikh","section_4_usp_3":"Amici e famiglie in cerca di un'attivit\u00e0 divertente","section_4_usp_4":"Aziende e team che pianificano un evento di teambuilding","section_4_usp_5":"Residenti locali che vogliono riscoprire la loro citt\u00e0","section_4_cta":"Trova un City Game nella tua citt\u00e0","who_are_city_games_for_image":11956,"section_5_h2_exploring_city":"Esplorando Sharm el Sheikh","exploring_city_text":"Sharm el Sheikh si sviluppa lungo il bordo della penisola del Sinai, dove le vivaci acque del Mar Rosso si incontrano con il paesaggio desertico soleggiato. L'esperienza della citt\u00e0 \u00e8 modellata dal suo andamento costiero, con la passeggiata di Naama Bay che offre una combinazione di viali alberati di palme e un accesso vicino a spiagge ricche di corallo. Vagare in questa zona offre una miscela di atmosfera rilassata di mare e viste su un'architettura a basso profilo che riflette sia l'influenza dei resort sia il carattere regionale.\n\nPi\u00f9 a sud, l'area del Old Market, nota localmente come Sharm Old Town, aggiunge contrasto con la sua miscela di negozi tradizionali egiziani e vicoli ombreggiati. La vicina Moschea Al Sahaba si distingue per la facciata dettagliata e per i minareti gemelli, ancorando la parte pi\u00f9 antica della citt\u00e0 con un senso di profondit\u00e0 culturale. Esplorare Sharm el Sheikh significa muoversi in spazi dove il paesaggio naturale e la vita cittadina in evoluzione restano strettamente legati.","exploring_city_image":11957,"section_6_h2_hosted_game":"I tuoi City Games preferiti, ospitati professionalmente dal nostro team","section_6_text":"Goditi gli stessi City Games della versione autoguidata, ma con supporto completo sul posto da parte dei nostri host professionisti. Ci occupiamo del briefing, dei tablet, del coordinamento e del supporto tecnico, cos\u00ec che il tuo gruppo possa concentrarsi interamente sul divertimento e sulla gara.","section_6_text_2":"Cosa \u00e8 Incluso:","section_6_usp_1_title":"Lo stesso City Game, completamente ospitato","section_6_usp_1_text":"Giochi la stessa esperienza della nostra versione autoguidata, ora guidata dai nostri host.","section_6_usp_2_title":"Classifica in tempo reale e cerimonia di premiazione","section_6_usp_2_text":"Per gruppi pi\u00f9 numerosi, i nostri host rivelano i punteggi finali e annunciano la squadra vincente con un momento di premiazione divertente.","section_6_usp_3_title":"Avvio e chiusura ospitati","section_6_usp_3_text":"Accogliamo il tuo gruppo, spieghiamo chiaramente il gioco e terminiamo con un entusiasmante wrap-up.","section_6_usp_4_title":"Supporto in tempo reale durante il gioco","section_6_usp_4_text":"Il nostro team assiste con dispositivi, problemi dell'app e coordinamento durante l'esperienza.","section_6_usp_5_title":"Tablets inclusi (opzionali)","section_6_usp_5_text":"Disponibili per gruppi che preferiscono utilizzare i nostri dispositivi invece dei propri.","section_6_text_3":"Fidato da team in tutto il mondo, dai piccoli gruppi a grandi eventi aziendali.","section_6_cta":"Pianifica il tuo evento di gruppo","section_7_h2_reviews":"Cosa ne pensano gli altri dei nostri City Games","section_7_cta_1":"Visualizza tutte le domande frequenti","section_7_cta_2":"Ottieni supporto","section_8_h2_faq":"Hai domande? Abbiamo risposte!","section_8_text":"Esplora le citt\u00e0 in modo divertente e interattivo con i nostri City Games. Risolvi enigmi, scopri luoghi nascosti e vivi la citt\u00e0 giocando con amici, familiari o colleghi, quando ti \u00e8 pi\u00f9 comodo.","section_8_cta_1":"Visualizza tutte le domande frequenti","section_8_cta_2":"Ottieni supporto","section_8_question_1":"Cosa sono City Games a Sharm el Sheikh?","section_8_answer_1":"City Games a Sharm el Sheikh sono <strong>esperienze interattive e autoguidate<\/strong> che ti permettono di esplorare la citt\u00e0 giocando!\r\n\r\nUsando il tuo smartphone, risolvi enigmi, completi sfide e segui la trama del City Game che hai scelto mentre cammini per la citt\u00e0.\r\n\r\nCity Games combinano lavoro di squadra, risoluzione dei problemi e esplorazione all'aperto, rendendole un'attivit\u00e0 divertente per visitatori, residenti e gruppi.","section_8_question_2":"Ho bisogno di una guida per giocare a City Game a Sharm el Sheikh?","section_8_answer_2":"<p class=\"kt-adv-heading2034_2420ea-ca wp-block-kadence-advancedheading\" data-kb-block=\"kb-adv-heading2034_2420ea-ca\">No, City Games a Sharm el Sheikh sono <strong>completamente autoguidate<\/strong>. Non serve una guida, n\u00e9 un ospite o personale sul posto per giocare. Tutte le istruzioni e il gameplay sono forniti digitalmente, permettendoti di iniziare e giocare in modo indipendente usando il tuo smartphone.<\/p>\r\nQuesta flessibilit\u00e0 rende City Games facili da inserire nel tuo programma.\r\n<p class=\"kt-adv-heading2034_cd3db2-33 wp-block-kadence-advancedheading hls-none\" data-kb-block=\"kb-adv-heading2034_cd3db2-33\">Per gruppi pi\u00f9 numerosi o eventi aziendali, \u00e8 disponibile anche una versione completamente ospitata dei nostri City Games, che include guida in loco, tablet e supporto live.<\/p>\r\nHai in programma un gruppo pi\u00f9 numeroso o un evento aziendale?","section_8_answer_2_cta":"Esplora l'esperienza City Game ospitata per gruppi","section_8_question_3":"Quando possiamo iniziare a giocare a City Game a Sharm el Sheikh?","section_8_answer_3":"Puoi iniziare a giocare <strong>quando ti \u00e8 comodo<\/strong>! I City Games a Sharm el Sheikh non hanno orari di inizio fissati, quindi sei libero di iniziare in un momento che si adatta ai tuoi piani.\r\n\r\nDopo la prenotazione, riceverai istruzioni chiare che spiegano come e quando puoi iniziare il tuo City Game!","section_8_question_4":"Quanto tempo richiede un City Game a Sharm el Sheikh?","section_8_answer_4":"I City Games a Sharm el Sheikh richiedono <strong>circa 1,5\u20132 ore<\/strong> per essere completati! La durata esatta dipende dal tuo ritmo, da quante pause fai e da quanto velocemente risolvi gli enigmi e le sfide.\r\n\r\nPuoi giocare al tuo ritmo e mettere in pausa il gioco ogni volta che vuoi!","section_8_question_5":"Possiamo giocare a City Game a Sharm el Sheikh con un grande gruppo?","section_8_answer_5":"<p class=\"kt-adv-heading2034_97743b-76 wp-block-kadence-advancedheading\" data-kb-block=\"kb-adv-heading2034_97743b-76\">S\u00ec, City Games sono adatti sia a <strong>piccoli gruppi sia a team pi\u00f9 grandi<\/strong>. Grandi gruppi possono facilmente suddivideresi in team pi\u00f9 piccoli e giocare al City Game contemporaneamente, usando pi\u00f9 smartphone. Ogni team gioca in modo indipendente, seguendo lo stesso concept di gioco e la stessa storyline.<\/p>\r\nQuesta configurazione funziona bene per gruppi di amici, famiglie e aziende, e rende City Games una scelta popolare per uscite di gruppo, eventi e attivit\u00e0 di teambuilding.\r\n<p class=\"kt-adv-heading2034_7442e3-e3 wp-block-kadence-advancedheading hls-none\" data-kb-block=\"kb-adv-heading2034_7442e3-e3\">Per gruppi pi\u00f9 numerosi o eventi aziendali, \u00e8 disponibile anche una versione completamente ospitata dei nostri City Games, che include guida in loco, tablet e supporto live.<\/p>\r\nPianificare un gruppo pi\u00f9 numeroso o un evento aziendale?","section_8_answer_5_cta":"Esplora l'esperienza City Game ospitata per gruppi","section_8_question_6":"Sono i City Games a Sharm el Sheikh adatti a turisti e residenti?","section_8_answer_6":"S\u00ec, i City Games a Sharm el Sheikh sono adatti sia a <strong>turisti che residenti<\/strong>. I visitatori possono vivere la citt\u00e0 in modo interattivo, mentre i residenti possono godere delle strade familiari come scenario per un City Game.\r\n\r\nPoich\u00e9 ogni City Game si concentra sul gameplay e sulla narrazione, l'esperienza risulta fresca indipendentemente da quanto conosci gi\u00e0 la citt\u00e0.","section_8_question_7":"I City Games a Sharm el Sheikh sono disponibili in pi\u00f9 lingue?","section_8_answer_7":"S\u00ec, i City Games a Sharm el Sheikh sono <strong>disponibili in pi\u00f9 lingue<\/strong>. Puoi selezionare la lingua preferita prima o durante il gioco, rendendo i City Games accessibili a visitatori internazionali e gruppi multilingue.","section_8_question_8":"Di cosa abbiamo bisogno per giocare a City Game a Sharm el Sheikh?","section_8_answer_8":"Per giocare a City Game a Sharm el Sheikh, hai bisogno di:","section_8_answer_8_usp_1":"Uno smartphone con connessione a Internet","section_8_answer_8_usp_2":"Una batteria carica","section_8_answer_8_usp_3":"Scarpe comode","section_8_answer_8_2":"Tutti i contenuti di gioco e le istruzioni sono forniti digitalmente dopo la prenotazione.","section_9_h2_instagram":"Vedi di pi\u00f9 su Instagram","section_9_text":"Ispirazione di viaggio, enigmi, gemme nascoste e momenti City Game, direttamente dalla nostra community","section_9_cta":"Seguici su Instagram","section_10_h2_page_ending":"Pronto per un'avventura indimenticabile a Sharm el Sheikh?","section_10_text":"Esplora Sharm el Sheikh in modo unico e interattivo con i nostri City Games. Gioca oggi e crea ricordi duraturi!","section_10_cta":"Prenota ora il tuo City Game","latitude":27.91185982,"longitude":34.325395524502,"country":519,"map_enabled":true},"yoast_head":"<!-- This site is optimized with the Yoast SEO Premium plugin v26.2 (Yoast SEO v27.4) - https:\/\/yoast.com\/product\/yoast-seo-premium-wordpress\/ -->\n<title>City Game Sharm el Sheikh - City Game<\/title>\n<meta name=\"robots\" content=\"index, follow, max-snippet:-1, max-image-preview:large, max-video-preview:-1\" \/>\n<link rel=\"canonical\" href=\"https:\/\/citygame.com\/it\/luoghi\/city-game-egitto\/city-game-sharm-el-sheikh-2\/\" \/>\n<meta property=\"og:locale\" content=\"it_IT\" \/>\n<meta property=\"og:type\" content=\"article\" \/>\n<meta property=\"og:title\" content=\"City Game Sharm el Sheikh\" \/>\n<meta property=\"og:url\" content=\"https:\/\/citygame.com\/it\/luoghi\/city-game-egitto\/city-game-sharm-el-sheikh-2\/\" \/>\n<meta property=\"og:site_name\" content=\"City Game\" \/>\n<meta property=\"article:publisher\" content=\"https:\/\/www.facebook.com\/profile.php?id=100086426226253\" \/>\n<meta property=\"og:image\" content=\"https:\/\/citygame.com\/wp-content\/blogs.dir\/1\/files\/2026\/02\/sharm-el-sheikh-al-sahaba-mosque-sunset.jpg\" \/>\n\t<meta property=\"og:image:width\" content=\"1376\" \/>\n\t<meta property=\"og:image:height\" content=\"768\" \/>\n\t<meta property=\"og:image:type\" content=\"image\/jpeg\" \/>\n<meta name=\"twitter:card\" content=\"summary_large_image\" \/>\n<script type=\"application\/ld+json\" class=\"yoast-schema-graph\">{\"@context\":\"https:\\\/\\\/schema.org\",\"@graph\":[{\"@type\":\"WebPage\",\"@id\":\"https:\\\/\\\/citygame.com\\\/it\\\/luoghi\\\/city-game-egitto\\\/city-game-sharm-el-sheikh-2\\\/\",\"url\":\"https:\\\/\\\/citygame.com\\\/it\\\/luoghi\\\/city-game-egitto\\\/city-game-sharm-el-sheikh-2\\\/\",\"name\":\"City Game Sharm el Sheikh - City Game\",\"isPartOf\":{\"@id\":\"https:\\\/\\\/citygame.com\\\/it\\\/#website\"},\"primaryImageOfPage\":{\"@id\":\"https:\\\/\\\/citygame.com\\\/it\\\/luoghi\\\/city-game-egitto\\\/city-game-sharm-el-sheikh-2\\\/#primaryimage\"},\"image\":{\"@id\":\"https:\\\/\\\/citygame.com\\\/it\\\/luoghi\\\/city-game-egitto\\\/city-game-sharm-el-sheikh-2\\\/#primaryimage\"},\"thumbnailUrl\":\"https:\\\/\\\/citygame.com\\\/wp-content\\\/blogs.dir\\\/1\\\/files\\\/2026\\\/02\\\/sharm-el-sheikh-al-sahaba-mosque-sunset.jpg\",\"datePublished\":\"2026-04-24T16:19:49+00:00\",\"breadcrumb\":{\"@id\":\"https:\\\/\\\/citygame.com\\\/it\\\/luoghi\\\/city-game-egitto\\\/city-game-sharm-el-sheikh-2\\\/#breadcrumb\"},\"inLanguage\":\"it-IT\",\"potentialAction\":[{\"@type\":\"ReadAction\",\"target\":[\"https:\\\/\\\/citygame.com\\\/it\\\/luoghi\\\/city-game-egitto\\\/city-game-sharm-el-sheikh-2\\\/\"]}]},{\"@type\":\"ImageObject\",\"inLanguage\":\"it-IT\",\"@id\":\"https:\\\/\\\/citygame.com\\\/it\\\/luoghi\\\/city-game-egitto\\\/city-game-sharm-el-sheikh-2\\\/#primaryimage\",\"url\":\"https:\\\/\\\/citygame.com\\\/wp-content\\\/blogs.dir\\\/1\\\/files\\\/2026\\\/02\\\/sharm-el-sheikh-al-sahaba-mosque-sunset.jpg\",\"contentUrl\":\"https:\\\/\\\/citygame.com\\\/wp-content\\\/blogs.dir\\\/1\\\/files\\\/2026\\\/02\\\/sharm-el-sheikh-al-sahaba-mosque-sunset.jpg\",\"width\":1376,\"height\":768,\"caption\":\"Tourists on a promenade look out over the Al-Sahaba Mosque and the Red Sea at dusk.\"},{\"@type\":\"BreadcrumbList\",\"@id\":\"https:\\\/\\\/citygame.com\\\/it\\\/luoghi\\\/city-game-egitto\\\/city-game-sharm-el-sheikh-2\\\/#breadcrumb\",\"itemListElement\":[{\"@type\":\"ListItem\",\"position\":1,\"name\":\"Home\",\"item\":\"https:\\\/\\\/citygame.com\\\/it\\\/\"},{\"@type\":\"ListItem\",\"position\":2,\"name\":\"Locations\",\"item\":\"https:\\\/\\\/citygame.com\\\/it\\\/?page_id=1598\"},{\"@type\":\"ListItem\",\"position\":3,\"name\":\"City Game Egypt\",\"item\":\"https:\\\/\\\/citygame.com\\\/it\\\/locations\\\/egypt\\\/\"},{\"@type\":\"ListItem\",\"position\":4,\"name\":\"City Game Sharm el Sheikh\"}]},{\"@type\":\"WebSite\",\"@id\":\"https:\\\/\\\/citygame.com\\\/it\\\/#website\",\"url\":\"https:\\\/\\\/citygame.com\\\/it\\\/\",\"name\":\"City Game\",\"description\":\"\",\"publisher\":{\"@id\":\"https:\\\/\\\/citygame.com\\\/it\\\/#organization\"},\"alternateName\":\"citygame.com\",\"potentialAction\":[{\"@type\":\"SearchAction\",\"target\":{\"@type\":\"EntryPoint\",\"urlTemplate\":\"https:\\\/\\\/citygame.com\\\/it\\\/?s={search_term_string}\"},\"query-input\":{\"@type\":\"PropertyValueSpecification\",\"valueRequired\":true,\"valueName\":\"search_term_string\"}}],\"inLanguage\":\"it-IT\"},{\"@type\":\"Organization\",\"@id\":\"https:\\\/\\\/citygame.com\\\/it\\\/#organization\",\"name\":\"City Game\",\"alternateName\":\"citygame.com\",\"url\":\"https:\\\/\\\/citygame.com\\\/it\\\/\",\"logo\":{\"@type\":\"ImageObject\",\"inLanguage\":\"it-IT\",\"@id\":\"https:\\\/\\\/citygame.com\\\/it\\\/#\\\/schema\\\/logo\\\/image\\\/\",\"url\":\"https:\\\/\\\/citygame.com\\\/wp-content\\\/blogs.dir\\\/1\\\/files\\\/2025\\\/10\\\/CG_LOGO-City-Game.png\",\"contentUrl\":\"https:\\\/\\\/citygame.com\\\/wp-content\\\/blogs.dir\\\/1\\\/files\\\/2025\\\/10\\\/CG_LOGO-City-Game.png\",\"width\":351,\"height\":377,\"caption\":\"City Game\"},\"image\":{\"@id\":\"https:\\\/\\\/citygame.com\\\/it\\\/#\\\/schema\\\/logo\\\/image\\\/\"},\"sameAs\":[\"https:\\\/\\\/www.facebook.com\\\/profile.php?id=100086426226253\",\"https:\\\/\\\/www.instagram.com\\\/citygame_com\",\"https:\\\/\\\/www.tiktok.com\\\/@citygamecom\\\/\",\"https:\\\/\\\/www.linkedin.com\\\/company\\\/citygame-com\"],\"description\":\"Turn any city into a playground with our interactive City Games and self-guided tours. Fun, flexible, and ideal for groups and team building.\"}]}<\/script>\n<!-- \/ Yoast SEO Premium plugin. -->","yoast_head_json":{"title":"City Game Sharm el Sheikh - City Game","robots":{"index":"index","follow":"follow","max-snippet":"max-snippet:-1","max-image-preview":"max-image-preview:large","max-video-preview":"max-video-preview:-1"},"canonical":"https:\/\/citygame.com\/it\/luoghi\/city-game-egitto\/city-game-sharm-el-sheikh-2\/","og_locale":"it_IT","og_type":"article","og_title":"City Game Sharm el Sheikh","og_url":"https:\/\/citygame.com\/it\/luoghi\/city-game-egitto\/city-game-sharm-el-sheikh-2\/","og_site_name":"City Game","article_publisher":"https:\/\/www.facebook.com\/profile.php?id=100086426226253","og_image":[{"width":1376,"height":768,"url":"https:\/\/citygame.com\/wp-content\/blogs.dir\/1\/files\/2026\/02\/sharm-el-sheikh-al-sahaba-mosque-sunset.jpg","type":"image\/jpeg"}],"twitter_card":"summary_large_image","schema":{"@context":"https:\/\/schema.org","@graph":[{"@type":"WebPage","@id":"https:\/\/citygame.com\/it\/luoghi\/city-game-egitto\/city-game-sharm-el-sheikh-2\/","url":"https:\/\/citygame.com\/it\/luoghi\/city-game-egitto\/city-game-sharm-el-sheikh-2\/","name":"City Game Sharm el Sheikh - City Game","isPartOf":{"@id":"https:\/\/citygame.com\/it\/#website"},"primaryImageOfPage":{"@id":"https:\/\/citygame.com\/it\/luoghi\/city-game-egitto\/city-game-sharm-el-sheikh-2\/#primaryimage"},"image":{"@id":"https:\/\/citygame.com\/it\/luoghi\/city-game-egitto\/city-game-sharm-el-sheikh-2\/#primaryimage"},"thumbnailUrl":"https:\/\/citygame.com\/wp-content\/blogs.dir\/1\/files\/2026\/02\/sharm-el-sheikh-al-sahaba-mosque-sunset.jpg","datePublished":"2026-04-24T16:19:49+00:00","breadcrumb":{"@id":"https:\/\/citygame.com\/it\/luoghi\/city-game-egitto\/city-game-sharm-el-sheikh-2\/#breadcrumb"},"inLanguage":"it-IT","potentialAction":[{"@type":"ReadAction","target":["https:\/\/citygame.com\/it\/luoghi\/city-game-egitto\/city-game-sharm-el-sheikh-2\/"]}]},{"@type":"ImageObject","inLanguage":"it-IT","@id":"https:\/\/citygame.com\/it\/luoghi\/city-game-egitto\/city-game-sharm-el-sheikh-2\/#primaryimage","url":"https:\/\/citygame.com\/wp-content\/blogs.dir\/1\/files\/2026\/02\/sharm-el-sheikh-al-sahaba-mosque-sunset.jpg","contentUrl":"https:\/\/citygame.com\/wp-content\/blogs.dir\/1\/files\/2026\/02\/sharm-el-sheikh-al-sahaba-mosque-sunset.jpg","width":1376,"height":768,"caption":"Tourists on a promenade look out over the Al-Sahaba Mosque and the Red Sea at dusk."},{"@type":"BreadcrumbList","@id":"https:\/\/citygame.com\/it\/luoghi\/city-game-egitto\/city-game-sharm-el-sheikh-2\/#breadcrumb","itemListElement":[{"@type":"ListItem","position":1,"name":"Home","item":"https:\/\/citygame.com\/it\/"},{"@type":"ListItem","position":2,"name":"Locations","item":"https:\/\/citygame.com\/it\/?page_id=1598"},{"@type":"ListItem","position":3,"name":"City Game Egypt","item":"https:\/\/citygame.com\/it\/locations\/egypt\/"},{"@type":"ListItem","position":4,"name":"City Game Sharm el Sheikh"}]},{"@type":"WebSite","@id":"https:\/\/citygame.com\/it\/#website","url":"https:\/\/citygame.com\/it\/","name":"City Game","description":"","publisher":{"@id":"https:\/\/citygame.com\/it\/#organization"},"alternateName":"citygame.com","potentialAction":[{"@type":"SearchAction","target":{"@type":"EntryPoint","urlTemplate":"https:\/\/citygame.com\/it\/?s={search_term_string}"},"query-input":{"@type":"PropertyValueSpecification","valueRequired":true,"valueName":"search_term_string"}}],"inLanguage":"it-IT"},{"@type":"Organization","@id":"https:\/\/citygame.com\/it\/#organization","name":"City Game","alternateName":"citygame.com","url":"https:\/\/citygame.com\/it\/","logo":{"@type":"ImageObject","inLanguage":"it-IT","@id":"https:\/\/citygame.com\/it\/#\/schema\/logo\/image\/","url":"https:\/\/citygame.com\/wp-content\/blogs.dir\/1\/files\/2025\/10\/CG_LOGO-City-Game.png","contentUrl":"https:\/\/citygame.com\/wp-content\/blogs.dir\/1\/files\/2025\/10\/CG_LOGO-City-Game.png","width":351,"height":377,"caption":"City Game"},"image":{"@id":"https:\/\/citygame.com\/it\/#\/schema\/logo\/image\/"},"sameAs":["https:\/\/www.facebook.com\/profile.php?id=100086426226253","https:\/\/www.instagram.com\/citygame_com","https:\/\/www.tiktok.com\/@citygamecom\/","https:\/\/www.linkedin.com\/company\/citygame-com"],"description":"Turn any city into a playground with our interactive City Games and self-guided tours. Fun, flexible, and ideal for groups and team building."}]}},"taxonomy_info":{"cities-only-parent-location":[{"value":519,"label":"Egypt"}],"cg_page_type":[{"value":45,"label":"City overview page"}]},"featured_image_src_large":["https:\/\/citygame.com\/wp-content\/blogs.dir\/1\/files\/2026\/02\/sharm-el-sheikh-al-sahaba-mosque-sunset-1024x572.jpg",1024,572,true],"author_info":{"display_name":"Philip","author_link":"https:\/\/citygame.com\/it\/blog\/author\/sophi2\/"},"comment_info":0,"wpml_current_locale":"it_IT","wpml_translations":{"nl_NL":{"locale":"nl_NL","id":228235,"slug":"city-game-sharm-el-sheikh-2","post_title":"City Game Sharm el Sheikh","href":"https:\/\/citygame.com\/nl\/locaties\/city-game-egypt\/city-game-sharm-el-sheikh-2\/"},"en_US":{"locale":"en_US","id":11964,"slug":"city-game-sharm-el-sheikh","post_title":"City Game Sharm el Sheikh","href":"https:\/\/citygame.com\/locations\/egypt\/city-game-sharm-el-sheikh\/"},"fr_FR":{"locale":"fr_FR","id":228252,"slug":"city-game-sharm-el-sheikh-2","post_title":"City Game Sharm el Sheikh","href":"https:\/\/citygame.com\/fr\/emplacements\/city-game-egypte\/city-game-sharm-el-sheikh-2\/"},"de_DE":{"locale":"de_DE","id":228240,"slug":"city-game-sharm-el-sheikh-2","post_title":"City Game Sharm el Sheikh","href":"https:\/\/citygame.com\/de\/standorte\/city-game-agypten\/city-game-sharm-el-sheikh-2\/"},"it_IT":{"locale":"it_IT","translation":"current"},"es_ES":{"locale":"es_ES","id":228248,"slug":"city-game-sharm-el-sheikh-2","post_title":"City Game Sharm el Sheikh","href":"https:\/\/citygame.com\/es\/localizaciones\/city-game-egipto\/city-game-sharm-el-sheikh-2\/"}},"_links":{"self":[{"href":"https:\/\/citygame.com\/it\/wp-json\/wp\/v2\/pages\/228257","targetHints":{"allow":["GET"]}}],"collection":[{"href":"https:\/\/citygame.com\/it\/wp-json\/wp\/v2\/pages"}],"about":[{"href":"https:\/\/citygame.com\/it\/wp-json\/wp\/v2\/types\/page"}],"author":[{"embeddable":true,"href":"https:\/\/citygame.com\/it\/wp-json\/wp\/v2\/users\/78"}],"replies":[{"embeddable":true,"href":"https:\/\/citygame.com\/it\/wp-json\/wp\/v2\/comments?post=228257"}],"version-history":[{"count":0,"href":"https:\/\/citygame.com\/it\/wp-json\/wp\/v2\/pages\/228257\/revisions"}],"up":[{"embeddable":true,"href":"https:\/\/citygame.com\/it\/wp-json\/wp\/v2\/pages\/225773"}],"acf:term":[{"embeddable":true,"taxonomy":"cities-only-parent-location","href":"https:\/\/citygame.com\/it\/wp-json\/wp\/v2\/cities-only-parent-location\/519"},{"embeddable":true,"taxonomy":"location","href":"https:\/\/citygame.com\/it\/wp-json\/wp\/v2\/location\/369"}],"wp:featuredmedia":[{"embeddable":true,"href":"https:\/\/citygame.com\/it\/wp-json\/wp\/v2\/media\/11953"}],"wp:attachment":[{"href":"https:\/\/citygame.com\/it\/wp-json\/wp\/v2\/media?parent=228257"}],"wp:term":[{"taxonomy":"cities-only-parent-location","embeddable":true,"href":"https:\/\/citygame.com\/it\/wp-json\/wp\/v2\/cities-only-parent-location?post=228257"},{"taxonomy":"countries-only-parent-locations","embeddable":true,"href":"https:\/\/citygame.com\/it\/wp-json\/wp\/v2\/countries-only-parent-locations?post=228257"},{"taxonomy":"seo_keyword","embeddable":true,"href":"https:\/\/citygame.com\/it\/wp-json\/wp\/v2\/seo_keyword?post=228257"},{"taxonomy":"cg_page_type","embeddable":true,"href":"https:\/\/citygame.com\/it\/wp-json\/wp\/v2\/cg_page_type?post=228257"}],"curies":[{"name":"wp","href":"https:\/\/api.w.org\/{rel}","templated":true}]}}