{"id":228361,"date":"2026-02-06T16:42:11","date_gmt":"2026-02-06T16:42:11","guid":{"rendered":"https:\/\/citygame.com\/locations\/sri-lanka\/city-game-galle-2\/"},"modified":"2026-04-24T17:20:08","modified_gmt":"2026-04-24T17:20:08","slug":"city-game-galle-2","status":"publish","type":"page","link":"https:\/\/citygame.com\/it\/luoghi\/city-game-sri-lanka\/city-game-galle-2\/","title":{"rendered":"City Game Galle"},"content":{"rendered":"","protected":false},"excerpt":{"rendered":"","protected":false},"author":78,"featured_media":11446,"parent":227606,"menu_order":0,"comment_status":"closed","ping_status":"closed","template":"","meta":{"_acf_changed":false,"_yoast_wpseo_focuskw":"City Game Galle","_yoast_wpseo_metadesc":"","_kad_blocks_custom_css":"","_kad_blocks_head_custom_js":"","_kad_blocks_body_custom_js":"","_kad_blocks_footer_custom_js":"","_kad_post_transparent":"","_kad_post_title":"","_kad_post_layout":"","_kad_post_sidebar_id":"","_kad_post_content_style":"","_kad_post_vertical_padding":"","_kad_post_feature":"","_kad_post_feature_position":"","_kad_post_header":false,"_kad_post_footer":false,"_kad_post_classname":"","footnotes":""},"cities-only-parent-location":[494],"countries-only-parent-locations":[],"seo_keyword":[],"cg_page_type":[45],"class_list":["post-228361","page","type-page","status-publish","has-post-thumbnail","hentry","cities-only-parent-location-sri-lanka","cg_page_type-city-overview-page"],"acf":{"city_name":"Galle","select_city":515,"section_1_h2_city_games_in_city":"City Games a Galle","intro_text":"Le City Games sono ora disponibili a Galle, offrendo un modo unico per vivere la citt\u00e0 attraverso un gioco interattivo. Utilizzando il tuo smartphone, puoi risolvere enigmi e sfide mentre navighi tra le strade di Galle al tuo ritmo. Questa attivit\u00e0 autoguidata combina l'esplorazione con compiti coinvolgenti progettati per essere completati in modo indipendente.","section_1_usp_1":"Inizia, metti in pausa e continua quando vuoi","section_1_usp_2":"Gioca in modo indipendente","section_1_usp_3":"1-4 o 2-5 persone per smartphone, a seconda del tuo gioco","section_1_usp_4":"1,5\u20132 ore di gioco","section_1_usp_5":"Distanza a piedi di 3-4 km","section_1_usp_6":"Connessione Internet richiesta","section_1_text_2":"Scegli il tuo City Game e inizia a giocare oggi!","section_1_cta":"Controlla tutti i City Games","intro_image":11447,"section_2_h2_all_city_games_in_city":"Tutti i City Games a Galle","section_3_h2_how_city_games_work_in_city":"Come funzionano City Games a Galle","section_3_text":"Iniziare \u00e8 facile. Scegli il tuo City Game a Galle, prenota online la tua avventura e inizia a giocare quando ti \u00e8 comodo. Tutto ci\u00f2 di cui hai bisogno ti sar\u00e0 inviato subito dopo la prenotazione: niente guida, nessun orario di inizio rigido, solo il tuo gruppo e la citt\u00e0.","section_3_usp_1":"1,5\u20132 ore di gioco","section_3_usp_2":"Distanza a piedi di 3-4 km attraverso la citt\u00e0","section_3_usp_3":"Inizia, metti in pausa e continua quando vuoi","section_3_usp_4":"1-4 o 2-5 persone per smartphone, a seconda del tuo gioco","section_3_usp_5":"Gioca in modo indipendente con il tuo dispositivo","section_3_usp_6":"Connessione Internet richiesta durante il gioco","section_3_cta":"Scegli la tua citt\u00e0","section_3_step_1":"Passo 1","section_3_step_1_title":"Scegli la tua citt\u00e0 e il tuo City Game","section_3_step_1_text":"Seleziona la citt\u00e0 in cui vuoi giocare e prenota online il tuo City Game in pochi clic.","section_3_step_2":"Passo 2","section_3_step_2_title":"Ricevi le istruzioni del gioco","section_3_step_2_text":"Dopo la prenotazione riceverai immediatamente un'email con tutte le istruzioni e l'accesso al gioco.","section_3_step_3":"Passo 3","section_3_step_3_title":"Vai al punto di partenza","section_3_step_3_text":"Raggiungi il punto di partenza nella citt\u00e0 quando ti \u00e8 comodo. Non ci sono orari di inizio fissi.","section_3_step_4":"Passo 4","section_3_step_4_title":"Inizia il tuo City Game","section_3_step_4_text":"Segui gli indizi, risolvi enigmi e scopri la citt\u00e0 mentre completi divertenti sfide lungo il percorso.","how_city_games_work_image":11448,"section_4_h2_who_are_city_games_in_city_for":"Per chi sono i City Games a Galle?","section_4_text":"City Games a Galle sono progettati per chiunque desideri vivere la citt\u00e0 in modo interattivo e flessibile. Che tu sia a Galle per la prima volta o che conosca gi\u00e0 bene la citt\u00e0, City Games offrono un'attivit\u00e0 divertente che si integra facilmente nella tua giornata.","section_4_text_2":"City Games a Galle sono adatti a:","section_4_usp_1":"Giocatori singoli o piccoli gruppi in cerca di un'avventura flessibile","section_4_usp_2":"Turisti che esplorano Galle","section_4_usp_3":"Amici e famiglie in cerca di un'attivit\u00e0 divertente","section_4_usp_4":"Aziende e gruppi che pianificano un evento di teambuilding","section_4_usp_5":"Residenti che vogliono riscoprire la propria citt\u00e0","section_4_cta":"Trova un City Game nella tua citt\u00e0","who_are_city_games_for_image":11449,"section_5_h2_exploring_city":"Esplorando Galle","exploring_city_text":"Il cuore storico compatto di Galle, racchiuso entro le mura secolari, invita a esplorare a un ritmo pi\u00f9 lento. Le strade strette dell'area del Forte di Galle sono fiancheggiate da edifici olandesi coloniali, verande ombreggiate e facciate pastello sbiadite che raccontano il passato stratificato della citt\u00e0. Mentre ti muovi attraverso questa zona iscritta dall'UNESCO, la fusione di influenze europee e dell'Asia meridionale diventa parte del ritmo delle strade.\n\nAl di fuori delle mura del forte, la citt\u00e0 si apre all'Oceano Indiano lungo il vivace Porto di Galle e il lungomare costiero. La brezza marina ti accompagna passando tra mercati del pesce, campi di cricket e caff\u00e8 discreti, offrendo un assaggio della vita quotidiana oltre il centro storico. Questo passaggio dalla quieta simmetria del forte all'energia del porto definisce come l'esperienza di Galle si sviluppa passo dopo passo.","exploring_city_image":11450,"section_6_h2_hosted_game":"I tuoi City Games preferiti, ospitati professionalmente dal nostro team","section_6_text":"Goditi gli stessi City Games della versione autoguidata, ma con pieno supporto in loco da parte dei nostri host professionisti. Ci occupiamo del briefing, dei tablet, della coordinazione e dell'assistenza tecnica, cos\u00ec il tuo gruppo pu\u00f2 concentrarsi interamente sul divertimento e sulla gara.","section_6_text_2":"Cosa \u00e8 incluso:","section_6_usp_1_title":"Lo stesso City Game, completamente ospitato","section_6_usp_1_text":"Vivi esattamente la stessa esperienza della nostra versione autoguidata, ora guidata dai nostri host.","section_6_usp_2_title":"Classifica in tempo reale e cerimonia di premiazione","section_6_usp_2_text":"Per gruppi pi\u00f9 numerosi, i nostri host svelano i punteggi finali e annunciano la squadra vincente con un momento di premio divertente.","section_6_usp_3_title":"Partenza e arrivo ospitati","section_6_usp_3_text":"Accogliamo il tuo gruppo, spieghiamo chiaramente il gioco e concludiamo con una conclusione entusiasmante.","section_6_usp_4_title":"Supporto in tempo reale durante il gioco","section_6_usp_4_text":"Il nostro team assiste con dispositivi, problemi dell'app e coordinamento durante l'esperienza.","section_6_usp_5_title":"Tablets inclusi (facoltativi)","section_6_usp_5_text":"Disponibili per gruppi che preferiscono utilizzare i nostri dispositivi invece dei propri.","section_6_text_3":"Affidate a team in tutto il mondo, dai piccoli gruppi ai grandi eventi aziendali.","section_6_cta":"Pianifica il tuo evento di gruppo","section_7_h2_reviews":"Cosa dicono gli altri riguardo ai nostri City Games","section_7_cta_1":"Visualizza tutte le domande frequenti","section_7_cta_2":"Ricevi supporto","section_8_h2_faq":"Hai domande? Abbiamo risposte!","section_8_text":"Esplora le citt\u00e0 in modo divertente e interattivo con i nostri City Games. Risolvi enigmi, scopri luoghi nascosti e scopri la citt\u00e0 mentre giochi con amici, familiari o colleghi, quando ti \u00e8 comodo.","section_8_cta_1":"Visualizza tutte le domande frequenti","section_8_cta_2":"Ricevi supporto","section_8_question_1":"Cosa sono City Games a Galle?","section_8_answer_1":"City Games a Galle sono <strong>esperienze interattive e autoguidate<\/strong> che ti permettono di esplorare la citt\u00e0 mentre giochi!rnrnUsando il tuo smartphone, risolvi enigmi, affronti sfide e segui la trama del tuo City Game mentre cammini per la citt\u00e0.rnrnCity Games combinano lavoro di gruppo, problem solving e esplorazione all'aperto, rendendole un'attivit\u00e0 divertente per visitatori, residenti e gruppi.","section_8_question_2":"Ho bisogno di una guida per giocare a City Game a Galle?","section_8_answer_2":"<p class=\"kt-adv-heading2034_2420ea-ca wp-block-kadence-advancedheading\" data-kb-block=\"kb-adv-heading2034_2420ea-ca\">No, City Games in Galle sono <strong>fully self-guided<\/strong>. You don\u2019t need a guide, host or on-site staff to play. All instructions and gameplay are provided digitally, allowing you to start and play independently using your own smartphone.<\/p>rnThis flexibility makes City Games easy to fit into your own schedule.rn<p class=\"kt-adv-heading2034_cd3db2-33 wp-block-kadence-advancedheading hls-none\" data-kb-block=\"kb-adv-heading2034_cd3db2-33\">For larger groups or corporate events, a fully hosted version of our City Games is also available, including on-site guidance, tablets and live support.<\/p>rnPlanning a larger group or corporate event?","section_8_answer_2_cta":"Esplora l'esperienza City Game ospitata per gruppi","section_8_question_3":"Quando possiamo iniziare a giocare a City Game a Galle?","section_8_answer_3":"Puoi iniziare a giocare <strong>quando ti \u00e8 comodo<\/strong>! City Games a Galle non hanno orari di inizio fissi, quindi sei libero di iniziare in un momento che si adatti ai tuoi piani.rnrnDopo la prenotazione, ricevi istruzioni chiare che spiegano come e quando puoi iniziare il tuo City Game!","section_8_question_4":"Quanto tempo richiede un City Game a Galle?","section_8_answer_4":"I City Games a Galle richiedono <strong>circa 1,5\u20132 ore<\/strong> per essere completati! La durata esatta dipende dal tuo ritmo, da quante pause fai e da quanto velocemente risolvi gli enigmi e le sfide.rnrnPuoi giocare al tuo ritmo e mettere in pausa il gioco ogni volta che vuoi!","section_8_question_5":"Possiamo giocare a City Game a Galle con un grande gruppo?","section_8_answer_5":"<p class=\"kt-adv-heading2034_97743b-76 wp-block-kadence-advancedheading\" data-kb-block=\"kb-adv-heading2034_97743b-76\">S\u00ec, City Games sono adatti sia a <strong>piccoli gruppi sia a gruppi pi\u00f9 grandi<\/strong>. Gruppi numerosi possono facilmente dividersi in squadre pi\u00f9 piccole e giocare al City Game contemporaneamente, usando pi\u00f9 smartphone. Ogni squadra gioca in modo indipendente, seguendo lo stesso concetto di gioco e la stessa storia.<\/p>rnQuesto setup funziona bene per gruppi di amici, famiglie e aziende, e rende City Games una scelta popolare per uscite di gruppo, eventi e attivit\u00e0 di teambuilding.rn<p class=\"kt-adv-heading2034_7442e3-e3 wp-block-kadence-advancedheading hls-none\" data-kb-block=\"kb-adv-heading2034_7442e3-e3\">Per gruppi pi\u00f9 grandi o eventi aziendali, una versione completamente ospitata dei nostri City Games \u00e8 disponibile, inclusa guida in loco, tablet e supporto in diretta.<\/p>rnHai in programma un gruppo pi\u00f9 grande o un evento aziendale?","section_8_answer_5_cta":"Esplora l'esperienza City Game ospitata per gruppi","section_8_question_6":"I City Games a Galle sono adatti a turisti e residenti?","section_8_answer_6":"S\u00ec, i City Games a Galle sono adatti sia a <strong>turisti sia residenti<\/strong>. I visitatori possono vivere la citt\u00e0 in modo interattivo, mentre i residenti possono godere delle strade familiari come sfondo per un City Game.rnrnPoich\u00e9 ogni City Game si concentra sul gameplay e sulla narrazione, l'esperienza sembra fresca indipendentemente da quanto conosci gi\u00e0 bene la citt\u00e0.","section_8_question_7":"I City Games a Galle sono disponibili in pi\u00f9 lingue?","section_8_answer_7":"S\u00ec, i City Games a Galle sono <strong> disponibili in pi\u00f9 lingue<\/strong>. Puoi selezionare la lingua preferita prima o durante il gioco, rendendo City Games accessibili a visitatori internazionali e gruppi multilingue.","section_8_question_8":"Di cosa abbiamo bisogno per giocare a City Game a Galle?","section_8_answer_8":"Per giocare a City Game a Galle, hai bisogno di:","section_8_answer_8_usp_1":"Uno smartphone con connessione Internet","section_8_answer_8_usp_2":"Una batteria carica","section_8_answer_8_usp_3":"Scarpe comode per camminare","section_8_answer_8_2":"Tutto il contenuto del gioco e le istruzioni sono forniti digitalmente dopo la prenotazione.","section_9_h2_instagram":"Scopri di pi\u00f9 su Instagram","section_9_text":"Ispirazioni di viaggio, enigmi, tesori nascosti e momenti City Game, direttamente dalla nostra community","section_9_cta":"Seguici su Instagram","section_10_h2_page_ending":"Pronto per un'avventura indimenticabile a Galle?","section_10_text":"Esplora Galle in modo unico e interattivo con i nostri City Games. Gioca oggi e crea ricordi duraturi!","section_10_cta":"Prenota ora il tuo City Game","latitude":9.6635312,"longitude":80.0134235,"country":494,"map_enabled":true},"yoast_head":"<!-- This site is optimized with the Yoast SEO Premium plugin v26.2 (Yoast SEO v27.4) - https:\/\/yoast.com\/product\/yoast-seo-premium-wordpress\/ -->\n<title>City Game Galle - City Game<\/title>\n<meta name=\"robots\" content=\"index, follow, max-snippet:-1, max-image-preview:large, max-video-preview:-1\" \/>\n<link rel=\"canonical\" href=\"https:\/\/citygame.com\/it\/luoghi\/city-game-sri-lanka\/city-game-galle-2\/\" \/>\n<meta property=\"og:locale\" content=\"it_IT\" \/>\n<meta property=\"og:type\" content=\"article\" \/>\n<meta property=\"og:title\" content=\"City Game Galle\" \/>\n<meta property=\"og:url\" content=\"https:\/\/citygame.com\/it\/luoghi\/city-game-sri-lanka\/city-game-galle-2\/\" \/>\n<meta property=\"og:site_name\" content=\"City Game\" \/>\n<meta property=\"article:publisher\" content=\"https:\/\/www.facebook.com\/profile.php?id=100086426226253\" \/>\n<meta property=\"article:modified_time\" content=\"2026-04-24T17:20:08+00:00\" \/>\n<meta property=\"og:image\" content=\"https:\/\/citygame.com\/wp-content\/blogs.dir\/1\/files\/2026\/02\/galle-fort-ramparts-at-sunset.jpg\" \/>\n\t<meta property=\"og:image:width\" content=\"1376\" \/>\n\t<meta property=\"og:image:height\" content=\"768\" \/>\n\t<meta property=\"og:image:type\" content=\"image\/jpeg\" \/>\n<meta name=\"twitter:card\" content=\"summary_large_image\" \/>\n<script type=\"application\/ld+json\" class=\"yoast-schema-graph\">{\"@context\":\"https:\\\/\\\/schema.org\",\"@graph\":[{\"@type\":\"WebPage\",\"@id\":\"https:\\\/\\\/citygame.com\\\/it\\\/luoghi\\\/city-game-sri-lanka\\\/city-game-galle-2\\\/\",\"url\":\"https:\\\/\\\/citygame.com\\\/it\\\/luoghi\\\/city-game-sri-lanka\\\/city-game-galle-2\\\/\",\"name\":\"City Game Galle - City Game\",\"isPartOf\":{\"@id\":\"https:\\\/\\\/citygame.com\\\/it\\\/#website\"},\"primaryImageOfPage\":{\"@id\":\"https:\\\/\\\/citygame.com\\\/it\\\/luoghi\\\/city-game-sri-lanka\\\/city-game-galle-2\\\/#primaryimage\"},\"image\":{\"@id\":\"https:\\\/\\\/citygame.com\\\/it\\\/luoghi\\\/city-game-sri-lanka\\\/city-game-galle-2\\\/#primaryimage\"},\"thumbnailUrl\":\"https:\\\/\\\/citygame.com\\\/wp-content\\\/blogs.dir\\\/1\\\/files\\\/2026\\\/02\\\/galle-fort-ramparts-at-sunset.jpg\",\"datePublished\":\"2026-02-06T16:42:11+00:00\",\"dateModified\":\"2026-04-24T17:20:08+00:00\",\"breadcrumb\":{\"@id\":\"https:\\\/\\\/citygame.com\\\/it\\\/luoghi\\\/city-game-sri-lanka\\\/city-game-galle-2\\\/#breadcrumb\"},\"inLanguage\":\"it-IT\",\"potentialAction\":[{\"@type\":\"ReadAction\",\"target\":[\"https:\\\/\\\/citygame.com\\\/it\\\/luoghi\\\/city-game-sri-lanka\\\/city-game-galle-2\\\/\"]}]},{\"@type\":\"ImageObject\",\"inLanguage\":\"it-IT\",\"@id\":\"https:\\\/\\\/citygame.com\\\/it\\\/luoghi\\\/city-game-sri-lanka\\\/city-game-galle-2\\\/#primaryimage\",\"url\":\"https:\\\/\\\/citygame.com\\\/wp-content\\\/blogs.dir\\\/1\\\/files\\\/2026\\\/02\\\/galle-fort-ramparts-at-sunset.jpg\",\"contentUrl\":\"https:\\\/\\\/citygame.com\\\/wp-content\\\/blogs.dir\\\/1\\\/files\\\/2026\\\/02\\\/galle-fort-ramparts-at-sunset.jpg\",\"width\":1376,\"height\":768,\"caption\":\"People gather on the ramparts of Galle Fort to watch the sunset over the Indian Ocean.\"},{\"@type\":\"BreadcrumbList\",\"@id\":\"https:\\\/\\\/citygame.com\\\/it\\\/luoghi\\\/city-game-sri-lanka\\\/city-game-galle-2\\\/#breadcrumb\",\"itemListElement\":[{\"@type\":\"ListItem\",\"position\":1,\"name\":\"Home\",\"item\":\"https:\\\/\\\/citygame.com\\\/it\\\/\"},{\"@type\":\"ListItem\",\"position\":2,\"name\":\"Locations\",\"item\":\"https:\\\/\\\/citygame.com\\\/it\\\/?page_id=1598\"},{\"@type\":\"ListItem\",\"position\":3,\"name\":\"City Game Sri Lanka\",\"item\":\"https:\\\/\\\/citygame.com\\\/it\\\/locations\\\/sri-lanka\\\/\"},{\"@type\":\"ListItem\",\"position\":4,\"name\":\"City Game Galle\"}]},{\"@type\":\"WebSite\",\"@id\":\"https:\\\/\\\/citygame.com\\\/it\\\/#website\",\"url\":\"https:\\\/\\\/citygame.com\\\/it\\\/\",\"name\":\"City Game\",\"description\":\"\",\"publisher\":{\"@id\":\"https:\\\/\\\/citygame.com\\\/it\\\/#organization\"},\"alternateName\":\"citygame.com\",\"potentialAction\":[{\"@type\":\"SearchAction\",\"target\":{\"@type\":\"EntryPoint\",\"urlTemplate\":\"https:\\\/\\\/citygame.com\\\/it\\\/?s={search_term_string}\"},\"query-input\":{\"@type\":\"PropertyValueSpecification\",\"valueRequired\":true,\"valueName\":\"search_term_string\"}}],\"inLanguage\":\"it-IT\"},{\"@type\":\"Organization\",\"@id\":\"https:\\\/\\\/citygame.com\\\/it\\\/#organization\",\"name\":\"City Game\",\"alternateName\":\"citygame.com\",\"url\":\"https:\\\/\\\/citygame.com\\\/it\\\/\",\"logo\":{\"@type\":\"ImageObject\",\"inLanguage\":\"it-IT\",\"@id\":\"https:\\\/\\\/citygame.com\\\/it\\\/#\\\/schema\\\/logo\\\/image\\\/\",\"url\":\"https:\\\/\\\/citygame.com\\\/wp-content\\\/blogs.dir\\\/1\\\/files\\\/2025\\\/10\\\/CG_LOGO-City-Game.png\",\"contentUrl\":\"https:\\\/\\\/citygame.com\\\/wp-content\\\/blogs.dir\\\/1\\\/files\\\/2025\\\/10\\\/CG_LOGO-City-Game.png\",\"width\":351,\"height\":377,\"caption\":\"City Game\"},\"image\":{\"@id\":\"https:\\\/\\\/citygame.com\\\/it\\\/#\\\/schema\\\/logo\\\/image\\\/\"},\"sameAs\":[\"https:\\\/\\\/www.facebook.com\\\/profile.php?id=100086426226253\",\"https:\\\/\\\/www.instagram.com\\\/citygame_com\",\"https:\\\/\\\/www.tiktok.com\\\/@citygamecom\\\/\",\"https:\\\/\\\/www.linkedin.com\\\/company\\\/citygame-com\"],\"description\":\"Turn any city into a playground with our interactive City Games and self-guided tours. Fun, flexible, and ideal for groups and team building.\"}]}<\/script>\n<!-- \/ Yoast SEO Premium plugin. -->","yoast_head_json":{"title":"City Game Galle - City Game","robots":{"index":"index","follow":"follow","max-snippet":"max-snippet:-1","max-image-preview":"max-image-preview:large","max-video-preview":"max-video-preview:-1"},"canonical":"https:\/\/citygame.com\/it\/luoghi\/city-game-sri-lanka\/city-game-galle-2\/","og_locale":"it_IT","og_type":"article","og_title":"City Game Galle","og_url":"https:\/\/citygame.com\/it\/luoghi\/city-game-sri-lanka\/city-game-galle-2\/","og_site_name":"City Game","article_publisher":"https:\/\/www.facebook.com\/profile.php?id=100086426226253","article_modified_time":"2026-04-24T17:20:08+00:00","og_image":[{"width":1376,"height":768,"url":"https:\/\/citygame.com\/wp-content\/blogs.dir\/1\/files\/2026\/02\/galle-fort-ramparts-at-sunset.jpg","type":"image\/jpeg"}],"twitter_card":"summary_large_image","schema":{"@context":"https:\/\/schema.org","@graph":[{"@type":"WebPage","@id":"https:\/\/citygame.com\/it\/luoghi\/city-game-sri-lanka\/city-game-galle-2\/","url":"https:\/\/citygame.com\/it\/luoghi\/city-game-sri-lanka\/city-game-galle-2\/","name":"City Game Galle - City Game","isPartOf":{"@id":"https:\/\/citygame.com\/it\/#website"},"primaryImageOfPage":{"@id":"https:\/\/citygame.com\/it\/luoghi\/city-game-sri-lanka\/city-game-galle-2\/#primaryimage"},"image":{"@id":"https:\/\/citygame.com\/it\/luoghi\/city-game-sri-lanka\/city-game-galle-2\/#primaryimage"},"thumbnailUrl":"https:\/\/citygame.com\/wp-content\/blogs.dir\/1\/files\/2026\/02\/galle-fort-ramparts-at-sunset.jpg","datePublished":"2026-02-06T16:42:11+00:00","dateModified":"2026-04-24T17:20:08+00:00","breadcrumb":{"@id":"https:\/\/citygame.com\/it\/luoghi\/city-game-sri-lanka\/city-game-galle-2\/#breadcrumb"},"inLanguage":"it-IT","potentialAction":[{"@type":"ReadAction","target":["https:\/\/citygame.com\/it\/luoghi\/city-game-sri-lanka\/city-game-galle-2\/"]}]},{"@type":"ImageObject","inLanguage":"it-IT","@id":"https:\/\/citygame.com\/it\/luoghi\/city-game-sri-lanka\/city-game-galle-2\/#primaryimage","url":"https:\/\/citygame.com\/wp-content\/blogs.dir\/1\/files\/2026\/02\/galle-fort-ramparts-at-sunset.jpg","contentUrl":"https:\/\/citygame.com\/wp-content\/blogs.dir\/1\/files\/2026\/02\/galle-fort-ramparts-at-sunset.jpg","width":1376,"height":768,"caption":"People gather on the ramparts of Galle Fort to watch the sunset over the Indian Ocean."},{"@type":"BreadcrumbList","@id":"https:\/\/citygame.com\/it\/luoghi\/city-game-sri-lanka\/city-game-galle-2\/#breadcrumb","itemListElement":[{"@type":"ListItem","position":1,"name":"Home","item":"https:\/\/citygame.com\/it\/"},{"@type":"ListItem","position":2,"name":"Locations","item":"https:\/\/citygame.com\/it\/?page_id=1598"},{"@type":"ListItem","position":3,"name":"City Game Sri Lanka","item":"https:\/\/citygame.com\/it\/locations\/sri-lanka\/"},{"@type":"ListItem","position":4,"name":"City Game Galle"}]},{"@type":"WebSite","@id":"https:\/\/citygame.com\/it\/#website","url":"https:\/\/citygame.com\/it\/","name":"City Game","description":"","publisher":{"@id":"https:\/\/citygame.com\/it\/#organization"},"alternateName":"citygame.com","potentialAction":[{"@type":"SearchAction","target":{"@type":"EntryPoint","urlTemplate":"https:\/\/citygame.com\/it\/?s={search_term_string}"},"query-input":{"@type":"PropertyValueSpecification","valueRequired":true,"valueName":"search_term_string"}}],"inLanguage":"it-IT"},{"@type":"Organization","@id":"https:\/\/citygame.com\/it\/#organization","name":"City Game","alternateName":"citygame.com","url":"https:\/\/citygame.com\/it\/","logo":{"@type":"ImageObject","inLanguage":"it-IT","@id":"https:\/\/citygame.com\/it\/#\/schema\/logo\/image\/","url":"https:\/\/citygame.com\/wp-content\/blogs.dir\/1\/files\/2025\/10\/CG_LOGO-City-Game.png","contentUrl":"https:\/\/citygame.com\/wp-content\/blogs.dir\/1\/files\/2025\/10\/CG_LOGO-City-Game.png","width":351,"height":377,"caption":"City Game"},"image":{"@id":"https:\/\/citygame.com\/it\/#\/schema\/logo\/image\/"},"sameAs":["https:\/\/www.facebook.com\/profile.php?id=100086426226253","https:\/\/www.instagram.com\/citygame_com","https:\/\/www.tiktok.com\/@citygamecom\/","https:\/\/www.linkedin.com\/company\/citygame-com"],"description":"Turn any city into a playground with our interactive City Games and self-guided tours. Fun, flexible, and ideal for groups and team building."}]}},"taxonomy_info":{"cities-only-parent-location":[{"value":494,"label":"Sri-lanka"}],"cg_page_type":[{"value":45,"label":"City overview page"}]},"featured_image_src_large":["https:\/\/citygame.com\/wp-content\/blogs.dir\/1\/files\/2026\/02\/galle-fort-ramparts-at-sunset-1024x572.jpg",1024,572,true],"author_info":{"display_name":"Philip","author_link":"https:\/\/citygame.com\/it\/blog\/author\/sophi2\/"},"comment_info":0,"wpml_current_locale":"it_IT","wpml_translations":{"nl_NL":{"locale":"nl_NL","id":228472,"slug":"city-game-galle-2","post_title":"City Game Galle","href":"https:\/\/citygame.com\/nl\/locaties\/city-game-sri-lanka\/city-game-galle-2\/"},"en_US":{"locale":"en_US","id":11451,"slug":"city-game-galle","post_title":"City Game Galle","href":"https:\/\/citygame.com\/locations\/sri-lanka\/city-game-galle\/"},"fr_FR":{"locale":"fr_FR","id":228353,"slug":"city-game-galle-2","post_title":"City Game Galle","href":"https:\/\/citygame.com\/fr\/emplacements\/city-game-sri-lanka\/city-game-galle-2\/"},"de_DE":{"locale":"de_DE","id":228479,"slug":"city-game-galle-2","post_title":"City Game Galle","href":"https:\/\/citygame.com\/de\/standorte\/city-game-sri-lanka\/city-game-galle-2\/"},"it_IT":{"locale":"it_IT","translation":"current"},"es_ES":{"locale":"es_ES","id":228342,"slug":"city-game-galle-2","post_title":"City Game Galle","href":"https:\/\/citygame.com\/es\/localizaciones\/city-game-sri-lanka\/city-game-galle-2\/"}},"_links":{"self":[{"href":"https:\/\/citygame.com\/it\/wp-json\/wp\/v2\/pages\/228361","targetHints":{"allow":["GET"]}}],"collection":[{"href":"https:\/\/citygame.com\/it\/wp-json\/wp\/v2\/pages"}],"about":[{"href":"https:\/\/citygame.com\/it\/wp-json\/wp\/v2\/types\/page"}],"author":[{"embeddable":true,"href":"https:\/\/citygame.com\/it\/wp-json\/wp\/v2\/users\/78"}],"replies":[{"embeddable":true,"href":"https:\/\/citygame.com\/it\/wp-json\/wp\/v2\/comments?post=228361"}],"version-history":[{"count":0,"href":"https:\/\/citygame.com\/it\/wp-json\/wp\/v2\/pages\/228361\/revisions"}],"up":[{"embeddable":true,"href":"https:\/\/citygame.com\/it\/wp-json\/wp\/v2\/pages\/227606"}],"acf:term":[{"embeddable":true,"taxonomy":"cities-only-parent-location","href":"https:\/\/citygame.com\/it\/wp-json\/wp\/v2\/cities-only-parent-location\/494"},{"embeddable":true,"taxonomy":"location","href":"https:\/\/citygame.com\/it\/wp-json\/wp\/v2\/location\/515"}],"wp:featuredmedia":[{"embeddable":true,"href":"https:\/\/citygame.com\/it\/wp-json\/wp\/v2\/media\/11446"}],"wp:attachment":[{"href":"https:\/\/citygame.com\/it\/wp-json\/wp\/v2\/media?parent=228361"}],"wp:term":[{"taxonomy":"cities-only-parent-location","embeddable":true,"href":"https:\/\/citygame.com\/it\/wp-json\/wp\/v2\/cities-only-parent-location?post=228361"},{"taxonomy":"countries-only-parent-locations","embeddable":true,"href":"https:\/\/citygame.com\/it\/wp-json\/wp\/v2\/countries-only-parent-locations?post=228361"},{"taxonomy":"seo_keyword","embeddable":true,"href":"https:\/\/citygame.com\/it\/wp-json\/wp\/v2\/seo_keyword?post=228361"},{"taxonomy":"cg_page_type","embeddable":true,"href":"https:\/\/citygame.com\/it\/wp-json\/wp\/v2\/cg_page_type?post=228361"}],"curies":[{"name":"wp","href":"https:\/\/api.w.org\/{rel}","templated":true}]}}