{"id":228536,"date":"2026-04-24T18:26:20","date_gmt":"2026-04-24T18:26:20","guid":{"rendered":"https:\/\/citygame.com\/locations\/spain\/city-game-salamanca-2\/"},"modified":"2026-04-24T18:26:20","modified_gmt":"2026-04-24T18:26:20","slug":"city-game-salamanca-2","status":"publish","type":"page","link":"https:\/\/citygame.com\/it\/luoghi\/city-game-spagna\/city-game-salamanca-2\/","title":{"rendered":"City Game Salamanca"},"content":{"rendered":"","protected":false},"excerpt":{"rendered":"","protected":false},"author":78,"featured_media":16413,"parent":226908,"menu_order":0,"comment_status":"closed","ping_status":"closed","template":"","meta":{"_acf_changed":false,"_yoast_wpseo_focuskw":"City Game Salamanca","_yoast_wpseo_metadesc":"","_kad_blocks_custom_css":"","_kad_blocks_head_custom_js":"","_kad_blocks_body_custom_js":"","_kad_blocks_footer_custom_js":"","_kad_post_transparent":"","_kad_post_title":"","_kad_post_layout":"","_kad_post_sidebar_id":"","_kad_post_content_style":"","_kad_post_vertical_padding":"","_kad_post_feature":"","_kad_post_feature_position":"","_kad_post_header":false,"_kad_post_footer":false,"_kad_post_classname":"","footnotes":""},"cities-only-parent-location":[469],"countries-only-parent-locations":[],"seo_keyword":[],"cg_page_type":[45],"class_list":["post-228536","page","type-page","status-publish","has-post-thumbnail","hentry","cities-only-parent-location-spain","cg_page_type-city-overview-page"],"acf":{"city_name":"Salamanca","select_city":351,"section_1_h2_city_games_in_city":"City Games a Salamanca","intro_text":"Le City Games sono disponibili a Salamanca, offrendo un modo interattivo per esplorare la citt\u00e0. Utilizzando il tuo smartphone, puoi orientarti per Salamanca risolvendo enigmi e affrontando sfide al tuo ritmo. Questa esperienza autoguidata combina avventura all'aperto con un gameplay coinvolgente progettato per immergerti nell'ambiente circostante.","section_1_usp_1":"Avvia, metti in pausa e riprendi quando vuoi","section_1_usp_2":"Gioca in autonomia","section_1_usp_3":"1\u20134 o 2\u20135 persone per smartphone, a seconda del tuo gioco","section_1_usp_4":"1,5\u20132 ore di gioco","section_1_usp_5":"3\u20134 km a piedi","section_1_usp_6":"Connessione Internet richiesta","section_1_text_2":"Scegli la tua City Game e inizia a giocare oggi!","section_1_cta":"Visualizza tutti i City Games","intro_image":16414,"section_2_h2_all_city_games_in_city":"Tutti i City Games a Salamanca","section_3_h2_how_city_games_work_in_city":"Come funzionano City Games a Salamanca","section_3_text":"Cominciare \u00e8 facile. Scegli la tua City Game a Salamanca, prenota la tua avventura e inizia a giocare non appena ti \u00e8 possibile. Tutto ci\u00f2 di cui hai bisogno ti sar\u00e0 inviato subito dopo la prenotazione: niente guida, nessun orario di inizio rigido, solo il tuo team e la citt\u00e0.","section_3_usp_1":"1,5\u20132 ore di gioco","section_3_usp_2":"3\u20134 km a piedi attraverso la citt\u00e0","section_3_usp_3":"Avvia, metti in pausa e riprendi quando vuoi","section_3_usp_4":"1\u20134 o 2\u20135 persone per smartphone, a seconda del tuo gioco","section_3_usp_5":"Gioca in autonomia con il tuo dispositivo","section_3_usp_6":"Connessione Internet richiesta durante il gioco","section_3_cta":"Scegli la tua citt\u00e0","section_3_step_1":"Fase 1","section_3_step_1_title":"Scegli la tua citt\u00e0 e il tuo City Game","section_3_step_1_text":"Seleziona la citt\u00e0 in cui vuoi giocare e prenota online la tua City Game in pochi clic.","section_3_step_2":"Fase 2","section_3_step_2_title":"Ricevi le istruzioni del gioco","section_3_step_2_text":"Dopo la prenotazione riceverai immediatamente un'email con tutte le istruzioni e l'accesso al gioco.","section_3_step_3":"Fase 3","section_3_step_3_title":"Vai al punto di partenza","section_3_step_3_text":"Raggiungi il punto di partenza della citt\u00e0 quando ti \u00e8 comodo. Non ci sono orari di inizio fissi.","section_3_step_4":"Fase 4","section_3_step_4_title":"Avvia la tua City Game","section_3_step_4_text":"Segui gli indizi, risolvi enigmi e scopri la citt\u00e0 mentre completi divertenti sfide lungo il percorso.","how_city_games_work_image":16415,"section_4_h2_who_are_city_games_in_city_for":"Per chi sono i City Games a Salamanca?","section_4_text":"City Games a Salamanca sono pensati per chiunque voglia vivere la citt\u00e0 in modo interattivo e flessibile. Che tu sia a Salamanca per la prima volta oppure conosca gi\u00e0 bene la citt\u00e0, City Games offrono un'attivit\u00e0 divertente che si integra facilmente nella tua giornata.","section_4_text_2":"I City Games a Salamanca sono adatti a:","section_4_usp_1":"Giocatori singoli o piccoli gruppi in cerca di un'avventura flessibile","section_4_usp_2":"Turisti che esplorano Salamanca","section_4_usp_3":"Amici e famiglie in cerca di un'attivit\u00e0 divertente","section_4_usp_4":"Aziende e team che pianificano un evento di team building","section_4_usp_5":"Residenti che vogliono riscoprire la propria citt\u00e0","section_4_cta":"Trova un City Game nella tua citt\u00e0","who_are_city_games_for_image":16416,"section_5_h2_exploring_city":"Esplorando Salamanca","exploring_city_text":"Passeggiare per Salamanca offre un mix sorprendente di architettura in arenaria dorata e una storia secolare intrecciata nel tessuto della citt\u00e0. La Plaza Mayor \u00e8 il cuore della vita locale, dove porticati ad arcate e dettagli barocchi intricati creano uno spazio centrale che sembra maestoso e intimo allo stesso tempo. Vicino, il quartiere universitario storico aggiunge un'atmosfera accademica, dove facciate scolpite e cortili ombreggiati riflettono l'eredit\u00e0 intellettuale della citt\u00e0 nel corso dei secoli.\n\nLe strade compatte della citt\u00e0 vecchia invitano a un'esplorazione lenta, con ogni angolo che rivela strati di influssi romanici, gotici e rinascimentali. La vicinanza delle Cattedrali Nuova e Vecchia consente ai visitatori di vivere da vicino l'evoluzione architettonica di Salamanca, mentre le sponde del fiume Tormes offrono viste tranquille che contrastano con l'energia del centro. Insieme, questi elementi rendono muoversi per Salamanca un viaggio plasmato dal tessuto, dal tempo e dalla tradizione.","exploring_city_image":16417,"section_6_h2_hosted_game":"I tuoi City Games preferiti, ospitati professionalmente dal nostro team","section_6_text":"Goditi gli stessi City Games della versione autoguidata, ma con supporto completo in loco da parte dei nostri host professionisti. Ci occupiamo del briefing, dei tablet, della coordinazione e dell'assistenza tecnica, cos\u00ec il tuo gruppo pu\u00f2 concentrarsi interamente sul divertimento e sulla competizione.","section_6_text_2":"Cosa \u00e8 incluso:","section_6_usp_1_title":"Lo stesso City Game, completamente ospitato","section_6_usp_1_text":"Vivi la stessa esperienza della nostra versione autoguidata, ora guidata dai nostri host.","section_6_usp_2_title":"Classifica in tempo reale e cerimonia delle premiazioni","section_6_usp_2_text":"Per gruppi pi\u00f9 numerosi, i nostri host rivelano i punteggi finali e annunciano la squadra vincente con un momento di premio divertente.","section_6_usp_3_title":"Avvio e chiusura guidati sul posto","section_6_usp_3_text":"Accogliamo il vostro gruppo, spieghiamo chiaramente il gioco e concludiamo con un entusiasmante riepilogo.","section_6_usp_4_title":"Supporto in tempo reale durante il gioco","section_6_usp_4_text":"Il nostro team assiste con i dispositivi, i problemi dell'app e la coordinazione durante l'esperienza.","section_6_usp_5_title":"Tablet inclusi (opzionali)","section_6_usp_5_text":"Disponibili per gruppi che preferiscono utilizzare i nostri dispositivi invece dei propri.","section_6_text_3":"Affidato a team di tutto il mondo, dai piccoli gruppi ai grandi eventi aziendali.","section_6_cta":"Pianifica il tuo evento di gruppo","section_7_h2_reviews":"Cosa ne pensano gli altri dei nostri City Games","section_7_cta_1":"Visualizza tutte le domande frequenti","section_7_cta_2":"Richiedi supporto","section_8_h2_faq":"Hai domande? Abbiamo risposte!","section_8_text":"Esplora le citt\u00e0 in modo divertente e interattivo con i nostri City Games. Risolvi enigmi, scopri luoghi nascosti e scopri la citt\u00e0 giocando con amici, familiari o colleghi, quando ti \u00e8 comodo.","section_8_cta_1":"Visualizza tutte le domande frequenti","section_8_cta_2":"Richiedi supporto","section_8_question_1":"Cosa sono i City Games a Salamanca?","section_8_answer_1":"City Games a Salamanca sono <strong>esperienze interattive e autoguidate<\/strong> che ti permettono di esplorare la citt\u00e0 giocando!rnrnUsando il tuo smartphone, risolvi enigmi, completi sfide e segui la trama del tuo City Game scelto mentre percorri la citt\u00e0.rnrnCity Games combinano lavoro di squadra, problem solving e esplorazione all'aperto, rendendoli un'attivit\u00e0 divertente per visitatori, residenti e gruppi.","section_8_question_2":"Ho bisogno di una guida per giocare a un City Game a Salamanca?","section_8_answer_2":"<p class=\"kt-adv-heading2034_2420ea-ca wp-block-kadence-advancedheading\" data-kb-block=\"kb-adv-heading2034_2420ea-ca\">No, City Games in Salamanca sono <strong>completamente autoguidate<\/strong>. Non serve una guida, un host o personale sul posto per giocare. Tutte le istruzioni e le dinamiche di gioco sono fornite digitalmente, permettendoti di iniziare e giocare in modo indipendente usando il tuo smartphone.<\/p>rnQuesta flessibilit\u00e0 rende i City Games facili da inserire nel tuo programma.rn<p class=\"kt-adv-heading2034_cd3db2-33 wp-block-kadence-advancedheading hls-none\" data-kb-block=\"kb-adv-heading2034_cd3db2-33\">Per gruppi pi\u00f9 numerosi o eventi aziendali, \u00e8 disponibile anche una versione completamente ospitata dei nostri City Games, inclusa guida sul posto, tablet e supporto in tempo reale.<\/p>rnStai pianificando un evento di gruppo pi\u00f9 grande o aziendale?","section_8_answer_2_cta":"Esplora l'esperienza City Game ospitata per gruppi","section_8_question_3":"Quando possiamo iniziare a giocare a un City Game a Salamanca?","section_8_answer_3":"Puoi iniziare a giocare <strong>quando ti \u00e8 pi\u00f9 comodo<\/strong>! I City Games a Salamanca non hanno orari di inizio fissi, quindi sei libero di iniziare quando si adatta ai tuoi piani.rnrnDopo la prenotazione, ricevi istruzioni chiare che spiegano come e quando puoi iniziare il tuo City Game!","section_8_question_4":"Quanto tempo richiede un City Game a Salamanca?","section_8_answer_4":"I City Games a Salamanca richiedono <strong>circa 1,5\u20132 ore<\/strong> per essere completate! La durata esatta dipende dal tuo ritmo, dal numero di pause e da quanto rapidamente risolvi enigmi e sfide.rnrnPuoi giocare al tuo ritmo e mettere in pausa il gioco ogni volta che vuoi!","section_8_question_5":"Possiamo giocare a un City Game a Salamanca con un gruppo numeroso?","section_8_answer_5":"<p class=\"kt-adv-heading2034_97743b-76 wp-block-kadence-advancedheading\" data-kb-block=\"kb-adv-heading2034_97743b-76\">S\u00ec, City Games sono adatti sia a piccoli gruppi che a team pi\u00f9 numerosi. Grandi gruppi possono facilmente suddividersi in squadre pi\u00f9 piccole e giocare al City Game contemporaneamente, utilizzando pi\u00f9 smartphone. Ogni squadra gioca in modo indipendente, seguendo lo stesso concetto di gioco e la stessa storia.<\/p>rnQuesto metodo funziona bene per gruppi di amici, famiglie e aziende, e rende i City Games una scelta popolare per uscite di gruppo, eventi e attivit\u00e0 di teambuilding.rn<p class=\"kt-adv-heading2034_7442e3-e3 wp-block-kadence-advancedheading hls-none\" data-kb-block=\"kb-adv-heading2034_7442e3-e3\">Per gruppi pi\u00f9 numerosi o eventi aziendali, \u00e8 disponibile anche una versione completamente ospitata dei nostri City Games, inclusa guida sul posto, tablet e supporto in tempo reale.<\/p>rnStai pianificando un evento di gruppo pi\u00f9 grande o aziendale?","section_8_answer_5_cta":"Esplora l'esperienza City Game ospitata per gruppi","section_8_question_6":"I City Games a Salamanca sono adatti a turisti e residenti?","section_8_answer_6":"S\u00ec, City Games a Salamanca sono adatti sia a <strong>turisti che residenti<\/strong>. I visitatori possono vivere la citt\u00e0 in modo interattivo, mentre i residenti possono godersi le strade familiari come sfondo per un City Game.rnrnPoich\u00e9 ogni City Game si concentra sul gameplay e sulla narrativa, l'esperienza resta fresca indipendentemente da quanto conosci gi\u00e0 bene la citt\u00e0.","section_8_question_7":"I City Games a Salamanca sono disponibili in pi\u00f9 lingue?","section_8_answer_7":"S\u00ec, i City Games a Salamanca sono <strong>disponibili in pi\u00f9 lingue<\/strong>. Puoi scegliere la lingua preferita prima o durante il gioco, rendendo i City Games accessibili a visitatori internazionali e gruppi multilingue.","section_8_question_8":"Cosa serve per giocare a un City Game a Salamanca?","section_8_answer_8":"Per giocare a City Game a Salamanca, hai bisogno di:","section_8_answer_8_usp_1":"Uno smartphone con connessione Internet","section_8_answer_8_usp_2":"Una batteria carica","section_8_answer_8_usp_3":"Scarpe comode per camminare","section_8_answer_8_2":"Tutti i contenuti del gioco e le istruzioni sono forniti digitalmente dopo la prenotazione.","section_9_h2_instagram":"Vedi altro su Instagram","section_9_text":"Ispirazioni di viaggio, enigmi, luoghi nascosti e momenti City Game, direttamente dalla nostra community","section_9_cta":"Seguici su Instagram","section_10_h2_page_ending":"Pronto per un'avventura indimenticabile a Salamanca?","section_10_text":"Esplora Salamanca in modo unico e interattivo con i nostri City Games. Gioca oggi e crea ricordi indelebili!","section_10_cta":"Prenota ora il tuo City Game","latitude":40.9646896,"longitude":-5.664032,"country":469,"map_enabled":true},"yoast_head":"<!-- This site is optimized with the Yoast SEO Premium plugin v26.2 (Yoast SEO v27.4) - https:\/\/yoast.com\/product\/yoast-seo-premium-wordpress\/ -->\n<title>City Game Salamanca - City Game<\/title>\n<meta name=\"robots\" content=\"index, follow, max-snippet:-1, max-image-preview:large, max-video-preview:-1\" \/>\n<link rel=\"canonical\" href=\"https:\/\/citygame.com\/it\/luoghi\/city-game-spagna\/city-game-salamanca-2\/\" \/>\n<meta property=\"og:locale\" content=\"it_IT\" \/>\n<meta property=\"og:type\" content=\"article\" \/>\n<meta property=\"og:title\" content=\"City Game Salamanca\" \/>\n<meta property=\"og:url\" content=\"https:\/\/citygame.com\/it\/luoghi\/city-game-spagna\/city-game-salamanca-2\/\" \/>\n<meta property=\"og:site_name\" content=\"City Game\" \/>\n<meta property=\"article:publisher\" content=\"https:\/\/www.facebook.com\/profile.php?id=100086426226253\" \/>\n<meta property=\"og:image\" content=\"https:\/\/citygame.com\/wp-content\/blogs.dir\/1\/files\/2026\/03\/salamanca-cathedral-across-the-tormes-river.jpeg\" \/>\n\t<meta property=\"og:image:width\" content=\"1920\" \/>\n\t<meta property=\"og:image:height\" content=\"1440\" \/>\n\t<meta property=\"og:image:type\" content=\"image\/jpeg\" \/>\n<meta name=\"twitter:card\" content=\"summary_large_image\" \/>\n<script type=\"application\/ld+json\" class=\"yoast-schema-graph\">{\"@context\":\"https:\\\/\\\/schema.org\",\"@graph\":[{\"@type\":\"WebPage\",\"@id\":\"https:\\\/\\\/citygame.com\\\/it\\\/luoghi\\\/city-game-spagna\\\/city-game-salamanca-2\\\/\",\"url\":\"https:\\\/\\\/citygame.com\\\/it\\\/luoghi\\\/city-game-spagna\\\/city-game-salamanca-2\\\/\",\"name\":\"City Game Salamanca - City Game\",\"isPartOf\":{\"@id\":\"https:\\\/\\\/citygame.com\\\/it\\\/#website\"},\"primaryImageOfPage\":{\"@id\":\"https:\\\/\\\/citygame.com\\\/it\\\/luoghi\\\/city-game-spagna\\\/city-game-salamanca-2\\\/#primaryimage\"},\"image\":{\"@id\":\"https:\\\/\\\/citygame.com\\\/it\\\/luoghi\\\/city-game-spagna\\\/city-game-salamanca-2\\\/#primaryimage\"},\"thumbnailUrl\":\"https:\\\/\\\/citygame.com\\\/wp-content\\\/blogs.dir\\\/1\\\/files\\\/2026\\\/03\\\/salamanca-cathedral-across-the-tormes-river.jpeg\",\"datePublished\":\"2026-04-24T18:26:20+00:00\",\"breadcrumb\":{\"@id\":\"https:\\\/\\\/citygame.com\\\/it\\\/luoghi\\\/city-game-spagna\\\/city-game-salamanca-2\\\/#breadcrumb\"},\"inLanguage\":\"it-IT\",\"potentialAction\":[{\"@type\":\"ReadAction\",\"target\":[\"https:\\\/\\\/citygame.com\\\/it\\\/luoghi\\\/city-game-spagna\\\/city-game-salamanca-2\\\/\"]}]},{\"@type\":\"ImageObject\",\"inLanguage\":\"it-IT\",\"@id\":\"https:\\\/\\\/citygame.com\\\/it\\\/luoghi\\\/city-game-spagna\\\/city-game-salamanca-2\\\/#primaryimage\",\"url\":\"https:\\\/\\\/citygame.com\\\/wp-content\\\/blogs.dir\\\/1\\\/files\\\/2026\\\/03\\\/salamanca-cathedral-across-the-tormes-river.jpeg\",\"contentUrl\":\"https:\\\/\\\/citygame.com\\\/wp-content\\\/blogs.dir\\\/1\\\/files\\\/2026\\\/03\\\/salamanca-cathedral-across-the-tormes-river.jpeg\",\"width\":1920,\"height\":1440,\"caption\":\"The historic city of Salamanca and its cathedral complex reflecting in the Tormes River in Spain.\"},{\"@type\":\"BreadcrumbList\",\"@id\":\"https:\\\/\\\/citygame.com\\\/it\\\/luoghi\\\/city-game-spagna\\\/city-game-salamanca-2\\\/#breadcrumb\",\"itemListElement\":[{\"@type\":\"ListItem\",\"position\":1,\"name\":\"Home\",\"item\":\"https:\\\/\\\/citygame.com\\\/it\\\/\"},{\"@type\":\"ListItem\",\"position\":2,\"name\":\"Locations\",\"item\":\"https:\\\/\\\/citygame.com\\\/it\\\/?page_id=1598\"},{\"@type\":\"ListItem\",\"position\":3,\"name\":\"City Game Spain\",\"item\":\"https:\\\/\\\/citygame.com\\\/it\\\/locations\\\/spain\\\/\"},{\"@type\":\"ListItem\",\"position\":4,\"name\":\"City Game Salamanca\"}]},{\"@type\":\"WebSite\",\"@id\":\"https:\\\/\\\/citygame.com\\\/it\\\/#website\",\"url\":\"https:\\\/\\\/citygame.com\\\/it\\\/\",\"name\":\"City Game\",\"description\":\"\",\"publisher\":{\"@id\":\"https:\\\/\\\/citygame.com\\\/it\\\/#organization\"},\"alternateName\":\"citygame.com\",\"potentialAction\":[{\"@type\":\"SearchAction\",\"target\":{\"@type\":\"EntryPoint\",\"urlTemplate\":\"https:\\\/\\\/citygame.com\\\/it\\\/?s={search_term_string}\"},\"query-input\":{\"@type\":\"PropertyValueSpecification\",\"valueRequired\":true,\"valueName\":\"search_term_string\"}}],\"inLanguage\":\"it-IT\"},{\"@type\":\"Organization\",\"@id\":\"https:\\\/\\\/citygame.com\\\/it\\\/#organization\",\"name\":\"City Game\",\"alternateName\":\"citygame.com\",\"url\":\"https:\\\/\\\/citygame.com\\\/it\\\/\",\"logo\":{\"@type\":\"ImageObject\",\"inLanguage\":\"it-IT\",\"@id\":\"https:\\\/\\\/citygame.com\\\/it\\\/#\\\/schema\\\/logo\\\/image\\\/\",\"url\":\"https:\\\/\\\/citygame.com\\\/wp-content\\\/blogs.dir\\\/1\\\/files\\\/2025\\\/10\\\/CG_LOGO-City-Game.png\",\"contentUrl\":\"https:\\\/\\\/citygame.com\\\/wp-content\\\/blogs.dir\\\/1\\\/files\\\/2025\\\/10\\\/CG_LOGO-City-Game.png\",\"width\":351,\"height\":377,\"caption\":\"City Game\"},\"image\":{\"@id\":\"https:\\\/\\\/citygame.com\\\/it\\\/#\\\/schema\\\/logo\\\/image\\\/\"},\"sameAs\":[\"https:\\\/\\\/www.facebook.com\\\/profile.php?id=100086426226253\",\"https:\\\/\\\/www.instagram.com\\\/citygame_com\",\"https:\\\/\\\/www.tiktok.com\\\/@citygamecom\\\/\",\"https:\\\/\\\/www.linkedin.com\\\/company\\\/citygame-com\"],\"description\":\"Turn any city into a playground with our interactive City Games and self-guided tours. Fun, flexible, and ideal for groups and team building.\"}]}<\/script>\n<!-- \/ Yoast SEO Premium plugin. -->","yoast_head_json":{"title":"City Game Salamanca - City Game","robots":{"index":"index","follow":"follow","max-snippet":"max-snippet:-1","max-image-preview":"max-image-preview:large","max-video-preview":"max-video-preview:-1"},"canonical":"https:\/\/citygame.com\/it\/luoghi\/city-game-spagna\/city-game-salamanca-2\/","og_locale":"it_IT","og_type":"article","og_title":"City Game Salamanca","og_url":"https:\/\/citygame.com\/it\/luoghi\/city-game-spagna\/city-game-salamanca-2\/","og_site_name":"City Game","article_publisher":"https:\/\/www.facebook.com\/profile.php?id=100086426226253","og_image":[{"width":1920,"height":1440,"url":"https:\/\/citygame.com\/wp-content\/blogs.dir\/1\/files\/2026\/03\/salamanca-cathedral-across-the-tormes-river.jpeg","type":"image\/jpeg"}],"twitter_card":"summary_large_image","schema":{"@context":"https:\/\/schema.org","@graph":[{"@type":"WebPage","@id":"https:\/\/citygame.com\/it\/luoghi\/city-game-spagna\/city-game-salamanca-2\/","url":"https:\/\/citygame.com\/it\/luoghi\/city-game-spagna\/city-game-salamanca-2\/","name":"City Game Salamanca - City Game","isPartOf":{"@id":"https:\/\/citygame.com\/it\/#website"},"primaryImageOfPage":{"@id":"https:\/\/citygame.com\/it\/luoghi\/city-game-spagna\/city-game-salamanca-2\/#primaryimage"},"image":{"@id":"https:\/\/citygame.com\/it\/luoghi\/city-game-spagna\/city-game-salamanca-2\/#primaryimage"},"thumbnailUrl":"https:\/\/citygame.com\/wp-content\/blogs.dir\/1\/files\/2026\/03\/salamanca-cathedral-across-the-tormes-river.jpeg","datePublished":"2026-04-24T18:26:20+00:00","breadcrumb":{"@id":"https:\/\/citygame.com\/it\/luoghi\/city-game-spagna\/city-game-salamanca-2\/#breadcrumb"},"inLanguage":"it-IT","potentialAction":[{"@type":"ReadAction","target":["https:\/\/citygame.com\/it\/luoghi\/city-game-spagna\/city-game-salamanca-2\/"]}]},{"@type":"ImageObject","inLanguage":"it-IT","@id":"https:\/\/citygame.com\/it\/luoghi\/city-game-spagna\/city-game-salamanca-2\/#primaryimage","url":"https:\/\/citygame.com\/wp-content\/blogs.dir\/1\/files\/2026\/03\/salamanca-cathedral-across-the-tormes-river.jpeg","contentUrl":"https:\/\/citygame.com\/wp-content\/blogs.dir\/1\/files\/2026\/03\/salamanca-cathedral-across-the-tormes-river.jpeg","width":1920,"height":1440,"caption":"The historic city of Salamanca and its cathedral complex reflecting in the Tormes River in Spain."},{"@type":"BreadcrumbList","@id":"https:\/\/citygame.com\/it\/luoghi\/city-game-spagna\/city-game-salamanca-2\/#breadcrumb","itemListElement":[{"@type":"ListItem","position":1,"name":"Home","item":"https:\/\/citygame.com\/it\/"},{"@type":"ListItem","position":2,"name":"Locations","item":"https:\/\/citygame.com\/it\/?page_id=1598"},{"@type":"ListItem","position":3,"name":"City Game Spain","item":"https:\/\/citygame.com\/it\/locations\/spain\/"},{"@type":"ListItem","position":4,"name":"City Game Salamanca"}]},{"@type":"WebSite","@id":"https:\/\/citygame.com\/it\/#website","url":"https:\/\/citygame.com\/it\/","name":"City Game","description":"","publisher":{"@id":"https:\/\/citygame.com\/it\/#organization"},"alternateName":"citygame.com","potentialAction":[{"@type":"SearchAction","target":{"@type":"EntryPoint","urlTemplate":"https:\/\/citygame.com\/it\/?s={search_term_string}"},"query-input":{"@type":"PropertyValueSpecification","valueRequired":true,"valueName":"search_term_string"}}],"inLanguage":"it-IT"},{"@type":"Organization","@id":"https:\/\/citygame.com\/it\/#organization","name":"City Game","alternateName":"citygame.com","url":"https:\/\/citygame.com\/it\/","logo":{"@type":"ImageObject","inLanguage":"it-IT","@id":"https:\/\/citygame.com\/it\/#\/schema\/logo\/image\/","url":"https:\/\/citygame.com\/wp-content\/blogs.dir\/1\/files\/2025\/10\/CG_LOGO-City-Game.png","contentUrl":"https:\/\/citygame.com\/wp-content\/blogs.dir\/1\/files\/2025\/10\/CG_LOGO-City-Game.png","width":351,"height":377,"caption":"City Game"},"image":{"@id":"https:\/\/citygame.com\/it\/#\/schema\/logo\/image\/"},"sameAs":["https:\/\/www.facebook.com\/profile.php?id=100086426226253","https:\/\/www.instagram.com\/citygame_com","https:\/\/www.tiktok.com\/@citygamecom\/","https:\/\/www.linkedin.com\/company\/citygame-com"],"description":"Turn any city into a playground with our interactive City Games and self-guided tours. Fun, flexible, and ideal for groups and team building."}]}},"taxonomy_info":{"cities-only-parent-location":[{"value":469,"label":"Spain"}],"cg_page_type":[{"value":45,"label":"City overview page"}]},"featured_image_src_large":["https:\/\/citygame.com\/wp-content\/blogs.dir\/1\/files\/2026\/03\/salamanca-cathedral-across-the-tormes-river-1024x768.jpeg",1024,768,true],"author_info":{"display_name":"Philip","author_link":"https:\/\/citygame.com\/it\/blog\/author\/sophi2\/"},"comment_info":0,"wpml_current_locale":"it_IT","wpml_translations":{"nl_NL":{"locale":"nl_NL","id":228502,"slug":"city-game-salamanca-2","post_title":"City Game Salamanca","href":"https:\/\/citygame.com\/nl\/locaties\/city-game-spanje\/city-game-salamanca-2\/"},"en_US":{"locale":"en_US","id":11423,"slug":"city-game-salamanca","post_title":"City Game Salamanca","href":"https:\/\/citygame.com\/locations\/spain\/city-game-salamanca\/"},"fr_FR":{"locale":"fr_FR","id":228529,"slug":"city-game-salamanque","post_title":"City Game Salamanque","href":"https:\/\/citygame.com\/fr\/emplacements\/city-game-espagne\/city-game-salamanque\/"},"de_DE":{"locale":"de_DE","id":228515,"slug":"city-game-salamanca-2","post_title":"City Game Salamanca","href":"https:\/\/citygame.com\/de\/standorte\/city-game-spain\/city-game-salamanca-2\/"},"it_IT":{"locale":"it_IT","translation":"current"},"es_ES":{"locale":"es_ES","id":228522,"slug":"city-game-salamanca-2","post_title":"City Game Salamanca","href":"https:\/\/citygame.com\/es\/localizaciones\/city-game-espana\/city-game-salamanca-2\/"}},"_links":{"self":[{"href":"https:\/\/citygame.com\/it\/wp-json\/wp\/v2\/pages\/228536","targetHints":{"allow":["GET"]}}],"collection":[{"href":"https:\/\/citygame.com\/it\/wp-json\/wp\/v2\/pages"}],"about":[{"href":"https:\/\/citygame.com\/it\/wp-json\/wp\/v2\/types\/page"}],"author":[{"embeddable":true,"href":"https:\/\/citygame.com\/it\/wp-json\/wp\/v2\/users\/78"}],"replies":[{"embeddable":true,"href":"https:\/\/citygame.com\/it\/wp-json\/wp\/v2\/comments?post=228536"}],"version-history":[{"count":0,"href":"https:\/\/citygame.com\/it\/wp-json\/wp\/v2\/pages\/228536\/revisions"}],"up":[{"embeddable":true,"href":"https:\/\/citygame.com\/it\/wp-json\/wp\/v2\/pages\/226908"}],"acf:term":[{"embeddable":true,"taxonomy":"cities-only-parent-location","href":"https:\/\/citygame.com\/it\/wp-json\/wp\/v2\/cities-only-parent-location\/469"},{"embeddable":true,"taxonomy":"location","href":"https:\/\/citygame.com\/it\/wp-json\/wp\/v2\/location\/351"}],"wp:featuredmedia":[{"embeddable":true,"href":"https:\/\/citygame.com\/it\/wp-json\/wp\/v2\/media\/16413"}],"wp:attachment":[{"href":"https:\/\/citygame.com\/it\/wp-json\/wp\/v2\/media?parent=228536"}],"wp:term":[{"taxonomy":"cities-only-parent-location","embeddable":true,"href":"https:\/\/citygame.com\/it\/wp-json\/wp\/v2\/cities-only-parent-location?post=228536"},{"taxonomy":"countries-only-parent-locations","embeddable":true,"href":"https:\/\/citygame.com\/it\/wp-json\/wp\/v2\/countries-only-parent-locations?post=228536"},{"taxonomy":"seo_keyword","embeddable":true,"href":"https:\/\/citygame.com\/it\/wp-json\/wp\/v2\/seo_keyword?post=228536"},{"taxonomy":"cg_page_type","embeddable":true,"href":"https:\/\/citygame.com\/it\/wp-json\/wp\/v2\/cg_page_type?post=228536"}],"curies":[{"name":"wp","href":"https:\/\/api.w.org\/{rel}","templated":true}]}}