{"id":228637,"date":"2026-04-25T05:17:13","date_gmt":"2026-04-25T05:17:13","guid":{"rendered":"https:\/\/citygame.com\/locations\/morocco\/city-game-marrakesh-2\/"},"modified":"2026-04-25T05:17:13","modified_gmt":"2026-04-25T05:17:13","slug":"city-game-marrakesh-2","status":"publish","type":"page","link":"https:\/\/citygame.com\/it\/luoghi\/city-game-marocco\/city-game-marrakesh-2\/","title":{"rendered":"City Game Marrakesh"},"content":{"rendered":"","protected":false},"excerpt":{"rendered":"","protected":false},"author":78,"featured_media":11640,"parent":226493,"menu_order":0,"comment_status":"closed","ping_status":"closed","template":"","meta":{"_acf_changed":false,"_yoast_wpseo_focuskw":"City Game Marrakesh","_yoast_wpseo_metadesc":"","_kad_blocks_custom_css":"","_kad_blocks_head_custom_js":"","_kad_blocks_body_custom_js":"","_kad_blocks_footer_custom_js":"","_kad_post_transparent":"","_kad_post_title":"","_kad_post_layout":"","_kad_post_sidebar_id":"","_kad_post_content_style":"","_kad_post_vertical_padding":"","_kad_post_feature":"","_kad_post_feature_position":"","_kad_post_header":false,"_kad_post_footer":false,"_kad_post_classname":"","footnotes":""},"cities-only-parent-location":[507],"countries-only-parent-locations":[],"seo_keyword":[],"cg_page_type":[45],"class_list":["post-228637","page","type-page","status-publish","has-post-thumbnail","hentry","cities-only-parent-location-morocco","cg_page_type-city-overview-page"],"acf":{"city_name":"Marrakesh","select_city":509,"section_1_h2_city_games_in_city":"City Games in Marrakesh","intro_text":"City Games sono disponibili a Marrakesh, offrendo un modo unico per vivere la citt\u00e0 attraverso il gioco interattivo. Usando il tuo smartphone, risolverai enigmi e affronterai sfide muovendoti tra diverse zone al tuo ritmo. Questa attivit\u00e0 autoguidata combina esplorazione con compiti coinvolgenti, offrendo un modo flessibile per navigare per Marrakesh.","section_1_usp_1":"Avvia, metti in pausa e continua quando vuoi","section_1_usp_2":"Gioca in modo indipendente","section_1_usp_3":"1-4 o 2-5 persone per smartphone, a seconda del tuo gioco","section_1_usp_4":"1,5\u20132 ore di tempo di gioco","section_1_usp_5":"Distanza a piedi di 3-4 km","section_1_usp_6":"Connessione Internet necessaria","section_1_text_2":"Scegli il tuo City Game e inizia a giocare oggi!","section_1_cta":"Controlla tutti i City Games","intro_image":11641,"section_2_h2_all_city_games_in_city":"Tutti i City Games a Marrakesh","section_3_h2_how_city_games_work_in_city":"Come funzionano City Games a Marrakesh","section_3_text":"Iniziare \u00e8 facile. Scegli il tuo City Game a Marrakesh, prenota la tua avventura e inizia a giocare non appena ti \u00e8 possibile. Tutto ci\u00f2 di cui hai bisogno ti verr\u00e0 inviato subito dopo la prenotazione: niente guida, niente orari di inizio rigidi, solo te e la citt\u00e0.","section_3_usp_1":"1,5\u20132 ore di gameplay","section_3_usp_2":"Distanza a piedi di 3-4 km attraverso la citt\u00e0","section_3_usp_3":"Avvia, metti in pausa e continua quando vuoi","section_3_usp_4":"1-4 o 2-5 persone per smartphone, a seconda del tuo gioco","section_3_usp_5":"Gioca in modo indipendente con il tuo dispositivo","section_3_usp_6":"Connessione Internet necessaria durante il gioco","section_3_cta":"Scegli la tua citt\u00e0","section_3_step_1":"Passo 1","section_3_step_1_title":"Scegli la tua citt\u00e0 e City Game","section_3_step_1_text":"Seleziona la citt\u00e0 in cui vuoi giocare e prenota online il tuo City Game in pochi clic.","section_3_step_2":"Passo 2","section_3_step_2_title":"Ricevi le istruzioni del gioco","section_3_step_2_text":"Dopo la prenotazione riceverai immediatamente un'email con tutte le istruzioni e l'accesso al gioco.","section_3_step_3":"Passo 3","section_3_step_3_title":"Vai al punto di partenza","section_3_step_3_text":"Dirigiti al punto di partenza della citt\u00e0 quando ti \u00e8 comodo. Non ci sono orari di inizio fissi.","section_3_step_4":"Passo 4","section_3_step_4_title":"Avvia il tuo City Game","section_3_step_4_text":"Segui gli indizi, risolvi enigmi e scopri la citt\u00e0 mentre affronti divertenti sfide lungo il percorso.","how_city_games_work_image":11642,"section_4_h2_who_are_city_games_in_city_for":"Who are City Games in Marrakesh for?","section_4_text":"City Games in Marrakesh sono pensati per chiunque voglia vivere la citt\u00e0 in modo interattivo e flessibile. Che tu sia a Marrakesh per la prima volta o conosca gi\u00e0 bene la citt\u00e0, City Games offrono un'attivit\u00e0 divertente che si inserisce facilmente nella tua giornata.","section_4_text_2":"City Games in Marrakesh sono adatti a:","section_4_usp_1":"Giocatori singoli o piccoli gruppi in cerca di un'avventura flessibile","section_4_usp_2":"Turisti che esplorano Marrakesh","section_4_usp_3":"Amici e famiglie in cerca di un'attivit\u00e0 divertente","section_4_usp_4":"Aziende e team che pianificano un teambuilding","section_4_usp_5":"Residenti che vogliono riscoprire la propria citt\u00e0","section_4_cta":"Find a City Game in your city","who_are_city_games_for_image":11643,"section_5_h2_exploring_city":"Esplorando Marrakesh","exploring_city_text":"Esplorare Marrakesh significa entrare in una citt\u00e0 in cui tradizioni secolari e vivace vita quotidiana si intrecciano attraverso i suoi vicoli stretti e i quartieri dall'atmosfera unica. La medina, sito del patrimonio mondiale UNESCO, \u00e8 il cuore della citt\u00e0, con i suoi vicoli labirintici che conducono a cortili nascosti, souk affollati e riad storici. Il movimento \u00e8 plasmato dal contrasto tra passaggi ombreggiati e improvvisi bagliori di suoni e colori nelle piazze aperte come Jemaa el-Fnaa.\n\nAd ovest, il ritmo pi\u00f9 tranquillo del Giardino Majorelle e della circostante Ville Nouvelle offre una prospettiva diversa, con viali pi\u00f9 ampi e una disposizione urbana pi\u00f9 moderna. Percorrere questi spazi contrastanti rivela Marrakesh come una citt\u00e0 di texture stratificate\u2014from ancient ramparts to the rhythm of daily commerce\u2014inviting a deeper sense of presence as the city unfolds on foot.","exploring_city_image":11644,"section_6_h2_hosted_game":"Your favourite City Games, professionally hosted by our team","section_6_text":"Goditi gli stessi City Games della nostra versione autoguidata, ma con pieno supporto in loco da parte dei nostri host professionisti. Ci occupiamo del briefing, dei tablet, del coordinamento e del supporto tecnico, cos\u00ec il tuo gruppo pu\u00f2 concentrarsi interamente sul divertimento e sulla competizione.","section_6_text_2":"What\u2019s included:","section_6_usp_1_title":"Same City Game, fully hosted","section_6_usp_1_text":"Vivi la stessa esperienza del nostro City Game autoguidato, ora guidato dai nostri host.","section_6_usp_2_title":"Live ranking & prize ceremony","section_6_usp_2_text":"Per gruppi pi\u00f9 numerosi, i nostri host rivelano i punteggi finali e annunciano la squadra vincente con un momento di premio divertente.","section_6_usp_3_title":"Hosted start & finish","section_6_usp_3_text":"Accogliamo il tuo gruppo, spieghiamo chiaramente il gioco e concludiamo con un emozionante wrap-up.","section_6_usp_4_title":"Real-time support during the game","section_6_usp_4_text":"Il nostro team assiste con dispositivi, problemi dell'app e coordinamento durante l'esperienza.","section_6_usp_5_title":"Tablets included (optional)","section_6_usp_5_text":"Disponibili per gruppi che preferiscono utilizzare i nostri dispositivi invece dei propri.","section_6_text_3":"Affidato a team di tutto il mondo, dai piccoli gruppi a grandi eventi aziendali.","section_6_cta":"Plan your group event","section_7_h2_reviews":"Cosa ne pensano gli altri dei nostri City Games","section_7_cta_1":"Visualizza tutte le domande frequenti","section_7_cta_2":"Richiedi supporto","section_8_h2_faq":"Hai domande? Abbiamo risposte!","section_8_text":"Esplora le citt\u00e0 in modo divertente e interattivo con i nostri City Games. Risolvi enigmi, scopri luoghi nascosti e scopri la citt\u00e0 mentre giochi con amici, familiari o colleghi, quando ti \u00e8 pi\u00f9 comodo.","section_8_cta_1":"Visualizza tutte le domande frequenti","section_8_cta_2":"Richiedi supporto","section_8_question_1":"Cosa sono City Games a Marrakesh?","section_8_answer_1":"City Games a Marrakesh sono <strong>esperienze interattive e autoguidate<\/strong> che ti permettono di esplorare la citt\u00e0 mentre giochi!\r\n\r\nUsando il tuo smartphone, risolvi enigmi, affronti sfide e segui la trama del City Game scelto mentre cammini per la citt\u00e0.\r\n\r\nCity Games combinano lavoro di squadra, risoluzione di problemi e esplorazione all'aperto, rendendoli un'attivit\u00e0 divertente per visitatori, abitanti e gruppi.","section_8_question_2":"Do I need a guide to play a City Game in Marrakesh?","section_8_answer_2":"<p class=\"kt-adv-heading2034_2420ea-ca wp-block-kadence-advancedheading\" data-kb-block=\"kb-adv-heading2034_2420ea-ca\">No, City Games in Marrakesh sono <strong>completamente autoguidati<\/strong>. Non hai bisogno di una guida, di un host o del personale in loco per giocare. Tutte le istruzioni e il gameplay sono forniti digitalmente, permettendoti di iniziare e giocare in modo indipendente usando il tuo smartphone.<\/p>\r\nQuesta flessibilit\u00e0 rende i City Games facili da inserire nel tuo programma.\r\n<p class=\"kt-adv-heading2034_cd3db2-33 wp-block-kadence-advancedheading hls-none\" data-kb-block=\"kb-adv-heading2034_cd3db2-33\">Per gruppi pi\u00f9 numerosi o eventi aziendali, \u00e8 disponibile anche una versione completamente ospitata dei nostri City Games, inclusa guida sul posto, tablet e supporto live.<\/p>\r\nHai in programma un gruppo pi\u00f9 grande o un evento aziendale?","section_8_answer_2_cta":"Esplora l'esperienza del City Game ospitato per gruppi","section_8_question_3":"Quando possiamo iniziare a giocare a un City Game a Marrakesh?","section_8_answer_3":"\u00c8 possibile iniziare a giocare <strong>ogni volta che ti \u00e8 comodo<\/strong>! City Games a Marrakesh non hanno orari di inizio fissi, quindi puoi partire quando meglio si adatta ai tuoi piani.\r\n\r\nDopo la prenotazione, ricevi istruzioni chiare che spiegano come e quando puoi iniziare il tuo City Game!","section_8_question_4":"Quanto tempo dura un City Game a Marrakesh?","section_8_answer_4":"I City Games a Marrakesh richiedono <strong>circa 1,5\u20132 ore<\/strong> per essere completati! La durata esatta dipende dal tuo ritmo, da quante pause prendi e da quanto rapidamente risolvi gli enigmi e le sfide.\r\n\r\nPuoi giocare al tuo ritmo e mettere in pausa il gioco ogni volta che vuoi!","section_8_question_5":"Possiamo giocare a un City Game a Marrakesh con un grande gruppo?","section_8_answer_5":"<p class=\"kt-adv-heading2034_97743b-76 wp-block-kadence-advancedheading\" data-kb-block=\"kb-adv-heading2034_97743b-76\">S\u00ec, City Games sono adatti sia a <strong>piccoli gruppi che a team pi\u00f9 grandi<\/strong>. I gruppi numerosi possono facilmente suddividersi in squadre pi\u00f9 piccole e giocare al City Game contemporaneamente, usando pi\u00f9 smartphone. Ogni squadra gioca in modo indipendente, seguendo lo stesso concept e la stessa storia.<\/p>\r\nQuesto setup funziona bene per gruppi di amici, famiglie e aziende, e rende City Games una scelta popolare per gite di gruppo, eventi e attivit\u00e0 di teambuilding.\r\n<p class=\"kt-adv-heading2034_7442e3-e3 wp-block-kadence-advancedheading hls-none\" data-kb-block=\"kb-adv-heading2034_7442e3-e3\">Per gruppi pi\u00f9 grandi o eventi aziendali, \u00e8 disponibile anche una versione completamente ospitata dei nostri City Games, inclusa guida sul posto, tablet e supporto live.<\/p>\r\nHai in programma un gruppo pi\u00f9 grande o un evento aziendale?","section_8_answer_5_cta":"Esplora l'esperienza del City Game ospitato per gruppi","section_8_question_6":"I City Games a Marrakesh sono adatti a turisti e residenti?","section_8_answer_6":"S\u00ec, City Games a Marrakesh sono adatti sia a <strong>turisti che residenti<\/strong>. I visitatori possono vivere la citt\u00e0 in modo interattivo, mentre i residenti possono godere delle strade familiari come sfondo per un City Game.\r\n\r\nPoich\u00e9 ogni City Game si concentra sul gameplay e sulla narrazione, l'esperienza sembra fresca indipendentemente da quanto tu conosca gi\u00e0 la citt\u00e0.","section_8_question_7":"I City Games a Marrakesh sono disponibili in pi\u00f9 lingue?","section_8_answer_7":"S\u00ec, City Games a Marrakesh sono <strong>disponibili in pi\u00f9 lingue<\/strong>. Puoi scegliere la lingua preferita prima o durante il gioco, rendendo City Games accessibili a visitatori internazionali e gruppi multilingue.","section_8_question_8":"Di cosa abbiamo bisogno per giocare a un City Game a Marrakesh?","section_8_answer_8":"Per giocare a City Game a Marrakesh, \u00e8 necessario:","section_8_answer_8_usp_1":"Uno smartphone con connessione Internet","section_8_answer_8_usp_2":"Una batteria carica","section_8_answer_8_usp_3":"Scarpe comode per camminare","section_8_answer_8_2":"Tutti i contenuti del gioco e le istruzioni sono forniti digitalmente dopo la prenotazione.","section_9_h2_instagram":"Scopri di pi\u00f9 su Instagram","section_9_text":"Ispirazione di viaggio, enigmi, luoghi nascosti e momenti City Game, direttamente dalla nostra comunit\u00e0","section_9_cta":"Seguici su Instagram","section_10_h2_page_ending":"Pronto per un'avventura indimenticabile a Marrakesh?","section_10_text":"Esplora Marrakesh in modo unico e interattivo con i nostri City Games. Gioca oggi e crea ricordi duraturi!","section_10_cta":"Prenota ora il tuo City Game","latitude":31.6237869,"longitude":-7.9918664,"country":507,"map_enabled":true},"yoast_head":"<!-- This site is optimized with the Yoast SEO Premium plugin v26.2 (Yoast SEO v27.4) - https:\/\/yoast.com\/product\/yoast-seo-premium-wordpress\/ -->\n<title>City Game Marrakesh - City Game<\/title>\n<meta name=\"robots\" content=\"index, follow, max-snippet:-1, max-image-preview:large, max-video-preview:-1\" \/>\n<link rel=\"canonical\" href=\"https:\/\/citygame.com\/it\/luoghi\/city-game-marocco\/city-game-marrakesh-2\/\" \/>\n<meta property=\"og:locale\" content=\"it_IT\" \/>\n<meta property=\"og:type\" content=\"article\" \/>\n<meta property=\"og:title\" content=\"City Game Marrakesh\" \/>\n<meta property=\"og:url\" content=\"https:\/\/citygame.com\/it\/luoghi\/city-game-marocco\/city-game-marrakesh-2\/\" \/>\n<meta property=\"og:site_name\" content=\"City Game\" \/>\n<meta property=\"article:publisher\" content=\"https:\/\/www.facebook.com\/profile.php?id=100086426226253\" \/>\n<meta property=\"og:image\" content=\"https:\/\/citygame.com\/wp-content\/blogs.dir\/1\/files\/2026\/02\/marrakesh-djemaa-el-fna-koutoubia-mosque.jpg\" \/>\n\t<meta property=\"og:image:width\" content=\"1376\" \/>\n\t<meta property=\"og:image:height\" content=\"768\" \/>\n\t<meta property=\"og:image:type\" content=\"image\/jpeg\" \/>\n<meta name=\"twitter:card\" content=\"summary_large_image\" \/>\n<script type=\"application\/ld+json\" class=\"yoast-schema-graph\">{\"@context\":\"https:\\\/\\\/schema.org\",\"@graph\":[{\"@type\":\"WebPage\",\"@id\":\"https:\\\/\\\/citygame.com\\\/it\\\/luoghi\\\/city-game-marocco\\\/city-game-marrakesh-2\\\/\",\"url\":\"https:\\\/\\\/citygame.com\\\/it\\\/luoghi\\\/city-game-marocco\\\/city-game-marrakesh-2\\\/\",\"name\":\"City Game Marrakesh - City Game\",\"isPartOf\":{\"@id\":\"https:\\\/\\\/citygame.com\\\/it\\\/#website\"},\"primaryImageOfPage\":{\"@id\":\"https:\\\/\\\/citygame.com\\\/it\\\/luoghi\\\/city-game-marocco\\\/city-game-marrakesh-2\\\/#primaryimage\"},\"image\":{\"@id\":\"https:\\\/\\\/citygame.com\\\/it\\\/luoghi\\\/city-game-marocco\\\/city-game-marrakesh-2\\\/#primaryimage\"},\"thumbnailUrl\":\"https:\\\/\\\/citygame.com\\\/wp-content\\\/blogs.dir\\\/1\\\/files\\\/2026\\\/02\\\/marrakesh-djemaa-el-fna-koutoubia-mosque.jpg\",\"datePublished\":\"2026-04-25T05:17:13+00:00\",\"breadcrumb\":{\"@id\":\"https:\\\/\\\/citygame.com\\\/it\\\/luoghi\\\/city-game-marocco\\\/city-game-marrakesh-2\\\/#breadcrumb\"},\"inLanguage\":\"it-IT\",\"potentialAction\":[{\"@type\":\"ReadAction\",\"target\":[\"https:\\\/\\\/citygame.com\\\/it\\\/luoghi\\\/city-game-marocco\\\/city-game-marrakesh-2\\\/\"]}]},{\"@type\":\"ImageObject\",\"inLanguage\":\"it-IT\",\"@id\":\"https:\\\/\\\/citygame.com\\\/it\\\/luoghi\\\/city-game-marocco\\\/city-game-marrakesh-2\\\/#primaryimage\",\"url\":\"https:\\\/\\\/citygame.com\\\/wp-content\\\/blogs.dir\\\/1\\\/files\\\/2026\\\/02\\\/marrakesh-djemaa-el-fna-koutoubia-mosque.jpg\",\"contentUrl\":\"https:\\\/\\\/citygame.com\\\/wp-content\\\/blogs.dir\\\/1\\\/files\\\/2026\\\/02\\\/marrakesh-djemaa-el-fna-koutoubia-mosque.jpg\",\"width\":1376,\"height\":768,\"caption\":\"The famous Djemaa el-Fna square comes alive at sunset, with the Koutoubia Mosque visible in the distance.\"},{\"@type\":\"BreadcrumbList\",\"@id\":\"https:\\\/\\\/citygame.com\\\/it\\\/luoghi\\\/city-game-marocco\\\/city-game-marrakesh-2\\\/#breadcrumb\",\"itemListElement\":[{\"@type\":\"ListItem\",\"position\":1,\"name\":\"Home\",\"item\":\"https:\\\/\\\/citygame.com\\\/it\\\/\"},{\"@type\":\"ListItem\",\"position\":2,\"name\":\"Locations\",\"item\":\"https:\\\/\\\/citygame.com\\\/it\\\/?page_id=1598\"},{\"@type\":\"ListItem\",\"position\":3,\"name\":\"City Game Morocco\",\"item\":\"https:\\\/\\\/citygame.com\\\/it\\\/locations\\\/morocco\\\/\"},{\"@type\":\"ListItem\",\"position\":4,\"name\":\"City Game Marrakesh\"}]},{\"@type\":\"WebSite\",\"@id\":\"https:\\\/\\\/citygame.com\\\/it\\\/#website\",\"url\":\"https:\\\/\\\/citygame.com\\\/it\\\/\",\"name\":\"City Game\",\"description\":\"\",\"publisher\":{\"@id\":\"https:\\\/\\\/citygame.com\\\/it\\\/#organization\"},\"alternateName\":\"citygame.com\",\"potentialAction\":[{\"@type\":\"SearchAction\",\"target\":{\"@type\":\"EntryPoint\",\"urlTemplate\":\"https:\\\/\\\/citygame.com\\\/it\\\/?s={search_term_string}\"},\"query-input\":{\"@type\":\"PropertyValueSpecification\",\"valueRequired\":true,\"valueName\":\"search_term_string\"}}],\"inLanguage\":\"it-IT\"},{\"@type\":\"Organization\",\"@id\":\"https:\\\/\\\/citygame.com\\\/it\\\/#organization\",\"name\":\"City Game\",\"alternateName\":\"citygame.com\",\"url\":\"https:\\\/\\\/citygame.com\\\/it\\\/\",\"logo\":{\"@type\":\"ImageObject\",\"inLanguage\":\"it-IT\",\"@id\":\"https:\\\/\\\/citygame.com\\\/it\\\/#\\\/schema\\\/logo\\\/image\\\/\",\"url\":\"https:\\\/\\\/citygame.com\\\/wp-content\\\/blogs.dir\\\/1\\\/files\\\/2025\\\/10\\\/CG_LOGO-City-Game.png\",\"contentUrl\":\"https:\\\/\\\/citygame.com\\\/wp-content\\\/blogs.dir\\\/1\\\/files\\\/2025\\\/10\\\/CG_LOGO-City-Game.png\",\"width\":351,\"height\":377,\"caption\":\"City Game\"},\"image\":{\"@id\":\"https:\\\/\\\/citygame.com\\\/it\\\/#\\\/schema\\\/logo\\\/image\\\/\"},\"sameAs\":[\"https:\\\/\\\/www.facebook.com\\\/profile.php?id=100086426226253\",\"https:\\\/\\\/www.instagram.com\\\/citygame_com\",\"https:\\\/\\\/www.tiktok.com\\\/@citygamecom\\\/\",\"https:\\\/\\\/www.linkedin.com\\\/company\\\/citygame-com\"],\"description\":\"Turn any city into a playground with our interactive City Games and self-guided tours. Fun, flexible, and ideal for groups and team building.\"}]}<\/script>\n<!-- \/ Yoast SEO Premium plugin. -->","yoast_head_json":{"title":"City Game Marrakesh - City Game","robots":{"index":"index","follow":"follow","max-snippet":"max-snippet:-1","max-image-preview":"max-image-preview:large","max-video-preview":"max-video-preview:-1"},"canonical":"https:\/\/citygame.com\/it\/luoghi\/city-game-marocco\/city-game-marrakesh-2\/","og_locale":"it_IT","og_type":"article","og_title":"City Game Marrakesh","og_url":"https:\/\/citygame.com\/it\/luoghi\/city-game-marocco\/city-game-marrakesh-2\/","og_site_name":"City Game","article_publisher":"https:\/\/www.facebook.com\/profile.php?id=100086426226253","og_image":[{"width":1376,"height":768,"url":"https:\/\/citygame.com\/wp-content\/blogs.dir\/1\/files\/2026\/02\/marrakesh-djemaa-el-fna-koutoubia-mosque.jpg","type":"image\/jpeg"}],"twitter_card":"summary_large_image","schema":{"@context":"https:\/\/schema.org","@graph":[{"@type":"WebPage","@id":"https:\/\/citygame.com\/it\/luoghi\/city-game-marocco\/city-game-marrakesh-2\/","url":"https:\/\/citygame.com\/it\/luoghi\/city-game-marocco\/city-game-marrakesh-2\/","name":"City Game Marrakesh - City Game","isPartOf":{"@id":"https:\/\/citygame.com\/it\/#website"},"primaryImageOfPage":{"@id":"https:\/\/citygame.com\/it\/luoghi\/city-game-marocco\/city-game-marrakesh-2\/#primaryimage"},"image":{"@id":"https:\/\/citygame.com\/it\/luoghi\/city-game-marocco\/city-game-marrakesh-2\/#primaryimage"},"thumbnailUrl":"https:\/\/citygame.com\/wp-content\/blogs.dir\/1\/files\/2026\/02\/marrakesh-djemaa-el-fna-koutoubia-mosque.jpg","datePublished":"2026-04-25T05:17:13+00:00","breadcrumb":{"@id":"https:\/\/citygame.com\/it\/luoghi\/city-game-marocco\/city-game-marrakesh-2\/#breadcrumb"},"inLanguage":"it-IT","potentialAction":[{"@type":"ReadAction","target":["https:\/\/citygame.com\/it\/luoghi\/city-game-marocco\/city-game-marrakesh-2\/"]}]},{"@type":"ImageObject","inLanguage":"it-IT","@id":"https:\/\/citygame.com\/it\/luoghi\/city-game-marocco\/city-game-marrakesh-2\/#primaryimage","url":"https:\/\/citygame.com\/wp-content\/blogs.dir\/1\/files\/2026\/02\/marrakesh-djemaa-el-fna-koutoubia-mosque.jpg","contentUrl":"https:\/\/citygame.com\/wp-content\/blogs.dir\/1\/files\/2026\/02\/marrakesh-djemaa-el-fna-koutoubia-mosque.jpg","width":1376,"height":768,"caption":"The famous Djemaa el-Fna square comes alive at sunset, with the Koutoubia Mosque visible in the distance."},{"@type":"BreadcrumbList","@id":"https:\/\/citygame.com\/it\/luoghi\/city-game-marocco\/city-game-marrakesh-2\/#breadcrumb","itemListElement":[{"@type":"ListItem","position":1,"name":"Home","item":"https:\/\/citygame.com\/it\/"},{"@type":"ListItem","position":2,"name":"Locations","item":"https:\/\/citygame.com\/it\/?page_id=1598"},{"@type":"ListItem","position":3,"name":"City Game Morocco","item":"https:\/\/citygame.com\/it\/locations\/morocco\/"},{"@type":"ListItem","position":4,"name":"City Game Marrakesh"}]},{"@type":"WebSite","@id":"https:\/\/citygame.com\/it\/#website","url":"https:\/\/citygame.com\/it\/","name":"City Game","description":"","publisher":{"@id":"https:\/\/citygame.com\/it\/#organization"},"alternateName":"citygame.com","potentialAction":[{"@type":"SearchAction","target":{"@type":"EntryPoint","urlTemplate":"https:\/\/citygame.com\/it\/?s={search_term_string}"},"query-input":{"@type":"PropertyValueSpecification","valueRequired":true,"valueName":"search_term_string"}}],"inLanguage":"it-IT"},{"@type":"Organization","@id":"https:\/\/citygame.com\/it\/#organization","name":"City Game","alternateName":"citygame.com","url":"https:\/\/citygame.com\/it\/","logo":{"@type":"ImageObject","inLanguage":"it-IT","@id":"https:\/\/citygame.com\/it\/#\/schema\/logo\/image\/","url":"https:\/\/citygame.com\/wp-content\/blogs.dir\/1\/files\/2025\/10\/CG_LOGO-City-Game.png","contentUrl":"https:\/\/citygame.com\/wp-content\/blogs.dir\/1\/files\/2025\/10\/CG_LOGO-City-Game.png","width":351,"height":377,"caption":"City Game"},"image":{"@id":"https:\/\/citygame.com\/it\/#\/schema\/logo\/image\/"},"sameAs":["https:\/\/www.facebook.com\/profile.php?id=100086426226253","https:\/\/www.instagram.com\/citygame_com","https:\/\/www.tiktok.com\/@citygamecom\/","https:\/\/www.linkedin.com\/company\/citygame-com"],"description":"Turn any city into a playground with our interactive City Games and self-guided tours. Fun, flexible, and ideal for groups and team building."}]}},"taxonomy_info":{"cities-only-parent-location":[{"value":507,"label":"Morocco"}],"cg_page_type":[{"value":45,"label":"City overview page"}]},"featured_image_src_large":["https:\/\/citygame.com\/wp-content\/blogs.dir\/1\/files\/2026\/02\/marrakesh-djemaa-el-fna-koutoubia-mosque-1024x572.jpg",1024,572,true],"author_info":{"display_name":"Philip","author_link":"https:\/\/citygame.com\/it\/blog\/author\/sophi2\/"},"comment_info":0,"wpml_current_locale":"it_IT","wpml_translations":{"nl_NL":{"locale":"nl_NL","id":228608,"slug":"city-game-marrakesh-2","post_title":"City Game Marrakesh","href":"https:\/\/citygame.com\/nl\/locaties\/city-game-morocco\/city-game-marrakesh-2\/"},"en_US":{"locale":"en_US","id":11645,"slug":"city-game-marrakesh","post_title":"City Game Marrakesh","href":"https:\/\/citygame.com\/locations\/morocco\/city-game-marrakesh\/"},"fr_FR":{"locale":"fr_FR","id":228629,"slug":"city-game-marrakesh-2","post_title":"City Game Marrakesh","href":"https:\/\/citygame.com\/fr\/emplacements\/city-game-maroc\/city-game-marrakesh-2\/"},"de_DE":{"locale":"de_DE","id":228614,"slug":"city-game-marrakesh-2","post_title":"City Game Marrakesh","href":"https:\/\/citygame.com\/de\/standorte\/city-game-marokko\/city-game-marrakesh-2\/"},"it_IT":{"locale":"it_IT","translation":"current"},"es_ES":{"locale":"es_ES","id":228621,"slug":"city-game-marrakesh-2","post_title":"City Game Marrakesh","href":"https:\/\/citygame.com\/es\/localizaciones\/city-game-morocco\/city-game-marrakesh-2\/"}},"_links":{"self":[{"href":"https:\/\/citygame.com\/it\/wp-json\/wp\/v2\/pages\/228637","targetHints":{"allow":["GET"]}}],"collection":[{"href":"https:\/\/citygame.com\/it\/wp-json\/wp\/v2\/pages"}],"about":[{"href":"https:\/\/citygame.com\/it\/wp-json\/wp\/v2\/types\/page"}],"author":[{"embeddable":true,"href":"https:\/\/citygame.com\/it\/wp-json\/wp\/v2\/users\/78"}],"replies":[{"embeddable":true,"href":"https:\/\/citygame.com\/it\/wp-json\/wp\/v2\/comments?post=228637"}],"version-history":[{"count":0,"href":"https:\/\/citygame.com\/it\/wp-json\/wp\/v2\/pages\/228637\/revisions"}],"up":[{"embeddable":true,"href":"https:\/\/citygame.com\/it\/wp-json\/wp\/v2\/pages\/226493"}],"acf:term":[{"embeddable":true,"taxonomy":"cities-only-parent-location","href":"https:\/\/citygame.com\/it\/wp-json\/wp\/v2\/cities-only-parent-location\/507"},{"embeddable":true,"taxonomy":"location","href":"https:\/\/citygame.com\/it\/wp-json\/wp\/v2\/location\/509"}],"wp:featuredmedia":[{"embeddable":true,"href":"https:\/\/citygame.com\/it\/wp-json\/wp\/v2\/media\/11640"}],"wp:attachment":[{"href":"https:\/\/citygame.com\/it\/wp-json\/wp\/v2\/media?parent=228637"}],"wp:term":[{"taxonomy":"cities-only-parent-location","embeddable":true,"href":"https:\/\/citygame.com\/it\/wp-json\/wp\/v2\/cities-only-parent-location?post=228637"},{"taxonomy":"countries-only-parent-locations","embeddable":true,"href":"https:\/\/citygame.com\/it\/wp-json\/wp\/v2\/countries-only-parent-locations?post=228637"},{"taxonomy":"seo_keyword","embeddable":true,"href":"https:\/\/citygame.com\/it\/wp-json\/wp\/v2\/seo_keyword?post=228637"},{"taxonomy":"cg_page_type","embeddable":true,"href":"https:\/\/citygame.com\/it\/wp-json\/wp\/v2\/cg_page_type?post=228637"}],"curies":[{"name":"wp","href":"https:\/\/api.w.org\/{rel}","templated":true}]}}