{"id":228758,"date":"2026-04-25T06:06:29","date_gmt":"2026-04-25T06:06:29","guid":{"rendered":"https:\/\/citygame.com\/locations\/turkey\/city-game-antalya-2\/"},"modified":"2026-04-25T06:06:29","modified_gmt":"2026-04-25T06:06:29","slug":"city-game-antalya-2","status":"publish","type":"page","link":"https:\/\/citygame.com\/it\/luoghi\/city-game-turchia\/city-game-antalya-2\/","title":{"rendered":"City Game Antalya"},"content":{"rendered":"","protected":false},"excerpt":{"rendered":"","protected":false},"author":78,"featured_media":16423,"parent":227121,"menu_order":0,"comment_status":"closed","ping_status":"closed","template":"","meta":{"_acf_changed":false,"_yoast_wpseo_focuskw":"City Game Antalya","_yoast_wpseo_metadesc":"","_kad_blocks_custom_css":"","_kad_blocks_head_custom_js":"","_kad_blocks_body_custom_js":"","_kad_blocks_footer_custom_js":"","_kad_post_transparent":"","_kad_post_title":"","_kad_post_layout":"","_kad_post_sidebar_id":"","_kad_post_content_style":"","_kad_post_vertical_padding":"","_kad_post_feature":"","_kad_post_feature_position":"","_kad_post_header":false,"_kad_post_footer":false,"_kad_post_classname":"","footnotes":""},"cities-only-parent-location":[490],"countries-only-parent-locations":[],"seo_keyword":[],"cg_page_type":[45],"class_list":["post-228758","page","type-page","status-publish","has-post-thumbnail","hentry","cities-only-parent-location-turkey","cg_page_type-city-overview-page"],"acf":{"city_name":"Antalya","select_city":69,"section_1_h2_city_games_in_city":"City Games ad Antalya","intro_text":"City Games sono disponibili ad Antalya, offrendo un modo interattivo per esplorare la citt\u00e0 attraverso il gioco. Usando il tuo smartphone, risolverai enigmi e completerai sfide mentre ti muovi nell'area al tuo ritmo. Questa esperienza autoguidata combina l'esplorazione all'aperto con compiti coinvolgenti pensati per il gioco autonomo.","section_1_usp_1":"Inizia, metti in pausa e riprendi quando vuoi","section_1_usp_2":"Gioca in modo indipendente","section_1_usp_3":"1\u20134 o 2\u20135 persone per smartphone, a seconda del tuo gioco","section_1_usp_4":"1,5\u20132 ore di gioco","section_1_usp_5":"Distanza a piedi di 3\u20134 km","section_1_usp_6":"\u00c8 necessaria una connessione Internet","section_1_text_2":"Scegli il tuo City Game e inizia a giocare oggi!","section_1_cta":"Controlla tutti i City Games","intro_image":16424,"section_2_h2_all_city_games_in_city":"Tutti i City Games ad Antalya","section_3_h2_how_city_games_work_in_city":"Come funzionano City Games ad Antalya","section_3_text":"Per iniziare \u00e8 facile. Scegli il tuo City Game ad Antalya, prenota la tua avventura e inizia a giocare non appena ti \u00e8 comodo. Tutto ci\u00f2 di cui hai bisogno ti verr\u00e0 inviato immediatamente dopo la prenotazione: nessuna guida, nessun orario di inizio rigido, solo il tuo gruppo e la citt\u00e0.","section_3_usp_1":"1,5\u20132 ore di gioco","section_3_usp_2":"Distanza a piedi di 3\u20134 km attraverso la citt\u00e0","section_3_usp_3":"Inizia, metti in pausa e riprendi quando vuoi","section_3_usp_4":"1\u20134 o 2\u20135 persone per smartphone, a seconda del tuo gioco","section_3_usp_5":"Gioca in autonomia con il tuo dispositivo","section_3_usp_6":"\u00c8 richiesta una connessione Internet durante il gioco","section_3_cta":"Scegli la tua citt\u00e0","section_3_step_1":"Passo 1","section_3_step_1_title":"Scegli la tua citt\u00e0 e il City Game","section_3_step_1_text":"Seleziona la citt\u00e0 in cui vuoi giocare e prenota online il tuo City Game in pochi clic.","section_3_step_2":"Passo 2","section_3_step_2_title":"Ricevi le istruzioni del gioco","section_3_step_2_text":"Dopo la prenotazione riceverai immediatamente un'email con tutte le istruzioni e l'accesso al gioco.","section_3_step_3":"Passo 3","section_3_step_3_title":"Vai al punto di partenza","section_3_step_3_text":"Dirigiti verso il punto di partenza nella citt\u00e0 quando ti \u00e8 comodo. Non ci sono orari di inizio fissi.","section_3_step_4":"Passo 4","section_3_step_4_title":"Avvia il tuo City Game","section_3_step_4_text":"Segui gli indizi, risolvi enigmi e scopri la citt\u00e0 completando divertenti sfide lungo il percorso.","how_city_games_work_image":16425,"section_4_h2_who_are_city_games_in_city_for":"A chi sono rivolti i City Games ad Antalya?","section_4_text":"City Games ad Antalya sono pensati per chiunque voglia vivere la citt\u00e0 in modo interattivo e flessibile. Sia che tu stia visitando Antalya per la prima volta, sia che conosca gi\u00e0 bene la citt\u00e0, City Games offrono un'attivit\u00e0 divertente che si integra facilmente nella tua giornata.","section_4_text_2":"City Games ad Antalya sono adatti a:","section_4_usp_1":"Giocatori singoli o gruppi piccoli in cerca di un'avventura flessibile","section_4_usp_2":"Turisti che esplorano Antalya","section_4_usp_3":"Amici e famiglie in cerca di un'attivit\u00e0 divertente","section_4_usp_4":"Aziende e gruppi che pianificano un'attivit\u00e0 di team building","section_4_usp_5":"Residenti che vogliono riscoprire la propria citt\u00e0","section_4_cta":"Trova un City Game nella tua citt\u00e0","who_are_city_games_for_image":16426,"section_5_h2_exploring_city":"Esplorando Antalya","exploring_city_text":"Incorniciata dalle acque turchesi del Mediterraneo e sorretta dalle cime del Taurus, Antalya offre un mix impressionante di bellezza naturale e storia stratificata. Passeggiando per le strade acciottolate di Kalei\u00e7i, la storica citt\u00e0, si passa tra resti romani antichi, case ottomane e cortili ombreggiati che riflettono il suo ricco passato. I vicoli stretti e le vedute sul mare creano un'atmosfera coinvolgente radicata in secoli di influssi diversificati.\n\nLa citt\u00e0 si dispiega lungo una costa panoramica, con il lungomare alberato di Konyaalt\u0131 Beach che attira residenti e visitatori nel suo ritmo di pomeriggi rilassanti e brezze marine. Nel frattempo, la vivace zona portuale fonde fascino storico con la vita quotidiana, dove pescherecci e yacht condividono lo spazio sotto le antiche mura romane che stanno crollando. Muoversi per Antalya \u00e8 un gioco costante tra terra e mare, pietra antica e fluire moderno.","exploring_city_image":16427,"section_6_h2_hosted_game":"I tuoi City Games preferiti, ospitati professionalmente dal nostro team","section_6_text":"Goditi gli stessi City Games della versione autoguidata, ma con pieno supporto in loco da parte dei nostri accompagnatori professionisti. Ci occupiamo del briefing, dei tablet, del coordinamento e del supporto tecnico, cos\u00ec il tuo gruppo pu\u00f2 concentrarsi interamente sul divertimento e sulla competizione.","section_6_text_2":"Cosa \u00e8 incluso:","section_6_usp_1_title":"Stesso City Game, completamente ospitato","section_6_usp_1_text":"Gioca la stessa City Game esperienza della versione autoguidata, ora guidata dai nostri accompagnatori.","section_6_usp_2_title":"Classifica in tempo reale e cerimonia di premiazione","section_6_usp_2_text":"Per gruppi numerosi, i nostri accompagnatori rivelano i punteggi finali e annunciano la squadra vincente con un momento di premio divertente.","section_6_usp_3_title":"Avvio e chiusura guidati","section_6_usp_3_text":"Accogliamo il tuo gruppo, spieghiamo chiaramente il gioco e concludiamo con un entusiasmante riepilogo.","section_6_usp_4_title":"Supporto in tempo reale durante il gioco","section_6_usp_4_text":"Il nostro team assiste con i dispositivi, i problemi dell'app e la coordinazione durante l'intera esperienza.","section_6_usp_5_title":"Tablet inclusi (opzionali)","section_6_usp_5_text":"Disponibile per gruppi che preferiscono utilizzare i nostri dispositivi invece dei propri.","section_6_text_3":"Affidato da team in tutto il mondo, dai piccoli gruppi a grandi eventi aziendali.","section_6_cta":"Pianifica il tuo evento di gruppo","section_7_h2_reviews":"Cosa pensano gli altri dei nostri City Games","section_7_cta_1":"Visualizza tutte le domande frequenti","section_7_cta_2":"Ottieni supporto","section_8_h2_faq":"Hai domande? Abbiamo risposte!","section_8_text":"Esplora le citt\u00e0 in modo divertente e interattivo con i nostri City Games. Risolvi enigmi, scopri luoghi nascosti e scopri la citt\u00e0 mentre giochi con amici, familiari o colleghi, quando ti \u00e8 comodo.","section_8_cta_1":"Visualizza tutte le domande frequenti","section_8_cta_2":"Ottieni supporto","section_8_question_1":"Cosa sono City Games ad Antalya?","section_8_answer_1":"City Games ad Antalya sono <strong>esperienze interattive e autoguidate<\/strong> che ti permettono di esplorare la citt\u00e0 mentre giochi!\r\n\r\nUsando lo smartphone, risolvi enigmi, completi sfide e segui la trama del City Game scelto percorrendo la citt\u00e0.\r\n\r\nCity Games combinano lavoro di squadra, problem solving e esplorazione all'aperto, rendendole un'attivit\u00e0 divertente per visitatori, residenti e gruppi.","section_8_question_2":"Ho bisogno di una guida per giocare a un City Game ad Antalya?","section_8_answer_2":"<p class=\"kt-adv-heading2034_2420ea-ca wp-block-kadence-advancedheading\" data-kb-block=\"kb-adv-heading2034_2420ea-ca\">No, City Games ad Antalya sono <strong>completamente autoguidate<\/strong>. Non hai bisogno di una guida, di un host o di personale in loco per giocare. Tutte le istruzioni e il gameplay sono forniti digitalmente, permettendoti di iniziare a giocare in autonomia usando il tuo smartphone.<\/p>rnQuesta flessibilit\u00e0 rende City Games facili da inserire nel tuo programma.rn<p class=\"kt-adv-heading2034_cd3db2-33 wp-block-kadence-advancedheading hls-none\" data-kb-block=\"kb-adv-heading2034_cd3db2-33\">Per gruppi numerosi o eventi aziendali, \u00e8 disponibile anche una versione completamente ospitata dei nostri City Games, che include guida in loco, tablet e supporto in tempo reale.<\/p>rnPianificare un evento di gruppo pi\u00f9 grande o un evento aziendale?","section_8_answer_2_cta":"Esplora l'esperienza City Game ospitata per gruppi","section_8_question_3":"Quando possiamo iniziare a giocare a un City Game ad Antalya?","section_8_answer_3":"Puoi iniziare a giocare <strong>quando ti \u00e8 conveniente<\/strong>! I City Games ad Antalya non hanno orari di inizio fissi, quindi sei libero di iniziare in un momento che si adatti ai tuoi piani.rnrnDopo la prenotazione, riceverai istruzioni chiare che spiegano come e quando puoi iniziare il tuo City Game!","section_8_question_4":"Quanto tempo ci vuole per un City Game ad Antalya?","section_8_answer_4":"Le City Games ad Antalya richiedono <strong>circa 1,5\u20132 ore<\/strong> per essere completate! La durata esatta dipende dal tuo ritmo, da quante pause fai e da quanto velocemente risolvi enigmi e sfide.rnrnPuoi giocare al tuo ritmo e mettere in pausa il gioco ogni volta che vuoi!","section_8_question_5":"Possiamo giocare a un City Game ad Antalya con un grande gruppo?","section_8_answer_5":"<p class=\"kt-adv-heading2034_97743b-76 wp-block-kadence-advancedheading\" data-kb-block=\"kb-adv-heading2034_97743b-76\">S\u00ec, City Games sono adatti sia a <strong>piccoli gruppi sia a team pi\u00f9 grandi<\/strong>. I gruppi numerosi possono facilmente suddividersi in team pi\u00f9 piccoli e giocare allo stesso tempo il City Game, usando smartphone multipli. Ogni team gioca in modo indipendente, seguendo lo stesso concetto di gioco e la stessa storia.<\/p>rnQuesto allestimento funziona bene per gruppi di amici, famiglie e aziende, e rende i City Games una scelta popolare per uscite di gruppo, eventi e attivit\u00e0 di teambuilding.rn<p class=\"kt-adv-heading2034_7442e3-e3 wp-block-kadence-advancedheading hls-none\" data-kb-block=\"kb-adv-heading2034_7442e3-e3\">Per gruppi pi\u00f9 grandi o eventi aziendali, \u00e8 disponibile anche una versione completamente ospitata dei nostri City Games, che include guida in loco, tablet e supporto in tempo reale.<\/p>rnPianificare un evento di gruppo pi\u00f9 grande o aziendale?","section_8_answer_5_cta":"Esplora l'esperienza City Game ospitata per gruppi","section_8_question_6":"I City Games ad Antalya sono adatti sia ai turisti che ai residenti?","section_8_answer_6":"S\u00ec, City Games ad Antalya sono <strong>adatti sia a turisti che a residenti<\/strong>. I visitatori possono vivere la citt\u00e0 in modo interattivo, mentre i residenti possono godere delle strade familiari come sfondo per un City Game.rnrnPoich\u00e9 ogni City Game si concentra sul gameplay e sul racconto, l'esperienza risulta fresca indipendentemente da quanto bene conosca la citt\u00e0.","section_8_question_7":"I City Games ad Antalya sono disponibili in pi\u00f9 lingue?","section_8_answer_7":"S\u00ec, City Games ad Antalya sono <strong>disponibili in pi\u00f9 lingue<\/strong>. Puoi scegliere la lingua preferita prima o durante il gioco, rendendo City Games accessibili per visitatori internazionali e gruppi multilingue.","section_8_question_8":"Di cosa abbiamo bisogno per giocare a un City Game ad Antalya?","section_8_answer_8":"Per giocare a un City Game ad Antalya, hai bisogno di:","section_8_answer_8_usp_1":"Uno smartphone con connessione Internet","section_8_answer_8_usp_2":"Una batteria carica","section_8_answer_8_usp_3":"Scarpe comode per camminare","section_8_answer_8_2":"Tutto il contenuto di gioco e le istruzioni sono forniti digitalmente dopo la prenotazione.","section_9_h2_instagram":"Guarda di pi\u00f9 su Instagram","section_9_text":"Ispirazione di viaggio, enigmi, tesori nascosti e momenti City Game, direttamente dalla nostra comunit\u00e0","section_9_cta":"Seguici su Instagram","section_10_h2_page_ending":"Pronto per un'avventura indimenticabile ad Antalya?","section_10_text":"Esplora Antalya in modo unico e interattivo con i nostri City Games. Gioca oggi e crea ricordi che durino nel tempo!","section_10_cta":"Prenota ora il tuo City Game","latitude":36.8809215,"longitude":30.708622,"country":490,"map_enabled":true},"yoast_head":"<!-- This site is optimized with the Yoast SEO Premium plugin v26.2 (Yoast SEO v27.4) - https:\/\/yoast.com\/product\/yoast-seo-premium-wordpress\/ -->\n<title>City Game Antalya - City Game<\/title>\n<meta name=\"robots\" content=\"index, follow, max-snippet:-1, max-image-preview:large, max-video-preview:-1\" \/>\n<link rel=\"canonical\" href=\"https:\/\/citygame.com\/it\/luoghi\/city-game-turchia\/city-game-antalya-2\/\" \/>\n<meta property=\"og:locale\" content=\"it_IT\" \/>\n<meta property=\"og:type\" content=\"article\" \/>\n<meta property=\"og:title\" content=\"City Game Antalya\" \/>\n<meta property=\"og:url\" content=\"https:\/\/citygame.com\/it\/luoghi\/city-game-turchia\/city-game-antalya-2\/\" \/>\n<meta property=\"og:site_name\" content=\"City Game\" \/>\n<meta property=\"article:publisher\" content=\"https:\/\/www.facebook.com\/profile.php?id=100086426226253\" \/>\n<meta property=\"og:image\" content=\"https:\/\/citygame.com\/wp-content\/blogs.dir\/1\/files\/2026\/03\/antalya-aerial-view-coastline-taurus-mountains.jpeg\" \/>\n\t<meta property=\"og:image:width\" content=\"1440\" \/>\n\t<meta property=\"og:image:height\" content=\"1920\" \/>\n\t<meta property=\"og:image:type\" content=\"image\/jpeg\" \/>\n<meta name=\"twitter:card\" content=\"summary_large_image\" \/>\n<script type=\"application\/ld+json\" class=\"yoast-schema-graph\">{\"@context\":\"https:\\\/\\\/schema.org\",\"@graph\":[{\"@type\":\"WebPage\",\"@id\":\"https:\\\/\\\/citygame.com\\\/it\\\/luoghi\\\/city-game-turchia\\\/city-game-antalya-2\\\/\",\"url\":\"https:\\\/\\\/citygame.com\\\/it\\\/luoghi\\\/city-game-turchia\\\/city-game-antalya-2\\\/\",\"name\":\"City Game Antalya - City Game\",\"isPartOf\":{\"@id\":\"https:\\\/\\\/citygame.com\\\/it\\\/#website\"},\"primaryImageOfPage\":{\"@id\":\"https:\\\/\\\/citygame.com\\\/it\\\/luoghi\\\/city-game-turchia\\\/city-game-antalya-2\\\/#primaryimage\"},\"image\":{\"@id\":\"https:\\\/\\\/citygame.com\\\/it\\\/luoghi\\\/city-game-turchia\\\/city-game-antalya-2\\\/#primaryimage\"},\"thumbnailUrl\":\"https:\\\/\\\/citygame.com\\\/wp-content\\\/blogs.dir\\\/1\\\/files\\\/2026\\\/03\\\/antalya-aerial-view-coastline-taurus-mountains.jpeg\",\"datePublished\":\"2026-04-25T06:06:29+00:00\",\"breadcrumb\":{\"@id\":\"https:\\\/\\\/citygame.com\\\/it\\\/luoghi\\\/city-game-turchia\\\/city-game-antalya-2\\\/#breadcrumb\"},\"inLanguage\":\"it-IT\",\"potentialAction\":[{\"@type\":\"ReadAction\",\"target\":[\"https:\\\/\\\/citygame.com\\\/it\\\/luoghi\\\/city-game-turchia\\\/city-game-antalya-2\\\/\"]}]},{\"@type\":\"ImageObject\",\"inLanguage\":\"it-IT\",\"@id\":\"https:\\\/\\\/citygame.com\\\/it\\\/luoghi\\\/city-game-turchia\\\/city-game-antalya-2\\\/#primaryimage\",\"url\":\"https:\\\/\\\/citygame.com\\\/wp-content\\\/blogs.dir\\\/1\\\/files\\\/2026\\\/03\\\/antalya-aerial-view-coastline-taurus-mountains.jpeg\",\"contentUrl\":\"https:\\\/\\\/citygame.com\\\/wp-content\\\/blogs.dir\\\/1\\\/files\\\/2026\\\/03\\\/antalya-aerial-view-coastline-taurus-mountains.jpeg\",\"width\":1440,\"height\":1920,\"caption\":\"A sweeping view of the city of Antalya, its famous coastline, and the distant mountains on a hazy day.\"},{\"@type\":\"BreadcrumbList\",\"@id\":\"https:\\\/\\\/citygame.com\\\/it\\\/luoghi\\\/city-game-turchia\\\/city-game-antalya-2\\\/#breadcrumb\",\"itemListElement\":[{\"@type\":\"ListItem\",\"position\":1,\"name\":\"Home\",\"item\":\"https:\\\/\\\/citygame.com\\\/it\\\/\"},{\"@type\":\"ListItem\",\"position\":2,\"name\":\"Locations\",\"item\":\"https:\\\/\\\/citygame.com\\\/it\\\/?page_id=1598\"},{\"@type\":\"ListItem\",\"position\":3,\"name\":\"City Game Turkey\",\"item\":\"https:\\\/\\\/citygame.com\\\/it\\\/locations\\\/turkey\\\/\"},{\"@type\":\"ListItem\",\"position\":4,\"name\":\"City Game Antalya\"}]},{\"@type\":\"WebSite\",\"@id\":\"https:\\\/\\\/citygame.com\\\/it\\\/#website\",\"url\":\"https:\\\/\\\/citygame.com\\\/it\\\/\",\"name\":\"City Game\",\"description\":\"\",\"publisher\":{\"@id\":\"https:\\\/\\\/citygame.com\\\/it\\\/#organization\"},\"alternateName\":\"citygame.com\",\"potentialAction\":[{\"@type\":\"SearchAction\",\"target\":{\"@type\":\"EntryPoint\",\"urlTemplate\":\"https:\\\/\\\/citygame.com\\\/it\\\/?s={search_term_string}\"},\"query-input\":{\"@type\":\"PropertyValueSpecification\",\"valueRequired\":true,\"valueName\":\"search_term_string\"}}],\"inLanguage\":\"it-IT\"},{\"@type\":\"Organization\",\"@id\":\"https:\\\/\\\/citygame.com\\\/it\\\/#organization\",\"name\":\"City Game\",\"alternateName\":\"citygame.com\",\"url\":\"https:\\\/\\\/citygame.com\\\/it\\\/\",\"logo\":{\"@type\":\"ImageObject\",\"inLanguage\":\"it-IT\",\"@id\":\"https:\\\/\\\/citygame.com\\\/it\\\/#\\\/schema\\\/logo\\\/image\\\/\",\"url\":\"https:\\\/\\\/citygame.com\\\/wp-content\\\/blogs.dir\\\/1\\\/files\\\/2025\\\/10\\\/CG_LOGO-City-Game.png\",\"contentUrl\":\"https:\\\/\\\/citygame.com\\\/wp-content\\\/blogs.dir\\\/1\\\/files\\\/2025\\\/10\\\/CG_LOGO-City-Game.png\",\"width\":351,\"height\":377,\"caption\":\"City Game\"},\"image\":{\"@id\":\"https:\\\/\\\/citygame.com\\\/it\\\/#\\\/schema\\\/logo\\\/image\\\/\"},\"sameAs\":[\"https:\\\/\\\/www.facebook.com\\\/profile.php?id=100086426226253\",\"https:\\\/\\\/www.instagram.com\\\/citygame_com\",\"https:\\\/\\\/www.tiktok.com\\\/@citygamecom\\\/\",\"https:\\\/\\\/www.linkedin.com\\\/company\\\/citygame-com\"],\"description\":\"Turn any city into a playground with our interactive City Games and self-guided tours. Fun, flexible, and ideal for groups and team building.\"}]}<\/script>\n<!-- \/ Yoast SEO Premium plugin. -->","yoast_head_json":{"title":"City Game Antalya - City Game","robots":{"index":"index","follow":"follow","max-snippet":"max-snippet:-1","max-image-preview":"max-image-preview:large","max-video-preview":"max-video-preview:-1"},"canonical":"https:\/\/citygame.com\/it\/luoghi\/city-game-turchia\/city-game-antalya-2\/","og_locale":"it_IT","og_type":"article","og_title":"City Game Antalya","og_url":"https:\/\/citygame.com\/it\/luoghi\/city-game-turchia\/city-game-antalya-2\/","og_site_name":"City Game","article_publisher":"https:\/\/www.facebook.com\/profile.php?id=100086426226253","og_image":[{"width":1440,"height":1920,"url":"https:\/\/citygame.com\/wp-content\/blogs.dir\/1\/files\/2026\/03\/antalya-aerial-view-coastline-taurus-mountains.jpeg","type":"image\/jpeg"}],"twitter_card":"summary_large_image","schema":{"@context":"https:\/\/schema.org","@graph":[{"@type":"WebPage","@id":"https:\/\/citygame.com\/it\/luoghi\/city-game-turchia\/city-game-antalya-2\/","url":"https:\/\/citygame.com\/it\/luoghi\/city-game-turchia\/city-game-antalya-2\/","name":"City Game Antalya - City Game","isPartOf":{"@id":"https:\/\/citygame.com\/it\/#website"},"primaryImageOfPage":{"@id":"https:\/\/citygame.com\/it\/luoghi\/city-game-turchia\/city-game-antalya-2\/#primaryimage"},"image":{"@id":"https:\/\/citygame.com\/it\/luoghi\/city-game-turchia\/city-game-antalya-2\/#primaryimage"},"thumbnailUrl":"https:\/\/citygame.com\/wp-content\/blogs.dir\/1\/files\/2026\/03\/antalya-aerial-view-coastline-taurus-mountains.jpeg","datePublished":"2026-04-25T06:06:29+00:00","breadcrumb":{"@id":"https:\/\/citygame.com\/it\/luoghi\/city-game-turchia\/city-game-antalya-2\/#breadcrumb"},"inLanguage":"it-IT","potentialAction":[{"@type":"ReadAction","target":["https:\/\/citygame.com\/it\/luoghi\/city-game-turchia\/city-game-antalya-2\/"]}]},{"@type":"ImageObject","inLanguage":"it-IT","@id":"https:\/\/citygame.com\/it\/luoghi\/city-game-turchia\/city-game-antalya-2\/#primaryimage","url":"https:\/\/citygame.com\/wp-content\/blogs.dir\/1\/files\/2026\/03\/antalya-aerial-view-coastline-taurus-mountains.jpeg","contentUrl":"https:\/\/citygame.com\/wp-content\/blogs.dir\/1\/files\/2026\/03\/antalya-aerial-view-coastline-taurus-mountains.jpeg","width":1440,"height":1920,"caption":"A sweeping view of the city of Antalya, its famous coastline, and the distant mountains on a hazy day."},{"@type":"BreadcrumbList","@id":"https:\/\/citygame.com\/it\/luoghi\/city-game-turchia\/city-game-antalya-2\/#breadcrumb","itemListElement":[{"@type":"ListItem","position":1,"name":"Home","item":"https:\/\/citygame.com\/it\/"},{"@type":"ListItem","position":2,"name":"Locations","item":"https:\/\/citygame.com\/it\/?page_id=1598"},{"@type":"ListItem","position":3,"name":"City Game Turkey","item":"https:\/\/citygame.com\/it\/locations\/turkey\/"},{"@type":"ListItem","position":4,"name":"City Game Antalya"}]},{"@type":"WebSite","@id":"https:\/\/citygame.com\/it\/#website","url":"https:\/\/citygame.com\/it\/","name":"City Game","description":"","publisher":{"@id":"https:\/\/citygame.com\/it\/#organization"},"alternateName":"citygame.com","potentialAction":[{"@type":"SearchAction","target":{"@type":"EntryPoint","urlTemplate":"https:\/\/citygame.com\/it\/?s={search_term_string}"},"query-input":{"@type":"PropertyValueSpecification","valueRequired":true,"valueName":"search_term_string"}}],"inLanguage":"it-IT"},{"@type":"Organization","@id":"https:\/\/citygame.com\/it\/#organization","name":"City Game","alternateName":"citygame.com","url":"https:\/\/citygame.com\/it\/","logo":{"@type":"ImageObject","inLanguage":"it-IT","@id":"https:\/\/citygame.com\/it\/#\/schema\/logo\/image\/","url":"https:\/\/citygame.com\/wp-content\/blogs.dir\/1\/files\/2025\/10\/CG_LOGO-City-Game.png","contentUrl":"https:\/\/citygame.com\/wp-content\/blogs.dir\/1\/files\/2025\/10\/CG_LOGO-City-Game.png","width":351,"height":377,"caption":"City Game"},"image":{"@id":"https:\/\/citygame.com\/it\/#\/schema\/logo\/image\/"},"sameAs":["https:\/\/www.facebook.com\/profile.php?id=100086426226253","https:\/\/www.instagram.com\/citygame_com","https:\/\/www.tiktok.com\/@citygamecom\/","https:\/\/www.linkedin.com\/company\/citygame-com"],"description":"Turn any city into a playground with our interactive City Games and self-guided tours. Fun, flexible, and ideal for groups and team building."}]}},"taxonomy_info":{"cities-only-parent-location":[{"value":490,"label":"Turkey"}],"cg_page_type":[{"value":45,"label":"City overview page"}]},"featured_image_src_large":["https:\/\/citygame.com\/wp-content\/blogs.dir\/1\/files\/2026\/03\/antalya-aerial-view-coastline-taurus-mountains-768x1024.jpeg",768,1024,true],"author_info":{"display_name":"Philip","author_link":"https:\/\/citygame.com\/it\/blog\/author\/sophi2\/"},"comment_info":0,"wpml_current_locale":"it_IT","wpml_translations":{"nl_NL":{"locale":"nl_NL","id":228727,"slug":"city-game-antalya-2","post_title":"City Game Antalya","href":"https:\/\/citygame.com\/nl\/locaties\/city-game-turkije\/city-game-antalya-2\/"},"en_US":{"locale":"en_US","id":11146,"slug":"city-game-antalya","post_title":"City Game Antalya","href":"https:\/\/citygame.com\/locations\/turkey\/city-game-antalya\/"},"fr_FR":{"locale":"fr_FR","id":228751,"slug":"city-game-antalya-2","post_title":"City Game Antalya","href":"https:\/\/citygame.com\/fr\/emplacements\/city-game-turquie\/city-game-antalya-2\/"},"de_DE":{"locale":"de_DE","id":228736,"slug":"city-game-antalya-2","post_title":"City Game Antalya","href":"https:\/\/citygame.com\/de\/standorte\/city-game-turkei\/city-game-antalya-2\/"},"it_IT":{"locale":"it_IT","translation":"current"},"es_ES":{"locale":"es_ES","id":228742,"slug":"city-game-antalya-2","post_title":"City Game Antalya","href":"https:\/\/citygame.com\/es\/localizaciones\/city-game-turquia\/city-game-antalya-2\/"}},"_links":{"self":[{"href":"https:\/\/citygame.com\/it\/wp-json\/wp\/v2\/pages\/228758","targetHints":{"allow":["GET"]}}],"collection":[{"href":"https:\/\/citygame.com\/it\/wp-json\/wp\/v2\/pages"}],"about":[{"href":"https:\/\/citygame.com\/it\/wp-json\/wp\/v2\/types\/page"}],"author":[{"embeddable":true,"href":"https:\/\/citygame.com\/it\/wp-json\/wp\/v2\/users\/78"}],"replies":[{"embeddable":true,"href":"https:\/\/citygame.com\/it\/wp-json\/wp\/v2\/comments?post=228758"}],"version-history":[{"count":0,"href":"https:\/\/citygame.com\/it\/wp-json\/wp\/v2\/pages\/228758\/revisions"}],"up":[{"embeddable":true,"href":"https:\/\/citygame.com\/it\/wp-json\/wp\/v2\/pages\/227121"}],"acf:term":[{"embeddable":true,"taxonomy":"cities-only-parent-location","href":"https:\/\/citygame.com\/it\/wp-json\/wp\/v2\/cities-only-parent-location\/490"},{"embeddable":true,"taxonomy":"location","href":"https:\/\/citygame.com\/it\/wp-json\/wp\/v2\/location\/69"}],"wp:featuredmedia":[{"embeddable":true,"href":"https:\/\/citygame.com\/it\/wp-json\/wp\/v2\/media\/16423"}],"wp:attachment":[{"href":"https:\/\/citygame.com\/it\/wp-json\/wp\/v2\/media?parent=228758"}],"wp:term":[{"taxonomy":"cities-only-parent-location","embeddable":true,"href":"https:\/\/citygame.com\/it\/wp-json\/wp\/v2\/cities-only-parent-location?post=228758"},{"taxonomy":"countries-only-parent-locations","embeddable":true,"href":"https:\/\/citygame.com\/it\/wp-json\/wp\/v2\/countries-only-parent-locations?post=228758"},{"taxonomy":"seo_keyword","embeddable":true,"href":"https:\/\/citygame.com\/it\/wp-json\/wp\/v2\/seo_keyword?post=228758"},{"taxonomy":"cg_page_type","embeddable":true,"href":"https:\/\/citygame.com\/it\/wp-json\/wp\/v2\/cg_page_type?post=228758"}],"curies":[{"name":"wp","href":"https:\/\/api.w.org\/{rel}","templated":true}]}}