{"id":228824,"date":"2026-04-25T07:07:18","date_gmt":"2026-04-25T07:07:18","guid":{"rendered":"https:\/\/citygame.com\/locations\/sweden\/city-game-goteborg\/"},"modified":"2026-04-25T07:07:18","modified_gmt":"2026-04-25T07:07:18","slug":"city-game-goteborg","status":"publish","type":"page","link":"https:\/\/citygame.com\/it\/luoghi\/city-game-sweden\/city-game-goteborg\/","title":{"rendered":"City Game G\u00f6teborg"},"content":{"rendered":"","protected":false},"excerpt":{"rendered":"","protected":false},"author":78,"featured_media":16438,"parent":227026,"menu_order":0,"comment_status":"closed","ping_status":"closed","template":"","meta":{"_acf_changed":false,"_yoast_wpseo_focuskw":"City Game Gothenburg","_yoast_wpseo_metadesc":"","_kad_blocks_custom_css":"","_kad_blocks_head_custom_js":"","_kad_blocks_body_custom_js":"","_kad_blocks_footer_custom_js":"","_kad_post_transparent":"","_kad_post_title":"","_kad_post_layout":"","_kad_post_sidebar_id":"","_kad_post_content_style":"","_kad_post_vertical_padding":"","_kad_post_feature":"","_kad_post_feature_position":"","_kad_post_header":false,"_kad_post_footer":false,"_kad_post_classname":"","footnotes":""},"cities-only-parent-location":[477],"countries-only-parent-locations":[],"seo_keyword":[],"cg_page_type":[45],"class_list":["post-228824","page","type-page","status-publish","has-post-thumbnail","hentry","cities-only-parent-location-sweden","cg_page_type-city-overview-page"],"acf":{"city_name":"G\u00f6teborg","select_city":181,"section_1_h2_city_games_in_city":"City Games in G\u00f6teborg","intro_text":"City Games sono disponibili a G\u00f6teborg, offrendo un modo auto-guidato per vivere la citt\u00e0 attraverso un gameplay interattivo. Utilizzando uno smartphone, i giocatori risolvono enigmi e completano sfide mentre si spostano in diverse parti di G\u00f6teborg. I giochi sono progettati per permetterti di esplorare al tuo ritmo, combinando compiti digitali con l'ambiente reale.","section_1_usp_1":"Inizia, metti in pausa e continua quando vuoi","section_1_usp_2":"Gioca in modo indipendente","section_1_usp_3":"1-4 o 2-5 persone per smartphone, a seconda del gioco","section_1_usp_4":"1,5\u20132 ore di gioco","section_1_usp_5":"3\u20134 km di camminata","section_1_usp_6":"\u00c8 richiesta una connessione a Internet","section_1_text_2":"Scegli la tua City Game e inizia a giocare oggi!","section_1_cta":"Controlla tutti i City Games","intro_image":16439,"section_2_h2_all_city_games_in_city":"Tutti i City Games a G\u00f6teborg","section_3_h2_how_city_games_work_in_city":"Come funzionano i City Games a G\u00f6teborg","section_3_text":"Per iniziare \u00e8 facile. Scegli la tua City Game a G\u00f6teborg, prenota la tua avventura e inizia a giocare quando ti \u00e8 comodo. Tutto ci\u00f2 di cui hai bisogno ti sar\u00e0 inviato immediatamente dopo la prenotazione: niente guida, nessun orario di inizio rigido, solo il tuo team e la citt\u00e0.","section_3_usp_1":"1,5\u20132 ore di gioco","section_3_usp_2":"3\u20134 km di camminata attraverso la citt\u00e0","section_3_usp_3":"Inizia, metti in pausa e riprendi quando vuoi","section_3_usp_4":"1-4 o 2-5 persone per smartphone, a seconda del gioco","section_3_usp_5":"Gioca in autonomia con il tuo dispositivo","section_3_usp_6":"Connessione Internet richiesta durante il gioco","section_3_cta":"Scegli la tua citt\u00e0","section_3_step_1":"Fase 1","section_3_step_1_title":"Scegli la tua citt\u00e0 e City Game","section_3_step_1_text":"Seleziona la citt\u00e0 in cui vuoi giocare e prenota online la tua City Game in pochi clic.","section_3_step_2":"Fase 2","section_3_step_2_title":"Ricevi le istruzioni del gioco","section_3_step_2_text":"Dopo la prenotazione riceverai immediatamente un'email con tutte le istruzioni e l'accesso al gioco.","section_3_step_3":"Fase 3","section_3_step_3_title":"Vai al punto di partenza","section_3_step_3_text":"Dirigiti al punto di partenza della citt\u00e0 quando ti \u00e8 comodo. Non ci sono orari di inizio fissi.","section_3_step_4":"Fase 4","section_3_step_4_title":"Avvia la tua City Game","section_3_step_4_text":"Segui gli indizi, risolvi enigmi e scopri la citt\u00e0 mentre completi divertenti sfide lungo il percorso.","how_city_games_work_image":16440,"section_4_h2_who_are_city_games_in_city_for":"Per chi sono i City Games a G\u00f6teborg?","section_4_text":"I City Games a G\u00f6teborg sono pensati per chiunque voglia conoscere la citt\u00e0 in modo interattivo e flessibile. Che tu sia a G\u00f6teborg per la prima volta o conosca gi\u00e0 bene la citt\u00e0, City Games offrono un'attivit\u00e0 divertente che si integra facilmente nella tua giornata.","section_4_text_2":"City Games a G\u00f6teborg sono adatti a:","section_4_usp_1":"Giocatori singoli o piccoli gruppi in cerca di un'avventura flessibile","section_4_usp_2":"Turisti in esplorazione a G\u00f6teborg","section_4_usp_3":"Amici e famiglie in cerca di un'attivit\u00e0 divertente","section_4_usp_4":"Aziende e team che pianificano un evento di teambuilding","section_4_usp_5":"Residenti locali che vogliono riscoprire la propria citt\u00e0","section_4_cta":"Trova un City Game nella tua citt\u00e0","who_are_city_games_for_image":16441,"section_5_h2_exploring_city":"Esplorando G\u00f6teborg","exploring_city_text":"G\u00f6teborg si sviluppa lungo una rete di canali e vaste vie, plasmata dalla sua storia marittima e dalla pianificazione urbana del XVII secolo. Il centro cittadino compatto rende facile muoversi tra monumenti come la maestosa Gustav Adolfs Torg e il vivace quartiere di Haga, noto per le sue strade lastricate e le case in legno. Queste aree distinte rivelano differenti strati del carattere della citt\u00e0, dall'orgoglio civico al fascino locale.\n\nPasseggiare lungo il fiume G\u00f6ta o attraverso i polmoni verdi del Parco Slottsskogen offre un contrappunto pi\u00f9 tranquillo alle strade affollate. L'integrazione di acqua, verde e architettura ben conservata conferisce a ogni passeggiata un senso di continuit\u00e0 e sorpresa, invitando all'esplorazione a un ritmo riflessivo.","exploring_city_image":16442,"section_6_h2_hosted_game":"Le tue City Games preferite, ospitate professionalmente dal nostro team","section_6_text":"Goditi gli stessi City Games della versione autoguidata, ma con supporto completo in loco da parte dei nostri host professionisti. Ci occupiamo del briefing, dei tablet, del coordinamento e del supporto tecnico, cos\u00ec che il tuo gruppo possa concentrarsi interamente sul divertimento e sulla competizione.","section_6_text_2":"What\u2019s included:","section_6_usp_1_title":"Stesso City Game, completamente ospitato","section_6_usp_1_text":"Gioca la stessa esperienza della nostra versione autoguidata, ora guidata dai nostri host.","section_6_usp_2_title":"Classifica in tempo reale e cerimonia dei premi","section_6_usp_2_text":"Per gruppi pi\u00f9 numerosi, i nostri host svelano i punteggi finali e annunciano la squadra vincente con un momento di premio divertente.","section_6_usp_3_title":"Avvio e chiusura guidati","section_6_usp_3_text":"Accogliamo il tuo gruppo, spieghiamo chiaramente il gioco e concludiamo con un entusiasmante wrap-up.","section_6_usp_4_title":"Supporto in tempo reale durante il gioco","section_6_usp_4_text":"Il nostro team assiste con dispositivi, problemi dell'app e coordinamento durante l'intera esperienza.","section_6_usp_5_title":"Tablet inclusi (opzionali)","section_6_usp_5_text":"Disponibili per gruppi che preferiscono utilizzare i nostri dispositivi invece dei propri.","section_6_text_3":"Fidati da team di tutto il mondo, dai piccoli gruppi a grandi eventi aziendali.","section_6_cta":"Pianifica il tuo evento di gruppo","section_7_h2_reviews":"Cosa pensano gli altri dei nostri City Games","section_7_cta_1":"Visualizza tutte le domande frequenti","section_7_cta_2":"Richiedi supporto","section_8_h2_faq":"Hai domande? Abbiamo risposte!","section_8_text":"Esplora citt\u00e0 in modo divertente e interattivo con i nostri City Games. Risolvi enigmi, scopri luoghi nascosti e scopri la citt\u00e0 mentre giochi con amici, familiari o colleghi, quando ti \u00e8 comodo.","section_8_cta_1":"Visualizza tutte le domande frequenti","section_8_cta_2":"Richiedi supporto","section_8_question_1":"Che cosa sono City Games a G\u00f6teborg?","section_8_answer_1":"City Games a G\u00f6teborg sono <strong>esperienze interattive e autoguidate<\/strong> che ti permettono di esplorare la citt\u00e0 mentre giochi!\r\n\r\nUsando il tuo smartphone, risolvi enigmi, completi sfide e segui la storia del City Game scelto mentre cammini per la citt\u00e0.\r\n\r\nCity Games uniscono lavoro di squadra, problem-solving ed esplorazione all'aperto, rendendoli un'attivit\u00e0 divertente per visitatori, residenti e gruppi.","section_8_question_2":"Ho bisogno di una guida per giocare a City Game a G\u00f6teborg?","section_8_answer_2":"<p class=\"kt-adv-heading2034_2420ea-ca wp-block-kadence-advancedheading\" data-kb-block=\"kb-adv-heading2034_2420ea-ca\">No, City Games in G\u00f6teborg sono <strong>completamente autoguidate<\/strong>. Non hai bisogno di una guida, di un host o di personale in loco per giocare. Tutte le istruzioni e il gameplay sono forniti digitalmente, permettendoti di iniziare e giocare in modo indipendente usando il tuo smartphone.<\/p>\r\nQuesto livello di flessibilit\u00e0 rende i City Games facili da inserire nel tuo calendario.\r\n<p class=\"kt-adv-heading2034_cd3db2-33 wp-block-kadence-advancedheading hls-none\" data-kb-block=\"kb-adv-heading2034_cd3db2-33\">Per gruppi pi\u00f9 numerosi o eventi aziendali, \u00e8 disponibile anche una versione completamente ospitata dei nostri City Games, inclusa guida in loco, tablet e supporto in tempo reale.<\/p>\r\nHai in programma un gruppo o un evento aziendale pi\u00f9 grande?","section_8_answer_2_cta":"Esplora l'esperienza del City Game ospitata per gruppi","section_8_question_3":"Quando possiamo iniziare a giocare a City Game a G\u00f6teborg?","section_8_answer_3":"Puoi iniziare a giocare <strong>appena ti \u00e8 possibile<\/strong>! I City Games a G\u00f6teborg non hanno orari di inizio fissi, quindi sei libero di iniziare in un momento che si adatta ai tuoi piani.\r\n\r\nDopo la prenotazione, ricevi istruzioni chiare che spiegano come e quando puoi iniziare la tua City Game!","section_8_question_4":"Quanto tempo richiede un City Game a G\u00f6teborg?","section_8_answer_4":"I City Games a G\u00f6teborg richiedono <strong>circa 1,5-2 ore<\/strong> per completarli! La durata esatta dipende dal tuo ritmo, da quante pause prendi e da quanto velocemente risolvi gli enigmi e le sfide.\r\n\r\nPuoi giocare al tuo ritmo e mettere in pausa il gioco quando vuoi!","section_8_question_5":"Possiamo giocare a City Game a G\u00f6teborg con un grande gruppo?","section_8_answer_5":"<p class=\"kt-adv-heading2034_97743b-76 wp-block-kadence-advancedheading\" data-kb-block=\"kb-adv-heading2034_97743b-76\">S\u00ec, City Games sono adatti sia a <strong>piccoli gruppi sia a grandi team<\/strong>. Grandi gruppi possono facilmente essere divisi in team pi\u00f9 piccoli e giocare al City Game contemporaneamente, usando pi\u00f9 smartphone. Ogni team gioca in modo indipendente, seguendo lo stesso concetto di gioco e la stessa storia.<\/p>\r\nQuesto setup funziona bene per gruppi di amici, famiglie e aziende, e rende City Games una scelta popolare per uscite di gruppo, eventi e attivit\u00e0 di teambuilding.\r\n<p class=\"kt-adv-heading2034_7442e3-e3 wp-block-kadence-advancedheading hls-none\" data-kb-block=\"kb-adv-heading2034_7442e3-e3\">Per gruppi pi\u00f9 numerosi o eventi aziendali, \u00e8 disponibile anche una versione completamente ospitata dei nostri City Games, inclusa guida in loco, tablet e supporto in tempo reale.<\/p>\r\nHai in programma un gruppo o un evento aziendale pi\u00f9 grande?","section_8_answer_5_cta":"Esplora l'esperienza del City Game ospitata per gruppi","section_8_question_6":"I City Games a G\u00f6teborg sono adatti per turisti e residenti?","section_8_answer_6":"S\u00ec, City Games a G\u00f6teborg sono adatti sia a <strong>turisti sia a residenti<\/strong>. I visitatori possono vivere la citt\u00e0 in modo interattivo, mentre i residenti possono godere delle strade familiari come sfondo per un City Game.\r\n\r\nPoich\u00e9 ogni City Game si concentra sul gameplay e sulla narrazione, l'esperienza risulta fresca indipendentemente da quanto conosci gi\u00e0 bene la citt\u00e0.","section_8_question_7":"I City Games a G\u00f6teborg sono disponibili in pi\u00f9 lingue?","section_8_answer_7":"S\u00ec, i City Games a G\u00f6teborg sono <strong>disponibili in pi\u00f9 lingue<\/strong>. Puoi scegliere la lingua preferita prima o durante il gioco, rendendo City Games accessibili per visitatori internazionali e gruppi multilingue.","section_8_question_8":"Di cosa abbiamo bisogno per giocare a City Game a G\u00f6teborg?","section_8_answer_8":"Per giocare a City Game a G\u00f6teborg, hai bisogno di:","section_8_answer_8_usp_1":"Uno smartphone con connessione Internet","section_8_answer_8_usp_2":"Una batteria carica","section_8_answer_8_usp_3":"Scarpe comode per camminare","section_8_answer_8_2":"Tutto il contenuto del gioco e le istruzioni sono forniti digitalmente dopo la prenotazione.","section_9_h2_instagram":"Vedi di pi\u00f9 su Instagram","section_9_text":"Ispirazioni di viaggio, enigmi, gemme nascoste e momenti City Game, direttamente dalla nostra community","section_9_cta":"Seguici su Instagram","section_10_h2_page_ending":"Pronto per un'avventura indimenticabile a G\u00f6teborg?","section_10_text":"Esplora G\u00f6teborg in modo unico e interattivo con i nostri City Games. Gioca oggi e crea ricordi indelebili!","section_10_cta":"Prenota subito il tuo City Game","latitude":57.707082974499,"longitude":11.966826724467,"country":477,"map_enabled":true},"yoast_head":"<!-- This site is optimized with the Yoast SEO Premium plugin v26.2 (Yoast SEO v27.4) - https:\/\/yoast.com\/product\/yoast-seo-premium-wordpress\/ -->\n<title>City Game G\u00f6teborg - City Game<\/title>\n<meta name=\"robots\" content=\"index, follow, max-snippet:-1, max-image-preview:large, max-video-preview:-1\" \/>\n<link rel=\"canonical\" href=\"https:\/\/citygame.com\/it\/luoghi\/city-game-sweden\/city-game-goteborg\/\" \/>\n<meta property=\"og:locale\" content=\"it_IT\" \/>\n<meta property=\"og:type\" content=\"article\" \/>\n<meta property=\"og:title\" content=\"City Game G\u00f6teborg\" \/>\n<meta property=\"og:url\" content=\"https:\/\/citygame.com\/it\/luoghi\/city-game-sweden\/city-game-goteborg\/\" \/>\n<meta property=\"og:site_name\" content=\"City Game\" \/>\n<meta property=\"article:publisher\" content=\"https:\/\/www.facebook.com\/profile.php?id=100086426226253\" \/>\n<meta property=\"og:image\" content=\"https:\/\/citygame.com\/wp-content\/blogs.dir\/1\/files\/2026\/03\/gothenburg-barken-viking-lappstiftet-sunset.jpeg\" \/>\n\t<meta property=\"og:image:width\" content=\"1440\" \/>\n\t<meta property=\"og:image:height\" content=\"1920\" \/>\n\t<meta property=\"og:image:type\" content=\"image\/jpeg\" \/>\n<meta name=\"twitter:card\" content=\"summary_large_image\" \/>\n<script type=\"application\/ld+json\" class=\"yoast-schema-graph\">{\"@context\":\"https:\\\/\\\/schema.org\",\"@graph\":[{\"@type\":\"WebPage\",\"@id\":\"https:\\\/\\\/citygame.com\\\/it\\\/luoghi\\\/city-game-sweden\\\/city-game-goteborg\\\/\",\"url\":\"https:\\\/\\\/citygame.com\\\/it\\\/luoghi\\\/city-game-sweden\\\/city-game-goteborg\\\/\",\"name\":\"City Game G\u00f6teborg - City Game\",\"isPartOf\":{\"@id\":\"https:\\\/\\\/citygame.com\\\/it\\\/#website\"},\"primaryImageOfPage\":{\"@id\":\"https:\\\/\\\/citygame.com\\\/it\\\/luoghi\\\/city-game-sweden\\\/city-game-goteborg\\\/#primaryimage\"},\"image\":{\"@id\":\"https:\\\/\\\/citygame.com\\\/it\\\/luoghi\\\/city-game-sweden\\\/city-game-goteborg\\\/#primaryimage\"},\"thumbnailUrl\":\"https:\\\/\\\/citygame.com\\\/wp-content\\\/blogs.dir\\\/1\\\/files\\\/2026\\\/03\\\/gothenburg-barken-viking-lappstiftet-sunset.jpeg\",\"datePublished\":\"2026-04-25T07:07:18+00:00\",\"breadcrumb\":{\"@id\":\"https:\\\/\\\/citygame.com\\\/it\\\/luoghi\\\/city-game-sweden\\\/city-game-goteborg\\\/#breadcrumb\"},\"inLanguage\":\"it-IT\",\"potentialAction\":[{\"@type\":\"ReadAction\",\"target\":[\"https:\\\/\\\/citygame.com\\\/it\\\/luoghi\\\/city-game-sweden\\\/city-game-goteborg\\\/\"]}]},{\"@type\":\"ImageObject\",\"inLanguage\":\"it-IT\",\"@id\":\"https:\\\/\\\/citygame.com\\\/it\\\/luoghi\\\/city-game-sweden\\\/city-game-goteborg\\\/#primaryimage\",\"url\":\"https:\\\/\\\/citygame.com\\\/wp-content\\\/blogs.dir\\\/1\\\/files\\\/2026\\\/03\\\/gothenburg-barken-viking-lappstiftet-sunset.jpeg\",\"contentUrl\":\"https:\\\/\\\/citygame.com\\\/wp-content\\\/blogs.dir\\\/1\\\/files\\\/2026\\\/03\\\/gothenburg-barken-viking-lappstiftet-sunset.jpeg\",\"width\":1440,\"height\":1920,\"caption\":\"Gothenburg's Lilla Bommen harbor with the Barken Viking ship and L\u00e4ppstiftet building at sunset.\"},{\"@type\":\"BreadcrumbList\",\"@id\":\"https:\\\/\\\/citygame.com\\\/it\\\/luoghi\\\/city-game-sweden\\\/city-game-goteborg\\\/#breadcrumb\",\"itemListElement\":[{\"@type\":\"ListItem\",\"position\":1,\"name\":\"Home\",\"item\":\"https:\\\/\\\/citygame.com\\\/it\\\/\"},{\"@type\":\"ListItem\",\"position\":2,\"name\":\"Locations\",\"item\":\"https:\\\/\\\/citygame.com\\\/it\\\/?page_id=1598\"},{\"@type\":\"ListItem\",\"position\":3,\"name\":\"City Game Sweden\",\"item\":\"https:\\\/\\\/citygame.com\\\/it\\\/locations\\\/sweden\\\/\"},{\"@type\":\"ListItem\",\"position\":4,\"name\":\"City Game G\u00f6teborg\"}]},{\"@type\":\"WebSite\",\"@id\":\"https:\\\/\\\/citygame.com\\\/it\\\/#website\",\"url\":\"https:\\\/\\\/citygame.com\\\/it\\\/\",\"name\":\"City Game\",\"description\":\"\",\"publisher\":{\"@id\":\"https:\\\/\\\/citygame.com\\\/it\\\/#organization\"},\"alternateName\":\"citygame.com\",\"potentialAction\":[{\"@type\":\"SearchAction\",\"target\":{\"@type\":\"EntryPoint\",\"urlTemplate\":\"https:\\\/\\\/citygame.com\\\/it\\\/?s={search_term_string}\"},\"query-input\":{\"@type\":\"PropertyValueSpecification\",\"valueRequired\":true,\"valueName\":\"search_term_string\"}}],\"inLanguage\":\"it-IT\"},{\"@type\":\"Organization\",\"@id\":\"https:\\\/\\\/citygame.com\\\/it\\\/#organization\",\"name\":\"City Game\",\"alternateName\":\"citygame.com\",\"url\":\"https:\\\/\\\/citygame.com\\\/it\\\/\",\"logo\":{\"@type\":\"ImageObject\",\"inLanguage\":\"it-IT\",\"@id\":\"https:\\\/\\\/citygame.com\\\/it\\\/#\\\/schema\\\/logo\\\/image\\\/\",\"url\":\"https:\\\/\\\/citygame.com\\\/wp-content\\\/blogs.dir\\\/1\\\/files\\\/2025\\\/10\\\/CG_LOGO-City-Game.png\",\"contentUrl\":\"https:\\\/\\\/citygame.com\\\/wp-content\\\/blogs.dir\\\/1\\\/files\\\/2025\\\/10\\\/CG_LOGO-City-Game.png\",\"width\":351,\"height\":377,\"caption\":\"City Game\"},\"image\":{\"@id\":\"https:\\\/\\\/citygame.com\\\/it\\\/#\\\/schema\\\/logo\\\/image\\\/\"},\"sameAs\":[\"https:\\\/\\\/www.facebook.com\\\/profile.php?id=100086426226253\",\"https:\\\/\\\/www.instagram.com\\\/citygame_com\",\"https:\\\/\\\/www.tiktok.com\\\/@citygamecom\\\/\",\"https:\\\/\\\/www.linkedin.com\\\/company\\\/citygame-com\"],\"description\":\"Turn any city into a playground with our interactive City Games and self-guided tours. Fun, flexible, and ideal for groups and team building.\"}]}<\/script>\n<!-- \/ Yoast SEO Premium plugin. -->","yoast_head_json":{"title":"City Game G\u00f6teborg - City Game","robots":{"index":"index","follow":"follow","max-snippet":"max-snippet:-1","max-image-preview":"max-image-preview:large","max-video-preview":"max-video-preview:-1"},"canonical":"https:\/\/citygame.com\/it\/luoghi\/city-game-sweden\/city-game-goteborg\/","og_locale":"it_IT","og_type":"article","og_title":"City Game G\u00f6teborg","og_url":"https:\/\/citygame.com\/it\/luoghi\/city-game-sweden\/city-game-goteborg\/","og_site_name":"City Game","article_publisher":"https:\/\/www.facebook.com\/profile.php?id=100086426226253","og_image":[{"width":1440,"height":1920,"url":"https:\/\/citygame.com\/wp-content\/blogs.dir\/1\/files\/2026\/03\/gothenburg-barken-viking-lappstiftet-sunset.jpeg","type":"image\/jpeg"}],"twitter_card":"summary_large_image","schema":{"@context":"https:\/\/schema.org","@graph":[{"@type":"WebPage","@id":"https:\/\/citygame.com\/it\/luoghi\/city-game-sweden\/city-game-goteborg\/","url":"https:\/\/citygame.com\/it\/luoghi\/city-game-sweden\/city-game-goteborg\/","name":"City Game G\u00f6teborg - City Game","isPartOf":{"@id":"https:\/\/citygame.com\/it\/#website"},"primaryImageOfPage":{"@id":"https:\/\/citygame.com\/it\/luoghi\/city-game-sweden\/city-game-goteborg\/#primaryimage"},"image":{"@id":"https:\/\/citygame.com\/it\/luoghi\/city-game-sweden\/city-game-goteborg\/#primaryimage"},"thumbnailUrl":"https:\/\/citygame.com\/wp-content\/blogs.dir\/1\/files\/2026\/03\/gothenburg-barken-viking-lappstiftet-sunset.jpeg","datePublished":"2026-04-25T07:07:18+00:00","breadcrumb":{"@id":"https:\/\/citygame.com\/it\/luoghi\/city-game-sweden\/city-game-goteborg\/#breadcrumb"},"inLanguage":"it-IT","potentialAction":[{"@type":"ReadAction","target":["https:\/\/citygame.com\/it\/luoghi\/city-game-sweden\/city-game-goteborg\/"]}]},{"@type":"ImageObject","inLanguage":"it-IT","@id":"https:\/\/citygame.com\/it\/luoghi\/city-game-sweden\/city-game-goteborg\/#primaryimage","url":"https:\/\/citygame.com\/wp-content\/blogs.dir\/1\/files\/2026\/03\/gothenburg-barken-viking-lappstiftet-sunset.jpeg","contentUrl":"https:\/\/citygame.com\/wp-content\/blogs.dir\/1\/files\/2026\/03\/gothenburg-barken-viking-lappstiftet-sunset.jpeg","width":1440,"height":1920,"caption":"Gothenburg's Lilla Bommen harbor with the Barken Viking ship and L\u00e4ppstiftet building at sunset."},{"@type":"BreadcrumbList","@id":"https:\/\/citygame.com\/it\/luoghi\/city-game-sweden\/city-game-goteborg\/#breadcrumb","itemListElement":[{"@type":"ListItem","position":1,"name":"Home","item":"https:\/\/citygame.com\/it\/"},{"@type":"ListItem","position":2,"name":"Locations","item":"https:\/\/citygame.com\/it\/?page_id=1598"},{"@type":"ListItem","position":3,"name":"City Game Sweden","item":"https:\/\/citygame.com\/it\/locations\/sweden\/"},{"@type":"ListItem","position":4,"name":"City Game G\u00f6teborg"}]},{"@type":"WebSite","@id":"https:\/\/citygame.com\/it\/#website","url":"https:\/\/citygame.com\/it\/","name":"City Game","description":"","publisher":{"@id":"https:\/\/citygame.com\/it\/#organization"},"alternateName":"citygame.com","potentialAction":[{"@type":"SearchAction","target":{"@type":"EntryPoint","urlTemplate":"https:\/\/citygame.com\/it\/?s={search_term_string}"},"query-input":{"@type":"PropertyValueSpecification","valueRequired":true,"valueName":"search_term_string"}}],"inLanguage":"it-IT"},{"@type":"Organization","@id":"https:\/\/citygame.com\/it\/#organization","name":"City Game","alternateName":"citygame.com","url":"https:\/\/citygame.com\/it\/","logo":{"@type":"ImageObject","inLanguage":"it-IT","@id":"https:\/\/citygame.com\/it\/#\/schema\/logo\/image\/","url":"https:\/\/citygame.com\/wp-content\/blogs.dir\/1\/files\/2025\/10\/CG_LOGO-City-Game.png","contentUrl":"https:\/\/citygame.com\/wp-content\/blogs.dir\/1\/files\/2025\/10\/CG_LOGO-City-Game.png","width":351,"height":377,"caption":"City Game"},"image":{"@id":"https:\/\/citygame.com\/it\/#\/schema\/logo\/image\/"},"sameAs":["https:\/\/www.facebook.com\/profile.php?id=100086426226253","https:\/\/www.instagram.com\/citygame_com","https:\/\/www.tiktok.com\/@citygamecom\/","https:\/\/www.linkedin.com\/company\/citygame-com"],"description":"Turn any city into a playground with our interactive City Games and self-guided tours. Fun, flexible, and ideal for groups and team building."}]}},"taxonomy_info":{"cities-only-parent-location":[{"value":477,"label":"Sweden"}],"cg_page_type":[{"value":45,"label":"City overview page"}]},"featured_image_src_large":["https:\/\/citygame.com\/wp-content\/blogs.dir\/1\/files\/2026\/03\/gothenburg-barken-viking-lappstiftet-sunset-768x1024.jpeg",768,1024,true],"author_info":{"display_name":"Philip","author_link":"https:\/\/citygame.com\/it\/blog\/author\/sophi2\/"},"comment_info":0,"wpml_current_locale":"it_IT","wpml_translations":{"nl_NL":{"locale":"nl_NL","id":228816,"slug":"city-game-gothenburg-2","post_title":"City Game Gothenburg","href":"https:\/\/citygame.com\/nl\/locaties\/city-game-zweden\/city-game-gothenburg-2\/"},"en_US":{"locale":"en_US","id":10913,"slug":"city-game-gothenburg","post_title":"City Game Gothenburg","href":"https:\/\/citygame.com\/locations\/sweden\/city-game-gothenburg\/"},"fr_FR":{"locale":"fr_FR","id":228822,"slug":"city-game-gothenburg-2","post_title":"City Game Gothenburg","href":"https:\/\/citygame.com\/fr\/emplacements\/city-game-suede\/city-game-gothenburg-2\/"},"de_DE":{"locale":"de_DE","id":228818,"slug":"city-game-goteborg","post_title":"City Game G\u00f6teborg","href":"https:\/\/citygame.com\/de\/standorte\/city-game-schweden\/city-game-goteborg\/"},"it_IT":{"locale":"it_IT","translation":"current"},"es_ES":{"locale":"es_ES","id":228820,"slug":"city-game-gotemburgo","post_title":"City Game Gotemburgo","href":"https:\/\/citygame.com\/es\/localizaciones\/city-game-sweden\/city-game-gotemburgo\/"}},"_links":{"self":[{"href":"https:\/\/citygame.com\/it\/wp-json\/wp\/v2\/pages\/228824","targetHints":{"allow":["GET"]}}],"collection":[{"href":"https:\/\/citygame.com\/it\/wp-json\/wp\/v2\/pages"}],"about":[{"href":"https:\/\/citygame.com\/it\/wp-json\/wp\/v2\/types\/page"}],"author":[{"embeddable":true,"href":"https:\/\/citygame.com\/it\/wp-json\/wp\/v2\/users\/78"}],"replies":[{"embeddable":true,"href":"https:\/\/citygame.com\/it\/wp-json\/wp\/v2\/comments?post=228824"}],"version-history":[{"count":0,"href":"https:\/\/citygame.com\/it\/wp-json\/wp\/v2\/pages\/228824\/revisions"}],"up":[{"embeddable":true,"href":"https:\/\/citygame.com\/it\/wp-json\/wp\/v2\/pages\/227026"}],"acf:term":[{"embeddable":true,"taxonomy":"cities-only-parent-location","href":"https:\/\/citygame.com\/it\/wp-json\/wp\/v2\/cities-only-parent-location\/477"},{"embeddable":true,"taxonomy":"location","href":"https:\/\/citygame.com\/it\/wp-json\/wp\/v2\/location\/181"}],"wp:featuredmedia":[{"embeddable":true,"href":"https:\/\/citygame.com\/it\/wp-json\/wp\/v2\/media\/16438"}],"wp:attachment":[{"href":"https:\/\/citygame.com\/it\/wp-json\/wp\/v2\/media?parent=228824"}],"wp:term":[{"taxonomy":"cities-only-parent-location","embeddable":true,"href":"https:\/\/citygame.com\/it\/wp-json\/wp\/v2\/cities-only-parent-location?post=228824"},{"taxonomy":"countries-only-parent-locations","embeddable":true,"href":"https:\/\/citygame.com\/it\/wp-json\/wp\/v2\/countries-only-parent-locations?post=228824"},{"taxonomy":"seo_keyword","embeddable":true,"href":"https:\/\/citygame.com\/it\/wp-json\/wp\/v2\/seo_keyword?post=228824"},{"taxonomy":"cg_page_type","embeddable":true,"href":"https:\/\/citygame.com\/it\/wp-json\/wp\/v2\/cg_page_type?post=228824"}],"curies":[{"name":"wp","href":"https:\/\/api.w.org\/{rel}","templated":true}]}}