{"id":229229,"date":"2026-04-27T08:16:52","date_gmt":"2026-04-27T08:16:52","guid":{"rendered":"https:\/\/citygame.com\/locations\/bosnia-and-herzegovina\/city-game-sarajevo-2\/"},"modified":"2026-04-27T08:16:52","modified_gmt":"2026-04-27T08:16:52","slug":"city-game-sarajevo-2","status":"publish","type":"page","link":"https:\/\/citygame.com\/it\/luoghi\/city-game-bosnia-and-herzegovina\/city-game-sarajevo-2\/","title":{"rendered":"City Game Sarajevo"},"content":{"rendered":"","protected":false},"excerpt":{"rendered":"","protected":false},"author":78,"featured_media":16468,"parent":225739,"menu_order":0,"comment_status":"closed","ping_status":"closed","template":"","meta":{"_acf_changed":false,"_yoast_wpseo_focuskw":"City Game Sarajevo","_yoast_wpseo_metadesc":"","_kad_blocks_custom_css":"","_kad_blocks_head_custom_js":"","_kad_blocks_body_custom_js":"","_kad_blocks_footer_custom_js":"","_kad_post_transparent":"","_kad_post_title":"","_kad_post_layout":"","_kad_post_sidebar_id":"","_kad_post_content_style":"","_kad_post_vertical_padding":"","_kad_post_feature":"","_kad_post_feature_position":"","_kad_post_header":false,"_kad_post_footer":false,"_kad_post_classname":"","footnotes":""},"cities-only-parent-location":[505],"countries-only-parent-locations":[],"seo_keyword":[],"cg_page_type":[45],"class_list":["post-229229","page","type-page","status-publish","has-post-thumbnail","hentry","cities-only-parent-location-bosnia-and-herzegovina","cg_page_type-city-overview-page"],"acf":{"city_name":"Sarajevo","select_city":361,"section_1_h2_city_games_in_city":"City Games in Sarajevo","intro_text":"City Games sono disponibili a Sarajevo, offrendo un modo interattivo per esplorare la citt\u00e0 tramite un gameplay autogestito. Utilizzando lo smartphone, risolverai enigmi e affronterai sfide mentre ti muovi per le strade al tuo ritmo. Questa esperienza combina compiti digitali con l'ambiente reale per un modo unico di interagire con Sarajevo.","section_1_usp_1":"Inizia, metti in pausa e riprendi quando vuoi","section_1_usp_2":"Giochi in modo indipendente","section_1_usp_3":"1-4 o 2-5 persone per smartphone, a seconda del tuo gioco","section_1_usp_4":"1,5-2 ore di gioco","section_1_usp_5":"3-4 km a piedi","section_1_usp_6":"\u00c8 richiesta una connessione Internet","section_1_text_2":"Scegli il tuo City Game e inizia a giocare oggi!","section_1_cta":"Visualizza tutti i City Games","intro_image":16469,"section_2_h2_all_city_games_in_city":"Tutti i City Games a Sarajevo","section_3_h2_how_city_games_work_in_city":"Come funzionano City Games a Sarajevo","section_3_text":"Cominciare \u00e8 facile. Scegli il tuo City Game a Sarajevo, prenota la tua avventura e inizia a giocare quando ti \u00e8 comodo. Tutto ci\u00f2 di cui hai bisogno ti sar\u00e0 inviato immediatamente dopo la prenotazione: niente guida, nessun orario di inizio rigido, solo il tuo team e la citt\u00e0.","section_3_usp_1":"1,5\u20132 ore di gioco","section_3_usp_2":"3-4 km a piedi attraverso la citt\u00e0","section_3_usp_3":"Inizia, metti in pausa e continua quando vuoi","section_3_usp_4":"1-4 o 2-5 persone per smartphone, a seconda del tuo gioco","section_3_usp_5":"Giocha in modo indipendente con il tuo dispositivo","section_3_usp_6":"\u00c8 richiesta una connessione Internet durante il gioco","section_3_cta":"Scegli la tua citt\u00e0","section_3_step_1":"Fase 1","section_3_step_1_title":"Scegli la tua citt\u00e0 e il tuo gioco","section_3_step_1_text":"Seleziona la citt\u00e0 in cui vuoi giocare e prenota online il tuo City Game in pochi clic.","section_3_step_2":"Fase 2","section_3_step_2_title":"Ricevi le istruzioni del gioco","section_3_step_2_text":"Dopo la prenotazione riceverai immediatamente un'email con tutte le istruzioni e l'accesso al gioco.","section_3_step_3":"Fase 3","section_3_step_3_title":"Vai al punto di partenza","section_3_step_3_text":"Dirigiti verso il punto di partenza in citt\u00e0 quando ti \u00e8 comodo. Non ci sono orari di inizio fissi.","section_3_step_4":"Fase 4","section_3_step_4_title":"Avvia il tuo City Game","section_3_step_4_text":"Segui gli indizi, risolvi enigmi e scopri la citt\u00e0 mentre completi sfide divertenti lungo il percorso.","how_city_games_work_image":16470,"section_4_h2_who_are_city_games_in_city_for":"Per chi sono pensati City Games a Sarajevo?","section_4_text":"City Games a Sarajevo sono progettati per chiunque voglia vivere la citt\u00e0 in modo interattivo e flessibile. Che tu stia visitando Sarajevo per la prima volta o che conosca gi\u00e0 bene la citt\u00e0, City Games offre un'attivit\u00e0 divertente che si integra facilmente nella tua giornata.","section_4_text_2":"City Games in Sarajevo sono adatti a:","section_4_usp_1":"Giocatori singoli o piccoli gruppi in cerca di un'avventura flessibile","section_4_usp_2":"Turisti che esplorano Sarajevo","section_4_usp_3":"Amici e famiglie in cerca di un'attivit\u00e0 divertente","section_4_usp_4":"Aziende e team che pianificano un evento di teambuilding","section_4_usp_5":"Abitanti locali che vogliono riscoprire la propria citt\u00e0","section_4_cta":"Trova un City Game nella tua citt\u00e0","who_are_city_games_for_image":16471,"section_5_h2_exploring_city":"Esplorando Sarajevo","exploring_city_text":"Esplorare Sarajevo rivela una citt\u00e0 in cui le storie stratificate modellano l'esperienza di ogni strada. La Ba\u0161\u010dar\u0161ija, il suo bazar dell'epoca ottomana, resta il cuore pulsante della citt\u00e0 vecchia, dove i vicoli stretti serpeggiano tra moschee, botteghe artigiane e caff\u00e8 vivaci. Camminare qui significa attraversare secoli, con facciate austro-ungariche alle spalle proprio accanto a strutture in pietra secolari.\n\nIl fiume Miljacka attraversa la citt\u00e0, incorniciato da un patchwork di ponti che lasciano intuire ogni volta un momento diverso del passato di Sarajevo. A breve distanza a piedi dal Latin Bridge \u2014 il luogo legato all'assassinio che scaten\u00f2 la Prima Guerra Mondiale \u2014 le colline si sollevano ripide, rivelando quartieri residenziali e viste mozzafiato sulla linea del profilo rosso dei tetti. Il contrasto tra quartieri storici a bassa quota e quartieri che si arrampicano in valle conferisce alla citt\u00e0 un ritmo che \u00e8 al tempo stesso intimo ed espansivo.","exploring_city_image":16472,"section_6_h2_hosted_game":"Your favourite City Games, professionally hosted by our team","section_6_text":"Goditi gli stessi City Games della versione autoguidata, ma con supporto completo in loco da parte dei nostri host professionisti. Ci occupiamo del briefing, dei tablet, della coordinazione e del supporto tecnico, cos\u00ec che il tuo gruppo possa concentrarsi interamente sul divertimento e sulla competizione.","section_6_text_2":"Cosa \u00e8 incluso:","section_6_usp_1_title":"Stesso City Game, completamente ospitato","section_6_usp_1_text":"Vedi esattamente la stessa esperienza della versione autoguidata, ora guidata dai nostri host.","section_6_usp_2_title":"Classifica in tempo reale e cerimonia di premiazione","section_6_usp_2_text":"Per gruppi pi\u00f9 numerosi, i nostri host rivelano i punteggi finali e annunciano la squadra vincente in un momento di premiazione divertente.","section_6_usp_3_title":"Inizio e fine guidati","section_6_usp_3_text":"Accogliamo il tuo gruppo, spieghiamo chiaramente il gioco e concludiamo con un entusiasmante wrap-up.","section_6_usp_4_title":"Supporto in tempo reale durante il gioco","section_6_usp_4_text":"Il nostro team assiste con i dispositivi, i problemi dell'app e la coordinazione durante l'intera esperienza.","section_6_usp_5_title":"Tablet inclusi (facoltativi)","section_6_usp_5_text":"Disponibili per gruppi che preferiscono utilizzare i nostri dispositivi invece dei propri.","section_6_text_3":"Fidato da team in tutto il mondo, dai piccoli gruppi a grandi eventi aziendali.","section_6_cta":"Pianifica il tuo evento di gruppo","section_7_h2_reviews":"Cosa pensano gli altri dei nostri City Games","section_7_cta_1":"Visualizza tutte le domande frequenti","section_7_cta_2":"Ricevi assistenza","section_8_h2_faq":"Hai domande? Abbiamo risposte!","section_8_text":"Esplora le citt\u00e0 in modo divertente e interattivo con i nostri City Games. Risolvi enigmi, scopri luoghi nascosti e scopri la citt\u00e0 mentre giochi con amici, familiari o colleghi, quando ti \u00e8 comodo.","section_8_cta_1":"Visualizza tutte le domande frequenti","section_8_cta_2":"Ricevi assistenza","section_8_question_1":"Cosa sono City Games a Sarajevo?","section_8_answer_1":"City Games a Sarajevo sono <strong>esperienze interattive auto-guidate<\/strong> che ti permettono di esplorare la citt\u00e0 giocando!\r\n\r\nUtilizzando lo smartphone, risolvi enigmi, completi sfide e segui la storia del City Game scelto mentre percorri la citt\u00e0.\r\n\r\nCity Games combinano lavoro di squadra, risoluzione di problemi e esplorazione all'aperto, rendendole un'attivit\u00e0 divertente per visitatori, residenti e gruppi.","section_8_question_2":"Do I need a guide to play a City Game in Sarajevo?","section_8_answer_2":"<p class=\"kt-adv-heading2034_2420ea-ca wp-block-kadence-advancedheading\" data-kb-block=\"kb-adv-heading2034_2420ea-ca\">No, City Games in Sarajevo are\u00a0<strong>fully self-guided<\/strong>. You don\u2019t need a guide, host or on-site staff to play. All instructions and gameplay are provided digitally, allowing you to start and play independently using your own smartphone.<\/p>\r\nThis flexibility makes City Games easy to fit into your own schedule.\r\n<p class=\"kt-adv-heading2034_cd3db2-33 wp-block-kadence-advancedheading hls-none\" data-kb-block=\"kb-adv-heading2034_cd3db2-33\">For larger groups or corporate events, a fully hosted version of our City Games is also available, including on-site guidance, tablets and live support.<\/p>\r\nPlanning a larger group or corporate event?","section_8_answer_2_cta":"Esplora l'esperienza City Game ospitata per gruppi","section_8_question_3":"When can we start playing a City Game in Sarajevo?","section_8_answer_3":"Puoi iniziare a giocare <strong>quando ti \u00e8 comodo<\/strong>! City Games a Sarajevo non hanno orari di inizio fissi, quindi sei libero di iniziare in un momento che si adatti ai tuoi piani.\r\n\r\nDopo la prenotazione, ricevi istruzioni chiare che spiegano come e quando puoi iniziare il tuo City Game!","section_8_question_4":"How long does a City Game in Sarajevo take?","section_8_answer_4":"Le City Games a Sarajevo richiedono <strong>circa 1,5\u20132 ore<\/strong> per completarle! La durata esatta dipende dal tuo ritmo, da quante pause fai e da quanto velocemente risolvi enigmi e sfide.\r\n\r\nPuoi giocare al tuo ritmo e mettere in pausa il gioco quando vuoi!","section_8_question_5":"Can we play a City Game in Sarajevo with a large group?","section_8_answer_5":"<p class=\"kt-adv-heading2034_97743b-76 wp-block-kadence-advancedheading\" data-kb-block=\"kb-adv-heading2034_97743b-76\">S\u00ec, City Games sono adatti sia a <strong>piccoli gruppi sia a team pi\u00f9 numerosi<\/strong>. Grandi gruppi possono facilmente suddividersi in gruppi pi\u00f9 piccoli e giocare al City Game contemporaneamente, utilizzando pi\u00f9 smartphone. Ogni team gioca in modo indipendente, seguendo lo stesso concept di gioco e la stessa storia.<\/p>\r\nQuesto setup funziona bene per gruppi di amici, famiglie e aziende, e rende City Games una scelta molto popolare per uscite di gruppo, eventi e attivit\u00e0 di teambuilding.\r\n<p class=\"kt-adv-heading2034_7442e3-e3 wp-block-kadence-advancedheading hls-none\" data-kb-block=\"kb-adv-heading2034_7442e3-e3\">Per gruppi pi\u00f9 numerosi o eventi corporate, \u00e8 disponibile anche una versione completamente ospitata dei nostri City Games, inclusa guida in loco, tablet e supporto live.<\/p>\r\nPianificare un gruppo maggiore o un evento aziendale?","section_8_answer_5_cta":"Esplora l'esperienza City Game ospitata per gruppi","section_8_question_6":"Are City Games in Sarajevo suitable for tourists and locals?","section_8_answer_6":"S\u00ec, City Games a Sarajevo sono adatti sia a <strong>turisti sia residenti<\/strong>. I visitatori possono vivere la citt\u00e0 in modo interattivo, mentre i residenti possono godere delle strade familiari come sfondo per un City Game.\r\n\r\nPoich\u00e9 ogni City Game si concentra su gameplay e narrazione, l'esperienza risulta fresca indipendentemente da quanto conosciate gi\u00e0 la citt\u00e0.","section_8_question_7":"Are City Games in Sarajevo available in multiple languages?","section_8_answer_7":"S\u00ec, City Games a Sarajevo sono <strong>disponibili in pi\u00f9 lingue<\/strong>. Puoi scegliere la lingua preferita prima o durante il gioco, rendendo City Games accessibili a visitatori internazionali e gruppi multilingue.","section_8_question_8":"What do we need to play a City Game in Sarajevo?","section_8_answer_8":"Per giocare a City Game a Sarajevo, hai bisogno di:","section_8_answer_8_usp_1":"Uno smartphone con connessione Internet","section_8_answer_8_usp_2":"Una batteria carica","section_8_answer_8_usp_3":"Scarpe comode per camminare","section_8_answer_8_2":"Tutti i contenuti di gioco e le istruzioni sono forniti digitalmente dopo la prenotazione.","section_9_h2_instagram":"Vedi di pi\u00f9 su Instagram","section_9_text":"Ispirazioni di viaggio, enigmi, luoghi nascosti e momenti City Game, direttamente dalla nostra community","section_9_cta":"Seguici su Instagram","section_10_h2_page_ending":"Pronto per un'avventura indimenticabile a Sarajevo?","section_10_text":"Esplora Sarajevo in modo unico e interattivo con i nostri City Games. Gioca oggi e crea ricordi duraturi!","section_10_cta":"Prenota ora il tuo City Game","latitude":43.8545767,"longitude":18.4354774,"country":505,"map_enabled":true},"yoast_head":"<!-- This site is optimized with the Yoast SEO Premium plugin v26.2 (Yoast SEO v27.4) - https:\/\/yoast.com\/product\/yoast-seo-premium-wordpress\/ -->\n<title>City Game Sarajevo - City Game<\/title>\n<meta name=\"robots\" content=\"index, follow, max-snippet:-1, max-image-preview:large, max-video-preview:-1\" \/>\n<link rel=\"canonical\" href=\"https:\/\/citygame.com\/it\/luoghi\/city-game-bosnia-and-herzegovina\/city-game-sarajevo-2\/\" \/>\n<meta property=\"og:locale\" content=\"it_IT\" \/>\n<meta property=\"og:type\" content=\"article\" \/>\n<meta property=\"og:title\" content=\"City Game Sarajevo\" \/>\n<meta property=\"og:url\" content=\"https:\/\/citygame.com\/it\/luoghi\/city-game-bosnia-and-herzegovina\/city-game-sarajevo-2\/\" \/>\n<meta property=\"og:site_name\" content=\"City Game\" \/>\n<meta property=\"article:publisher\" content=\"https:\/\/www.facebook.com\/profile.php?id=100086426226253\" \/>\n<meta property=\"og:image\" content=\"https:\/\/citygame.com\/wp-content\/blogs.dir\/1\/files\/2026\/03\/sarajevo-gazi-husrev-beg-mosque-old-town.jpeg\" \/>\n\t<meta property=\"og:image:width\" content=\"1920\" \/>\n\t<meta property=\"og:image:height\" content=\"1440\" \/>\n\t<meta property=\"og:image:type\" content=\"image\/jpeg\" \/>\n<meta name=\"twitter:card\" content=\"summary_large_image\" \/>\n<script type=\"application\/ld+json\" class=\"yoast-schema-graph\">{\"@context\":\"https:\\\/\\\/schema.org\",\"@graph\":[{\"@type\":\"WebPage\",\"@id\":\"https:\\\/\\\/citygame.com\\\/it\\\/luoghi\\\/city-game-bosnia-and-herzegovina\\\/city-game-sarajevo-2\\\/\",\"url\":\"https:\\\/\\\/citygame.com\\\/it\\\/luoghi\\\/city-game-bosnia-and-herzegovina\\\/city-game-sarajevo-2\\\/\",\"name\":\"City Game Sarajevo - City Game\",\"isPartOf\":{\"@id\":\"https:\\\/\\\/citygame.com\\\/it\\\/#website\"},\"primaryImageOfPage\":{\"@id\":\"https:\\\/\\\/citygame.com\\\/it\\\/luoghi\\\/city-game-bosnia-and-herzegovina\\\/city-game-sarajevo-2\\\/#primaryimage\"},\"image\":{\"@id\":\"https:\\\/\\\/citygame.com\\\/it\\\/luoghi\\\/city-game-bosnia-and-herzegovina\\\/city-game-sarajevo-2\\\/#primaryimage\"},\"thumbnailUrl\":\"https:\\\/\\\/citygame.com\\\/wp-content\\\/blogs.dir\\\/1\\\/files\\\/2026\\\/03\\\/sarajevo-gazi-husrev-beg-mosque-old-town.jpeg\",\"datePublished\":\"2026-04-27T08:16:52+00:00\",\"breadcrumb\":{\"@id\":\"https:\\\/\\\/citygame.com\\\/it\\\/luoghi\\\/city-game-bosnia-and-herzegovina\\\/city-game-sarajevo-2\\\/#breadcrumb\"},\"inLanguage\":\"it-IT\",\"potentialAction\":[{\"@type\":\"ReadAction\",\"target\":[\"https:\\\/\\\/citygame.com\\\/it\\\/luoghi\\\/city-game-bosnia-and-herzegovina\\\/city-game-sarajevo-2\\\/\"]}]},{\"@type\":\"ImageObject\",\"inLanguage\":\"it-IT\",\"@id\":\"https:\\\/\\\/citygame.com\\\/it\\\/luoghi\\\/city-game-bosnia-and-herzegovina\\\/city-game-sarajevo-2\\\/#primaryimage\",\"url\":\"https:\\\/\\\/citygame.com\\\/wp-content\\\/blogs.dir\\\/1\\\/files\\\/2026\\\/03\\\/sarajevo-gazi-husrev-beg-mosque-old-town.jpeg\",\"contentUrl\":\"https:\\\/\\\/citygame.com\\\/wp-content\\\/blogs.dir\\\/1\\\/files\\\/2026\\\/03\\\/sarajevo-gazi-husrev-beg-mosque-old-town.jpeg\",\"width\":1920,\"height\":1440,\"caption\":\"A scenic overlook of the historic Ba\u0161\u010dar\u0161ija district in Sarajevo on a cloudy day.\"},{\"@type\":\"BreadcrumbList\",\"@id\":\"https:\\\/\\\/citygame.com\\\/it\\\/luoghi\\\/city-game-bosnia-and-herzegovina\\\/city-game-sarajevo-2\\\/#breadcrumb\",\"itemListElement\":[{\"@type\":\"ListItem\",\"position\":1,\"name\":\"Home\",\"item\":\"https:\\\/\\\/citygame.com\\\/it\\\/\"},{\"@type\":\"ListItem\",\"position\":2,\"name\":\"Locations\",\"item\":\"https:\\\/\\\/citygame.com\\\/it\\\/?page_id=1598\"},{\"@type\":\"ListItem\",\"position\":3,\"name\":\"City Game Bosnia and Herzegovina\",\"item\":\"https:\\\/\\\/citygame.com\\\/it\\\/locations\\\/bosnia-and-herzegovina\\\/\"},{\"@type\":\"ListItem\",\"position\":4,\"name\":\"City Game Sarajevo\"}]},{\"@type\":\"WebSite\",\"@id\":\"https:\\\/\\\/citygame.com\\\/it\\\/#website\",\"url\":\"https:\\\/\\\/citygame.com\\\/it\\\/\",\"name\":\"City Game\",\"description\":\"\",\"publisher\":{\"@id\":\"https:\\\/\\\/citygame.com\\\/it\\\/#organization\"},\"alternateName\":\"citygame.com\",\"potentialAction\":[{\"@type\":\"SearchAction\",\"target\":{\"@type\":\"EntryPoint\",\"urlTemplate\":\"https:\\\/\\\/citygame.com\\\/it\\\/?s={search_term_string}\"},\"query-input\":{\"@type\":\"PropertyValueSpecification\",\"valueRequired\":true,\"valueName\":\"search_term_string\"}}],\"inLanguage\":\"it-IT\"},{\"@type\":\"Organization\",\"@id\":\"https:\\\/\\\/citygame.com\\\/it\\\/#organization\",\"name\":\"City Game\",\"alternateName\":\"citygame.com\",\"url\":\"https:\\\/\\\/citygame.com\\\/it\\\/\",\"logo\":{\"@type\":\"ImageObject\",\"inLanguage\":\"it-IT\",\"@id\":\"https:\\\/\\\/citygame.com\\\/it\\\/#\\\/schema\\\/logo\\\/image\\\/\",\"url\":\"https:\\\/\\\/citygame.com\\\/wp-content\\\/blogs.dir\\\/1\\\/files\\\/2025\\\/10\\\/CG_LOGO-City-Game.png\",\"contentUrl\":\"https:\\\/\\\/citygame.com\\\/wp-content\\\/blogs.dir\\\/1\\\/files\\\/2025\\\/10\\\/CG_LOGO-City-Game.png\",\"width\":351,\"height\":377,\"caption\":\"City Game\"},\"image\":{\"@id\":\"https:\\\/\\\/citygame.com\\\/it\\\/#\\\/schema\\\/logo\\\/image\\\/\"},\"sameAs\":[\"https:\\\/\\\/www.facebook.com\\\/profile.php?id=100086426226253\",\"https:\\\/\\\/www.instagram.com\\\/citygame_com\",\"https:\\\/\\\/www.tiktok.com\\\/@citygamecom\\\/\",\"https:\\\/\\\/www.linkedin.com\\\/company\\\/citygame-com\"],\"description\":\"Turn any city into a playground with our interactive City Games and self-guided tours. Fun, flexible, and ideal for groups and team building.\"}]}<\/script>\n<!-- \/ Yoast SEO Premium plugin. -->","yoast_head_json":{"title":"City Game Sarajevo - City Game","robots":{"index":"index","follow":"follow","max-snippet":"max-snippet:-1","max-image-preview":"max-image-preview:large","max-video-preview":"max-video-preview:-1"},"canonical":"https:\/\/citygame.com\/it\/luoghi\/city-game-bosnia-and-herzegovina\/city-game-sarajevo-2\/","og_locale":"it_IT","og_type":"article","og_title":"City Game Sarajevo","og_url":"https:\/\/citygame.com\/it\/luoghi\/city-game-bosnia-and-herzegovina\/city-game-sarajevo-2\/","og_site_name":"City Game","article_publisher":"https:\/\/www.facebook.com\/profile.php?id=100086426226253","og_image":[{"width":1920,"height":1440,"url":"https:\/\/citygame.com\/wp-content\/blogs.dir\/1\/files\/2026\/03\/sarajevo-gazi-husrev-beg-mosque-old-town.jpeg","type":"image\/jpeg"}],"twitter_card":"summary_large_image","schema":{"@context":"https:\/\/schema.org","@graph":[{"@type":"WebPage","@id":"https:\/\/citygame.com\/it\/luoghi\/city-game-bosnia-and-herzegovina\/city-game-sarajevo-2\/","url":"https:\/\/citygame.com\/it\/luoghi\/city-game-bosnia-and-herzegovina\/city-game-sarajevo-2\/","name":"City Game Sarajevo - City Game","isPartOf":{"@id":"https:\/\/citygame.com\/it\/#website"},"primaryImageOfPage":{"@id":"https:\/\/citygame.com\/it\/luoghi\/city-game-bosnia-and-herzegovina\/city-game-sarajevo-2\/#primaryimage"},"image":{"@id":"https:\/\/citygame.com\/it\/luoghi\/city-game-bosnia-and-herzegovina\/city-game-sarajevo-2\/#primaryimage"},"thumbnailUrl":"https:\/\/citygame.com\/wp-content\/blogs.dir\/1\/files\/2026\/03\/sarajevo-gazi-husrev-beg-mosque-old-town.jpeg","datePublished":"2026-04-27T08:16:52+00:00","breadcrumb":{"@id":"https:\/\/citygame.com\/it\/luoghi\/city-game-bosnia-and-herzegovina\/city-game-sarajevo-2\/#breadcrumb"},"inLanguage":"it-IT","potentialAction":[{"@type":"ReadAction","target":["https:\/\/citygame.com\/it\/luoghi\/city-game-bosnia-and-herzegovina\/city-game-sarajevo-2\/"]}]},{"@type":"ImageObject","inLanguage":"it-IT","@id":"https:\/\/citygame.com\/it\/luoghi\/city-game-bosnia-and-herzegovina\/city-game-sarajevo-2\/#primaryimage","url":"https:\/\/citygame.com\/wp-content\/blogs.dir\/1\/files\/2026\/03\/sarajevo-gazi-husrev-beg-mosque-old-town.jpeg","contentUrl":"https:\/\/citygame.com\/wp-content\/blogs.dir\/1\/files\/2026\/03\/sarajevo-gazi-husrev-beg-mosque-old-town.jpeg","width":1920,"height":1440,"caption":"A scenic overlook of the historic Ba\u0161\u010dar\u0161ija district in Sarajevo on a cloudy day."},{"@type":"BreadcrumbList","@id":"https:\/\/citygame.com\/it\/luoghi\/city-game-bosnia-and-herzegovina\/city-game-sarajevo-2\/#breadcrumb","itemListElement":[{"@type":"ListItem","position":1,"name":"Home","item":"https:\/\/citygame.com\/it\/"},{"@type":"ListItem","position":2,"name":"Locations","item":"https:\/\/citygame.com\/it\/?page_id=1598"},{"@type":"ListItem","position":3,"name":"City Game Bosnia and Herzegovina","item":"https:\/\/citygame.com\/it\/locations\/bosnia-and-herzegovina\/"},{"@type":"ListItem","position":4,"name":"City Game Sarajevo"}]},{"@type":"WebSite","@id":"https:\/\/citygame.com\/it\/#website","url":"https:\/\/citygame.com\/it\/","name":"City Game","description":"","publisher":{"@id":"https:\/\/citygame.com\/it\/#organization"},"alternateName":"citygame.com","potentialAction":[{"@type":"SearchAction","target":{"@type":"EntryPoint","urlTemplate":"https:\/\/citygame.com\/it\/?s={search_term_string}"},"query-input":{"@type":"PropertyValueSpecification","valueRequired":true,"valueName":"search_term_string"}}],"inLanguage":"it-IT"},{"@type":"Organization","@id":"https:\/\/citygame.com\/it\/#organization","name":"City Game","alternateName":"citygame.com","url":"https:\/\/citygame.com\/it\/","logo":{"@type":"ImageObject","inLanguage":"it-IT","@id":"https:\/\/citygame.com\/it\/#\/schema\/logo\/image\/","url":"https:\/\/citygame.com\/wp-content\/blogs.dir\/1\/files\/2025\/10\/CG_LOGO-City-Game.png","contentUrl":"https:\/\/citygame.com\/wp-content\/blogs.dir\/1\/files\/2025\/10\/CG_LOGO-City-Game.png","width":351,"height":377,"caption":"City Game"},"image":{"@id":"https:\/\/citygame.com\/it\/#\/schema\/logo\/image\/"},"sameAs":["https:\/\/www.facebook.com\/profile.php?id=100086426226253","https:\/\/www.instagram.com\/citygame_com","https:\/\/www.tiktok.com\/@citygamecom\/","https:\/\/www.linkedin.com\/company\/citygame-com"],"description":"Turn any city into a playground with our interactive City Games and self-guided tours. Fun, flexible, and ideal for groups and team building."}]}},"taxonomy_info":{"cities-only-parent-location":[{"value":505,"label":"Bosnia-and-herzegovina"}],"cg_page_type":[{"value":45,"label":"City overview page"}]},"featured_image_src_large":["https:\/\/citygame.com\/wp-content\/blogs.dir\/1\/files\/2026\/03\/sarajevo-gazi-husrev-beg-mosque-old-town-1024x768.jpeg",1024,768,true],"author_info":{"display_name":"Philip","author_link":"https:\/\/citygame.com\/it\/blog\/author\/sophi2\/"},"comment_info":0,"wpml_current_locale":"it_IT","wpml_translations":{"nl_NL":{"locale":"nl_NL","id":229204,"slug":"city-game-sarajevo-2","post_title":"City Game Sarajevo","href":"https:\/\/citygame.com\/nl\/locaties\/city-game-bosnie-en-herzegovina\/city-game-sarajevo-2\/"},"en_US":{"locale":"en_US","id":9282,"slug":"city-game-sarajevo","post_title":"City Game Sarajevo","href":"https:\/\/citygame.com\/locations\/bosnia-and-herzegovina\/city-game-sarajevo\/"},"fr_FR":{"locale":"fr_FR","id":229224,"slug":"city-game-sarajevo-2","post_title":"City Game Sarajevo","href":"https:\/\/citygame.com\/fr\/emplacements\/city-game-bosnia-and-herzegovina\/city-game-sarajevo-2\/"},"de_DE":{"locale":"de_DE","id":229212,"slug":"city-game-sarajevo-2","post_title":"City Game Sarajevo","href":"https:\/\/citygame.com\/de\/standorte\/city-game-bosnien-und-herzegowina\/city-game-sarajevo-2\/"},"it_IT":{"locale":"it_IT","translation":"current"},"es_ES":{"locale":"es_ES","id":229218,"slug":"city-game-sarajevo-2","post_title":"City Game Sarajevo","href":"https:\/\/citygame.com\/es\/localizaciones\/city-game-bosnia-y-herzegovina\/city-game-sarajevo-2\/"}},"_links":{"self":[{"href":"https:\/\/citygame.com\/it\/wp-json\/wp\/v2\/pages\/229229","targetHints":{"allow":["GET"]}}],"collection":[{"href":"https:\/\/citygame.com\/it\/wp-json\/wp\/v2\/pages"}],"about":[{"href":"https:\/\/citygame.com\/it\/wp-json\/wp\/v2\/types\/page"}],"author":[{"embeddable":true,"href":"https:\/\/citygame.com\/it\/wp-json\/wp\/v2\/users\/78"}],"replies":[{"embeddable":true,"href":"https:\/\/citygame.com\/it\/wp-json\/wp\/v2\/comments?post=229229"}],"version-history":[{"count":0,"href":"https:\/\/citygame.com\/it\/wp-json\/wp\/v2\/pages\/229229\/revisions"}],"up":[{"embeddable":true,"href":"https:\/\/citygame.com\/it\/wp-json\/wp\/v2\/pages\/225739"}],"acf:term":[{"embeddable":true,"taxonomy":"cities-only-parent-location","href":"https:\/\/citygame.com\/it\/wp-json\/wp\/v2\/cities-only-parent-location\/505"},{"embeddable":true,"taxonomy":"location","href":"https:\/\/citygame.com\/it\/wp-json\/wp\/v2\/location\/361"}],"wp:featuredmedia":[{"embeddable":true,"href":"https:\/\/citygame.com\/it\/wp-json\/wp\/v2\/media\/16468"}],"wp:attachment":[{"href":"https:\/\/citygame.com\/it\/wp-json\/wp\/v2\/media?parent=229229"}],"wp:term":[{"taxonomy":"cities-only-parent-location","embeddable":true,"href":"https:\/\/citygame.com\/it\/wp-json\/wp\/v2\/cities-only-parent-location?post=229229"},{"taxonomy":"countries-only-parent-locations","embeddable":true,"href":"https:\/\/citygame.com\/it\/wp-json\/wp\/v2\/countries-only-parent-locations?post=229229"},{"taxonomy":"seo_keyword","embeddable":true,"href":"https:\/\/citygame.com\/it\/wp-json\/wp\/v2\/seo_keyword?post=229229"},{"taxonomy":"cg_page_type","embeddable":true,"href":"https:\/\/citygame.com\/it\/wp-json\/wp\/v2\/cg_page_type?post=229229"}],"curies":[{"name":"wp","href":"https:\/\/api.w.org\/{rel}","templated":true}]}}