{"id":229688,"date":"2026-04-27T11:52:16","date_gmt":"2026-04-27T11:52:16","guid":{"rendered":"https:\/\/citygame.com\/locations\/portugal\/city-game-funchal-2\/"},"modified":"2026-04-27T11:52:16","modified_gmt":"2026-04-27T11:52:16","slug":"city-game-funchal-2","status":"publish","type":"page","link":"https:\/\/citygame.com\/it\/luoghi\/city-game-portugal\/city-game-funchal-2\/","title":{"rendered":"City Game Funchal"},"content":{"rendered":"","protected":false},"excerpt":{"rendered":"","protected":false},"author":78,"featured_media":16531,"parent":227491,"menu_order":0,"comment_status":"closed","ping_status":"closed","template":"","meta":{"_acf_changed":false,"_yoast_wpseo_focuskw":"City Game Funchal","_yoast_wpseo_metadesc":"","_kad_blocks_custom_css":"","_kad_blocks_head_custom_js":"","_kad_blocks_body_custom_js":"","_kad_blocks_footer_custom_js":"","_kad_post_transparent":"","_kad_post_title":"","_kad_post_layout":"","_kad_post_sidebar_id":"","_kad_post_content_style":"","_kad_post_vertical_padding":"","_kad_post_feature":"","_kad_post_feature_position":"","_kad_post_header":false,"_kad_post_footer":false,"_kad_post_classname":"","footnotes":""},"cities-only-parent-location":[484],"countries-only-parent-locations":[],"seo_keyword":[],"cg_page_type":[45],"class_list":["post-229688","page","type-page","status-publish","has-post-thumbnail","hentry","cities-only-parent-location-portugal","cg_page_type-city-overview-page"],"acf":{"city_name":"Funchal","select_city":169,"section_1_h2_city_games_in_city":"City Games in Funchal","intro_text":"City Games sono disponibili a Funchal, offrendo un modo unico di vivere la citt\u00e0 attraverso un gameplay interattivo. Usando il tuo smartphone, puoi risolvere enigmi e affrontare sfide mentre esplori le strade e dintorni al tuo ritmo. Questa attivit\u00e0 auto-guidata combina problem solving e scoperta in un formato flessibile adatto all'impostazione della citt\u00e0.","section_1_usp_1":"Avvia, metti in pausa e Riprendi ogni volta che vuoi","section_1_usp_2":"Gioca in modo indipendente","section_1_usp_3":"1-4 o 2-5 persone per smartphone, a seconda del tuo gioco","section_1_usp_4":"1,5\u20132 ore di tempo di gioco","section_1_usp_5":"3\u20134 km di camminata","section_1_usp_6":"\u00c8 richiesta una connessione Internet","section_1_text_2":"Scegli il tuo City Game e inizia a giocare oggi!","section_1_cta":"Controlla tutti i City Games","intro_image":16532,"section_2_h2_all_city_games_in_city":"Tutti i City Games a Funchal","section_3_h2_how_city_games_work_in_city":"Come funzionano City Games a Funchal","section_3_text":"Iniziare \u00e8 facile. Scegli il tuo City Game a Funchal, prenota la tua avventura e inizia a giocare non appena ti \u00e8 comodo. Tutto ci\u00f2 di cui hai bisogno ti sar\u00e0 inviato immediatamente dopo la prenotazione: nessuna guida, nessun orario di inizio fisso, solo il tuo gruppo e la citt\u00e0.","section_3_usp_1":"1,5\u20132 ore di gioco","section_3_usp_2":"3\u20134 km di camminata attraverso la citt\u00e0","section_3_usp_3":"Avvia, metti in pausa e riprendi quando vuoi","section_3_usp_4":"1-4 o 2-5 persone per smartphone, a seconda del tuo gioco","section_3_usp_5":"Gioca in modo indipendente con il tuo dispositivo","section_3_usp_6":"\u00c8 richiesta una connessione Internet durante il gioco","section_3_cta":"Scegli la tua citt\u00e0","section_3_step_1":"Passo 1","section_3_step_1_title":"Scegli la tua citt\u00e0 e il gioco","section_3_step_1_text":"Seleziona la citt\u00e0 in cui vuoi giocare e prenota online il tuo City Game in pochi clic.","section_3_step_2":"Passo 2","section_3_step_2_title":"Ricevi le istruzioni del gioco","section_3_step_2_text":"Dopo la prenotazione riceverai immediatamente un'email con tutte le istruzioni e l'accesso al gioco.","section_3_step_3":"Passo 3","section_3_step_3_title":"Vai al punto di partenza","section_3_step_3_text":"Dirigiti al punto di partenza in citt\u00e0 quando ti \u00e8 comodo. Non ci sono orari di inizio fissi.","section_3_step_4":"Passo 4","section_3_step_4_title":"Avvia il tuo City Game","section_3_step_4_text":"Segui gli indizi, risolvi enigmi e scopri la citt\u00e0 mentre completi divertenti sfide lungo il percorso.","how_city_games_work_image":16533,"section_4_h2_who_are_city_games_in_city_for":"Per chi sono i City Games a Funchal?","section_4_text":"City Games a Funchal sono pensati per chiunque voglia vivere la citt\u00e0 in modo interattivo e flessibile. Che tu stia visitando Funchal per la prima volta o conosca gi\u00e0 bene la citt\u00e0, City Games offrono un'attivit\u00e0 divertente che si inserisce facilmente nella tua giornata.","section_4_text_2":"City Games a Funchal sono adatti a:","section_4_usp_1":"Giocatori singoli o piccoli gruppi in cerca di un'avventura flessibile","section_4_usp_2":"Turisti che esplorano Funchal","section_4_usp_3":"Amici e famiglie in cerca di un'attivit\u00e0 divertente","section_4_usp_4":"Aziende e team che pianificano un evento di team building","section_4_usp_5":"Residenti locali che vogliono riscoprire la propria citt\u00e0","section_4_cta":"Trova un City Game nella tua citt\u00e0","who_are_city_games_for_image":16534,"section_5_h2_exploring_city":"Esplorando Funchal","exploring_city_text":"Funchal si sviluppa lungo pendii ripidi che si inclinano dolcemente verso l'Atlantico, offrendo prospettive in continuo cambiamento man mano che percorri i suoi vicoli stretti e i viali alberati. Le strade acciottolate della Zona Velha storica sono fiancheggiate da case tradizionali di Madeira, con porte dipinte e facciate in pietra che raccontano storie del passato dell'isola. Lungo il lungomare, la larga Avenida do Mar offre spazio per indugiare accanto all'oceano, incorniciata da palme e dalla curva distante del porto.\r\n\r\nL'esplorazione \u00e8 plasmata dalle elevazioni naturali della citt\u00e0 e dalle vedute stratificate, che variano tra creste di montagna e orizzonti marini. Il Mercado dos Lavradores, con i suoi prodotti vivaci e l'ingresso a mosaico, segna il cuore della vita locale e mette in collegamento i viaggiatori con i ritmi dell'isola. Mentre ti muovi tra terrazze collinari e passeggiate costiere, Funchal si rivela nelle texture: giardini botanici, murales del centro storico e il profumo dei fiori tropicali nell'aria.","exploring_city_image":16535,"section_6_h2_hosted_game":"I tuoi City Games preferiti, ospitati professionalmente dal nostro team","section_6_text":"Godi delle stesse City Games della versione auto-guidata, ma con supporto completo in loco da parte dei nostri host professionisti. Ci occupiamo del briefing, dei tablet, della coordinazione e del supporto tecnico, cos\u00ec il tuo gruppo pu\u00f2 concentrarsi interamente sul divertimento e sulla competizione.","section_6_text_2":"Cosa \u00e8 incluso:","section_6_usp_1_title":"Stesso City Game, completamente ospitato","section_6_usp_1_text":"Si gioca la stessa esperienza della nostra versione auto-guidata, ora guidata dai nostri host.","section_6_usp_2_title":"Classifica in tempo reale & cerimonia di premiazione","section_6_usp_2_text":"Per gruppi numerosi, i nostri host rivelano i punteggi finali e annunciano la squadra vincente con un momento di premiazione divertente.","section_6_usp_3_title":"Inizio & fine guidati","section_6_usp_3_text":"Accogliamo il tuo gruppo, spieghiamo chiaramente il gioco e concludiamo con un emozionante riassunto.","section_6_usp_4_title":"Supporto in tempo reale durante il gioco","section_6_usp_4_text":"Il nostro team assiste con dispositivi, problemi dell'app e coordinazione durante l'esperienza.","section_6_usp_5_title":"Tablet inclusi (opzionali)","section_6_usp_5_text":"Disponibili per gruppi che preferiscono utilizzare i nostri dispositivi invece dei propri.","section_6_text_3":"Affidati a team di tutto il mondo, dai piccoli gruppi a grandi eventi aziendali.","section_6_cta":"Pianifica il tuo evento di gruppo","section_7_h2_reviews":"Cosa ne pensano gli altri dei nostri City Games","section_7_cta_1":"Visualizza tutte le Domande Frequenti","section_7_cta_2":"Ricevi supporto","section_8_h2_faq":"Hai domande? Abbiamo le risposte!","section_8_text":"Esplora le citt\u00e0 in modo divertente e interattivo con i nostri City Games. Risolvi enigmi, scopri luoghi nascosti e scopri la citt\u00e0 mentre giochi con amici, familiari o colleghi, quando ti \u00e8 pi\u00f9 comodo.","section_8_cta_1":"Visualizza tutte le Domande Frequenti","section_8_cta_2":"Ricevi supporto","section_8_question_1":"Cosa sono City Games a Funchal?","section_8_answer_1":"City Games a Funchal sono <strong>esperienze interattive e auto-guidate<\/strong> che ti permettono di esplorare la citt\u00e0 mentre giochi!\r\n\r\nUsando il tuo smartphone, risolvi enigmi, affronti sfide e segui la trama del City Game scelto mentre percorri la citt\u00e0.\r\n\r\nCity Games combinano lavoro di squadra, risoluzione dei problemi e esplorazione all'aperto, rendendoli un'attivit\u00e0 divertente per visitatori, residenti e gruppi.","section_8_question_2":"Ho bisogno di una guida per giocare a City Game a Funchal?","section_8_answer_2":"<p class=\"kt-adv-heading2034_2420ea-ca wp-block-kadence-advancedheading\" data-kb-block=\"kb-adv-heading2034_2420ea-ca\">No, City Games a Funchal sono <strong>completamente auto-guidate<\/strong>. Non hai bisogno di una guida, di un host o di personale sul posto per giocare. Tutte le istruzioni e il gameplay sono forniti digitalmente, permettendoti di iniziare e giocare in modo indipendente usando il tuo smartphone.<\/p>\r\nQuesto flessibile rende City Games facili da inserire nel tuo programma.\r\n<p class=\"kt-adv-heading2034_cd3db2-33 wp-block-kadence-advancedheading hls-none\" data-kb-block=\"kb-adv-heading2034_cd3db2-33\">Per gruppi pi\u00f9 grandi o eventi aziendali, \u00e8 anche disponibile una versione completamente ospitata dei nostri City Games, inclusa guida in loco, tablet e supporto in tempo reale.<\/p>\r\nPianificare un gruppo pi\u00f9 grande o un evento aziendale?","section_8_answer_2_cta":"Esplora l'esperienza City Game ospitata per gruppi","section_8_question_3":"Quando possiamo iniziare a giocare a City Game a Funchal?","section_8_answer_3":"Puoi iniziare a giocare <strong>ogni volta che ti \u00e8 utile<\/strong>! City Games a Funchal non hanno orari di inizio fissi, quindi sei libero di iniziare quando meglio si adatta ai tuoi piani.\r\n\r\nDopo la prenotazione, ricevi istruzioni chiare che spiegano come e quando puoi iniziare il tuo City Game!","section_8_question_4":"Quanto tempo richiede un City Game a Funchal?","section_8_answer_4":"I City Games a Funchal richiedono <strong>circa 1,5\u20132 ore<\/strong> per essere completati! La durata esatta dipende dal tuo passo, da quante pause prendi e da quanto velocemente risolvi gli enigmi e le sfide.\r\n\r\nPuoi giocare al tuo ritmo e mettere in pausa il gioco ogni volta che vuoi!","section_8_question_5":"Possiamo giocare a City Game a Funchal con un grande gruppo?","section_8_answer_5":"<p class=\"kt-adv-heading2034_97743b-76 wp-block-kadence-advancedheading\" data-kb-block=\"kb-adv-heading2034_97743b-76\">S\u00ec, City Games sono adatti sia a <strong>gruppi piccoli che a gruppi pi\u00f9 grandi<\/strong>. Gruppi numerosi possono facilmente suddividersi in squadre pi\u00f9 piccole e giocare al City Game contemporaneamente, usando pi\u00f9 smartphone. Ogni squadra gioca in modo indipendente, seguendo lo stesso concept di gioco e la stessa storia.<\/p>\r\nQuesto allestimento funziona bene per gruppi di amici, famiglie e aziende, e rende City Games una scelta popolare per uscite di gruppo, eventi e attivit\u00e0 di teambuilding.\r\n<p class=\"kt-adv-heading2034_7442e3-e3 wp-block-kadence-advancedheading hls-none\" data-kb-block=\"kb-adv-heading2034_7442e3-e3\">Per gruppi pi\u00f9 grandi o eventi aziendali, \u00e8 disponibile anche una versione completamente ospitata dei nostri City Games, inclusa guida in loco, tablet e supporto in tempo reale.<\/p>\r\nHai in programma un gruppo pi\u00f9 grande o un evento aziendale?","section_8_answer_5_cta":"Esplora l'esperienza City Game ospitata per gruppi","section_8_question_6":"I City Games a Funchal sono adatti a turisti e residenti?","section_8_answer_6":"S\u00ec, City Games a Funchal sono adatti sia a <strong>turisti che residenti<\/strong>. I visitatori possono vivere la citt\u00e0 in modo interattivo, mentre i residenti possono godere delle strade familiari come sfondo per un City Game.\r\n\r\nPoich\u00e9 ogni City Game si concentra sul gameplay e sulla narrazione, l'esperienza resta fresca indipendentemente da quanto si conosca gi\u00e0 la citt\u00e0.","section_8_question_7":"I City Games a Funchal sono disponibili in pi\u00f9 lingue?","section_8_answer_7":"S\u00ec, City Games a Funchal sono <strong>disponibili in pi\u00f9 lingue<\/strong>. Puoi scegliere la lingua preferita prima o durante il gioco, rendendo City Games accessibili a visitatori internazionali e gruppi multilingue.","section_8_question_8":"Di cosa abbiamo bisogno per giocare a City Game a Funchal?","section_8_answer_8":"Per giocare a City Game a Funchal, hai bisogno di:","section_8_answer_8_usp_1":"Uno smartphone con connessione a Internet","section_8_answer_8_usp_2":"Una batteria carica","section_8_answer_8_usp_3":"Scarpe comode da passeggio","section_8_answer_8_2":"Tutti i contenuti del gioco e le istruzioni sono forniti digitalmente dopo la prenotazione.","section_9_h2_instagram":"Vedi di pi\u00f9 su Instagram","section_9_text":"Ispirazioni di viaggio, enigmi, luoghi nascosti e momenti City Game, direttamente dalla nostra community","section_9_cta":"Seguici su Instagram","section_10_h2_page_ending":"Pronto per un'avventura indimenticabile a Funchal?","section_10_text":"Esplora Funchal in modo unico e interattivo con i nostri City Games. Gioca oggi e crea ricordi che durano nel tempo!","section_10_cta":"Prenota ora il tuo City Game","latitude":32.6482694,"longitude":-16.9117936,"country":484,"map_enabled":true},"yoast_head":"<!-- This site is optimized with the Yoast SEO Premium plugin v26.2 (Yoast SEO v27.4) - https:\/\/yoast.com\/product\/yoast-seo-premium-wordpress\/ -->\n<title>City Game Funchal - City Game<\/title>\n<meta name=\"robots\" content=\"index, follow, max-snippet:-1, max-image-preview:large, max-video-preview:-1\" \/>\n<link rel=\"canonical\" href=\"https:\/\/citygame.com\/it\/luoghi\/city-game-portugal\/city-game-funchal-2\/\" \/>\n<meta property=\"og:locale\" content=\"it_IT\" \/>\n<meta property=\"og:type\" content=\"article\" \/>\n<meta property=\"og:title\" content=\"City Game Funchal\" \/>\n<meta property=\"og:url\" content=\"https:\/\/citygame.com\/it\/luoghi\/city-game-portugal\/city-game-funchal-2\/\" \/>\n<meta property=\"og:site_name\" content=\"City Game\" \/>\n<meta property=\"article:publisher\" content=\"https:\/\/www.facebook.com\/profile.php?id=100086426226253\" \/>\n<meta property=\"og:image\" content=\"https:\/\/citygame.com\/wp-content\/blogs.dir\/1\/files\/2026\/03\/funchal-hillside-houses-view.jpeg\" \/>\n\t<meta property=\"og:image:width\" content=\"1920\" \/>\n\t<meta property=\"og:image:height\" content=\"1280\" \/>\n\t<meta property=\"og:image:type\" content=\"image\/jpeg\" \/>\n<meta name=\"twitter:card\" content=\"summary_large_image\" \/>\n<script type=\"application\/ld+json\" class=\"yoast-schema-graph\">{\"@context\":\"https:\\\/\\\/schema.org\",\"@graph\":[{\"@type\":\"WebPage\",\"@id\":\"https:\\\/\\\/citygame.com\\\/it\\\/luoghi\\\/city-game-portugal\\\/city-game-funchal-2\\\/\",\"url\":\"https:\\\/\\\/citygame.com\\\/it\\\/luoghi\\\/city-game-portugal\\\/city-game-funchal-2\\\/\",\"name\":\"City Game Funchal - City Game\",\"isPartOf\":{\"@id\":\"https:\\\/\\\/citygame.com\\\/it\\\/#website\"},\"primaryImageOfPage\":{\"@id\":\"https:\\\/\\\/citygame.com\\\/it\\\/luoghi\\\/city-game-portugal\\\/city-game-funchal-2\\\/#primaryimage\"},\"image\":{\"@id\":\"https:\\\/\\\/citygame.com\\\/it\\\/luoghi\\\/city-game-portugal\\\/city-game-funchal-2\\\/#primaryimage\"},\"thumbnailUrl\":\"https:\\\/\\\/citygame.com\\\/wp-content\\\/blogs.dir\\\/1\\\/files\\\/2026\\\/03\\\/funchal-hillside-houses-view.jpeg\",\"datePublished\":\"2026-04-27T11:52:16+00:00\",\"breadcrumb\":{\"@id\":\"https:\\\/\\\/citygame.com\\\/it\\\/luoghi\\\/city-game-portugal\\\/city-game-funchal-2\\\/#breadcrumb\"},\"inLanguage\":\"it-IT\",\"potentialAction\":[{\"@type\":\"ReadAction\",\"target\":[\"https:\\\/\\\/citygame.com\\\/it\\\/luoghi\\\/city-game-portugal\\\/city-game-funchal-2\\\/\"]}]},{\"@type\":\"ImageObject\",\"inLanguage\":\"it-IT\",\"@id\":\"https:\\\/\\\/citygame.com\\\/it\\\/luoghi\\\/city-game-portugal\\\/city-game-funchal-2\\\/#primaryimage\",\"url\":\"https:\\\/\\\/citygame.com\\\/wp-content\\\/blogs.dir\\\/1\\\/files\\\/2026\\\/03\\\/funchal-hillside-houses-view.jpeg\",\"contentUrl\":\"https:\\\/\\\/citygame.com\\\/wp-content\\\/blogs.dir\\\/1\\\/files\\\/2026\\\/03\\\/funchal-hillside-houses-view.jpeg\",\"width\":1920,\"height\":1280,\"caption\":\"The densely populated hillsides of Funchal are covered with traditional houses and lush greenery.\"},{\"@type\":\"BreadcrumbList\",\"@id\":\"https:\\\/\\\/citygame.com\\\/it\\\/luoghi\\\/city-game-portugal\\\/city-game-funchal-2\\\/#breadcrumb\",\"itemListElement\":[{\"@type\":\"ListItem\",\"position\":1,\"name\":\"Home\",\"item\":\"https:\\\/\\\/citygame.com\\\/it\\\/\"},{\"@type\":\"ListItem\",\"position\":2,\"name\":\"Locations\",\"item\":\"https:\\\/\\\/citygame.com\\\/it\\\/?page_id=1598\"},{\"@type\":\"ListItem\",\"position\":3,\"name\":\"City Game Portugal\",\"item\":\"https:\\\/\\\/citygame.com\\\/it\\\/locations\\\/portugal\\\/\"},{\"@type\":\"ListItem\",\"position\":4,\"name\":\"City Game Funchal\"}]},{\"@type\":\"WebSite\",\"@id\":\"https:\\\/\\\/citygame.com\\\/it\\\/#website\",\"url\":\"https:\\\/\\\/citygame.com\\\/it\\\/\",\"name\":\"City Game\",\"description\":\"\",\"publisher\":{\"@id\":\"https:\\\/\\\/citygame.com\\\/it\\\/#organization\"},\"alternateName\":\"citygame.com\",\"potentialAction\":[{\"@type\":\"SearchAction\",\"target\":{\"@type\":\"EntryPoint\",\"urlTemplate\":\"https:\\\/\\\/citygame.com\\\/it\\\/?s={search_term_string}\"},\"query-input\":{\"@type\":\"PropertyValueSpecification\",\"valueRequired\":true,\"valueName\":\"search_term_string\"}}],\"inLanguage\":\"it-IT\"},{\"@type\":\"Organization\",\"@id\":\"https:\\\/\\\/citygame.com\\\/it\\\/#organization\",\"name\":\"City Game\",\"alternateName\":\"citygame.com\",\"url\":\"https:\\\/\\\/citygame.com\\\/it\\\/\",\"logo\":{\"@type\":\"ImageObject\",\"inLanguage\":\"it-IT\",\"@id\":\"https:\\\/\\\/citygame.com\\\/it\\\/#\\\/schema\\\/logo\\\/image\\\/\",\"url\":\"https:\\\/\\\/citygame.com\\\/wp-content\\\/blogs.dir\\\/1\\\/files\\\/2025\\\/10\\\/CG_LOGO-City-Game.png\",\"contentUrl\":\"https:\\\/\\\/citygame.com\\\/wp-content\\\/blogs.dir\\\/1\\\/files\\\/2025\\\/10\\\/CG_LOGO-City-Game.png\",\"width\":351,\"height\":377,\"caption\":\"City Game\"},\"image\":{\"@id\":\"https:\\\/\\\/citygame.com\\\/it\\\/#\\\/schema\\\/logo\\\/image\\\/\"},\"sameAs\":[\"https:\\\/\\\/www.facebook.com\\\/profile.php?id=100086426226253\",\"https:\\\/\\\/www.instagram.com\\\/citygame_com\",\"https:\\\/\\\/www.tiktok.com\\\/@citygamecom\\\/\",\"https:\\\/\\\/www.linkedin.com\\\/company\\\/citygame-com\"],\"description\":\"Turn any city into a playground with our interactive City Games and self-guided tours. Fun, flexible, and ideal for groups and team building.\"}]}<\/script>\n<!-- \/ Yoast SEO Premium plugin. -->","yoast_head_json":{"title":"City Game Funchal - City Game","robots":{"index":"index","follow":"follow","max-snippet":"max-snippet:-1","max-image-preview":"max-image-preview:large","max-video-preview":"max-video-preview:-1"},"canonical":"https:\/\/citygame.com\/it\/luoghi\/city-game-portugal\/city-game-funchal-2\/","og_locale":"it_IT","og_type":"article","og_title":"City Game Funchal","og_url":"https:\/\/citygame.com\/it\/luoghi\/city-game-portugal\/city-game-funchal-2\/","og_site_name":"City Game","article_publisher":"https:\/\/www.facebook.com\/profile.php?id=100086426226253","og_image":[{"width":1920,"height":1280,"url":"https:\/\/citygame.com\/wp-content\/blogs.dir\/1\/files\/2026\/03\/funchal-hillside-houses-view.jpeg","type":"image\/jpeg"}],"twitter_card":"summary_large_image","schema":{"@context":"https:\/\/schema.org","@graph":[{"@type":"WebPage","@id":"https:\/\/citygame.com\/it\/luoghi\/city-game-portugal\/city-game-funchal-2\/","url":"https:\/\/citygame.com\/it\/luoghi\/city-game-portugal\/city-game-funchal-2\/","name":"City Game Funchal - City Game","isPartOf":{"@id":"https:\/\/citygame.com\/it\/#website"},"primaryImageOfPage":{"@id":"https:\/\/citygame.com\/it\/luoghi\/city-game-portugal\/city-game-funchal-2\/#primaryimage"},"image":{"@id":"https:\/\/citygame.com\/it\/luoghi\/city-game-portugal\/city-game-funchal-2\/#primaryimage"},"thumbnailUrl":"https:\/\/citygame.com\/wp-content\/blogs.dir\/1\/files\/2026\/03\/funchal-hillside-houses-view.jpeg","datePublished":"2026-04-27T11:52:16+00:00","breadcrumb":{"@id":"https:\/\/citygame.com\/it\/luoghi\/city-game-portugal\/city-game-funchal-2\/#breadcrumb"},"inLanguage":"it-IT","potentialAction":[{"@type":"ReadAction","target":["https:\/\/citygame.com\/it\/luoghi\/city-game-portugal\/city-game-funchal-2\/"]}]},{"@type":"ImageObject","inLanguage":"it-IT","@id":"https:\/\/citygame.com\/it\/luoghi\/city-game-portugal\/city-game-funchal-2\/#primaryimage","url":"https:\/\/citygame.com\/wp-content\/blogs.dir\/1\/files\/2026\/03\/funchal-hillside-houses-view.jpeg","contentUrl":"https:\/\/citygame.com\/wp-content\/blogs.dir\/1\/files\/2026\/03\/funchal-hillside-houses-view.jpeg","width":1920,"height":1280,"caption":"The densely populated hillsides of Funchal are covered with traditional houses and lush greenery."},{"@type":"BreadcrumbList","@id":"https:\/\/citygame.com\/it\/luoghi\/city-game-portugal\/city-game-funchal-2\/#breadcrumb","itemListElement":[{"@type":"ListItem","position":1,"name":"Home","item":"https:\/\/citygame.com\/it\/"},{"@type":"ListItem","position":2,"name":"Locations","item":"https:\/\/citygame.com\/it\/?page_id=1598"},{"@type":"ListItem","position":3,"name":"City Game Portugal","item":"https:\/\/citygame.com\/it\/locations\/portugal\/"},{"@type":"ListItem","position":4,"name":"City Game Funchal"}]},{"@type":"WebSite","@id":"https:\/\/citygame.com\/it\/#website","url":"https:\/\/citygame.com\/it\/","name":"City Game","description":"","publisher":{"@id":"https:\/\/citygame.com\/it\/#organization"},"alternateName":"citygame.com","potentialAction":[{"@type":"SearchAction","target":{"@type":"EntryPoint","urlTemplate":"https:\/\/citygame.com\/it\/?s={search_term_string}"},"query-input":{"@type":"PropertyValueSpecification","valueRequired":true,"valueName":"search_term_string"}}],"inLanguage":"it-IT"},{"@type":"Organization","@id":"https:\/\/citygame.com\/it\/#organization","name":"City Game","alternateName":"citygame.com","url":"https:\/\/citygame.com\/it\/","logo":{"@type":"ImageObject","inLanguage":"it-IT","@id":"https:\/\/citygame.com\/it\/#\/schema\/logo\/image\/","url":"https:\/\/citygame.com\/wp-content\/blogs.dir\/1\/files\/2025\/10\/CG_LOGO-City-Game.png","contentUrl":"https:\/\/citygame.com\/wp-content\/blogs.dir\/1\/files\/2025\/10\/CG_LOGO-City-Game.png","width":351,"height":377,"caption":"City Game"},"image":{"@id":"https:\/\/citygame.com\/it\/#\/schema\/logo\/image\/"},"sameAs":["https:\/\/www.facebook.com\/profile.php?id=100086426226253","https:\/\/www.instagram.com\/citygame_com","https:\/\/www.tiktok.com\/@citygamecom\/","https:\/\/www.linkedin.com\/company\/citygame-com"],"description":"Turn any city into a playground with our interactive City Games and self-guided tours. Fun, flexible, and ideal for groups and team building."}]}},"taxonomy_info":{"cities-only-parent-location":[{"value":484,"label":"Portugal"}],"cg_page_type":[{"value":45,"label":"City overview page"}]},"featured_image_src_large":["https:\/\/citygame.com\/wp-content\/blogs.dir\/1\/files\/2026\/03\/funchal-hillside-houses-view-1024x683.jpeg",1024,683,true],"author_info":{"display_name":"Philip","author_link":"https:\/\/citygame.com\/it\/blog\/author\/sophi2\/"},"comment_info":0,"wpml_current_locale":"it_IT","wpml_translations":{"nl_NL":{"locale":"nl_NL","id":229655,"slug":"city-game-funchal-2","post_title":"City Game Funchal","href":"https:\/\/citygame.com\/nl\/locaties\/city-game-portugal\/city-game-funchal-2\/"},"en_US":{"locale":"en_US","id":9037,"slug":"city-game-funchal","post_title":"City Game Funchal","href":"https:\/\/citygame.com\/locations\/portugal\/city-game-funchal\/"},"fr_FR":{"locale":"fr_FR","id":229684,"slug":"city-game-funchal-2","post_title":"City Game Funchal","href":"https:\/\/citygame.com\/fr\/emplacements\/city-game-portugal\/city-game-funchal-2\/"},"de_DE":{"locale":"de_DE","id":229662,"slug":"city-game-funchal-2","post_title":"City Game Funchal","href":"https:\/\/citygame.com\/de\/standorte\/city-game-portugal\/city-game-funchal-2\/"},"it_IT":{"locale":"it_IT","translation":"current"},"es_ES":{"locale":"es_ES","id":229665,"slug":"city-game-funchal-2","post_title":"City Game Funchal","href":"https:\/\/citygame.com\/es\/localizaciones\/city-game-portugal\/city-game-funchal-2\/"}},"_links":{"self":[{"href":"https:\/\/citygame.com\/it\/wp-json\/wp\/v2\/pages\/229688","targetHints":{"allow":["GET"]}}],"collection":[{"href":"https:\/\/citygame.com\/it\/wp-json\/wp\/v2\/pages"}],"about":[{"href":"https:\/\/citygame.com\/it\/wp-json\/wp\/v2\/types\/page"}],"author":[{"embeddable":true,"href":"https:\/\/citygame.com\/it\/wp-json\/wp\/v2\/users\/78"}],"replies":[{"embeddable":true,"href":"https:\/\/citygame.com\/it\/wp-json\/wp\/v2\/comments?post=229688"}],"version-history":[{"count":0,"href":"https:\/\/citygame.com\/it\/wp-json\/wp\/v2\/pages\/229688\/revisions"}],"up":[{"embeddable":true,"href":"https:\/\/citygame.com\/it\/wp-json\/wp\/v2\/pages\/227491"}],"acf:term":[{"embeddable":true,"taxonomy":"cities-only-parent-location","href":"https:\/\/citygame.com\/it\/wp-json\/wp\/v2\/cities-only-parent-location\/484"},{"embeddable":true,"taxonomy":"location","href":"https:\/\/citygame.com\/it\/wp-json\/wp\/v2\/location\/169"}],"wp:featuredmedia":[{"embeddable":true,"href":"https:\/\/citygame.com\/it\/wp-json\/wp\/v2\/media\/16531"}],"wp:attachment":[{"href":"https:\/\/citygame.com\/it\/wp-json\/wp\/v2\/media?parent=229688"}],"wp:term":[{"taxonomy":"cities-only-parent-location","embeddable":true,"href":"https:\/\/citygame.com\/it\/wp-json\/wp\/v2\/cities-only-parent-location?post=229688"},{"taxonomy":"countries-only-parent-locations","embeddable":true,"href":"https:\/\/citygame.com\/it\/wp-json\/wp\/v2\/countries-only-parent-locations?post=229688"},{"taxonomy":"seo_keyword","embeddable":true,"href":"https:\/\/citygame.com\/it\/wp-json\/wp\/v2\/seo_keyword?post=229688"},{"taxonomy":"cg_page_type","embeddable":true,"href":"https:\/\/citygame.com\/it\/wp-json\/wp\/v2\/cg_page_type?post=229688"}],"curies":[{"name":"wp","href":"https:\/\/api.w.org\/{rel}","templated":true}]}}