{"id":229882,"date":"2026-04-27T13:16:12","date_gmt":"2026-04-27T13:16:12","guid":{"rendered":"https:\/\/citygame.com\/locations\/portugal\/city-game-ponta-delgada-2\/"},"modified":"2026-04-27T13:16:12","modified_gmt":"2026-04-27T13:16:12","slug":"city-game-ponta-delgada-2","status":"publish","type":"page","link":"https:\/\/citygame.com\/it\/luoghi\/city-game-portugal\/city-game-ponta-delgada-2\/","title":{"rendered":"City Game Ponta Delgada"},"content":{"rendered":"","protected":false},"excerpt":{"rendered":"","protected":false},"author":78,"featured_media":9029,"parent":227491,"menu_order":0,"comment_status":"closed","ping_status":"closed","template":"","meta":{"_acf_changed":false,"_yoast_wpseo_focuskw":"City Game Ponta Delgada","_yoast_wpseo_metadesc":"","_kad_blocks_custom_css":"","_kad_blocks_head_custom_js":"","_kad_blocks_body_custom_js":"","_kad_blocks_footer_custom_js":"","_kad_post_transparent":"","_kad_post_title":"","_kad_post_layout":"","_kad_post_sidebar_id":"","_kad_post_content_style":"","_kad_post_vertical_padding":"","_kad_post_feature":"","_kad_post_feature_position":"","_kad_post_header":false,"_kad_post_footer":false,"_kad_post_classname":"","footnotes":""},"cities-only-parent-location":[],"countries-only-parent-locations":[],"seo_keyword":[],"cg_page_type":[45],"class_list":["post-229882","page","type-page","status-publish","has-post-thumbnail","hentry","cg_page_type-city-overview-page"],"acf":{"city_name":"Ponta Delgada","select_city":326,"section_1_h2_city_games_in_city":"City Games a Ponta Delgada","intro_text":"City Games sono disponibili a Ponta Delgada, offrendo un modo interattivo per esplorare la citt\u00e0 attraverso il gioco. Utilizzando uno smartphone, i giocatori risolvono enigmi e sfide mentre scoprono l'area al proprio ritmo. Questa esperienza autoguidata combina esplorazione urbana con compiti coinvolgenti in un formato flessibile.","section_1_usp_1":"Avvia, metti in pausa e riprendi quando vuoi","section_1_usp_2":"Gioca in autonomia","section_1_usp_3":"1-4 o 2-5 persone per smartphone, a seconda del tuo gioco","section_1_usp_4":"1,5-2 ore di gioco","section_1_usp_5":"3-4 km di camminata","section_1_usp_6":"\u00c8 richiesta una connessione Internet","section_1_text_2":"Scegli il tuo City Game e inizia a giocare oggi!","section_1_cta":"Controlla tutti i City Games","intro_image":9032,"section_2_h2_all_city_games_in_city":"Tutti i City Games a Ponta Delgada","section_3_h2_how_city_games_work_in_city":"Come funzionano i City Games a Ponta Delgada","section_3_text":"Iniziare \u00e8 facile. Scegli il tuo City Game a Ponta Delgada, prenota la tua avventura e inizia a giocare quando ti \u00e8 pi\u00f9 comodo. Tutto ci\u00f2 di cui hai bisogno ti verr\u00e0 inviato immediatamente dopo la prenotazione: niente guida, orari di inizio rigidi, solo il tuo gruppo e la citt\u00e0.","section_3_usp_1":"1,5\u20132 ore di gameplay","section_3_usp_2":"3-4 km di camminata per la citt\u00e0","section_3_usp_3":"Avvia, metti in pausa e riprendi quando vuoi","section_3_usp_4":"1-4 o 2-5 persone per smartphone, a seconda del tuo gioco","section_3_usp_5":"Gioca in autonomia con il tuo dispositivo","section_3_usp_6":"\u00c8 richiesta una connessione Internet durante il gioco","section_3_cta":"Scegli la tua citt\u00e0","section_3_step_1":"Step 1","section_3_step_1_title":"Scegli la tua citt\u00e0 e il tuo gioco","section_3_step_1_text":"Seleziona la citt\u00e0 in cui vuoi giocare e prenota online il tuo City Game in pochi clic.","section_3_step_2":"Step 2","section_3_step_2_title":"Ricevi le istruzioni del gioco","section_3_step_2_text":"Dopo la prenotazione riceverai immediatamente un'email con tutte le istruzioni e l'accesso al gioco.","section_3_step_3":"Step 3","section_3_step_3_title":"Vai al punto di partenza","section_3_step_3_text":"Raggiungi il punto di partenza in citt\u00e0 quando ti \u00e8 comodo. Non ci sono orari di inizio fissi.","section_3_step_4":"Step 4","section_3_step_4_title":"Avvia il tuo City Game","section_3_step_4_text":"Segui gli indizi, risolvi gli enigmi e scopri la citt\u00e0 mentre completi divertenti sfide lungo il percorso.","how_city_games_work_image":9035,"section_4_h2_who_are_city_games_in_city_for":"Per chi sono i City Games a Ponta Delgada?","section_4_text":"I City Games a Ponta Delgada sono progettati per chiunque voglia vivere la citt\u00e0 in modo interattivo e flessibile. Che tu stia visitando Ponta Delgada per la prima volta o gi\u00e0 conosca bene la citt\u00e0, City Games offrono un'attivit\u00e0 divertente che si integra facilmente nella tua giornata.","section_4_text_2":"City Games a Ponta Delgada sono adatti a:","section_4_usp_1":"Giocatori singoli o piccoli gruppi in cerca di un'avventura flessibile","section_4_usp_2":"Turisti che esplorano Ponta Delgada","section_4_usp_3":"Amici e famiglie in cerca di un'attivit\u00e0 divertente","section_4_usp_4":"Aziende e team che pianificano un evento di teambuilding","section_4_usp_5":"Residenti che vogliono riscoprire la propria citt\u00e0","section_4_cta":"Trova un City Game nella tua citt\u00e0","who_are_city_games_for_image":9040,"section_5_h2_exploring_city":"Esplorare Ponta Delgada","exploring_city_text":"Muoversi tra Ponta Delgada rivela una citt\u00e0 che fonde il fascino atlantico con la geografia vulcanica. Le strette vie acciottolate del centro storico si snodano tra edifici imbiancati e rifiniti in pietra basaltica, conferendo all'ambientazione urbana un ritmo e una texture distinti. Pra\u00e7a Gon\u00e7alo Velho Cabral, incorniciata dalle imponenti porte della citt\u00e0 e dalla chiesa ottocentesca di S\u00e3o Sebasti\u00e3o, funge da vivace punto focale dove tradizione e vita quotidiana si incontrano. Lungo la passeggiata sul lungomare si aprono viste sulla marina e sull'immenso Atlantico oltre, con il Monte Sete Cidades che si eleva all'orizzonte\u2014un promemoria del cuore vulcanico di S\u00e3o Miguel. Il layout compatto della citt\u00e0 invita a un ritmo pi\u00f9 lento, modellato dall'impostazione insulare e dalla storia stratificata. Esplorare qui significa muoversi tra brezze oceaniche, pietra vulcanica e la vita quotidiana degli Azoriani.","exploring_city_image":9043,"section_6_h2_hosted_game":"I tuoi City Games preferiti, ospitati professionalmente dal nostro team","section_6_text":"Goditi gli stessi City Games della versione autoguidata, ma con pieno supporto on-site dai nostri host professionisti. Ci occupiamo del briefing, dei tablet, del coordinamento e dell'assistenza tecnica, in modo che il tuo gruppo possa concentrarsi interamente sul divertimento e sulla competizione.","section_6_text_2":"Cosa \u00e8 incluso:","section_6_usp_1_title":"Lo stesso City Game, completamente ospitato","section_6_usp_1_text":"Vivi la stessa esperienza esatta della nostra versione autoguidata, ora guidata dai nostri host.","section_6_usp_2_title":"Classifica in tempo reale e cerimonia dei premi","section_6_usp_2_text":"Per gruppi pi\u00f9 grandi, i nostri host mostrano i punteggi finali e annunciano la squadra vincente in un momento di premio divertente.","section_6_usp_3_title":"Partenza e arrivo guidati","section_6_usp_3_text":"Accogliamo il tuo gruppo, spieghiamo chiaramente il gioco e concludiamo con un finale emozionante.","section_6_usp_4_title":"Supporto in tempo reale durante il gioco","section_6_usp_4_text":"Il nostro team assiste con dispositivi, problemi dell'app e coordinamento durante l'esperienza.","section_6_usp_5_title":"Tablets inclusi (facoltativi)","section_6_usp_5_text":"Disponibili per gruppi che preferiscono utilizzare i nostri dispositivi invece dei propri.","section_6_text_3":"Affidato da team in tutto il mondo, dai piccoli gruppi ai grandi eventi aziendali.","section_6_cta":"Pianifica il tuo evento di gruppo","section_7_h2_reviews":"Cosa pensano gli altri dei nostri City Games","section_7_cta_1":"Visualizza tutte le domande frequenti","section_7_cta_2":"Ricevi supporto","section_8_h2_faq":"Hai domande? Abbiamo risposte!","section_8_text":"Esplora le citt\u00e0 in modo divertente e interattivo con i nostri City Games. Risolvi enigmi, scopri luoghi nascosti e vivi la citt\u00e0 giocando con amici, familiari o colleghi, quando ti \u00e8 pi\u00f9 comodo.","section_8_cta_1":"Visualizza tutte le domande frequenti","section_8_cta_2":"Ricevi supporto","section_8_question_1":"Cosa sono City Games a Ponta Delgada?","section_8_answer_1":"City Games a Ponta Delgada sono <strong>esperienze interattive e autoguidate<\/strong> che ti permettono di esplorare la citt\u00e0 mentre giochi! Utilizzando il tuo smartphone, risolvi enigmi, completi le sfide e segui la trama del City Game scelto mentre attraversi la citt\u00e0. City Games combinano lavoro di squadra, problem solving e esplorazione all'aperto, rendendoli un'attivit\u00e0 divertente per visitatori, residenti e gruppi.","section_8_question_2":"Hai bisogno di una guida per giocare a un City Game a Ponta Delgada?","section_8_answer_2":"<p class=\"kt-adv-heading2034_2420ea-ca wp-block-kadence-advancedheading\" data-kb-block=\"kb-adv-heading2034_2420ea-ca\">No, City Games a Ponta Delgada sono <strong>completamente autoguidati<\/strong>. Non hai bisogno di una guida, di un host o del personale in loco per giocare. Tutte le istruzioni e il gameplay sono forniti digitalmente, permettendoti di iniziare e giocare in modo indipendente usando il tuo smartphone.<\/p>Questo livello di flessibilit\u00e0 rende i City Games facili da inserire nel tuo programma.rn<p class=\"kt-adv-heading2034_cd3db2-33 wp-block-kadence-advancedheading hls-none\" data-kb-block=\"kb-adv-heading2034_cd3db2-33\">Per gruppi pi\u00f9 grandi o eventi aziendali, \u00e8 disponibile anche una versione completamente ospitata dei nostri City Games, inclusa guida in loco, tablet e supporto live.<\/p>rnPianificare un gruppo pi\u00f9 numeroso o un evento aziendale?","section_8_answer_2_cta":"Esplora l'esperienza City Game ospitata per gruppi","section_8_question_3":"Quando possiamo iniziare a giocare a City Game a Ponta Delgada?","section_8_answer_3":"Puoi iniziare a giocare <strong>quando vuoi<\/strong>! City Games a Ponta Delgada non hanno orari di inizio fissi, quindi sei libero di iniziare in un momento che si adatta ai tuoi piani.rnrnDopo la prenotazione, ricevi istruzioni chiare che spiegano come e quando puoi iniziare il tuo City Game!","section_8_question_4":"Quanto tempo richiede un City Game a Ponta Delgada?","section_8_answer_4":"I City Games a Ponta Delgada richiedono <strong>circa 1,5\u20132 ore<\/strong> per essere completati! La durata esatta dipende dal tuo ritmo, da quante pause fai e da quanto velocemente risolvi gli enigmi e le sfide.rnrnPuoi giocare al tuo ritmo e mettere in pausa il gioco ogni volta che vuoi!","section_8_question_5":"Possiamo giocare a City Game a Ponta Delgada con un gruppo numeroso?","section_8_answer_5":"<p class=\"kt-adv-heading2034_97743b-76 wp-block-kadence-advancedheading\" data-kb-block=\"kb-adv-heading2034_97743b-76\">S\u00ec, City Games sono adatti sia a <strong>piccoli gruppi sia a team pi\u00f9 grandi<\/strong>. Grandi gruppi possono facilmente suddividersi in team pi\u00f9 piccoli e giocare al City Game contemporaneamente, utilizzando pi\u00f9 smartphone. Ogni squadra gioca in modo indipendente, seguendo lo stesso concetto di gioco e la stessa storyline.<\/p>Questa disposizione funziona bene per gruppi di amici, famiglie e aziende, e rende i City Games una scelta popolare per uscite di gruppo, eventi e attivit\u00e0 di teambuilding.rn<p class=\"kt-adv-heading2034_7442e3-e3 wp-block-kadence-advancedheading hls-none\" data-kb-block=\"kb-adv-heading2034_7442e3-e3\">Per gruppi pi\u00f9 grandi o eventi aziendali, \u00e8 disponibile anche una versione completamente ospitata dei nostri City Games, inclusa guida in loco, tablet e supporto live.<\/p>rnPianificare un gruppo pi\u00f9 numeroso o un evento aziendale?","section_8_answer_5_cta":"Esplora l'esperienza City Game ospitata per gruppi","section_8_question_6":"I City Games a Ponta Delgada sono adatti sia per turisti sia per i residenti?","section_8_answer_6":"S\u00ec, i City Games a Ponta Delgada sono <strong>adatti sia a turisti sia a residenti<\/strong>. I visitatori possono vivere la citt\u00e0 in modo interattivo, mentre i residenti possono godere delle strade familiari come sfondo per un City Game.","section_8_question_7":"I City Games a Ponta Delgada sono disponibili in pi\u00f9 lingue?","section_8_answer_7":"S\u00ec, i City Games a Ponta Delgada sono <strong>disponibili in pi\u00f9 lingue<\/strong>. Puoi selezionare la lingua preferita prima o durante il gioco, rendendo i City Games accessibili a visitatori internazionali e gruppi multilingue.","section_8_question_8":"Di cosa abbiamo bisogno per giocare a City Game a Ponta Delgada?","section_8_answer_8":"Per giocare a City Game a Ponta Delgada, hai bisogno di:","section_8_answer_8_usp_1":"Uno smartphone con connessione a Internet","section_8_answer_8_usp_2":"Una batteria carica","section_8_answer_8_usp_3":"Scarpe comode per camminare","section_8_answer_8_2":"Tutti i contenuti del gioco e le istruzioni sono forniti digitalmente dopo la prenotazione.","section_9_h2_instagram":"Vedi altro su Instagram","section_9_text":"Ispirazione di viaggio, enigmi, luoghi nascosti e momenti City Game, direttamente dalla nostra community","section_9_cta":"Seguici su Instagram","section_10_h2_page_ending":"Pronto per un'avventura indimenticabile a Ponta Delgada?","section_10_text":"Esplora Ponta Delgada in modo unico e interattivo con i nostri City Games. Gioca oggi e crea ricordi duraturi!","section_10_cta":"Prenota ora il tuo City Game","latitude":37.7393949,"longitude":-25.668374,"country":false,"map_enabled":true},"yoast_head":"<!-- This site is optimized with the Yoast SEO Premium plugin v26.2 (Yoast SEO v27.4) - https:\/\/yoast.com\/product\/yoast-seo-premium-wordpress\/ -->\n<title>City Game Ponta Delgada - City Game<\/title>\n<meta name=\"robots\" content=\"index, follow, max-snippet:-1, max-image-preview:large, max-video-preview:-1\" \/>\n<link rel=\"canonical\" href=\"https:\/\/citygame.com\/it\/luoghi\/city-game-portugal\/city-game-ponta-delgada-2\/\" \/>\n<meta property=\"og:locale\" content=\"it_IT\" \/>\n<meta property=\"og:type\" content=\"article\" \/>\n<meta property=\"og:title\" content=\"City Game Ponta Delgada\" \/>\n<meta property=\"og:url\" content=\"https:\/\/citygame.com\/it\/luoghi\/city-game-portugal\/city-game-ponta-delgada-2\/\" \/>\n<meta property=\"og:site_name\" content=\"City Game\" \/>\n<meta property=\"article:publisher\" content=\"https:\/\/www.facebook.com\/profile.php?id=100086426226253\" \/>\n<meta property=\"og:image\" content=\"https:\/\/citygame.com\/wp-content\/blogs.dir\/1\/files\/2026\/01\/ponta-delgada-portas-da-cidade.jpg\" \/>\n\t<meta property=\"og:image:width\" content=\"1376\" \/>\n\t<meta property=\"og:image:height\" content=\"768\" \/>\n\t<meta property=\"og:image:type\" content=\"image\/jpeg\" \/>\n<meta name=\"twitter:card\" content=\"summary_large_image\" \/>\n<script type=\"application\/ld+json\" class=\"yoast-schema-graph\">{\"@context\":\"https:\\\/\\\/schema.org\",\"@graph\":[{\"@type\":\"WebPage\",\"@id\":\"https:\\\/\\\/citygame.com\\\/it\\\/luoghi\\\/city-game-portugal\\\/city-game-ponta-delgada-2\\\/\",\"url\":\"https:\\\/\\\/citygame.com\\\/it\\\/luoghi\\\/city-game-portugal\\\/city-game-ponta-delgada-2\\\/\",\"name\":\"City Game Ponta Delgada - City Game\",\"isPartOf\":{\"@id\":\"https:\\\/\\\/citygame.com\\\/it\\\/#website\"},\"primaryImageOfPage\":{\"@id\":\"https:\\\/\\\/citygame.com\\\/it\\\/luoghi\\\/city-game-portugal\\\/city-game-ponta-delgada-2\\\/#primaryimage\"},\"image\":{\"@id\":\"https:\\\/\\\/citygame.com\\\/it\\\/luoghi\\\/city-game-portugal\\\/city-game-ponta-delgada-2\\\/#primaryimage\"},\"thumbnailUrl\":\"https:\\\/\\\/citygame.com\\\/wp-content\\\/blogs.dir\\\/1\\\/files\\\/2026\\\/01\\\/ponta-delgada-portas-da-cidade.jpg\",\"datePublished\":\"2026-04-27T13:16:12+00:00\",\"breadcrumb\":{\"@id\":\"https:\\\/\\\/citygame.com\\\/it\\\/luoghi\\\/city-game-portugal\\\/city-game-ponta-delgada-2\\\/#breadcrumb\"},\"inLanguage\":\"it-IT\",\"potentialAction\":[{\"@type\":\"ReadAction\",\"target\":[\"https:\\\/\\\/citygame.com\\\/it\\\/luoghi\\\/city-game-portugal\\\/city-game-ponta-delgada-2\\\/\"]}]},{\"@type\":\"ImageObject\",\"inLanguage\":\"it-IT\",\"@id\":\"https:\\\/\\\/citygame.com\\\/it\\\/luoghi\\\/city-game-portugal\\\/city-game-ponta-delgada-2\\\/#primaryimage\",\"url\":\"https:\\\/\\\/citygame.com\\\/wp-content\\\/blogs.dir\\\/1\\\/files\\\/2026\\\/01\\\/ponta-delgada-portas-da-cidade.jpg\",\"contentUrl\":\"https:\\\/\\\/citygame.com\\\/wp-content\\\/blogs.dir\\\/1\\\/files\\\/2026\\\/01\\\/ponta-delgada-portas-da-cidade.jpg\",\"width\":1376,\"height\":768,\"caption\":\"The 18th-century Portas da Cidade, or City Gates, lead to the harbor in Ponta Delgada.\"},{\"@type\":\"BreadcrumbList\",\"@id\":\"https:\\\/\\\/citygame.com\\\/it\\\/luoghi\\\/city-game-portugal\\\/city-game-ponta-delgada-2\\\/#breadcrumb\",\"itemListElement\":[{\"@type\":\"ListItem\",\"position\":1,\"name\":\"Home\",\"item\":\"https:\\\/\\\/citygame.com\\\/it\\\/\"},{\"@type\":\"ListItem\",\"position\":2,\"name\":\"Locations\",\"item\":\"https:\\\/\\\/citygame.com\\\/it\\\/?page_id=1598\"},{\"@type\":\"ListItem\",\"position\":3,\"name\":\"City Game Portugal\",\"item\":\"https:\\\/\\\/citygame.com\\\/it\\\/locations\\\/portugal\\\/\"},{\"@type\":\"ListItem\",\"position\":4,\"name\":\"City Game Ponta Delgada\"}]},{\"@type\":\"WebSite\",\"@id\":\"https:\\\/\\\/citygame.com\\\/it\\\/#website\",\"url\":\"https:\\\/\\\/citygame.com\\\/it\\\/\",\"name\":\"City Game\",\"description\":\"\",\"publisher\":{\"@id\":\"https:\\\/\\\/citygame.com\\\/it\\\/#organization\"},\"alternateName\":\"citygame.com\",\"potentialAction\":[{\"@type\":\"SearchAction\",\"target\":{\"@type\":\"EntryPoint\",\"urlTemplate\":\"https:\\\/\\\/citygame.com\\\/it\\\/?s={search_term_string}\"},\"query-input\":{\"@type\":\"PropertyValueSpecification\",\"valueRequired\":true,\"valueName\":\"search_term_string\"}}],\"inLanguage\":\"it-IT\"},{\"@type\":\"Organization\",\"@id\":\"https:\\\/\\\/citygame.com\\\/it\\\/#organization\",\"name\":\"City Game\",\"alternateName\":\"citygame.com\",\"url\":\"https:\\\/\\\/citygame.com\\\/it\\\/\",\"logo\":{\"@type\":\"ImageObject\",\"inLanguage\":\"it-IT\",\"@id\":\"https:\\\/\\\/citygame.com\\\/it\\\/#\\\/schema\\\/logo\\\/image\\\/\",\"url\":\"https:\\\/\\\/citygame.com\\\/wp-content\\\/blogs.dir\\\/1\\\/files\\\/2025\\\/10\\\/CG_LOGO-City-Game.png\",\"contentUrl\":\"https:\\\/\\\/citygame.com\\\/wp-content\\\/blogs.dir\\\/1\\\/files\\\/2025\\\/10\\\/CG_LOGO-City-Game.png\",\"width\":351,\"height\":377,\"caption\":\"City Game\"},\"image\":{\"@id\":\"https:\\\/\\\/citygame.com\\\/it\\\/#\\\/schema\\\/logo\\\/image\\\/\"},\"sameAs\":[\"https:\\\/\\\/www.facebook.com\\\/profile.php?id=100086426226253\",\"https:\\\/\\\/www.instagram.com\\\/citygame_com\",\"https:\\\/\\\/www.tiktok.com\\\/@citygamecom\\\/\",\"https:\\\/\\\/www.linkedin.com\\\/company\\\/citygame-com\"],\"description\":\"Turn any city into a playground with our interactive City Games and self-guided tours. Fun, flexible, and ideal for groups and team building.\"}]}<\/script>\n<!-- \/ Yoast SEO Premium plugin. -->","yoast_head_json":{"title":"City Game Ponta Delgada - City Game","robots":{"index":"index","follow":"follow","max-snippet":"max-snippet:-1","max-image-preview":"max-image-preview:large","max-video-preview":"max-video-preview:-1"},"canonical":"https:\/\/citygame.com\/it\/luoghi\/city-game-portugal\/city-game-ponta-delgada-2\/","og_locale":"it_IT","og_type":"article","og_title":"City Game Ponta Delgada","og_url":"https:\/\/citygame.com\/it\/luoghi\/city-game-portugal\/city-game-ponta-delgada-2\/","og_site_name":"City Game","article_publisher":"https:\/\/www.facebook.com\/profile.php?id=100086426226253","og_image":[{"width":1376,"height":768,"url":"https:\/\/citygame.com\/wp-content\/blogs.dir\/1\/files\/2026\/01\/ponta-delgada-portas-da-cidade.jpg","type":"image\/jpeg"}],"twitter_card":"summary_large_image","schema":{"@context":"https:\/\/schema.org","@graph":[{"@type":"WebPage","@id":"https:\/\/citygame.com\/it\/luoghi\/city-game-portugal\/city-game-ponta-delgada-2\/","url":"https:\/\/citygame.com\/it\/luoghi\/city-game-portugal\/city-game-ponta-delgada-2\/","name":"City Game Ponta Delgada - City Game","isPartOf":{"@id":"https:\/\/citygame.com\/it\/#website"},"primaryImageOfPage":{"@id":"https:\/\/citygame.com\/it\/luoghi\/city-game-portugal\/city-game-ponta-delgada-2\/#primaryimage"},"image":{"@id":"https:\/\/citygame.com\/it\/luoghi\/city-game-portugal\/city-game-ponta-delgada-2\/#primaryimage"},"thumbnailUrl":"https:\/\/citygame.com\/wp-content\/blogs.dir\/1\/files\/2026\/01\/ponta-delgada-portas-da-cidade.jpg","datePublished":"2026-04-27T13:16:12+00:00","breadcrumb":{"@id":"https:\/\/citygame.com\/it\/luoghi\/city-game-portugal\/city-game-ponta-delgada-2\/#breadcrumb"},"inLanguage":"it-IT","potentialAction":[{"@type":"ReadAction","target":["https:\/\/citygame.com\/it\/luoghi\/city-game-portugal\/city-game-ponta-delgada-2\/"]}]},{"@type":"ImageObject","inLanguage":"it-IT","@id":"https:\/\/citygame.com\/it\/luoghi\/city-game-portugal\/city-game-ponta-delgada-2\/#primaryimage","url":"https:\/\/citygame.com\/wp-content\/blogs.dir\/1\/files\/2026\/01\/ponta-delgada-portas-da-cidade.jpg","contentUrl":"https:\/\/citygame.com\/wp-content\/blogs.dir\/1\/files\/2026\/01\/ponta-delgada-portas-da-cidade.jpg","width":1376,"height":768,"caption":"The 18th-century Portas da Cidade, or City Gates, lead to the harbor in Ponta Delgada."},{"@type":"BreadcrumbList","@id":"https:\/\/citygame.com\/it\/luoghi\/city-game-portugal\/city-game-ponta-delgada-2\/#breadcrumb","itemListElement":[{"@type":"ListItem","position":1,"name":"Home","item":"https:\/\/citygame.com\/it\/"},{"@type":"ListItem","position":2,"name":"Locations","item":"https:\/\/citygame.com\/it\/?page_id=1598"},{"@type":"ListItem","position":3,"name":"City Game Portugal","item":"https:\/\/citygame.com\/it\/locations\/portugal\/"},{"@type":"ListItem","position":4,"name":"City Game Ponta Delgada"}]},{"@type":"WebSite","@id":"https:\/\/citygame.com\/it\/#website","url":"https:\/\/citygame.com\/it\/","name":"City Game","description":"","publisher":{"@id":"https:\/\/citygame.com\/it\/#organization"},"alternateName":"citygame.com","potentialAction":[{"@type":"SearchAction","target":{"@type":"EntryPoint","urlTemplate":"https:\/\/citygame.com\/it\/?s={search_term_string}"},"query-input":{"@type":"PropertyValueSpecification","valueRequired":true,"valueName":"search_term_string"}}],"inLanguage":"it-IT"},{"@type":"Organization","@id":"https:\/\/citygame.com\/it\/#organization","name":"City Game","alternateName":"citygame.com","url":"https:\/\/citygame.com\/it\/","logo":{"@type":"ImageObject","inLanguage":"it-IT","@id":"https:\/\/citygame.com\/it\/#\/schema\/logo\/image\/","url":"https:\/\/citygame.com\/wp-content\/blogs.dir\/1\/files\/2025\/10\/CG_LOGO-City-Game.png","contentUrl":"https:\/\/citygame.com\/wp-content\/blogs.dir\/1\/files\/2025\/10\/CG_LOGO-City-Game.png","width":351,"height":377,"caption":"City Game"},"image":{"@id":"https:\/\/citygame.com\/it\/#\/schema\/logo\/image\/"},"sameAs":["https:\/\/www.facebook.com\/profile.php?id=100086426226253","https:\/\/www.instagram.com\/citygame_com","https:\/\/www.tiktok.com\/@citygamecom\/","https:\/\/www.linkedin.com\/company\/citygame-com"],"description":"Turn any city into a playground with our interactive City Games and self-guided tours. Fun, flexible, and ideal for groups and team building."}]}},"taxonomy_info":{"cg_page_type":[{"value":45,"label":"City overview page"}]},"featured_image_src_large":["https:\/\/citygame.com\/wp-content\/blogs.dir\/1\/files\/2026\/01\/ponta-delgada-portas-da-cidade-1024x572.jpg",1024,572,true],"author_info":{"display_name":"Philip","author_link":"https:\/\/citygame.com\/it\/blog\/author\/sophi2\/"},"comment_info":0,"wpml_current_locale":"it_IT","wpml_translations":{"nl_NL":{"locale":"nl_NL","id":229629,"slug":"city-game-ponta-delgada-2","post_title":"City Game Ponta Delgada","href":"https:\/\/citygame.com\/nl\/locaties\/city-game-portugal\/city-game-ponta-delgada-2\/"},"en_US":{"locale":"en_US","id":9044,"slug":"city-game-ponta-delgada","post_title":"City Game Ponta Delgada","href":"https:\/\/citygame.com\/locations\/portugal\/city-game-ponta-delgada\/"},"fr_FR":{"locale":"fr_FR","id":229877,"slug":"city-game-ponta-delgada-2","post_title":"City Game Ponta Delgada","href":"https:\/\/citygame.com\/fr\/emplacements\/city-game-portugal\/city-game-ponta-delgada-2\/"},"de_DE":{"locale":"de_DE","id":229860,"slug":"city-game-ponta-delgada-2","post_title":"City Game Ponta Delgada","href":"https:\/\/citygame.com\/de\/standorte\/city-game-portugal\/city-game-ponta-delgada-2\/"},"it_IT":{"locale":"it_IT","translation":"current"},"es_ES":{"locale":"es_ES","id":229868,"slug":"city-game-ponta-delgada-2","post_title":"City Game Ponta Delgada","href":"https:\/\/citygame.com\/es\/localizaciones\/city-game-portugal\/city-game-ponta-delgada-2\/"}},"_links":{"self":[{"href":"https:\/\/citygame.com\/it\/wp-json\/wp\/v2\/pages\/229882","targetHints":{"allow":["GET"]}}],"collection":[{"href":"https:\/\/citygame.com\/it\/wp-json\/wp\/v2\/pages"}],"about":[{"href":"https:\/\/citygame.com\/it\/wp-json\/wp\/v2\/types\/page"}],"author":[{"embeddable":true,"href":"https:\/\/citygame.com\/it\/wp-json\/wp\/v2\/users\/78"}],"replies":[{"embeddable":true,"href":"https:\/\/citygame.com\/it\/wp-json\/wp\/v2\/comments?post=229882"}],"version-history":[{"count":0,"href":"https:\/\/citygame.com\/it\/wp-json\/wp\/v2\/pages\/229882\/revisions"}],"up":[{"embeddable":true,"href":"https:\/\/citygame.com\/it\/wp-json\/wp\/v2\/pages\/227491"}],"acf:term":[{"embeddable":true,"taxonomy":"location","href":"https:\/\/citygame.com\/it\/wp-json\/wp\/v2\/location\/326"}],"wp:featuredmedia":[{"embeddable":true,"href":"https:\/\/citygame.com\/it\/wp-json\/wp\/v2\/media\/9029"}],"wp:attachment":[{"href":"https:\/\/citygame.com\/it\/wp-json\/wp\/v2\/media?parent=229882"}],"wp:term":[{"taxonomy":"cities-only-parent-location","embeddable":true,"href":"https:\/\/citygame.com\/it\/wp-json\/wp\/v2\/cities-only-parent-location?post=229882"},{"taxonomy":"countries-only-parent-locations","embeddable":true,"href":"https:\/\/citygame.com\/it\/wp-json\/wp\/v2\/countries-only-parent-locations?post=229882"},{"taxonomy":"seo_keyword","embeddable":true,"href":"https:\/\/citygame.com\/it\/wp-json\/wp\/v2\/seo_keyword?post=229882"},{"taxonomy":"cg_page_type","embeddable":true,"href":"https:\/\/citygame.com\/it\/wp-json\/wp\/v2\/cg_page_type?post=229882"}],"curies":[{"name":"wp","href":"https:\/\/api.w.org\/{rel}","templated":true}]}}